{"id":21167,"date":"2018-04-12T16:07:56","date_gmt":"2018-04-26T15:28:58","guid":{"rendered":"http:\/\/tourtravelandmore.com\/es\/?post_type=product&#038;p=21167"},"modified":"2024-08-06T16:56:26","modified_gmt":"2024-08-06T14:56:26","slug":"tour-privado-brujas-desde-paris","status":"publish","type":"product","link":"https:\/\/tourtravelandmore.com\/es\/tours\/francia\/paris-es\/tour-privado-brujas-desde-paris\/","title":{"rendered":"Tour privado a Brujas desde Paris"},"content":{"rendered":"<h2><strong>Descripci\u00f3n del Tour privado a Brujas desde Paris<\/strong><\/h2>\n<p><strong>Brujas, la Venecia del Norte, fue declarada por UNESCO como patrimonio de la humanidad en el a\u00f1o 2000<\/strong>. Esta magn\u00edfica ciudad est\u00e1 repleta de canales, alberga un maravilloso centro hist\u00f3rico medieval y una arquitectura espectacular. Brujas es una de las ciudades mejor preservadas de Europa. Visita esta espectacular ciudad en una experiencia privada con este tour a Brujas desde Paris.<\/p>\n<p><span style=\"font-weight: 400;\">Para dar comienzo a su tour su chofer privado le recoger\u00e1 en su hotel o sitio deseado en Par\u00eds. Ir\u00e1n en coche hacia Brujas. El trayecto toma aproximadamente 3 horas. Una vez all\u00ed se encontrar\u00e1n con su gu\u00eda oficial privado para una visita guiada de la ciudad. Antes o despu\u00e9s de su tour a pie tendr\u00e1n tiempo para comer y caminar a solas el centro de la ciudad.<\/span><\/p>\n<p><span style=\"font-weight: 400;\">Nuestros tours son privados y coordinados a medida. P\u00f3ngase en contacto con nosotros. El itinerario, la duraci\u00f3n y el horario de comienzo del tour son absolutamente adaptables a su deseo personal.<\/span><\/p>\n<h2><strong>Puntos de inter\u00e9s en el Tour privado a Brujas desde Par\u00eds<\/strong><\/h2>\n<p>El primer castillo en la actual ciudad de Brujas fue edificado por los primeros contes de Flanders en el siglo 9 contra las invasiones normandas. Desde esa \u00e9poca Brujas fue la central del monopolio de la lana inglesa. Durante el siglo 13 la ciudad mantuvo su independencia ante ataques franceses. En el siglo 15 el estuario de Brujas se sec\u00f3 y fren\u00f3 el crecimiento econ\u00f3mico de la ciudad. A pesar de ello, la ciudad siempre mantuvo su fant\u00e1stica arquitectura y su centro art\u00edstico. La construcci\u00f3n del puerto de Zeebrugge y la creaci\u00f3n de un canal a la ciudad (abierto en 1907) revivi\u00f3 el comercio y estimulo la industria y el turismo en Brujas.<\/p>\n<p>Hoy Brujas es considerado un museo a cielo abierto. Su centro hist\u00f3rico fue declarado por <a href=\"https:\/\/whc.unesco.org\/es\/list\/996\">UNESCO<\/a> como patrimonio de la humanidad, consider\u00e1ndolo \u00a8un ejemplo excepcional de asentamiento humano medieval que ha conservado su tejido urbano hist\u00f3rico tal como ha ido evolucionando a lo largo de los siglos. Sus construcciones g\u00f3ticas primigenias forman parte de la identidad de esta capital comercial y cultural de la antigua Europa, que estableci\u00f3 v\u00ednculos culturales con distintas partes del mundo.\u00a8 Caminar\u00e1n el centro hist\u00f3rico de Brujas<b> junto a un gu\u00eda oficial privado, experto en historia, leyendas y cultura de la ciudad.<\/b><\/p>\n<p><span style=\"font-weight: 400;\">Antes de retornar a Par\u00eds no puede dejar de visitar las magn\u00edficas tiendas de chocolate de Brujas! Tambi\u00e9n podemos coordinar un paseo en crucero por los canales de la ciudad si lo desean.<\/span><\/p>\n<p>Durante su tour a Brujas desde Par\u00eds, su chofer privado estar\u00e1 a su entera disposici\u00f3n durante la total duraci\u00f3n del tour. Su gu\u00eda privado en Brujas estar\u00e1 a su disposici\u00f3n durante 2 o 3 horas, de acuerdo a su deseo personal. En caso de que lo deseen podemos coordinar entradas a cualquier monumento o museo en la ciudad.<\/p>\n","protected":false},"excerpt":{"rendered":"<p>Visita y explora Brujas, uno de los centros hist\u00f3ricos mejor preservados de Europa, en un tour privado desde Paris. Su gu\u00eda oficial privado le estar\u00e1 esperando all\u00ed para ense\u00f1arle la historia y los sitios m\u00e1s emblem\u00e1ticos de la ciudad. Su chofer privado le recoger\u00e1 en su sitio deseado en Par\u00eds.<\/p>\n","protected":false},"featured_media":81494,"comment_status":"open","ping_status":"closed","template":"","meta":{"_acf_changed":false},"product_brand":[],"product_cat":[834,848,849,851],"product_tag":[],"class_list":{"0":"post-21167","1":"product","2":"type-product","3":"status-publish","4":"has-post-thumbnail","6":"product_cat-paris-es","7":"product_cat-paris-top-ventas-es","8":"product_cat-paris-actividades-es","9":"product_cat-paris-excursiones-es","11":"first","12":"instock","13":"shipping-taxable","14":"purchasable","15":"product-type-simple"},"acf":[],"yoast_head":"<!-- This site is optimized with the Yoast SEO Premium plugin v25.3.1 (Yoast SEO v25.3.1) - https:\/\/yoast.com\/wordpress\/plugins\/seo\/ -->\n<title>\u27a1\ufe0f Tour privado a Brujas desde Par\u00eds con chofer y gu\u00eda oficial privado | Tour Travel &amp; More<\/title>\n<meta name=\"description\" content=\"Explore Brujas, uno de los centros hist\u00f3ricos mejor preservados de Europa, en un tour privado desde Paris. Chofer y gu\u00eda oficial privado a disposici\u00f3n \u2705\" \/>\n<meta name=\"robots\" content=\"index, follow, max-snippet:-1, max-image-preview:large, max-video-preview:-1\" \/>\n<link rel=\"canonical\" href=\"https:\/\/tourtravelandmore.com\/es\/tours\/francia\/paris-es\/tour-privado-brujas-desde-paris\/\" \/>\n<meta property=\"og:locale\" content=\"es_ES\" \/>\n<meta property=\"og:type\" content=\"article\" \/>\n<meta property=\"og:title\" content=\"Tour privado a Brujas desde Paris\" \/>\n<meta property=\"og:description\" content=\"Explore Brujas, uno de los centros hist\u00f3ricos mejor preservados de Europa, en un tour privado desde Paris. Chofer y gu\u00eda oficial privado a disposici\u00f3n \u2705\" \/>\n<meta property=\"og:url\" content=\"https:\/\/tourtravelandmore.com\/es\/tours\/francia\/paris-es\/tour-privado-brujas-desde-paris\/\" \/>\n<meta property=\"og:site_name\" content=\"Tour Travel And More\" \/>\n<meta property=\"article:publisher\" content=\"https:\/\/www.facebook.com\/tourtravelandmore\/\" \/>\n<meta property=\"article:modified_time\" content=\"2024-08-06T14:56:26+00:00\" \/>\n<meta property=\"og:image\" content=\"https:\/\/tourtravelandmore.com\/wp-content\/uploads\/2018\/04\/bruges2-min.jpg\" \/>\n\t<meta property=\"og:image:width\" content=\"978\" \/>\n\t<meta property=\"og:image:height\" content=\"1024\" \/>\n\t<meta property=\"og:image:type\" content=\"image\/jpeg\" \/>\n<meta name=\"twitter:card\" content=\"summary_large_image\" \/>\n<meta name=\"twitter:site\" content=\"@TourTravel_More\" \/>\n<meta name=\"twitter:label1\" content=\"Tiempo de lectura\" \/>\n\t<meta name=\"twitter:data1\" content=\"3 minutos\" \/>\n<script type=\"application\/ld+json\" class=\"yoast-schema-graph\">{\"@context\":\"https:\/\/schema.org\",\"@graph\":[{\"@type\":\"WebPage\",\"@id\":\"https:\/\/tourtravelandmore.com\/es\/tours\/francia\/paris-es\/tour-privado-brujas-desde-paris\/\",\"url\":\"https:\/\/tourtravelandmore.com\/es\/tours\/francia\/paris-es\/tour-privado-brujas-desde-paris\/\",\"name\":\"\u27a1\ufe0f Tour privado a Brujas desde Par\u00eds con chofer y gu\u00eda oficial privado | Tour Travel & More\",\"isPartOf\":{\"@id\":\"https:\/\/tourtravelandmore.com\/es\/#website\"},\"primaryImageOfPage\":{\"@id\":\"https:\/\/tourtravelandmore.com\/es\/tours\/francia\/paris-es\/tour-privado-brujas-desde-paris\/#primaryimage\"},\"image\":{\"@id\":\"https:\/\/tourtravelandmore.com\/es\/tours\/francia\/paris-es\/tour-privado-brujas-desde-paris\/#primaryimage\"},\"thumbnailUrl\":\"https:\/\/tourtravelandmore.com\/wp-content\/uploads\/2018\/04\/bruges2-min.jpg\",\"datePublished\":\"2018-04-26T15:28:58+00:00\",\"dateModified\":\"2024-08-06T14:56:26+00:00\",\"description\":\"Explore Brujas, uno de los centros hist\u00f3ricos mejor preservados de Europa, en un tour privado desde Paris. Chofer y gu\u00eda oficial privado a disposici\u00f3n \u2705\",\"breadcrumb\":{\"@id\":\"https:\/\/tourtravelandmore.com\/es\/tours\/francia\/paris-es\/tour-privado-brujas-desde-paris\/#breadcrumb\"},\"inLanguage\":\"es\",\"potentialAction\":[{\"@type\":\"ReadAction\",\"target\":[\"https:\/\/tourtravelandmore.com\/es\/tours\/francia\/paris-es\/tour-privado-brujas-desde-paris\/\"]}]},{\"@type\":\"ImageObject\",\"inLanguage\":\"es\",\"@id\":\"https:\/\/tourtravelandmore.com\/es\/tours\/francia\/paris-es\/tour-privado-brujas-desde-paris\/#primaryimage\",\"url\":\"https:\/\/tourtravelandmore.com\/wp-content\/uploads\/2018\/04\/bruges2-min.jpg\",\"contentUrl\":\"https:\/\/tourtravelandmore.com\/wp-content\/uploads\/2018\/04\/bruges2-min.jpg\",\"width\":978,\"height\":1024,\"caption\":\"Bruges panorama\"},{\"@type\":\"BreadcrumbList\",\"@id\":\"https:\/\/tourtravelandmore.com\/es\/tours\/francia\/paris-es\/tour-privado-brujas-desde-paris\/#breadcrumb\",\"itemListElement\":[{\"@type\":\"ListItem\",\"position\":1,\"name\":\"Home\",\"item\":\"https:\/\/tourtravelandmore.com\/es\/\"},{\"@type\":\"ListItem\",\"position\":2,\"name\":\"Tours\",\"item\":\"https:\/\/tourtravelandmore.com\/es\/tours\/\"},{\"@type\":\"ListItem\",\"position\":3,\"name\":\"Tour privado a Brujas desde Paris\"}]},{\"@type\":\"WebSite\",\"@id\":\"https:\/\/tourtravelandmore.com\/es\/#website\",\"url\":\"https:\/\/tourtravelandmore.com\/es\/\",\"name\":\"Tour Travel And More\",\"description\":\"Private sightseeing tours and luxury transfers in Spain\",\"publisher\":{\"@id\":\"https:\/\/tourtravelandmore.com\/es\/#organization\"},\"potentialAction\":[{\"@type\":\"SearchAction\",\"target\":{\"@type\":\"EntryPoint\",\"urlTemplate\":\"https:\/\/tourtravelandmore.com\/es\/?s={search_term_string}\"},\"query-input\":{\"@type\":\"PropertyValueSpecification\",\"valueRequired\":true,\"valueName\":\"search_term_string\"}}],\"inLanguage\":\"es\"},{\"@type\":\"Organization\",\"@id\":\"https:\/\/tourtravelandmore.com\/es\/#organization\",\"name\":\"Tour Travel And More\",\"url\":\"https:\/\/tourtravelandmore.com\/es\/\",\"logo\":{\"@type\":\"ImageObject\",\"inLanguage\":\"es\",\"@id\":\"https:\/\/tourtravelandmore.com\/es\/#\/schema\/logo\/image\/\",\"url\":\"https:\/\/tourtravelandmore.com\/wp-content\/uploads\/2022\/12\/cropped-logo-cabecera-new.png\",\"contentUrl\":\"https:\/\/tourtravelandmore.com\/wp-content\/uploads\/2022\/12\/cropped-logo-cabecera-new.png\",\"width\":430,\"height\":61,\"caption\":\"Tour Travel And More\"},\"image\":{\"@id\":\"https:\/\/tourtravelandmore.com\/es\/#\/schema\/logo\/image\/\"},\"sameAs\":[\"https:\/\/www.facebook.com\/tourtravelandmore\/\",\"https:\/\/x.com\/TourTravel_More\"]}]}<\/script>\n<!-- \/ Yoast SEO Premium plugin. -->","yoast_head_json":{"title":"\u27a1\ufe0f Tour privado a Brujas desde Par\u00eds con chofer y gu\u00eda oficial privado | Tour Travel & More","description":"Explore Brujas, uno de los centros hist\u00f3ricos mejor preservados de Europa, en un tour privado desde Paris. Chofer y gu\u00eda oficial privado a disposici\u00f3n \u2705","robots":{"index":"index","follow":"follow","max-snippet":"max-snippet:-1","max-image-preview":"max-image-preview:large","max-video-preview":"max-video-preview:-1"},"canonical":"https:\/\/tourtravelandmore.com\/es\/tours\/francia\/paris-es\/tour-privado-brujas-desde-paris\/","og_locale":"es_ES","og_type":"article","og_title":"Tour privado a Brujas desde Paris","og_description":"Explore Brujas, uno de los centros hist\u00f3ricos mejor preservados de Europa, en un tour privado desde Paris. Chofer y gu\u00eda oficial privado a disposici\u00f3n \u2705","og_url":"https:\/\/tourtravelandmore.com\/es\/tours\/francia\/paris-es\/tour-privado-brujas-desde-paris\/","og_site_name":"Tour Travel And More","article_publisher":"https:\/\/www.facebook.com\/tourtravelandmore\/","article_modified_time":"2024-08-06T14:56:26+00:00","og_image":[{"width":978,"height":1024,"url":"https:\/\/tourtravelandmore.com\/wp-content\/uploads\/2018\/04\/bruges2-min.jpg","type":"image\/jpeg"}],"twitter_card":"summary_large_image","twitter_site":"@TourTravel_More","twitter_misc":{"Tiempo de lectura":"3 minutos"},"schema":{"@context":"https:\/\/schema.org","@graph":[{"@type":"WebPage","@id":"https:\/\/tourtravelandmore.com\/es\/tours\/francia\/paris-es\/tour-privado-brujas-desde-paris\/","url":"https:\/\/tourtravelandmore.com\/es\/tours\/francia\/paris-es\/tour-privado-brujas-desde-paris\/","name":"\u27a1\ufe0f Tour privado a Brujas desde Par\u00eds con chofer y gu\u00eda oficial privado | Tour Travel & More","isPartOf":{"@id":"https:\/\/tourtravelandmore.com\/es\/#website"},"primaryImageOfPage":{"@id":"https:\/\/tourtravelandmore.com\/es\/tours\/francia\/paris-es\/tour-privado-brujas-desde-paris\/#primaryimage"},"image":{"@id":"https:\/\/tourtravelandmore.com\/es\/tours\/francia\/paris-es\/tour-privado-brujas-desde-paris\/#primaryimage"},"thumbnailUrl":"https:\/\/tourtravelandmore.com\/wp-content\/uploads\/2018\/04\/bruges2-min.jpg","datePublished":"2018-04-26T15:28:58+00:00","dateModified":"2024-08-06T14:56:26+00:00","description":"Explore Brujas, uno de los centros hist\u00f3ricos mejor preservados de Europa, en un tour privado desde Paris. Chofer y gu\u00eda oficial privado a disposici\u00f3n \u2705","breadcrumb":{"@id":"https:\/\/tourtravelandmore.com\/es\/tours\/francia\/paris-es\/tour-privado-brujas-desde-paris\/#breadcrumb"},"inLanguage":"es","potentialAction":[{"@type":"ReadAction","target":["https:\/\/tourtravelandmore.com\/es\/tours\/francia\/paris-es\/tour-privado-brujas-desde-paris\/"]}]},{"@type":"ImageObject","inLanguage":"es","@id":"https:\/\/tourtravelandmore.com\/es\/tours\/francia\/paris-es\/tour-privado-brujas-desde-paris\/#primaryimage","url":"https:\/\/tourtravelandmore.com\/wp-content\/uploads\/2018\/04\/bruges2-min.jpg","contentUrl":"https:\/\/tourtravelandmore.com\/wp-content\/uploads\/2018\/04\/bruges2-min.jpg","width":978,"height":1024,"caption":"Bruges panorama"},{"@type":"BreadcrumbList","@id":"https:\/\/tourtravelandmore.com\/es\/tours\/francia\/paris-es\/tour-privado-brujas-desde-paris\/#breadcrumb","itemListElement":[{"@type":"ListItem","position":1,"name":"Home","item":"https:\/\/tourtravelandmore.com\/es\/"},{"@type":"ListItem","position":2,"name":"Tours","item":"https:\/\/tourtravelandmore.com\/es\/tours\/"},{"@type":"ListItem","position":3,"name":"Tour privado a Brujas desde Paris"}]},{"@type":"WebSite","@id":"https:\/\/tourtravelandmore.com\/es\/#website","url":"https:\/\/tourtravelandmore.com\/es\/","name":"Tour Travel And More","description":"Private sightseeing tours and luxury transfers in Spain","publisher":{"@id":"https:\/\/tourtravelandmore.com\/es\/#organization"},"potentialAction":[{"@type":"SearchAction","target":{"@type":"EntryPoint","urlTemplate":"https:\/\/tourtravelandmore.com\/es\/?s={search_term_string}"},"query-input":{"@type":"PropertyValueSpecification","valueRequired":true,"valueName":"search_term_string"}}],"inLanguage":"es"},{"@type":"Organization","@id":"https:\/\/tourtravelandmore.com\/es\/#organization","name":"Tour Travel And More","url":"https:\/\/tourtravelandmore.com\/es\/","logo":{"@type":"ImageObject","inLanguage":"es","@id":"https:\/\/tourtravelandmore.com\/es\/#\/schema\/logo\/image\/","url":"https:\/\/tourtravelandmore.com\/wp-content\/uploads\/2022\/12\/cropped-logo-cabecera-new.png","contentUrl":"https:\/\/tourtravelandmore.com\/wp-content\/uploads\/2022\/12\/cropped-logo-cabecera-new.png","width":430,"height":61,"caption":"Tour Travel And More"},"image":{"@id":"https:\/\/tourtravelandmore.com\/es\/#\/schema\/logo\/image\/"},"sameAs":["https:\/\/www.facebook.com\/tourtravelandmore\/","https:\/\/x.com\/TourTravel_More"]}]}},"_links":{"self":[{"href":"https:\/\/tourtravelandmore.com\/es\/wp-json\/wp\/v2\/product\/21167","targetHints":{"allow":["GET"]}}],"collection":[{"href":"https:\/\/tourtravelandmore.com\/es\/wp-json\/wp\/v2\/product"}],"about":[{"href":"https:\/\/tourtravelandmore.com\/es\/wp-json\/wp\/v2\/types\/product"}],"replies":[{"embeddable":true,"href":"https:\/\/tourtravelandmore.com\/es\/wp-json\/wp\/v2\/comments?post=21167"}],"wp:featuredmedia":[{"embeddable":true,"href":"https:\/\/tourtravelandmore.com\/es\/wp-json\/wp\/v2\/media\/81494"}],"wp:attachment":[{"href":"https:\/\/tourtravelandmore.com\/es\/wp-json\/wp\/v2\/media?parent=21167"}],"wp:term":[{"taxonomy":"product_brand","embeddable":true,"href":"https:\/\/tourtravelandmore.com\/es\/wp-json\/wp\/v2\/product_brand?post=21167"},{"taxonomy":"product_cat","embeddable":true,"href":"https:\/\/tourtravelandmore.com\/es\/wp-json\/wp\/v2\/product_cat?post=21167"},{"taxonomy":"product_tag","embeddable":true,"href":"https:\/\/tourtravelandmore.com\/es\/wp-json\/wp\/v2\/product_tag?post=21167"}],"curies":[{"name":"wp","href":"https:\/\/api.w.org\/{rel}","templated":true}]}}