{"id":21161,"date":"2018-04-12T16:38:14","date_gmt":"2018-04-26T15:21:14","guid":{"rendered":"http:\/\/tourtravelandmore.com\/es\/?post_type=product&#038;p=21161"},"modified":"2024-08-06T16:50:42","modified_gmt":"2024-08-06T14:50:42","slug":"tour-privado-castillos-del-loira-desde-paris","status":"publish","type":"product","link":"https:\/\/tourtravelandmore.com\/es\/tours\/francia\/paris-es\/tour-privado-castillos-del-loira-desde-paris\/","title":{"rendered":"Tour privado a Castillos del Loira desde Paris"},"content":{"rendered":"<h2><strong>Descripci\u00f3n del Tour privado a Castillos del Loira desde Par\u00eds<\/strong><\/h2>\n<p>Descubre el magn\u00edfico valle del Loira, declarado como patrimonio de la humanidad, en un tour privado desde Par\u00eds. Situado en el noroeste de Francia, la regi\u00f3n es conocida como la regi\u00f3n de los castillos. Aprende sobre la arquitectura renacentista y la historia de las personas que habitaron sus castillos. Disfruta nuestro tour vall\u00e9 del Loira desde Par\u00eds con chofer y gu\u00eda privados.<\/p>\n<p><span style=\"font-weight: 400;\">Su chofer privado y su gu\u00eda tur\u00edstico privado les recoger\u00e1n en su sitio deseado en Par\u00eds. Desde Par\u00eds hasta el valle son aproximadamente 2 horas y 15 minutos de viaje. Nuestra propuesta de itinerario despu\u00e9s de encontrarse con su gu\u00eda es visitar primer el <a href=\"https:\/\/www.chateau-amboise.com\/en\/\">Ch\u00e2teau d\u2019Amboise<\/a>. A continuaci\u00f3n tendr\u00e1 tiempo libre para comer, y luego visitar\u00e1 el reconocido <a href=\"https:\/\/www.chenonceau.com\/en\">Ch\u00e2teau de Chenonceau<\/a> y el espectacular <a href=\"https:\/\/www.chambord.org\/en\">Ch\u00e2teau de Chambord<\/a>.<\/span><\/p>\n<p><span style=\"font-weight: 400;\">Nuestros tours son privados y coordinados a medida para usted. El itinerario final y la duraci\u00f3n del tour es adaptable a su deseo e inter\u00e9s personal.<\/span><\/p>\n<h2><strong>Puntos de inter\u00e9s en el Tour privado a Castillos del Loira desde Par\u00eds<\/strong><\/h2>\n<p>El valle del Loira entre Sully-sur-Loire y Chalonnes fue declarado por UNESCO como patrimonio de la humanidad en 2000. Este paisaje cultural posee peque\u00f1as ciudades y pueblos hist\u00f3ricos, grandes monumentos arquitect\u00f3nicos (castillos y palacios) y tierras de cultivo, que son fruto de la interacci\u00f3n entre los locales y el r\u00edo. Durante su tour privado descubrir\u00e1n esta magn\u00edfica regi\u00f3n junto a su gu\u00eda oficial privado, experto en el \u00e1rea.<\/p>\n<p><strong><em>Ch\u00e2teau d\u2019Amboise <\/em><\/strong>es donde se encuentra la tumba de Leonardo da Vinci. Ha sido utilizado como residencia de la realeza francesa desde el siglo 15 hasta el siglo 19. El castillo se encuentra en una posici\u00f3n con maravillosas vistas panor\u00e1micas del pueblo, el r\u00edo y la campi\u00f1a.<\/p>\n<p><strong><em>Ch\u00e2teau de Chenonceau\u00a0<\/em><\/strong>es el castillo m\u00e1s visitado en la regi\u00f3n. Previo a su actual edificaci\u00f3n, a cargo de Thomas Bohier, existieron all\u00ed peque\u00f1as construcciones desde la \u00e9poca medieval. El castillo es conocido como \u2018Ch\u00e2teau des Dames\u2019, ya que durante su historia el mismo fue amado, manejado y protegido por mujeres como Diane de Poitiers y Catherine de Medicis. El toque femenino puede verse tanto en los interiores como en exteriores y jardines del castillo.<\/p>\n<p>Despu\u00e9s de atravesar un magn\u00edfico bosque llegamos a <strong><em>Ch\u00e2teau de Chambord<\/em><\/strong>, cuando nos encontramos frente a una arquitectura extraordinaria, imaginada por Francisco I y en la que flota el esp\u00edritu de Leonardo da Vinci. El castillo fue originalmente edificado como un pabell\u00f3n de caza, pero se convirti\u00f3 con el tiempo en el castillo renacentista m\u00e1s grande del valle. El castillo, que estuvo deshabitado la mayor parte del tiempo, alberga muchos misterios que usted intentar\u00e1 descubrir junto a su gu\u00eda oficial!<\/p>\n<p>Su chofer privado estar\u00e1 a su entera disposici\u00f3n durante la total duraci\u00f3n del tour. Entradas sin fila a los castillos deseados tambi\u00e9n est\u00e1n incluidas en el tour<\/p>\n","protected":false},"excerpt":{"rendered":"<p>Francia es reconocido por albergar los castillos m\u00e1s espectaculares del mundo! Explora el Valle del Loira, patrimonio de la humanidad, en un tour privado desde Par\u00eds con chofer y gu\u00eda oficial privados. Visite sus magn\u00edficos castillos junto a su gu\u00eda privado. Su chofer le recoger\u00e1 en su hotel o sitio deseados en Par\u00eds.<\/p>\n","protected":false},"featured_media":20382,"comment_status":"open","ping_status":"closed","template":"","meta":{"_acf_changed":false},"product_brand":[],"product_cat":[834,848,849,851],"product_tag":[],"class_list":{"0":"post-21161","1":"product","2":"type-product","3":"status-publish","4":"has-post-thumbnail","6":"product_cat-paris-es","7":"product_cat-paris-top-ventas-es","8":"product_cat-paris-actividades-es","9":"product_cat-paris-excursiones-es","11":"first","12":"instock","13":"shipping-taxable","14":"purchasable","15":"product-type-simple"},"acf":[],"yoast_head":"<!-- This site is optimized with the Yoast SEO Premium plugin v25.3.1 (Yoast SEO v25.3.1) - https:\/\/yoast.com\/wordpress\/plugins\/seo\/ -->\n<title>\u27a1\ufe0f Tour privado al valle del Loira desde Par\u00eds | Tour Travel &amp; More<\/title>\n<meta name=\"description\" content=\"Explore el valle del Loira, patrimonio de la humanidad, en un tour privado desde Par\u00eds con chofer y gu\u00eda oficial privados. Visite sus magn\u00edficos castillos!\u2705\" \/>\n<meta name=\"robots\" content=\"index, follow, max-snippet:-1, max-image-preview:large, max-video-preview:-1\" \/>\n<link rel=\"canonical\" href=\"https:\/\/tourtravelandmore.com\/es\/tours\/francia\/paris-es\/tour-privado-castillos-del-loira-desde-paris\/\" \/>\n<meta property=\"og:locale\" content=\"es_ES\" \/>\n<meta property=\"og:type\" content=\"article\" \/>\n<meta property=\"og:title\" content=\"Tour privado a Castillos del Loira desde Paris\" \/>\n<meta property=\"og:description\" content=\"Explore el valle del Loira, patrimonio de la humanidad, en un tour privado desde Par\u00eds con chofer y gu\u00eda oficial privados. Visite sus magn\u00edficos castillos!\u2705\" \/>\n<meta property=\"og:url\" content=\"https:\/\/tourtravelandmore.com\/es\/tours\/francia\/paris-es\/tour-privado-castillos-del-loira-desde-paris\/\" \/>\n<meta property=\"og:site_name\" content=\"Tour Travel And More\" \/>\n<meta property=\"article:publisher\" content=\"https:\/\/www.facebook.com\/tourtravelandmore\/\" \/>\n<meta property=\"article:modified_time\" content=\"2024-08-06T14:50:42+00:00\" \/>\n<meta property=\"og:image\" content=\"https:\/\/tourtravelandmore.com\/wp-content\/uploads\/2018\/04\/201208081025175010.jpg\" \/>\n\t<meta property=\"og:image:width\" content=\"776\" \/>\n\t<meta property=\"og:image:height\" content=\"508\" \/>\n\t<meta property=\"og:image:type\" content=\"image\/jpeg\" \/>\n<meta name=\"twitter:card\" content=\"summary_large_image\" \/>\n<meta name=\"twitter:site\" content=\"@TourTravel_More\" \/>\n<meta name=\"twitter:label1\" content=\"Tiempo de lectura\" \/>\n\t<meta name=\"twitter:data1\" content=\"3 minutos\" \/>\n<script type=\"application\/ld+json\" class=\"yoast-schema-graph\">{\"@context\":\"https:\/\/schema.org\",\"@graph\":[{\"@type\":\"WebPage\",\"@id\":\"https:\/\/tourtravelandmore.com\/es\/tours\/francia\/paris-es\/tour-privado-castillos-del-loira-desde-paris\/\",\"url\":\"https:\/\/tourtravelandmore.com\/es\/tours\/francia\/paris-es\/tour-privado-castillos-del-loira-desde-paris\/\",\"name\":\"\u27a1\ufe0f Tour privado al valle del Loira desde Par\u00eds | Tour Travel & More\",\"isPartOf\":{\"@id\":\"https:\/\/tourtravelandmore.com\/es\/#website\"},\"primaryImageOfPage\":{\"@id\":\"https:\/\/tourtravelandmore.com\/es\/tours\/francia\/paris-es\/tour-privado-castillos-del-loira-desde-paris\/#primaryimage\"},\"image\":{\"@id\":\"https:\/\/tourtravelandmore.com\/es\/tours\/francia\/paris-es\/tour-privado-castillos-del-loira-desde-paris\/#primaryimage\"},\"thumbnailUrl\":\"https:\/\/tourtravelandmore.com\/wp-content\/uploads\/2018\/04\/201208081025175010.jpg\",\"datePublished\":\"2018-04-26T15:21:14+00:00\",\"dateModified\":\"2024-08-06T14:50:42+00:00\",\"description\":\"Explore el valle del Loira, patrimonio de la humanidad, en un tour privado desde Par\u00eds con chofer y gu\u00eda oficial privados. Visite sus magn\u00edficos castillos!\u2705\",\"breadcrumb\":{\"@id\":\"https:\/\/tourtravelandmore.com\/es\/tours\/francia\/paris-es\/tour-privado-castillos-del-loira-desde-paris\/#breadcrumb\"},\"inLanguage\":\"es\",\"potentialAction\":[{\"@type\":\"ReadAction\",\"target\":[\"https:\/\/tourtravelandmore.com\/es\/tours\/francia\/paris-es\/tour-privado-castillos-del-loira-desde-paris\/\"]}]},{\"@type\":\"ImageObject\",\"inLanguage\":\"es\",\"@id\":\"https:\/\/tourtravelandmore.com\/es\/tours\/francia\/paris-es\/tour-privado-castillos-del-loira-desde-paris\/#primaryimage\",\"url\":\"https:\/\/tourtravelandmore.com\/wp-content\/uploads\/2018\/04\/201208081025175010.jpg\",\"contentUrl\":\"https:\/\/tourtravelandmore.com\/wp-content\/uploads\/2018\/04\/201208081025175010.jpg\",\"width\":776,\"height\":508},{\"@type\":\"BreadcrumbList\",\"@id\":\"https:\/\/tourtravelandmore.com\/es\/tours\/francia\/paris-es\/tour-privado-castillos-del-loira-desde-paris\/#breadcrumb\",\"itemListElement\":[{\"@type\":\"ListItem\",\"position\":1,\"name\":\"Home\",\"item\":\"https:\/\/tourtravelandmore.com\/es\/\"},{\"@type\":\"ListItem\",\"position\":2,\"name\":\"Tours\",\"item\":\"https:\/\/tourtravelandmore.com\/es\/tours\/\"},{\"@type\":\"ListItem\",\"position\":3,\"name\":\"Tour privado a Castillos del Loira desde Paris\"}]},{\"@type\":\"WebSite\",\"@id\":\"https:\/\/tourtravelandmore.com\/es\/#website\",\"url\":\"https:\/\/tourtravelandmore.com\/es\/\",\"name\":\"Tour Travel And More\",\"description\":\"Private sightseeing tours and luxury transfers in Spain\",\"publisher\":{\"@id\":\"https:\/\/tourtravelandmore.com\/es\/#organization\"},\"potentialAction\":[{\"@type\":\"SearchAction\",\"target\":{\"@type\":\"EntryPoint\",\"urlTemplate\":\"https:\/\/tourtravelandmore.com\/es\/?s={search_term_string}\"},\"query-input\":{\"@type\":\"PropertyValueSpecification\",\"valueRequired\":true,\"valueName\":\"search_term_string\"}}],\"inLanguage\":\"es\"},{\"@type\":\"Organization\",\"@id\":\"https:\/\/tourtravelandmore.com\/es\/#organization\",\"name\":\"Tour Travel And More\",\"url\":\"https:\/\/tourtravelandmore.com\/es\/\",\"logo\":{\"@type\":\"ImageObject\",\"inLanguage\":\"es\",\"@id\":\"https:\/\/tourtravelandmore.com\/es\/#\/schema\/logo\/image\/\",\"url\":\"https:\/\/tourtravelandmore.com\/wp-content\/uploads\/2022\/12\/cropped-logo-cabecera-new.png\",\"contentUrl\":\"https:\/\/tourtravelandmore.com\/wp-content\/uploads\/2022\/12\/cropped-logo-cabecera-new.png\",\"width\":430,\"height\":61,\"caption\":\"Tour Travel And More\"},\"image\":{\"@id\":\"https:\/\/tourtravelandmore.com\/es\/#\/schema\/logo\/image\/\"},\"sameAs\":[\"https:\/\/www.facebook.com\/tourtravelandmore\/\",\"https:\/\/x.com\/TourTravel_More\"]}]}<\/script>\n<!-- \/ Yoast SEO Premium plugin. -->","yoast_head_json":{"title":"\u27a1\ufe0f Tour privado al valle del Loira desde Par\u00eds | Tour Travel & More","description":"Explore el valle del Loira, patrimonio de la humanidad, en un tour privado desde Par\u00eds con chofer y gu\u00eda oficial privados. Visite sus magn\u00edficos castillos!\u2705","robots":{"index":"index","follow":"follow","max-snippet":"max-snippet:-1","max-image-preview":"max-image-preview:large","max-video-preview":"max-video-preview:-1"},"canonical":"https:\/\/tourtravelandmore.com\/es\/tours\/francia\/paris-es\/tour-privado-castillos-del-loira-desde-paris\/","og_locale":"es_ES","og_type":"article","og_title":"Tour privado a Castillos del Loira desde Paris","og_description":"Explore el valle del Loira, patrimonio de la humanidad, en un tour privado desde Par\u00eds con chofer y gu\u00eda oficial privados. Visite sus magn\u00edficos castillos!\u2705","og_url":"https:\/\/tourtravelandmore.com\/es\/tours\/francia\/paris-es\/tour-privado-castillos-del-loira-desde-paris\/","og_site_name":"Tour Travel And More","article_publisher":"https:\/\/www.facebook.com\/tourtravelandmore\/","article_modified_time":"2024-08-06T14:50:42+00:00","og_image":[{"width":776,"height":508,"url":"https:\/\/tourtravelandmore.com\/wp-content\/uploads\/2018\/04\/201208081025175010.jpg","type":"image\/jpeg"}],"twitter_card":"summary_large_image","twitter_site":"@TourTravel_More","twitter_misc":{"Tiempo de lectura":"3 minutos"},"schema":{"@context":"https:\/\/schema.org","@graph":[{"@type":"WebPage","@id":"https:\/\/tourtravelandmore.com\/es\/tours\/francia\/paris-es\/tour-privado-castillos-del-loira-desde-paris\/","url":"https:\/\/tourtravelandmore.com\/es\/tours\/francia\/paris-es\/tour-privado-castillos-del-loira-desde-paris\/","name":"\u27a1\ufe0f Tour privado al valle del Loira desde Par\u00eds | Tour Travel & More","isPartOf":{"@id":"https:\/\/tourtravelandmore.com\/es\/#website"},"primaryImageOfPage":{"@id":"https:\/\/tourtravelandmore.com\/es\/tours\/francia\/paris-es\/tour-privado-castillos-del-loira-desde-paris\/#primaryimage"},"image":{"@id":"https:\/\/tourtravelandmore.com\/es\/tours\/francia\/paris-es\/tour-privado-castillos-del-loira-desde-paris\/#primaryimage"},"thumbnailUrl":"https:\/\/tourtravelandmore.com\/wp-content\/uploads\/2018\/04\/201208081025175010.jpg","datePublished":"2018-04-26T15:21:14+00:00","dateModified":"2024-08-06T14:50:42+00:00","description":"Explore el valle del Loira, patrimonio de la humanidad, en un tour privado desde Par\u00eds con chofer y gu\u00eda oficial privados. Visite sus magn\u00edficos castillos!\u2705","breadcrumb":{"@id":"https:\/\/tourtravelandmore.com\/es\/tours\/francia\/paris-es\/tour-privado-castillos-del-loira-desde-paris\/#breadcrumb"},"inLanguage":"es","potentialAction":[{"@type":"ReadAction","target":["https:\/\/tourtravelandmore.com\/es\/tours\/francia\/paris-es\/tour-privado-castillos-del-loira-desde-paris\/"]}]},{"@type":"ImageObject","inLanguage":"es","@id":"https:\/\/tourtravelandmore.com\/es\/tours\/francia\/paris-es\/tour-privado-castillos-del-loira-desde-paris\/#primaryimage","url":"https:\/\/tourtravelandmore.com\/wp-content\/uploads\/2018\/04\/201208081025175010.jpg","contentUrl":"https:\/\/tourtravelandmore.com\/wp-content\/uploads\/2018\/04\/201208081025175010.jpg","width":776,"height":508},{"@type":"BreadcrumbList","@id":"https:\/\/tourtravelandmore.com\/es\/tours\/francia\/paris-es\/tour-privado-castillos-del-loira-desde-paris\/#breadcrumb","itemListElement":[{"@type":"ListItem","position":1,"name":"Home","item":"https:\/\/tourtravelandmore.com\/es\/"},{"@type":"ListItem","position":2,"name":"Tours","item":"https:\/\/tourtravelandmore.com\/es\/tours\/"},{"@type":"ListItem","position":3,"name":"Tour privado a Castillos del Loira desde Paris"}]},{"@type":"WebSite","@id":"https:\/\/tourtravelandmore.com\/es\/#website","url":"https:\/\/tourtravelandmore.com\/es\/","name":"Tour Travel And More","description":"Private sightseeing tours and luxury transfers in Spain","publisher":{"@id":"https:\/\/tourtravelandmore.com\/es\/#organization"},"potentialAction":[{"@type":"SearchAction","target":{"@type":"EntryPoint","urlTemplate":"https:\/\/tourtravelandmore.com\/es\/?s={search_term_string}"},"query-input":{"@type":"PropertyValueSpecification","valueRequired":true,"valueName":"search_term_string"}}],"inLanguage":"es"},{"@type":"Organization","@id":"https:\/\/tourtravelandmore.com\/es\/#organization","name":"Tour Travel And More","url":"https:\/\/tourtravelandmore.com\/es\/","logo":{"@type":"ImageObject","inLanguage":"es","@id":"https:\/\/tourtravelandmore.com\/es\/#\/schema\/logo\/image\/","url":"https:\/\/tourtravelandmore.com\/wp-content\/uploads\/2022\/12\/cropped-logo-cabecera-new.png","contentUrl":"https:\/\/tourtravelandmore.com\/wp-content\/uploads\/2022\/12\/cropped-logo-cabecera-new.png","width":430,"height":61,"caption":"Tour Travel And More"},"image":{"@id":"https:\/\/tourtravelandmore.com\/es\/#\/schema\/logo\/image\/"},"sameAs":["https:\/\/www.facebook.com\/tourtravelandmore\/","https:\/\/x.com\/TourTravel_More"]}]}},"_links":{"self":[{"href":"https:\/\/tourtravelandmore.com\/es\/wp-json\/wp\/v2\/product\/21161","targetHints":{"allow":["GET"]}}],"collection":[{"href":"https:\/\/tourtravelandmore.com\/es\/wp-json\/wp\/v2\/product"}],"about":[{"href":"https:\/\/tourtravelandmore.com\/es\/wp-json\/wp\/v2\/types\/product"}],"replies":[{"embeddable":true,"href":"https:\/\/tourtravelandmore.com\/es\/wp-json\/wp\/v2\/comments?post=21161"}],"wp:featuredmedia":[{"embeddable":true,"href":"https:\/\/tourtravelandmore.com\/es\/wp-json\/wp\/v2\/media\/20382"}],"wp:attachment":[{"href":"https:\/\/tourtravelandmore.com\/es\/wp-json\/wp\/v2\/media?parent=21161"}],"wp:term":[{"taxonomy":"product_brand","embeddable":true,"href":"https:\/\/tourtravelandmore.com\/es\/wp-json\/wp\/v2\/product_brand?post=21161"},{"taxonomy":"product_cat","embeddable":true,"href":"https:\/\/tourtravelandmore.com\/es\/wp-json\/wp\/v2\/product_cat?post=21161"},{"taxonomy":"product_tag","embeddable":true,"href":"https:\/\/tourtravelandmore.com\/es\/wp-json\/wp\/v2\/product_tag?post=21161"}],"curies":[{"name":"wp","href":"https:\/\/api.w.org\/{rel}","templated":true}]}}