{"id":21153,"date":"2018-04-13T16:11:58","date_gmt":"2018-04-26T14:42:23","guid":{"rendered":"http:\/\/tourtravelandmore.com\/es\/?post_type=product&#038;p=21153"},"modified":"2024-08-06T16:33:02","modified_gmt":"2024-08-06T14:33:02","slug":"tour-privado-a-las-mejores-bodegas-de-champan-desde-paris-en-coche","status":"publish","type":"product","link":"https:\/\/tourtravelandmore.com\/es\/tours\/francia\/reims-sp\/todos-los-tours-privados-y-actividades-reims-sp-francia\/tour-privado-a-las-mejores-bodegas-de-champan-desde-paris-en-coche\/","title":{"rendered":"Tour Privado a las mejores Bodegas de champ\u00e1n desde Par\u00eds en coche"},"content":{"rendered":"<h2><b>Descripci\u00f3n del Tour Privado a las mejores Bodegas de champ\u00e1n desde Par\u00eds en coche<\/b><\/h2>\n<p><span style=\"font-weight: 400;\">En la regi\u00f3n de Gran Este en Francia, antiguamente conocida como Champ\u00e1n, se encuentran los vi\u00f1edos y las bodegas de champ\u00e1n m\u00e1s famosas de todo el mundo.\u00a0<\/span><\/p>\n<p><span style=\"font-weight: 400;\">Conocer\u00e1s las emblem\u00e1ticas Bodegas de Moet, Taittinger, Veuve clicquot, Ruinart, Lanson o Vranken-Pommery a tu gusto, puesto que podr\u00e1s escoger entre dos de estas famosas casas de vino espumoso.\u00a0<\/span><\/p>\n<p><span style=\"font-weight: 400;\">El <\/span><b>chofer privado<\/b><span style=\"font-weight: 400;\"> te buscar\u00e1 por el sitio que le indiques en Par\u00eds para empezar un maravilloso viaje en un coche muy confortable, hasta llegar al departamento de Marne, el cual est\u00e1 situado a unos 120 km de la capital francesa.\u00a0<\/span><\/p>\n<p><span style=\"font-weight: 400;\">Durante el recorrido, apreciar\u00e1s los <\/span><b>imponentes vi\u00f1edos<\/b><span style=\"font-weight: 400;\"> que se ubican en las colinas de Champ\u00e1n, puesto que en la regi\u00f3n est\u00e1n instaladas m\u00e1s de 114 bodegas vin\u00edcolas.\u00a0<\/span><\/p>\n<p><span style=\"font-weight: 400;\">Adem\u00e1s, al visitar las 2 bodegas que selecciones, aprender\u00e1s sobre el excepcional proceso de la elaboraci\u00f3n de champ\u00e1n. Hasta es posible que veas el m\u00e9todo de recolecci\u00f3n a mano y los dep\u00f3sitos para la crianza de la bebida.\u00a0<\/span><\/p>\n<p><span style=\"font-weight: 400;\">Ser\u00e1 una experiencia inolvidable de 10 horas, en la que descubrir\u00e1s la historia y todos los secretos del champ\u00e1n.\u00a0<\/span><\/p>\n<p><span style=\"font-weight: 400;\">Lo mejor es que las 2 visitas a las champa\u00f1er\u00eda terminar\u00e1n con una cata de vinos, por lo que disfrutar\u00e1s de una copa burbujeante y exclusivamente para ti.\u00a0<\/span><\/p>\n<p><span style=\"font-weight: 400;\">Luego, te llevaremos de regreso a Par\u00eds para dejarte en el punto que nos indiques y que sea de tu comodidad y preferencia.\u00a0<\/span><\/p>\n<h2><b>Puntos de inter\u00e9s del Tour Privado a las mejores Bodegas de champ\u00e1n desde Par\u00eds en coche<\/b><\/h2>\n<p><span style=\"font-weight: 400;\">Son millones de personas que a\u00f1o tras a\u00f1o visitan la ruta del Champ\u00e1n. En nuestro tour privado a las mejores bodegas de champ\u00e1n, te trasladar\u00e1s en un coche muy confortable para que conozcas la campi\u00f1a francesa.\u00a0<\/span><\/p>\n<p><span style=\"font-weight: 400;\">Igualmente, ver\u00e1s de primera mano el proceso para la fabricaci\u00f3n de esta emblem\u00e1tica bebida y la raz\u00f3n que la hace tan especial.\u00a0<\/span><\/p>\n<p><span style=\"font-weight: 400;\">Podr\u00e1s escoger entre las distintas bodegas de m\u00e1s renombre en todo el mundo. Ser\u00e1n 2 casas vin\u00edcolas que visitar\u00e1s, y en las cuales vas a tener el placer de degustar su maravilloso champ\u00e1n, a elegir entre:<\/span><\/p>\n<h4><span style=\"color: #d3af37;\"><b>Lanson\u00a0<\/b><\/span><\/h4>\n<p><span style=\"font-weight: 400;\">Al hablar de Champ\u00e1n necesariamente hay que nombrar a la Bodega Lanson. Se trata de una de las casas m\u00e1s antiguas de fabricaci\u00f3n de vino espumoso, la cual se dio a conocer, entre otras cosas, porque era la bebida favorita de la reina Victoria.\u00a0<\/span><\/p>\n<p><span style=\"font-weight: 400;\">Adem\u00e1s, su insignia es muy reconocida en todo el mundo, puesto que est\u00e1 representada con la Cruz de los Caballeros de la Orden de Malta.\u00a0<\/span><\/p>\n<p><span style=\"font-weight: 400;\">Esta casa fue creada en el a\u00f1o 1760 por Fran\u00e7ois Delamotte. En la actualidad, pertenece al grupo BCC y cuenta dentro de su personal con reconocidos en\u00f3logos a nivel mundial.\u00a0<\/span><\/p>\n<h4><span style=\"color: #d3af37;\"><b>Mo\u00ebt y Chandon<\/b><\/span><\/h4>\n<p><span style=\"font-weight: 400;\">Fundado en 1743, el champ\u00e1n Mo\u00ebt y Chandon es uno de los m\u00e1s vendidos en todo el mundo. Es una de las marcas que posee su propia denominaci\u00f3n de origen.\u00a0<\/span><\/p>\n<p><span style=\"font-weight: 400;\">Cada uno de sus vinos se caracteriza porque posee un cuerpo delicado, una fruta muy viva y deja un regusto en el paladar elegante y seductor.\u00a0<\/span><\/p>\n<h4><span style=\"color: #d3af37;\"><b>Vranken-Pommery<\/b><\/span><\/h4>\n<p><span style=\"font-weight: 400;\">En sus inicios, esta reconocida casa produc\u00eda solamente vino tinto. No obstante, desde el a\u00f1o 1885 se lanz\u00f3 al mercado a conquistar otras tendencias, y es as\u00ed como nace su majestuoso champ\u00e1n.\u00a0<\/span><\/p>\n<p><span style=\"font-weight: 400;\">De hecho, son los creadores del primer Champ\u00e1n Brut de la historia, el cual tiene un toque m\u00e1s ligero que sus hom\u00f3logos dulces.\u00a0<\/span><\/p>\n<h4><span style=\"color: #d3af37;\"><b>Taittinger<\/b><\/span><\/h4>\n<p><span style=\"font-weight: 400;\">Esta casa se distingue porque poseen sus propias hect\u00e1reas de siembras de uvas. Adem\u00e1s, su champ\u00e1n tiene 45 % menos de Chardonnay y los propietarios se encargan de verificar parcela a parcela que las frutas est\u00e9n en su punto \u00f3ptimo antes de cada cosecha.\u00a0<\/span><\/p>\n<p><span style=\"font-weight: 400;\">Todos sus vinos tienen al menos 5 a\u00f1os de crianza, lo cual les da un car\u00e1cter \u00fanico a sus bebidas.\u00a0<\/span><\/p>\n<h4><span style=\"color: #d3af37;\"><b>Veuve clicquot<\/b><\/span><\/h4>\n<p><span style=\"font-weight: 400;\">Se trata de una casa que tiene m\u00e1s de 2 siglos de tradici\u00f3n. Si la visitas, vivir\u00e1s una aut\u00e9ntica experiencia de enoturismo, puesto que en sus bodegas conocer\u00e1s las t\u00e9cnicas y herramientas que utilizan para crear su majestuoso vino espumante.\u00a0\u00a0<\/span><\/p>\n<h4><span style=\"color: #d3af37;\"><b>Ruinart<\/b><\/span><\/h4>\n<p><span style=\"font-weight: 400;\">Se trata de una marca de lujo que produce vinos de gran complejidad y que cuidan el m\u00e1s m\u00ednimo detalle. De hecho, sus bebidas son las preferidas de los paladares m\u00e1s exigentes.\u00a0<\/span><\/p>\n<p><span style=\"font-weight: 400;\">Al visitar esa casa de vino, ver\u00e1s sus t\u00e9cnicas de fabricaci\u00f3n, sus vi\u00f1edos y catar\u00e1s algunas de sus bebidas.\u00a0<\/span><\/p>\n<p><span style=\"font-weight: 400;\">Vivir\u00e1s una experiencia inolvidable y muy relajante, lejos del estr\u00e9s propio de la ciudad. Tambi\u00e9n, explorar\u00e1n las redes subterr\u00e1neas que sirven para la crianza de las bebidas, y en cada una de las paradas que hagamos por las Bodegas vas a degustar del mejor vino espumoso de Reims.\u00a0<\/span><\/p>\n<p><span style=\"font-weight: 400;\">Te recomendamos que apartes un poco de tiempo en tu itinerario para que incluyas un <a href=\"https:\/\/tourtravelandmore.com\/es\/tours\/francia\/reims-sp\/todos-los-tours-privados-y-actividades-reims-sp-francia\/tour-privado-a-pie-de-reims\/\">tour a pie por Reims<\/a>, ya que de esta manera estar\u00e1s en contacto directo con la arquitectura, los monumentos y la historia que envuelve a esta ciudad tan emblem\u00e1tica. <\/span><\/p>\n","protected":false},"excerpt":{"rendered":"<p><span style=\"font-weight: 400;\">Disfrute de una visita de <strong>10 horas a las mejores bodegas de champ\u00e1n desde Par\u00eds.<\/strong> Ser\u00e1 un tour privado lleno de magia y relax, en el cual ir\u00e1s en un coche de lujo muy exclusivo por la campi\u00f1a francesa hasta la regi\u00f3n de la Champ\u00e1n. Adem\u00e1s, vas a conocer las bodegas de champ\u00e1n m\u00e1s importantes de Francia y degustar\u00e1s sus exquisitos vinos espumosos. <\/span><\/p>\n<div id=\"gtx-trans\" style=\"position: absolute; left: 560px; top: -10px;\">\n<div class=\"gtx-trans-icon\"><\/div>\n<\/div>\n","protected":false},"featured_media":118493,"comment_status":"open","ping_status":"closed","template":"","meta":{"_acf_changed":false},"product_brand":[],"product_cat":[3617,4046,834,848,849,851],"product_tag":[],"class_list":{"0":"post-21153","1":"product","2":"type-product","3":"status-publish","4":"has-post-thumbnail","6":"product_cat-reims-sp","7":"product_cat-todos-los-tours-privados-y-actividades-reims-sp-francia","8":"product_cat-paris-es","9":"product_cat-paris-top-ventas-es","10":"product_cat-paris-actividades-es","11":"product_cat-paris-excursiones-es","13":"first","14":"instock","15":"shipping-taxable","16":"purchasable","17":"product-type-simple"},"acf":[],"yoast_head":"<!-- This site is optimized with the Yoast SEO Premium plugin v25.3.1 (Yoast SEO v25.3.1) - https:\/\/yoast.com\/wordpress\/plugins\/seo\/ -->\n<title>\u27a1\ufe0f Tour privado a las mejores Bodegas de champ\u00e1n desde Par\u00eds | Tour Travel &amp; More<\/title>\n<meta name=\"description\" content=\"\u00bfQuieres conocer la ruta tur\u00edstica del champ\u00e1n? Este tour privado a las mejores bodegas de champ\u00e1n desde Par\u00eds te llevar\u00e1 hasta las casas de vino \u2705\" \/>\n<meta name=\"robots\" content=\"index, follow, max-snippet:-1, max-image-preview:large, max-video-preview:-1\" \/>\n<link rel=\"canonical\" href=\"https:\/\/tourtravelandmore.com\/es\/tours\/francia\/reims-sp\/todos-los-tours-privados-y-actividades-reims-sp-francia\/tour-privado-a-las-mejores-bodegas-de-champan-desde-paris-en-coche\/\" \/>\n<meta property=\"og:locale\" content=\"es_ES\" \/>\n<meta property=\"og:type\" content=\"article\" \/>\n<meta property=\"og:title\" content=\"Tour Privado a las mejores Bodegas de champ\u00e1n desde Par\u00eds en coche\" \/>\n<meta property=\"og:description\" content=\"\u00bfQuieres conocer la ruta tur\u00edstica del champ\u00e1n? Este tour privado a las mejores bodegas de champ\u00e1n desde Par\u00eds te llevar\u00e1 hasta las casas de vino \u2705\" \/>\n<meta property=\"og:url\" content=\"https:\/\/tourtravelandmore.com\/es\/tours\/francia\/reims-sp\/todos-los-tours-privados-y-actividades-reims-sp-francia\/tour-privado-a-las-mejores-bodegas-de-champan-desde-paris-en-coche\/\" \/>\n<meta property=\"og:site_name\" content=\"Tour Travel And More\" \/>\n<meta property=\"article:publisher\" content=\"https:\/\/www.facebook.com\/tourtravelandmore\/\" \/>\n<meta property=\"article:modified_time\" content=\"2024-08-06T14:33:02+00:00\" \/>\n<meta property=\"og:image\" content=\"https:\/\/tourtravelandmore.com\/wp-content\/uploads\/2022\/01\/VrankenPommery2-1.jpg\" \/>\n\t<meta property=\"og:image:width\" content=\"800\" \/>\n\t<meta property=\"og:image:height\" content=\"600\" \/>\n\t<meta property=\"og:image:type\" content=\"image\/jpeg\" \/>\n<meta name=\"twitter:card\" content=\"summary_large_image\" \/>\n<meta name=\"twitter:site\" content=\"@TourTravel_More\" \/>\n<meta name=\"twitter:label1\" content=\"Tiempo de lectura\" \/>\n\t<meta name=\"twitter:data1\" content=\"5 minutos\" \/>\n<script type=\"application\/ld+json\" class=\"yoast-schema-graph\">{\"@context\":\"https:\/\/schema.org\",\"@graph\":[{\"@type\":\"WebPage\",\"@id\":\"https:\/\/tourtravelandmore.com\/es\/tours\/francia\/reims-sp\/todos-los-tours-privados-y-actividades-reims-sp-francia\/tour-privado-a-las-mejores-bodegas-de-champan-desde-paris-en-coche\/\",\"url\":\"https:\/\/tourtravelandmore.com\/es\/tours\/francia\/reims-sp\/todos-los-tours-privados-y-actividades-reims-sp-francia\/tour-privado-a-las-mejores-bodegas-de-champan-desde-paris-en-coche\/\",\"name\":\"\u27a1\ufe0f Tour privado a las mejores Bodegas de champ\u00e1n desde Par\u00eds | Tour Travel & More\",\"isPartOf\":{\"@id\":\"https:\/\/tourtravelandmore.com\/es\/#website\"},\"primaryImageOfPage\":{\"@id\":\"https:\/\/tourtravelandmore.com\/es\/tours\/francia\/reims-sp\/todos-los-tours-privados-y-actividades-reims-sp-francia\/tour-privado-a-las-mejores-bodegas-de-champan-desde-paris-en-coche\/#primaryimage\"},\"image\":{\"@id\":\"https:\/\/tourtravelandmore.com\/es\/tours\/francia\/reims-sp\/todos-los-tours-privados-y-actividades-reims-sp-francia\/tour-privado-a-las-mejores-bodegas-de-champan-desde-paris-en-coche\/#primaryimage\"},\"thumbnailUrl\":\"https:\/\/tourtravelandmore.com\/wp-content\/uploads\/2022\/01\/VrankenPommery2-1.jpg\",\"datePublished\":\"2018-04-26T14:42:23+00:00\",\"dateModified\":\"2024-08-06T14:33:02+00:00\",\"description\":\"\u00bfQuieres conocer la ruta tur\u00edstica del champ\u00e1n? Este tour privado a las mejores bodegas de champ\u00e1n desde Par\u00eds te llevar\u00e1 hasta las casas de vino \u2705\",\"breadcrumb\":{\"@id\":\"https:\/\/tourtravelandmore.com\/es\/tours\/francia\/reims-sp\/todos-los-tours-privados-y-actividades-reims-sp-francia\/tour-privado-a-las-mejores-bodegas-de-champan-desde-paris-en-coche\/#breadcrumb\"},\"inLanguage\":\"es\",\"potentialAction\":[{\"@type\":\"ReadAction\",\"target\":[\"https:\/\/tourtravelandmore.com\/es\/tours\/francia\/reims-sp\/todos-los-tours-privados-y-actividades-reims-sp-francia\/tour-privado-a-las-mejores-bodegas-de-champan-desde-paris-en-coche\/\"]}]},{\"@type\":\"ImageObject\",\"inLanguage\":\"es\",\"@id\":\"https:\/\/tourtravelandmore.com\/es\/tours\/francia\/reims-sp\/todos-los-tours-privados-y-actividades-reims-sp-francia\/tour-privado-a-las-mejores-bodegas-de-champan-desde-paris-en-coche\/#primaryimage\",\"url\":\"https:\/\/tourtravelandmore.com\/wp-content\/uploads\/2022\/01\/VrankenPommery2-1.jpg\",\"contentUrl\":\"https:\/\/tourtravelandmore.com\/wp-content\/uploads\/2022\/01\/VrankenPommery2-1.jpg\",\"width\":800,\"height\":600},{\"@type\":\"BreadcrumbList\",\"@id\":\"https:\/\/tourtravelandmore.com\/es\/tours\/francia\/reims-sp\/todos-los-tours-privados-y-actividades-reims-sp-francia\/tour-privado-a-las-mejores-bodegas-de-champan-desde-paris-en-coche\/#breadcrumb\",\"itemListElement\":[{\"@type\":\"ListItem\",\"position\":1,\"name\":\"Home\",\"item\":\"https:\/\/tourtravelandmore.com\/es\/\"},{\"@type\":\"ListItem\",\"position\":2,\"name\":\"Tours\",\"item\":\"https:\/\/tourtravelandmore.com\/es\/tours\/\"},{\"@type\":\"ListItem\",\"position\":3,\"name\":\"Tour Privado a las mejores Bodegas de champ\u00e1n desde Par\u00eds en coche\"}]},{\"@type\":\"WebSite\",\"@id\":\"https:\/\/tourtravelandmore.com\/es\/#website\",\"url\":\"https:\/\/tourtravelandmore.com\/es\/\",\"name\":\"Tour Travel And More\",\"description\":\"Private sightseeing tours and luxury transfers in Spain\",\"publisher\":{\"@id\":\"https:\/\/tourtravelandmore.com\/es\/#organization\"},\"potentialAction\":[{\"@type\":\"SearchAction\",\"target\":{\"@type\":\"EntryPoint\",\"urlTemplate\":\"https:\/\/tourtravelandmore.com\/es\/?s={search_term_string}\"},\"query-input\":{\"@type\":\"PropertyValueSpecification\",\"valueRequired\":true,\"valueName\":\"search_term_string\"}}],\"inLanguage\":\"es\"},{\"@type\":\"Organization\",\"@id\":\"https:\/\/tourtravelandmore.com\/es\/#organization\",\"name\":\"Tour Travel And More\",\"url\":\"https:\/\/tourtravelandmore.com\/es\/\",\"logo\":{\"@type\":\"ImageObject\",\"inLanguage\":\"es\",\"@id\":\"https:\/\/tourtravelandmore.com\/es\/#\/schema\/logo\/image\/\",\"url\":\"https:\/\/tourtravelandmore.com\/wp-content\/uploads\/2022\/12\/cropped-logo-cabecera-new.png\",\"contentUrl\":\"https:\/\/tourtravelandmore.com\/wp-content\/uploads\/2022\/12\/cropped-logo-cabecera-new.png\",\"width\":430,\"height\":61,\"caption\":\"Tour Travel And More\"},\"image\":{\"@id\":\"https:\/\/tourtravelandmore.com\/es\/#\/schema\/logo\/image\/\"},\"sameAs\":[\"https:\/\/www.facebook.com\/tourtravelandmore\/\",\"https:\/\/x.com\/TourTravel_More\"]}]}<\/script>\n<!-- \/ Yoast SEO Premium plugin. -->","yoast_head_json":{"title":"\u27a1\ufe0f Tour privado a las mejores Bodegas de champ\u00e1n desde Par\u00eds | Tour Travel & More","description":"\u00bfQuieres conocer la ruta tur\u00edstica del champ\u00e1n? Este tour privado a las mejores bodegas de champ\u00e1n desde Par\u00eds te llevar\u00e1 hasta las casas de vino \u2705","robots":{"index":"index","follow":"follow","max-snippet":"max-snippet:-1","max-image-preview":"max-image-preview:large","max-video-preview":"max-video-preview:-1"},"canonical":"https:\/\/tourtravelandmore.com\/es\/tours\/francia\/reims-sp\/todos-los-tours-privados-y-actividades-reims-sp-francia\/tour-privado-a-las-mejores-bodegas-de-champan-desde-paris-en-coche\/","og_locale":"es_ES","og_type":"article","og_title":"Tour Privado a las mejores Bodegas de champ\u00e1n desde Par\u00eds en coche","og_description":"\u00bfQuieres conocer la ruta tur\u00edstica del champ\u00e1n? Este tour privado a las mejores bodegas de champ\u00e1n desde Par\u00eds te llevar\u00e1 hasta las casas de vino \u2705","og_url":"https:\/\/tourtravelandmore.com\/es\/tours\/francia\/reims-sp\/todos-los-tours-privados-y-actividades-reims-sp-francia\/tour-privado-a-las-mejores-bodegas-de-champan-desde-paris-en-coche\/","og_site_name":"Tour Travel And More","article_publisher":"https:\/\/www.facebook.com\/tourtravelandmore\/","article_modified_time":"2024-08-06T14:33:02+00:00","og_image":[{"width":800,"height":600,"url":"https:\/\/tourtravelandmore.com\/wp-content\/uploads\/2022\/01\/VrankenPommery2-1.jpg","type":"image\/jpeg"}],"twitter_card":"summary_large_image","twitter_site":"@TourTravel_More","twitter_misc":{"Tiempo de lectura":"5 minutos"},"schema":{"@context":"https:\/\/schema.org","@graph":[{"@type":"WebPage","@id":"https:\/\/tourtravelandmore.com\/es\/tours\/francia\/reims-sp\/todos-los-tours-privados-y-actividades-reims-sp-francia\/tour-privado-a-las-mejores-bodegas-de-champan-desde-paris-en-coche\/","url":"https:\/\/tourtravelandmore.com\/es\/tours\/francia\/reims-sp\/todos-los-tours-privados-y-actividades-reims-sp-francia\/tour-privado-a-las-mejores-bodegas-de-champan-desde-paris-en-coche\/","name":"\u27a1\ufe0f Tour privado a las mejores Bodegas de champ\u00e1n desde Par\u00eds | Tour Travel & More","isPartOf":{"@id":"https:\/\/tourtravelandmore.com\/es\/#website"},"primaryImageOfPage":{"@id":"https:\/\/tourtravelandmore.com\/es\/tours\/francia\/reims-sp\/todos-los-tours-privados-y-actividades-reims-sp-francia\/tour-privado-a-las-mejores-bodegas-de-champan-desde-paris-en-coche\/#primaryimage"},"image":{"@id":"https:\/\/tourtravelandmore.com\/es\/tours\/francia\/reims-sp\/todos-los-tours-privados-y-actividades-reims-sp-francia\/tour-privado-a-las-mejores-bodegas-de-champan-desde-paris-en-coche\/#primaryimage"},"thumbnailUrl":"https:\/\/tourtravelandmore.com\/wp-content\/uploads\/2022\/01\/VrankenPommery2-1.jpg","datePublished":"2018-04-26T14:42:23+00:00","dateModified":"2024-08-06T14:33:02+00:00","description":"\u00bfQuieres conocer la ruta tur\u00edstica del champ\u00e1n? Este tour privado a las mejores bodegas de champ\u00e1n desde Par\u00eds te llevar\u00e1 hasta las casas de vino \u2705","breadcrumb":{"@id":"https:\/\/tourtravelandmore.com\/es\/tours\/francia\/reims-sp\/todos-los-tours-privados-y-actividades-reims-sp-francia\/tour-privado-a-las-mejores-bodegas-de-champan-desde-paris-en-coche\/#breadcrumb"},"inLanguage":"es","potentialAction":[{"@type":"ReadAction","target":["https:\/\/tourtravelandmore.com\/es\/tours\/francia\/reims-sp\/todos-los-tours-privados-y-actividades-reims-sp-francia\/tour-privado-a-las-mejores-bodegas-de-champan-desde-paris-en-coche\/"]}]},{"@type":"ImageObject","inLanguage":"es","@id":"https:\/\/tourtravelandmore.com\/es\/tours\/francia\/reims-sp\/todos-los-tours-privados-y-actividades-reims-sp-francia\/tour-privado-a-las-mejores-bodegas-de-champan-desde-paris-en-coche\/#primaryimage","url":"https:\/\/tourtravelandmore.com\/wp-content\/uploads\/2022\/01\/VrankenPommery2-1.jpg","contentUrl":"https:\/\/tourtravelandmore.com\/wp-content\/uploads\/2022\/01\/VrankenPommery2-1.jpg","width":800,"height":600},{"@type":"BreadcrumbList","@id":"https:\/\/tourtravelandmore.com\/es\/tours\/francia\/reims-sp\/todos-los-tours-privados-y-actividades-reims-sp-francia\/tour-privado-a-las-mejores-bodegas-de-champan-desde-paris-en-coche\/#breadcrumb","itemListElement":[{"@type":"ListItem","position":1,"name":"Home","item":"https:\/\/tourtravelandmore.com\/es\/"},{"@type":"ListItem","position":2,"name":"Tours","item":"https:\/\/tourtravelandmore.com\/es\/tours\/"},{"@type":"ListItem","position":3,"name":"Tour Privado a las mejores Bodegas de champ\u00e1n desde Par\u00eds en coche"}]},{"@type":"WebSite","@id":"https:\/\/tourtravelandmore.com\/es\/#website","url":"https:\/\/tourtravelandmore.com\/es\/","name":"Tour Travel And More","description":"Private sightseeing tours and luxury transfers in Spain","publisher":{"@id":"https:\/\/tourtravelandmore.com\/es\/#organization"},"potentialAction":[{"@type":"SearchAction","target":{"@type":"EntryPoint","urlTemplate":"https:\/\/tourtravelandmore.com\/es\/?s={search_term_string}"},"query-input":{"@type":"PropertyValueSpecification","valueRequired":true,"valueName":"search_term_string"}}],"inLanguage":"es"},{"@type":"Organization","@id":"https:\/\/tourtravelandmore.com\/es\/#organization","name":"Tour Travel And More","url":"https:\/\/tourtravelandmore.com\/es\/","logo":{"@type":"ImageObject","inLanguage":"es","@id":"https:\/\/tourtravelandmore.com\/es\/#\/schema\/logo\/image\/","url":"https:\/\/tourtravelandmore.com\/wp-content\/uploads\/2022\/12\/cropped-logo-cabecera-new.png","contentUrl":"https:\/\/tourtravelandmore.com\/wp-content\/uploads\/2022\/12\/cropped-logo-cabecera-new.png","width":430,"height":61,"caption":"Tour Travel And More"},"image":{"@id":"https:\/\/tourtravelandmore.com\/es\/#\/schema\/logo\/image\/"},"sameAs":["https:\/\/www.facebook.com\/tourtravelandmore\/","https:\/\/x.com\/TourTravel_More"]}]}},"_links":{"self":[{"href":"https:\/\/tourtravelandmore.com\/es\/wp-json\/wp\/v2\/product\/21153","targetHints":{"allow":["GET"]}}],"collection":[{"href":"https:\/\/tourtravelandmore.com\/es\/wp-json\/wp\/v2\/product"}],"about":[{"href":"https:\/\/tourtravelandmore.com\/es\/wp-json\/wp\/v2\/types\/product"}],"replies":[{"embeddable":true,"href":"https:\/\/tourtravelandmore.com\/es\/wp-json\/wp\/v2\/comments?post=21153"}],"wp:featuredmedia":[{"embeddable":true,"href":"https:\/\/tourtravelandmore.com\/es\/wp-json\/wp\/v2\/media\/118493"}],"wp:attachment":[{"href":"https:\/\/tourtravelandmore.com\/es\/wp-json\/wp\/v2\/media?parent=21153"}],"wp:term":[{"taxonomy":"product_brand","embeddable":true,"href":"https:\/\/tourtravelandmore.com\/es\/wp-json\/wp\/v2\/product_brand?post=21153"},{"taxonomy":"product_cat","embeddable":true,"href":"https:\/\/tourtravelandmore.com\/es\/wp-json\/wp\/v2\/product_cat?post=21153"},{"taxonomy":"product_tag","embeddable":true,"href":"https:\/\/tourtravelandmore.com\/es\/wp-json\/wp\/v2\/product_tag?post=21153"}],"curies":[{"name":"wp","href":"https:\/\/api.w.org\/{rel}","templated":true}]}}