{"id":21142,"date":"2018-04-13T17:04:30","date_gmt":"2018-04-26T14:11:48","guid":{"rendered":"http:\/\/tourtravelandmore.com\/es\/?post_type=product&#038;p=21142"},"modified":"2024-08-06T16:50:16","modified_gmt":"2024-08-06T14:50:16","slug":"tour-privado-normandia-desde-paris","status":"publish","type":"product","link":"https:\/\/tourtravelandmore.com\/es\/tours\/francia\/paris-es\/tour-privado-normandia-desde-paris\/","title":{"rendered":"Tour privado a Normand\u00eda desde Par\u00eds"},"content":{"rendered":"<h2><strong>Descripci\u00f3n del Tour privado a Normand\u00eda desde Par\u00eds<\/strong><\/h2>\n<p><strong>Disfruta una excursi\u00f3n privada a Normand\u00eda desde Par\u00eds<\/strong>. Durante este tour privado visitar\u00e1 las emblem\u00e1ticas playas donde sucedi\u00f3 el <strong>D\u00eda-D<\/strong> en <strong>Normand\u00eda.<\/strong> Este tour puede estar centrado en el rol que cumpli\u00f3 la armada americana durante este d\u00eda o bien en un an\u00e1lisis general de lo sucedido. Visita esta \u00e1rea hist\u00f3rica junto a un gu\u00eda privado experto con nuestra excursi\u00f3n a <strong>Normandia<\/strong> desde <strong>Par\u00eds<\/strong> en espa\u00f1ol.<\/p>\n<p><span style=\"font-weight: 400;\">Su chofer privado le recoger\u00e1 en su sitio deseado en <strong>Par\u00eds.<\/strong> Manejar\u00e1n aproximadamente <strong>3<\/strong> <strong>horas<\/strong> hasta <strong>Caen,<\/strong> adonde les estar\u00e1 esperando su gu\u00eda <strong>oficial privado.<\/strong> Una vez all\u00ed se encontrar\u00e1n con su gu\u00eda <strong>oficial privado<\/strong> para un tour privado de 4 horas de los sitios m\u00e1s emblem\u00e1ticos que conformaron parte del emblem\u00e1tico Normand\u00eda<\/span><\/p>\n<p><span style=\"font-weight: 400;\">Nuestros tours son privados y organizados a medida. P\u00f3ngase en contacto con nosotros para un itinerario personalizado. El itinerario, la duraci\u00f3n y el horario de comienzo del tour son absolutamente adaptables a su deseo <strong>personal.<\/strong><\/span><\/p>\n<h2><strong>Puntos de inter\u00e9s en el Tour privado a Normand\u00eda desde Par\u00eds<\/strong><\/h2>\n<p><span style=\"font-weight: 400;\">Hay mucho para ver en Normand\u00eda! Dependiendo de su inter\u00e9s personal, el tour podr\u00eda estar enfocado en el rol de la armada americana o en la historia m\u00e1s importante del <strong><a href=\"https:\/\/www.history.com\/topics\/world-war-ii\/d-day\">D\u00eda-D<\/a>.<\/strong> El <strong>6 de Junio de 1944<\/strong> una de las operaciones militares m\u00e1s importante de la historia sucedi\u00f3 cuando aproximadamente <strong>156,000 soldados Americanos, Brit\u00e1nicos<\/strong> y <strong>Canadienses<\/strong> aterrizaron en 5 playas de la costa francesa en <strong>Normand\u00eda.<\/strong><\/span><\/p>\n<p><span style=\"font-weight: 400;\">Durante su tour privado con gu\u00eda oficial visitar\u00e1n los sitios m\u00e1s emblem\u00e1ticos de <strong>Normand\u00eda<\/strong> y aprender\u00e1n la historia all\u00ed sucedida en detalle. Algunos de los sitios que visitar\u00e1n durante su tour privado ser\u00e1n:<\/span><\/p>\n<ul>\n<li><strong>Arromanches<\/strong><\/li>\n<li><strong>La Cambe<\/strong><\/li>\n<li><strong>Pointe du Hoc<\/strong><\/li>\n<li><strong>Playa Omaha<\/strong><\/li>\n<li><strong>Cementerios americanos y centro de visitantes<\/strong><\/li>\n<li><strong>Playa del Oro<\/strong><\/li>\n<li><strong>Playa Utah<\/strong><\/li>\n<li><strong>Mucho m\u00e1s!<\/strong><\/li>\n<\/ul>\n<p><span style=\"font-weight: 400;\">Su gu\u00eda privado le recomendar\u00e1 un buen sitio para comer en la regi\u00f3n. En caso de que lo deseen es posible reservar un sitio con anterioridad.<\/span><\/p>\n<p>Cont\u00e1ctenos y le ayudaremos a coordinar una experiencia privada a medida desde Par\u00eds. Es posible coordinar su tour privado con billetes de tren hacia Caen en lugar de un coche a disposici\u00f3n durante 12 horas. En ese caso nuestro gu\u00eda y chofer le recoger\u00e1n en la estaci\u00f3n de tren de Caen para visitar las playas de Normand\u00eda.<\/p>\n","protected":false},"excerpt":{"rendered":"<p>Visite las maravillosas playas de Normandia en una excursion desde Paris junto a un chofer y gu\u00eda privado en espa\u00f1ol. Su gu\u00eda, experto en la historia de la segunda guerra mundial, le ense\u00f1ar\u00e1 la historia de los sitios m\u00e1s emblem\u00e1ticos de Normand\u00eda. Su chofer le recoger\u00e1 en su sitio deseado en Par\u00eds.<\/p>\n","protected":false},"featured_media":81557,"comment_status":"open","ping_status":"closed","template":"","meta":{"_acf_changed":false},"product_brand":[],"product_cat":[834,848,849,851],"product_tag":[],"class_list":{"0":"post-21142","1":"product","2":"type-product","3":"status-publish","4":"has-post-thumbnail","6":"product_cat-paris-es","7":"product_cat-paris-top-ventas-es","8":"product_cat-paris-actividades-es","9":"product_cat-paris-excursiones-es","11":"first","12":"instock","13":"shipping-taxable","14":"purchasable","15":"product-type-simple"},"acf":[],"yoast_head":"<!-- This site is optimized with the Yoast SEO Premium plugin v25.3.1 (Yoast SEO v25.3.1) - https:\/\/yoast.com\/wordpress\/plugins\/seo\/ -->\n<title>\u27a1\ufe0f Excursion privada a Normandia desde Paris en espa\u00f1ol | Tour Travel &amp; More<\/title>\n<meta name=\"description\" content=\"Visite las playas de Normandia en una excursion desde Paris junto a un chofer y gu\u00eda privado en espa\u00f1ol experto en la historia de la segunda guerra mundial \u2705\" \/>\n<meta name=\"robots\" content=\"index, follow, max-snippet:-1, max-image-preview:large, max-video-preview:-1\" \/>\n<link rel=\"canonical\" href=\"https:\/\/tourtravelandmore.com\/es\/tours\/francia\/paris-es\/tour-privado-normandia-desde-paris\/\" \/>\n<meta property=\"og:locale\" content=\"es_ES\" \/>\n<meta property=\"og:type\" content=\"article\" \/>\n<meta property=\"og:title\" content=\"Tour privado a Normand\u00eda desde Par\u00eds\" \/>\n<meta property=\"og:description\" content=\"Visite las playas de Normandia en una excursion desde Paris junto a un chofer y gu\u00eda privado en espa\u00f1ol experto en la historia de la segunda guerra mundial \u2705\" \/>\n<meta property=\"og:url\" content=\"https:\/\/tourtravelandmore.com\/es\/tours\/francia\/paris-es\/tour-privado-normandia-desde-paris\/\" \/>\n<meta property=\"og:site_name\" content=\"Tour Travel And More\" \/>\n<meta property=\"article:publisher\" content=\"https:\/\/www.facebook.com\/tourtravelandmore\/\" \/>\n<meta property=\"article:modified_time\" content=\"2024-08-06T14:50:16+00:00\" \/>\n<meta property=\"og:image\" content=\"https:\/\/tourtravelandmore.com\/wp-content\/uploads\/2018\/04\/omaha-beach-min.jpg\" \/>\n\t<meta property=\"og:image:width\" content=\"1024\" \/>\n\t<meta property=\"og:image:height\" content=\"496\" \/>\n\t<meta property=\"og:image:type\" content=\"image\/jpeg\" \/>\n<meta name=\"twitter:card\" content=\"summary_large_image\" \/>\n<meta name=\"twitter:site\" content=\"@TourTravel_More\" \/>\n<meta name=\"twitter:label1\" content=\"Tiempo de lectura\" \/>\n\t<meta name=\"twitter:data1\" content=\"2 minutos\" \/>\n<script type=\"application\/ld+json\" class=\"yoast-schema-graph\">{\"@context\":\"https:\/\/schema.org\",\"@graph\":[{\"@type\":\"WebPage\",\"@id\":\"https:\/\/tourtravelandmore.com\/es\/tours\/francia\/paris-es\/tour-privado-normandia-desde-paris\/\",\"url\":\"https:\/\/tourtravelandmore.com\/es\/tours\/francia\/paris-es\/tour-privado-normandia-desde-paris\/\",\"name\":\"\u27a1\ufe0f Excursion privada a Normandia desde Paris en espa\u00f1ol | Tour Travel & More\",\"isPartOf\":{\"@id\":\"https:\/\/tourtravelandmore.com\/es\/#website\"},\"primaryImageOfPage\":{\"@id\":\"https:\/\/tourtravelandmore.com\/es\/tours\/francia\/paris-es\/tour-privado-normandia-desde-paris\/#primaryimage\"},\"image\":{\"@id\":\"https:\/\/tourtravelandmore.com\/es\/tours\/francia\/paris-es\/tour-privado-normandia-desde-paris\/#primaryimage\"},\"thumbnailUrl\":\"https:\/\/tourtravelandmore.com\/wp-content\/uploads\/2018\/04\/omaha-beach-min.jpg\",\"datePublished\":\"2018-04-26T14:11:48+00:00\",\"dateModified\":\"2024-08-06T14:50:16+00:00\",\"description\":\"Visite las playas de Normandia en una excursion desde Paris junto a un chofer y gu\u00eda privado en espa\u00f1ol experto en la historia de la segunda guerra mundial \u2705\",\"breadcrumb\":{\"@id\":\"https:\/\/tourtravelandmore.com\/es\/tours\/francia\/paris-es\/tour-privado-normandia-desde-paris\/#breadcrumb\"},\"inLanguage\":\"es\",\"potentialAction\":[{\"@type\":\"ReadAction\",\"target\":[\"https:\/\/tourtravelandmore.com\/es\/tours\/francia\/paris-es\/tour-privado-normandia-desde-paris\/\"]}]},{\"@type\":\"ImageObject\",\"inLanguage\":\"es\",\"@id\":\"https:\/\/tourtravelandmore.com\/es\/tours\/francia\/paris-es\/tour-privado-normandia-desde-paris\/#primaryimage\",\"url\":\"https:\/\/tourtravelandmore.com\/wp-content\/uploads\/2018\/04\/omaha-beach-min.jpg\",\"contentUrl\":\"https:\/\/tourtravelandmore.com\/wp-content\/uploads\/2018\/04\/omaha-beach-min.jpg\",\"width\":1024,\"height\":496,\"caption\":\"Omaha beach\"},{\"@type\":\"BreadcrumbList\",\"@id\":\"https:\/\/tourtravelandmore.com\/es\/tours\/francia\/paris-es\/tour-privado-normandia-desde-paris\/#breadcrumb\",\"itemListElement\":[{\"@type\":\"ListItem\",\"position\":1,\"name\":\"Home\",\"item\":\"https:\/\/tourtravelandmore.com\/es\/\"},{\"@type\":\"ListItem\",\"position\":2,\"name\":\"Tours\",\"item\":\"https:\/\/tourtravelandmore.com\/es\/tours\/\"},{\"@type\":\"ListItem\",\"position\":3,\"name\":\"Tour privado a Normand\u00eda desde Par\u00eds\"}]},{\"@type\":\"WebSite\",\"@id\":\"https:\/\/tourtravelandmore.com\/es\/#website\",\"url\":\"https:\/\/tourtravelandmore.com\/es\/\",\"name\":\"Tour Travel And More\",\"description\":\"Private sightseeing tours and luxury transfers in Spain\",\"publisher\":{\"@id\":\"https:\/\/tourtravelandmore.com\/es\/#organization\"},\"potentialAction\":[{\"@type\":\"SearchAction\",\"target\":{\"@type\":\"EntryPoint\",\"urlTemplate\":\"https:\/\/tourtravelandmore.com\/es\/?s={search_term_string}\"},\"query-input\":{\"@type\":\"PropertyValueSpecification\",\"valueRequired\":true,\"valueName\":\"search_term_string\"}}],\"inLanguage\":\"es\"},{\"@type\":\"Organization\",\"@id\":\"https:\/\/tourtravelandmore.com\/es\/#organization\",\"name\":\"Tour Travel And More\",\"url\":\"https:\/\/tourtravelandmore.com\/es\/\",\"logo\":{\"@type\":\"ImageObject\",\"inLanguage\":\"es\",\"@id\":\"https:\/\/tourtravelandmore.com\/es\/#\/schema\/logo\/image\/\",\"url\":\"https:\/\/tourtravelandmore.com\/wp-content\/uploads\/2022\/12\/cropped-logo-cabecera-new.png\",\"contentUrl\":\"https:\/\/tourtravelandmore.com\/wp-content\/uploads\/2022\/12\/cropped-logo-cabecera-new.png\",\"width\":430,\"height\":61,\"caption\":\"Tour Travel And More\"},\"image\":{\"@id\":\"https:\/\/tourtravelandmore.com\/es\/#\/schema\/logo\/image\/\"},\"sameAs\":[\"https:\/\/www.facebook.com\/tourtravelandmore\/\",\"https:\/\/x.com\/TourTravel_More\"]}]}<\/script>\n<!-- \/ Yoast SEO Premium plugin. -->","yoast_head_json":{"title":"\u27a1\ufe0f Excursion privada a Normandia desde Paris en espa\u00f1ol | Tour Travel & More","description":"Visite las playas de Normandia en una excursion desde Paris junto a un chofer y gu\u00eda privado en espa\u00f1ol experto en la historia de la segunda guerra mundial \u2705","robots":{"index":"index","follow":"follow","max-snippet":"max-snippet:-1","max-image-preview":"max-image-preview:large","max-video-preview":"max-video-preview:-1"},"canonical":"https:\/\/tourtravelandmore.com\/es\/tours\/francia\/paris-es\/tour-privado-normandia-desde-paris\/","og_locale":"es_ES","og_type":"article","og_title":"Tour privado a Normand\u00eda desde Par\u00eds","og_description":"Visite las playas de Normandia en una excursion desde Paris junto a un chofer y gu\u00eda privado en espa\u00f1ol experto en la historia de la segunda guerra mundial \u2705","og_url":"https:\/\/tourtravelandmore.com\/es\/tours\/francia\/paris-es\/tour-privado-normandia-desde-paris\/","og_site_name":"Tour Travel And More","article_publisher":"https:\/\/www.facebook.com\/tourtravelandmore\/","article_modified_time":"2024-08-06T14:50:16+00:00","og_image":[{"width":1024,"height":496,"url":"https:\/\/tourtravelandmore.com\/wp-content\/uploads\/2018\/04\/omaha-beach-min.jpg","type":"image\/jpeg"}],"twitter_card":"summary_large_image","twitter_site":"@TourTravel_More","twitter_misc":{"Tiempo de lectura":"2 minutos"},"schema":{"@context":"https:\/\/schema.org","@graph":[{"@type":"WebPage","@id":"https:\/\/tourtravelandmore.com\/es\/tours\/francia\/paris-es\/tour-privado-normandia-desde-paris\/","url":"https:\/\/tourtravelandmore.com\/es\/tours\/francia\/paris-es\/tour-privado-normandia-desde-paris\/","name":"\u27a1\ufe0f Excursion privada a Normandia desde Paris en espa\u00f1ol | Tour Travel & More","isPartOf":{"@id":"https:\/\/tourtravelandmore.com\/es\/#website"},"primaryImageOfPage":{"@id":"https:\/\/tourtravelandmore.com\/es\/tours\/francia\/paris-es\/tour-privado-normandia-desde-paris\/#primaryimage"},"image":{"@id":"https:\/\/tourtravelandmore.com\/es\/tours\/francia\/paris-es\/tour-privado-normandia-desde-paris\/#primaryimage"},"thumbnailUrl":"https:\/\/tourtravelandmore.com\/wp-content\/uploads\/2018\/04\/omaha-beach-min.jpg","datePublished":"2018-04-26T14:11:48+00:00","dateModified":"2024-08-06T14:50:16+00:00","description":"Visite las playas de Normandia en una excursion desde Paris junto a un chofer y gu\u00eda privado en espa\u00f1ol experto en la historia de la segunda guerra mundial \u2705","breadcrumb":{"@id":"https:\/\/tourtravelandmore.com\/es\/tours\/francia\/paris-es\/tour-privado-normandia-desde-paris\/#breadcrumb"},"inLanguage":"es","potentialAction":[{"@type":"ReadAction","target":["https:\/\/tourtravelandmore.com\/es\/tours\/francia\/paris-es\/tour-privado-normandia-desde-paris\/"]}]},{"@type":"ImageObject","inLanguage":"es","@id":"https:\/\/tourtravelandmore.com\/es\/tours\/francia\/paris-es\/tour-privado-normandia-desde-paris\/#primaryimage","url":"https:\/\/tourtravelandmore.com\/wp-content\/uploads\/2018\/04\/omaha-beach-min.jpg","contentUrl":"https:\/\/tourtravelandmore.com\/wp-content\/uploads\/2018\/04\/omaha-beach-min.jpg","width":1024,"height":496,"caption":"Omaha beach"},{"@type":"BreadcrumbList","@id":"https:\/\/tourtravelandmore.com\/es\/tours\/francia\/paris-es\/tour-privado-normandia-desde-paris\/#breadcrumb","itemListElement":[{"@type":"ListItem","position":1,"name":"Home","item":"https:\/\/tourtravelandmore.com\/es\/"},{"@type":"ListItem","position":2,"name":"Tours","item":"https:\/\/tourtravelandmore.com\/es\/tours\/"},{"@type":"ListItem","position":3,"name":"Tour privado a Normand\u00eda desde Par\u00eds"}]},{"@type":"WebSite","@id":"https:\/\/tourtravelandmore.com\/es\/#website","url":"https:\/\/tourtravelandmore.com\/es\/","name":"Tour Travel And More","description":"Private sightseeing tours and luxury transfers in Spain","publisher":{"@id":"https:\/\/tourtravelandmore.com\/es\/#organization"},"potentialAction":[{"@type":"SearchAction","target":{"@type":"EntryPoint","urlTemplate":"https:\/\/tourtravelandmore.com\/es\/?s={search_term_string}"},"query-input":{"@type":"PropertyValueSpecification","valueRequired":true,"valueName":"search_term_string"}}],"inLanguage":"es"},{"@type":"Organization","@id":"https:\/\/tourtravelandmore.com\/es\/#organization","name":"Tour Travel And More","url":"https:\/\/tourtravelandmore.com\/es\/","logo":{"@type":"ImageObject","inLanguage":"es","@id":"https:\/\/tourtravelandmore.com\/es\/#\/schema\/logo\/image\/","url":"https:\/\/tourtravelandmore.com\/wp-content\/uploads\/2022\/12\/cropped-logo-cabecera-new.png","contentUrl":"https:\/\/tourtravelandmore.com\/wp-content\/uploads\/2022\/12\/cropped-logo-cabecera-new.png","width":430,"height":61,"caption":"Tour Travel And More"},"image":{"@id":"https:\/\/tourtravelandmore.com\/es\/#\/schema\/logo\/image\/"},"sameAs":["https:\/\/www.facebook.com\/tourtravelandmore\/","https:\/\/x.com\/TourTravel_More"]}]}},"_links":{"self":[{"href":"https:\/\/tourtravelandmore.com\/es\/wp-json\/wp\/v2\/product\/21142","targetHints":{"allow":["GET"]}}],"collection":[{"href":"https:\/\/tourtravelandmore.com\/es\/wp-json\/wp\/v2\/product"}],"about":[{"href":"https:\/\/tourtravelandmore.com\/es\/wp-json\/wp\/v2\/types\/product"}],"replies":[{"embeddable":true,"href":"https:\/\/tourtravelandmore.com\/es\/wp-json\/wp\/v2\/comments?post=21142"}],"wp:featuredmedia":[{"embeddable":true,"href":"https:\/\/tourtravelandmore.com\/es\/wp-json\/wp\/v2\/media\/81557"}],"wp:attachment":[{"href":"https:\/\/tourtravelandmore.com\/es\/wp-json\/wp\/v2\/media?parent=21142"}],"wp:term":[{"taxonomy":"product_brand","embeddable":true,"href":"https:\/\/tourtravelandmore.com\/es\/wp-json\/wp\/v2\/product_brand?post=21142"},{"taxonomy":"product_cat","embeddable":true,"href":"https:\/\/tourtravelandmore.com\/es\/wp-json\/wp\/v2\/product_cat?post=21142"},{"taxonomy":"product_tag","embeddable":true,"href":"https:\/\/tourtravelandmore.com\/es\/wp-json\/wp\/v2\/product_tag?post=21142"}],"curies":[{"name":"wp","href":"https:\/\/api.w.org\/{rel}","templated":true}]}}