{"id":21136,"date":"2018-04-13T16:28:24","date_gmt":"2018-04-26T13:56:38","guid":{"rendered":"http:\/\/tourtravelandmore.com\/es\/?post_type=product&#038;p=21136"},"modified":"2024-08-06T16:50:13","modified_gmt":"2024-08-06T14:50:13","slug":"tour-privado-dia-completo-st-michel-desde-paris","status":"publish","type":"product","link":"https:\/\/tourtravelandmore.com\/es\/tours\/francia\/paris-es\/tour-privado-dia-completo-st-michel-desde-paris\/","title":{"rendered":"Tour Privado d\u00eda completo a Monte Saint Michel desde Par\u00eds"},"content":{"rendered":"<h2><strong>Descripci\u00f3n del Tour Privado d\u00eda completo a Monte Saint Michel desde Par\u00eds<\/strong><\/h2>\n<p><strong>Mont Saint Michel<\/strong> es uno de los sitios hist\u00f3ricos m\u00e1s populares de Francia. Este sitio emblem\u00e1tico fue declarado por la UNESCO como patrimonio de la humanidad en 1979. La mayor parte del tiempo el sitio est\u00e1 rodeado de bancos de arena y se convierte en una isla cuando las mareas son muy altas. Visita este sitio hist\u00f3rico con nuestro <strong>tour privado al monte saint Michel desde Paris.<\/strong><\/p>\n<p>Su chofer privado le recoger\u00e1 en su hotel al horario deseado por usted. Luego comenzar\u00e1n su viaje hacia Rennes. Desde all\u00ed manejar\u00e1n aproximadamente 1 hora m\u00e1s hasta llegar a St Michel. Una vez all\u00ed se encontrar\u00e1n con su gu\u00eda privado y disfrutar\u00e1n una visita guiada de este magn\u00edfico sitio hist\u00f3rico. Aprender\u00e1n la historia y leyendas locales mientras caminan sus calles medievales junto a su gu\u00eda.<\/p>\n<p><span style=\"font-weight: 400;\">Nuestros tours son privados y personalizables. Cont\u00e1ctenos y un miembro de nuestro equipo de expertos le ayudar\u00e1 a coordinar una experiencia privada a medida. El itinerario, la duraci\u00f3n y el horario de comienzo del tour son absolutamente adaptables a su deseo personal.<\/span><\/p>\n<h2><strong>Puntos de inter\u00e9s en el Tour Privado d\u00eda completo a Monte Saint Michel desde Par\u00eds<\/strong><\/h2>\n<p>Originalmente llamado <strong>Mont-Tombe,<\/strong> la isla cambio su nombre a <a href=\"http:\/\/www.bienvenueaumontsaintmichel.com\/en\" rel=\"nofollow\"><strong>Mont-Saint-Michel<\/strong><\/a> durante el Siglo 8 debido a una visi\u00f3n del entonces obispo de Avranches. A continuaci\u00f3n el sitio se convirti\u00f3 en un destino de peregrinaci\u00f3n, y en 996 una abad\u00eda benedictina fue edificada. La isla fue fortificada en 1256, resistiendo las guerras de 1337 y 1562. Luego, bajo el mando de Napole\u00f3n I (entre 1804 y 1815), el sitio fue utilizado como prisi\u00f3n, hasta el a\u00f1o 1863. Finalmente, en 1874 el sitio fue declarado monumento nacional.<\/p>\n<p>Visitar\u00e1n este sitio hist\u00f3rico junto a un <strong><em>gu\u00eda oficial privado<\/em><\/strong>. All\u00ed aprender\u00e1n la historia y leyendas mientras caminan las calles medievales del Monte Saint Michel. Durante su visita visitar\u00e1n las fortificaciones y la abad\u00eda.<\/p>\n<p>Durante su tour privado, por supuesto tendr\u00e1n tiempo libre para almorzar en la regi\u00f3n. Nuestro gu\u00eda les recomendar\u00e1 un buen sitio local! Su gu\u00eda privado estar\u00e1 a su disposici\u00f3n durante 3 horas y su chofer durante 12 horas.<\/p>\n<p>Adem\u00e1s de la disposici\u00f3n de su chofer y gu\u00eda privados, este tour privado puede incluir entradas a la abad\u00eda del Monte Saint Michel. Al finalizar su tour privado, su chofer os llevar\u00e1 a su hotel o sitio deseado en Par\u00eds.<\/p>\n<p>Cont\u00e1ctenos y le ayudaremos a coordinar una experiencia privada a medida desde Par\u00eds. Es posible coordinar la disposici\u00f3n de un gu\u00eda oficial privado desde Par\u00eds en caso de que lo deseen.<\/p>\n","protected":false},"excerpt":{"rendered":"<p>Visita el emblem\u00e1tico <strong>Monte Saint Michel<\/strong> es una excursi\u00f3n privada de d\u00eda completo desde Par\u00eds. Explora uno de los sitios m\u00e1s emblem\u00e1ticos de Francia, declarado por UNESCO como Patrimonio de la humanidad, junto a un gu\u00eda oficial privado. Su chofer le recoger\u00e1 en su sitio deseado en Par\u00eds.<\/p>\n","protected":false},"featured_media":20456,"comment_status":"open","ping_status":"closed","template":"","meta":{"_acf_changed":false},"product_brand":[],"product_cat":[4432,3608,834,848,849,851],"product_tag":[],"class_list":{"0":"post-21136","1":"product","2":"type-product","3":"status-publish","4":"has-post-thumbnail","6":"product_cat-all-private-tours-and-activities-es","7":"product_cat-mtstmichel-sp","8":"product_cat-paris-es","9":"product_cat-paris-top-ventas-es","10":"product_cat-paris-actividades-es","11":"product_cat-paris-excursiones-es","13":"first","14":"instock","15":"shipping-taxable","16":"purchasable","17":"product-type-simple"},"acf":[],"yoast_head":"<!-- This site is optimized with the Yoast SEO Premium plugin v25.3.1 (Yoast SEO v25.3.1) - https:\/\/yoast.com\/wordpress\/plugins\/seo\/ -->\n<title>\u27a1\ufe0f Tour privado d\u00eda completo a Monte Saint Michel desde Paris | Tour Travel &amp; More<\/title>\n<meta name=\"description\" content=\"Visita el emblem\u00e1tico Monte Saint Michel desde Paris con chofer y gu\u00eda oficial privados. Explora uno de los sitios m\u00e1s emblem\u00e1ticos de Francia \u2705\" \/>\n<meta name=\"robots\" content=\"index, follow, max-snippet:-1, max-image-preview:large, max-video-preview:-1\" \/>\n<link rel=\"canonical\" href=\"https:\/\/tourtravelandmore.com\/es\/tours\/francia\/paris-es\/tour-privado-dia-completo-st-michel-desde-paris\/\" \/>\n<meta property=\"og:locale\" content=\"es_ES\" \/>\n<meta property=\"og:type\" content=\"article\" \/>\n<meta property=\"og:title\" content=\"Tour Privado d\u00eda completo a Monte Saint Michel desde Par\u00eds\" \/>\n<meta property=\"og:description\" content=\"Visita el emblem\u00e1tico Monte Saint Michel desde Paris con chofer y gu\u00eda oficial privados. Explora uno de los sitios m\u00e1s emblem\u00e1ticos de Francia \u2705\" \/>\n<meta property=\"og:url\" content=\"https:\/\/tourtravelandmore.com\/es\/tours\/francia\/paris-es\/tour-privado-dia-completo-st-michel-desde-paris\/\" \/>\n<meta property=\"og:site_name\" content=\"Tour Travel And More\" \/>\n<meta property=\"article:publisher\" content=\"https:\/\/www.facebook.com\/tourtravelandmore\/\" \/>\n<meta property=\"article:modified_time\" content=\"2024-08-06T14:50:13+00:00\" \/>\n<meta property=\"og:image\" content=\"https:\/\/tourtravelandmore.com\/wp-content\/uploads\/2018\/04\/st-michel2.jpg\" \/>\n\t<meta property=\"og:image:width\" content=\"1024\" \/>\n\t<meta property=\"og:image:height\" content=\"683\" \/>\n\t<meta property=\"og:image:type\" content=\"image\/jpeg\" \/>\n<meta name=\"twitter:card\" content=\"summary_large_image\" \/>\n<meta name=\"twitter:site\" content=\"@TourTravel_More\" \/>\n<meta name=\"twitter:label1\" content=\"Tiempo de lectura\" \/>\n\t<meta name=\"twitter:data1\" content=\"2 minutos\" \/>\n<script type=\"application\/ld+json\" class=\"yoast-schema-graph\">{\"@context\":\"https:\/\/schema.org\",\"@graph\":[{\"@type\":\"WebPage\",\"@id\":\"https:\/\/tourtravelandmore.com\/es\/tours\/francia\/paris-es\/tour-privado-dia-completo-st-michel-desde-paris\/\",\"url\":\"https:\/\/tourtravelandmore.com\/es\/tours\/francia\/paris-es\/tour-privado-dia-completo-st-michel-desde-paris\/\",\"name\":\"\u27a1\ufe0f Tour privado d\u00eda completo a Monte Saint Michel desde Paris | Tour Travel & More\",\"isPartOf\":{\"@id\":\"https:\/\/tourtravelandmore.com\/es\/#website\"},\"primaryImageOfPage\":{\"@id\":\"https:\/\/tourtravelandmore.com\/es\/tours\/francia\/paris-es\/tour-privado-dia-completo-st-michel-desde-paris\/#primaryimage\"},\"image\":{\"@id\":\"https:\/\/tourtravelandmore.com\/es\/tours\/francia\/paris-es\/tour-privado-dia-completo-st-michel-desde-paris\/#primaryimage\"},\"thumbnailUrl\":\"https:\/\/tourtravelandmore.com\/wp-content\/uploads\/2018\/04\/st-michel2.jpg\",\"datePublished\":\"2018-04-26T13:56:38+00:00\",\"dateModified\":\"2024-08-06T14:50:13+00:00\",\"description\":\"Visita el emblem\u00e1tico Monte Saint Michel desde Paris con chofer y gu\u00eda oficial privados. Explora uno de los sitios m\u00e1s emblem\u00e1ticos de Francia \u2705\",\"breadcrumb\":{\"@id\":\"https:\/\/tourtravelandmore.com\/es\/tours\/francia\/paris-es\/tour-privado-dia-completo-st-michel-desde-paris\/#breadcrumb\"},\"inLanguage\":\"es\",\"potentialAction\":[{\"@type\":\"ReadAction\",\"target\":[\"https:\/\/tourtravelandmore.com\/es\/tours\/francia\/paris-es\/tour-privado-dia-completo-st-michel-desde-paris\/\"]}]},{\"@type\":\"ImageObject\",\"inLanguage\":\"es\",\"@id\":\"https:\/\/tourtravelandmore.com\/es\/tours\/francia\/paris-es\/tour-privado-dia-completo-st-michel-desde-paris\/#primaryimage\",\"url\":\"https:\/\/tourtravelandmore.com\/wp-content\/uploads\/2018\/04\/st-michel2.jpg\",\"contentUrl\":\"https:\/\/tourtravelandmore.com\/wp-content\/uploads\/2018\/04\/st-michel2.jpg\",\"width\":1024,\"height\":683},{\"@type\":\"BreadcrumbList\",\"@id\":\"https:\/\/tourtravelandmore.com\/es\/tours\/francia\/paris-es\/tour-privado-dia-completo-st-michel-desde-paris\/#breadcrumb\",\"itemListElement\":[{\"@type\":\"ListItem\",\"position\":1,\"name\":\"Home\",\"item\":\"https:\/\/tourtravelandmore.com\/es\/\"},{\"@type\":\"ListItem\",\"position\":2,\"name\":\"Tours\",\"item\":\"https:\/\/tourtravelandmore.com\/es\/tours\/\"},{\"@type\":\"ListItem\",\"position\":3,\"name\":\"Tour Privado d\u00eda completo a Monte Saint Michel desde Par\u00eds\"}]},{\"@type\":\"WebSite\",\"@id\":\"https:\/\/tourtravelandmore.com\/es\/#website\",\"url\":\"https:\/\/tourtravelandmore.com\/es\/\",\"name\":\"Tour Travel And More\",\"description\":\"Private sightseeing tours and luxury transfers in Spain\",\"publisher\":{\"@id\":\"https:\/\/tourtravelandmore.com\/es\/#organization\"},\"potentialAction\":[{\"@type\":\"SearchAction\",\"target\":{\"@type\":\"EntryPoint\",\"urlTemplate\":\"https:\/\/tourtravelandmore.com\/es\/?s={search_term_string}\"},\"query-input\":{\"@type\":\"PropertyValueSpecification\",\"valueRequired\":true,\"valueName\":\"search_term_string\"}}],\"inLanguage\":\"es\"},{\"@type\":\"Organization\",\"@id\":\"https:\/\/tourtravelandmore.com\/es\/#organization\",\"name\":\"Tour Travel And More\",\"url\":\"https:\/\/tourtravelandmore.com\/es\/\",\"logo\":{\"@type\":\"ImageObject\",\"inLanguage\":\"es\",\"@id\":\"https:\/\/tourtravelandmore.com\/es\/#\/schema\/logo\/image\/\",\"url\":\"https:\/\/tourtravelandmore.com\/wp-content\/uploads\/2022\/12\/cropped-logo-cabecera-new.png\",\"contentUrl\":\"https:\/\/tourtravelandmore.com\/wp-content\/uploads\/2022\/12\/cropped-logo-cabecera-new.png\",\"width\":430,\"height\":61,\"caption\":\"Tour Travel And More\"},\"image\":{\"@id\":\"https:\/\/tourtravelandmore.com\/es\/#\/schema\/logo\/image\/\"},\"sameAs\":[\"https:\/\/www.facebook.com\/tourtravelandmore\/\",\"https:\/\/x.com\/TourTravel_More\"]}]}<\/script>\n<!-- \/ Yoast SEO Premium plugin. -->","yoast_head_json":{"title":"\u27a1\ufe0f Tour privado d\u00eda completo a Monte Saint Michel desde Paris | Tour Travel & More","description":"Visita el emblem\u00e1tico Monte Saint Michel desde Paris con chofer y gu\u00eda oficial privados. Explora uno de los sitios m\u00e1s emblem\u00e1ticos de Francia \u2705","robots":{"index":"index","follow":"follow","max-snippet":"max-snippet:-1","max-image-preview":"max-image-preview:large","max-video-preview":"max-video-preview:-1"},"canonical":"https:\/\/tourtravelandmore.com\/es\/tours\/francia\/paris-es\/tour-privado-dia-completo-st-michel-desde-paris\/","og_locale":"es_ES","og_type":"article","og_title":"Tour Privado d\u00eda completo a Monte Saint Michel desde Par\u00eds","og_description":"Visita el emblem\u00e1tico Monte Saint Michel desde Paris con chofer y gu\u00eda oficial privados. Explora uno de los sitios m\u00e1s emblem\u00e1ticos de Francia \u2705","og_url":"https:\/\/tourtravelandmore.com\/es\/tours\/francia\/paris-es\/tour-privado-dia-completo-st-michel-desde-paris\/","og_site_name":"Tour Travel And More","article_publisher":"https:\/\/www.facebook.com\/tourtravelandmore\/","article_modified_time":"2024-08-06T14:50:13+00:00","og_image":[{"width":1024,"height":683,"url":"https:\/\/tourtravelandmore.com\/wp-content\/uploads\/2018\/04\/st-michel2.jpg","type":"image\/jpeg"}],"twitter_card":"summary_large_image","twitter_site":"@TourTravel_More","twitter_misc":{"Tiempo de lectura":"2 minutos"},"schema":{"@context":"https:\/\/schema.org","@graph":[{"@type":"WebPage","@id":"https:\/\/tourtravelandmore.com\/es\/tours\/francia\/paris-es\/tour-privado-dia-completo-st-michel-desde-paris\/","url":"https:\/\/tourtravelandmore.com\/es\/tours\/francia\/paris-es\/tour-privado-dia-completo-st-michel-desde-paris\/","name":"\u27a1\ufe0f Tour privado d\u00eda completo a Monte Saint Michel desde Paris | Tour Travel & More","isPartOf":{"@id":"https:\/\/tourtravelandmore.com\/es\/#website"},"primaryImageOfPage":{"@id":"https:\/\/tourtravelandmore.com\/es\/tours\/francia\/paris-es\/tour-privado-dia-completo-st-michel-desde-paris\/#primaryimage"},"image":{"@id":"https:\/\/tourtravelandmore.com\/es\/tours\/francia\/paris-es\/tour-privado-dia-completo-st-michel-desde-paris\/#primaryimage"},"thumbnailUrl":"https:\/\/tourtravelandmore.com\/wp-content\/uploads\/2018\/04\/st-michel2.jpg","datePublished":"2018-04-26T13:56:38+00:00","dateModified":"2024-08-06T14:50:13+00:00","description":"Visita el emblem\u00e1tico Monte Saint Michel desde Paris con chofer y gu\u00eda oficial privados. Explora uno de los sitios m\u00e1s emblem\u00e1ticos de Francia \u2705","breadcrumb":{"@id":"https:\/\/tourtravelandmore.com\/es\/tours\/francia\/paris-es\/tour-privado-dia-completo-st-michel-desde-paris\/#breadcrumb"},"inLanguage":"es","potentialAction":[{"@type":"ReadAction","target":["https:\/\/tourtravelandmore.com\/es\/tours\/francia\/paris-es\/tour-privado-dia-completo-st-michel-desde-paris\/"]}]},{"@type":"ImageObject","inLanguage":"es","@id":"https:\/\/tourtravelandmore.com\/es\/tours\/francia\/paris-es\/tour-privado-dia-completo-st-michel-desde-paris\/#primaryimage","url":"https:\/\/tourtravelandmore.com\/wp-content\/uploads\/2018\/04\/st-michel2.jpg","contentUrl":"https:\/\/tourtravelandmore.com\/wp-content\/uploads\/2018\/04\/st-michel2.jpg","width":1024,"height":683},{"@type":"BreadcrumbList","@id":"https:\/\/tourtravelandmore.com\/es\/tours\/francia\/paris-es\/tour-privado-dia-completo-st-michel-desde-paris\/#breadcrumb","itemListElement":[{"@type":"ListItem","position":1,"name":"Home","item":"https:\/\/tourtravelandmore.com\/es\/"},{"@type":"ListItem","position":2,"name":"Tours","item":"https:\/\/tourtravelandmore.com\/es\/tours\/"},{"@type":"ListItem","position":3,"name":"Tour Privado d\u00eda completo a Monte Saint Michel desde Par\u00eds"}]},{"@type":"WebSite","@id":"https:\/\/tourtravelandmore.com\/es\/#website","url":"https:\/\/tourtravelandmore.com\/es\/","name":"Tour Travel And More","description":"Private sightseeing tours and luxury transfers in Spain","publisher":{"@id":"https:\/\/tourtravelandmore.com\/es\/#organization"},"potentialAction":[{"@type":"SearchAction","target":{"@type":"EntryPoint","urlTemplate":"https:\/\/tourtravelandmore.com\/es\/?s={search_term_string}"},"query-input":{"@type":"PropertyValueSpecification","valueRequired":true,"valueName":"search_term_string"}}],"inLanguage":"es"},{"@type":"Organization","@id":"https:\/\/tourtravelandmore.com\/es\/#organization","name":"Tour Travel And More","url":"https:\/\/tourtravelandmore.com\/es\/","logo":{"@type":"ImageObject","inLanguage":"es","@id":"https:\/\/tourtravelandmore.com\/es\/#\/schema\/logo\/image\/","url":"https:\/\/tourtravelandmore.com\/wp-content\/uploads\/2022\/12\/cropped-logo-cabecera-new.png","contentUrl":"https:\/\/tourtravelandmore.com\/wp-content\/uploads\/2022\/12\/cropped-logo-cabecera-new.png","width":430,"height":61,"caption":"Tour Travel And More"},"image":{"@id":"https:\/\/tourtravelandmore.com\/es\/#\/schema\/logo\/image\/"},"sameAs":["https:\/\/www.facebook.com\/tourtravelandmore\/","https:\/\/x.com\/TourTravel_More"]}]}},"_links":{"self":[{"href":"https:\/\/tourtravelandmore.com\/es\/wp-json\/wp\/v2\/product\/21136","targetHints":{"allow":["GET"]}}],"collection":[{"href":"https:\/\/tourtravelandmore.com\/es\/wp-json\/wp\/v2\/product"}],"about":[{"href":"https:\/\/tourtravelandmore.com\/es\/wp-json\/wp\/v2\/types\/product"}],"replies":[{"embeddable":true,"href":"https:\/\/tourtravelandmore.com\/es\/wp-json\/wp\/v2\/comments?post=21136"}],"wp:featuredmedia":[{"embeddable":true,"href":"https:\/\/tourtravelandmore.com\/es\/wp-json\/wp\/v2\/media\/20456"}],"wp:attachment":[{"href":"https:\/\/tourtravelandmore.com\/es\/wp-json\/wp\/v2\/media?parent=21136"}],"wp:term":[{"taxonomy":"product_brand","embeddable":true,"href":"https:\/\/tourtravelandmore.com\/es\/wp-json\/wp\/v2\/product_brand?post=21136"},{"taxonomy":"product_cat","embeddable":true,"href":"https:\/\/tourtravelandmore.com\/es\/wp-json\/wp\/v2\/product_cat?post=21136"},{"taxonomy":"product_tag","embeddable":true,"href":"https:\/\/tourtravelandmore.com\/es\/wp-json\/wp\/v2\/product_tag?post=21136"}],"curies":[{"name":"wp","href":"https:\/\/api.w.org\/{rel}","templated":true}]}}