{"id":21109,"date":"2018-04-18T13:13:22","date_gmt":"2018-04-25T21:59:01","guid":{"rendered":"http:\/\/tourtravelandmore.com\/es\/?post_type=product&#038;p=21109"},"modified":"2024-08-06T17:03:46","modified_gmt":"2024-08-06T15:03:46","slug":"tour-privado-a-pie-museo-louvre-notre-dame","status":"publish","type":"product","link":"https:\/\/tourtravelandmore.com\/es\/tours\/francia\/paris-es\/tour-privado-a-pie-museo-louvre-notre-dame\/","title":{"rendered":"Tour Privado a pie: Museo Louvre y Museo Orsay con gu\u00eda oficial"},"content":{"rendered":"<h2><strong>Descripci\u00f3n del Tour Privado a pie: Museo Louvre y Museo Orsay con gu\u00eda oficial<\/strong><\/h2>\n<p>Visita dos de los museos m\u00e1s emblem\u00e1ticos de <strong>Par\u00eds<\/strong> con nuestro walking tour de Par\u00eds en espa\u00f1ol. El <strong>Museo Orsay<\/strong> y el <strong>Museo Louvre<\/strong> son 2 iconos de <strong>Par\u00eds.<\/strong> Desc\u00fabrelos y expl\u00f3ralos durante un tour privado junto a un gu\u00eda oficial experto en arte e historia de la ciudad.<\/p>\n<p>Su <strong>gu\u00eda privado<\/strong> le recoger\u00e1 en su hotel c\u00e9ntrico, o bien les esperar\u00e1 frente al Museo Orsay. A continuaci\u00f3n comenzar\u00e1n su tour privado de 4 horas, donde visitar\u00e1n el Museo Orsay y el Museo Louvre. En caso de que deseen podemos coordinar traslados privados hacia y desde el museo o catedral a su hotel. Nuestros gu\u00edas son expertos en historia y arte de Par\u00eds, licenciados por la autoridad correspondiente.<\/p>\n<p>La totalidad de nuestros tours son privados y organizados a medida, de acuerdo a su inter\u00e9s personal. Ofrecemos tours privados a pie, con veh\u00edculo privado e incluso traslados desde\/hacia el aeropuerto u otros sitios en Par\u00eds.<\/p>\n<h2><strong>Puntos de inter\u00e9s en el Tour Privado a pie: Museo Louvre y Museo Orsay con gu\u00eda oficial<\/strong><\/h2>\n<p>Situado en el coraz\u00f3n de Par\u00eds, a lo largo del Sena, frente al jard\u00edn de las Tuileries, el <a href=\"https:\/\/www.musee-orsay.fr\/es\/accueil.html\">Museo Orsay<\/a> se ha instalado en la antigua estaci\u00f3n de Orsay, un edificio construido para la Exposici\u00f3n universal de 1900. Este magn\u00edfico museo alberga el arte de las \u00faltimas d\u00e9cadas, transcurridas entre 1848 y 1914. Algunos de las obras m\u00e1s destacadas que podr\u00e1n ver en el museo son:<\/p>\n<ul>\n<li><strong>Entierro en Ornans (c. 1849), Gustave Courbet<\/strong><\/li>\n<li><strong>La cena en el baile (1879), Edgar Degas<\/strong><\/li>\n<li><strong>Olympia (1863), Edouard Manet<\/strong><\/li>\n<li><strong>Los jugadores de cartas (1890-1895), Paul C\u00e9zanne<\/strong><\/li>\n<li><strong><em>Retrato <\/em>(1889), Vincent Van Gogh<\/strong><\/li>\n<li><strong>El Parlamento de Londres (1904), Claude Monet<\/strong><\/li>\n<\/ul>\n<p>A continuaci\u00f3n cruzar\u00e1n el famoso puente de las artes y llegar\u00e1n al Louvre. El museo Louvre es el museo de arte m\u00e1s visitado del mundo. Alberga una colecci\u00f3n muy amplia, desde antiguas civilizaciones hasta mediados del siglo 19. No fue hasta 1793 que el Palacio fue declarado como un museo p\u00fablico. La colecci\u00f3n art\u00edstica del Louvre es una de las m\u00e1s grandes y apasionantes del mundo. El museo alberga obras de todos los periodos europeos hasta la revoluci\u00f3n de 1848. Algunas de las obras m\u00e1s emblem\u00e1ticas que el museo alberga son:<\/p>\n<ul>\n<li><strong>Afrodita, mejor conocida como Venus de Milo.<\/strong><\/li>\n<li><strong>Caballos de Marly<\/strong><\/li>\n<li><strong>La libertad guiando al pueblo<\/strong><\/li>\n<li><strong>Leyes de Hammurabi, rey de Babilonia.<\/strong><\/li>\n<li><strong>Louis XIV (1638-1715)<\/strong><\/li>\n<li><strong>Mona Lisa \u2013 Retrato de Lisa Gherardini, mujer de Francesco del Giocondo<\/strong><\/li>\n<\/ul>\n<p>Durante su visita al museo disfrutar\u00e1n la compa\u00f1\u00eda de un gu\u00eda oficial privado, experto en historia del arte. <strong>Entradas sin fila a ambos museos est\u00e1n incluidas en el precio del tour. <\/strong>En caso de que\u00a0lo deseen podemos tambi\u00e9n coordinar traslados privados desde\/hacia su hotel en Par\u00eds.<\/p>\n<p><span style=\"font-weight: 400;\">Todos nuestros tours son privados y organizados de acuerdo al deseo de nuestros clientes. No dude en contactarnos, nuestro equipo le ayudar\u00e1 a organizar una experiencia a medida. Este tour privado tiene una duraci\u00f3n de 4 horas, pero es posible coordinar un tour m\u00e1s corto o extenso.<\/span><\/p>\n<p>Cont\u00e1ctenos para obtener informaci\u00f3n m\u00e1s detallada, le ayudaremos a organizar una estad\u00eda inolvidable en Par\u00eds.<\/p>\n","protected":false},"excerpt":{"rendered":"<p>Disfruta de este tour especialmente coordinado para los amantes del arte! Descubre y explora dos de los museos m\u00e1s emblem\u00e1ticos de Par\u00eds junto a un gu\u00eda oficial, experto en arte e historia francesa.<\/p>\n","protected":false},"featured_media":81183,"comment_status":"open","ping_status":"closed","template":"","meta":{"_acf_changed":false},"product_brand":[],"product_cat":[834,849,852],"product_tag":[],"class_list":{"0":"post-21109","1":"product","2":"type-product","3":"status-publish","4":"has-post-thumbnail","6":"product_cat-paris-es","7":"product_cat-paris-actividades-es","8":"product_cat-paris-tours-privados-pie-es","10":"first","11":"instock","12":"shipping-taxable","13":"purchasable","14":"product-type-simple"},"acf":[],"yoast_head":"<!-- This site is optimized with the Yoast SEO Premium plugin v25.3.1 (Yoast SEO v25.3.1) - https:\/\/yoast.com\/wordpress\/plugins\/seo\/ -->\n<title>\u27a1\ufe0f Walking Tour Paris en espa\u00f1ol con gu\u00eda privado: Louvre y Orsay | Tour Travel &amp; More<\/title>\n<meta name=\"description\" content=\"Descubra y explore dos sitios emblem\u00e1ticos de Par\u00eds junto a un gu\u00eda oficial, experto en arte e historia. Disfruta nuestro walking tour en espa\u00f1ol en Paris \u2705\" \/>\n<meta name=\"robots\" content=\"index, follow, max-snippet:-1, max-image-preview:large, max-video-preview:-1\" \/>\n<link rel=\"canonical\" href=\"https:\/\/tourtravelandmore.com\/es\/tours\/francia\/paris-es\/tour-privado-a-pie-museo-louvre-notre-dame\/\" \/>\n<meta property=\"og:locale\" content=\"es_ES\" \/>\n<meta property=\"og:type\" content=\"article\" \/>\n<meta property=\"og:title\" content=\"Tour Privado a pie: Museo Louvre y Museo Orsay con gu\u00eda oficial\" \/>\n<meta property=\"og:description\" content=\"Descubra y explore dos sitios emblem\u00e1ticos de Par\u00eds junto a un gu\u00eda oficial, experto en arte e historia. Disfruta nuestro walking tour en espa\u00f1ol en Paris \u2705\" \/>\n<meta property=\"og:url\" content=\"https:\/\/tourtravelandmore.com\/es\/tours\/francia\/paris-es\/tour-privado-a-pie-museo-louvre-notre-dame\/\" \/>\n<meta property=\"og:site_name\" content=\"Tour Travel And More\" \/>\n<meta property=\"article:publisher\" content=\"https:\/\/www.facebook.com\/tourtravelandmore\/\" \/>\n<meta property=\"article:modified_time\" content=\"2024-08-06T15:03:46+00:00\" \/>\n<meta property=\"og:image\" content=\"https:\/\/tourtravelandmore.com\/wp-content\/uploads\/2018\/04\/paris-seine-river-sunset-muse-d-orsay-min.jpg\" \/>\n\t<meta property=\"og:image:width\" content=\"910\" \/>\n\t<meta property=\"og:image:height\" content=\"507\" \/>\n\t<meta property=\"og:image:type\" content=\"image\/jpeg\" \/>\n<meta name=\"twitter:card\" content=\"summary_large_image\" \/>\n<meta name=\"twitter:site\" content=\"@TourTravel_More\" \/>\n<meta name=\"twitter:label1\" content=\"Tiempo de lectura\" \/>\n\t<meta name=\"twitter:data1\" content=\"3 minutos\" \/>\n<script type=\"application\/ld+json\" class=\"yoast-schema-graph\">{\"@context\":\"https:\/\/schema.org\",\"@graph\":[{\"@type\":\"WebPage\",\"@id\":\"https:\/\/tourtravelandmore.com\/es\/tours\/francia\/paris-es\/tour-privado-a-pie-museo-louvre-notre-dame\/\",\"url\":\"https:\/\/tourtravelandmore.com\/es\/tours\/francia\/paris-es\/tour-privado-a-pie-museo-louvre-notre-dame\/\",\"name\":\"\u27a1\ufe0f Walking Tour Paris en espa\u00f1ol con gu\u00eda privado: Louvre y Orsay | Tour Travel & More\",\"isPartOf\":{\"@id\":\"https:\/\/tourtravelandmore.com\/es\/#website\"},\"primaryImageOfPage\":{\"@id\":\"https:\/\/tourtravelandmore.com\/es\/tours\/francia\/paris-es\/tour-privado-a-pie-museo-louvre-notre-dame\/#primaryimage\"},\"image\":{\"@id\":\"https:\/\/tourtravelandmore.com\/es\/tours\/francia\/paris-es\/tour-privado-a-pie-museo-louvre-notre-dame\/#primaryimage\"},\"thumbnailUrl\":\"https:\/\/tourtravelandmore.com\/wp-content\/uploads\/2018\/04\/paris-seine-river-sunset-muse-d-orsay-min.jpg\",\"datePublished\":\"2018-04-25T21:59:01+00:00\",\"dateModified\":\"2024-08-06T15:03:46+00:00\",\"description\":\"Descubra y explore dos sitios emblem\u00e1ticos de Par\u00eds junto a un gu\u00eda oficial, experto en arte e historia. Disfruta nuestro walking tour en espa\u00f1ol en Paris \u2705\",\"breadcrumb\":{\"@id\":\"https:\/\/tourtravelandmore.com\/es\/tours\/francia\/paris-es\/tour-privado-a-pie-museo-louvre-notre-dame\/#breadcrumb\"},\"inLanguage\":\"es\",\"potentialAction\":[{\"@type\":\"ReadAction\",\"target\":[\"https:\/\/tourtravelandmore.com\/es\/tours\/francia\/paris-es\/tour-privado-a-pie-museo-louvre-notre-dame\/\"]}]},{\"@type\":\"ImageObject\",\"inLanguage\":\"es\",\"@id\":\"https:\/\/tourtravelandmore.com\/es\/tours\/francia\/paris-es\/tour-privado-a-pie-museo-louvre-notre-dame\/#primaryimage\",\"url\":\"https:\/\/tourtravelandmore.com\/wp-content\/uploads\/2018\/04\/paris-seine-river-sunset-muse-d-orsay-min.jpg\",\"contentUrl\":\"https:\/\/tourtravelandmore.com\/wp-content\/uploads\/2018\/04\/paris-seine-river-sunset-muse-d-orsay-min.jpg\",\"width\":910,\"height\":507,\"caption\":\"Orsay and Seine River\"},{\"@type\":\"BreadcrumbList\",\"@id\":\"https:\/\/tourtravelandmore.com\/es\/tours\/francia\/paris-es\/tour-privado-a-pie-museo-louvre-notre-dame\/#breadcrumb\",\"itemListElement\":[{\"@type\":\"ListItem\",\"position\":1,\"name\":\"Home\",\"item\":\"https:\/\/tourtravelandmore.com\/es\/\"},{\"@type\":\"ListItem\",\"position\":2,\"name\":\"Tours\",\"item\":\"https:\/\/tourtravelandmore.com\/es\/tours\/\"},{\"@type\":\"ListItem\",\"position\":3,\"name\":\"Tour Privado a pie: Museo Louvre y Museo Orsay con gu\u00eda oficial\"}]},{\"@type\":\"WebSite\",\"@id\":\"https:\/\/tourtravelandmore.com\/es\/#website\",\"url\":\"https:\/\/tourtravelandmore.com\/es\/\",\"name\":\"Tour Travel And More\",\"description\":\"Private sightseeing tours and luxury transfers in Spain\",\"publisher\":{\"@id\":\"https:\/\/tourtravelandmore.com\/es\/#organization\"},\"potentialAction\":[{\"@type\":\"SearchAction\",\"target\":{\"@type\":\"EntryPoint\",\"urlTemplate\":\"https:\/\/tourtravelandmore.com\/es\/?s={search_term_string}\"},\"query-input\":{\"@type\":\"PropertyValueSpecification\",\"valueRequired\":true,\"valueName\":\"search_term_string\"}}],\"inLanguage\":\"es\"},{\"@type\":\"Organization\",\"@id\":\"https:\/\/tourtravelandmore.com\/es\/#organization\",\"name\":\"Tour Travel And More\",\"url\":\"https:\/\/tourtravelandmore.com\/es\/\",\"logo\":{\"@type\":\"ImageObject\",\"inLanguage\":\"es\",\"@id\":\"https:\/\/tourtravelandmore.com\/es\/#\/schema\/logo\/image\/\",\"url\":\"https:\/\/tourtravelandmore.com\/wp-content\/uploads\/2022\/12\/cropped-logo-cabecera-new.png\",\"contentUrl\":\"https:\/\/tourtravelandmore.com\/wp-content\/uploads\/2022\/12\/cropped-logo-cabecera-new.png\",\"width\":430,\"height\":61,\"caption\":\"Tour Travel And More\"},\"image\":{\"@id\":\"https:\/\/tourtravelandmore.com\/es\/#\/schema\/logo\/image\/\"},\"sameAs\":[\"https:\/\/www.facebook.com\/tourtravelandmore\/\",\"https:\/\/x.com\/TourTravel_More\"]}]}<\/script>\n<!-- \/ Yoast SEO Premium plugin. -->","yoast_head_json":{"title":"\u27a1\ufe0f Walking Tour Paris en espa\u00f1ol con gu\u00eda privado: Louvre y Orsay | Tour Travel & More","description":"Descubra y explore dos sitios emblem\u00e1ticos de Par\u00eds junto a un gu\u00eda oficial, experto en arte e historia. Disfruta nuestro walking tour en espa\u00f1ol en Paris \u2705","robots":{"index":"index","follow":"follow","max-snippet":"max-snippet:-1","max-image-preview":"max-image-preview:large","max-video-preview":"max-video-preview:-1"},"canonical":"https:\/\/tourtravelandmore.com\/es\/tours\/francia\/paris-es\/tour-privado-a-pie-museo-louvre-notre-dame\/","og_locale":"es_ES","og_type":"article","og_title":"Tour Privado a pie: Museo Louvre y Museo Orsay con gu\u00eda oficial","og_description":"Descubra y explore dos sitios emblem\u00e1ticos de Par\u00eds junto a un gu\u00eda oficial, experto en arte e historia. Disfruta nuestro walking tour en espa\u00f1ol en Paris \u2705","og_url":"https:\/\/tourtravelandmore.com\/es\/tours\/francia\/paris-es\/tour-privado-a-pie-museo-louvre-notre-dame\/","og_site_name":"Tour Travel And More","article_publisher":"https:\/\/www.facebook.com\/tourtravelandmore\/","article_modified_time":"2024-08-06T15:03:46+00:00","og_image":[{"width":910,"height":507,"url":"https:\/\/tourtravelandmore.com\/wp-content\/uploads\/2018\/04\/paris-seine-river-sunset-muse-d-orsay-min.jpg","type":"image\/jpeg"}],"twitter_card":"summary_large_image","twitter_site":"@TourTravel_More","twitter_misc":{"Tiempo de lectura":"3 minutos"},"schema":{"@context":"https:\/\/schema.org","@graph":[{"@type":"WebPage","@id":"https:\/\/tourtravelandmore.com\/es\/tours\/francia\/paris-es\/tour-privado-a-pie-museo-louvre-notre-dame\/","url":"https:\/\/tourtravelandmore.com\/es\/tours\/francia\/paris-es\/tour-privado-a-pie-museo-louvre-notre-dame\/","name":"\u27a1\ufe0f Walking Tour Paris en espa\u00f1ol con gu\u00eda privado: Louvre y Orsay | Tour Travel & More","isPartOf":{"@id":"https:\/\/tourtravelandmore.com\/es\/#website"},"primaryImageOfPage":{"@id":"https:\/\/tourtravelandmore.com\/es\/tours\/francia\/paris-es\/tour-privado-a-pie-museo-louvre-notre-dame\/#primaryimage"},"image":{"@id":"https:\/\/tourtravelandmore.com\/es\/tours\/francia\/paris-es\/tour-privado-a-pie-museo-louvre-notre-dame\/#primaryimage"},"thumbnailUrl":"https:\/\/tourtravelandmore.com\/wp-content\/uploads\/2018\/04\/paris-seine-river-sunset-muse-d-orsay-min.jpg","datePublished":"2018-04-25T21:59:01+00:00","dateModified":"2024-08-06T15:03:46+00:00","description":"Descubra y explore dos sitios emblem\u00e1ticos de Par\u00eds junto a un gu\u00eda oficial, experto en arte e historia. Disfruta nuestro walking tour en espa\u00f1ol en Paris \u2705","breadcrumb":{"@id":"https:\/\/tourtravelandmore.com\/es\/tours\/francia\/paris-es\/tour-privado-a-pie-museo-louvre-notre-dame\/#breadcrumb"},"inLanguage":"es","potentialAction":[{"@type":"ReadAction","target":["https:\/\/tourtravelandmore.com\/es\/tours\/francia\/paris-es\/tour-privado-a-pie-museo-louvre-notre-dame\/"]}]},{"@type":"ImageObject","inLanguage":"es","@id":"https:\/\/tourtravelandmore.com\/es\/tours\/francia\/paris-es\/tour-privado-a-pie-museo-louvre-notre-dame\/#primaryimage","url":"https:\/\/tourtravelandmore.com\/wp-content\/uploads\/2018\/04\/paris-seine-river-sunset-muse-d-orsay-min.jpg","contentUrl":"https:\/\/tourtravelandmore.com\/wp-content\/uploads\/2018\/04\/paris-seine-river-sunset-muse-d-orsay-min.jpg","width":910,"height":507,"caption":"Orsay and Seine River"},{"@type":"BreadcrumbList","@id":"https:\/\/tourtravelandmore.com\/es\/tours\/francia\/paris-es\/tour-privado-a-pie-museo-louvre-notre-dame\/#breadcrumb","itemListElement":[{"@type":"ListItem","position":1,"name":"Home","item":"https:\/\/tourtravelandmore.com\/es\/"},{"@type":"ListItem","position":2,"name":"Tours","item":"https:\/\/tourtravelandmore.com\/es\/tours\/"},{"@type":"ListItem","position":3,"name":"Tour Privado a pie: Museo Louvre y Museo Orsay con gu\u00eda oficial"}]},{"@type":"WebSite","@id":"https:\/\/tourtravelandmore.com\/es\/#website","url":"https:\/\/tourtravelandmore.com\/es\/","name":"Tour Travel And More","description":"Private sightseeing tours and luxury transfers in Spain","publisher":{"@id":"https:\/\/tourtravelandmore.com\/es\/#organization"},"potentialAction":[{"@type":"SearchAction","target":{"@type":"EntryPoint","urlTemplate":"https:\/\/tourtravelandmore.com\/es\/?s={search_term_string}"},"query-input":{"@type":"PropertyValueSpecification","valueRequired":true,"valueName":"search_term_string"}}],"inLanguage":"es"},{"@type":"Organization","@id":"https:\/\/tourtravelandmore.com\/es\/#organization","name":"Tour Travel And More","url":"https:\/\/tourtravelandmore.com\/es\/","logo":{"@type":"ImageObject","inLanguage":"es","@id":"https:\/\/tourtravelandmore.com\/es\/#\/schema\/logo\/image\/","url":"https:\/\/tourtravelandmore.com\/wp-content\/uploads\/2022\/12\/cropped-logo-cabecera-new.png","contentUrl":"https:\/\/tourtravelandmore.com\/wp-content\/uploads\/2022\/12\/cropped-logo-cabecera-new.png","width":430,"height":61,"caption":"Tour Travel And More"},"image":{"@id":"https:\/\/tourtravelandmore.com\/es\/#\/schema\/logo\/image\/"},"sameAs":["https:\/\/www.facebook.com\/tourtravelandmore\/","https:\/\/x.com\/TourTravel_More"]}]}},"_links":{"self":[{"href":"https:\/\/tourtravelandmore.com\/es\/wp-json\/wp\/v2\/product\/21109","targetHints":{"allow":["GET"]}}],"collection":[{"href":"https:\/\/tourtravelandmore.com\/es\/wp-json\/wp\/v2\/product"}],"about":[{"href":"https:\/\/tourtravelandmore.com\/es\/wp-json\/wp\/v2\/types\/product"}],"replies":[{"embeddable":true,"href":"https:\/\/tourtravelandmore.com\/es\/wp-json\/wp\/v2\/comments?post=21109"}],"wp:featuredmedia":[{"embeddable":true,"href":"https:\/\/tourtravelandmore.com\/es\/wp-json\/wp\/v2\/media\/81183"}],"wp:attachment":[{"href":"https:\/\/tourtravelandmore.com\/es\/wp-json\/wp\/v2\/media?parent=21109"}],"wp:term":[{"taxonomy":"product_brand","embeddable":true,"href":"https:\/\/tourtravelandmore.com\/es\/wp-json\/wp\/v2\/product_brand?post=21109"},{"taxonomy":"product_cat","embeddable":true,"href":"https:\/\/tourtravelandmore.com\/es\/wp-json\/wp\/v2\/product_cat?post=21109"},{"taxonomy":"product_tag","embeddable":true,"href":"https:\/\/tourtravelandmore.com\/es\/wp-json\/wp\/v2\/product_tag?post=21109"}],"curies":[{"name":"wp","href":"https:\/\/api.w.org\/{rel}","templated":true}]}}