{"id":21050,"date":"2018-04-18T13:44:14","date_gmt":"2018-04-24T13:40:32","guid":{"rendered":"http:\/\/tourtravelandmore.com\/es\/?post_type=product&#038;p=21050"},"modified":"2024-08-06T17:08:22","modified_gmt":"2024-08-06T15:08:22","slug":"tour-privado-a-pie-paris-barrio-latino","status":"publish","type":"product","link":"https:\/\/tourtravelandmore.com\/es\/tours\/francia\/paris-es\/tour-privado-a-pie-paris-barrio-latino\/","title":{"rendered":"Tour privado a pie del Barrio Latino y Catedral Notre Dame"},"content":{"rendered":"<h2><strong>Descripci\u00f3n del Tour privado a pie del Barrio Latino y Catedral Notre Dame<\/strong><\/h2>\n<p>El Barrio Latino es uno de los m\u00e1s vibrantes y concurridos de Par\u00eds. Ubicado en el Distrito 5 de la ciudad, el barrio alberga la emblem\u00e1tica Universidad de la Sorbona, caf\u00e9s y restaurantes. La zona es muy concurrida por estudiantes, turistas y Parisinos. Descubre este barrio y la magn\u00edfica Catedral de Notre Dame junto a un <strong>gu\u00eda oficial privado<\/strong> durante un tour a pie por <strong>Par\u00eds<\/strong>.<\/p>\n<p>Su gu\u00eda privado le recoger\u00e1 en su hotel c\u00e9ntrico para comenzar su tour privado a pie. En el caso de que lo desee podemos coordinar un veh\u00edculo privado a disposici\u00f3n para su tour tambi\u00e9n.<\/p>\n<p><b><i>Todos nuestros tours son privados y coordinados a medida.<\/i><\/b> No dude en ponerse en contacto con nosotros, nuestro equipo de expertos le ayudar\u00e1 a planificar una experiencia inolvidable.<\/p>\n<h2><strong>Puntos de inter\u00e9s en el Tour privado a pie del Barrio Latino y Catedral Notre Dame<\/strong><\/h2>\n<p>Repleto de caf\u00e9s y restaurantes, el Barrio Latino es una visita obligada en Par\u00eds. Durante su <strong>tour privado<\/strong> podr\u00e1 descubrir esta magn\u00edfica parte de <strong>Par\u00eds<\/strong> junto a un gu\u00eda oficial experto. Algunos de los sitios que podr\u00e1 visitar durante su tour privado a pie son:<\/p>\n<ul>\n<li><strong>Pante\u00f3n: El templo de la naci\u00f3n francesa. Desde 1885 ha sido el \u00faltimo sitio de descanso de escritores, cient\u00edficos, generales, eclesi\u00e1sticos y pol\u00edticos que forjaron la historia de Francia.<\/strong><\/li>\n<li><strong>El Museo Nacional de Moyen-\u00c2ge<\/strong><\/li>\n<li><strong>La Sorbona: Fundada en 1257, es una de las universidades m\u00e1s reconocidas del mundo.<\/strong><\/li>\n<li><strong>Plaza y fuente de San Miguel: Esta parte del Barrio Latino est\u00e1 compuesta por muchas tiendas de libros, reflejo del car\u00e1cter art\u00edsticos del barrio a lo largo de la historia.<\/strong><\/li>\n<li><strong>Rue Mouffetard and Rue Monge<\/strong><\/li>\n<li><strong>Los maravillosos jardines de Luxemburgo<\/strong><\/li>\n<li><strong>El Coll\u00e8ge de France y el Lyc\u00e9e Henri IV<\/strong><\/li>\n<li><strong>Mucho m\u00e1s!<\/strong><\/li>\n<\/ul>\n<p>Aparte de visitar el excitante Barrio Latino, su tour incluye una visita a la catedral de Par\u00eds. <a href=\"https:\/\/www.notredamedeparis.fr\/\"><strong>Notre-Dame<\/strong><\/a>, s\u00edmbolo de Par\u00eds, est\u00e1 ubicada al Este de \u00cele de la Cit\u00e9. La catedral fue construida sobre las ruinas de dos antiguos templos romanos. La piedra fundacional fue colocada por el Papa Alejandro III en 1163, siendo el altar consagrado en 1189. All\u00ed fue donde, en 1804, Napoleon fue declarado como emperador de Francia.<\/p>\n<p>Su gu\u00eda oficial privado estar\u00e1 a su entera disposici\u00f3n durante el tour a pie por Par\u00eds. Perm\u00edtannos ayudarle a descubrir la magn\u00edfica ciudad de Par\u00eds.<\/p>\n<p>Todos nuestros tours son privados y organizados a medida, de acuerdo al deseo de nuestros clientes. En caso de que deseen visitar alg\u00fan museo o monumento durante su tour le podemos gestionar entradas sin fila.<\/p>\n<p>Si tiene m\u00e1s d\u00edas en Par\u00eds puede revisar nuestro <a href=\"https:\/\/tourtravelandmore.com\/city\/france\/paris-en\/\">listado de tours privados aqu\u00ed!<\/a><\/p>\n","protected":false},"excerpt":{"rendered":"<p>Descubre el vibrante Barrio Latino y la emblem\u00e1tica catedral de Notre Dame! Disfruta de un tour privado a pie por Par\u00eds y visita uno de sus barrios m\u00e1s maravillosos junto a un gu\u00eda oficial privado experto en historia y arte de Francia.<\/p>\n","protected":false},"featured_media":80900,"comment_status":"open","ping_status":"closed","template":"","meta":{"_acf_changed":false},"product_brand":[],"product_cat":[834,849,852],"product_tag":[],"class_list":{"0":"post-21050","1":"product","2":"type-product","3":"status-publish","4":"has-post-thumbnail","6":"product_cat-paris-es","7":"product_cat-paris-actividades-es","8":"product_cat-paris-tours-privados-pie-es","10":"first","11":"instock","12":"shipping-taxable","13":"purchasable","14":"product-type-simple"},"acf":[],"yoast_head":"<!-- This site is optimized with the Yoast SEO Premium plugin v25.3.1 (Yoast SEO v25.3.1) - https:\/\/yoast.com\/wordpress\/plugins\/seo\/ -->\n<title>\u27a1\ufe0f Tour Privado a pie por Paris: Barrio Latino y Notre Dame | TTM<\/title>\n<meta name=\"description\" content=\"Descubra el vibrante Barrio Latino y la emblem\u00e1tica catedral de Notre Dame en un tour privado a pie por Paris junto a un gu\u00eda oficial privado \u2705\" \/>\n<meta name=\"robots\" content=\"index, follow, max-snippet:-1, max-image-preview:large, max-video-preview:-1\" \/>\n<link rel=\"canonical\" href=\"https:\/\/tourtravelandmore.com\/es\/tours\/francia\/paris-es\/tour-privado-a-pie-paris-barrio-latino\/\" \/>\n<meta property=\"og:locale\" content=\"es_ES\" \/>\n<meta property=\"og:type\" content=\"article\" \/>\n<meta property=\"og:title\" content=\"Tour privado a pie del Barrio Latino y Catedral Notre Dame\" \/>\n<meta property=\"og:description\" content=\"Descubra el vibrante Barrio Latino y la emblem\u00e1tica catedral de Notre Dame en un tour privado a pie por Paris junto a un gu\u00eda oficial privado \u2705\" \/>\n<meta property=\"og:url\" content=\"https:\/\/tourtravelandmore.com\/es\/tours\/francia\/paris-es\/tour-privado-a-pie-paris-barrio-latino\/\" \/>\n<meta property=\"og:site_name\" content=\"Tour Travel And More\" \/>\n<meta property=\"article:publisher\" content=\"https:\/\/www.facebook.com\/tourtravelandmore\/\" \/>\n<meta property=\"article:modified_time\" content=\"2024-08-06T15:08:22+00:00\" \/>\n<meta property=\"og:image\" content=\"https:\/\/tourtravelandmore.com\/wp-content\/uploads\/2018\/04\/Paris-Pantheon-architecture-min.jpg\" \/>\n\t<meta property=\"og:image:width\" content=\"1200\" \/>\n\t<meta property=\"og:image:height\" content=\"798\" \/>\n\t<meta property=\"og:image:type\" content=\"image\/jpeg\" \/>\n<meta name=\"twitter:card\" content=\"summary_large_image\" \/>\n<meta name=\"twitter:site\" content=\"@TourTravel_More\" \/>\n<meta name=\"twitter:label1\" content=\"Tiempo de lectura\" \/>\n\t<meta name=\"twitter:data1\" content=\"2 minutos\" \/>\n<script type=\"application\/ld+json\" class=\"yoast-schema-graph\">{\"@context\":\"https:\/\/schema.org\",\"@graph\":[{\"@type\":\"WebPage\",\"@id\":\"https:\/\/tourtravelandmore.com\/es\/tours\/francia\/paris-es\/tour-privado-a-pie-paris-barrio-latino\/\",\"url\":\"https:\/\/tourtravelandmore.com\/es\/tours\/francia\/paris-es\/tour-privado-a-pie-paris-barrio-latino\/\",\"name\":\"\u27a1\ufe0f Tour Privado a pie por Paris: Barrio Latino y Notre Dame | TTM\",\"isPartOf\":{\"@id\":\"https:\/\/tourtravelandmore.com\/es\/#website\"},\"primaryImageOfPage\":{\"@id\":\"https:\/\/tourtravelandmore.com\/es\/tours\/francia\/paris-es\/tour-privado-a-pie-paris-barrio-latino\/#primaryimage\"},\"image\":{\"@id\":\"https:\/\/tourtravelandmore.com\/es\/tours\/francia\/paris-es\/tour-privado-a-pie-paris-barrio-latino\/#primaryimage\"},\"thumbnailUrl\":\"https:\/\/tourtravelandmore.com\/wp-content\/uploads\/2018\/04\/Paris-Pantheon-architecture-min.jpg\",\"datePublished\":\"2018-04-24T13:40:32+00:00\",\"dateModified\":\"2024-08-06T15:08:22+00:00\",\"description\":\"Descubra el vibrante Barrio Latino y la emblem\u00e1tica catedral de Notre Dame en un tour privado a pie por Paris junto a un gu\u00eda oficial privado \u2705\",\"breadcrumb\":{\"@id\":\"https:\/\/tourtravelandmore.com\/es\/tours\/francia\/paris-es\/tour-privado-a-pie-paris-barrio-latino\/#breadcrumb\"},\"inLanguage\":\"es\",\"potentialAction\":[{\"@type\":\"ReadAction\",\"target\":[\"https:\/\/tourtravelandmore.com\/es\/tours\/francia\/paris-es\/tour-privado-a-pie-paris-barrio-latino\/\"]}]},{\"@type\":\"ImageObject\",\"inLanguage\":\"es\",\"@id\":\"https:\/\/tourtravelandmore.com\/es\/tours\/francia\/paris-es\/tour-privado-a-pie-paris-barrio-latino\/#primaryimage\",\"url\":\"https:\/\/tourtravelandmore.com\/wp-content\/uploads\/2018\/04\/Paris-Pantheon-architecture-min.jpg\",\"contentUrl\":\"https:\/\/tourtravelandmore.com\/wp-content\/uploads\/2018\/04\/Paris-Pantheon-architecture-min.jpg\",\"width\":1200,\"height\":798,\"caption\":\"Panth\u00e9on Paris\"},{\"@type\":\"BreadcrumbList\",\"@id\":\"https:\/\/tourtravelandmore.com\/es\/tours\/francia\/paris-es\/tour-privado-a-pie-paris-barrio-latino\/#breadcrumb\",\"itemListElement\":[{\"@type\":\"ListItem\",\"position\":1,\"name\":\"Home\",\"item\":\"https:\/\/tourtravelandmore.com\/es\/\"},{\"@type\":\"ListItem\",\"position\":2,\"name\":\"Tours\",\"item\":\"https:\/\/tourtravelandmore.com\/es\/tours\/\"},{\"@type\":\"ListItem\",\"position\":3,\"name\":\"Tour privado a pie del Barrio Latino y Catedral Notre Dame\"}]},{\"@type\":\"WebSite\",\"@id\":\"https:\/\/tourtravelandmore.com\/es\/#website\",\"url\":\"https:\/\/tourtravelandmore.com\/es\/\",\"name\":\"Tour Travel And More\",\"description\":\"Private sightseeing tours and luxury transfers in Spain\",\"publisher\":{\"@id\":\"https:\/\/tourtravelandmore.com\/es\/#organization\"},\"potentialAction\":[{\"@type\":\"SearchAction\",\"target\":{\"@type\":\"EntryPoint\",\"urlTemplate\":\"https:\/\/tourtravelandmore.com\/es\/?s={search_term_string}\"},\"query-input\":{\"@type\":\"PropertyValueSpecification\",\"valueRequired\":true,\"valueName\":\"search_term_string\"}}],\"inLanguage\":\"es\"},{\"@type\":\"Organization\",\"@id\":\"https:\/\/tourtravelandmore.com\/es\/#organization\",\"name\":\"Tour Travel And More\",\"url\":\"https:\/\/tourtravelandmore.com\/es\/\",\"logo\":{\"@type\":\"ImageObject\",\"inLanguage\":\"es\",\"@id\":\"https:\/\/tourtravelandmore.com\/es\/#\/schema\/logo\/image\/\",\"url\":\"https:\/\/tourtravelandmore.com\/wp-content\/uploads\/2022\/12\/cropped-logo-cabecera-new.png\",\"contentUrl\":\"https:\/\/tourtravelandmore.com\/wp-content\/uploads\/2022\/12\/cropped-logo-cabecera-new.png\",\"width\":430,\"height\":61,\"caption\":\"Tour Travel And More\"},\"image\":{\"@id\":\"https:\/\/tourtravelandmore.com\/es\/#\/schema\/logo\/image\/\"},\"sameAs\":[\"https:\/\/www.facebook.com\/tourtravelandmore\/\",\"https:\/\/x.com\/TourTravel_More\"]}]}<\/script>\n<!-- \/ Yoast SEO Premium plugin. -->","yoast_head_json":{"title":"\u27a1\ufe0f Tour Privado a pie por Paris: Barrio Latino y Notre Dame | TTM","description":"Descubra el vibrante Barrio Latino y la emblem\u00e1tica catedral de Notre Dame en un tour privado a pie por Paris junto a un gu\u00eda oficial privado \u2705","robots":{"index":"index","follow":"follow","max-snippet":"max-snippet:-1","max-image-preview":"max-image-preview:large","max-video-preview":"max-video-preview:-1"},"canonical":"https:\/\/tourtravelandmore.com\/es\/tours\/francia\/paris-es\/tour-privado-a-pie-paris-barrio-latino\/","og_locale":"es_ES","og_type":"article","og_title":"Tour privado a pie del Barrio Latino y Catedral Notre Dame","og_description":"Descubra el vibrante Barrio Latino y la emblem\u00e1tica catedral de Notre Dame en un tour privado a pie por Paris junto a un gu\u00eda oficial privado \u2705","og_url":"https:\/\/tourtravelandmore.com\/es\/tours\/francia\/paris-es\/tour-privado-a-pie-paris-barrio-latino\/","og_site_name":"Tour Travel And More","article_publisher":"https:\/\/www.facebook.com\/tourtravelandmore\/","article_modified_time":"2024-08-06T15:08:22+00:00","og_image":[{"width":1200,"height":798,"url":"https:\/\/tourtravelandmore.com\/wp-content\/uploads\/2018\/04\/Paris-Pantheon-architecture-min.jpg","type":"image\/jpeg"}],"twitter_card":"summary_large_image","twitter_site":"@TourTravel_More","twitter_misc":{"Tiempo de lectura":"2 minutos"},"schema":{"@context":"https:\/\/schema.org","@graph":[{"@type":"WebPage","@id":"https:\/\/tourtravelandmore.com\/es\/tours\/francia\/paris-es\/tour-privado-a-pie-paris-barrio-latino\/","url":"https:\/\/tourtravelandmore.com\/es\/tours\/francia\/paris-es\/tour-privado-a-pie-paris-barrio-latino\/","name":"\u27a1\ufe0f Tour Privado a pie por Paris: Barrio Latino y Notre Dame | TTM","isPartOf":{"@id":"https:\/\/tourtravelandmore.com\/es\/#website"},"primaryImageOfPage":{"@id":"https:\/\/tourtravelandmore.com\/es\/tours\/francia\/paris-es\/tour-privado-a-pie-paris-barrio-latino\/#primaryimage"},"image":{"@id":"https:\/\/tourtravelandmore.com\/es\/tours\/francia\/paris-es\/tour-privado-a-pie-paris-barrio-latino\/#primaryimage"},"thumbnailUrl":"https:\/\/tourtravelandmore.com\/wp-content\/uploads\/2018\/04\/Paris-Pantheon-architecture-min.jpg","datePublished":"2018-04-24T13:40:32+00:00","dateModified":"2024-08-06T15:08:22+00:00","description":"Descubra el vibrante Barrio Latino y la emblem\u00e1tica catedral de Notre Dame en un tour privado a pie por Paris junto a un gu\u00eda oficial privado \u2705","breadcrumb":{"@id":"https:\/\/tourtravelandmore.com\/es\/tours\/francia\/paris-es\/tour-privado-a-pie-paris-barrio-latino\/#breadcrumb"},"inLanguage":"es","potentialAction":[{"@type":"ReadAction","target":["https:\/\/tourtravelandmore.com\/es\/tours\/francia\/paris-es\/tour-privado-a-pie-paris-barrio-latino\/"]}]},{"@type":"ImageObject","inLanguage":"es","@id":"https:\/\/tourtravelandmore.com\/es\/tours\/francia\/paris-es\/tour-privado-a-pie-paris-barrio-latino\/#primaryimage","url":"https:\/\/tourtravelandmore.com\/wp-content\/uploads\/2018\/04\/Paris-Pantheon-architecture-min.jpg","contentUrl":"https:\/\/tourtravelandmore.com\/wp-content\/uploads\/2018\/04\/Paris-Pantheon-architecture-min.jpg","width":1200,"height":798,"caption":"Panth\u00e9on Paris"},{"@type":"BreadcrumbList","@id":"https:\/\/tourtravelandmore.com\/es\/tours\/francia\/paris-es\/tour-privado-a-pie-paris-barrio-latino\/#breadcrumb","itemListElement":[{"@type":"ListItem","position":1,"name":"Home","item":"https:\/\/tourtravelandmore.com\/es\/"},{"@type":"ListItem","position":2,"name":"Tours","item":"https:\/\/tourtravelandmore.com\/es\/tours\/"},{"@type":"ListItem","position":3,"name":"Tour privado a pie del Barrio Latino y Catedral Notre Dame"}]},{"@type":"WebSite","@id":"https:\/\/tourtravelandmore.com\/es\/#website","url":"https:\/\/tourtravelandmore.com\/es\/","name":"Tour Travel And More","description":"Private sightseeing tours and luxury transfers in Spain","publisher":{"@id":"https:\/\/tourtravelandmore.com\/es\/#organization"},"potentialAction":[{"@type":"SearchAction","target":{"@type":"EntryPoint","urlTemplate":"https:\/\/tourtravelandmore.com\/es\/?s={search_term_string}"},"query-input":{"@type":"PropertyValueSpecification","valueRequired":true,"valueName":"search_term_string"}}],"inLanguage":"es"},{"@type":"Organization","@id":"https:\/\/tourtravelandmore.com\/es\/#organization","name":"Tour Travel And More","url":"https:\/\/tourtravelandmore.com\/es\/","logo":{"@type":"ImageObject","inLanguage":"es","@id":"https:\/\/tourtravelandmore.com\/es\/#\/schema\/logo\/image\/","url":"https:\/\/tourtravelandmore.com\/wp-content\/uploads\/2022\/12\/cropped-logo-cabecera-new.png","contentUrl":"https:\/\/tourtravelandmore.com\/wp-content\/uploads\/2022\/12\/cropped-logo-cabecera-new.png","width":430,"height":61,"caption":"Tour Travel And More"},"image":{"@id":"https:\/\/tourtravelandmore.com\/es\/#\/schema\/logo\/image\/"},"sameAs":["https:\/\/www.facebook.com\/tourtravelandmore\/","https:\/\/x.com\/TourTravel_More"]}]}},"_links":{"self":[{"href":"https:\/\/tourtravelandmore.com\/es\/wp-json\/wp\/v2\/product\/21050","targetHints":{"allow":["GET"]}}],"collection":[{"href":"https:\/\/tourtravelandmore.com\/es\/wp-json\/wp\/v2\/product"}],"about":[{"href":"https:\/\/tourtravelandmore.com\/es\/wp-json\/wp\/v2\/types\/product"}],"replies":[{"embeddable":true,"href":"https:\/\/tourtravelandmore.com\/es\/wp-json\/wp\/v2\/comments?post=21050"}],"wp:featuredmedia":[{"embeddable":true,"href":"https:\/\/tourtravelandmore.com\/es\/wp-json\/wp\/v2\/media\/80900"}],"wp:attachment":[{"href":"https:\/\/tourtravelandmore.com\/es\/wp-json\/wp\/v2\/media?parent=21050"}],"wp:term":[{"taxonomy":"product_brand","embeddable":true,"href":"https:\/\/tourtravelandmore.com\/es\/wp-json\/wp\/v2\/product_brand?post=21050"},{"taxonomy":"product_cat","embeddable":true,"href":"https:\/\/tourtravelandmore.com\/es\/wp-json\/wp\/v2\/product_cat?post=21050"},{"taxonomy":"product_tag","embeddable":true,"href":"https:\/\/tourtravelandmore.com\/es\/wp-json\/wp\/v2\/product_tag?post=21050"}],"curies":[{"name":"wp","href":"https:\/\/api.w.org\/{rel}","templated":true}]}}