{"id":21045,"date":"2018-04-18T13:50:07","date_gmt":"2018-04-24T12:34:43","guid":{"rendered":"http:\/\/tourtravelandmore.com\/es\/?post_type=product&#038;p=21045"},"modified":"2024-08-06T16:27:36","modified_gmt":"2024-08-06T14:27:36","slug":"tour-montmarte-sacrecoeur-guia-oficial-privado","status":"publish","type":"product","link":"https:\/\/tourtravelandmore.com\/es\/tours\/francia\/paris-es\/tour-montmarte-sacrecoeur-guia-oficial-privado\/","title":{"rendered":"Tour Privado a pie por Montmartre desde Par\u00eds"},"content":{"rendered":"<h2><strong>Descripci\u00f3n<\/strong><\/h2>\n<p>No hay mejor modo para descubrir uno de los barrios m\u00e1s bonitos de <strong>Par\u00eds<\/strong> que a pie. <strong>Montmartre<\/strong> es una de las zonas m\u00e1s visitadas de la ciudad. Explora y descubre este maravilloso barrio parisino junto a un gu\u00eda oficial privado. Apreciar\u00e1s los caf\u00e9s, bares y calles empedradas de <strong>Montmartre.<\/strong> Disfruta nuestro tour en <strong>Montmartre<\/strong> con un gu\u00eda local, <strong>experto<\/strong> en <strong>historia<\/strong> y <strong>cultura<\/strong> de <strong>Par\u00eds.<\/strong><\/p>\n<p>Su gu\u00eda oficial le recoger\u00e1 en su hotel c\u00e9ntrico o podr\u00e1n encontrarse en <strong>Montmartre.<\/strong> Podemos coordinar, en caso que lo deseen, un veh\u00edculo privado a disposici\u00f3n para su tour.<\/p>\n<p><b>Todos nuestros tours son privados y coordinados a medida.<\/b> P\u00f3ngase en contacto con nosotros y le ayudaremos a organizar una experiencia privada a medida.<\/p>\n<h2><strong>Puntos de inter\u00e9s en el Tour Privado a pie por Montmartre desde Par\u00eds<\/strong><\/h2>\n<p><strong>Montmartre<\/strong>, sus maravillosas plazas y calles empedradas son una visita obligada en Par\u00eds. El barrio se encuentra en lo alto del distrito 18 de Par\u00eds. El barrio es una de las m\u00e1s vivas expresiones de la cultura art\u00edstica de Par\u00eds. Durante su tour privado explorar\u00e1n Montmartre y la Bas\u00edlica del Sagrado Corazon junto a un <strong>gu\u00eda oficial privado<\/strong>. Algunos de los sitios que visitar\u00e1n durante su tour privado son:<\/p>\n<ul>\n<li><strong>Place Dalida: Edificada en honor a una de las cantantes m\u00e1s queridas del Siglo 20, est\u00e1 plaza es una de las m\u00e1s bonitas de la ciudad.<\/strong><\/li>\n<li><strong>Caf\u00e9 des Deux Moulins: Reconocido caf\u00e9 parisino, en gran parte gracias a la pel\u00edcula Am\u00e9lie.<\/strong><\/li>\n<li><strong>Place \u00c9mile Goudeau: Donde la famosa comunidad de artistas Bateau-Lavoir se encontraba. Artistas como Picasso o Matisse formaron parte de ella.<\/strong><\/li>\n<li><strong>Moulin de la Galette<\/strong><\/li>\n<li><strong><a href=\"https:\/\/www.comitedesfetesdemontmartre.com\/\">Clos de Montmartre<\/a>: Montmartre ha sido desde tiempos romanos un sitio donde se produjo vino. Hoy en d\u00eda solo quedan 1500 m2 de vid donde se producen 1500 botellas al a\u00f1o. \u00c9stas son vendidas en remate y su ganancia se utiliza con fines caritativos.<\/strong><\/li>\n<li><strong>Place du Tetre: Una de las plazas m\u00e1s visitadas de Par\u00eds.<\/strong><\/li>\n<li><strong>Sacr\u00e9-C\u0153ur Basilica: Fue edificada entre 1876 y 1912 en honor a las v\u00edctimas de la guerra franco-prusiana. Desde all\u00ed podr\u00e1n disfrutar espectaculares vistas de la ciudad.<\/strong><\/li>\n<li><strong>Mucho m\u00e1s!<\/strong><\/li>\n<\/ul>\n<p>Adem\u00e1s de visitar Montmartre es posible adherir una parada en Moulin Rouge. Existen a su vez muchos museos en Montmartre. En caso de que le interese visitarlos podemos coordinar sus entradas sin fila.<\/p>\n<p>Su gu\u00eda privado estar\u00e1 a su entera disposici\u00f3n durante todo el tour. En caso de que lo desee podemos coordinar un veh\u00edculo tambi\u00e9n.<\/p>\n<p>Todos nuestros tours son privados y coordinados a medida de acuerdo al inter\u00e9s de nuestros clientes. En caso de que deseen visitar alg\u00fan museo o monumento durante su tour le podemos gestionar entradas sin fila.<\/p>\n","protected":false},"excerpt":{"rendered":"<p>Disfrute un tour privado a medida y descubra Montmartre, uno de los barrios m\u00e1s bonitos y multiculturales de Par\u00eds, y Sacre Coeur, junto a su gu\u00eda oficial privado. El itinerario final es adaptable a su deseo personal!<\/p>\n","protected":false},"featured_media":20769,"comment_status":"open","ping_status":"closed","template":"","meta":{"_acf_changed":false},"product_brand":[],"product_cat":[834,849,852],"product_tag":[],"class_list":{"0":"post-21045","1":"product","2":"type-product","3":"status-publish","4":"has-post-thumbnail","6":"product_cat-paris-es","7":"product_cat-paris-actividades-es","8":"product_cat-paris-tours-privados-pie-es","10":"first","11":"instock","12":"shipping-taxable","13":"purchasable","14":"product-type-simple"},"acf":[],"yoast_head":"<!-- This site is optimized with the Yoast SEO Premium plugin v25.3.1 (Yoast SEO v25.3.1) - https:\/\/yoast.com\/wordpress\/plugins\/seo\/ -->\n<title>\u27a1\ufe0f Tour privado a pie por Montmarte desde Par\u00eds | Tour Travel &amp; More<\/title>\n<meta name=\"description\" content=\"Disfrute un tour privado a medida y descubra Montmartre, uno de los barrios m\u00e1s bonitos y multiculturales de Par\u00eds, y Sacre Coeur, junto a su gu\u00eda privado \u2705\" \/>\n<meta name=\"robots\" content=\"index, follow, max-snippet:-1, max-image-preview:large, max-video-preview:-1\" \/>\n<link rel=\"canonical\" href=\"https:\/\/tourtravelandmore.com\/es\/tours\/francia\/paris-es\/tour-montmarte-sacrecoeur-guia-oficial-privado\/\" \/>\n<meta property=\"og:locale\" content=\"es_ES\" \/>\n<meta property=\"og:type\" content=\"article\" \/>\n<meta property=\"og:title\" content=\"Tour Privado a pie por Montmartre desde Par\u00eds\" \/>\n<meta property=\"og:description\" content=\"Disfrute un tour privado a medida y descubra Montmartre, uno de los barrios m\u00e1s bonitos y multiculturales de Par\u00eds, y Sacre Coeur, junto a su gu\u00eda privado \u2705\" \/>\n<meta property=\"og:url\" content=\"https:\/\/tourtravelandmore.com\/es\/tours\/francia\/paris-es\/tour-montmarte-sacrecoeur-guia-oficial-privado\/\" \/>\n<meta property=\"og:site_name\" content=\"Tour Travel And More\" \/>\n<meta property=\"article:publisher\" content=\"https:\/\/www.facebook.com\/tourtravelandmore\/\" \/>\n<meta property=\"article:modified_time\" content=\"2024-08-06T14:27:36+00:00\" \/>\n<meta property=\"og:image\" content=\"https:\/\/tourtravelandmore.com\/wp-content\/uploads\/2018\/04\/MontmartreRueNorvinsConsulat-627x376.jpg\" \/>\n\t<meta property=\"og:image:width\" content=\"627\" \/>\n\t<meta property=\"og:image:height\" content=\"376\" \/>\n\t<meta property=\"og:image:type\" content=\"image\/jpeg\" \/>\n<meta name=\"twitter:card\" content=\"summary_large_image\" \/>\n<meta name=\"twitter:site\" content=\"@TourTravel_More\" \/>\n<meta name=\"twitter:label1\" content=\"Tiempo de lectura\" \/>\n\t<meta name=\"twitter:data1\" content=\"2 minutos\" \/>\n<script type=\"application\/ld+json\" class=\"yoast-schema-graph\">{\"@context\":\"https:\/\/schema.org\",\"@graph\":[{\"@type\":\"WebPage\",\"@id\":\"https:\/\/tourtravelandmore.com\/es\/tours\/francia\/paris-es\/tour-montmarte-sacrecoeur-guia-oficial-privado\/\",\"url\":\"https:\/\/tourtravelandmore.com\/es\/tours\/francia\/paris-es\/tour-montmarte-sacrecoeur-guia-oficial-privado\/\",\"name\":\"\u27a1\ufe0f Tour privado a pie por Montmarte desde Par\u00eds | Tour Travel & More\",\"isPartOf\":{\"@id\":\"https:\/\/tourtravelandmore.com\/es\/#website\"},\"primaryImageOfPage\":{\"@id\":\"https:\/\/tourtravelandmore.com\/es\/tours\/francia\/paris-es\/tour-montmarte-sacrecoeur-guia-oficial-privado\/#primaryimage\"},\"image\":{\"@id\":\"https:\/\/tourtravelandmore.com\/es\/tours\/francia\/paris-es\/tour-montmarte-sacrecoeur-guia-oficial-privado\/#primaryimage\"},\"thumbnailUrl\":\"https:\/\/tourtravelandmore.com\/wp-content\/uploads\/2018\/04\/MontmartreRueNorvinsConsulat-627x376.jpg\",\"datePublished\":\"2018-04-24T12:34:43+00:00\",\"dateModified\":\"2024-08-06T14:27:36+00:00\",\"description\":\"Disfrute un tour privado a medida y descubra Montmartre, uno de los barrios m\u00e1s bonitos y multiculturales de Par\u00eds, y Sacre Coeur, junto a su gu\u00eda privado \u2705\",\"breadcrumb\":{\"@id\":\"https:\/\/tourtravelandmore.com\/es\/tours\/francia\/paris-es\/tour-montmarte-sacrecoeur-guia-oficial-privado\/#breadcrumb\"},\"inLanguage\":\"es\",\"potentialAction\":[{\"@type\":\"ReadAction\",\"target\":[\"https:\/\/tourtravelandmore.com\/es\/tours\/francia\/paris-es\/tour-montmarte-sacrecoeur-guia-oficial-privado\/\"]}]},{\"@type\":\"ImageObject\",\"inLanguage\":\"es\",\"@id\":\"https:\/\/tourtravelandmore.com\/es\/tours\/francia\/paris-es\/tour-montmarte-sacrecoeur-guia-oficial-privado\/#primaryimage\",\"url\":\"https:\/\/tourtravelandmore.com\/wp-content\/uploads\/2018\/04\/MontmartreRueNorvinsConsulat-627x376.jpg\",\"contentUrl\":\"https:\/\/tourtravelandmore.com\/wp-content\/uploads\/2018\/04\/MontmartreRueNorvinsConsulat-627x376.jpg\",\"width\":627,\"height\":376},{\"@type\":\"BreadcrumbList\",\"@id\":\"https:\/\/tourtravelandmore.com\/es\/tours\/francia\/paris-es\/tour-montmarte-sacrecoeur-guia-oficial-privado\/#breadcrumb\",\"itemListElement\":[{\"@type\":\"ListItem\",\"position\":1,\"name\":\"Home\",\"item\":\"https:\/\/tourtravelandmore.com\/es\/\"},{\"@type\":\"ListItem\",\"position\":2,\"name\":\"Tours\",\"item\":\"https:\/\/tourtravelandmore.com\/es\/tours\/\"},{\"@type\":\"ListItem\",\"position\":3,\"name\":\"Tour Privado a pie por Montmartre desde Par\u00eds\"}]},{\"@type\":\"WebSite\",\"@id\":\"https:\/\/tourtravelandmore.com\/es\/#website\",\"url\":\"https:\/\/tourtravelandmore.com\/es\/\",\"name\":\"Tour Travel And More\",\"description\":\"Private sightseeing tours and luxury transfers in Spain\",\"publisher\":{\"@id\":\"https:\/\/tourtravelandmore.com\/es\/#organization\"},\"potentialAction\":[{\"@type\":\"SearchAction\",\"target\":{\"@type\":\"EntryPoint\",\"urlTemplate\":\"https:\/\/tourtravelandmore.com\/es\/?s={search_term_string}\"},\"query-input\":{\"@type\":\"PropertyValueSpecification\",\"valueRequired\":true,\"valueName\":\"search_term_string\"}}],\"inLanguage\":\"es\"},{\"@type\":\"Organization\",\"@id\":\"https:\/\/tourtravelandmore.com\/es\/#organization\",\"name\":\"Tour Travel And More\",\"url\":\"https:\/\/tourtravelandmore.com\/es\/\",\"logo\":{\"@type\":\"ImageObject\",\"inLanguage\":\"es\",\"@id\":\"https:\/\/tourtravelandmore.com\/es\/#\/schema\/logo\/image\/\",\"url\":\"https:\/\/tourtravelandmore.com\/wp-content\/uploads\/2022\/12\/cropped-logo-cabecera-new.png\",\"contentUrl\":\"https:\/\/tourtravelandmore.com\/wp-content\/uploads\/2022\/12\/cropped-logo-cabecera-new.png\",\"width\":430,\"height\":61,\"caption\":\"Tour Travel And More\"},\"image\":{\"@id\":\"https:\/\/tourtravelandmore.com\/es\/#\/schema\/logo\/image\/\"},\"sameAs\":[\"https:\/\/www.facebook.com\/tourtravelandmore\/\",\"https:\/\/x.com\/TourTravel_More\"]}]}<\/script>\n<!-- \/ Yoast SEO Premium plugin. -->","yoast_head_json":{"title":"\u27a1\ufe0f Tour privado a pie por Montmarte desde Par\u00eds | Tour Travel & More","description":"Disfrute un tour privado a medida y descubra Montmartre, uno de los barrios m\u00e1s bonitos y multiculturales de Par\u00eds, y Sacre Coeur, junto a su gu\u00eda privado \u2705","robots":{"index":"index","follow":"follow","max-snippet":"max-snippet:-1","max-image-preview":"max-image-preview:large","max-video-preview":"max-video-preview:-1"},"canonical":"https:\/\/tourtravelandmore.com\/es\/tours\/francia\/paris-es\/tour-montmarte-sacrecoeur-guia-oficial-privado\/","og_locale":"es_ES","og_type":"article","og_title":"Tour Privado a pie por Montmartre desde Par\u00eds","og_description":"Disfrute un tour privado a medida y descubra Montmartre, uno de los barrios m\u00e1s bonitos y multiculturales de Par\u00eds, y Sacre Coeur, junto a su gu\u00eda privado \u2705","og_url":"https:\/\/tourtravelandmore.com\/es\/tours\/francia\/paris-es\/tour-montmarte-sacrecoeur-guia-oficial-privado\/","og_site_name":"Tour Travel And More","article_publisher":"https:\/\/www.facebook.com\/tourtravelandmore\/","article_modified_time":"2024-08-06T14:27:36+00:00","og_image":[{"width":627,"height":376,"url":"https:\/\/tourtravelandmore.com\/wp-content\/uploads\/2018\/04\/MontmartreRueNorvinsConsulat-627x376.jpg","type":"image\/jpeg"}],"twitter_card":"summary_large_image","twitter_site":"@TourTravel_More","twitter_misc":{"Tiempo de lectura":"2 minutos"},"schema":{"@context":"https:\/\/schema.org","@graph":[{"@type":"WebPage","@id":"https:\/\/tourtravelandmore.com\/es\/tours\/francia\/paris-es\/tour-montmarte-sacrecoeur-guia-oficial-privado\/","url":"https:\/\/tourtravelandmore.com\/es\/tours\/francia\/paris-es\/tour-montmarte-sacrecoeur-guia-oficial-privado\/","name":"\u27a1\ufe0f Tour privado a pie por Montmarte desde Par\u00eds | Tour Travel & More","isPartOf":{"@id":"https:\/\/tourtravelandmore.com\/es\/#website"},"primaryImageOfPage":{"@id":"https:\/\/tourtravelandmore.com\/es\/tours\/francia\/paris-es\/tour-montmarte-sacrecoeur-guia-oficial-privado\/#primaryimage"},"image":{"@id":"https:\/\/tourtravelandmore.com\/es\/tours\/francia\/paris-es\/tour-montmarte-sacrecoeur-guia-oficial-privado\/#primaryimage"},"thumbnailUrl":"https:\/\/tourtravelandmore.com\/wp-content\/uploads\/2018\/04\/MontmartreRueNorvinsConsulat-627x376.jpg","datePublished":"2018-04-24T12:34:43+00:00","dateModified":"2024-08-06T14:27:36+00:00","description":"Disfrute un tour privado a medida y descubra Montmartre, uno de los barrios m\u00e1s bonitos y multiculturales de Par\u00eds, y Sacre Coeur, junto a su gu\u00eda privado \u2705","breadcrumb":{"@id":"https:\/\/tourtravelandmore.com\/es\/tours\/francia\/paris-es\/tour-montmarte-sacrecoeur-guia-oficial-privado\/#breadcrumb"},"inLanguage":"es","potentialAction":[{"@type":"ReadAction","target":["https:\/\/tourtravelandmore.com\/es\/tours\/francia\/paris-es\/tour-montmarte-sacrecoeur-guia-oficial-privado\/"]}]},{"@type":"ImageObject","inLanguage":"es","@id":"https:\/\/tourtravelandmore.com\/es\/tours\/francia\/paris-es\/tour-montmarte-sacrecoeur-guia-oficial-privado\/#primaryimage","url":"https:\/\/tourtravelandmore.com\/wp-content\/uploads\/2018\/04\/MontmartreRueNorvinsConsulat-627x376.jpg","contentUrl":"https:\/\/tourtravelandmore.com\/wp-content\/uploads\/2018\/04\/MontmartreRueNorvinsConsulat-627x376.jpg","width":627,"height":376},{"@type":"BreadcrumbList","@id":"https:\/\/tourtravelandmore.com\/es\/tours\/francia\/paris-es\/tour-montmarte-sacrecoeur-guia-oficial-privado\/#breadcrumb","itemListElement":[{"@type":"ListItem","position":1,"name":"Home","item":"https:\/\/tourtravelandmore.com\/es\/"},{"@type":"ListItem","position":2,"name":"Tours","item":"https:\/\/tourtravelandmore.com\/es\/tours\/"},{"@type":"ListItem","position":3,"name":"Tour Privado a pie por Montmartre desde Par\u00eds"}]},{"@type":"WebSite","@id":"https:\/\/tourtravelandmore.com\/es\/#website","url":"https:\/\/tourtravelandmore.com\/es\/","name":"Tour Travel And More","description":"Private sightseeing tours and luxury transfers in Spain","publisher":{"@id":"https:\/\/tourtravelandmore.com\/es\/#organization"},"potentialAction":[{"@type":"SearchAction","target":{"@type":"EntryPoint","urlTemplate":"https:\/\/tourtravelandmore.com\/es\/?s={search_term_string}"},"query-input":{"@type":"PropertyValueSpecification","valueRequired":true,"valueName":"search_term_string"}}],"inLanguage":"es"},{"@type":"Organization","@id":"https:\/\/tourtravelandmore.com\/es\/#organization","name":"Tour Travel And More","url":"https:\/\/tourtravelandmore.com\/es\/","logo":{"@type":"ImageObject","inLanguage":"es","@id":"https:\/\/tourtravelandmore.com\/es\/#\/schema\/logo\/image\/","url":"https:\/\/tourtravelandmore.com\/wp-content\/uploads\/2022\/12\/cropped-logo-cabecera-new.png","contentUrl":"https:\/\/tourtravelandmore.com\/wp-content\/uploads\/2022\/12\/cropped-logo-cabecera-new.png","width":430,"height":61,"caption":"Tour Travel And More"},"image":{"@id":"https:\/\/tourtravelandmore.com\/es\/#\/schema\/logo\/image\/"},"sameAs":["https:\/\/www.facebook.com\/tourtravelandmore\/","https:\/\/x.com\/TourTravel_More"]}]}},"_links":{"self":[{"href":"https:\/\/tourtravelandmore.com\/es\/wp-json\/wp\/v2\/product\/21045","targetHints":{"allow":["GET"]}}],"collection":[{"href":"https:\/\/tourtravelandmore.com\/es\/wp-json\/wp\/v2\/product"}],"about":[{"href":"https:\/\/tourtravelandmore.com\/es\/wp-json\/wp\/v2\/types\/product"}],"replies":[{"embeddable":true,"href":"https:\/\/tourtravelandmore.com\/es\/wp-json\/wp\/v2\/comments?post=21045"}],"wp:featuredmedia":[{"embeddable":true,"href":"https:\/\/tourtravelandmore.com\/es\/wp-json\/wp\/v2\/media\/20769"}],"wp:attachment":[{"href":"https:\/\/tourtravelandmore.com\/es\/wp-json\/wp\/v2\/media?parent=21045"}],"wp:term":[{"taxonomy":"product_brand","embeddable":true,"href":"https:\/\/tourtravelandmore.com\/es\/wp-json\/wp\/v2\/product_brand?post=21045"},{"taxonomy":"product_cat","embeddable":true,"href":"https:\/\/tourtravelandmore.com\/es\/wp-json\/wp\/v2\/product_cat?post=21045"},{"taxonomy":"product_tag","embeddable":true,"href":"https:\/\/tourtravelandmore.com\/es\/wp-json\/wp\/v2\/product_tag?post=21045"}],"curies":[{"name":"wp","href":"https:\/\/api.w.org\/{rel}","templated":true}]}}