{"id":20932,"date":"2018-04-18T14:08:42","date_gmt":"2018-04-20T15:07:04","guid":{"rendered":"http:\/\/tourtravelandmore.com\/es\/?post_type=product&#038;p=20932"},"modified":"2024-08-06T16:15:20","modified_gmt":"2024-08-06T14:15:20","slug":"tour-privado-paris-4-horas","status":"publish","type":"product","link":"https:\/\/tourtravelandmore.com\/es\/tours\/francia\/paris-es\/tour-privado-paris-4-horas\/","title":{"rendered":"Tour Privado Par\u00eds: Opci\u00f3n medio d\u00eda"},"content":{"rendered":"<h2><strong>Descripci\u00f3n del Tour Privado Par\u00eds: Opci\u00f3n medio d\u00eda<\/strong><\/h2>\n<p><span style=\"font-weight: 400;\">Aproveche su visita a <strong>Par\u00eds<\/strong> y descubra los sitios m\u00e1s emblem\u00e1ticos de la ciudad junto a un gu\u00eda <strong>oficial privado.<\/strong> Nuestro tour <strong>privado<\/strong> en <strong>Paris<\/strong> es a medida, adaptable a sus deseos e intereses personales.<\/span><\/p>\n<p>Su chofer y gu\u00eda oficial privado le recoger\u00e1n en su hotel o apartamento en Par\u00eds para dar comienzo a su tour privado. Durante este descubrir\u00e1n Par\u00eds junto a su gu\u00eda experto en la historia, cultura y arte de la ciudad. La duraci\u00f3n del tour es de <strong>4 horas,<\/strong> pero es posible extender la duraci\u00f3n del mismo. Puede ver tambi\u00e9n nuestra propuesta para tour del<strong> <a href=\"https:\/\/tourtravelandmore.com\/es\/tours\/francia\/paris-es\/tour-privado-en-paris-8-horas\/\">d\u00eda completo<\/a><\/strong> si lo desea.<\/p>\n<p>Todos nuestros <strong>tours<\/strong> son <strong>privados<\/strong> y adaptados a medida para cada uno de nuestros clientes. No dude en contactarnos, nuestro equipo le ayudar\u00e1 a coordinar la mejor experiencia posible en Par\u00eds.<\/p>\n<h2><strong>Puntos de inter\u00e9s en el Tour Privado Par\u00eds: Opci\u00f3n medio d\u00eda<\/strong><\/h2>\n<p>Par\u00eds es una de las <strong>ciudades<\/strong> m\u00e1s influyentes del <strong>mundo.<\/strong> No solo por su <strong>arquitectura<\/strong> y <strong>museos,<\/strong> sino por su <strong>cultura, historia, arte<\/strong> y <strong>gastronom\u00eda.<\/strong> Nuestra propuesta de<strong> tour privado<\/strong>\u00a0es ayudarle a descubrir los secretos de esta magn\u00edfica ciudad junto a un gu\u00eda experto. Tendr\u00e1 tambi\u00e9n a un chofer privado a su disposici\u00f3n durante todo el tour.<\/p>\n<p><strong>Sitios m\u00e1s emblem\u00e1ticos de Par\u00eds:<\/strong><\/p>\n<ul>\n<li style=\"font-weight: 400;\"><strong>Torre Eiffel<\/strong><\/li>\n<li style=\"font-weight: 400;\"><strong><a href=\"https:\/\/www.louvre.fr\/en\">Museo Louvre<\/a><\/strong><\/li>\n<li style=\"font-weight: 400;\"><strong>Catedral Notre Dame<\/strong><\/li>\n<li style=\"font-weight: 400;\"><strong>Arco de Triunfo<\/strong><\/li>\n<li style=\"font-weight: 400;\"><strong>Bas\u00edlica Sagrado Coraz\u00f3n<\/strong><\/li>\n<li style=\"font-weight: 400;\"><strong>Jardines de Luxemburgo<\/strong><\/li>\n<li style=\"font-weight: 400;\"><strong>Plaza de la Concordia<\/strong><\/li>\n<li style=\"font-weight: 400;\"><strong>Champs \u00c9lys\u00e9es<\/strong><\/li>\n<li style=\"font-weight: 400;\"><strong>Grand Palais<\/strong><\/li>\n<li style=\"font-weight: 400;\"><strong>Trocadero<\/strong><\/li>\n<li style=\"font-weight: 400;\"><strong>Moulin Rouge<\/strong><\/li>\n<li style=\"font-weight: 400;\"><strong>Mucho m\u00e1s!<\/strong><\/li>\n<\/ul>\n<p><span style=\"font-weight: 400;\">En caso que deseen visitar alg\u00fan monumento o museo en Par\u00eds no dude en contactarnos. Podemos gestionar entradas sin fila a cualquier sitio en Par\u00eds. Durante su tour privado tendr\u00e1 tiempo para tomar espectaculares fotos de Par\u00eds. Recuerde que el tour es absolutamente adaptable a sus deseos e intereses personales.<\/span><\/p>\n<p><span style=\"font-weight: 400;\">Como detallado anteriormente, este tour es absolutamente privado y adaptable a medida. Nuestros expertos de viaje le ayudar\u00e1n a planificar la experiencia ideal.<\/span><\/p>\n<p>Itinerario, duraci\u00f3n y horario de comienzo son totalmente ajustables a su deseo personal. No dude en contactarnos para coordinar su experiencia a medida en Par\u00eds.<\/p>\n","protected":false},"excerpt":{"rendered":"<p>Descubre la magnifica ciudad de Paris junto a su gu\u00eda oficial y chofer privado. Itinerario a medida, gesti\u00f3n de ingreso a museos y monumentos y recogida y devoluci\u00f3n en su alojamiento!<\/p>\n","protected":false},"featured_media":80729,"comment_status":"open","ping_status":"closed","template":"","meta":{"_acf_changed":false},"product_brand":[],"product_cat":[834,848,849,850],"product_tag":[],"class_list":{"0":"post-20932","1":"product","2":"type-product","3":"status-publish","4":"has-post-thumbnail","6":"product_cat-paris-es","7":"product_cat-paris-top-ventas-es","8":"product_cat-paris-actividades-es","9":"product_cat-paris-rutas-turisticas-privadas-es","11":"first","12":"instock","13":"shipping-taxable","14":"purchasable","15":"product-type-simple"},"acf":[],"yoast_head":"<!-- This site is optimized with the Yoast SEO Premium plugin v25.3.1 (Yoast SEO v25.3.1) - https:\/\/yoast.com\/wordpress\/plugins\/seo\/ -->\n<title>\u27a1\ufe0f Tour privado de Paris: Chofer y gu\u00eda oficial privado | Tour Travel &amp; More<\/title>\n<meta name=\"description\" content=\"Descubra la magnifica ciudad de Paris junto a su gu\u00eda oficial y chofer privado con nuestro tour privado. Itinerario a medida, recogida desde su hotel! \u2705\" \/>\n<meta name=\"robots\" content=\"index, follow, max-snippet:-1, max-image-preview:large, max-video-preview:-1\" \/>\n<link rel=\"canonical\" href=\"https:\/\/tourtravelandmore.com\/es\/tours\/francia\/paris-es\/tour-privado-paris-4-horas\/\" \/>\n<meta property=\"og:locale\" content=\"es_ES\" \/>\n<meta property=\"og:type\" content=\"article\" \/>\n<meta property=\"og:title\" content=\"Tour Privado Par\u00eds: Opci\u00f3n medio d\u00eda\" \/>\n<meta property=\"og:description\" content=\"Descubra la magnifica ciudad de Paris junto a su gu\u00eda oficial y chofer privado con nuestro tour privado. Itinerario a medida, recogida desde su hotel! \u2705\" \/>\n<meta property=\"og:url\" content=\"https:\/\/tourtravelandmore.com\/es\/tours\/francia\/paris-es\/tour-privado-paris-4-horas\/\" \/>\n<meta property=\"og:site_name\" content=\"Tour Travel And More\" \/>\n<meta property=\"article:publisher\" content=\"https:\/\/www.facebook.com\/tourtravelandmore\/\" \/>\n<meta property=\"article:modified_time\" content=\"2024-08-06T14:15:20+00:00\" \/>\n<meta property=\"og:image\" content=\"https:\/\/tourtravelandmore.com\/wp-content\/uploads\/2018\/04\/Paris-3-min.jpg\" \/>\n\t<meta property=\"og:image:width\" content=\"910\" \/>\n\t<meta property=\"og:image:height\" content=\"609\" \/>\n\t<meta property=\"og:image:type\" content=\"image\/jpeg\" \/>\n<meta name=\"twitter:card\" content=\"summary_large_image\" \/>\n<meta name=\"twitter:site\" content=\"@TourTravel_More\" \/>\n<meta name=\"twitter:label1\" content=\"Tiempo de lectura\" \/>\n\t<meta name=\"twitter:data1\" content=\"2 minutos\" \/>\n<script type=\"application\/ld+json\" class=\"yoast-schema-graph\">{\"@context\":\"https:\/\/schema.org\",\"@graph\":[{\"@type\":\"WebPage\",\"@id\":\"https:\/\/tourtravelandmore.com\/es\/tours\/francia\/paris-es\/tour-privado-paris-4-horas\/\",\"url\":\"https:\/\/tourtravelandmore.com\/es\/tours\/francia\/paris-es\/tour-privado-paris-4-horas\/\",\"name\":\"\u27a1\ufe0f Tour privado de Paris: Chofer y gu\u00eda oficial privado | Tour Travel & More\",\"isPartOf\":{\"@id\":\"https:\/\/tourtravelandmore.com\/es\/#website\"},\"primaryImageOfPage\":{\"@id\":\"https:\/\/tourtravelandmore.com\/es\/tours\/francia\/paris-es\/tour-privado-paris-4-horas\/#primaryimage\"},\"image\":{\"@id\":\"https:\/\/tourtravelandmore.com\/es\/tours\/francia\/paris-es\/tour-privado-paris-4-horas\/#primaryimage\"},\"thumbnailUrl\":\"https:\/\/tourtravelandmore.com\/wp-content\/uploads\/2018\/04\/Paris-3-min.jpg\",\"datePublished\":\"2018-04-20T15:07:04+00:00\",\"dateModified\":\"2024-08-06T14:15:20+00:00\",\"description\":\"Descubra la magnifica ciudad de Paris junto a su gu\u00eda oficial y chofer privado con nuestro tour privado. Itinerario a medida, recogida desde su hotel! \u2705\",\"breadcrumb\":{\"@id\":\"https:\/\/tourtravelandmore.com\/es\/tours\/francia\/paris-es\/tour-privado-paris-4-horas\/#breadcrumb\"},\"inLanguage\":\"es\",\"potentialAction\":[{\"@type\":\"ReadAction\",\"target\":[\"https:\/\/tourtravelandmore.com\/es\/tours\/francia\/paris-es\/tour-privado-paris-4-horas\/\"]}]},{\"@type\":\"ImageObject\",\"inLanguage\":\"es\",\"@id\":\"https:\/\/tourtravelandmore.com\/es\/tours\/francia\/paris-es\/tour-privado-paris-4-horas\/#primaryimage\",\"url\":\"https:\/\/tourtravelandmore.com\/wp-content\/uploads\/2018\/04\/Paris-3-min.jpg\",\"contentUrl\":\"https:\/\/tourtravelandmore.com\/wp-content\/uploads\/2018\/04\/Paris-3-min.jpg\",\"width\":910,\"height\":609,\"caption\":\"Eiffel tower\"},{\"@type\":\"BreadcrumbList\",\"@id\":\"https:\/\/tourtravelandmore.com\/es\/tours\/francia\/paris-es\/tour-privado-paris-4-horas\/#breadcrumb\",\"itemListElement\":[{\"@type\":\"ListItem\",\"position\":1,\"name\":\"Home\",\"item\":\"https:\/\/tourtravelandmore.com\/es\/\"},{\"@type\":\"ListItem\",\"position\":2,\"name\":\"Tours\",\"item\":\"https:\/\/tourtravelandmore.com\/es\/tours\/\"},{\"@type\":\"ListItem\",\"position\":3,\"name\":\"Tour Privado Par\u00eds: Opci\u00f3n medio d\u00eda\"}]},{\"@type\":\"WebSite\",\"@id\":\"https:\/\/tourtravelandmore.com\/es\/#website\",\"url\":\"https:\/\/tourtravelandmore.com\/es\/\",\"name\":\"Tour Travel And More\",\"description\":\"Private sightseeing tours and luxury transfers in Spain\",\"publisher\":{\"@id\":\"https:\/\/tourtravelandmore.com\/es\/#organization\"},\"potentialAction\":[{\"@type\":\"SearchAction\",\"target\":{\"@type\":\"EntryPoint\",\"urlTemplate\":\"https:\/\/tourtravelandmore.com\/es\/?s={search_term_string}\"},\"query-input\":{\"@type\":\"PropertyValueSpecification\",\"valueRequired\":true,\"valueName\":\"search_term_string\"}}],\"inLanguage\":\"es\"},{\"@type\":\"Organization\",\"@id\":\"https:\/\/tourtravelandmore.com\/es\/#organization\",\"name\":\"Tour Travel And More\",\"url\":\"https:\/\/tourtravelandmore.com\/es\/\",\"logo\":{\"@type\":\"ImageObject\",\"inLanguage\":\"es\",\"@id\":\"https:\/\/tourtravelandmore.com\/es\/#\/schema\/logo\/image\/\",\"url\":\"https:\/\/tourtravelandmore.com\/wp-content\/uploads\/2022\/12\/cropped-logo-cabecera-new.png\",\"contentUrl\":\"https:\/\/tourtravelandmore.com\/wp-content\/uploads\/2022\/12\/cropped-logo-cabecera-new.png\",\"width\":430,\"height\":61,\"caption\":\"Tour Travel And More\"},\"image\":{\"@id\":\"https:\/\/tourtravelandmore.com\/es\/#\/schema\/logo\/image\/\"},\"sameAs\":[\"https:\/\/www.facebook.com\/tourtravelandmore\/\",\"https:\/\/x.com\/TourTravel_More\"]}]}<\/script>\n<!-- \/ Yoast SEO Premium plugin. -->","yoast_head_json":{"title":"\u27a1\ufe0f Tour privado de Paris: Chofer y gu\u00eda oficial privado | Tour Travel & More","description":"Descubra la magnifica ciudad de Paris junto a su gu\u00eda oficial y chofer privado con nuestro tour privado. Itinerario a medida, recogida desde su hotel! \u2705","robots":{"index":"index","follow":"follow","max-snippet":"max-snippet:-1","max-image-preview":"max-image-preview:large","max-video-preview":"max-video-preview:-1"},"canonical":"https:\/\/tourtravelandmore.com\/es\/tours\/francia\/paris-es\/tour-privado-paris-4-horas\/","og_locale":"es_ES","og_type":"article","og_title":"Tour Privado Par\u00eds: Opci\u00f3n medio d\u00eda","og_description":"Descubra la magnifica ciudad de Paris junto a su gu\u00eda oficial y chofer privado con nuestro tour privado. Itinerario a medida, recogida desde su hotel! \u2705","og_url":"https:\/\/tourtravelandmore.com\/es\/tours\/francia\/paris-es\/tour-privado-paris-4-horas\/","og_site_name":"Tour Travel And More","article_publisher":"https:\/\/www.facebook.com\/tourtravelandmore\/","article_modified_time":"2024-08-06T14:15:20+00:00","og_image":[{"width":910,"height":609,"url":"https:\/\/tourtravelandmore.com\/wp-content\/uploads\/2018\/04\/Paris-3-min.jpg","type":"image\/jpeg"}],"twitter_card":"summary_large_image","twitter_site":"@TourTravel_More","twitter_misc":{"Tiempo de lectura":"2 minutos"},"schema":{"@context":"https:\/\/schema.org","@graph":[{"@type":"WebPage","@id":"https:\/\/tourtravelandmore.com\/es\/tours\/francia\/paris-es\/tour-privado-paris-4-horas\/","url":"https:\/\/tourtravelandmore.com\/es\/tours\/francia\/paris-es\/tour-privado-paris-4-horas\/","name":"\u27a1\ufe0f Tour privado de Paris: Chofer y gu\u00eda oficial privado | Tour Travel & More","isPartOf":{"@id":"https:\/\/tourtravelandmore.com\/es\/#website"},"primaryImageOfPage":{"@id":"https:\/\/tourtravelandmore.com\/es\/tours\/francia\/paris-es\/tour-privado-paris-4-horas\/#primaryimage"},"image":{"@id":"https:\/\/tourtravelandmore.com\/es\/tours\/francia\/paris-es\/tour-privado-paris-4-horas\/#primaryimage"},"thumbnailUrl":"https:\/\/tourtravelandmore.com\/wp-content\/uploads\/2018\/04\/Paris-3-min.jpg","datePublished":"2018-04-20T15:07:04+00:00","dateModified":"2024-08-06T14:15:20+00:00","description":"Descubra la magnifica ciudad de Paris junto a su gu\u00eda oficial y chofer privado con nuestro tour privado. Itinerario a medida, recogida desde su hotel! \u2705","breadcrumb":{"@id":"https:\/\/tourtravelandmore.com\/es\/tours\/francia\/paris-es\/tour-privado-paris-4-horas\/#breadcrumb"},"inLanguage":"es","potentialAction":[{"@type":"ReadAction","target":["https:\/\/tourtravelandmore.com\/es\/tours\/francia\/paris-es\/tour-privado-paris-4-horas\/"]}]},{"@type":"ImageObject","inLanguage":"es","@id":"https:\/\/tourtravelandmore.com\/es\/tours\/francia\/paris-es\/tour-privado-paris-4-horas\/#primaryimage","url":"https:\/\/tourtravelandmore.com\/wp-content\/uploads\/2018\/04\/Paris-3-min.jpg","contentUrl":"https:\/\/tourtravelandmore.com\/wp-content\/uploads\/2018\/04\/Paris-3-min.jpg","width":910,"height":609,"caption":"Eiffel tower"},{"@type":"BreadcrumbList","@id":"https:\/\/tourtravelandmore.com\/es\/tours\/francia\/paris-es\/tour-privado-paris-4-horas\/#breadcrumb","itemListElement":[{"@type":"ListItem","position":1,"name":"Home","item":"https:\/\/tourtravelandmore.com\/es\/"},{"@type":"ListItem","position":2,"name":"Tours","item":"https:\/\/tourtravelandmore.com\/es\/tours\/"},{"@type":"ListItem","position":3,"name":"Tour Privado Par\u00eds: Opci\u00f3n medio d\u00eda"}]},{"@type":"WebSite","@id":"https:\/\/tourtravelandmore.com\/es\/#website","url":"https:\/\/tourtravelandmore.com\/es\/","name":"Tour Travel And More","description":"Private sightseeing tours and luxury transfers in Spain","publisher":{"@id":"https:\/\/tourtravelandmore.com\/es\/#organization"},"potentialAction":[{"@type":"SearchAction","target":{"@type":"EntryPoint","urlTemplate":"https:\/\/tourtravelandmore.com\/es\/?s={search_term_string}"},"query-input":{"@type":"PropertyValueSpecification","valueRequired":true,"valueName":"search_term_string"}}],"inLanguage":"es"},{"@type":"Organization","@id":"https:\/\/tourtravelandmore.com\/es\/#organization","name":"Tour Travel And More","url":"https:\/\/tourtravelandmore.com\/es\/","logo":{"@type":"ImageObject","inLanguage":"es","@id":"https:\/\/tourtravelandmore.com\/es\/#\/schema\/logo\/image\/","url":"https:\/\/tourtravelandmore.com\/wp-content\/uploads\/2022\/12\/cropped-logo-cabecera-new.png","contentUrl":"https:\/\/tourtravelandmore.com\/wp-content\/uploads\/2022\/12\/cropped-logo-cabecera-new.png","width":430,"height":61,"caption":"Tour Travel And More"},"image":{"@id":"https:\/\/tourtravelandmore.com\/es\/#\/schema\/logo\/image\/"},"sameAs":["https:\/\/www.facebook.com\/tourtravelandmore\/","https:\/\/x.com\/TourTravel_More"]}]}},"_links":{"self":[{"href":"https:\/\/tourtravelandmore.com\/es\/wp-json\/wp\/v2\/product\/20932","targetHints":{"allow":["GET"]}}],"collection":[{"href":"https:\/\/tourtravelandmore.com\/es\/wp-json\/wp\/v2\/product"}],"about":[{"href":"https:\/\/tourtravelandmore.com\/es\/wp-json\/wp\/v2\/types\/product"}],"replies":[{"embeddable":true,"href":"https:\/\/tourtravelandmore.com\/es\/wp-json\/wp\/v2\/comments?post=20932"}],"wp:featuredmedia":[{"embeddable":true,"href":"https:\/\/tourtravelandmore.com\/es\/wp-json\/wp\/v2\/media\/80729"}],"wp:attachment":[{"href":"https:\/\/tourtravelandmore.com\/es\/wp-json\/wp\/v2\/media?parent=20932"}],"wp:term":[{"taxonomy":"product_brand","embeddable":true,"href":"https:\/\/tourtravelandmore.com\/es\/wp-json\/wp\/v2\/product_brand?post=20932"},{"taxonomy":"product_cat","embeddable":true,"href":"https:\/\/tourtravelandmore.com\/es\/wp-json\/wp\/v2\/product_cat?post=20932"},{"taxonomy":"product_tag","embeddable":true,"href":"https:\/\/tourtravelandmore.com\/es\/wp-json\/wp\/v2\/product_tag?post=20932"}],"curies":[{"name":"wp","href":"https:\/\/api.w.org\/{rel}","templated":true}]}}