{"id":20927,"date":"2018-04-18T14:01:03","date_gmt":"2018-04-20T15:02:58","guid":{"rendered":"http:\/\/tourtravelandmore.com\/es\/?post_type=product&#038;p=20927"},"modified":"2024-08-06T16:29:11","modified_gmt":"2024-08-06T14:29:11","slug":"tour-privado-en-paris-8-horas","status":"publish","type":"product","link":"https:\/\/tourtravelandmore.com\/es\/tours\/francia\/paris-es\/tour-privado-en-paris-8-horas\/","title":{"rendered":"Tour Privado Par\u00eds: Opci\u00f3n d\u00eda completo"},"content":{"rendered":"<h2><strong>Descripci\u00f3n del Tour Privado Par\u00eds: Opci\u00f3n d\u00eda completo<\/strong><\/h2>\n<p><span style=\"font-weight: 400;\">Haga de su visita a Par\u00eds un viaje memorable. Perm\u00edtannos ayudarle a explorar la ciudad de la luz durante nuestro tour en Par\u00eds con gu\u00eda oficial. Los<strong> tours privados<\/strong> que ofrecemos son organizados a medida, de acuerdo a su inter\u00e9s personal.<\/span><\/p>\n<p>Su chofer y gu\u00eda oficial le recoger\u00e1n en su sitio deseado de la ciudad. Es posible coordinar recogida en su hotel, apartamento o incluso el aeropuerto de Par\u00eds. El horario de comienzo es ajustable a su deseo. Durante su experiencia privada explorar\u00e1n Par\u00eds junto a su gu\u00eda privado. Nuestros gu\u00edas licenciados son expertos en la historia, cultura y arte de Par\u00eds. Nuestro full day tour en Par\u00eds tiene una duraci\u00f3n de 8 horas. Puede ver tambi\u00e9n nuestra propuesta para tour de <a href=\"https:\/\/tourtravelandmore.com\/es\/tours\/francia\/paris-es\/tour-privado-paris-4-horas\/\">medio d\u00eda<\/a> en caso de que lo desee.<\/p>\n<p>La totalidad de nuestros tours son privados y adaptables al deseo de nuestros clientes. No dude en ponerse en contacto con nosotros. Nuestro equipo de expertos le ayudar\u00e1 a planificar una experiencia a medida.<\/p>\n<h2><strong>Puntos de inter\u00e9s en el Tour Privado Par\u00eds: Opci\u00f3n d\u00eda completo<\/strong><\/h2>\n<p>Par\u00eds es, despu\u00e9s de Londres, la segunda ciudad m\u00e1s visitada de Europa. La ciudad de la luz no solo es concurrida por su arquitectura y museos, sino tambi\u00e9n por su cultura, historia, arte y gastronom\u00eda. Durante nuestro<strong>\u00a0tour privado<\/strong> de d\u00eda completo le acompa\u00f1aremos a descubrir los secretos de esta magn\u00edfica ciudad. Para ello contar\u00e1 con la disposici\u00f3n de un gu\u00eda oficial, experto en la ciudad. C\u00f3mo tambi\u00e9n de un chofer profesional, amplio conocedor de las calles de Par\u00eds.<\/p>\n<p><strong>Sitios m\u00e1s emblem\u00e1ticos de Par\u00eds:<\/strong><\/p>\n<ul>\n<li><strong>Museo Louvre: El Louvre es museo nacional de Francia, y a su vez el museo de arte m\u00e1s grande del mundo.<\/strong><\/li>\n<li style=\"font-weight: 400;\"><strong>Torre Eiffel: Esta emblem\u00e1tica obra Parisina fue edificada en 1889 por Gustave Eiffel. Su motivo fue la conmemoraci\u00f3n del primer Siglo luego de la revoluci\u00f3n francesa.<\/strong><\/li>\n<li><strong><a href=\"https:\/\/m.musee-orsay.fr\/es\/inicio.html\">Museo Orsay<\/a>: Este magn\u00edfico museo ofrece obras desde 1848 hasta 1914<\/strong><\/li>\n<li><strong>Opera Garnier: La casa del ballet en Par\u00eds<\/strong><\/li>\n<li><strong>Pont Neuf: El puente m\u00e1s antiguo de la ciudad sobre el r\u00edo Sena<\/strong><\/li>\n<li style=\"font-weight: 400;\"><strong>Catedral Notre Dame: Principal catedral de Par\u00eds<\/strong><\/li>\n<li style=\"font-weight: 400;\"><strong>Arco de Triunfo: S\u00edmbolo de Par\u00eds ubicado sobre la Champs Elysees.<\/strong><\/li>\n<li style=\"font-weight: 400;\"><strong>Bas\u00edlica Sagrado Coraz\u00f3n: Situada en el barrio Montmartre, su c\u00fapula puede ser vista desde varios puntos de la ciudad<\/strong><\/li>\n<li style=\"font-weight: 400;\"><strong>Jardines de Luxemburgo y Tullerias: Los dos parques m\u00e1s emblem\u00e1ticos de Par\u00eds<\/strong><\/li>\n<li style=\"font-weight: 400;\"><strong>Plaza de la Concordia: Est\u00e1 situada al final de la Av. Champs Elysees, es la segunda plaza m\u00e1s grande de Francia.<\/strong><\/li>\n<li style=\"font-weight: 400;\"><strong>Champs \u00c9lys\u00e9es: Avenida m\u00e1s famosa de Europa, desde Arco de Triumfo hasta Plaza de la Concordia.<\/strong><\/li>\n<li style=\"font-weight: 400;\"><strong>Grand y Petit Palais: Ambos edificados en 1900 para la Exposici\u00f3n Universal.<\/strong><\/li>\n<li style=\"font-weight: 400;\"><strong>Les Invalides: Famoso complejo de edificios del Siglo 17<\/strong><\/li>\n<li style=\"font-weight: 400;\"><strong>Pante\u00f3n de Par\u00eds: Primer monumento erigido en la ciudad.<\/strong><\/li>\n<li style=\"font-weight: 400;\"><strong>Trocadero: El barrio m\u00e1s elegante de Par\u00eds. Es tambi\u00e9n la mejor zona para ver la Torre Eiffel.<\/strong><\/li>\n<li><strong>Barrio Latino: Probablemente, el barrio m\u00e1s concurrido de Par\u00eds. Explora sus calles llenas de caf\u00e9s y restaurantes.<\/strong><\/li>\n<li style=\"font-weight: 400;\"><strong>Moulin Rouge: El cabaret m\u00e1s famoso del mundo.<\/strong><\/li>\n<li style=\"font-weight: 400;\"><strong>Mucho m\u00e1s!<\/strong><\/li>\n<\/ul>\n<p><span style=\"font-weight: 400;\">Los tours de d\u00eda completo pueden incluir la visita dentro de alg\u00fan monumento o museo en Par\u00eds. En ese caso, podemos gestionar sus entradas sin fila a cualquier sitio en Par\u00eds. Durante su tour privado tendr\u00e1 tiempo para tomar espectaculares fotos de Par\u00eds. Por supuesto que nuestros gu\u00edas le recomendar\u00e1n un buen sitio para comer en la ciudad.<\/span><\/p>\n<p><span style=\"font-weight: 400;\">Todos nuestros tours son privados y adaptables al deseo de nuestros clientes. Nuestro equipo de expertos le ayudar\u00e1 a planificar una experiencia a medida. La ruta del tour, el horario de comienzo y la duraci\u00f3n del mismo son adaptables a su deseo personal<\/span>. Cont\u00e1ctenos, nuestros expertos le ayudar\u00e1n a organizar una experiencia privada de acuerdo a sus deseos.<\/p>\n","protected":false},"excerpt":{"rendered":"<p>Descubre la historia, cultura y arte de Paris junto a un gu\u00eda oficial privado y c\u00f3modo en su veh\u00edculo privado. Visitar\u00e1 los sitios m\u00e1s emblem\u00e1ticos y representativos de Par\u00eds junto a un gu\u00eda licenciando en arte e historia de Francia. Recogida y devoluci\u00f3n en su sitio deseado en Par\u00eds.<\/p>\n","protected":false},"featured_media":80776,"comment_status":"open","ping_status":"closed","template":"","meta":{"_acf_changed":false},"product_brand":[],"product_cat":[834,848,849,850,851],"product_tag":[],"class_list":{"0":"post-20927","1":"product","2":"type-product","3":"status-publish","4":"has-post-thumbnail","6":"product_cat-paris-es","7":"product_cat-paris-top-ventas-es","8":"product_cat-paris-actividades-es","9":"product_cat-paris-rutas-turisticas-privadas-es","10":"product_cat-paris-excursiones-es","12":"first","13":"instock","14":"shipping-taxable","15":"purchasable","16":"product-type-simple"},"acf":[],"yoast_head":"<!-- This site is optimized with the Yoast SEO Premium plugin v25.3.1 (Yoast SEO v25.3.1) - https:\/\/yoast.com\/wordpress\/plugins\/seo\/ -->\n<title>\u27a1\ufe0f Tour Privado en Paris con gu\u00eda oficial en espa\u00f1ol y veh\u00edculo | Tour Travel &amp; More<\/title>\n<meta name=\"description\" content=\"Descubre la historia, cultura y arte de Paris junto a un gu\u00eda oficial privado y c\u00f3modo en su veh\u00edculo privado durante un tour privado en paris \u2705\" \/>\n<meta name=\"robots\" content=\"index, follow, max-snippet:-1, max-image-preview:large, max-video-preview:-1\" \/>\n<link rel=\"canonical\" href=\"https:\/\/tourtravelandmore.com\/es\/tours\/francia\/paris-es\/tour-privado-en-paris-8-horas\/\" \/>\n<meta property=\"og:locale\" content=\"es_ES\" \/>\n<meta property=\"og:type\" content=\"article\" \/>\n<meta property=\"og:title\" content=\"Tour Privado Par\u00eds: Opci\u00f3n d\u00eda completo\" \/>\n<meta property=\"og:description\" content=\"Descubre la historia, cultura y arte de Paris junto a un gu\u00eda oficial privado y c\u00f3modo en su veh\u00edculo privado durante un tour privado en paris \u2705\" \/>\n<meta property=\"og:url\" content=\"https:\/\/tourtravelandmore.com\/es\/tours\/francia\/paris-es\/tour-privado-en-paris-8-horas\/\" \/>\n<meta property=\"og:site_name\" content=\"Tour Travel And More\" \/>\n<meta property=\"article:publisher\" content=\"https:\/\/www.facebook.com\/tourtravelandmore\/\" \/>\n<meta property=\"article:modified_time\" content=\"2024-08-06T14:29:11+00:00\" \/>\n<meta property=\"og:image\" content=\"https:\/\/tourtravelandmore.com\/wp-content\/uploads\/2018\/04\/CHAMPS-PARIS-1-min.jpg\" \/>\n\t<meta property=\"og:image:width\" content=\"1024\" \/>\n\t<meta property=\"og:image:height\" content=\"683\" \/>\n\t<meta property=\"og:image:type\" content=\"image\/jpeg\" \/>\n<meta name=\"twitter:card\" content=\"summary_large_image\" \/>\n<meta name=\"twitter:site\" content=\"@TourTravel_More\" \/>\n<meta name=\"twitter:label1\" content=\"Tiempo de lectura\" \/>\n\t<meta name=\"twitter:data1\" content=\"3 minutos\" \/>\n<script type=\"application\/ld+json\" class=\"yoast-schema-graph\">{\"@context\":\"https:\/\/schema.org\",\"@graph\":[{\"@type\":\"WebPage\",\"@id\":\"https:\/\/tourtravelandmore.com\/es\/tours\/francia\/paris-es\/tour-privado-en-paris-8-horas\/\",\"url\":\"https:\/\/tourtravelandmore.com\/es\/tours\/francia\/paris-es\/tour-privado-en-paris-8-horas\/\",\"name\":\"\u27a1\ufe0f Tour Privado en Paris con gu\u00eda oficial en espa\u00f1ol y veh\u00edculo | Tour Travel & More\",\"isPartOf\":{\"@id\":\"https:\/\/tourtravelandmore.com\/es\/#website\"},\"primaryImageOfPage\":{\"@id\":\"https:\/\/tourtravelandmore.com\/es\/tours\/francia\/paris-es\/tour-privado-en-paris-8-horas\/#primaryimage\"},\"image\":{\"@id\":\"https:\/\/tourtravelandmore.com\/es\/tours\/francia\/paris-es\/tour-privado-en-paris-8-horas\/#primaryimage\"},\"thumbnailUrl\":\"https:\/\/tourtravelandmore.com\/wp-content\/uploads\/2018\/04\/CHAMPS-PARIS-1-min.jpg\",\"datePublished\":\"2018-04-20T15:02:58+00:00\",\"dateModified\":\"2024-08-06T14:29:11+00:00\",\"description\":\"Descubre la historia, cultura y arte de Paris junto a un gu\u00eda oficial privado y c\u00f3modo en su veh\u00edculo privado durante un tour privado en paris \u2705\",\"breadcrumb\":{\"@id\":\"https:\/\/tourtravelandmore.com\/es\/tours\/francia\/paris-es\/tour-privado-en-paris-8-horas\/#breadcrumb\"},\"inLanguage\":\"es\",\"potentialAction\":[{\"@type\":\"ReadAction\",\"target\":[\"https:\/\/tourtravelandmore.com\/es\/tours\/francia\/paris-es\/tour-privado-en-paris-8-horas\/\"]}]},{\"@type\":\"ImageObject\",\"inLanguage\":\"es\",\"@id\":\"https:\/\/tourtravelandmore.com\/es\/tours\/francia\/paris-es\/tour-privado-en-paris-8-horas\/#primaryimage\",\"url\":\"https:\/\/tourtravelandmore.com\/wp-content\/uploads\/2018\/04\/CHAMPS-PARIS-1-min.jpg\",\"contentUrl\":\"https:\/\/tourtravelandmore.com\/wp-content\/uploads\/2018\/04\/CHAMPS-PARIS-1-min.jpg\",\"width\":1024,\"height\":683,\"caption\":\"Champs Elysees\"},{\"@type\":\"BreadcrumbList\",\"@id\":\"https:\/\/tourtravelandmore.com\/es\/tours\/francia\/paris-es\/tour-privado-en-paris-8-horas\/#breadcrumb\",\"itemListElement\":[{\"@type\":\"ListItem\",\"position\":1,\"name\":\"Home\",\"item\":\"https:\/\/tourtravelandmore.com\/es\/\"},{\"@type\":\"ListItem\",\"position\":2,\"name\":\"Tours\",\"item\":\"https:\/\/tourtravelandmore.com\/es\/tours\/\"},{\"@type\":\"ListItem\",\"position\":3,\"name\":\"Tour Privado Par\u00eds: Opci\u00f3n d\u00eda completo\"}]},{\"@type\":\"WebSite\",\"@id\":\"https:\/\/tourtravelandmore.com\/es\/#website\",\"url\":\"https:\/\/tourtravelandmore.com\/es\/\",\"name\":\"Tour Travel And More\",\"description\":\"Private sightseeing tours and luxury transfers in Spain\",\"publisher\":{\"@id\":\"https:\/\/tourtravelandmore.com\/es\/#organization\"},\"potentialAction\":[{\"@type\":\"SearchAction\",\"target\":{\"@type\":\"EntryPoint\",\"urlTemplate\":\"https:\/\/tourtravelandmore.com\/es\/?s={search_term_string}\"},\"query-input\":{\"@type\":\"PropertyValueSpecification\",\"valueRequired\":true,\"valueName\":\"search_term_string\"}}],\"inLanguage\":\"es\"},{\"@type\":\"Organization\",\"@id\":\"https:\/\/tourtravelandmore.com\/es\/#organization\",\"name\":\"Tour Travel And More\",\"url\":\"https:\/\/tourtravelandmore.com\/es\/\",\"logo\":{\"@type\":\"ImageObject\",\"inLanguage\":\"es\",\"@id\":\"https:\/\/tourtravelandmore.com\/es\/#\/schema\/logo\/image\/\",\"url\":\"https:\/\/tourtravelandmore.com\/wp-content\/uploads\/2022\/12\/cropped-logo-cabecera-new.png\",\"contentUrl\":\"https:\/\/tourtravelandmore.com\/wp-content\/uploads\/2022\/12\/cropped-logo-cabecera-new.png\",\"width\":430,\"height\":61,\"caption\":\"Tour Travel And More\"},\"image\":{\"@id\":\"https:\/\/tourtravelandmore.com\/es\/#\/schema\/logo\/image\/\"},\"sameAs\":[\"https:\/\/www.facebook.com\/tourtravelandmore\/\",\"https:\/\/x.com\/TourTravel_More\"]}]}<\/script>\n<!-- \/ Yoast SEO Premium plugin. -->","yoast_head_json":{"title":"\u27a1\ufe0f Tour Privado en Paris con gu\u00eda oficial en espa\u00f1ol y veh\u00edculo | Tour Travel & More","description":"Descubre la historia, cultura y arte de Paris junto a un gu\u00eda oficial privado y c\u00f3modo en su veh\u00edculo privado durante un tour privado en paris \u2705","robots":{"index":"index","follow":"follow","max-snippet":"max-snippet:-1","max-image-preview":"max-image-preview:large","max-video-preview":"max-video-preview:-1"},"canonical":"https:\/\/tourtravelandmore.com\/es\/tours\/francia\/paris-es\/tour-privado-en-paris-8-horas\/","og_locale":"es_ES","og_type":"article","og_title":"Tour Privado Par\u00eds: Opci\u00f3n d\u00eda completo","og_description":"Descubre la historia, cultura y arte de Paris junto a un gu\u00eda oficial privado y c\u00f3modo en su veh\u00edculo privado durante un tour privado en paris \u2705","og_url":"https:\/\/tourtravelandmore.com\/es\/tours\/francia\/paris-es\/tour-privado-en-paris-8-horas\/","og_site_name":"Tour Travel And More","article_publisher":"https:\/\/www.facebook.com\/tourtravelandmore\/","article_modified_time":"2024-08-06T14:29:11+00:00","og_image":[{"width":1024,"height":683,"url":"https:\/\/tourtravelandmore.com\/wp-content\/uploads\/2018\/04\/CHAMPS-PARIS-1-min.jpg","type":"image\/jpeg"}],"twitter_card":"summary_large_image","twitter_site":"@TourTravel_More","twitter_misc":{"Tiempo de lectura":"3 minutos"},"schema":{"@context":"https:\/\/schema.org","@graph":[{"@type":"WebPage","@id":"https:\/\/tourtravelandmore.com\/es\/tours\/francia\/paris-es\/tour-privado-en-paris-8-horas\/","url":"https:\/\/tourtravelandmore.com\/es\/tours\/francia\/paris-es\/tour-privado-en-paris-8-horas\/","name":"\u27a1\ufe0f Tour Privado en Paris con gu\u00eda oficial en espa\u00f1ol y veh\u00edculo | Tour Travel & More","isPartOf":{"@id":"https:\/\/tourtravelandmore.com\/es\/#website"},"primaryImageOfPage":{"@id":"https:\/\/tourtravelandmore.com\/es\/tours\/francia\/paris-es\/tour-privado-en-paris-8-horas\/#primaryimage"},"image":{"@id":"https:\/\/tourtravelandmore.com\/es\/tours\/francia\/paris-es\/tour-privado-en-paris-8-horas\/#primaryimage"},"thumbnailUrl":"https:\/\/tourtravelandmore.com\/wp-content\/uploads\/2018\/04\/CHAMPS-PARIS-1-min.jpg","datePublished":"2018-04-20T15:02:58+00:00","dateModified":"2024-08-06T14:29:11+00:00","description":"Descubre la historia, cultura y arte de Paris junto a un gu\u00eda oficial privado y c\u00f3modo en su veh\u00edculo privado durante un tour privado en paris \u2705","breadcrumb":{"@id":"https:\/\/tourtravelandmore.com\/es\/tours\/francia\/paris-es\/tour-privado-en-paris-8-horas\/#breadcrumb"},"inLanguage":"es","potentialAction":[{"@type":"ReadAction","target":["https:\/\/tourtravelandmore.com\/es\/tours\/francia\/paris-es\/tour-privado-en-paris-8-horas\/"]}]},{"@type":"ImageObject","inLanguage":"es","@id":"https:\/\/tourtravelandmore.com\/es\/tours\/francia\/paris-es\/tour-privado-en-paris-8-horas\/#primaryimage","url":"https:\/\/tourtravelandmore.com\/wp-content\/uploads\/2018\/04\/CHAMPS-PARIS-1-min.jpg","contentUrl":"https:\/\/tourtravelandmore.com\/wp-content\/uploads\/2018\/04\/CHAMPS-PARIS-1-min.jpg","width":1024,"height":683,"caption":"Champs Elysees"},{"@type":"BreadcrumbList","@id":"https:\/\/tourtravelandmore.com\/es\/tours\/francia\/paris-es\/tour-privado-en-paris-8-horas\/#breadcrumb","itemListElement":[{"@type":"ListItem","position":1,"name":"Home","item":"https:\/\/tourtravelandmore.com\/es\/"},{"@type":"ListItem","position":2,"name":"Tours","item":"https:\/\/tourtravelandmore.com\/es\/tours\/"},{"@type":"ListItem","position":3,"name":"Tour Privado Par\u00eds: Opci\u00f3n d\u00eda completo"}]},{"@type":"WebSite","@id":"https:\/\/tourtravelandmore.com\/es\/#website","url":"https:\/\/tourtravelandmore.com\/es\/","name":"Tour Travel And More","description":"Private sightseeing tours and luxury transfers in Spain","publisher":{"@id":"https:\/\/tourtravelandmore.com\/es\/#organization"},"potentialAction":[{"@type":"SearchAction","target":{"@type":"EntryPoint","urlTemplate":"https:\/\/tourtravelandmore.com\/es\/?s={search_term_string}"},"query-input":{"@type":"PropertyValueSpecification","valueRequired":true,"valueName":"search_term_string"}}],"inLanguage":"es"},{"@type":"Organization","@id":"https:\/\/tourtravelandmore.com\/es\/#organization","name":"Tour Travel And More","url":"https:\/\/tourtravelandmore.com\/es\/","logo":{"@type":"ImageObject","inLanguage":"es","@id":"https:\/\/tourtravelandmore.com\/es\/#\/schema\/logo\/image\/","url":"https:\/\/tourtravelandmore.com\/wp-content\/uploads\/2022\/12\/cropped-logo-cabecera-new.png","contentUrl":"https:\/\/tourtravelandmore.com\/wp-content\/uploads\/2022\/12\/cropped-logo-cabecera-new.png","width":430,"height":61,"caption":"Tour Travel And More"},"image":{"@id":"https:\/\/tourtravelandmore.com\/es\/#\/schema\/logo\/image\/"},"sameAs":["https:\/\/www.facebook.com\/tourtravelandmore\/","https:\/\/x.com\/TourTravel_More"]}]}},"_links":{"self":[{"href":"https:\/\/tourtravelandmore.com\/es\/wp-json\/wp\/v2\/product\/20927","targetHints":{"allow":["GET"]}}],"collection":[{"href":"https:\/\/tourtravelandmore.com\/es\/wp-json\/wp\/v2\/product"}],"about":[{"href":"https:\/\/tourtravelandmore.com\/es\/wp-json\/wp\/v2\/types\/product"}],"replies":[{"embeddable":true,"href":"https:\/\/tourtravelandmore.com\/es\/wp-json\/wp\/v2\/comments?post=20927"}],"wp:featuredmedia":[{"embeddable":true,"href":"https:\/\/tourtravelandmore.com\/es\/wp-json\/wp\/v2\/media\/80776"}],"wp:attachment":[{"href":"https:\/\/tourtravelandmore.com\/es\/wp-json\/wp\/v2\/media?parent=20927"}],"wp:term":[{"taxonomy":"product_brand","embeddable":true,"href":"https:\/\/tourtravelandmore.com\/es\/wp-json\/wp\/v2\/product_brand?post=20927"},{"taxonomy":"product_cat","embeddable":true,"href":"https:\/\/tourtravelandmore.com\/es\/wp-json\/wp\/v2\/product_cat?post=20927"},{"taxonomy":"product_tag","embeddable":true,"href":"https:\/\/tourtravelandmore.com\/es\/wp-json\/wp\/v2\/product_tag?post=20927"}],"curies":[{"name":"wp","href":"https:\/\/api.w.org\/{rel}","templated":true}]}}