{"id":20833,"date":"2018-04-13T17:21:08","date_gmt":"2018-04-19T12:12:10","guid":{"rendered":"http:\/\/tourtravelandmore.com\/es\/?post_type=product&#038;p=20833"},"modified":"2024-08-06T16:32:41","modified_gmt":"2024-08-06T14:32:41","slug":"tour-privado-de-versalles-giverny-desde-paris","status":"publish","type":"product","link":"https:\/\/tourtravelandmore.com\/es\/tours\/francia\/paris-es\/tour-privado-de-versalles-giverny-desde-paris\/","title":{"rendered":"Tour Privado a Versalles y Giverny desde Par\u00eds"},"content":{"rendered":"<h2><strong>Descripci\u00f3n del Tour Privado a Versalles y Giverny desde Par\u00eds<\/strong><\/h2>\n<p>Disfruta de un tour privado desde Par\u00eds y visita el <strong>Palacio<\/strong> de <strong>Versalles<\/strong> y <strong>Giverny.<\/strong> Descubre la historia y el legado del <strong>Palacio<\/strong> de <strong>Versalles<\/strong> y luego visita los hermosos jardines de <strong>Monet<\/strong> en <strong>Giverny.<\/strong> Todo ello junto a un gu\u00eda oficial privado, experto en historia, arte y cultura de <strong>Francia.<\/strong> Tendr\u00e1 tambi\u00e9n un chofer privado a disposici\u00f3n durante todo el tour de <strong>Paris<\/strong> a <strong>Giverny<\/strong> y <strong>Versalles.<\/strong><\/p>\n<p><span style=\"font-weight: 400;\">Su <strong>chofer<\/strong> y <strong>gu\u00eda privado<\/strong> le recoger\u00e1n en su hotel en Par\u00eds al horario deseado. A continuaci\u00f3n dar\u00e1n comienzo a su tour privado y se dirigir\u00e1n hacia Versalles. El palacio se encuentra a aproximadamente 45 minutos del centro de <strong>Par\u00eds.<\/strong> Una vez all\u00ed disfrutar\u00e1n de una visita guiada <strong>privada<\/strong> del <strong>palacio<\/strong> y sus hermoso <strong>jardines.<\/strong> Al finalizar la visita de <strong>Versalles<\/strong> tendr\u00e1n tiempo para comer. Luego ir\u00e1n hacia <strong>Giverny,<\/strong> donde visitar\u00e1n la magn\u00edfica <strong>casa<\/strong> y <strong>jardines<\/strong> de <strong>Claude Monet.<\/strong><\/span><\/p>\n<p><span style=\"font-weight: 400;\">Nuestros tours son privados y personalizables. Cont\u00e1ctenos y un miembro de nuestro equipo de expertos le ayudar\u00e1 a coordinar una experiencia privada a medida. El itinerario, la duraci\u00f3n y el horario de comienzo del tour son absolutamente adaptables a su deseo personal.<\/span><\/p>\n<h2><strong>Puntos de inter\u00e9s en el Tour Privado a Versalles y Giverny desde Par\u00eds<\/strong><\/h2>\n<p>El <strong><a href=\"http:\/\/en.chateauversailles.fr\/\">Palacio de Versalles<\/a><\/strong> es sin duda uno de los sitios m\u00e1s visitados desde Par\u00eds. Fue declarado por la UNESCO como patrimonio de la humanidad en 1979. Su arquitectura tiene el estilo de los Siglos XVII y XVIII, y el magn\u00edfico parque est\u00e1 decorado con estatuas, fuentes y edificaciones espectaculares como el Grand Trianon y el Petit Trianon. Disfruta este tour privado y descubre el palacio y los jardines junto a su <strong>gu\u00eda oficial privado<\/strong>.<\/p>\n<p>Durante su tour privado del Palacio visitar\u00e1 los jardines y las salas del mismo. Entre otras salas visitar\u00e1:<\/p>\n<ul>\n<li style=\"font-weight: 400;\"><strong>Capilla del Palacio de Versalles: La capilla fue la \u00faltima obra de Luis XIV, y es considerada una de las joyas del palacio.<\/strong><\/li>\n<li style=\"font-weight: 400;\"><strong>Grandes Apartamentos del Rey: Conjunto de 7 habitaciones compuestas por paneles de m\u00e1rmol y techos pintados utilizadas principalmente durante actos p\u00fablicos.<\/strong><\/li>\n<li style=\"font-weight: 400;\"><strong>La Galer\u00eda de los espejos (La Grande Galerie des Glaces): El sitio m\u00e1s famoso del Palacio. Desde all\u00ed se puede apreciar una vista espectacular de los jardines.<\/strong><\/li>\n<li style=\"font-weight: 400;\"><strong>Grandes Apartamentos de la Reina: Conjunto de habitaciones reservado para exclusiva utilizaci\u00f3n de la reina.<\/strong><\/li>\n<li><strong>Jardines de Versalles<\/strong><\/li>\n<\/ul>\n<p>Luego de explorar Versalles junto a su gu\u00eda dispondr\u00e1n de tiempo libre para comer. Su gu\u00eda le recomendar\u00e1 un buen sitio, o bien podemos coordinar una reserva con anterioridad. A continuaci\u00f3n se dirigir\u00e1n hacia <strong>Giverny<\/strong>. Este pueblo, uno de los m\u00e1s bonitos de toda Francia, fue elegido por el artista <strong><em>Claude Monet<\/em> <\/strong>como hogar. All\u00ed se encuentra su antigua casa y jardines, que podr\u00e1s visitar junto a su gu\u00eda privado! Los jardines est\u00e1n divididos en dos partes, un jard\u00edn de flores delante de la casa, conocido como Le Clos Normand, y un jard\u00edn de agua de inspiraci\u00f3n japonesa.<\/p>\n<p>Su chofer y gu\u00eda oficial privado estar\u00e1n a su entera disposici\u00f3n durante la total duraci\u00f3n del tour. <em>Entradas sin fila a ambos sitios est\u00e1n incluidas en el precio del tour<\/em>.<\/p>\n<p>Cont\u00e1ctenos y le ayudaremos a coordinar una experiencia privada a medida en Par\u00eds. Ofrecemos tours privados a pie dentro de Par\u00eds, as\u00ed c\u00f3mo tambi\u00e9n excursiones con coche y gu\u00eda y traslados privados.<\/p>\n","protected":false},"excerpt":{"rendered":"<p>Visite el magn\u00edfico Palacio de Versalles y los jardines de Monet, los cuales el pinto utiliz\u00f3 como inspiraci\u00f3n, junto a su gu\u00eda oficial privado. Su chofer privado le recoger\u00e1 en su sitio deseado en Par\u00eds.<\/p>\n","protected":false},"featured_media":81335,"comment_status":"open","ping_status":"closed","template":"","meta":{"_acf_changed":false},"product_brand":[],"product_cat":[834,849,851],"product_tag":[],"class_list":{"0":"post-20833","1":"product","2":"type-product","3":"status-publish","4":"has-post-thumbnail","6":"product_cat-paris-es","7":"product_cat-paris-actividades-es","8":"product_cat-paris-excursiones-es","10":"first","11":"instock","12":"shipping-taxable","13":"purchasable","14":"product-type-simple"},"acf":[],"yoast_head":"<!-- This site is optimized with the Yoast SEO Premium plugin v25.3.1 (Yoast SEO v25.3.1) - https:\/\/yoast.com\/wordpress\/plugins\/seo\/ -->\n<title>\u27a1\ufe0f Tour Privado a Versalles y Giverny desde Paris con chofer y guia privado | Tour Travel &amp; More<\/title>\n<meta name=\"description\" content=\"Explore el magn\u00edfico Palacio de Versalles y los jardines de Monet en Giverny junto a su gu\u00eda oficial privado y chofer desde Paris \u2705\" \/>\n<meta name=\"robots\" content=\"index, follow, max-snippet:-1, max-image-preview:large, max-video-preview:-1\" \/>\n<link rel=\"canonical\" href=\"https:\/\/tourtravelandmore.com\/es\/tours\/francia\/paris-es\/tour-privado-de-versalles-giverny-desde-paris\/\" \/>\n<meta property=\"og:locale\" content=\"es_ES\" \/>\n<meta property=\"og:type\" content=\"article\" \/>\n<meta property=\"og:title\" content=\"Tour Privado a Versalles y Giverny desde Par\u00eds\" \/>\n<meta property=\"og:description\" content=\"Explore el magn\u00edfico Palacio de Versalles y los jardines de Monet en Giverny junto a su gu\u00eda oficial privado y chofer desde Paris \u2705\" \/>\n<meta property=\"og:url\" content=\"https:\/\/tourtravelandmore.com\/es\/tours\/francia\/paris-es\/tour-privado-de-versalles-giverny-desde-paris\/\" \/>\n<meta property=\"og:site_name\" content=\"Tour Travel And More\" \/>\n<meta property=\"article:publisher\" content=\"https:\/\/www.facebook.com\/tourtravelandmore\/\" \/>\n<meta property=\"article:modified_time\" content=\"2024-08-06T14:32:41+00:00\" \/>\n<meta property=\"og:image\" content=\"https:\/\/tourtravelandmore.com\/wp-content\/uploads\/2018\/04\/monet-door-min.jpg\" \/>\n\t<meta property=\"og:image:width\" content=\"1024\" \/>\n\t<meta property=\"og:image:height\" content=\"573\" \/>\n\t<meta property=\"og:image:type\" content=\"image\/jpeg\" \/>\n<meta name=\"twitter:card\" content=\"summary_large_image\" \/>\n<meta name=\"twitter:site\" content=\"@TourTravel_More\" \/>\n<meta name=\"twitter:label1\" content=\"Tiempo de lectura\" \/>\n\t<meta name=\"twitter:data1\" content=\"3 minutos\" \/>\n<script type=\"application\/ld+json\" class=\"yoast-schema-graph\">{\"@context\":\"https:\/\/schema.org\",\"@graph\":[{\"@type\":\"WebPage\",\"@id\":\"https:\/\/tourtravelandmore.com\/es\/tours\/francia\/paris-es\/tour-privado-de-versalles-giverny-desde-paris\/\",\"url\":\"https:\/\/tourtravelandmore.com\/es\/tours\/francia\/paris-es\/tour-privado-de-versalles-giverny-desde-paris\/\",\"name\":\"\u27a1\ufe0f Tour Privado a Versalles y Giverny desde Paris con chofer y guia privado | Tour Travel & More\",\"isPartOf\":{\"@id\":\"https:\/\/tourtravelandmore.com\/es\/#website\"},\"primaryImageOfPage\":{\"@id\":\"https:\/\/tourtravelandmore.com\/es\/tours\/francia\/paris-es\/tour-privado-de-versalles-giverny-desde-paris\/#primaryimage\"},\"image\":{\"@id\":\"https:\/\/tourtravelandmore.com\/es\/tours\/francia\/paris-es\/tour-privado-de-versalles-giverny-desde-paris\/#primaryimage\"},\"thumbnailUrl\":\"https:\/\/tourtravelandmore.com\/wp-content\/uploads\/2018\/04\/monet-door-min.jpg\",\"datePublished\":\"2018-04-19T12:12:10+00:00\",\"dateModified\":\"2024-08-06T14:32:41+00:00\",\"description\":\"Explore el magn\u00edfico Palacio de Versalles y los jardines de Monet en Giverny junto a su gu\u00eda oficial privado y chofer desde Paris \u2705\",\"breadcrumb\":{\"@id\":\"https:\/\/tourtravelandmore.com\/es\/tours\/francia\/paris-es\/tour-privado-de-versalles-giverny-desde-paris\/#breadcrumb\"},\"inLanguage\":\"es\",\"potentialAction\":[{\"@type\":\"ReadAction\",\"target\":[\"https:\/\/tourtravelandmore.com\/es\/tours\/francia\/paris-es\/tour-privado-de-versalles-giverny-desde-paris\/\"]}]},{\"@type\":\"ImageObject\",\"inLanguage\":\"es\",\"@id\":\"https:\/\/tourtravelandmore.com\/es\/tours\/francia\/paris-es\/tour-privado-de-versalles-giverny-desde-paris\/#primaryimage\",\"url\":\"https:\/\/tourtravelandmore.com\/wp-content\/uploads\/2018\/04\/monet-door-min.jpg\",\"contentUrl\":\"https:\/\/tourtravelandmore.com\/wp-content\/uploads\/2018\/04\/monet-door-min.jpg\",\"width\":1024,\"height\":573,\"caption\":\"Monet garden\"},{\"@type\":\"BreadcrumbList\",\"@id\":\"https:\/\/tourtravelandmore.com\/es\/tours\/francia\/paris-es\/tour-privado-de-versalles-giverny-desde-paris\/#breadcrumb\",\"itemListElement\":[{\"@type\":\"ListItem\",\"position\":1,\"name\":\"Home\",\"item\":\"https:\/\/tourtravelandmore.com\/es\/\"},{\"@type\":\"ListItem\",\"position\":2,\"name\":\"Tours\",\"item\":\"https:\/\/tourtravelandmore.com\/es\/tours\/\"},{\"@type\":\"ListItem\",\"position\":3,\"name\":\"Tour Privado a Versalles y Giverny desde Par\u00eds\"}]},{\"@type\":\"WebSite\",\"@id\":\"https:\/\/tourtravelandmore.com\/es\/#website\",\"url\":\"https:\/\/tourtravelandmore.com\/es\/\",\"name\":\"Tour Travel And More\",\"description\":\"Private sightseeing tours and luxury transfers in Spain\",\"publisher\":{\"@id\":\"https:\/\/tourtravelandmore.com\/es\/#organization\"},\"potentialAction\":[{\"@type\":\"SearchAction\",\"target\":{\"@type\":\"EntryPoint\",\"urlTemplate\":\"https:\/\/tourtravelandmore.com\/es\/?s={search_term_string}\"},\"query-input\":{\"@type\":\"PropertyValueSpecification\",\"valueRequired\":true,\"valueName\":\"search_term_string\"}}],\"inLanguage\":\"es\"},{\"@type\":\"Organization\",\"@id\":\"https:\/\/tourtravelandmore.com\/es\/#organization\",\"name\":\"Tour Travel And More\",\"url\":\"https:\/\/tourtravelandmore.com\/es\/\",\"logo\":{\"@type\":\"ImageObject\",\"inLanguage\":\"es\",\"@id\":\"https:\/\/tourtravelandmore.com\/es\/#\/schema\/logo\/image\/\",\"url\":\"https:\/\/tourtravelandmore.com\/wp-content\/uploads\/2022\/12\/cropped-logo-cabecera-new.png\",\"contentUrl\":\"https:\/\/tourtravelandmore.com\/wp-content\/uploads\/2022\/12\/cropped-logo-cabecera-new.png\",\"width\":430,\"height\":61,\"caption\":\"Tour Travel And More\"},\"image\":{\"@id\":\"https:\/\/tourtravelandmore.com\/es\/#\/schema\/logo\/image\/\"},\"sameAs\":[\"https:\/\/www.facebook.com\/tourtravelandmore\/\",\"https:\/\/x.com\/TourTravel_More\"]}]}<\/script>\n<!-- \/ Yoast SEO Premium plugin. -->","yoast_head_json":{"title":"\u27a1\ufe0f Tour Privado a Versalles y Giverny desde Paris con chofer y guia privado | Tour Travel & More","description":"Explore el magn\u00edfico Palacio de Versalles y los jardines de Monet en Giverny junto a su gu\u00eda oficial privado y chofer desde Paris \u2705","robots":{"index":"index","follow":"follow","max-snippet":"max-snippet:-1","max-image-preview":"max-image-preview:large","max-video-preview":"max-video-preview:-1"},"canonical":"https:\/\/tourtravelandmore.com\/es\/tours\/francia\/paris-es\/tour-privado-de-versalles-giverny-desde-paris\/","og_locale":"es_ES","og_type":"article","og_title":"Tour Privado a Versalles y Giverny desde Par\u00eds","og_description":"Explore el magn\u00edfico Palacio de Versalles y los jardines de Monet en Giverny junto a su gu\u00eda oficial privado y chofer desde Paris \u2705","og_url":"https:\/\/tourtravelandmore.com\/es\/tours\/francia\/paris-es\/tour-privado-de-versalles-giverny-desde-paris\/","og_site_name":"Tour Travel And More","article_publisher":"https:\/\/www.facebook.com\/tourtravelandmore\/","article_modified_time":"2024-08-06T14:32:41+00:00","og_image":[{"width":1024,"height":573,"url":"https:\/\/tourtravelandmore.com\/wp-content\/uploads\/2018\/04\/monet-door-min.jpg","type":"image\/jpeg"}],"twitter_card":"summary_large_image","twitter_site":"@TourTravel_More","twitter_misc":{"Tiempo de lectura":"3 minutos"},"schema":{"@context":"https:\/\/schema.org","@graph":[{"@type":"WebPage","@id":"https:\/\/tourtravelandmore.com\/es\/tours\/francia\/paris-es\/tour-privado-de-versalles-giverny-desde-paris\/","url":"https:\/\/tourtravelandmore.com\/es\/tours\/francia\/paris-es\/tour-privado-de-versalles-giverny-desde-paris\/","name":"\u27a1\ufe0f Tour Privado a Versalles y Giverny desde Paris con chofer y guia privado | Tour Travel & More","isPartOf":{"@id":"https:\/\/tourtravelandmore.com\/es\/#website"},"primaryImageOfPage":{"@id":"https:\/\/tourtravelandmore.com\/es\/tours\/francia\/paris-es\/tour-privado-de-versalles-giverny-desde-paris\/#primaryimage"},"image":{"@id":"https:\/\/tourtravelandmore.com\/es\/tours\/francia\/paris-es\/tour-privado-de-versalles-giverny-desde-paris\/#primaryimage"},"thumbnailUrl":"https:\/\/tourtravelandmore.com\/wp-content\/uploads\/2018\/04\/monet-door-min.jpg","datePublished":"2018-04-19T12:12:10+00:00","dateModified":"2024-08-06T14:32:41+00:00","description":"Explore el magn\u00edfico Palacio de Versalles y los jardines de Monet en Giverny junto a su gu\u00eda oficial privado y chofer desde Paris \u2705","breadcrumb":{"@id":"https:\/\/tourtravelandmore.com\/es\/tours\/francia\/paris-es\/tour-privado-de-versalles-giverny-desde-paris\/#breadcrumb"},"inLanguage":"es","potentialAction":[{"@type":"ReadAction","target":["https:\/\/tourtravelandmore.com\/es\/tours\/francia\/paris-es\/tour-privado-de-versalles-giverny-desde-paris\/"]}]},{"@type":"ImageObject","inLanguage":"es","@id":"https:\/\/tourtravelandmore.com\/es\/tours\/francia\/paris-es\/tour-privado-de-versalles-giverny-desde-paris\/#primaryimage","url":"https:\/\/tourtravelandmore.com\/wp-content\/uploads\/2018\/04\/monet-door-min.jpg","contentUrl":"https:\/\/tourtravelandmore.com\/wp-content\/uploads\/2018\/04\/monet-door-min.jpg","width":1024,"height":573,"caption":"Monet garden"},{"@type":"BreadcrumbList","@id":"https:\/\/tourtravelandmore.com\/es\/tours\/francia\/paris-es\/tour-privado-de-versalles-giverny-desde-paris\/#breadcrumb","itemListElement":[{"@type":"ListItem","position":1,"name":"Home","item":"https:\/\/tourtravelandmore.com\/es\/"},{"@type":"ListItem","position":2,"name":"Tours","item":"https:\/\/tourtravelandmore.com\/es\/tours\/"},{"@type":"ListItem","position":3,"name":"Tour Privado a Versalles y Giverny desde Par\u00eds"}]},{"@type":"WebSite","@id":"https:\/\/tourtravelandmore.com\/es\/#website","url":"https:\/\/tourtravelandmore.com\/es\/","name":"Tour Travel And More","description":"Private sightseeing tours and luxury transfers in Spain","publisher":{"@id":"https:\/\/tourtravelandmore.com\/es\/#organization"},"potentialAction":[{"@type":"SearchAction","target":{"@type":"EntryPoint","urlTemplate":"https:\/\/tourtravelandmore.com\/es\/?s={search_term_string}"},"query-input":{"@type":"PropertyValueSpecification","valueRequired":true,"valueName":"search_term_string"}}],"inLanguage":"es"},{"@type":"Organization","@id":"https:\/\/tourtravelandmore.com\/es\/#organization","name":"Tour Travel And More","url":"https:\/\/tourtravelandmore.com\/es\/","logo":{"@type":"ImageObject","inLanguage":"es","@id":"https:\/\/tourtravelandmore.com\/es\/#\/schema\/logo\/image\/","url":"https:\/\/tourtravelandmore.com\/wp-content\/uploads\/2022\/12\/cropped-logo-cabecera-new.png","contentUrl":"https:\/\/tourtravelandmore.com\/wp-content\/uploads\/2022\/12\/cropped-logo-cabecera-new.png","width":430,"height":61,"caption":"Tour Travel And More"},"image":{"@id":"https:\/\/tourtravelandmore.com\/es\/#\/schema\/logo\/image\/"},"sameAs":["https:\/\/www.facebook.com\/tourtravelandmore\/","https:\/\/x.com\/TourTravel_More"]}]}},"_links":{"self":[{"href":"https:\/\/tourtravelandmore.com\/es\/wp-json\/wp\/v2\/product\/20833","targetHints":{"allow":["GET"]}}],"collection":[{"href":"https:\/\/tourtravelandmore.com\/es\/wp-json\/wp\/v2\/product"}],"about":[{"href":"https:\/\/tourtravelandmore.com\/es\/wp-json\/wp\/v2\/types\/product"}],"replies":[{"embeddable":true,"href":"https:\/\/tourtravelandmore.com\/es\/wp-json\/wp\/v2\/comments?post=20833"}],"wp:featuredmedia":[{"embeddable":true,"href":"https:\/\/tourtravelandmore.com\/es\/wp-json\/wp\/v2\/media\/81335"}],"wp:attachment":[{"href":"https:\/\/tourtravelandmore.com\/es\/wp-json\/wp\/v2\/media?parent=20833"}],"wp:term":[{"taxonomy":"product_brand","embeddable":true,"href":"https:\/\/tourtravelandmore.com\/es\/wp-json\/wp\/v2\/product_brand?post=20833"},{"taxonomy":"product_cat","embeddable":true,"href":"https:\/\/tourtravelandmore.com\/es\/wp-json\/wp\/v2\/product_cat?post=20833"},{"taxonomy":"product_tag","embeddable":true,"href":"https:\/\/tourtravelandmore.com\/es\/wp-json\/wp\/v2\/product_tag?post=20833"}],"curies":[{"name":"wp","href":"https:\/\/api.w.org\/{rel}","templated":true}]}}