{"id":20287,"date":"2018-04-11T15:25:31","date_gmt":"2018-04-11T13:25:33","guid":{"rendered":"http:\/\/tourtravelandmore.com\/es\/tours\/palermo-es\/excursion-privada-a-erice-segesta-desde-palermo\/"},"modified":"2022-10-19T15:31:29","modified_gmt":"2022-10-19T13:31:29","slug":"excursion-privada-a-erice-y-segesta-desde-palermo","status":"publish","type":"product","link":"https:\/\/tourtravelandmore.com\/es\/tours\/italia-es\/palermo-es\/excursion-privada-a-erice-y-segesta-desde-palermo\/","title":{"rendered":"Tour Privado a Erice y Segesta desde Palermo"},"content":{"rendered":"<h2><strong>Descripci\u00f3n del Tour Privado a Erice y Segesta<\/strong><\/h2>\n<p>Disfrute de este <strong>tour privado a Erice y Segesta<\/strong> desde el lugar que elija en Palermo. Conocer\u00e1 el Templo de Segesta y la ciudad medieval de Erice c\u00f3modamente en su <strong>veh\u00edculo privado de lujo con conductor<\/strong>. Tambi\u00e9n tendr\u00e1 un <strong>gu\u00eda tur\u00edstico oficial privado<\/strong> disponible para todo el recorrido.<\/p>\n<p><strong>Erice<\/strong> es una ciudad ubicada en la provincia de Trapani en Sicilia. Un dato interesante es que se encuentra en una monta\u00f1a hom\u00f3nima, en el monte San Giuliano. Desde esta ciudad podr\u00e1 admirar las impresionantes vistas de Trapani y las islas Egadi.<\/p>\n<p>Por otro lado, tenemos a <strong>Segesta<\/strong>, una hermosa ciudad de Sicilia ubicada en el noroeste de la isla. El icono de esta ciudad es el <a href=\"https:\/\/es.wikipedia.org\/wiki\/Segesta_(Sicilia)\">Templo de Segesta<\/a> construido en una cima en las afueras de la antigua Segesta.<\/p>\n<p>Este es un tour de d\u00eda completo, su conductor privado y gu\u00eda tur\u00edstico oficial estar\u00e1n a su total disposici\u00f3n durante 8 horas. En caso de que lo prefiera, tambi\u00e9n puede realizar este tour privado a Erice y Segesta solo con un conductor privado.<\/p>\n<h2><strong>Puntos de inter\u00e9s<\/strong><\/h2>\n<p>Su conductor privado y gu\u00eda tur\u00edstico oficial lo recoger\u00e1n en el lugar que elija en Palermo. Como se trata de un tour privado, usted determinar\u00e1 la hora de inicio.<\/p>\n<p>En primer lugar, lo llevar\u00e1n por la costa norte, pasar\u00e1n por el <strong>golfo de Castellamare<\/strong> y llegar\u00e1n a <strong>Segesta<\/strong>. Una vez all\u00ed, se encontrar\u00e1 con el maravilloso <strong>Templo Griego<\/strong>, que est\u00e1 rodeado por un paisaje maravilloso. Este templo griego fue construido a finales del siglo V a. C. y, seg\u00fan la leyenda, tiene origen troyano. El ticket de entrada al Templo est\u00e1 incluido en el precio del tour.<\/p>\n<p>En segundo lugar, su conductor y gu\u00eda privados lo llevar\u00e1n a <strong>Erice<\/strong>. Ubicada a 2400 pies sobre el nivel del mar, esta hermosa ciudad medieval con calles adoquinadas es muy atractiva. Conocer\u00e1s esta ciudad e ir\u00e1s al jard\u00edn p\u00fablico que se encuentra junto a las ruinas de un castillo normando. Desde aqu\u00ed podr\u00e1 disfrutar de una impresionante vista panor\u00e1mica.<\/p>\n<p>Durante este tour privado tambi\u00e9n har\u00e1s una parada para almorzar. Su gu\u00eda privado puede recomendarle un lindo restaurante para usted y su grupo.<\/p>\n<p>Finalmente, su conductor y gu\u00eda lo llevar\u00e1n de regreso a su punto de partida en Palermo. Disfrutar\u00e1 de una experiencia de d\u00eda completo en la incre\u00edble isla de Sicilia.<\/p>\n<p>Tambi\u00e9n tenemos diferentes opciones de tours de d\u00eda completo desde Palermo, por favor eche un vistazo a <a href=\"https:\/\/tourtravelandmore.com\/es\/tours\/italia-es\/palermo-es\/tour-privado-a-monreale-cefalu-y-castelbuono-desde-palermo\/\">nuestro tour privado a Monreale y Cefal\u00fa<\/a>.<\/p>\n","protected":false},"excerpt":{"rendered":"<p>Acomp\u00e1\u00f1enos en esta <strong>excursi\u00f3n completamente privada a Erice y Segesta<\/strong> desde el puerto de cruceros, hotel o lugar de elecci\u00f3n en Palermo. Descubra, junto a su conductor privado y gu\u00eda tur\u00edstico oficial, el fabuloso <strong>Templo Griego de Segesta<\/strong> y <strong>Erice<\/strong>, una hermosa ciudad medieval ubicada a 2400 pies sobre el nivel del mar.<\/p>\n","protected":false},"featured_media":83427,"comment_status":"open","ping_status":"closed","template":"","meta":{"_acf_changed":false},"product_brand":[],"product_cat":[699,705,717,862],"product_tag":[],"class_list":{"0":"post-20287","1":"product","2":"type-product","3":"status-publish","4":"has-post-thumbnail","6":"product_cat-palermo-es","7":"product_cat-palermo-actividades-es","8":"product_cat-palermo-rutas-turisticas-privadas-es","9":"product_cat-palermo-excursiones-privadas-cruceros-es","11":"first","12":"instock","13":"shipping-taxable","14":"purchasable","15":"product-type-simple"},"acf":[],"yoast_head":"<!-- This site is optimized with the Yoast SEO Premium plugin v25.3.1 (Yoast SEO v25.3.1) - https:\/\/yoast.com\/wordpress\/plugins\/seo\/ -->\n<title>Tour Privado a Erice y Segesta desde lugar a elecci\u00f3n en Palermo | TTM<\/title>\n<meta name=\"description\" content=\"Descubra el magnifico templo griego de Segesta en este Tour Privado a Erice y Segesta. Visitar\u00e1 el hermoso pueblo de Erice \u2705\" \/>\n<meta name=\"robots\" content=\"index, follow, max-snippet:-1, max-image-preview:large, max-video-preview:-1\" \/>\n<link rel=\"canonical\" href=\"https:\/\/tourtravelandmore.com\/es\/tours\/italia-es\/palermo-es\/excursion-privada-a-erice-y-segesta-desde-palermo\/\" \/>\n<meta property=\"og:locale\" content=\"es_ES\" \/>\n<meta property=\"og:type\" content=\"article\" \/>\n<meta property=\"og:title\" content=\"Tour Privado a Erice y Segesta desde Palermo\" \/>\n<meta property=\"og:description\" content=\"Descubra el magnifico templo griego de Segesta en este Tour Privado a Erice y Segesta. Visitar\u00e1 el hermoso pueblo de Erice \u2705\" \/>\n<meta property=\"og:url\" content=\"https:\/\/tourtravelandmore.com\/es\/tours\/italia-es\/palermo-es\/excursion-privada-a-erice-y-segesta-desde-palermo\/\" \/>\n<meta property=\"og:site_name\" content=\"Tour Travel And More\" \/>\n<meta property=\"article:publisher\" content=\"https:\/\/www.facebook.com\/tourtravelandmore\/\" \/>\n<meta property=\"article:modified_time\" content=\"2022-10-19T13:31:29+00:00\" \/>\n<meta property=\"og:image\" content=\"https:\/\/tourtravelandmore.com\/wp-content\/uploads\/2018\/04\/Segesta-1.jpg\" \/>\n\t<meta property=\"og:image:width\" content=\"1600\" \/>\n\t<meta property=\"og:image:height\" content=\"900\" \/>\n\t<meta property=\"og:image:type\" content=\"image\/jpeg\" \/>\n<meta name=\"twitter:card\" content=\"summary_large_image\" \/>\n<meta name=\"twitter:site\" content=\"@TourTravel_More\" \/>\n<meta name=\"twitter:label1\" content=\"Tiempo de lectura\" \/>\n\t<meta name=\"twitter:data1\" content=\"2 minutos\" \/>\n<script type=\"application\/ld+json\" class=\"yoast-schema-graph\">{\"@context\":\"https:\/\/schema.org\",\"@graph\":[{\"@type\":\"WebPage\",\"@id\":\"https:\/\/tourtravelandmore.com\/es\/tours\/italia-es\/palermo-es\/excursion-privada-a-erice-y-segesta-desde-palermo\/\",\"url\":\"https:\/\/tourtravelandmore.com\/es\/tours\/italia-es\/palermo-es\/excursion-privada-a-erice-y-segesta-desde-palermo\/\",\"name\":\"Tour Privado a Erice y Segesta desde lugar a elecci\u00f3n en Palermo | TTM\",\"isPartOf\":{\"@id\":\"https:\/\/tourtravelandmore.com\/es\/#website\"},\"primaryImageOfPage\":{\"@id\":\"https:\/\/tourtravelandmore.com\/es\/tours\/italia-es\/palermo-es\/excursion-privada-a-erice-y-segesta-desde-palermo\/#primaryimage\"},\"image\":{\"@id\":\"https:\/\/tourtravelandmore.com\/es\/tours\/italia-es\/palermo-es\/excursion-privada-a-erice-y-segesta-desde-palermo\/#primaryimage\"},\"thumbnailUrl\":\"https:\/\/tourtravelandmore.com\/wp-content\/uploads\/2018\/04\/Segesta-1.jpg\",\"datePublished\":\"2018-04-11T13:25:33+00:00\",\"dateModified\":\"2022-10-19T13:31:29+00:00\",\"description\":\"Descubra el magnifico templo griego de Segesta en este Tour Privado a Erice y Segesta. Visitar\u00e1 el hermoso pueblo de Erice \u2705\",\"breadcrumb\":{\"@id\":\"https:\/\/tourtravelandmore.com\/es\/tours\/italia-es\/palermo-es\/excursion-privada-a-erice-y-segesta-desde-palermo\/#breadcrumb\"},\"inLanguage\":\"es\",\"potentialAction\":[{\"@type\":\"ReadAction\",\"target\":[\"https:\/\/tourtravelandmore.com\/es\/tours\/italia-es\/palermo-es\/excursion-privada-a-erice-y-segesta-desde-palermo\/\"]}]},{\"@type\":\"ImageObject\",\"inLanguage\":\"es\",\"@id\":\"https:\/\/tourtravelandmore.com\/es\/tours\/italia-es\/palermo-es\/excursion-privada-a-erice-y-segesta-desde-palermo\/#primaryimage\",\"url\":\"https:\/\/tourtravelandmore.com\/wp-content\/uploads\/2018\/04\/Segesta-1.jpg\",\"contentUrl\":\"https:\/\/tourtravelandmore.com\/wp-content\/uploads\/2018\/04\/Segesta-1.jpg\",\"width\":1600,\"height\":900},{\"@type\":\"BreadcrumbList\",\"@id\":\"https:\/\/tourtravelandmore.com\/es\/tours\/italia-es\/palermo-es\/excursion-privada-a-erice-y-segesta-desde-palermo\/#breadcrumb\",\"itemListElement\":[{\"@type\":\"ListItem\",\"position\":1,\"name\":\"Home\",\"item\":\"https:\/\/tourtravelandmore.com\/es\/\"},{\"@type\":\"ListItem\",\"position\":2,\"name\":\"Tours\",\"item\":\"https:\/\/tourtravelandmore.com\/es\/tours\/\"},{\"@type\":\"ListItem\",\"position\":3,\"name\":\"Tour Privado a Erice y Segesta desde Palermo\"}]},{\"@type\":\"WebSite\",\"@id\":\"https:\/\/tourtravelandmore.com\/es\/#website\",\"url\":\"https:\/\/tourtravelandmore.com\/es\/\",\"name\":\"Tour Travel And More\",\"description\":\"Private sightseeing tours and luxury transfers in Spain\",\"publisher\":{\"@id\":\"https:\/\/tourtravelandmore.com\/es\/#organization\"},\"potentialAction\":[{\"@type\":\"SearchAction\",\"target\":{\"@type\":\"EntryPoint\",\"urlTemplate\":\"https:\/\/tourtravelandmore.com\/es\/?s={search_term_string}\"},\"query-input\":{\"@type\":\"PropertyValueSpecification\",\"valueRequired\":true,\"valueName\":\"search_term_string\"}}],\"inLanguage\":\"es\"},{\"@type\":\"Organization\",\"@id\":\"https:\/\/tourtravelandmore.com\/es\/#organization\",\"name\":\"Tour Travel And More\",\"url\":\"https:\/\/tourtravelandmore.com\/es\/\",\"logo\":{\"@type\":\"ImageObject\",\"inLanguage\":\"es\",\"@id\":\"https:\/\/tourtravelandmore.com\/es\/#\/schema\/logo\/image\/\",\"url\":\"https:\/\/tourtravelandmore.com\/wp-content\/uploads\/2022\/12\/cropped-logo-cabecera-new.png\",\"contentUrl\":\"https:\/\/tourtravelandmore.com\/wp-content\/uploads\/2022\/12\/cropped-logo-cabecera-new.png\",\"width\":430,\"height\":61,\"caption\":\"Tour Travel And More\"},\"image\":{\"@id\":\"https:\/\/tourtravelandmore.com\/es\/#\/schema\/logo\/image\/\"},\"sameAs\":[\"https:\/\/www.facebook.com\/tourtravelandmore\/\",\"https:\/\/x.com\/TourTravel_More\"]}]}<\/script>\n<!-- \/ Yoast SEO Premium plugin. -->","yoast_head_json":{"title":"Tour Privado a Erice y Segesta desde lugar a elecci\u00f3n en Palermo | TTM","description":"Descubra el magnifico templo griego de Segesta en este Tour Privado a Erice y Segesta. Visitar\u00e1 el hermoso pueblo de Erice \u2705","robots":{"index":"index","follow":"follow","max-snippet":"max-snippet:-1","max-image-preview":"max-image-preview:large","max-video-preview":"max-video-preview:-1"},"canonical":"https:\/\/tourtravelandmore.com\/es\/tours\/italia-es\/palermo-es\/excursion-privada-a-erice-y-segesta-desde-palermo\/","og_locale":"es_ES","og_type":"article","og_title":"Tour Privado a Erice y Segesta desde Palermo","og_description":"Descubra el magnifico templo griego de Segesta en este Tour Privado a Erice y Segesta. Visitar\u00e1 el hermoso pueblo de Erice \u2705","og_url":"https:\/\/tourtravelandmore.com\/es\/tours\/italia-es\/palermo-es\/excursion-privada-a-erice-y-segesta-desde-palermo\/","og_site_name":"Tour Travel And More","article_publisher":"https:\/\/www.facebook.com\/tourtravelandmore\/","article_modified_time":"2022-10-19T13:31:29+00:00","og_image":[{"width":1600,"height":900,"url":"https:\/\/tourtravelandmore.com\/wp-content\/uploads\/2018\/04\/Segesta-1.jpg","type":"image\/jpeg"}],"twitter_card":"summary_large_image","twitter_site":"@TourTravel_More","twitter_misc":{"Tiempo de lectura":"2 minutos"},"schema":{"@context":"https:\/\/schema.org","@graph":[{"@type":"WebPage","@id":"https:\/\/tourtravelandmore.com\/es\/tours\/italia-es\/palermo-es\/excursion-privada-a-erice-y-segesta-desde-palermo\/","url":"https:\/\/tourtravelandmore.com\/es\/tours\/italia-es\/palermo-es\/excursion-privada-a-erice-y-segesta-desde-palermo\/","name":"Tour Privado a Erice y Segesta desde lugar a elecci\u00f3n en Palermo | TTM","isPartOf":{"@id":"https:\/\/tourtravelandmore.com\/es\/#website"},"primaryImageOfPage":{"@id":"https:\/\/tourtravelandmore.com\/es\/tours\/italia-es\/palermo-es\/excursion-privada-a-erice-y-segesta-desde-palermo\/#primaryimage"},"image":{"@id":"https:\/\/tourtravelandmore.com\/es\/tours\/italia-es\/palermo-es\/excursion-privada-a-erice-y-segesta-desde-palermo\/#primaryimage"},"thumbnailUrl":"https:\/\/tourtravelandmore.com\/wp-content\/uploads\/2018\/04\/Segesta-1.jpg","datePublished":"2018-04-11T13:25:33+00:00","dateModified":"2022-10-19T13:31:29+00:00","description":"Descubra el magnifico templo griego de Segesta en este Tour Privado a Erice y Segesta. Visitar\u00e1 el hermoso pueblo de Erice \u2705","breadcrumb":{"@id":"https:\/\/tourtravelandmore.com\/es\/tours\/italia-es\/palermo-es\/excursion-privada-a-erice-y-segesta-desde-palermo\/#breadcrumb"},"inLanguage":"es","potentialAction":[{"@type":"ReadAction","target":["https:\/\/tourtravelandmore.com\/es\/tours\/italia-es\/palermo-es\/excursion-privada-a-erice-y-segesta-desde-palermo\/"]}]},{"@type":"ImageObject","inLanguage":"es","@id":"https:\/\/tourtravelandmore.com\/es\/tours\/italia-es\/palermo-es\/excursion-privada-a-erice-y-segesta-desde-palermo\/#primaryimage","url":"https:\/\/tourtravelandmore.com\/wp-content\/uploads\/2018\/04\/Segesta-1.jpg","contentUrl":"https:\/\/tourtravelandmore.com\/wp-content\/uploads\/2018\/04\/Segesta-1.jpg","width":1600,"height":900},{"@type":"BreadcrumbList","@id":"https:\/\/tourtravelandmore.com\/es\/tours\/italia-es\/palermo-es\/excursion-privada-a-erice-y-segesta-desde-palermo\/#breadcrumb","itemListElement":[{"@type":"ListItem","position":1,"name":"Home","item":"https:\/\/tourtravelandmore.com\/es\/"},{"@type":"ListItem","position":2,"name":"Tours","item":"https:\/\/tourtravelandmore.com\/es\/tours\/"},{"@type":"ListItem","position":3,"name":"Tour Privado a Erice y Segesta desde Palermo"}]},{"@type":"WebSite","@id":"https:\/\/tourtravelandmore.com\/es\/#website","url":"https:\/\/tourtravelandmore.com\/es\/","name":"Tour Travel And More","description":"Private sightseeing tours and luxury transfers in Spain","publisher":{"@id":"https:\/\/tourtravelandmore.com\/es\/#organization"},"potentialAction":[{"@type":"SearchAction","target":{"@type":"EntryPoint","urlTemplate":"https:\/\/tourtravelandmore.com\/es\/?s={search_term_string}"},"query-input":{"@type":"PropertyValueSpecification","valueRequired":true,"valueName":"search_term_string"}}],"inLanguage":"es"},{"@type":"Organization","@id":"https:\/\/tourtravelandmore.com\/es\/#organization","name":"Tour Travel And More","url":"https:\/\/tourtravelandmore.com\/es\/","logo":{"@type":"ImageObject","inLanguage":"es","@id":"https:\/\/tourtravelandmore.com\/es\/#\/schema\/logo\/image\/","url":"https:\/\/tourtravelandmore.com\/wp-content\/uploads\/2022\/12\/cropped-logo-cabecera-new.png","contentUrl":"https:\/\/tourtravelandmore.com\/wp-content\/uploads\/2022\/12\/cropped-logo-cabecera-new.png","width":430,"height":61,"caption":"Tour Travel And More"},"image":{"@id":"https:\/\/tourtravelandmore.com\/es\/#\/schema\/logo\/image\/"},"sameAs":["https:\/\/www.facebook.com\/tourtravelandmore\/","https:\/\/x.com\/TourTravel_More"]}]}},"_links":{"self":[{"href":"https:\/\/tourtravelandmore.com\/es\/wp-json\/wp\/v2\/product\/20287","targetHints":{"allow":["GET"]}}],"collection":[{"href":"https:\/\/tourtravelandmore.com\/es\/wp-json\/wp\/v2\/product"}],"about":[{"href":"https:\/\/tourtravelandmore.com\/es\/wp-json\/wp\/v2\/types\/product"}],"replies":[{"embeddable":true,"href":"https:\/\/tourtravelandmore.com\/es\/wp-json\/wp\/v2\/comments?post=20287"}],"wp:featuredmedia":[{"embeddable":true,"href":"https:\/\/tourtravelandmore.com\/es\/wp-json\/wp\/v2\/media\/83427"}],"wp:attachment":[{"href":"https:\/\/tourtravelandmore.com\/es\/wp-json\/wp\/v2\/media?parent=20287"}],"wp:term":[{"taxonomy":"product_brand","embeddable":true,"href":"https:\/\/tourtravelandmore.com\/es\/wp-json\/wp\/v2\/product_brand?post=20287"},{"taxonomy":"product_cat","embeddable":true,"href":"https:\/\/tourtravelandmore.com\/es\/wp-json\/wp\/v2\/product_cat?post=20287"},{"taxonomy":"product_tag","embeddable":true,"href":"https:\/\/tourtravelandmore.com\/es\/wp-json\/wp\/v2\/product_tag?post=20287"}],"curies":[{"name":"wp","href":"https:\/\/api.w.org\/{rel}","templated":true}]}}