{"id":20242,"date":"2018-04-10T15:57:47","date_gmt":"2018-04-10T13:57:49","guid":{"rendered":"http:\/\/tourtravelandmore.com\/es\/tours\/palermo-es\/excursion-privada-a-monreale-y-cefalu-desde-el-puerto-de-palermo\/"},"modified":"2022-10-20T16:54:49","modified_gmt":"2022-10-20T14:54:49","slug":"tour-privado-a-monreale-cefalu-y-castelbuono-desde-palermo","status":"publish","type":"product","link":"https:\/\/tourtravelandmore.com\/es\/tours\/italia-es\/palermo-es\/tour-privado-a-monreale-cefalu-y-castelbuono-desde-palermo\/","title":{"rendered":"Tour privado a Monreale, Cefal\u00fa y Castelbuono desde Palermo"},"content":{"rendered":"<h2><strong>Descripci\u00f3n del Tour privado a Monreale, Cefal\u00fa y Castelbuono desde Palermo<\/strong><\/h2>\n<p>Disfruta de este <strong>Tour Privado a Monreale, Cefal\u00fa y Castelbuono desde Palermo.<\/strong> Conocer\u00e1s la impresionante Catedral de Monreale, la hermosa ciudad costera de Cefal\u00fa y el excelente lugar de Castelbuono.<\/p>\n<p>Su conductor privado y su gu\u00eda oficial le estar\u00e1n esperando en el vest\u00edbulo de su hotel o en el puerto de Palermo. Al tratarse de un tour privado, podr\u00e1 elegir el lugar de recogida y devoluci\u00f3n.<\/p>\n<p><strong>Monreale<\/strong> es un municipio italiano de la provincia de Palermo. Esta encantadora ciudad es una de las m\u00e1s visitadas de toda Sicilia. Es el lugar perfecto para relajarse y tambi\u00e9n para disfrutar de la maravillosa naturaleza y arquitectura que caracteriza a esta ciudad.<\/p>\n<p>Por otro lado, <strong>Cefalu<\/strong> es una antigua y peque\u00f1a ciudad tambi\u00e9n situada en la provincia de Palermo. Esta ciudad tambi\u00e9n es conocida como &#8220;ciudadela normanda&#8221; debido a la dominaci\u00f3n normanda que sufri\u00f3 durante varios a\u00f1os.<\/p>\n<p><strong>Castelbuono<\/strong> es un peque\u00f1o pueblo medieval situado en el Parque de Madonie, en un paisaje boscoso de robles, casta\u00f1os, fresnos y cerezos.<\/p>\n<p>Tenemos m\u00faltiples opciones de excursiones privadas de d\u00eda completo desde Palermo, eche un vistazo a nuestra <a href=\"https:\/\/tourtravelandmore.com\/tours\/italy\/palermo-private-tours-en\/private-full-day-tour-of-agrigento-and-valley-of-the-temple\/\">excursi\u00f3n privada a Agrigento y al Valle de los Templos.<\/a><\/p>\n<h2><strong>Puntos de inter\u00e9s<\/strong><\/h2>\n<p>Despu\u00e9s de que su conductor privado y su gu\u00eda oficial le recojan en el lugar que haya elegido en Palermo, le llevar\u00e1n a <strong>Monreale<\/strong>.<\/p>\n<p>Esta ciudad alberga una de las catedrales m\u00e1s espectaculares del mundo. Esta catedral data del siglo XII y es uno de los mejores ejemplos de arquitectura normanda. La <a href=\"https:\/\/www.tiqets.com\/en\/cathedral-of-monreale-tickets-l146726\/\">catedral<\/a> tiene, en su interior, la mayor concentraci\u00f3n de escenas de mosaico del mundo. La entrada al Duomo est\u00e1 incluida en el precio de este tour.<\/p>\n<p>Despu\u00e9s de Monreale, su conductor y gu\u00eda privados le llevar\u00e1n a la hermosa ciudad costera de Cefal\u00fa. Esta ciudad costera medieval tambi\u00e9n alberga una maravillosa catedral normanda, construida por el rey Roger II en 1131. Durante su visita a Cefal\u00fa podr\u00e1 descubrir la Catedral, su claustro y el centro medieval de la ciudad.<\/p>\n<p>Despu\u00e9s de Cefal\u00fa nos dirigiremos a Castelbuono, donde podremos ver hermosos lugares con una incre\u00edble historia, como:<\/p>\n<ul>\n<li aria-level=\"1\"><strong>La Plaza Margherita de Castelbuono en invierno. <\/strong><\/li>\n<li aria-level=\"1\"><strong>El Castillo de Ventimiglia de Castelbuono.<\/strong><\/li>\n<li aria-level=\"1\"><strong>La Fuente de la Venere Ciprea.<\/strong><\/li>\n<li aria-level=\"1\"><strong>El interior de la Matrice Vecchia.<\/strong><\/li>\n<li aria-level=\"1\"><strong>La Iglesia de San Francesco vista a trav\u00e9s de la plaza hom\u00f3nima.<\/strong><\/li>\n<li aria-level=\"1\"><strong>El claustro del antiguo convento.<\/strong><\/li>\n<\/ul>\n<p>Su gu\u00eda privado estar\u00e1 a su total disposici\u00f3n durante todo el recorrido. Le mostrar\u00e1 todos los lugares y monumentos m\u00e1s importantes de estas tres ciudades sicilianas.<\/p>\n<p>Durante el recorrido, tendr\u00e1 tiempo libre para almorzar en un restaurante t\u00edpico italiano. Si lo prefiere, podemos hacer una reserva para usted y su grupo, para que no tenga que preocuparse de nada.<\/p>\n<p>Finalmente, su conductor y gu\u00eda privados le llevar\u00e1n de vuelta al punto de partida en <strong>Palermo<\/strong>. La duraci\u00f3n total del tour es de 8 horas, pero podemos incluir m\u00e1s horas en caso de que lo prefieras.<\/p>\n<p>&nbsp;<\/p>\n","protected":false},"excerpt":{"rendered":"<p><strong>Tour privado a Monreale, Cefal\u00fa y Castelbuono desde Palermo.<\/strong>\u00a0No pierda la oportunidad de conocer una de las catedrales interiores m\u00e1s bellas del mundo y el precioso centro medieval de Cefal\u00fa c\u00f3modamente en un<strong> veh\u00edculo privado de lujo con conductor<\/strong>. Su <strong>gu\u00eda privado<\/strong> estar\u00e1 a su total disposici\u00f3n durante todo el recorrido.<\/p>\n","protected":false},"featured_media":20255,"comment_status":"open","ping_status":"closed","template":"","meta":{"_acf_changed":false},"product_brand":[],"product_cat":[699,705,717,862],"product_tag":[],"class_list":{"0":"post-20242","1":"product","2":"type-product","3":"status-publish","4":"has-post-thumbnail","6":"product_cat-palermo-es","7":"product_cat-palermo-actividades-es","8":"product_cat-palermo-rutas-turisticas-privadas-es","9":"product_cat-palermo-excursiones-privadas-cruceros-es","11":"first","12":"instock","13":"shipping-taxable","14":"purchasable","15":"product-type-simple"},"acf":[],"yoast_head":"<!-- This site is optimized with the Yoast SEO Premium plugin v25.3.1 (Yoast SEO v25.3.1) - https:\/\/yoast.com\/wordpress\/plugins\/seo\/ -->\n<title>Tour Privado a Monreale, Cefal\u00fa y Castelbuono desde Palermo | TTM<\/title>\n<meta name=\"description\" content=\"Conoce la fant\u00e1stica Catedral de Monreale y la hermosa ciudad costera de Cefal\u00fa con este tour privado a Monreale y Cefal\u00fa desde Palermo \u2705.\" \/>\n<meta name=\"robots\" content=\"index, follow, max-snippet:-1, max-image-preview:large, max-video-preview:-1\" \/>\n<link rel=\"canonical\" href=\"https:\/\/tourtravelandmore.com\/es\/tours\/italia-es\/palermo-es\/tour-privado-a-monreale-cefalu-y-castelbuono-desde-palermo\/\" \/>\n<meta property=\"og:locale\" content=\"es_ES\" \/>\n<meta property=\"og:type\" content=\"article\" \/>\n<meta property=\"og:title\" content=\"Tour privado a Monreale, Cefal\u00fa y Castelbuono desde Palermo\" \/>\n<meta property=\"og:description\" content=\"Conoce la fant\u00e1stica Catedral de Monreale y la hermosa ciudad costera de Cefal\u00fa con este tour privado a Monreale y Cefal\u00fa desde Palermo \u2705.\" \/>\n<meta property=\"og:url\" content=\"https:\/\/tourtravelandmore.com\/es\/tours\/italia-es\/palermo-es\/tour-privado-a-monreale-cefalu-y-castelbuono-desde-palermo\/\" \/>\n<meta property=\"og:site_name\" content=\"Tour Travel And More\" \/>\n<meta property=\"article:publisher\" content=\"https:\/\/www.facebook.com\/tourtravelandmore\/\" \/>\n<meta property=\"article:modified_time\" content=\"2022-10-20T14:54:49+00:00\" \/>\n<meta property=\"og:image\" content=\"https:\/\/tourtravelandmore.com\/wp-content\/uploads\/2018\/04\/cefalu2.jpg\" \/>\n\t<meta property=\"og:image:width\" content=\"1280\" \/>\n\t<meta property=\"og:image:height\" content=\"720\" \/>\n\t<meta property=\"og:image:type\" content=\"image\/jpeg\" \/>\n<meta name=\"twitter:card\" content=\"summary_large_image\" \/>\n<meta name=\"twitter:site\" content=\"@TourTravel_More\" \/>\n<meta name=\"twitter:label1\" content=\"Tiempo de lectura\" \/>\n\t<meta name=\"twitter:data1\" content=\"3 minutos\" \/>\n<script type=\"application\/ld+json\" class=\"yoast-schema-graph\">{\"@context\":\"https:\/\/schema.org\",\"@graph\":[{\"@type\":\"WebPage\",\"@id\":\"https:\/\/tourtravelandmore.com\/es\/tours\/italia-es\/palermo-es\/tour-privado-a-monreale-cefalu-y-castelbuono-desde-palermo\/\",\"url\":\"https:\/\/tourtravelandmore.com\/es\/tours\/italia-es\/palermo-es\/tour-privado-a-monreale-cefalu-y-castelbuono-desde-palermo\/\",\"name\":\"Tour Privado a Monreale, Cefal\u00fa y Castelbuono desde Palermo | TTM\",\"isPartOf\":{\"@id\":\"https:\/\/tourtravelandmore.com\/es\/#website\"},\"primaryImageOfPage\":{\"@id\":\"https:\/\/tourtravelandmore.com\/es\/tours\/italia-es\/palermo-es\/tour-privado-a-monreale-cefalu-y-castelbuono-desde-palermo\/#primaryimage\"},\"image\":{\"@id\":\"https:\/\/tourtravelandmore.com\/es\/tours\/italia-es\/palermo-es\/tour-privado-a-monreale-cefalu-y-castelbuono-desde-palermo\/#primaryimage\"},\"thumbnailUrl\":\"https:\/\/tourtravelandmore.com\/wp-content\/uploads\/2018\/04\/cefalu2.jpg\",\"datePublished\":\"2018-04-10T13:57:49+00:00\",\"dateModified\":\"2022-10-20T14:54:49+00:00\",\"description\":\"Conoce la fant\u00e1stica Catedral de Monreale y la hermosa ciudad costera de Cefal\u00fa con este tour privado a Monreale y Cefal\u00fa desde Palermo \u2705.\",\"breadcrumb\":{\"@id\":\"https:\/\/tourtravelandmore.com\/es\/tours\/italia-es\/palermo-es\/tour-privado-a-monreale-cefalu-y-castelbuono-desde-palermo\/#breadcrumb\"},\"inLanguage\":\"es\",\"potentialAction\":[{\"@type\":\"ReadAction\",\"target\":[\"https:\/\/tourtravelandmore.com\/es\/tours\/italia-es\/palermo-es\/tour-privado-a-monreale-cefalu-y-castelbuono-desde-palermo\/\"]}]},{\"@type\":\"ImageObject\",\"inLanguage\":\"es\",\"@id\":\"https:\/\/tourtravelandmore.com\/es\/tours\/italia-es\/palermo-es\/tour-privado-a-monreale-cefalu-y-castelbuono-desde-palermo\/#primaryimage\",\"url\":\"https:\/\/tourtravelandmore.com\/wp-content\/uploads\/2018\/04\/cefalu2.jpg\",\"contentUrl\":\"https:\/\/tourtravelandmore.com\/wp-content\/uploads\/2018\/04\/cefalu2.jpg\",\"width\":1280,\"height\":720},{\"@type\":\"BreadcrumbList\",\"@id\":\"https:\/\/tourtravelandmore.com\/es\/tours\/italia-es\/palermo-es\/tour-privado-a-monreale-cefalu-y-castelbuono-desde-palermo\/#breadcrumb\",\"itemListElement\":[{\"@type\":\"ListItem\",\"position\":1,\"name\":\"Home\",\"item\":\"https:\/\/tourtravelandmore.com\/es\/\"},{\"@type\":\"ListItem\",\"position\":2,\"name\":\"Tours\",\"item\":\"https:\/\/tourtravelandmore.com\/es\/tours\/\"},{\"@type\":\"ListItem\",\"position\":3,\"name\":\"Tour privado a Monreale, Cefal\u00fa y Castelbuono desde Palermo\"}]},{\"@type\":\"WebSite\",\"@id\":\"https:\/\/tourtravelandmore.com\/es\/#website\",\"url\":\"https:\/\/tourtravelandmore.com\/es\/\",\"name\":\"Tour Travel And More\",\"description\":\"Private sightseeing tours and luxury transfers in Spain\",\"publisher\":{\"@id\":\"https:\/\/tourtravelandmore.com\/es\/#organization\"},\"potentialAction\":[{\"@type\":\"SearchAction\",\"target\":{\"@type\":\"EntryPoint\",\"urlTemplate\":\"https:\/\/tourtravelandmore.com\/es\/?s={search_term_string}\"},\"query-input\":{\"@type\":\"PropertyValueSpecification\",\"valueRequired\":true,\"valueName\":\"search_term_string\"}}],\"inLanguage\":\"es\"},{\"@type\":\"Organization\",\"@id\":\"https:\/\/tourtravelandmore.com\/es\/#organization\",\"name\":\"Tour Travel And More\",\"url\":\"https:\/\/tourtravelandmore.com\/es\/\",\"logo\":{\"@type\":\"ImageObject\",\"inLanguage\":\"es\",\"@id\":\"https:\/\/tourtravelandmore.com\/es\/#\/schema\/logo\/image\/\",\"url\":\"https:\/\/tourtravelandmore.com\/wp-content\/uploads\/2022\/12\/cropped-logo-cabecera-new.png\",\"contentUrl\":\"https:\/\/tourtravelandmore.com\/wp-content\/uploads\/2022\/12\/cropped-logo-cabecera-new.png\",\"width\":430,\"height\":61,\"caption\":\"Tour Travel And More\"},\"image\":{\"@id\":\"https:\/\/tourtravelandmore.com\/es\/#\/schema\/logo\/image\/\"},\"sameAs\":[\"https:\/\/www.facebook.com\/tourtravelandmore\/\",\"https:\/\/x.com\/TourTravel_More\"]}]}<\/script>\n<!-- \/ Yoast SEO Premium plugin. -->","yoast_head_json":{"title":"Tour Privado a Monreale, Cefal\u00fa y Castelbuono desde Palermo | TTM","description":"Conoce la fant\u00e1stica Catedral de Monreale y la hermosa ciudad costera de Cefal\u00fa con este tour privado a Monreale y Cefal\u00fa desde Palermo \u2705.","robots":{"index":"index","follow":"follow","max-snippet":"max-snippet:-1","max-image-preview":"max-image-preview:large","max-video-preview":"max-video-preview:-1"},"canonical":"https:\/\/tourtravelandmore.com\/es\/tours\/italia-es\/palermo-es\/tour-privado-a-monreale-cefalu-y-castelbuono-desde-palermo\/","og_locale":"es_ES","og_type":"article","og_title":"Tour privado a Monreale, Cefal\u00fa y Castelbuono desde Palermo","og_description":"Conoce la fant\u00e1stica Catedral de Monreale y la hermosa ciudad costera de Cefal\u00fa con este tour privado a Monreale y Cefal\u00fa desde Palermo \u2705.","og_url":"https:\/\/tourtravelandmore.com\/es\/tours\/italia-es\/palermo-es\/tour-privado-a-monreale-cefalu-y-castelbuono-desde-palermo\/","og_site_name":"Tour Travel And More","article_publisher":"https:\/\/www.facebook.com\/tourtravelandmore\/","article_modified_time":"2022-10-20T14:54:49+00:00","og_image":[{"width":1280,"height":720,"url":"https:\/\/tourtravelandmore.com\/wp-content\/uploads\/2018\/04\/cefalu2.jpg","type":"image\/jpeg"}],"twitter_card":"summary_large_image","twitter_site":"@TourTravel_More","twitter_misc":{"Tiempo de lectura":"3 minutos"},"schema":{"@context":"https:\/\/schema.org","@graph":[{"@type":"WebPage","@id":"https:\/\/tourtravelandmore.com\/es\/tours\/italia-es\/palermo-es\/tour-privado-a-monreale-cefalu-y-castelbuono-desde-palermo\/","url":"https:\/\/tourtravelandmore.com\/es\/tours\/italia-es\/palermo-es\/tour-privado-a-monreale-cefalu-y-castelbuono-desde-palermo\/","name":"Tour Privado a Monreale, Cefal\u00fa y Castelbuono desde Palermo | TTM","isPartOf":{"@id":"https:\/\/tourtravelandmore.com\/es\/#website"},"primaryImageOfPage":{"@id":"https:\/\/tourtravelandmore.com\/es\/tours\/italia-es\/palermo-es\/tour-privado-a-monreale-cefalu-y-castelbuono-desde-palermo\/#primaryimage"},"image":{"@id":"https:\/\/tourtravelandmore.com\/es\/tours\/italia-es\/palermo-es\/tour-privado-a-monreale-cefalu-y-castelbuono-desde-palermo\/#primaryimage"},"thumbnailUrl":"https:\/\/tourtravelandmore.com\/wp-content\/uploads\/2018\/04\/cefalu2.jpg","datePublished":"2018-04-10T13:57:49+00:00","dateModified":"2022-10-20T14:54:49+00:00","description":"Conoce la fant\u00e1stica Catedral de Monreale y la hermosa ciudad costera de Cefal\u00fa con este tour privado a Monreale y Cefal\u00fa desde Palermo \u2705.","breadcrumb":{"@id":"https:\/\/tourtravelandmore.com\/es\/tours\/italia-es\/palermo-es\/tour-privado-a-monreale-cefalu-y-castelbuono-desde-palermo\/#breadcrumb"},"inLanguage":"es","potentialAction":[{"@type":"ReadAction","target":["https:\/\/tourtravelandmore.com\/es\/tours\/italia-es\/palermo-es\/tour-privado-a-monreale-cefalu-y-castelbuono-desde-palermo\/"]}]},{"@type":"ImageObject","inLanguage":"es","@id":"https:\/\/tourtravelandmore.com\/es\/tours\/italia-es\/palermo-es\/tour-privado-a-monreale-cefalu-y-castelbuono-desde-palermo\/#primaryimage","url":"https:\/\/tourtravelandmore.com\/wp-content\/uploads\/2018\/04\/cefalu2.jpg","contentUrl":"https:\/\/tourtravelandmore.com\/wp-content\/uploads\/2018\/04\/cefalu2.jpg","width":1280,"height":720},{"@type":"BreadcrumbList","@id":"https:\/\/tourtravelandmore.com\/es\/tours\/italia-es\/palermo-es\/tour-privado-a-monreale-cefalu-y-castelbuono-desde-palermo\/#breadcrumb","itemListElement":[{"@type":"ListItem","position":1,"name":"Home","item":"https:\/\/tourtravelandmore.com\/es\/"},{"@type":"ListItem","position":2,"name":"Tours","item":"https:\/\/tourtravelandmore.com\/es\/tours\/"},{"@type":"ListItem","position":3,"name":"Tour privado a Monreale, Cefal\u00fa y Castelbuono desde Palermo"}]},{"@type":"WebSite","@id":"https:\/\/tourtravelandmore.com\/es\/#website","url":"https:\/\/tourtravelandmore.com\/es\/","name":"Tour Travel And More","description":"Private sightseeing tours and luxury transfers in Spain","publisher":{"@id":"https:\/\/tourtravelandmore.com\/es\/#organization"},"potentialAction":[{"@type":"SearchAction","target":{"@type":"EntryPoint","urlTemplate":"https:\/\/tourtravelandmore.com\/es\/?s={search_term_string}"},"query-input":{"@type":"PropertyValueSpecification","valueRequired":true,"valueName":"search_term_string"}}],"inLanguage":"es"},{"@type":"Organization","@id":"https:\/\/tourtravelandmore.com\/es\/#organization","name":"Tour Travel And More","url":"https:\/\/tourtravelandmore.com\/es\/","logo":{"@type":"ImageObject","inLanguage":"es","@id":"https:\/\/tourtravelandmore.com\/es\/#\/schema\/logo\/image\/","url":"https:\/\/tourtravelandmore.com\/wp-content\/uploads\/2022\/12\/cropped-logo-cabecera-new.png","contentUrl":"https:\/\/tourtravelandmore.com\/wp-content\/uploads\/2022\/12\/cropped-logo-cabecera-new.png","width":430,"height":61,"caption":"Tour Travel And More"},"image":{"@id":"https:\/\/tourtravelandmore.com\/es\/#\/schema\/logo\/image\/"},"sameAs":["https:\/\/www.facebook.com\/tourtravelandmore\/","https:\/\/x.com\/TourTravel_More"]}]}},"_links":{"self":[{"href":"https:\/\/tourtravelandmore.com\/es\/wp-json\/wp\/v2\/product\/20242","targetHints":{"allow":["GET"]}}],"collection":[{"href":"https:\/\/tourtravelandmore.com\/es\/wp-json\/wp\/v2\/product"}],"about":[{"href":"https:\/\/tourtravelandmore.com\/es\/wp-json\/wp\/v2\/types\/product"}],"replies":[{"embeddable":true,"href":"https:\/\/tourtravelandmore.com\/es\/wp-json\/wp\/v2\/comments?post=20242"}],"wp:featuredmedia":[{"embeddable":true,"href":"https:\/\/tourtravelandmore.com\/es\/wp-json\/wp\/v2\/media\/20255"}],"wp:attachment":[{"href":"https:\/\/tourtravelandmore.com\/es\/wp-json\/wp\/v2\/media?parent=20242"}],"wp:term":[{"taxonomy":"product_brand","embeddable":true,"href":"https:\/\/tourtravelandmore.com\/es\/wp-json\/wp\/v2\/product_brand?post=20242"},{"taxonomy":"product_cat","embeddable":true,"href":"https:\/\/tourtravelandmore.com\/es\/wp-json\/wp\/v2\/product_cat?post=20242"},{"taxonomy":"product_tag","embeddable":true,"href":"https:\/\/tourtravelandmore.com\/es\/wp-json\/wp\/v2\/product_tag?post=20242"}],"curies":[{"name":"wp","href":"https:\/\/api.w.org\/{rel}","templated":true}]}}