{"id":20222,"date":"2018-04-10T14:50:19","date_gmt":"2018-04-10T12:50:21","guid":{"rendered":"http:\/\/tourtravelandmore.com\/es\/tours\/palermo-es\/excursion-privada-a-valle-de-los-templos-agrigento-de-palermo\/"},"modified":"2022-10-18T20:20:59","modified_gmt":"2022-10-18T18:20:59","slug":"tour-privado-a-valle-de-los-templos-agrigento-desde-palermo","status":"publish","type":"product","link":"https:\/\/tourtravelandmore.com\/es\/tours\/italia-es\/palermo-es\/tour-privado-a-valle-de-los-templos-agrigento-desde-palermo\/","title":{"rendered":"Tour Privado a Agrigento y Valle de los Templos desde Palermo"},"content":{"rendered":"<h2><strong>Descripci\u00f3n del Tour Privado a Agrigento y Valle de los Templos<\/strong><\/h2>\n<p>Una vez en Palermo, disfrute de este <strong>tour privado a Agrigento y Valle de los Templos<\/strong>. Este es uno de los sitios griegos mejor conservados del mundo.<\/p>\n<p>Disfrute de este tour privado con su propio <strong>gu\u00eda tur\u00edstico oficial privado<\/strong> en Agrigento durante 2 horas. Adem\u00e1s, estar\u00e1 c\u00f3modamente en su <strong>veh\u00edculo privado de lujo con chofer de habla inglesa<\/strong>.<\/p>\n<p><strong>Agrigento\/Valle de los Templos<\/strong> es el sitio arqueol\u00f3gico m\u00e1s fascinante de Sicilia. Es una de las zonas de ruinas griegas mejor conservadas del mundo y la mayor demostraci\u00f3n de la civilizaci\u00f3n griega en el \u00e1rea mediterr\u00e1nea. Debido a su gran valor e importancia, las ruinas hab\u00edan sido declaradas <strong>Patrimonio de la Humanidad por la UNESCO<\/strong>, catalogado como <strong>El Valle de los Templos<\/strong>.<\/p>\n<p>Durante este tour privado a Agrigento y al Valle de los Templos, podr\u00e1 admirar la arquitectura de este hist\u00f3rico sitio.<\/p>\n<p>En caso de que prefiera otras opciones de tour de d\u00eda completo, eche un vistazo a <a href=\"https:\/\/tourtravelandmore.com\/es\/ciudad\/italia-es\/palermo-es\/\">nuestra lista de tours privados en y desde Palermo<\/a>.<\/p>\n<h2><strong>Puntos de inter\u00e9s<\/strong><\/h2>\n<p>Su conductor privado lo recoger\u00e1 en el lugar que desee en Palermo temprano por la ma\u00f1ana. En primer lugar, ir\u00e1 al <a href=\"https:\/\/www.lavalledeitempli.it\/en\/travel-guide\/timetables-and-tickets\/\">Valle de los Templos<\/a>, donde se encontrar\u00e1 con su gu\u00eda privado para una visita guiada de 2 horas. La entrada al sitio arqueol\u00f3gico del Valle de los Templos est\u00e1 incluida en el precio de este tour.<\/p>\n<p>En segundo lugar, despu\u00e9s de la visita guiada, visitar\u00e1 el resto de <strong>Agrigento<\/strong>. Esta ciudad contiene muchos sitios arqueol\u00f3gicos y museos. Desde aqu\u00ed, tambi\u00e9n podr\u00e1s admirar las impresionantes vistas que ofrece esta ciudad.<\/p>\n<p>Esta es una experiencia perfecta para aquellos que aman la historia, la arquitectura y est\u00e1n dispuestos a aprender mucho sobre ella.<\/p>\n<p>Durante este tour privado, tambi\u00e9n har\u00e1 una parada para almorzar y degustar una comida t\u00edpica siciliana. Finalmente, su conductor privado lo llevar\u00e1 de regreso a su punto de partida en Palermo.<\/p>\n<p>Cada uno de nuestros gu\u00edas son gu\u00edas tur\u00edsticos oficiales, licenciados y profesionales con gran conocimiento de la ciudad y su historia.<\/p>\n","protected":false},"excerpt":{"rendered":"<p>Disfrute de esta <strong>excursi\u00f3n completamente privada del Valle de los Templos y Agrigento<\/strong> desde el puerto de cruceros de Palermo o el lugar de su elecci\u00f3n. No pierda la oportunidad de conocer el <strong>sitio arqueol\u00f3gico de Agrigento<\/strong> y todo lo que tiene para ofrecer junto a su gu\u00eda tur\u00edstico oficial privado, c\u00f3modamente en su veh\u00edculo privado de lujo con ch\u00f3fer independiente.<\/p>\n<p>&nbsp;<\/p>\n","protected":false},"featured_media":20230,"comment_status":"open","ping_status":"closed","template":"","meta":{"_acf_changed":false},"product_brand":[],"product_cat":[699,705,717,862],"product_tag":[],"class_list":{"0":"post-20222","1":"product","2":"type-product","3":"status-publish","4":"has-post-thumbnail","6":"product_cat-palermo-es","7":"product_cat-palermo-actividades-es","8":"product_cat-palermo-rutas-turisticas-privadas-es","9":"product_cat-palermo-excursiones-privadas-cruceros-es","11":"first","12":"instock","13":"shipping-taxable","14":"purchasable","15":"product-type-simple"},"acf":[],"yoast_head":"<!-- This site is optimized with the Yoast SEO Premium plugin v25.3.1 (Yoast SEO v25.3.1) - https:\/\/yoast.com\/wordpress\/plugins\/seo\/ -->\n<title>Tour Privado a Agrigento y Valle de los Templos desde Palermo | TTM<\/title>\n<meta name=\"description\" content=\"Aproveche su estancia en Palermo y visite el fabuloso Valle de los Templos en Agrigento junto a un gu\u00eda oficial y chofer privado en veh\u00edculo de lujo \u2705\" \/>\n<meta name=\"robots\" content=\"index, follow, max-snippet:-1, max-image-preview:large, max-video-preview:-1\" \/>\n<link rel=\"canonical\" href=\"https:\/\/tourtravelandmore.com\/es\/tours\/italia-es\/palermo-es\/tour-privado-a-valle-de-los-templos-agrigento-desde-palermo\/\" \/>\n<meta property=\"og:locale\" content=\"es_ES\" \/>\n<meta property=\"og:type\" content=\"article\" \/>\n<meta property=\"og:title\" content=\"Tour Privado a Agrigento y Valle de los Templos desde Palermo\" \/>\n<meta property=\"og:description\" content=\"Aproveche su estancia en Palermo y visite el fabuloso Valle de los Templos en Agrigento junto a un gu\u00eda oficial y chofer privado en veh\u00edculo de lujo \u2705\" \/>\n<meta property=\"og:url\" content=\"https:\/\/tourtravelandmore.com\/es\/tours\/italia-es\/palermo-es\/tour-privado-a-valle-de-los-templos-agrigento-desde-palermo\/\" \/>\n<meta property=\"og:site_name\" content=\"Tour Travel And More\" \/>\n<meta property=\"article:publisher\" content=\"https:\/\/www.facebook.com\/tourtravelandmore\/\" \/>\n<meta property=\"article:modified_time\" content=\"2022-10-18T18:20:59+00:00\" \/>\n<meta property=\"og:image\" content=\"https:\/\/tourtravelandmore.com\/wp-content\/uploads\/2018\/04\/italy-2454792_960_720.jpg\" \/>\n\t<meta property=\"og:image:width\" content=\"960\" \/>\n\t<meta property=\"og:image:height\" content=\"640\" \/>\n\t<meta property=\"og:image:type\" content=\"image\/jpeg\" \/>\n<meta name=\"twitter:card\" content=\"summary_large_image\" \/>\n<meta name=\"twitter:site\" content=\"@TourTravel_More\" \/>\n<meta name=\"twitter:label1\" content=\"Tiempo de lectura\" \/>\n\t<meta name=\"twitter:data1\" content=\"2 minutos\" \/>\n<script type=\"application\/ld+json\" class=\"yoast-schema-graph\">{\"@context\":\"https:\/\/schema.org\",\"@graph\":[{\"@type\":\"WebPage\",\"@id\":\"https:\/\/tourtravelandmore.com\/es\/tours\/italia-es\/palermo-es\/tour-privado-a-valle-de-los-templos-agrigento-desde-palermo\/\",\"url\":\"https:\/\/tourtravelandmore.com\/es\/tours\/italia-es\/palermo-es\/tour-privado-a-valle-de-los-templos-agrigento-desde-palermo\/\",\"name\":\"Tour Privado a Agrigento y Valle de los Templos desde Palermo | TTM\",\"isPartOf\":{\"@id\":\"https:\/\/tourtravelandmore.com\/es\/#website\"},\"primaryImageOfPage\":{\"@id\":\"https:\/\/tourtravelandmore.com\/es\/tours\/italia-es\/palermo-es\/tour-privado-a-valle-de-los-templos-agrigento-desde-palermo\/#primaryimage\"},\"image\":{\"@id\":\"https:\/\/tourtravelandmore.com\/es\/tours\/italia-es\/palermo-es\/tour-privado-a-valle-de-los-templos-agrigento-desde-palermo\/#primaryimage\"},\"thumbnailUrl\":\"https:\/\/tourtravelandmore.com\/wp-content\/uploads\/2018\/04\/italy-2454792_960_720.jpg\",\"datePublished\":\"2018-04-10T12:50:21+00:00\",\"dateModified\":\"2022-10-18T18:20:59+00:00\",\"description\":\"Aproveche su estancia en Palermo y visite el fabuloso Valle de los Templos en Agrigento junto a un gu\u00eda oficial y chofer privado en veh\u00edculo de lujo \u2705\",\"breadcrumb\":{\"@id\":\"https:\/\/tourtravelandmore.com\/es\/tours\/italia-es\/palermo-es\/tour-privado-a-valle-de-los-templos-agrigento-desde-palermo\/#breadcrumb\"},\"inLanguage\":\"es\",\"potentialAction\":[{\"@type\":\"ReadAction\",\"target\":[\"https:\/\/tourtravelandmore.com\/es\/tours\/italia-es\/palermo-es\/tour-privado-a-valle-de-los-templos-agrigento-desde-palermo\/\"]}]},{\"@type\":\"ImageObject\",\"inLanguage\":\"es\",\"@id\":\"https:\/\/tourtravelandmore.com\/es\/tours\/italia-es\/palermo-es\/tour-privado-a-valle-de-los-templos-agrigento-desde-palermo\/#primaryimage\",\"url\":\"https:\/\/tourtravelandmore.com\/wp-content\/uploads\/2018\/04\/italy-2454792_960_720.jpg\",\"contentUrl\":\"https:\/\/tourtravelandmore.com\/wp-content\/uploads\/2018\/04\/italy-2454792_960_720.jpg\",\"width\":960,\"height\":640},{\"@type\":\"BreadcrumbList\",\"@id\":\"https:\/\/tourtravelandmore.com\/es\/tours\/italia-es\/palermo-es\/tour-privado-a-valle-de-los-templos-agrigento-desde-palermo\/#breadcrumb\",\"itemListElement\":[{\"@type\":\"ListItem\",\"position\":1,\"name\":\"Home\",\"item\":\"https:\/\/tourtravelandmore.com\/es\/\"},{\"@type\":\"ListItem\",\"position\":2,\"name\":\"Tours\",\"item\":\"https:\/\/tourtravelandmore.com\/es\/tours\/\"},{\"@type\":\"ListItem\",\"position\":3,\"name\":\"Tour Privado a Agrigento y Valle de los Templos desde Palermo\"}]},{\"@type\":\"WebSite\",\"@id\":\"https:\/\/tourtravelandmore.com\/es\/#website\",\"url\":\"https:\/\/tourtravelandmore.com\/es\/\",\"name\":\"Tour Travel And More\",\"description\":\"Private sightseeing tours and luxury transfers in Spain\",\"publisher\":{\"@id\":\"https:\/\/tourtravelandmore.com\/es\/#organization\"},\"potentialAction\":[{\"@type\":\"SearchAction\",\"target\":{\"@type\":\"EntryPoint\",\"urlTemplate\":\"https:\/\/tourtravelandmore.com\/es\/?s={search_term_string}\"},\"query-input\":{\"@type\":\"PropertyValueSpecification\",\"valueRequired\":true,\"valueName\":\"search_term_string\"}}],\"inLanguage\":\"es\"},{\"@type\":\"Organization\",\"@id\":\"https:\/\/tourtravelandmore.com\/es\/#organization\",\"name\":\"Tour Travel And More\",\"url\":\"https:\/\/tourtravelandmore.com\/es\/\",\"logo\":{\"@type\":\"ImageObject\",\"inLanguage\":\"es\",\"@id\":\"https:\/\/tourtravelandmore.com\/es\/#\/schema\/logo\/image\/\",\"url\":\"https:\/\/tourtravelandmore.com\/wp-content\/uploads\/2022\/12\/cropped-logo-cabecera-new.png\",\"contentUrl\":\"https:\/\/tourtravelandmore.com\/wp-content\/uploads\/2022\/12\/cropped-logo-cabecera-new.png\",\"width\":430,\"height\":61,\"caption\":\"Tour Travel And More\"},\"image\":{\"@id\":\"https:\/\/tourtravelandmore.com\/es\/#\/schema\/logo\/image\/\"},\"sameAs\":[\"https:\/\/www.facebook.com\/tourtravelandmore\/\",\"https:\/\/x.com\/TourTravel_More\"]}]}<\/script>\n<!-- \/ Yoast SEO Premium plugin. -->","yoast_head_json":{"title":"Tour Privado a Agrigento y Valle de los Templos desde Palermo | TTM","description":"Aproveche su estancia en Palermo y visite el fabuloso Valle de los Templos en Agrigento junto a un gu\u00eda oficial y chofer privado en veh\u00edculo de lujo \u2705","robots":{"index":"index","follow":"follow","max-snippet":"max-snippet:-1","max-image-preview":"max-image-preview:large","max-video-preview":"max-video-preview:-1"},"canonical":"https:\/\/tourtravelandmore.com\/es\/tours\/italia-es\/palermo-es\/tour-privado-a-valle-de-los-templos-agrigento-desde-palermo\/","og_locale":"es_ES","og_type":"article","og_title":"Tour Privado a Agrigento y Valle de los Templos desde Palermo","og_description":"Aproveche su estancia en Palermo y visite el fabuloso Valle de los Templos en Agrigento junto a un gu\u00eda oficial y chofer privado en veh\u00edculo de lujo \u2705","og_url":"https:\/\/tourtravelandmore.com\/es\/tours\/italia-es\/palermo-es\/tour-privado-a-valle-de-los-templos-agrigento-desde-palermo\/","og_site_name":"Tour Travel And More","article_publisher":"https:\/\/www.facebook.com\/tourtravelandmore\/","article_modified_time":"2022-10-18T18:20:59+00:00","og_image":[{"width":960,"height":640,"url":"https:\/\/tourtravelandmore.com\/wp-content\/uploads\/2018\/04\/italy-2454792_960_720.jpg","type":"image\/jpeg"}],"twitter_card":"summary_large_image","twitter_site":"@TourTravel_More","twitter_misc":{"Tiempo de lectura":"2 minutos"},"schema":{"@context":"https:\/\/schema.org","@graph":[{"@type":"WebPage","@id":"https:\/\/tourtravelandmore.com\/es\/tours\/italia-es\/palermo-es\/tour-privado-a-valle-de-los-templos-agrigento-desde-palermo\/","url":"https:\/\/tourtravelandmore.com\/es\/tours\/italia-es\/palermo-es\/tour-privado-a-valle-de-los-templos-agrigento-desde-palermo\/","name":"Tour Privado a Agrigento y Valle de los Templos desde Palermo | TTM","isPartOf":{"@id":"https:\/\/tourtravelandmore.com\/es\/#website"},"primaryImageOfPage":{"@id":"https:\/\/tourtravelandmore.com\/es\/tours\/italia-es\/palermo-es\/tour-privado-a-valle-de-los-templos-agrigento-desde-palermo\/#primaryimage"},"image":{"@id":"https:\/\/tourtravelandmore.com\/es\/tours\/italia-es\/palermo-es\/tour-privado-a-valle-de-los-templos-agrigento-desde-palermo\/#primaryimage"},"thumbnailUrl":"https:\/\/tourtravelandmore.com\/wp-content\/uploads\/2018\/04\/italy-2454792_960_720.jpg","datePublished":"2018-04-10T12:50:21+00:00","dateModified":"2022-10-18T18:20:59+00:00","description":"Aproveche su estancia en Palermo y visite el fabuloso Valle de los Templos en Agrigento junto a un gu\u00eda oficial y chofer privado en veh\u00edculo de lujo \u2705","breadcrumb":{"@id":"https:\/\/tourtravelandmore.com\/es\/tours\/italia-es\/palermo-es\/tour-privado-a-valle-de-los-templos-agrigento-desde-palermo\/#breadcrumb"},"inLanguage":"es","potentialAction":[{"@type":"ReadAction","target":["https:\/\/tourtravelandmore.com\/es\/tours\/italia-es\/palermo-es\/tour-privado-a-valle-de-los-templos-agrigento-desde-palermo\/"]}]},{"@type":"ImageObject","inLanguage":"es","@id":"https:\/\/tourtravelandmore.com\/es\/tours\/italia-es\/palermo-es\/tour-privado-a-valle-de-los-templos-agrigento-desde-palermo\/#primaryimage","url":"https:\/\/tourtravelandmore.com\/wp-content\/uploads\/2018\/04\/italy-2454792_960_720.jpg","contentUrl":"https:\/\/tourtravelandmore.com\/wp-content\/uploads\/2018\/04\/italy-2454792_960_720.jpg","width":960,"height":640},{"@type":"BreadcrumbList","@id":"https:\/\/tourtravelandmore.com\/es\/tours\/italia-es\/palermo-es\/tour-privado-a-valle-de-los-templos-agrigento-desde-palermo\/#breadcrumb","itemListElement":[{"@type":"ListItem","position":1,"name":"Home","item":"https:\/\/tourtravelandmore.com\/es\/"},{"@type":"ListItem","position":2,"name":"Tours","item":"https:\/\/tourtravelandmore.com\/es\/tours\/"},{"@type":"ListItem","position":3,"name":"Tour Privado a Agrigento y Valle de los Templos desde Palermo"}]},{"@type":"WebSite","@id":"https:\/\/tourtravelandmore.com\/es\/#website","url":"https:\/\/tourtravelandmore.com\/es\/","name":"Tour Travel And More","description":"Private sightseeing tours and luxury transfers in Spain","publisher":{"@id":"https:\/\/tourtravelandmore.com\/es\/#organization"},"potentialAction":[{"@type":"SearchAction","target":{"@type":"EntryPoint","urlTemplate":"https:\/\/tourtravelandmore.com\/es\/?s={search_term_string}"},"query-input":{"@type":"PropertyValueSpecification","valueRequired":true,"valueName":"search_term_string"}}],"inLanguage":"es"},{"@type":"Organization","@id":"https:\/\/tourtravelandmore.com\/es\/#organization","name":"Tour Travel And More","url":"https:\/\/tourtravelandmore.com\/es\/","logo":{"@type":"ImageObject","inLanguage":"es","@id":"https:\/\/tourtravelandmore.com\/es\/#\/schema\/logo\/image\/","url":"https:\/\/tourtravelandmore.com\/wp-content\/uploads\/2022\/12\/cropped-logo-cabecera-new.png","contentUrl":"https:\/\/tourtravelandmore.com\/wp-content\/uploads\/2022\/12\/cropped-logo-cabecera-new.png","width":430,"height":61,"caption":"Tour Travel And More"},"image":{"@id":"https:\/\/tourtravelandmore.com\/es\/#\/schema\/logo\/image\/"},"sameAs":["https:\/\/www.facebook.com\/tourtravelandmore\/","https:\/\/x.com\/TourTravel_More"]}]}},"_links":{"self":[{"href":"https:\/\/tourtravelandmore.com\/es\/wp-json\/wp\/v2\/product\/20222","targetHints":{"allow":["GET"]}}],"collection":[{"href":"https:\/\/tourtravelandmore.com\/es\/wp-json\/wp\/v2\/product"}],"about":[{"href":"https:\/\/tourtravelandmore.com\/es\/wp-json\/wp\/v2\/types\/product"}],"replies":[{"embeddable":true,"href":"https:\/\/tourtravelandmore.com\/es\/wp-json\/wp\/v2\/comments?post=20222"}],"wp:featuredmedia":[{"embeddable":true,"href":"https:\/\/tourtravelandmore.com\/es\/wp-json\/wp\/v2\/media\/20230"}],"wp:attachment":[{"href":"https:\/\/tourtravelandmore.com\/es\/wp-json\/wp\/v2\/media?parent=20222"}],"wp:term":[{"taxonomy":"product_brand","embeddable":true,"href":"https:\/\/tourtravelandmore.com\/es\/wp-json\/wp\/v2\/product_brand?post=20222"},{"taxonomy":"product_cat","embeddable":true,"href":"https:\/\/tourtravelandmore.com\/es\/wp-json\/wp\/v2\/product_cat?post=20222"},{"taxonomy":"product_tag","embeddable":true,"href":"https:\/\/tourtravelandmore.com\/es\/wp-json\/wp\/v2\/product_tag?post=20222"}],"curies":[{"name":"wp","href":"https:\/\/api.w.org\/{rel}","templated":true}]}}