{"id":20092,"date":"2018-04-06T15:04:10","date_gmt":"2018-04-06T13:04:12","guid":{"rendered":"http:\/\/tourtravelandmore.com\/es\/tours\/turin-es\/tour-privado-a-museo-egipcio-de-turin-con-guia-oficial-privado\/"},"modified":"2024-07-23T17:32:28","modified_gmt":"2024-07-23T15:32:28","slug":"tour-privado-a-museo-egipcio-de-turin-con-guia-oficial-privado","status":"publish","type":"product","link":"https:\/\/tourtravelandmore.com\/es\/tours\/italia-es\/turin-es\/tour-privado-a-museo-egipcio-de-turin-con-guia-oficial-privado\/","title":{"rendered":"Tour Privado a pie del Museo Egipcio"},"content":{"rendered":"<h2><strong>Descripci\u00f3n del Tour Privado a pie del Museo Egipcio<\/strong><\/h2>\n<p><strong>Tur\u00edn<\/strong> alberga el mejor Museo Egipcio del mundo fuera de Egipto y es el museo egipcio m\u00e1s antiguo del mundo. Tendr\u00e1 la posibilidad de disfrutar de este <strong>tour privado al Museo Egipcio<\/strong> junto con un <strong>gu\u00eda tur\u00edstico profesional<\/strong>.<\/p>\n<p><strong>La ciudad de Tur\u00edn<\/strong> es la capital de la regi\u00f3n de Piamonte. Fue la antigua casa del Reino de Saboya. El conocido arquitecto Le Corbusier defini\u00f3 a Tur\u00edn como \u201c<em>la ciudad con el paraje natural m\u00e1s bello del mundo\u201d<\/em>.<\/p>\n<p>Con este tour privado al Museo Egipcio, podr\u00e1 admirar una \u00fanica exposici\u00f3n de muchos objetos y piezas de la \u00e9poca egipcia. Su gu\u00eda tur\u00edstico oficial privado cuenta con mucho conocimiento sobre la historia de este museo.<\/p>\n<p>En caso de que solo est\u00e9 buscando un tour privado por Tur\u00edn, eche un vistazo a <a href=\"https:\/\/tourtravelandmore.com\/es\/tours\/italia-es\/turin-es\/tour-privado-a-pie-de-turin-con-guia-oficial-privado\/\">nuestro tour privado a pie por Tur\u00edn<\/a>.<\/p>\n<h2><strong>Puntos de inter\u00e9s en el Tour Privado al Museo Egipcio<\/strong><\/h2>\n<p>Tur\u00edn es una de las ciudades m\u00e1s bellas del norte de Italia. La ciudad ofrece una arquitectura barroca muy hermosa, gran gastronom\u00eda y una oferta muy de museos y monumentos.<\/p>\n<p>Entre esos museos, se encuentra el <a href=\"https:\/\/museoegizio.it\">Museo Egipcio<\/a>, que es el museo egipcio m\u00e1s antiguo del mundo (fundado en 1824). Este museo est\u00e1 dedicado exclusivamente a la cultura y el arte egipcios.<\/p>\n<p>En primer lugar, se reunir\u00e1 con su gu\u00eda tur\u00edstico oficial privado en la entrada principal del museo. Si su hotel se encuentra a poca distancia, tambi\u00e9n podemos organizar la recogida desde all\u00ed.<\/p>\n<p>En segundo lugar, ingresar\u00e1s al Museo Egipcio para comenzar tu recorrido a pie por el interior. <strong>El Museo de Antig\u00fcedades Egipcias<\/strong> est\u00e1 compuesto por objetos obtenidos a lo largo de los siglos. As\u00ed como en l<strong>os sitios de excavaci\u00f3n de la Misi\u00f3n Arqueol\u00f3gica Italiana<\/strong>, se llev\u00f3 a cabo entre 1900 y 1935.<\/p>\n<p>Disfrutar\u00e1s con tu gu\u00eda tur\u00edstico privado, conociendo en profundidad este hist\u00f3rico y espectacular museo. Cada gu\u00eda es un gu\u00eda tur\u00edstico oficial, profesional, con gran conocimiento de la historia egipcia.<\/p>\n<p>Finalmente, su gu\u00eda privado lo dejar\u00e1 en la entrada principal del museo al finalizar el recorrido.<\/p>\n","protected":false},"excerpt":{"rendered":"<p>Disfrute de este <strong>tour privado a pie completamente personalizado por el Museo Egipcio de Tur\u00edn<\/strong>, con su gu\u00eda tur\u00edstico oficial privado. No pierda la oportunidad de conocer el <strong>museo egipcio m\u00e1s antiguo del mundo<\/strong>. Admirar\u00e1 una exposici\u00f3n \u00fanica de arte, objetos y cultura de la \u00e9poca egipcia. Ticket de ingreso al museo incluido en el tour.<\/p>\n","protected":false},"featured_media":20098,"comment_status":"open","ping_status":"closed","template":"","meta":{"_acf_changed":false},"product_brand":[],"product_cat":[700,706,730],"product_tag":[],"class_list":{"0":"post-20092","1":"product","2":"type-product","3":"status-publish","4":"has-post-thumbnail","6":"product_cat-turin-es","7":"product_cat-turin-actividades-es","8":"product_cat-turin-tours-privados-pie-es","10":"first","11":"instock","12":"shipping-taxable","13":"purchasable","14":"product-type-simple"},"acf":[],"yoast_head":"<!-- This site is optimized with the Yoast SEO Premium plugin v25.3.1 (Yoast SEO v25.3.1) - https:\/\/yoast.com\/wordpress\/plugins\/seo\/ -->\n<title>Tour Privado al Museo Egipcio de Tur\u00edn con gu\u00eda oficial privado | TTM<\/title>\n<meta name=\"description\" content=\"Aproveche su visita en Tur\u00edn y conozca el mejor y m\u00e1s completo Museo Egipcio del mundo fuera de Egipto junto a un gu\u00eda oficial privado y especializado \u2705\" \/>\n<meta name=\"robots\" content=\"index, follow, max-snippet:-1, max-image-preview:large, max-video-preview:-1\" \/>\n<link rel=\"canonical\" href=\"https:\/\/tourtravelandmore.com\/es\/tours\/italia-es\/turin-es\/tour-privado-a-museo-egipcio-de-turin-con-guia-oficial-privado\/\" \/>\n<meta property=\"og:locale\" content=\"es_ES\" \/>\n<meta property=\"og:type\" content=\"article\" \/>\n<meta property=\"og:title\" content=\"Tour Privado a pie del Museo Egipcio\" \/>\n<meta property=\"og:description\" content=\"Aproveche su visita en Tur\u00edn y conozca el mejor y m\u00e1s completo Museo Egipcio del mundo fuera de Egipto junto a un gu\u00eda oficial privado y especializado \u2705\" \/>\n<meta property=\"og:url\" content=\"https:\/\/tourtravelandmore.com\/es\/tours\/italia-es\/turin-es\/tour-privado-a-museo-egipcio-de-turin-con-guia-oficial-privado\/\" \/>\n<meta property=\"og:site_name\" content=\"Tour Travel And More\" \/>\n<meta property=\"article:publisher\" content=\"https:\/\/www.facebook.com\/tourtravelandmore\/\" \/>\n<meta property=\"article:modified_time\" content=\"2024-07-23T15:32:28+00:00\" \/>\n<meta property=\"og:image\" content=\"https:\/\/tourtravelandmore.com\/wp-content\/uploads\/2018\/04\/torino-2914056_960_720.jpg\" \/>\n\t<meta property=\"og:image:width\" content=\"960\" \/>\n\t<meta property=\"og:image:height\" content=\"540\" \/>\n\t<meta property=\"og:image:type\" content=\"image\/jpeg\" \/>\n<meta name=\"twitter:card\" content=\"summary_large_image\" \/>\n<meta name=\"twitter:site\" content=\"@TourTravel_More\" \/>\n<meta name=\"twitter:label1\" content=\"Tiempo de lectura\" \/>\n\t<meta name=\"twitter:data1\" content=\"2 minutos\" \/>\n<script type=\"application\/ld+json\" class=\"yoast-schema-graph\">{\"@context\":\"https:\/\/schema.org\",\"@graph\":[{\"@type\":\"WebPage\",\"@id\":\"https:\/\/tourtravelandmore.com\/es\/tours\/italia-es\/turin-es\/tour-privado-a-museo-egipcio-de-turin-con-guia-oficial-privado\/\",\"url\":\"https:\/\/tourtravelandmore.com\/es\/tours\/italia-es\/turin-es\/tour-privado-a-museo-egipcio-de-turin-con-guia-oficial-privado\/\",\"name\":\"Tour Privado al Museo Egipcio de Tur\u00edn con gu\u00eda oficial privado | TTM\",\"isPartOf\":{\"@id\":\"https:\/\/tourtravelandmore.com\/es\/#website\"},\"primaryImageOfPage\":{\"@id\":\"https:\/\/tourtravelandmore.com\/es\/tours\/italia-es\/turin-es\/tour-privado-a-museo-egipcio-de-turin-con-guia-oficial-privado\/#primaryimage\"},\"image\":{\"@id\":\"https:\/\/tourtravelandmore.com\/es\/tours\/italia-es\/turin-es\/tour-privado-a-museo-egipcio-de-turin-con-guia-oficial-privado\/#primaryimage\"},\"thumbnailUrl\":\"https:\/\/tourtravelandmore.com\/wp-content\/uploads\/2018\/04\/torino-2914056_960_720.jpg\",\"datePublished\":\"2018-04-06T13:04:12+00:00\",\"dateModified\":\"2024-07-23T15:32:28+00:00\",\"description\":\"Aproveche su visita en Tur\u00edn y conozca el mejor y m\u00e1s completo Museo Egipcio del mundo fuera de Egipto junto a un gu\u00eda oficial privado y especializado \u2705\",\"breadcrumb\":{\"@id\":\"https:\/\/tourtravelandmore.com\/es\/tours\/italia-es\/turin-es\/tour-privado-a-museo-egipcio-de-turin-con-guia-oficial-privado\/#breadcrumb\"},\"inLanguage\":\"es\",\"potentialAction\":[{\"@type\":\"ReadAction\",\"target\":[\"https:\/\/tourtravelandmore.com\/es\/tours\/italia-es\/turin-es\/tour-privado-a-museo-egipcio-de-turin-con-guia-oficial-privado\/\"]}]},{\"@type\":\"ImageObject\",\"inLanguage\":\"es\",\"@id\":\"https:\/\/tourtravelandmore.com\/es\/tours\/italia-es\/turin-es\/tour-privado-a-museo-egipcio-de-turin-con-guia-oficial-privado\/#primaryimage\",\"url\":\"https:\/\/tourtravelandmore.com\/wp-content\/uploads\/2018\/04\/torino-2914056_960_720.jpg\",\"contentUrl\":\"https:\/\/tourtravelandmore.com\/wp-content\/uploads\/2018\/04\/torino-2914056_960_720.jpg\",\"width\":960,\"height\":540},{\"@type\":\"BreadcrumbList\",\"@id\":\"https:\/\/tourtravelandmore.com\/es\/tours\/italia-es\/turin-es\/tour-privado-a-museo-egipcio-de-turin-con-guia-oficial-privado\/#breadcrumb\",\"itemListElement\":[{\"@type\":\"ListItem\",\"position\":1,\"name\":\"Home\",\"item\":\"https:\/\/tourtravelandmore.com\/es\/\"},{\"@type\":\"ListItem\",\"position\":2,\"name\":\"Tours\",\"item\":\"https:\/\/tourtravelandmore.com\/es\/tours\/\"},{\"@type\":\"ListItem\",\"position\":3,\"name\":\"Tour Privado a pie del Museo Egipcio\"}]},{\"@type\":\"WebSite\",\"@id\":\"https:\/\/tourtravelandmore.com\/es\/#website\",\"url\":\"https:\/\/tourtravelandmore.com\/es\/\",\"name\":\"Tour Travel And More\",\"description\":\"Private sightseeing tours and luxury transfers in Spain\",\"publisher\":{\"@id\":\"https:\/\/tourtravelandmore.com\/es\/#organization\"},\"potentialAction\":[{\"@type\":\"SearchAction\",\"target\":{\"@type\":\"EntryPoint\",\"urlTemplate\":\"https:\/\/tourtravelandmore.com\/es\/?s={search_term_string}\"},\"query-input\":{\"@type\":\"PropertyValueSpecification\",\"valueRequired\":true,\"valueName\":\"search_term_string\"}}],\"inLanguage\":\"es\"},{\"@type\":\"Organization\",\"@id\":\"https:\/\/tourtravelandmore.com\/es\/#organization\",\"name\":\"Tour Travel And More\",\"url\":\"https:\/\/tourtravelandmore.com\/es\/\",\"logo\":{\"@type\":\"ImageObject\",\"inLanguage\":\"es\",\"@id\":\"https:\/\/tourtravelandmore.com\/es\/#\/schema\/logo\/image\/\",\"url\":\"https:\/\/tourtravelandmore.com\/wp-content\/uploads\/2022\/12\/cropped-logo-cabecera-new.png\",\"contentUrl\":\"https:\/\/tourtravelandmore.com\/wp-content\/uploads\/2022\/12\/cropped-logo-cabecera-new.png\",\"width\":430,\"height\":61,\"caption\":\"Tour Travel And More\"},\"image\":{\"@id\":\"https:\/\/tourtravelandmore.com\/es\/#\/schema\/logo\/image\/\"},\"sameAs\":[\"https:\/\/www.facebook.com\/tourtravelandmore\/\",\"https:\/\/x.com\/TourTravel_More\"]}]}<\/script>\n<!-- \/ Yoast SEO Premium plugin. -->","yoast_head_json":{"title":"Tour Privado al Museo Egipcio de Tur\u00edn con gu\u00eda oficial privado | TTM","description":"Aproveche su visita en Tur\u00edn y conozca el mejor y m\u00e1s completo Museo Egipcio del mundo fuera de Egipto junto a un gu\u00eda oficial privado y especializado \u2705","robots":{"index":"index","follow":"follow","max-snippet":"max-snippet:-1","max-image-preview":"max-image-preview:large","max-video-preview":"max-video-preview:-1"},"canonical":"https:\/\/tourtravelandmore.com\/es\/tours\/italia-es\/turin-es\/tour-privado-a-museo-egipcio-de-turin-con-guia-oficial-privado\/","og_locale":"es_ES","og_type":"article","og_title":"Tour Privado a pie del Museo Egipcio","og_description":"Aproveche su visita en Tur\u00edn y conozca el mejor y m\u00e1s completo Museo Egipcio del mundo fuera de Egipto junto a un gu\u00eda oficial privado y especializado \u2705","og_url":"https:\/\/tourtravelandmore.com\/es\/tours\/italia-es\/turin-es\/tour-privado-a-museo-egipcio-de-turin-con-guia-oficial-privado\/","og_site_name":"Tour Travel And More","article_publisher":"https:\/\/www.facebook.com\/tourtravelandmore\/","article_modified_time":"2024-07-23T15:32:28+00:00","og_image":[{"width":960,"height":540,"url":"https:\/\/tourtravelandmore.com\/wp-content\/uploads\/2018\/04\/torino-2914056_960_720.jpg","type":"image\/jpeg"}],"twitter_card":"summary_large_image","twitter_site":"@TourTravel_More","twitter_misc":{"Tiempo de lectura":"2 minutos"},"schema":{"@context":"https:\/\/schema.org","@graph":[{"@type":"WebPage","@id":"https:\/\/tourtravelandmore.com\/es\/tours\/italia-es\/turin-es\/tour-privado-a-museo-egipcio-de-turin-con-guia-oficial-privado\/","url":"https:\/\/tourtravelandmore.com\/es\/tours\/italia-es\/turin-es\/tour-privado-a-museo-egipcio-de-turin-con-guia-oficial-privado\/","name":"Tour Privado al Museo Egipcio de Tur\u00edn con gu\u00eda oficial privado | TTM","isPartOf":{"@id":"https:\/\/tourtravelandmore.com\/es\/#website"},"primaryImageOfPage":{"@id":"https:\/\/tourtravelandmore.com\/es\/tours\/italia-es\/turin-es\/tour-privado-a-museo-egipcio-de-turin-con-guia-oficial-privado\/#primaryimage"},"image":{"@id":"https:\/\/tourtravelandmore.com\/es\/tours\/italia-es\/turin-es\/tour-privado-a-museo-egipcio-de-turin-con-guia-oficial-privado\/#primaryimage"},"thumbnailUrl":"https:\/\/tourtravelandmore.com\/wp-content\/uploads\/2018\/04\/torino-2914056_960_720.jpg","datePublished":"2018-04-06T13:04:12+00:00","dateModified":"2024-07-23T15:32:28+00:00","description":"Aproveche su visita en Tur\u00edn y conozca el mejor y m\u00e1s completo Museo Egipcio del mundo fuera de Egipto junto a un gu\u00eda oficial privado y especializado \u2705","breadcrumb":{"@id":"https:\/\/tourtravelandmore.com\/es\/tours\/italia-es\/turin-es\/tour-privado-a-museo-egipcio-de-turin-con-guia-oficial-privado\/#breadcrumb"},"inLanguage":"es","potentialAction":[{"@type":"ReadAction","target":["https:\/\/tourtravelandmore.com\/es\/tours\/italia-es\/turin-es\/tour-privado-a-museo-egipcio-de-turin-con-guia-oficial-privado\/"]}]},{"@type":"ImageObject","inLanguage":"es","@id":"https:\/\/tourtravelandmore.com\/es\/tours\/italia-es\/turin-es\/tour-privado-a-museo-egipcio-de-turin-con-guia-oficial-privado\/#primaryimage","url":"https:\/\/tourtravelandmore.com\/wp-content\/uploads\/2018\/04\/torino-2914056_960_720.jpg","contentUrl":"https:\/\/tourtravelandmore.com\/wp-content\/uploads\/2018\/04\/torino-2914056_960_720.jpg","width":960,"height":540},{"@type":"BreadcrumbList","@id":"https:\/\/tourtravelandmore.com\/es\/tours\/italia-es\/turin-es\/tour-privado-a-museo-egipcio-de-turin-con-guia-oficial-privado\/#breadcrumb","itemListElement":[{"@type":"ListItem","position":1,"name":"Home","item":"https:\/\/tourtravelandmore.com\/es\/"},{"@type":"ListItem","position":2,"name":"Tours","item":"https:\/\/tourtravelandmore.com\/es\/tours\/"},{"@type":"ListItem","position":3,"name":"Tour Privado a pie del Museo Egipcio"}]},{"@type":"WebSite","@id":"https:\/\/tourtravelandmore.com\/es\/#website","url":"https:\/\/tourtravelandmore.com\/es\/","name":"Tour Travel And More","description":"Private sightseeing tours and luxury transfers in Spain","publisher":{"@id":"https:\/\/tourtravelandmore.com\/es\/#organization"},"potentialAction":[{"@type":"SearchAction","target":{"@type":"EntryPoint","urlTemplate":"https:\/\/tourtravelandmore.com\/es\/?s={search_term_string}"},"query-input":{"@type":"PropertyValueSpecification","valueRequired":true,"valueName":"search_term_string"}}],"inLanguage":"es"},{"@type":"Organization","@id":"https:\/\/tourtravelandmore.com\/es\/#organization","name":"Tour Travel And More","url":"https:\/\/tourtravelandmore.com\/es\/","logo":{"@type":"ImageObject","inLanguage":"es","@id":"https:\/\/tourtravelandmore.com\/es\/#\/schema\/logo\/image\/","url":"https:\/\/tourtravelandmore.com\/wp-content\/uploads\/2022\/12\/cropped-logo-cabecera-new.png","contentUrl":"https:\/\/tourtravelandmore.com\/wp-content\/uploads\/2022\/12\/cropped-logo-cabecera-new.png","width":430,"height":61,"caption":"Tour Travel And More"},"image":{"@id":"https:\/\/tourtravelandmore.com\/es\/#\/schema\/logo\/image\/"},"sameAs":["https:\/\/www.facebook.com\/tourtravelandmore\/","https:\/\/x.com\/TourTravel_More"]}]}},"_links":{"self":[{"href":"https:\/\/tourtravelandmore.com\/es\/wp-json\/wp\/v2\/product\/20092","targetHints":{"allow":["GET"]}}],"collection":[{"href":"https:\/\/tourtravelandmore.com\/es\/wp-json\/wp\/v2\/product"}],"about":[{"href":"https:\/\/tourtravelandmore.com\/es\/wp-json\/wp\/v2\/types\/product"}],"replies":[{"embeddable":true,"href":"https:\/\/tourtravelandmore.com\/es\/wp-json\/wp\/v2\/comments?post=20092"}],"wp:featuredmedia":[{"embeddable":true,"href":"https:\/\/tourtravelandmore.com\/es\/wp-json\/wp\/v2\/media\/20098"}],"wp:attachment":[{"href":"https:\/\/tourtravelandmore.com\/es\/wp-json\/wp\/v2\/media?parent=20092"}],"wp:term":[{"taxonomy":"product_brand","embeddable":true,"href":"https:\/\/tourtravelandmore.com\/es\/wp-json\/wp\/v2\/product_brand?post=20092"},{"taxonomy":"product_cat","embeddable":true,"href":"https:\/\/tourtravelandmore.com\/es\/wp-json\/wp\/v2\/product_cat?post=20092"},{"taxonomy":"product_tag","embeddable":true,"href":"https:\/\/tourtravelandmore.com\/es\/wp-json\/wp\/v2\/product_tag?post=20092"}],"curies":[{"name":"wp","href":"https:\/\/api.w.org\/{rel}","templated":true}]}}