{"id":20037,"date":"2018-04-05T15:24:10","date_gmt":"2018-04-05T13:24:12","guid":{"rendered":"http:\/\/tourtravelandmore.com\/es\/tours\/verona-es\/tour-privado-a-pie-de-bologna-con-guia-oficial-privado\/"},"modified":"2022-04-15T11:27:25","modified_gmt":"2022-04-15T09:27:25","slug":"tour-privado-a-pie-de-bologna-con-guia-oficial-privado","status":"publish","type":"product","link":"https:\/\/tourtravelandmore.com\/es\/tours\/italia-es\/bolonia-es\/tour-privado-a-pie-de-bologna-con-guia-oficial-privado\/","title":{"rendered":"Recorrido privado a pie por Bolonia"},"content":{"rendered":"<h2><strong>Descripci\u00f3n del Recorrido privado a pie por Bolonia\u00a0<\/strong><\/h2>\n<p>Disfrute de este <strong>recorrido por Bolonia<\/strong> de 2 horas y admire sus maravillosas vistas con tu propio <strong>gu\u00eda oficial privado<\/strong>. Como todos nuestros tours, este recorrido por Bolonia a pie es <strong>completamente personalizado<\/strong>.<\/p>\n<p>Bolonia es la capital de la regi\u00f3n de Reggio Emilia, es una de las ciudades m\u00e1s hist\u00f3ricas de toda Italia. Su existencia se remonta a 1000 AC. Bolonia no se considera tan importante como Florencia, Roma o Mil\u00e1n, pero es conocida como una de las ciudades m\u00e1s hist\u00f3ricas de toda Europa.<\/p>\n<p>La recogida ser\u00e1 desde su hotel ubicado en el centro o en un punto de encuentro central en la ciudad. Luego comenzaremos su recorrido por Bolonia a pie.<\/p>\n<p>La duraci\u00f3n exacta del recorrido es completamente flexible. A continuaci\u00f3n mostraremos nuestro recorrido por Bolonia de 2 horas, pero podemos gestionar la duraci\u00f3n del recorrido exactamente como lo desee.<\/p>\n<p>Estaremos a su total disposici\u00f3n para ayudarlo con su itinerario y hacer que esta experiencia sea inolvidable.<\/p>\n<h2><strong>Puntos de Inter\u00e9s en el Recorrido privado a pie por Bolonia\u00a0<\/strong><\/h2>\n<p>En primer lugar, se reunir\u00e1 con su gu\u00eda oficial privado (si su hotel est\u00e1 ubicado en el centro, su gu\u00eda puede recogerlo desde all\u00ed) y comenzara su recorrido por Bolonia por Piazza Maggiore.<\/p>\n<p><strong>Piazza Maggiore<\/strong> es la plaza principal de Bolonia y est\u00e1 rodeada por varios edificios medievales donde podemos encontrar el Palazzo d&#8217;Accursio, el Palazzo dei Notai, la Bas\u00edlica de San Petronio, el Palazzo dei Banchi y el Palazzo del Podest\u00e1.<\/p>\n<p>En segundo lugar, continuaremos hacia la <strong>Plaza de Neptuno<\/strong>, donde se encuentra la Fuente de Neptuno, que es una fuente c\u00edvica monumental, \u00a1es un lugar maravilloso para tomar algunas fotos!.<\/p>\n<p>En tercer lugar, seguiremos hacia la <strong>Primera Universidad de Bolonia<\/strong>, considerada la universidad occidental m\u00e1s antigua del mundo. Fue fundada en 1088 y actualmente est\u00e1 dividida en 11 escuelas y 33 departamentos.<\/p>\n<p>En cuarto lugar, admirar\u00e1 el monumento m\u00e1s importante de Bolonia, <strong><a href=\"https:\/\/www.duetorribologna.com\">&#8220;Le Due Torri&#8221;<\/a> (Las Dos Torres)<\/strong>, ubicado en el coraz\u00f3n de la ciudad, en el punto donde la antigua Via Emilia (Camino Emiliano) ingres\u00f3 a la ciudad. Las torres se llamaron Torre Asinelli (la m\u00e1s alta) y Torre Garisenda (la m\u00e1s baja).<\/p>\n<p>Finalmente, finalizar\u00e1 el recorrido en el <strong>Mercado Medieval &#8220;El Quadrilatero&#8221;<\/strong>, que es el mercado m\u00e1s antiguo de la ciudad de Bolonia y ofrece una gran variedad de alimentos como pescado fresco, queso, jam\u00f3n, fruta y carne. Si eres un verdadero amante de la comida, echa un vistazo a nuestro <a href=\"https:\/\/tourtravelandmore.com\/es\/tours\/italia-es\/bolonia-es\/bolonia-actividades-es\/tour-gastronomico-privado-de-emilia-romagna\/\">Food Tour Privado de Emilia Romagna<\/a>.<\/p>\n<p>Como ya hemos mencionado, podemos organizar la duraci\u00f3n exacta del recorrido por Bolonia para que se ajuste a sus necesidades personales. Podemos ofrecer horas extras.<\/p>\n<p>El recorrido a pie por Bolonia finalizar\u00e1 en un lugar c\u00e9ntrico de la ciudad.<\/p>\n","protected":false},"excerpt":{"rendered":"<p>No pierda la oportunidad de conocer <strong>Bolonia<\/strong> y todo lo que tiene para ofrecer junto a su gu\u00eda tur\u00edstico oficial privado profesional. Durante este tour privado visitar\u00e1s lugares como la <strong>plaza Maggiore<\/strong>, <strong>las dos torres<\/strong>, la <strong>plaza de Neptuno<\/strong> y mucho m\u00e1s.<\/p>\n","protected":false},"featured_media":80711,"comment_status":"open","ping_status":"closed","template":"","meta":{"_acf_changed":false},"product_brand":[],"product_cat":[697,703,727],"product_tag":[],"class_list":{"0":"post-20037","1":"product","2":"type-product","3":"status-publish","4":"has-post-thumbnail","6":"product_cat-bolonia-es","7":"product_cat-bolonia-actividades-es","8":"product_cat-bolonia-tours-privados-pie-es","10":"first","11":"instock","12":"shipping-taxable","13":"purchasable","14":"product-type-simple"},"acf":[],"yoast_head":"<!-- This site is optimized with the Yoast SEO Premium plugin v25.3.1 (Yoast SEO v25.3.1) - https:\/\/yoast.com\/wordpress\/plugins\/seo\/ -->\n<title>Recorrido Privado a pie por Bolonia | Tour Travel &amp; More<\/title>\n<meta name=\"description\" content=\"Disfrute de este Recorrido Privado a pie por Bolonia y conozca en profundidad la ciudad junto a su gu\u00eda \u2705\" \/>\n<meta name=\"robots\" content=\"index, follow, max-snippet:-1, max-image-preview:large, max-video-preview:-1\" \/>\n<link rel=\"canonical\" href=\"https:\/\/tourtravelandmore.com\/es\/tours\/italia-es\/bolonia-es\/tour-privado-a-pie-de-bologna-con-guia-oficial-privado\/\" \/>\n<meta property=\"og:locale\" content=\"es_ES\" \/>\n<meta property=\"og:type\" content=\"article\" \/>\n<meta property=\"og:title\" content=\"Recorrido privado a pie por Bolonia\" \/>\n<meta property=\"og:description\" content=\"Disfrute de este Recorrido Privado a pie por Bolonia y conozca en profundidad la ciudad junto a su gu\u00eda \u2705\" \/>\n<meta property=\"og:url\" content=\"https:\/\/tourtravelandmore.com\/es\/tours\/italia-es\/bolonia-es\/tour-privado-a-pie-de-bologna-con-guia-oficial-privado\/\" \/>\n<meta property=\"og:site_name\" content=\"Tour Travel And More\" \/>\n<meta property=\"article:publisher\" content=\"https:\/\/www.facebook.com\/tourtravelandmore\/\" \/>\n<meta property=\"article:modified_time\" content=\"2022-04-15T09:27:25+00:00\" \/>\n<meta property=\"og:image\" content=\"https:\/\/tourtravelandmore.com\/wp-content\/uploads\/2018\/04\/bologna-1-1.jpg\" \/>\n\t<meta property=\"og:image:width\" content=\"2048\" \/>\n\t<meta property=\"og:image:height\" content=\"1536\" \/>\n\t<meta property=\"og:image:type\" content=\"image\/jpeg\" \/>\n<meta name=\"twitter:card\" content=\"summary_large_image\" \/>\n<meta name=\"twitter:site\" content=\"@TourTravel_More\" \/>\n<meta name=\"twitter:label1\" content=\"Tiempo de lectura\" \/>\n\t<meta name=\"twitter:data1\" content=\"2 minutos\" \/>\n<script type=\"application\/ld+json\" class=\"yoast-schema-graph\">{\"@context\":\"https:\/\/schema.org\",\"@graph\":[{\"@type\":\"WebPage\",\"@id\":\"https:\/\/tourtravelandmore.com\/es\/tours\/italia-es\/bolonia-es\/tour-privado-a-pie-de-bologna-con-guia-oficial-privado\/\",\"url\":\"https:\/\/tourtravelandmore.com\/es\/tours\/italia-es\/bolonia-es\/tour-privado-a-pie-de-bologna-con-guia-oficial-privado\/\",\"name\":\"Recorrido Privado a pie por Bolonia | Tour Travel & More\",\"isPartOf\":{\"@id\":\"https:\/\/tourtravelandmore.com\/es\/#website\"},\"primaryImageOfPage\":{\"@id\":\"https:\/\/tourtravelandmore.com\/es\/tours\/italia-es\/bolonia-es\/tour-privado-a-pie-de-bologna-con-guia-oficial-privado\/#primaryimage\"},\"image\":{\"@id\":\"https:\/\/tourtravelandmore.com\/es\/tours\/italia-es\/bolonia-es\/tour-privado-a-pie-de-bologna-con-guia-oficial-privado\/#primaryimage\"},\"thumbnailUrl\":\"https:\/\/tourtravelandmore.com\/wp-content\/uploads\/2018\/04\/bologna-1-1.jpg\",\"datePublished\":\"2018-04-05T13:24:12+00:00\",\"dateModified\":\"2022-04-15T09:27:25+00:00\",\"description\":\"Disfrute de este Recorrido Privado a pie por Bolonia y conozca en profundidad la ciudad junto a su gu\u00eda \u2705\",\"breadcrumb\":{\"@id\":\"https:\/\/tourtravelandmore.com\/es\/tours\/italia-es\/bolonia-es\/tour-privado-a-pie-de-bologna-con-guia-oficial-privado\/#breadcrumb\"},\"inLanguage\":\"es\",\"potentialAction\":[{\"@type\":\"ReadAction\",\"target\":[\"https:\/\/tourtravelandmore.com\/es\/tours\/italia-es\/bolonia-es\/tour-privado-a-pie-de-bologna-con-guia-oficial-privado\/\"]}]},{\"@type\":\"ImageObject\",\"inLanguage\":\"es\",\"@id\":\"https:\/\/tourtravelandmore.com\/es\/tours\/italia-es\/bolonia-es\/tour-privado-a-pie-de-bologna-con-guia-oficial-privado\/#primaryimage\",\"url\":\"https:\/\/tourtravelandmore.com\/wp-content\/uploads\/2018\/04\/bologna-1-1.jpg\",\"contentUrl\":\"https:\/\/tourtravelandmore.com\/wp-content\/uploads\/2018\/04\/bologna-1-1.jpg\",\"width\":2048,\"height\":1536},{\"@type\":\"BreadcrumbList\",\"@id\":\"https:\/\/tourtravelandmore.com\/es\/tours\/italia-es\/bolonia-es\/tour-privado-a-pie-de-bologna-con-guia-oficial-privado\/#breadcrumb\",\"itemListElement\":[{\"@type\":\"ListItem\",\"position\":1,\"name\":\"Home\",\"item\":\"https:\/\/tourtravelandmore.com\/es\/\"},{\"@type\":\"ListItem\",\"position\":2,\"name\":\"Tours\",\"item\":\"https:\/\/tourtravelandmore.com\/es\/tours\/\"},{\"@type\":\"ListItem\",\"position\":3,\"name\":\"Recorrido privado a pie por Bolonia\"}]},{\"@type\":\"WebSite\",\"@id\":\"https:\/\/tourtravelandmore.com\/es\/#website\",\"url\":\"https:\/\/tourtravelandmore.com\/es\/\",\"name\":\"Tour Travel And More\",\"description\":\"Private sightseeing tours and luxury transfers in Spain\",\"publisher\":{\"@id\":\"https:\/\/tourtravelandmore.com\/es\/#organization\"},\"potentialAction\":[{\"@type\":\"SearchAction\",\"target\":{\"@type\":\"EntryPoint\",\"urlTemplate\":\"https:\/\/tourtravelandmore.com\/es\/?s={search_term_string}\"},\"query-input\":{\"@type\":\"PropertyValueSpecification\",\"valueRequired\":true,\"valueName\":\"search_term_string\"}}],\"inLanguage\":\"es\"},{\"@type\":\"Organization\",\"@id\":\"https:\/\/tourtravelandmore.com\/es\/#organization\",\"name\":\"Tour Travel And More\",\"url\":\"https:\/\/tourtravelandmore.com\/es\/\",\"logo\":{\"@type\":\"ImageObject\",\"inLanguage\":\"es\",\"@id\":\"https:\/\/tourtravelandmore.com\/es\/#\/schema\/logo\/image\/\",\"url\":\"https:\/\/tourtravelandmore.com\/wp-content\/uploads\/2022\/12\/cropped-logo-cabecera-new.png\",\"contentUrl\":\"https:\/\/tourtravelandmore.com\/wp-content\/uploads\/2022\/12\/cropped-logo-cabecera-new.png\",\"width\":430,\"height\":61,\"caption\":\"Tour Travel And More\"},\"image\":{\"@id\":\"https:\/\/tourtravelandmore.com\/es\/#\/schema\/logo\/image\/\"},\"sameAs\":[\"https:\/\/www.facebook.com\/tourtravelandmore\/\",\"https:\/\/x.com\/TourTravel_More\"]}]}<\/script>\n<!-- \/ Yoast SEO Premium plugin. -->","yoast_head_json":{"title":"Recorrido Privado a pie por Bolonia | Tour Travel & More","description":"Disfrute de este Recorrido Privado a pie por Bolonia y conozca en profundidad la ciudad junto a su gu\u00eda \u2705","robots":{"index":"index","follow":"follow","max-snippet":"max-snippet:-1","max-image-preview":"max-image-preview:large","max-video-preview":"max-video-preview:-1"},"canonical":"https:\/\/tourtravelandmore.com\/es\/tours\/italia-es\/bolonia-es\/tour-privado-a-pie-de-bologna-con-guia-oficial-privado\/","og_locale":"es_ES","og_type":"article","og_title":"Recorrido privado a pie por Bolonia","og_description":"Disfrute de este Recorrido Privado a pie por Bolonia y conozca en profundidad la ciudad junto a su gu\u00eda \u2705","og_url":"https:\/\/tourtravelandmore.com\/es\/tours\/italia-es\/bolonia-es\/tour-privado-a-pie-de-bologna-con-guia-oficial-privado\/","og_site_name":"Tour Travel And More","article_publisher":"https:\/\/www.facebook.com\/tourtravelandmore\/","article_modified_time":"2022-04-15T09:27:25+00:00","og_image":[{"width":2048,"height":1536,"url":"https:\/\/tourtravelandmore.com\/wp-content\/uploads\/2018\/04\/bologna-1-1.jpg","type":"image\/jpeg"}],"twitter_card":"summary_large_image","twitter_site":"@TourTravel_More","twitter_misc":{"Tiempo de lectura":"2 minutos"},"schema":{"@context":"https:\/\/schema.org","@graph":[{"@type":"WebPage","@id":"https:\/\/tourtravelandmore.com\/es\/tours\/italia-es\/bolonia-es\/tour-privado-a-pie-de-bologna-con-guia-oficial-privado\/","url":"https:\/\/tourtravelandmore.com\/es\/tours\/italia-es\/bolonia-es\/tour-privado-a-pie-de-bologna-con-guia-oficial-privado\/","name":"Recorrido Privado a pie por Bolonia | Tour Travel & More","isPartOf":{"@id":"https:\/\/tourtravelandmore.com\/es\/#website"},"primaryImageOfPage":{"@id":"https:\/\/tourtravelandmore.com\/es\/tours\/italia-es\/bolonia-es\/tour-privado-a-pie-de-bologna-con-guia-oficial-privado\/#primaryimage"},"image":{"@id":"https:\/\/tourtravelandmore.com\/es\/tours\/italia-es\/bolonia-es\/tour-privado-a-pie-de-bologna-con-guia-oficial-privado\/#primaryimage"},"thumbnailUrl":"https:\/\/tourtravelandmore.com\/wp-content\/uploads\/2018\/04\/bologna-1-1.jpg","datePublished":"2018-04-05T13:24:12+00:00","dateModified":"2022-04-15T09:27:25+00:00","description":"Disfrute de este Recorrido Privado a pie por Bolonia y conozca en profundidad la ciudad junto a su gu\u00eda \u2705","breadcrumb":{"@id":"https:\/\/tourtravelandmore.com\/es\/tours\/italia-es\/bolonia-es\/tour-privado-a-pie-de-bologna-con-guia-oficial-privado\/#breadcrumb"},"inLanguage":"es","potentialAction":[{"@type":"ReadAction","target":["https:\/\/tourtravelandmore.com\/es\/tours\/italia-es\/bolonia-es\/tour-privado-a-pie-de-bologna-con-guia-oficial-privado\/"]}]},{"@type":"ImageObject","inLanguage":"es","@id":"https:\/\/tourtravelandmore.com\/es\/tours\/italia-es\/bolonia-es\/tour-privado-a-pie-de-bologna-con-guia-oficial-privado\/#primaryimage","url":"https:\/\/tourtravelandmore.com\/wp-content\/uploads\/2018\/04\/bologna-1-1.jpg","contentUrl":"https:\/\/tourtravelandmore.com\/wp-content\/uploads\/2018\/04\/bologna-1-1.jpg","width":2048,"height":1536},{"@type":"BreadcrumbList","@id":"https:\/\/tourtravelandmore.com\/es\/tours\/italia-es\/bolonia-es\/tour-privado-a-pie-de-bologna-con-guia-oficial-privado\/#breadcrumb","itemListElement":[{"@type":"ListItem","position":1,"name":"Home","item":"https:\/\/tourtravelandmore.com\/es\/"},{"@type":"ListItem","position":2,"name":"Tours","item":"https:\/\/tourtravelandmore.com\/es\/tours\/"},{"@type":"ListItem","position":3,"name":"Recorrido privado a pie por Bolonia"}]},{"@type":"WebSite","@id":"https:\/\/tourtravelandmore.com\/es\/#website","url":"https:\/\/tourtravelandmore.com\/es\/","name":"Tour Travel And More","description":"Private sightseeing tours and luxury transfers in Spain","publisher":{"@id":"https:\/\/tourtravelandmore.com\/es\/#organization"},"potentialAction":[{"@type":"SearchAction","target":{"@type":"EntryPoint","urlTemplate":"https:\/\/tourtravelandmore.com\/es\/?s={search_term_string}"},"query-input":{"@type":"PropertyValueSpecification","valueRequired":true,"valueName":"search_term_string"}}],"inLanguage":"es"},{"@type":"Organization","@id":"https:\/\/tourtravelandmore.com\/es\/#organization","name":"Tour Travel And More","url":"https:\/\/tourtravelandmore.com\/es\/","logo":{"@type":"ImageObject","inLanguage":"es","@id":"https:\/\/tourtravelandmore.com\/es\/#\/schema\/logo\/image\/","url":"https:\/\/tourtravelandmore.com\/wp-content\/uploads\/2022\/12\/cropped-logo-cabecera-new.png","contentUrl":"https:\/\/tourtravelandmore.com\/wp-content\/uploads\/2022\/12\/cropped-logo-cabecera-new.png","width":430,"height":61,"caption":"Tour Travel And More"},"image":{"@id":"https:\/\/tourtravelandmore.com\/es\/#\/schema\/logo\/image\/"},"sameAs":["https:\/\/www.facebook.com\/tourtravelandmore\/","https:\/\/x.com\/TourTravel_More"]}]}},"_links":{"self":[{"href":"https:\/\/tourtravelandmore.com\/es\/wp-json\/wp\/v2\/product\/20037","targetHints":{"allow":["GET"]}}],"collection":[{"href":"https:\/\/tourtravelandmore.com\/es\/wp-json\/wp\/v2\/product"}],"about":[{"href":"https:\/\/tourtravelandmore.com\/es\/wp-json\/wp\/v2\/types\/product"}],"replies":[{"embeddable":true,"href":"https:\/\/tourtravelandmore.com\/es\/wp-json\/wp\/v2\/comments?post=20037"}],"wp:featuredmedia":[{"embeddable":true,"href":"https:\/\/tourtravelandmore.com\/es\/wp-json\/wp\/v2\/media\/80711"}],"wp:attachment":[{"href":"https:\/\/tourtravelandmore.com\/es\/wp-json\/wp\/v2\/media?parent=20037"}],"wp:term":[{"taxonomy":"product_brand","embeddable":true,"href":"https:\/\/tourtravelandmore.com\/es\/wp-json\/wp\/v2\/product_brand?post=20037"},{"taxonomy":"product_cat","embeddable":true,"href":"https:\/\/tourtravelandmore.com\/es\/wp-json\/wp\/v2\/product_cat?post=20037"},{"taxonomy":"product_tag","embeddable":true,"href":"https:\/\/tourtravelandmore.com\/es\/wp-json\/wp\/v2\/product_tag?post=20037"}],"curies":[{"name":"wp","href":"https:\/\/api.w.org\/{rel}","templated":true}]}}