{"id":20022,"date":"2018-04-05T14:25:33","date_gmt":"2018-04-05T12:25:35","guid":{"rendered":"http:\/\/tourtravelandmore.com\/es\/tours\/uncategorized\/tour-privado-a-pie-de-verona-con-guia-oficial-privado\/"},"modified":"2023-07-24T10:45:47","modified_gmt":"2023-07-24T08:45:47","slug":"tour-privado-a-pie-de-verona-con-guia-oficial-privado","status":"publish","type":"product","link":"https:\/\/tourtravelandmore.com\/es\/tours\/italia-es\/verona-es\/tour-privado-a-pie-de-verona-con-guia-oficial-privado\/","title":{"rendered":"Tour Privado a pie por Verona"},"content":{"rendered":"<h2><b>Descripci\u00f3n del Tour Privado a Pie de Verona<\/b><\/h2>\n<p><span style=\"font-weight: 400;\">Sum\u00e9rjase en el cautivador encanto de Verona, una ciudad repleta de tesoros hist\u00f3ricos, maravillas arquitect\u00f3nicas y un ambiente encantador que respira vida en cada callej\u00f3n y plaza. Tour Travel and More le invita a participar en un recorrido privado a pie de 2,5 horas meticulosamente dise\u00f1ado que recorre las laber\u00ednticas calles y las amplias plazas de esta extraordinaria ciudad.<\/span><\/p>\n<p><span style=\"font-weight: 400;\">Con la ayuda de un gu\u00eda local experto, tendr\u00e1 la oportunidad de profundizar en el pasado de Verona, comprender su presente y vislumbrar su futuro. Esta ciudad, que se recuerda con cari\u00f1o como el escenario de la desgarradora tragedia de Shakespeare, &#8220;Romeo y Julieta&#8221;, le abrir\u00e1 su coraz\u00f3n, revel\u00e1ndole historias fascinantes, vistas fascinantes y ofreci\u00e9ndole una experiencia genuina de su rica cultura e ilustre historia.<\/span><\/p>\n<h2><b>Puntos de inter\u00e9s del recorrido privado a pie por Verona<\/b><\/h2>\n<ul>\n<li style=\"font-weight: 400;\" aria-level=\"1\"><b>Arena de Verona:<\/b><span style=\"font-weight: 400;\"> Su viaje comienza en la Arena de Verona, un colosal anfiteatro romano que es testimonio de la grandeza hist\u00f3rica de la ciudad. Esta impresionante estructura, la tercera m\u00e1s grande de Italia en su g\u00e9nero, era el escenario de las batallas de gladiadores y los espect\u00e1culos p\u00fablicos que cautivaban a las masas. Ahora, se ha reconvertido en un gran teatro de \u00f3pera, donde las representaciones al aire libre transportan a los espectadores atr\u00e1s en el tiempo, aumentando su apreciaci\u00f3n de las artes atemporales.<\/span><\/li>\n<li style=\"font-weight: 400;\" aria-level=\"1\"><b>La casa de Julieta:<\/b><span style=\"font-weight: 400;\"> Siguiendo los pasos de los amantes de Shakespeare, visitar\u00e1 la Casa de Julieta. Se cree que aqu\u00ed tuvo lugar la famosa escena del balc\u00f3n de la tr\u00e1gica historia. M\u00e1s all\u00e1 de su asociaci\u00f3n rom\u00e1ntica, esta casa de estilo g\u00f3tico del siglo XIV ofrece una fascinante visi\u00f3n de la vida dom\u00e9stica medieval, con sus pasillos cubiertos de frescos y muebles de \u00e9poca.<\/span><\/li>\n<li style=\"font-weight: 400;\" aria-level=\"1\"><b>Plaza de las Erbas:<\/b><span style=\"font-weight: 400;\"> Si se dirige hacia la Piazza delle Erbe, se encontrar\u00e1 en la animada plaza del mercado de la ciudad, que en su d\u00eda fue el foro romano. Entre las estructuras m\u00e1s destacadas que adornan este vibrante espacio se encuentran las Casas Mazzanti, adornadas con frescos renacentistas, y el Palazzo Maffei, de estilo barroco, que muestra una gran variedad de estilos arquitect\u00f3nicos.<\/span><\/li>\n<li style=\"font-weight: 400;\" aria-level=\"1\"><b>Castelvecchio:<\/b><span style=\"font-weight: 400;\"> Su viaje contin\u00faa hacia Castelvecchio, una impresionante fortaleza medieval que demuestra el poder militar de Verona durante la Edad Media. El castillo alberga el Museo de Castelvecchio, una extraordinaria colecci\u00f3n de arte europeo que abarca varios siglos. El jard\u00edn de esculturas, los frescos y las armas medievales expuestas ofrecen una visi\u00f3n en profundidad del pasado de Verona.<\/span><\/li>\n<li style=\"font-weight: 400;\" aria-level=\"1\"><b>Ponte Pietra:<\/b><span style=\"font-weight: 400;\"> Como colof\u00f3n a su exploraci\u00f3n, visitar\u00e1 Ponte Pietra, el puente m\u00e1s antiguo de Verona. La impresionante vista que ofrece del paisaje urbano y del r\u00edo Adigio es incomparable. Sus elementos arquitect\u00f3nicos romanos y medievales subrayan la resistencia de Verona y la riqueza de su historia.<\/span><\/li>\n<\/ul>\n<p><span style=\"font-weight: 400;\">Descubrir Verona a pie le permitir\u00e1 conocer de cerca su esp\u00edritu y le proporcionar\u00e1 una perspectiva llena de matices que supera con creces la mirada superficial del turista ocasional. Deje que Tour Travel and More le gu\u00ede a trav\u00e9s de esta encantadora ciudad con nuestro exclusivo Tour Privado a Pie de Verona. <\/span><a href=\"https:\/\/tourtravelandmore.com\/es\/ciudad\/italia-es\/verona-es\/\"><span style=\"font-weight: 400;\">Consulte nuestra lista detallada de tours privados en Tour Travel and More y seleccione la experiencia que mejor se ajuste a sus intereses y preferencias.<\/span><\/a><\/p>\n","protected":false},"excerpt":{"rendered":"<p><span style=\"font-weight: 400;\">Descubra el encanto y las capas hist\u00f3ricas de Verona con un recorrido privado a pie. Avent\u00farese por el coraz\u00f3n de la ciudad, marav\u00edllese ante las magn\u00edficas estructuras medievales y sum\u00e9rjase en el rom\u00e1ntico ambiente de la ciudad de Romeo y Julieta con Tour Travel and More<\/span><\/p>\n","protected":false},"featured_media":83548,"comment_status":"open","ping_status":"closed","template":"","meta":{"_acf_changed":false},"product_brand":[],"product_cat":[702,708,732],"product_tag":[],"class_list":{"0":"post-20022","1":"product","2":"type-product","3":"status-publish","4":"has-post-thumbnail","6":"product_cat-verona-es","7":"product_cat-verona-actividades-es","8":"product_cat-verona-tours-privados-pie-es","10":"first","11":"instock","12":"shipping-taxable","13":"purchasable","14":"product-type-simple"},"acf":[],"yoast_head":"<!-- This site is optimized with the Yoast SEO Premium plugin v25.3.1 (Yoast SEO v25.3.1) - https:\/\/yoast.com\/wordpress\/plugins\/seo\/ -->\n<title>Tour privado a pie por Verona con gu\u00eda oficial privado | Tour Travel &amp; More<\/title>\n<meta name=\"description\" content=\"Disfrute y conozca en profundidad la ciudad de Verona junto a su gu\u00eda oficial privado. Visite la casa de Julieta y el hist\u00f3rico anfiteatro romano \u2705\" \/>\n<meta name=\"robots\" content=\"index, follow, max-snippet:-1, max-image-preview:large, max-video-preview:-1\" \/>\n<link rel=\"canonical\" href=\"https:\/\/tourtravelandmore.com\/es\/tours\/italia-es\/verona-es\/tour-privado-a-pie-de-verona-con-guia-oficial-privado\/\" \/>\n<meta property=\"og:locale\" content=\"es_ES\" \/>\n<meta property=\"og:type\" content=\"article\" \/>\n<meta property=\"og:title\" content=\"Tour Privado a pie por Verona\" \/>\n<meta property=\"og:description\" content=\"Disfrute y conozca en profundidad la ciudad de Verona junto a su gu\u00eda oficial privado. Visite la casa de Julieta y el hist\u00f3rico anfiteatro romano \u2705\" \/>\n<meta property=\"og:url\" content=\"https:\/\/tourtravelandmore.com\/es\/tours\/italia-es\/verona-es\/tour-privado-a-pie-de-verona-con-guia-oficial-privado\/\" \/>\n<meta property=\"og:site_name\" content=\"Tour Travel And More\" \/>\n<meta property=\"article:publisher\" content=\"https:\/\/www.facebook.com\/tourtravelandmore\/\" \/>\n<meta property=\"article:modified_time\" content=\"2023-07-24T08:45:47+00:00\" \/>\n<meta property=\"og:image\" content=\"https:\/\/tourtravelandmore.com\/wp-content\/uploads\/2018\/04\/verona-3-1.jpg\" \/>\n\t<meta property=\"og:image:width\" content=\"1280\" \/>\n\t<meta property=\"og:image:height\" content=\"856\" \/>\n\t<meta property=\"og:image:type\" content=\"image\/jpeg\" \/>\n<meta name=\"twitter:card\" content=\"summary_large_image\" \/>\n<meta name=\"twitter:site\" content=\"@TourTravel_More\" \/>\n<meta name=\"twitter:label1\" content=\"Tiempo de lectura\" \/>\n\t<meta name=\"twitter:data1\" content=\"3 minutos\" \/>\n<script type=\"application\/ld+json\" class=\"yoast-schema-graph\">{\"@context\":\"https:\/\/schema.org\",\"@graph\":[{\"@type\":\"WebPage\",\"@id\":\"https:\/\/tourtravelandmore.com\/es\/tours\/italia-es\/verona-es\/tour-privado-a-pie-de-verona-con-guia-oficial-privado\/\",\"url\":\"https:\/\/tourtravelandmore.com\/es\/tours\/italia-es\/verona-es\/tour-privado-a-pie-de-verona-con-guia-oficial-privado\/\",\"name\":\"Tour privado a pie por Verona con gu\u00eda oficial privado | Tour Travel & More\",\"isPartOf\":{\"@id\":\"https:\/\/tourtravelandmore.com\/es\/#website\"},\"primaryImageOfPage\":{\"@id\":\"https:\/\/tourtravelandmore.com\/es\/tours\/italia-es\/verona-es\/tour-privado-a-pie-de-verona-con-guia-oficial-privado\/#primaryimage\"},\"image\":{\"@id\":\"https:\/\/tourtravelandmore.com\/es\/tours\/italia-es\/verona-es\/tour-privado-a-pie-de-verona-con-guia-oficial-privado\/#primaryimage\"},\"thumbnailUrl\":\"https:\/\/tourtravelandmore.com\/wp-content\/uploads\/2018\/04\/verona-3-1.jpg\",\"datePublished\":\"2018-04-05T12:25:35+00:00\",\"dateModified\":\"2023-07-24T08:45:47+00:00\",\"description\":\"Disfrute y conozca en profundidad la ciudad de Verona junto a su gu\u00eda oficial privado. Visite la casa de Julieta y el hist\u00f3rico anfiteatro romano \u2705\",\"breadcrumb\":{\"@id\":\"https:\/\/tourtravelandmore.com\/es\/tours\/italia-es\/verona-es\/tour-privado-a-pie-de-verona-con-guia-oficial-privado\/#breadcrumb\"},\"inLanguage\":\"es\",\"potentialAction\":[{\"@type\":\"ReadAction\",\"target\":[\"https:\/\/tourtravelandmore.com\/es\/tours\/italia-es\/verona-es\/tour-privado-a-pie-de-verona-con-guia-oficial-privado\/\"]}]},{\"@type\":\"ImageObject\",\"inLanguage\":\"es\",\"@id\":\"https:\/\/tourtravelandmore.com\/es\/tours\/italia-es\/verona-es\/tour-privado-a-pie-de-verona-con-guia-oficial-privado\/#primaryimage\",\"url\":\"https:\/\/tourtravelandmore.com\/wp-content\/uploads\/2018\/04\/verona-3-1.jpg\",\"contentUrl\":\"https:\/\/tourtravelandmore.com\/wp-content\/uploads\/2018\/04\/verona-3-1.jpg\",\"width\":1280,\"height\":856},{\"@type\":\"BreadcrumbList\",\"@id\":\"https:\/\/tourtravelandmore.com\/es\/tours\/italia-es\/verona-es\/tour-privado-a-pie-de-verona-con-guia-oficial-privado\/#breadcrumb\",\"itemListElement\":[{\"@type\":\"ListItem\",\"position\":1,\"name\":\"Home\",\"item\":\"https:\/\/tourtravelandmore.com\/es\/\"},{\"@type\":\"ListItem\",\"position\":2,\"name\":\"Tours\",\"item\":\"https:\/\/tourtravelandmore.com\/es\/tours\/\"},{\"@type\":\"ListItem\",\"position\":3,\"name\":\"Tour Privado a pie por Verona\"}]},{\"@type\":\"WebSite\",\"@id\":\"https:\/\/tourtravelandmore.com\/es\/#website\",\"url\":\"https:\/\/tourtravelandmore.com\/es\/\",\"name\":\"Tour Travel And More\",\"description\":\"Private sightseeing tours and luxury transfers in Spain\",\"publisher\":{\"@id\":\"https:\/\/tourtravelandmore.com\/es\/#organization\"},\"potentialAction\":[{\"@type\":\"SearchAction\",\"target\":{\"@type\":\"EntryPoint\",\"urlTemplate\":\"https:\/\/tourtravelandmore.com\/es\/?s={search_term_string}\"},\"query-input\":{\"@type\":\"PropertyValueSpecification\",\"valueRequired\":true,\"valueName\":\"search_term_string\"}}],\"inLanguage\":\"es\"},{\"@type\":\"Organization\",\"@id\":\"https:\/\/tourtravelandmore.com\/es\/#organization\",\"name\":\"Tour Travel And More\",\"url\":\"https:\/\/tourtravelandmore.com\/es\/\",\"logo\":{\"@type\":\"ImageObject\",\"inLanguage\":\"es\",\"@id\":\"https:\/\/tourtravelandmore.com\/es\/#\/schema\/logo\/image\/\",\"url\":\"https:\/\/tourtravelandmore.com\/wp-content\/uploads\/2022\/12\/cropped-logo-cabecera-new.png\",\"contentUrl\":\"https:\/\/tourtravelandmore.com\/wp-content\/uploads\/2022\/12\/cropped-logo-cabecera-new.png\",\"width\":430,\"height\":61,\"caption\":\"Tour Travel And More\"},\"image\":{\"@id\":\"https:\/\/tourtravelandmore.com\/es\/#\/schema\/logo\/image\/\"},\"sameAs\":[\"https:\/\/www.facebook.com\/tourtravelandmore\/\",\"https:\/\/x.com\/TourTravel_More\"]}]}<\/script>\n<!-- \/ Yoast SEO Premium plugin. -->","yoast_head_json":{"title":"Tour privado a pie por Verona con gu\u00eda oficial privado | Tour Travel & More","description":"Disfrute y conozca en profundidad la ciudad de Verona junto a su gu\u00eda oficial privado. Visite la casa de Julieta y el hist\u00f3rico anfiteatro romano \u2705","robots":{"index":"index","follow":"follow","max-snippet":"max-snippet:-1","max-image-preview":"max-image-preview:large","max-video-preview":"max-video-preview:-1"},"canonical":"https:\/\/tourtravelandmore.com\/es\/tours\/italia-es\/verona-es\/tour-privado-a-pie-de-verona-con-guia-oficial-privado\/","og_locale":"es_ES","og_type":"article","og_title":"Tour Privado a pie por Verona","og_description":"Disfrute y conozca en profundidad la ciudad de Verona junto a su gu\u00eda oficial privado. Visite la casa de Julieta y el hist\u00f3rico anfiteatro romano \u2705","og_url":"https:\/\/tourtravelandmore.com\/es\/tours\/italia-es\/verona-es\/tour-privado-a-pie-de-verona-con-guia-oficial-privado\/","og_site_name":"Tour Travel And More","article_publisher":"https:\/\/www.facebook.com\/tourtravelandmore\/","article_modified_time":"2023-07-24T08:45:47+00:00","og_image":[{"width":1280,"height":856,"url":"https:\/\/tourtravelandmore.com\/wp-content\/uploads\/2018\/04\/verona-3-1.jpg","type":"image\/jpeg"}],"twitter_card":"summary_large_image","twitter_site":"@TourTravel_More","twitter_misc":{"Tiempo de lectura":"3 minutos"},"schema":{"@context":"https:\/\/schema.org","@graph":[{"@type":"WebPage","@id":"https:\/\/tourtravelandmore.com\/es\/tours\/italia-es\/verona-es\/tour-privado-a-pie-de-verona-con-guia-oficial-privado\/","url":"https:\/\/tourtravelandmore.com\/es\/tours\/italia-es\/verona-es\/tour-privado-a-pie-de-verona-con-guia-oficial-privado\/","name":"Tour privado a pie por Verona con gu\u00eda oficial privado | Tour Travel & More","isPartOf":{"@id":"https:\/\/tourtravelandmore.com\/es\/#website"},"primaryImageOfPage":{"@id":"https:\/\/tourtravelandmore.com\/es\/tours\/italia-es\/verona-es\/tour-privado-a-pie-de-verona-con-guia-oficial-privado\/#primaryimage"},"image":{"@id":"https:\/\/tourtravelandmore.com\/es\/tours\/italia-es\/verona-es\/tour-privado-a-pie-de-verona-con-guia-oficial-privado\/#primaryimage"},"thumbnailUrl":"https:\/\/tourtravelandmore.com\/wp-content\/uploads\/2018\/04\/verona-3-1.jpg","datePublished":"2018-04-05T12:25:35+00:00","dateModified":"2023-07-24T08:45:47+00:00","description":"Disfrute y conozca en profundidad la ciudad de Verona junto a su gu\u00eda oficial privado. Visite la casa de Julieta y el hist\u00f3rico anfiteatro romano \u2705","breadcrumb":{"@id":"https:\/\/tourtravelandmore.com\/es\/tours\/italia-es\/verona-es\/tour-privado-a-pie-de-verona-con-guia-oficial-privado\/#breadcrumb"},"inLanguage":"es","potentialAction":[{"@type":"ReadAction","target":["https:\/\/tourtravelandmore.com\/es\/tours\/italia-es\/verona-es\/tour-privado-a-pie-de-verona-con-guia-oficial-privado\/"]}]},{"@type":"ImageObject","inLanguage":"es","@id":"https:\/\/tourtravelandmore.com\/es\/tours\/italia-es\/verona-es\/tour-privado-a-pie-de-verona-con-guia-oficial-privado\/#primaryimage","url":"https:\/\/tourtravelandmore.com\/wp-content\/uploads\/2018\/04\/verona-3-1.jpg","contentUrl":"https:\/\/tourtravelandmore.com\/wp-content\/uploads\/2018\/04\/verona-3-1.jpg","width":1280,"height":856},{"@type":"BreadcrumbList","@id":"https:\/\/tourtravelandmore.com\/es\/tours\/italia-es\/verona-es\/tour-privado-a-pie-de-verona-con-guia-oficial-privado\/#breadcrumb","itemListElement":[{"@type":"ListItem","position":1,"name":"Home","item":"https:\/\/tourtravelandmore.com\/es\/"},{"@type":"ListItem","position":2,"name":"Tours","item":"https:\/\/tourtravelandmore.com\/es\/tours\/"},{"@type":"ListItem","position":3,"name":"Tour Privado a pie por Verona"}]},{"@type":"WebSite","@id":"https:\/\/tourtravelandmore.com\/es\/#website","url":"https:\/\/tourtravelandmore.com\/es\/","name":"Tour Travel And More","description":"Private sightseeing tours and luxury transfers in Spain","publisher":{"@id":"https:\/\/tourtravelandmore.com\/es\/#organization"},"potentialAction":[{"@type":"SearchAction","target":{"@type":"EntryPoint","urlTemplate":"https:\/\/tourtravelandmore.com\/es\/?s={search_term_string}"},"query-input":{"@type":"PropertyValueSpecification","valueRequired":true,"valueName":"search_term_string"}}],"inLanguage":"es"},{"@type":"Organization","@id":"https:\/\/tourtravelandmore.com\/es\/#organization","name":"Tour Travel And More","url":"https:\/\/tourtravelandmore.com\/es\/","logo":{"@type":"ImageObject","inLanguage":"es","@id":"https:\/\/tourtravelandmore.com\/es\/#\/schema\/logo\/image\/","url":"https:\/\/tourtravelandmore.com\/wp-content\/uploads\/2022\/12\/cropped-logo-cabecera-new.png","contentUrl":"https:\/\/tourtravelandmore.com\/wp-content\/uploads\/2022\/12\/cropped-logo-cabecera-new.png","width":430,"height":61,"caption":"Tour Travel And More"},"image":{"@id":"https:\/\/tourtravelandmore.com\/es\/#\/schema\/logo\/image\/"},"sameAs":["https:\/\/www.facebook.com\/tourtravelandmore\/","https:\/\/x.com\/TourTravel_More"]}]}},"_links":{"self":[{"href":"https:\/\/tourtravelandmore.com\/es\/wp-json\/wp\/v2\/product\/20022","targetHints":{"allow":["GET"]}}],"collection":[{"href":"https:\/\/tourtravelandmore.com\/es\/wp-json\/wp\/v2\/product"}],"about":[{"href":"https:\/\/tourtravelandmore.com\/es\/wp-json\/wp\/v2\/types\/product"}],"replies":[{"embeddable":true,"href":"https:\/\/tourtravelandmore.com\/es\/wp-json\/wp\/v2\/comments?post=20022"}],"wp:featuredmedia":[{"embeddable":true,"href":"https:\/\/tourtravelandmore.com\/es\/wp-json\/wp\/v2\/media\/83548"}],"wp:attachment":[{"href":"https:\/\/tourtravelandmore.com\/es\/wp-json\/wp\/v2\/media?parent=20022"}],"wp:term":[{"taxonomy":"product_brand","embeddable":true,"href":"https:\/\/tourtravelandmore.com\/es\/wp-json\/wp\/v2\/product_brand?post=20022"},{"taxonomy":"product_cat","embeddable":true,"href":"https:\/\/tourtravelandmore.com\/es\/wp-json\/wp\/v2\/product_cat?post=20022"},{"taxonomy":"product_tag","embeddable":true,"href":"https:\/\/tourtravelandmore.com\/es\/wp-json\/wp\/v2\/product_tag?post=20022"}],"curies":[{"name":"wp","href":"https:\/\/api.w.org\/{rel}","templated":true}]}}