{"id":20000,"date":"2018-04-05T12:23:46","date_gmt":"2018-04-05T10:23:48","guid":{"rendered":"http:\/\/tourtravelandmore.com\/es\/tours\/venecia-es\/paseo-privado-gondola-venecia\/"},"modified":"2022-06-06T10:47:58","modified_gmt":"2022-06-06T08:47:58","slug":"paseo-privado-en-gondola-en-venecia","status":"publish","type":"product","link":"https:\/\/tourtravelandmore.com\/es\/tours\/italia-es\/venecia-es\/paseo-privado-en-gondola-en-venecia\/","title":{"rendered":"Paseo Privado en G\u00f3ndola por Venecia"},"content":{"rendered":"<h2><strong>Descripci\u00f3n del Paseo Privado en G\u00f3ndola por Venecia<\/strong><\/h2>\n<p>Te ofrecemos la posibilidad de disfrutar de un <strong>Paseo Privado en G\u00f3ndola en Venecia<\/strong> durante 30 minutos (o por m\u00e1s tiempo si lo prefieres).<br \/>\nNuestros paseos en g\u00f3ndola pueden comenzar desde cualquiera de los siguientes muelles: <strong>Bacino Orseolo, Danieli, Dogana, Giglio, Plaza Roma, San Toma\u2019, Accademia, Ferrovia.<\/strong><\/p>\n<p><strong>Venecia<\/strong> es la capital de la regi\u00f3n norte de Veneto. Compuesto por m\u00e1s de 100 peque\u00f1as islas, la ciudad est\u00e1 ubicada en una laguna del mar Adri\u00e1tico. Es una de las ciudades m\u00e1s visitadas de Italia. Todos los a\u00f1os celebran su muy conocido carnaval durante el mes de febrero.<\/p>\n<p>Venecia tiene una historia muy larga e interesante, ha sido gobernada por diferentes familias y grupos (una de las mejores \u00e9pocas de la ciudad fue cuando fue gobernada por los bizantinos).<\/p>\n<p>En caso de que lo prefieras puedes incluir este paseo privado en g\u00f3ndola en Venecia con un <a href=\"https:\/\/tourtravelandmore.com\/es\/tours\/italia-es\/venecia-es\/tour-privado-de-venecia-con-guia-oficial\/\">tour privado a pie por la ciudad<\/a>, \u00a1echa un vistazo!.<\/p>\n<h2><strong>Puntos de inter\u00e9s en el Paseo Privado en G\u00f3ndola por Venecia<\/strong><\/h2>\n<p>Su<strong> gondolero privado<\/strong> lo estar\u00e1 esperando a la hora programada para realizar un paseo de 30 minutos por los canales de Venecia. Puedes elegir el punto de encuentro en cualquiera de los muelles mencionados anteriormente.<\/p>\n<p>Las <a href=\"https:\/\/es.wikipedia.org\/wiki\/G\u00f3ndola_(bote)\">G\u00f3ndolas<\/a> son el icono de la ciudad. Algo que caracteriza a Venecia es que pr\u00e1cticamente no tiene calles, son todos canales, por lo tanto, hay que moverse en g\u00f3ndolas o barcos. Como seguramente ya sabes, los veh\u00edculos no tienen acceso al centro hist\u00f3rico de Venecia.<\/p>\n<p>Con este paseo privado en g\u00f3ndola tendr\u00e1s la posibilidad de conocer Venecia desde otra perspectiva. Pasear\u00e1s por los principales canales de esta ciudad.<\/p>\n<p>Disfrutar\u00e1 de un paseo de 30 minutos en una g\u00f3ndola privada. Un m\u00e1ximo de 6 personas pueden caber en una g\u00f3ndola. El servicio que ofrecemos es completamente privado.<\/p>\n<p>El viaje puede ser m\u00e1s largo en caso de que lo prefieras, tambi\u00e9n podemos darte la posibilidad de un paseo en g\u00f3ndola de una hora.<\/p>\n<p><strong>Al finalizar el paseo, su gondolero privado lo llevar\u00e1 de regreso al muelle de inicio.<\/strong><\/p>\n","protected":false},"excerpt":{"rendered":"<p>Disfrute de un <strong>Paseo Privado en G\u00f3ndola en Venecia<\/strong>.<br \/>\nPodemos gestionar el comienzo del paseo al horario que usted desee. El mismo podr\u00e1 comenzar desde alguno de los siguientes muelles en Venecia: <strong>Bacino Orseolo, Danieli, Dogana, Giglio, Plaza Roma, San Toma\u2019, Accademia, Ferrovia.<\/strong> Pasear\u00e1 por los canales m\u00e1s importantes de esta bell\u00edsima ciudad.<\/p>\n","protected":false},"featured_media":20006,"comment_status":"open","ping_status":"closed","template":"","meta":{"_acf_changed":false},"product_brand":[],"product_cat":[701,707],"product_tag":[],"class_list":{"0":"post-20000","1":"product","2":"type-product","3":"status-publish","4":"has-post-thumbnail","6":"product_cat-venecia-es","7":"product_cat-venecia-actividades-es","9":"first","10":"instock","11":"shipping-taxable","12":"purchasable","13":"product-type-simple"},"acf":[],"yoast_head":"<!-- This site is optimized with the Yoast SEO Premium plugin v25.3.1 (Yoast SEO v25.3.1) - https:\/\/yoast.com\/wordpress\/plugins\/seo\/ -->\n<title>Paseo Privado en G\u00f3ndola en Venecia | Tour Travel &amp; More<\/title>\n<meta name=\"description\" content=\"Disfrutar de un paseo en g\u00f3ndola en Venecia es uno de los sue\u00f1os de cada persona que visita la ciudad. Disfrute de un paseo privado para usted y su grupo \u2705\" \/>\n<meta name=\"robots\" content=\"index, follow, max-snippet:-1, max-image-preview:large, max-video-preview:-1\" \/>\n<link rel=\"canonical\" href=\"https:\/\/tourtravelandmore.com\/es\/tours\/italia-es\/venecia-es\/paseo-privado-en-gondola-en-venecia\/\" \/>\n<meta property=\"og:locale\" content=\"es_ES\" \/>\n<meta property=\"og:type\" content=\"article\" \/>\n<meta property=\"og:title\" content=\"Paseo Privado en G\u00f3ndola por Venecia\" \/>\n<meta property=\"og:description\" content=\"Disfrutar de un paseo en g\u00f3ndola en Venecia es uno de los sue\u00f1os de cada persona que visita la ciudad. Disfrute de un paseo privado para usted y su grupo \u2705\" \/>\n<meta property=\"og:url\" content=\"https:\/\/tourtravelandmore.com\/es\/tours\/italia-es\/venecia-es\/paseo-privado-en-gondola-en-venecia\/\" \/>\n<meta property=\"og:site_name\" content=\"Tour Travel And More\" \/>\n<meta property=\"article:publisher\" content=\"https:\/\/www.facebook.com\/tourtravelandmore\/\" \/>\n<meta property=\"article:modified_time\" content=\"2022-06-06T08:47:58+00:00\" \/>\n<meta property=\"og:image\" content=\"https:\/\/tourtravelandmore.com\/wp-content\/uploads\/2018\/04\/venice-2930427_960_720.jpg\" \/>\n\t<meta property=\"og:image:width\" content=\"960\" \/>\n\t<meta property=\"og:image:height\" content=\"579\" \/>\n\t<meta property=\"og:image:type\" content=\"image\/jpeg\" \/>\n<meta name=\"twitter:card\" content=\"summary_large_image\" \/>\n<meta name=\"twitter:site\" content=\"@TourTravel_More\" \/>\n<meta name=\"twitter:label1\" content=\"Tiempo de lectura\" \/>\n\t<meta name=\"twitter:data1\" content=\"2 minutos\" \/>\n<script type=\"application\/ld+json\" class=\"yoast-schema-graph\">{\"@context\":\"https:\/\/schema.org\",\"@graph\":[{\"@type\":\"WebPage\",\"@id\":\"https:\/\/tourtravelandmore.com\/es\/tours\/italia-es\/venecia-es\/paseo-privado-en-gondola-en-venecia\/\",\"url\":\"https:\/\/tourtravelandmore.com\/es\/tours\/italia-es\/venecia-es\/paseo-privado-en-gondola-en-venecia\/\",\"name\":\"Paseo Privado en G\u00f3ndola en Venecia | Tour Travel & More\",\"isPartOf\":{\"@id\":\"https:\/\/tourtravelandmore.com\/es\/#website\"},\"primaryImageOfPage\":{\"@id\":\"https:\/\/tourtravelandmore.com\/es\/tours\/italia-es\/venecia-es\/paseo-privado-en-gondola-en-venecia\/#primaryimage\"},\"image\":{\"@id\":\"https:\/\/tourtravelandmore.com\/es\/tours\/italia-es\/venecia-es\/paseo-privado-en-gondola-en-venecia\/#primaryimage\"},\"thumbnailUrl\":\"https:\/\/tourtravelandmore.com\/wp-content\/uploads\/2018\/04\/venice-2930427_960_720.jpg\",\"datePublished\":\"2018-04-05T10:23:48+00:00\",\"dateModified\":\"2022-06-06T08:47:58+00:00\",\"description\":\"Disfrutar de un paseo en g\u00f3ndola en Venecia es uno de los sue\u00f1os de cada persona que visita la ciudad. Disfrute de un paseo privado para usted y su grupo \u2705\",\"breadcrumb\":{\"@id\":\"https:\/\/tourtravelandmore.com\/es\/tours\/italia-es\/venecia-es\/paseo-privado-en-gondola-en-venecia\/#breadcrumb\"},\"inLanguage\":\"es\",\"potentialAction\":[{\"@type\":\"ReadAction\",\"target\":[\"https:\/\/tourtravelandmore.com\/es\/tours\/italia-es\/venecia-es\/paseo-privado-en-gondola-en-venecia\/\"]}]},{\"@type\":\"ImageObject\",\"inLanguage\":\"es\",\"@id\":\"https:\/\/tourtravelandmore.com\/es\/tours\/italia-es\/venecia-es\/paseo-privado-en-gondola-en-venecia\/#primaryimage\",\"url\":\"https:\/\/tourtravelandmore.com\/wp-content\/uploads\/2018\/04\/venice-2930427_960_720.jpg\",\"contentUrl\":\"https:\/\/tourtravelandmore.com\/wp-content\/uploads\/2018\/04\/venice-2930427_960_720.jpg\",\"width\":960,\"height\":579},{\"@type\":\"BreadcrumbList\",\"@id\":\"https:\/\/tourtravelandmore.com\/es\/tours\/italia-es\/venecia-es\/paseo-privado-en-gondola-en-venecia\/#breadcrumb\",\"itemListElement\":[{\"@type\":\"ListItem\",\"position\":1,\"name\":\"Home\",\"item\":\"https:\/\/tourtravelandmore.com\/es\/\"},{\"@type\":\"ListItem\",\"position\":2,\"name\":\"Tours\",\"item\":\"https:\/\/tourtravelandmore.com\/es\/tours\/\"},{\"@type\":\"ListItem\",\"position\":3,\"name\":\"Paseo Privado en G\u00f3ndola por Venecia\"}]},{\"@type\":\"WebSite\",\"@id\":\"https:\/\/tourtravelandmore.com\/es\/#website\",\"url\":\"https:\/\/tourtravelandmore.com\/es\/\",\"name\":\"Tour Travel And More\",\"description\":\"Private sightseeing tours and luxury transfers in Spain\",\"publisher\":{\"@id\":\"https:\/\/tourtravelandmore.com\/es\/#organization\"},\"potentialAction\":[{\"@type\":\"SearchAction\",\"target\":{\"@type\":\"EntryPoint\",\"urlTemplate\":\"https:\/\/tourtravelandmore.com\/es\/?s={search_term_string}\"},\"query-input\":{\"@type\":\"PropertyValueSpecification\",\"valueRequired\":true,\"valueName\":\"search_term_string\"}}],\"inLanguage\":\"es\"},{\"@type\":\"Organization\",\"@id\":\"https:\/\/tourtravelandmore.com\/es\/#organization\",\"name\":\"Tour Travel And More\",\"url\":\"https:\/\/tourtravelandmore.com\/es\/\",\"logo\":{\"@type\":\"ImageObject\",\"inLanguage\":\"es\",\"@id\":\"https:\/\/tourtravelandmore.com\/es\/#\/schema\/logo\/image\/\",\"url\":\"https:\/\/tourtravelandmore.com\/wp-content\/uploads\/2022\/12\/cropped-logo-cabecera-new.png\",\"contentUrl\":\"https:\/\/tourtravelandmore.com\/wp-content\/uploads\/2022\/12\/cropped-logo-cabecera-new.png\",\"width\":430,\"height\":61,\"caption\":\"Tour Travel And More\"},\"image\":{\"@id\":\"https:\/\/tourtravelandmore.com\/es\/#\/schema\/logo\/image\/\"},\"sameAs\":[\"https:\/\/www.facebook.com\/tourtravelandmore\/\",\"https:\/\/x.com\/TourTravel_More\"]}]}<\/script>\n<!-- \/ Yoast SEO Premium plugin. -->","yoast_head_json":{"title":"Paseo Privado en G\u00f3ndola en Venecia | Tour Travel & More","description":"Disfrutar de un paseo en g\u00f3ndola en Venecia es uno de los sue\u00f1os de cada persona que visita la ciudad. Disfrute de un paseo privado para usted y su grupo \u2705","robots":{"index":"index","follow":"follow","max-snippet":"max-snippet:-1","max-image-preview":"max-image-preview:large","max-video-preview":"max-video-preview:-1"},"canonical":"https:\/\/tourtravelandmore.com\/es\/tours\/italia-es\/venecia-es\/paseo-privado-en-gondola-en-venecia\/","og_locale":"es_ES","og_type":"article","og_title":"Paseo Privado en G\u00f3ndola por Venecia","og_description":"Disfrutar de un paseo en g\u00f3ndola en Venecia es uno de los sue\u00f1os de cada persona que visita la ciudad. Disfrute de un paseo privado para usted y su grupo \u2705","og_url":"https:\/\/tourtravelandmore.com\/es\/tours\/italia-es\/venecia-es\/paseo-privado-en-gondola-en-venecia\/","og_site_name":"Tour Travel And More","article_publisher":"https:\/\/www.facebook.com\/tourtravelandmore\/","article_modified_time":"2022-06-06T08:47:58+00:00","og_image":[{"width":960,"height":579,"url":"https:\/\/tourtravelandmore.com\/wp-content\/uploads\/2018\/04\/venice-2930427_960_720.jpg","type":"image\/jpeg"}],"twitter_card":"summary_large_image","twitter_site":"@TourTravel_More","twitter_misc":{"Tiempo de lectura":"2 minutos"},"schema":{"@context":"https:\/\/schema.org","@graph":[{"@type":"WebPage","@id":"https:\/\/tourtravelandmore.com\/es\/tours\/italia-es\/venecia-es\/paseo-privado-en-gondola-en-venecia\/","url":"https:\/\/tourtravelandmore.com\/es\/tours\/italia-es\/venecia-es\/paseo-privado-en-gondola-en-venecia\/","name":"Paseo Privado en G\u00f3ndola en Venecia | Tour Travel & More","isPartOf":{"@id":"https:\/\/tourtravelandmore.com\/es\/#website"},"primaryImageOfPage":{"@id":"https:\/\/tourtravelandmore.com\/es\/tours\/italia-es\/venecia-es\/paseo-privado-en-gondola-en-venecia\/#primaryimage"},"image":{"@id":"https:\/\/tourtravelandmore.com\/es\/tours\/italia-es\/venecia-es\/paseo-privado-en-gondola-en-venecia\/#primaryimage"},"thumbnailUrl":"https:\/\/tourtravelandmore.com\/wp-content\/uploads\/2018\/04\/venice-2930427_960_720.jpg","datePublished":"2018-04-05T10:23:48+00:00","dateModified":"2022-06-06T08:47:58+00:00","description":"Disfrutar de un paseo en g\u00f3ndola en Venecia es uno de los sue\u00f1os de cada persona que visita la ciudad. Disfrute de un paseo privado para usted y su grupo \u2705","breadcrumb":{"@id":"https:\/\/tourtravelandmore.com\/es\/tours\/italia-es\/venecia-es\/paseo-privado-en-gondola-en-venecia\/#breadcrumb"},"inLanguage":"es","potentialAction":[{"@type":"ReadAction","target":["https:\/\/tourtravelandmore.com\/es\/tours\/italia-es\/venecia-es\/paseo-privado-en-gondola-en-venecia\/"]}]},{"@type":"ImageObject","inLanguage":"es","@id":"https:\/\/tourtravelandmore.com\/es\/tours\/italia-es\/venecia-es\/paseo-privado-en-gondola-en-venecia\/#primaryimage","url":"https:\/\/tourtravelandmore.com\/wp-content\/uploads\/2018\/04\/venice-2930427_960_720.jpg","contentUrl":"https:\/\/tourtravelandmore.com\/wp-content\/uploads\/2018\/04\/venice-2930427_960_720.jpg","width":960,"height":579},{"@type":"BreadcrumbList","@id":"https:\/\/tourtravelandmore.com\/es\/tours\/italia-es\/venecia-es\/paseo-privado-en-gondola-en-venecia\/#breadcrumb","itemListElement":[{"@type":"ListItem","position":1,"name":"Home","item":"https:\/\/tourtravelandmore.com\/es\/"},{"@type":"ListItem","position":2,"name":"Tours","item":"https:\/\/tourtravelandmore.com\/es\/tours\/"},{"@type":"ListItem","position":3,"name":"Paseo Privado en G\u00f3ndola por Venecia"}]},{"@type":"WebSite","@id":"https:\/\/tourtravelandmore.com\/es\/#website","url":"https:\/\/tourtravelandmore.com\/es\/","name":"Tour Travel And More","description":"Private sightseeing tours and luxury transfers in Spain","publisher":{"@id":"https:\/\/tourtravelandmore.com\/es\/#organization"},"potentialAction":[{"@type":"SearchAction","target":{"@type":"EntryPoint","urlTemplate":"https:\/\/tourtravelandmore.com\/es\/?s={search_term_string}"},"query-input":{"@type":"PropertyValueSpecification","valueRequired":true,"valueName":"search_term_string"}}],"inLanguage":"es"},{"@type":"Organization","@id":"https:\/\/tourtravelandmore.com\/es\/#organization","name":"Tour Travel And More","url":"https:\/\/tourtravelandmore.com\/es\/","logo":{"@type":"ImageObject","inLanguage":"es","@id":"https:\/\/tourtravelandmore.com\/es\/#\/schema\/logo\/image\/","url":"https:\/\/tourtravelandmore.com\/wp-content\/uploads\/2022\/12\/cropped-logo-cabecera-new.png","contentUrl":"https:\/\/tourtravelandmore.com\/wp-content\/uploads\/2022\/12\/cropped-logo-cabecera-new.png","width":430,"height":61,"caption":"Tour Travel And More"},"image":{"@id":"https:\/\/tourtravelandmore.com\/es\/#\/schema\/logo\/image\/"},"sameAs":["https:\/\/www.facebook.com\/tourtravelandmore\/","https:\/\/x.com\/TourTravel_More"]}]}},"_links":{"self":[{"href":"https:\/\/tourtravelandmore.com\/es\/wp-json\/wp\/v2\/product\/20000","targetHints":{"allow":["GET"]}}],"collection":[{"href":"https:\/\/tourtravelandmore.com\/es\/wp-json\/wp\/v2\/product"}],"about":[{"href":"https:\/\/tourtravelandmore.com\/es\/wp-json\/wp\/v2\/types\/product"}],"replies":[{"embeddable":true,"href":"https:\/\/tourtravelandmore.com\/es\/wp-json\/wp\/v2\/comments?post=20000"}],"wp:featuredmedia":[{"embeddable":true,"href":"https:\/\/tourtravelandmore.com\/es\/wp-json\/wp\/v2\/media\/20006"}],"wp:attachment":[{"href":"https:\/\/tourtravelandmore.com\/es\/wp-json\/wp\/v2\/media?parent=20000"}],"wp:term":[{"taxonomy":"product_brand","embeddable":true,"href":"https:\/\/tourtravelandmore.com\/es\/wp-json\/wp\/v2\/product_brand?post=20000"},{"taxonomy":"product_cat","embeddable":true,"href":"https:\/\/tourtravelandmore.com\/es\/wp-json\/wp\/v2\/product_cat?post=20000"},{"taxonomy":"product_tag","embeddable":true,"href":"https:\/\/tourtravelandmore.com\/es\/wp-json\/wp\/v2\/product_tag?post=20000"}],"curies":[{"name":"wp","href":"https:\/\/api.w.org\/{rel}","templated":true}]}}