{"id":19959,"date":"2018-04-04T15:42:10","date_gmt":"2018-04-04T13:42:12","guid":{"rendered":"http:\/\/tourtravelandmore.com\/es\/tours\/milan-es\/tour-privado-a-verona-desde-milan-en-vehiculo-privado-de-lujo\/"},"modified":"2022-04-01T12:13:58","modified_gmt":"2022-04-01T10:13:58","slug":"tour-privado-a-verona-desde-milan-en-vehiculo-privado-de-lujo","status":"publish","type":"product","link":"https:\/\/tourtravelandmore.com\/es\/tours\/italia-es\/milan-es\/tour-privado-a-verona-desde-milan-en-vehiculo-privado-de-lujo\/","title":{"rendered":"Tour Privado a Verona desde Mil\u00e1n"},"content":{"rendered":"<h2><strong>Descripci\u00f3n del Tour privado a Verona desde Mil\u00e1n<\/strong><\/h2>\n<p><span style=\"font-weight: 400;\">Aprovecha nuestro <\/span><b>tour privado de Mil\u00e1n a Verona<\/b><span style=\"font-weight: 400;\"> para pasar un d\u00eda inolvidable recorriendo la ciudad con tu propio gu\u00eda privado. Descubre todas las joyas ocultas que ofrece esta urbe italiana y disfruta de las ventajas exclusivas que ofrece nuestro paseo guiado.\u00a0<\/span><\/p>\n<p><span style=\"font-weight: 400;\">Para empezar, podemos buscarte en Mil\u00e1n por el sitio que nos indiques para iniciar <\/span><b>el recorrido en un coche de lujo<\/b><span style=\"font-weight: 400;\"> hasta la espl\u00e9ndida ciudad de Verona, la cual es considerada una de las urbes m\u00e1s atractivas del norte de Italia.\u00a0<\/span><\/p>\n<p><span style=\"font-weight: 400;\">Al llegar a Verona, tu gu\u00eda privado estar\u00e1 esper\u00e1ndote para llevarte a visitar a pie la ciudad durante dos horas y media, y as\u00ed puedas descubrir algo nuevo a la vuelta de cada esquina.\u00a0<\/span><\/p>\n<p><span style=\"font-weight: 400;\">Ver\u00e1s impresionantes callejones medievales, asombrosas torres de ladrillo, castillos de piedra, valiosas obras de arte y objetos art\u00edsticos que tienen gran valor hist\u00f3rico y cultural.\u00a0<\/span><\/p>\n<p><span style=\"font-weight: 400;\">De hecho, <\/span><b>Verona fue declarada Patrimonio de la Humanidad<\/b><span style=\"font-weight: 400;\"> por parte de la Unesco, no solo por su incre\u00edble arquitectura, sino por la historia que encierra, ya que, entre otras cosas, fue el escenario de la emblem\u00e1tica novela rom\u00e1ntica de William Shakespeare \u201cRomeo y Julieta\u201d.\u00a0<\/span><\/p>\n<p><span style=\"font-weight: 400;\">El gu\u00eda privado estar\u00e1 atento a lo que quieras ver y conocer y hasta puede recomendarte los mejores sitios para que disfrutes de la gastronom\u00eda local.\u00a0<\/span><\/p>\n<p><span style=\"font-weight: 400;\">Una vez que finalice la <\/span><b>excursi\u00f3n de 8 horas<\/b><span style=\"font-weight: 400;\">, el coche privado te trasladar\u00e1 de vuelta hasta Mil\u00e1n y puede dejarte en el sitio m\u00e1s conveniente para ti.\u00a0<\/span><\/p>\n<h2><strong>Puntos de inter\u00e9s del tour privado<\/strong><\/h2>\n<p><span style=\"font-weight: 400;\">Verona es una ciudad en la cual se puede <\/span><b>vivir una aut\u00e9ntica experiencia italiana<\/b><span style=\"font-weight: 400;\">. Por eso, hemos planificado este tour privado a Verona desde Mil\u00e1n para que explores los lugares m\u00e1s representativos de esta magn\u00edfica urbe.\u00a0<\/span><\/p>\n<p><span style=\"font-weight: 400;\">Iniciaremos el paseo desde Mil\u00e1n en el lugar que nos indiques y a la hora m\u00e1s adecuada para ti para trasladarte hasta Verona. All\u00ed, el gu\u00eda privado te recibir\u00e1 para llevarte a conocer los siguientes puntos de inter\u00e9s:\u00a0<\/span><\/p>\n<h3><strong>La Arena de Verona\u00a0<\/strong><\/h3>\n<p><span style=\"font-weight: 400;\">Este anfiteatro romano es uno de los m\u00e1s antiguos del mundo y que a\u00fan se conserva en pie. Fue construido en el a\u00f1o 30 d.C. y todav\u00eda tiene parte de sus asientos, murallas y arcos originales.\u00a0<\/span><\/p>\n<p><span style=\"font-weight: 400;\">Adem\u00e1s, es un lugar en el cual se celebran distintos conciertos y espect\u00e1culos que atraen a miles de turistas a\u00f1o tras a\u00f1o.\u00a0<\/span><\/p>\n<h3><strong>La Casa de Julieta\u00a0<\/strong><\/h3>\n<p><span style=\"font-weight: 400;\">Se trata del edificio m\u00e1s visitado en Verona y este tour privado te llevar\u00e1 directamente hasta \u00e9l. En este palacio construido a principios del siglo XII es en donde se ambient\u00f3 la novela Romeo y Julieta.\u00a0<\/span><\/p>\n<p><span style=\"font-weight: 400;\">En su fachada se puede ver un pasillo lleno de cartas de amor que los enamorados de todo el mundo dejan cada d\u00eda.\u00a0<\/span><\/p>\n<p><span style=\"font-weight: 400;\">Adem\u00e1s, conocer\u00e1s el emblem\u00e1tico balc\u00f3n en el que Julieta esperaba a su enamorado Romero por las noches y una estatua de bronce que conmemora a la bella doncella.\u00a0<\/span><\/p>\n<h3><strong>La Piazza dei Signori y la Loggia del Consiglio<\/strong><\/h3>\n<p><span style=\"font-weight: 400;\">A esta plaza se le conoce como la Plaza de Dante, ya que en ella se encuentra una estatua del famoso artista Dante Alighieri, quien fue el autor de la \u201cDivina comedia<\/span><span style=\"font-weight: 400;\">\u201d.\u00a0<\/span><\/p>\n<p><span style=\"font-weight: 400;\">Esto se debe a que Dante vivi\u00f3 en Verona durante un tiempo cuando fue expulsado de Florencia.\u00a0<\/span><\/p>\n<p><span style=\"font-weight: 400;\">Todos los alrededores de la plaza son un espect\u00e1culo arquitect\u00f3nico sin igual. Puedes ver el Arco de la Costa, Loggia del Consiglio y muchos otros monumentos representativos de la \u00e9poca renacentista.\u00a0\u00a0<\/span><\/p>\n<p><span style=\"font-weight: 400;\">Pero eso no es todo, ya que en este tour privado a Verona podr\u00e1s conocer otros lugares muy interesantes, como, por ejemplo:\u00a0<\/span><\/p>\n<ul>\n<li aria-level=\"1\"><b>Ponte di Pietra.<\/b><\/li>\n<\/ul>\n<ul>\n<li aria-level=\"1\"><b>La Catedral de Santa Mar\u00eda Matricolare.<\/b><\/li>\n<\/ul>\n<ul>\n<li aria-level=\"1\"><b>Bas\u00edlica de San Zen\u00f3n.<\/b><\/li>\n<\/ul>\n<ul>\n<li aria-level=\"1\"><b>Castelvecchio.<\/b><\/li>\n<\/ul>\n<ul>\n<li aria-level=\"1\"><b>Piazza delle Erbe y muchos otros m\u00e1s.\u00a0<\/b><\/li>\n<\/ul>\n<p><span style=\"font-weight: 400;\">Indudablemente, Verona es preciosa y mereces conocer todos sus rincones. Al terminar la excursi\u00f3n te llevamos de vuelta hasta Mil\u00e1n.\u00a0<\/span><\/p>\n<p><span style=\"font-weight: 400;\">Si quieres completar tu viaje por Italia, debes incluir dentro de tu itinerario nuestro <\/span><a href=\"https:\/\/tourtravelandmore.com\/es\/tours\/italia-es\/milan-es\/tour-privado-a-venecia-desde-milan\/\"><b>tour privado a Venecia desde Mil\u00e1n<\/b><\/a><span style=\"font-weight: 400;\">. De esta manera, completar\u00e1s el paseo por las ciudades m\u00e1s rom\u00e1nticas de Italia.\u00a0<\/span><\/p>\n","protected":false},"excerpt":{"rendered":"<table>\n<tbody>\n<tr>\n<td><span style=\"font-weight: 400;\">D\u00e9jate llevar por el encanto de Verona, la ciudad italiana en la cual se ambient\u00f3 la famosa obra de William Shakespeare \u201cRomeo y Julieta\u201d. En este tour privado a Verona desde Mil\u00e1n vas a conocer la casa de Julieta, la Arena de Verona y muchos otros puntos de inter\u00e9s de esta incre\u00edble ciudad renacentista. Adem\u00e1s, todo el recorrido ser\u00e1 en un coche de lujo y con un gu\u00eda privado.\u00a0<\/span><\/td>\n<\/tr>\n<\/tbody>\n<\/table>\n","protected":false},"featured_media":19458,"comment_status":"open","ping_status":"closed","template":"","meta":{"_acf_changed":false},"product_brand":[],"product_cat":[424,425,427,426],"product_tag":[],"class_list":{"0":"post-19959","1":"product","2":"type-product","3":"status-publish","4":"has-post-thumbnail","6":"product_cat-milan-es","7":"product_cat-milan-actividades-es","8":"product_cat-milan-rutas-turisticas-privadas-es","9":"product_cat-milan-excursiones-es","11":"first","12":"instock","13":"shipping-taxable","14":"purchasable","15":"product-type-simple"},"acf":[],"yoast_head":"<!-- This site is optimized with the Yoast SEO Premium plugin v25.3.1 (Yoast SEO v25.3.1) - https:\/\/yoast.com\/wordpress\/plugins\/seo\/ -->\n<title>Tour privado a Verona desde Mil\u00e1n con un gu\u00eda oficial | TTM<\/title>\n<meta name=\"description\" content=\"Disfruta de un tour privado a Verona desde Mil\u00e1n para explorar una de las ciudades m\u00e1s rom\u00e1nticas y hermosas del mundo.\" \/>\n<meta name=\"robots\" content=\"index, follow, max-snippet:-1, max-image-preview:large, max-video-preview:-1\" \/>\n<link rel=\"canonical\" href=\"https:\/\/tourtravelandmore.com\/es\/tours\/italia-es\/milan-es\/tour-privado-a-verona-desde-milan-en-vehiculo-privado-de-lujo\/\" \/>\n<meta property=\"og:locale\" content=\"es_ES\" \/>\n<meta property=\"og:type\" content=\"article\" \/>\n<meta property=\"og:title\" content=\"Tour Privado a Verona desde Mil\u00e1n\" \/>\n<meta property=\"og:description\" content=\"Disfruta de un tour privado a Verona desde Mil\u00e1n para explorar una de las ciudades m\u00e1s rom\u00e1nticas y hermosas del mundo.\" \/>\n<meta property=\"og:url\" content=\"https:\/\/tourtravelandmore.com\/es\/tours\/italia-es\/milan-es\/tour-privado-a-verona-desde-milan-en-vehiculo-privado-de-lujo\/\" \/>\n<meta property=\"og:site_name\" content=\"Tour Travel And More\" \/>\n<meta property=\"article:publisher\" content=\"https:\/\/www.facebook.com\/tourtravelandmore\/\" \/>\n<meta property=\"article:modified_time\" content=\"2022-04-01T10:13:58+00:00\" \/>\n<meta property=\"og:image\" content=\"https:\/\/tourtravelandmore.com\/wp-content\/uploads\/2018\/03\/verona-2.jpg\" \/>\n\t<meta property=\"og:image:width\" content=\"1966\" \/>\n\t<meta property=\"og:image:height\" content=\"1376\" \/>\n\t<meta property=\"og:image:type\" content=\"image\/jpeg\" \/>\n<meta name=\"twitter:card\" content=\"summary_large_image\" \/>\n<meta name=\"twitter:site\" content=\"@TourTravel_More\" \/>\n<meta name=\"twitter:label1\" content=\"Tiempo de lectura\" \/>\n\t<meta name=\"twitter:data1\" content=\"4 minutos\" \/>\n<script type=\"application\/ld+json\" class=\"yoast-schema-graph\">{\"@context\":\"https:\/\/schema.org\",\"@graph\":[{\"@type\":\"WebPage\",\"@id\":\"https:\/\/tourtravelandmore.com\/es\/tours\/italia-es\/milan-es\/tour-privado-a-verona-desde-milan-en-vehiculo-privado-de-lujo\/\",\"url\":\"https:\/\/tourtravelandmore.com\/es\/tours\/italia-es\/milan-es\/tour-privado-a-verona-desde-milan-en-vehiculo-privado-de-lujo\/\",\"name\":\"Tour privado a Verona desde Mil\u00e1n con un gu\u00eda oficial | TTM\",\"isPartOf\":{\"@id\":\"https:\/\/tourtravelandmore.com\/es\/#website\"},\"primaryImageOfPage\":{\"@id\":\"https:\/\/tourtravelandmore.com\/es\/tours\/italia-es\/milan-es\/tour-privado-a-verona-desde-milan-en-vehiculo-privado-de-lujo\/#primaryimage\"},\"image\":{\"@id\":\"https:\/\/tourtravelandmore.com\/es\/tours\/italia-es\/milan-es\/tour-privado-a-verona-desde-milan-en-vehiculo-privado-de-lujo\/#primaryimage\"},\"thumbnailUrl\":\"https:\/\/tourtravelandmore.com\/wp-content\/uploads\/2018\/03\/verona-2.jpg\",\"datePublished\":\"2018-04-04T13:42:12+00:00\",\"dateModified\":\"2022-04-01T10:13:58+00:00\",\"description\":\"Disfruta de un tour privado a Verona desde Mil\u00e1n para explorar una de las ciudades m\u00e1s rom\u00e1nticas y hermosas del mundo.\",\"breadcrumb\":{\"@id\":\"https:\/\/tourtravelandmore.com\/es\/tours\/italia-es\/milan-es\/tour-privado-a-verona-desde-milan-en-vehiculo-privado-de-lujo\/#breadcrumb\"},\"inLanguage\":\"es\",\"potentialAction\":[{\"@type\":\"ReadAction\",\"target\":[\"https:\/\/tourtravelandmore.com\/es\/tours\/italia-es\/milan-es\/tour-privado-a-verona-desde-milan-en-vehiculo-privado-de-lujo\/\"]}]},{\"@type\":\"ImageObject\",\"inLanguage\":\"es\",\"@id\":\"https:\/\/tourtravelandmore.com\/es\/tours\/italia-es\/milan-es\/tour-privado-a-verona-desde-milan-en-vehiculo-privado-de-lujo\/#primaryimage\",\"url\":\"https:\/\/tourtravelandmore.com\/wp-content\/uploads\/2018\/03\/verona-2.jpg\",\"contentUrl\":\"https:\/\/tourtravelandmore.com\/wp-content\/uploads\/2018\/03\/verona-2.jpg\",\"width\":1966,\"height\":1376},{\"@type\":\"BreadcrumbList\",\"@id\":\"https:\/\/tourtravelandmore.com\/es\/tours\/italia-es\/milan-es\/tour-privado-a-verona-desde-milan-en-vehiculo-privado-de-lujo\/#breadcrumb\",\"itemListElement\":[{\"@type\":\"ListItem\",\"position\":1,\"name\":\"Home\",\"item\":\"https:\/\/tourtravelandmore.com\/es\/\"},{\"@type\":\"ListItem\",\"position\":2,\"name\":\"Tours\",\"item\":\"https:\/\/tourtravelandmore.com\/es\/tours\/\"},{\"@type\":\"ListItem\",\"position\":3,\"name\":\"Tour Privado a Verona desde Mil\u00e1n\"}]},{\"@type\":\"WebSite\",\"@id\":\"https:\/\/tourtravelandmore.com\/es\/#website\",\"url\":\"https:\/\/tourtravelandmore.com\/es\/\",\"name\":\"Tour Travel And More\",\"description\":\"Private sightseeing tours and luxury transfers in Spain\",\"publisher\":{\"@id\":\"https:\/\/tourtravelandmore.com\/es\/#organization\"},\"potentialAction\":[{\"@type\":\"SearchAction\",\"target\":{\"@type\":\"EntryPoint\",\"urlTemplate\":\"https:\/\/tourtravelandmore.com\/es\/?s={search_term_string}\"},\"query-input\":{\"@type\":\"PropertyValueSpecification\",\"valueRequired\":true,\"valueName\":\"search_term_string\"}}],\"inLanguage\":\"es\"},{\"@type\":\"Organization\",\"@id\":\"https:\/\/tourtravelandmore.com\/es\/#organization\",\"name\":\"Tour Travel And More\",\"url\":\"https:\/\/tourtravelandmore.com\/es\/\",\"logo\":{\"@type\":\"ImageObject\",\"inLanguage\":\"es\",\"@id\":\"https:\/\/tourtravelandmore.com\/es\/#\/schema\/logo\/image\/\",\"url\":\"https:\/\/tourtravelandmore.com\/wp-content\/uploads\/2022\/12\/cropped-logo-cabecera-new.png\",\"contentUrl\":\"https:\/\/tourtravelandmore.com\/wp-content\/uploads\/2022\/12\/cropped-logo-cabecera-new.png\",\"width\":430,\"height\":61,\"caption\":\"Tour Travel And More\"},\"image\":{\"@id\":\"https:\/\/tourtravelandmore.com\/es\/#\/schema\/logo\/image\/\"},\"sameAs\":[\"https:\/\/www.facebook.com\/tourtravelandmore\/\",\"https:\/\/x.com\/TourTravel_More\"]}]}<\/script>\n<!-- \/ Yoast SEO Premium plugin. -->","yoast_head_json":{"title":"Tour privado a Verona desde Mil\u00e1n con un gu\u00eda oficial | TTM","description":"Disfruta de un tour privado a Verona desde Mil\u00e1n para explorar una de las ciudades m\u00e1s rom\u00e1nticas y hermosas del mundo.","robots":{"index":"index","follow":"follow","max-snippet":"max-snippet:-1","max-image-preview":"max-image-preview:large","max-video-preview":"max-video-preview:-1"},"canonical":"https:\/\/tourtravelandmore.com\/es\/tours\/italia-es\/milan-es\/tour-privado-a-verona-desde-milan-en-vehiculo-privado-de-lujo\/","og_locale":"es_ES","og_type":"article","og_title":"Tour Privado a Verona desde Mil\u00e1n","og_description":"Disfruta de un tour privado a Verona desde Mil\u00e1n para explorar una de las ciudades m\u00e1s rom\u00e1nticas y hermosas del mundo.","og_url":"https:\/\/tourtravelandmore.com\/es\/tours\/italia-es\/milan-es\/tour-privado-a-verona-desde-milan-en-vehiculo-privado-de-lujo\/","og_site_name":"Tour Travel And More","article_publisher":"https:\/\/www.facebook.com\/tourtravelandmore\/","article_modified_time":"2022-04-01T10:13:58+00:00","og_image":[{"width":1966,"height":1376,"url":"https:\/\/tourtravelandmore.com\/wp-content\/uploads\/2018\/03\/verona-2.jpg","type":"image\/jpeg"}],"twitter_card":"summary_large_image","twitter_site":"@TourTravel_More","twitter_misc":{"Tiempo de lectura":"4 minutos"},"schema":{"@context":"https:\/\/schema.org","@graph":[{"@type":"WebPage","@id":"https:\/\/tourtravelandmore.com\/es\/tours\/italia-es\/milan-es\/tour-privado-a-verona-desde-milan-en-vehiculo-privado-de-lujo\/","url":"https:\/\/tourtravelandmore.com\/es\/tours\/italia-es\/milan-es\/tour-privado-a-verona-desde-milan-en-vehiculo-privado-de-lujo\/","name":"Tour privado a Verona desde Mil\u00e1n con un gu\u00eda oficial | TTM","isPartOf":{"@id":"https:\/\/tourtravelandmore.com\/es\/#website"},"primaryImageOfPage":{"@id":"https:\/\/tourtravelandmore.com\/es\/tours\/italia-es\/milan-es\/tour-privado-a-verona-desde-milan-en-vehiculo-privado-de-lujo\/#primaryimage"},"image":{"@id":"https:\/\/tourtravelandmore.com\/es\/tours\/italia-es\/milan-es\/tour-privado-a-verona-desde-milan-en-vehiculo-privado-de-lujo\/#primaryimage"},"thumbnailUrl":"https:\/\/tourtravelandmore.com\/wp-content\/uploads\/2018\/03\/verona-2.jpg","datePublished":"2018-04-04T13:42:12+00:00","dateModified":"2022-04-01T10:13:58+00:00","description":"Disfruta de un tour privado a Verona desde Mil\u00e1n para explorar una de las ciudades m\u00e1s rom\u00e1nticas y hermosas del mundo.","breadcrumb":{"@id":"https:\/\/tourtravelandmore.com\/es\/tours\/italia-es\/milan-es\/tour-privado-a-verona-desde-milan-en-vehiculo-privado-de-lujo\/#breadcrumb"},"inLanguage":"es","potentialAction":[{"@type":"ReadAction","target":["https:\/\/tourtravelandmore.com\/es\/tours\/italia-es\/milan-es\/tour-privado-a-verona-desde-milan-en-vehiculo-privado-de-lujo\/"]}]},{"@type":"ImageObject","inLanguage":"es","@id":"https:\/\/tourtravelandmore.com\/es\/tours\/italia-es\/milan-es\/tour-privado-a-verona-desde-milan-en-vehiculo-privado-de-lujo\/#primaryimage","url":"https:\/\/tourtravelandmore.com\/wp-content\/uploads\/2018\/03\/verona-2.jpg","contentUrl":"https:\/\/tourtravelandmore.com\/wp-content\/uploads\/2018\/03\/verona-2.jpg","width":1966,"height":1376},{"@type":"BreadcrumbList","@id":"https:\/\/tourtravelandmore.com\/es\/tours\/italia-es\/milan-es\/tour-privado-a-verona-desde-milan-en-vehiculo-privado-de-lujo\/#breadcrumb","itemListElement":[{"@type":"ListItem","position":1,"name":"Home","item":"https:\/\/tourtravelandmore.com\/es\/"},{"@type":"ListItem","position":2,"name":"Tours","item":"https:\/\/tourtravelandmore.com\/es\/tours\/"},{"@type":"ListItem","position":3,"name":"Tour Privado a Verona desde Mil\u00e1n"}]},{"@type":"WebSite","@id":"https:\/\/tourtravelandmore.com\/es\/#website","url":"https:\/\/tourtravelandmore.com\/es\/","name":"Tour Travel And More","description":"Private sightseeing tours and luxury transfers in Spain","publisher":{"@id":"https:\/\/tourtravelandmore.com\/es\/#organization"},"potentialAction":[{"@type":"SearchAction","target":{"@type":"EntryPoint","urlTemplate":"https:\/\/tourtravelandmore.com\/es\/?s={search_term_string}"},"query-input":{"@type":"PropertyValueSpecification","valueRequired":true,"valueName":"search_term_string"}}],"inLanguage":"es"},{"@type":"Organization","@id":"https:\/\/tourtravelandmore.com\/es\/#organization","name":"Tour Travel And More","url":"https:\/\/tourtravelandmore.com\/es\/","logo":{"@type":"ImageObject","inLanguage":"es","@id":"https:\/\/tourtravelandmore.com\/es\/#\/schema\/logo\/image\/","url":"https:\/\/tourtravelandmore.com\/wp-content\/uploads\/2022\/12\/cropped-logo-cabecera-new.png","contentUrl":"https:\/\/tourtravelandmore.com\/wp-content\/uploads\/2022\/12\/cropped-logo-cabecera-new.png","width":430,"height":61,"caption":"Tour Travel And More"},"image":{"@id":"https:\/\/tourtravelandmore.com\/es\/#\/schema\/logo\/image\/"},"sameAs":["https:\/\/www.facebook.com\/tourtravelandmore\/","https:\/\/x.com\/TourTravel_More"]}]}},"_links":{"self":[{"href":"https:\/\/tourtravelandmore.com\/es\/wp-json\/wp\/v2\/product\/19959","targetHints":{"allow":["GET"]}}],"collection":[{"href":"https:\/\/tourtravelandmore.com\/es\/wp-json\/wp\/v2\/product"}],"about":[{"href":"https:\/\/tourtravelandmore.com\/es\/wp-json\/wp\/v2\/types\/product"}],"replies":[{"embeddable":true,"href":"https:\/\/tourtravelandmore.com\/es\/wp-json\/wp\/v2\/comments?post=19959"}],"wp:featuredmedia":[{"embeddable":true,"href":"https:\/\/tourtravelandmore.com\/es\/wp-json\/wp\/v2\/media\/19458"}],"wp:attachment":[{"href":"https:\/\/tourtravelandmore.com\/es\/wp-json\/wp\/v2\/media?parent=19959"}],"wp:term":[{"taxonomy":"product_brand","embeddable":true,"href":"https:\/\/tourtravelandmore.com\/es\/wp-json\/wp\/v2\/product_brand?post=19959"},{"taxonomy":"product_cat","embeddable":true,"href":"https:\/\/tourtravelandmore.com\/es\/wp-json\/wp\/v2\/product_cat?post=19959"},{"taxonomy":"product_tag","embeddable":true,"href":"https:\/\/tourtravelandmore.com\/es\/wp-json\/wp\/v2\/product_tag?post=19959"}],"curies":[{"name":"wp","href":"https:\/\/api.w.org\/{rel}","templated":true}]}}