{"id":19940,"date":"2018-04-04T14:41:35","date_gmt":"2018-04-04T12:41:38","guid":{"rendered":"http:\/\/tourtravelandmore.com\/es\/tours\/milan-es\/tour-privado-a-turin-desde-milan-en-vehiculo-privado-de-lujo\/"},"modified":"2022-05-02T08:44:53","modified_gmt":"2022-05-02T06:44:53","slug":"tour-privado-a-turin-desde-milan-en-vehiculo-privado-de-lujo","status":"publish","type":"product","link":"https:\/\/tourtravelandmore.com\/es\/tours\/italia-es\/milan-es\/tour-privado-a-turin-desde-milan-en-vehiculo-privado-de-lujo\/","title":{"rendered":"Tour Privado a Tur\u00edn desde Mil\u00e1n"},"content":{"rendered":"<h2><strong>Descripci\u00f3n del Tour Privado a Tur\u00edn desde Mil\u00e1n<\/strong><\/h2>\n<p><strong>Tur\u00edn<\/strong> es una de las mejores ciudades de Italia. Es la capital de la regi\u00f3n de Piamonte y fue la primera capital de la Italia moderna. Disfrute de este <strong>Tour Privado a Tur\u00edn desde Mil\u00e1n<\/strong> con <strong>conductor privado<\/strong> y <strong>gu\u00eda tur\u00edstico local<\/strong>.<\/p>\n<p>La <strong>ciudad de Tur\u00edn<\/strong> fue la antigua casa del Reino de Saboya. La ciudad fue sede de los Juegos Ol\u00edmpicos de Invierno en 2006. El muy conocido arquitecto Le Corbusier defini\u00f3 a Tur\u00edn como \u201cla ciudad con la ubicaci\u00f3n natural m\u00e1s hermosa del mundo\u201d.<\/p>\n<p>Este tour privado a Tur\u00edn desde Mil\u00e1n se llevar\u00e1 a cabo en un <strong>veh\u00edculo privado de lujo<\/strong>. La recogida ser\u00e1 en su hotel o lugar de elecci\u00f3n en Mil\u00e1n a la hora deseada por usted. Su conductor privado estar\u00e1 a su total disposici\u00f3n durante todo el recorrido.<\/p>\n<p>Tenemos m\u00faltiples opciones de tours privados en y desde Mil\u00e1n, eche un vistazo a <a href=\"https:\/\/tourtravelandmore.com\/es\/ciudad\/italia-es\/milan-es\/\">nuestra lista privada de tours y excursiones<\/a>.<\/p>\n<h2><strong>Puntos de inter\u00e9s en el Tour Privado a Tur\u00edn desde Mil\u00e1n<\/strong><\/h2>\n<p>En primer lugar, su conductor privado lo recoger\u00e1 en su hotel o lugar de elecci\u00f3n en Mil\u00e1n y lo llevar\u00e1 hacia <strong>Tur\u00edn<\/strong>. Tambi\u00e9n ofrecemos la opci\u00f3n de tomar un tren r\u00e1pido de Mil\u00e1n a Tur\u00edn y encontrarse con su gu\u00eda tur\u00edstico privado en la estaci\u00f3n de tren de Tur\u00edn.<\/p>\n<p>Una vez que llegue a Tur\u00edn, una ciudad considerada como la capital del estilo barroco, se encontrar\u00e1 con su gu\u00eda tur\u00edstico oficial privado. Te estar\u00e1 esperando en Tur\u00edn para mostrarte los sitios m\u00e1s emblem\u00e1ticos y representativos de la ciudad. Es posible organizar la duraci\u00f3n exacta del recorrido para que se ajuste a sus propias necesidades personales.<\/p>\n<p>Entre otros sitios, podr\u00e1s disfrutar de los siguientes lugares:<\/p>\n<ul>\n<li><strong>Mole Antonelliana<\/strong><\/li>\n<li><strong>Palacio Real<\/strong><\/li>\n<li><a href=\"https:\/\/museoegizio.it\/en\/\">Museo Egipcio<\/a><\/li>\n<li><strong>Palacio Madama<\/strong><\/li>\n<li><strong>Bas\u00edlica de Superga<\/strong><\/li>\n<li><strong>Catedral de Tur\u00edn<\/strong><\/li>\n<li><strong>Plaza Castello<\/strong><\/li>\n<li><strong>\u00a1Mucho m\u00e1s!<\/strong><\/li>\n<\/ul>\n<p>Podemos incluir entradas a cualquier monumento o museo que desee visitar. Solo tienes que contactarnos y contarnos qu\u00e9 esperas visitar durante este tour privado.<\/p>\n<p>Su gu\u00eda tur\u00edstico oficial puede recomendarle un restaurante muy agradable para el almuerzo. Tambi\u00e9n te damos la posibilidad de hacer una reserva por ti.<\/p>\n<p><strong>Finalmente, al final del recorrido, su conductor privado lo llevar\u00e1 de regreso a su hotel o punto de partida en Mil\u00e1n.<\/strong><\/p>\n","protected":false},"excerpt":{"rendered":"<p>Aproveche sus d\u00edas en Mil\u00e1n y <strong>conozca la hermosa ciudad de Tur\u00edn<\/strong> y todo lo que tiene para ofrecer junto a su gu\u00eda tur\u00edstico oficial privado y c\u00f3modamente en su veh\u00edculo privado de lujo con ch\u00f3fer. \u00a1Entre otros, disfrutar\u00e1 del museo egipcio, la Piazza Castello, la Mole Antonelliana y muchos m\u00e1s!<\/p>\n","protected":false},"featured_media":120276,"comment_status":"open","ping_status":"closed","template":"","meta":{"_acf_changed":false},"product_brand":[],"product_cat":[424,425,427,426,700,706,718,712],"product_tag":[],"class_list":{"0":"post-19940","1":"product","2":"type-product","3":"status-publish","4":"has-post-thumbnail","6":"product_cat-milan-es","7":"product_cat-milan-actividades-es","8":"product_cat-milan-rutas-turisticas-privadas-es","9":"product_cat-milan-excursiones-es","10":"product_cat-turin-es","11":"product_cat-turin-actividades-es","12":"product_cat-turin-rutas-turisticas-privadas-es","13":"product_cat-turin-excursiones-es","15":"first","16":"instock","17":"shipping-taxable","18":"purchasable","19":"product-type-simple"},"acf":[],"yoast_head":"<!-- This site is optimized with the Yoast SEO Premium plugin v25.3.1 (Yoast SEO v25.3.1) - https:\/\/yoast.com\/wordpress\/plugins\/seo\/ -->\n<title>Tour Privado a Tur\u00edn desde Mil\u00e1n en veh\u00edculo privado de lujo | TTM<\/title>\n<meta name=\"description\" content=\"Visite la hermosa ciudad de Tur\u00edn desde Mil\u00e1n en veh\u00edculo privado de lujo. Un gu\u00eda oficial privado lo estar\u00e1 esperando en Tur\u00edn para conocer la ciudad \u2705\" \/>\n<meta name=\"robots\" content=\"index, follow, max-snippet:-1, max-image-preview:large, max-video-preview:-1\" \/>\n<link rel=\"canonical\" href=\"https:\/\/tourtravelandmore.com\/es\/tours\/italia-es\/milan-es\/tour-privado-a-turin-desde-milan-en-vehiculo-privado-de-lujo\/\" \/>\n<meta property=\"og:locale\" content=\"es_ES\" \/>\n<meta property=\"og:type\" content=\"article\" \/>\n<meta property=\"og:title\" content=\"Tour Privado a Tur\u00edn desde Mil\u00e1n\" \/>\n<meta property=\"og:description\" content=\"Visite la hermosa ciudad de Tur\u00edn desde Mil\u00e1n en veh\u00edculo privado de lujo. Un gu\u00eda oficial privado lo estar\u00e1 esperando en Tur\u00edn para conocer la ciudad \u2705\" \/>\n<meta property=\"og:url\" content=\"https:\/\/tourtravelandmore.com\/es\/tours\/italia-es\/milan-es\/tour-privado-a-turin-desde-milan-en-vehiculo-privado-de-lujo\/\" \/>\n<meta property=\"og:site_name\" content=\"Tour Travel And More\" \/>\n<meta property=\"article:publisher\" content=\"https:\/\/www.facebook.com\/tourtravelandmore\/\" \/>\n<meta property=\"article:modified_time\" content=\"2022-05-02T06:44:53+00:00\" \/>\n<meta property=\"og:image\" content=\"https:\/\/tourtravelandmore.com\/wp-content\/uploads\/2018\/04\/image12.jpg\" \/>\n\t<meta property=\"og:image:width\" content=\"917\" \/>\n\t<meta property=\"og:image:height\" content=\"692\" \/>\n\t<meta property=\"og:image:type\" content=\"image\/jpeg\" \/>\n<meta name=\"twitter:card\" content=\"summary_large_image\" \/>\n<meta name=\"twitter:site\" content=\"@TourTravel_More\" \/>\n<meta name=\"twitter:label1\" content=\"Tiempo de lectura\" \/>\n\t<meta name=\"twitter:data1\" content=\"2 minutos\" \/>\n<script type=\"application\/ld+json\" class=\"yoast-schema-graph\">{\"@context\":\"https:\/\/schema.org\",\"@graph\":[{\"@type\":\"WebPage\",\"@id\":\"https:\/\/tourtravelandmore.com\/es\/tours\/italia-es\/milan-es\/tour-privado-a-turin-desde-milan-en-vehiculo-privado-de-lujo\/\",\"url\":\"https:\/\/tourtravelandmore.com\/es\/tours\/italia-es\/milan-es\/tour-privado-a-turin-desde-milan-en-vehiculo-privado-de-lujo\/\",\"name\":\"Tour Privado a Tur\u00edn desde Mil\u00e1n en veh\u00edculo privado de lujo | TTM\",\"isPartOf\":{\"@id\":\"https:\/\/tourtravelandmore.com\/es\/#website\"},\"primaryImageOfPage\":{\"@id\":\"https:\/\/tourtravelandmore.com\/es\/tours\/italia-es\/milan-es\/tour-privado-a-turin-desde-milan-en-vehiculo-privado-de-lujo\/#primaryimage\"},\"image\":{\"@id\":\"https:\/\/tourtravelandmore.com\/es\/tours\/italia-es\/milan-es\/tour-privado-a-turin-desde-milan-en-vehiculo-privado-de-lujo\/#primaryimage\"},\"thumbnailUrl\":\"https:\/\/tourtravelandmore.com\/wp-content\/uploads\/2018\/04\/image12.jpg\",\"datePublished\":\"2018-04-04T12:41:38+00:00\",\"dateModified\":\"2022-05-02T06:44:53+00:00\",\"description\":\"Visite la hermosa ciudad de Tur\u00edn desde Mil\u00e1n en veh\u00edculo privado de lujo. Un gu\u00eda oficial privado lo estar\u00e1 esperando en Tur\u00edn para conocer la ciudad \u2705\",\"breadcrumb\":{\"@id\":\"https:\/\/tourtravelandmore.com\/es\/tours\/italia-es\/milan-es\/tour-privado-a-turin-desde-milan-en-vehiculo-privado-de-lujo\/#breadcrumb\"},\"inLanguage\":\"es\",\"potentialAction\":[{\"@type\":\"ReadAction\",\"target\":[\"https:\/\/tourtravelandmore.com\/es\/tours\/italia-es\/milan-es\/tour-privado-a-turin-desde-milan-en-vehiculo-privado-de-lujo\/\"]}]},{\"@type\":\"ImageObject\",\"inLanguage\":\"es\",\"@id\":\"https:\/\/tourtravelandmore.com\/es\/tours\/italia-es\/milan-es\/tour-privado-a-turin-desde-milan-en-vehiculo-privado-de-lujo\/#primaryimage\",\"url\":\"https:\/\/tourtravelandmore.com\/wp-content\/uploads\/2018\/04\/image12.jpg\",\"contentUrl\":\"https:\/\/tourtravelandmore.com\/wp-content\/uploads\/2018\/04\/image12.jpg\",\"width\":917,\"height\":692},{\"@type\":\"BreadcrumbList\",\"@id\":\"https:\/\/tourtravelandmore.com\/es\/tours\/italia-es\/milan-es\/tour-privado-a-turin-desde-milan-en-vehiculo-privado-de-lujo\/#breadcrumb\",\"itemListElement\":[{\"@type\":\"ListItem\",\"position\":1,\"name\":\"Home\",\"item\":\"https:\/\/tourtravelandmore.com\/es\/\"},{\"@type\":\"ListItem\",\"position\":2,\"name\":\"Tours\",\"item\":\"https:\/\/tourtravelandmore.com\/es\/tours\/\"},{\"@type\":\"ListItem\",\"position\":3,\"name\":\"Tour Privado a Tur\u00edn desde Mil\u00e1n\"}]},{\"@type\":\"WebSite\",\"@id\":\"https:\/\/tourtravelandmore.com\/es\/#website\",\"url\":\"https:\/\/tourtravelandmore.com\/es\/\",\"name\":\"Tour Travel And More\",\"description\":\"Private sightseeing tours and luxury transfers in Spain\",\"publisher\":{\"@id\":\"https:\/\/tourtravelandmore.com\/es\/#organization\"},\"potentialAction\":[{\"@type\":\"SearchAction\",\"target\":{\"@type\":\"EntryPoint\",\"urlTemplate\":\"https:\/\/tourtravelandmore.com\/es\/?s={search_term_string}\"},\"query-input\":{\"@type\":\"PropertyValueSpecification\",\"valueRequired\":true,\"valueName\":\"search_term_string\"}}],\"inLanguage\":\"es\"},{\"@type\":\"Organization\",\"@id\":\"https:\/\/tourtravelandmore.com\/es\/#organization\",\"name\":\"Tour Travel And More\",\"url\":\"https:\/\/tourtravelandmore.com\/es\/\",\"logo\":{\"@type\":\"ImageObject\",\"inLanguage\":\"es\",\"@id\":\"https:\/\/tourtravelandmore.com\/es\/#\/schema\/logo\/image\/\",\"url\":\"https:\/\/tourtravelandmore.com\/wp-content\/uploads\/2022\/12\/cropped-logo-cabecera-new.png\",\"contentUrl\":\"https:\/\/tourtravelandmore.com\/wp-content\/uploads\/2022\/12\/cropped-logo-cabecera-new.png\",\"width\":430,\"height\":61,\"caption\":\"Tour Travel And More\"},\"image\":{\"@id\":\"https:\/\/tourtravelandmore.com\/es\/#\/schema\/logo\/image\/\"},\"sameAs\":[\"https:\/\/www.facebook.com\/tourtravelandmore\/\",\"https:\/\/x.com\/TourTravel_More\"]}]}<\/script>\n<!-- \/ Yoast SEO Premium plugin. -->","yoast_head_json":{"title":"Tour Privado a Tur\u00edn desde Mil\u00e1n en veh\u00edculo privado de lujo | TTM","description":"Visite la hermosa ciudad de Tur\u00edn desde Mil\u00e1n en veh\u00edculo privado de lujo. Un gu\u00eda oficial privado lo estar\u00e1 esperando en Tur\u00edn para conocer la ciudad \u2705","robots":{"index":"index","follow":"follow","max-snippet":"max-snippet:-1","max-image-preview":"max-image-preview:large","max-video-preview":"max-video-preview:-1"},"canonical":"https:\/\/tourtravelandmore.com\/es\/tours\/italia-es\/milan-es\/tour-privado-a-turin-desde-milan-en-vehiculo-privado-de-lujo\/","og_locale":"es_ES","og_type":"article","og_title":"Tour Privado a Tur\u00edn desde Mil\u00e1n","og_description":"Visite la hermosa ciudad de Tur\u00edn desde Mil\u00e1n en veh\u00edculo privado de lujo. Un gu\u00eda oficial privado lo estar\u00e1 esperando en Tur\u00edn para conocer la ciudad \u2705","og_url":"https:\/\/tourtravelandmore.com\/es\/tours\/italia-es\/milan-es\/tour-privado-a-turin-desde-milan-en-vehiculo-privado-de-lujo\/","og_site_name":"Tour Travel And More","article_publisher":"https:\/\/www.facebook.com\/tourtravelandmore\/","article_modified_time":"2022-05-02T06:44:53+00:00","og_image":[{"width":917,"height":692,"url":"https:\/\/tourtravelandmore.com\/wp-content\/uploads\/2018\/04\/image12.jpg","type":"image\/jpeg"}],"twitter_card":"summary_large_image","twitter_site":"@TourTravel_More","twitter_misc":{"Tiempo de lectura":"2 minutos"},"schema":{"@context":"https:\/\/schema.org","@graph":[{"@type":"WebPage","@id":"https:\/\/tourtravelandmore.com\/es\/tours\/italia-es\/milan-es\/tour-privado-a-turin-desde-milan-en-vehiculo-privado-de-lujo\/","url":"https:\/\/tourtravelandmore.com\/es\/tours\/italia-es\/milan-es\/tour-privado-a-turin-desde-milan-en-vehiculo-privado-de-lujo\/","name":"Tour Privado a Tur\u00edn desde Mil\u00e1n en veh\u00edculo privado de lujo | TTM","isPartOf":{"@id":"https:\/\/tourtravelandmore.com\/es\/#website"},"primaryImageOfPage":{"@id":"https:\/\/tourtravelandmore.com\/es\/tours\/italia-es\/milan-es\/tour-privado-a-turin-desde-milan-en-vehiculo-privado-de-lujo\/#primaryimage"},"image":{"@id":"https:\/\/tourtravelandmore.com\/es\/tours\/italia-es\/milan-es\/tour-privado-a-turin-desde-milan-en-vehiculo-privado-de-lujo\/#primaryimage"},"thumbnailUrl":"https:\/\/tourtravelandmore.com\/wp-content\/uploads\/2018\/04\/image12.jpg","datePublished":"2018-04-04T12:41:38+00:00","dateModified":"2022-05-02T06:44:53+00:00","description":"Visite la hermosa ciudad de Tur\u00edn desde Mil\u00e1n en veh\u00edculo privado de lujo. Un gu\u00eda oficial privado lo estar\u00e1 esperando en Tur\u00edn para conocer la ciudad \u2705","breadcrumb":{"@id":"https:\/\/tourtravelandmore.com\/es\/tours\/italia-es\/milan-es\/tour-privado-a-turin-desde-milan-en-vehiculo-privado-de-lujo\/#breadcrumb"},"inLanguage":"es","potentialAction":[{"@type":"ReadAction","target":["https:\/\/tourtravelandmore.com\/es\/tours\/italia-es\/milan-es\/tour-privado-a-turin-desde-milan-en-vehiculo-privado-de-lujo\/"]}]},{"@type":"ImageObject","inLanguage":"es","@id":"https:\/\/tourtravelandmore.com\/es\/tours\/italia-es\/milan-es\/tour-privado-a-turin-desde-milan-en-vehiculo-privado-de-lujo\/#primaryimage","url":"https:\/\/tourtravelandmore.com\/wp-content\/uploads\/2018\/04\/image12.jpg","contentUrl":"https:\/\/tourtravelandmore.com\/wp-content\/uploads\/2018\/04\/image12.jpg","width":917,"height":692},{"@type":"BreadcrumbList","@id":"https:\/\/tourtravelandmore.com\/es\/tours\/italia-es\/milan-es\/tour-privado-a-turin-desde-milan-en-vehiculo-privado-de-lujo\/#breadcrumb","itemListElement":[{"@type":"ListItem","position":1,"name":"Home","item":"https:\/\/tourtravelandmore.com\/es\/"},{"@type":"ListItem","position":2,"name":"Tours","item":"https:\/\/tourtravelandmore.com\/es\/tours\/"},{"@type":"ListItem","position":3,"name":"Tour Privado a Tur\u00edn desde Mil\u00e1n"}]},{"@type":"WebSite","@id":"https:\/\/tourtravelandmore.com\/es\/#website","url":"https:\/\/tourtravelandmore.com\/es\/","name":"Tour Travel And More","description":"Private sightseeing tours and luxury transfers in Spain","publisher":{"@id":"https:\/\/tourtravelandmore.com\/es\/#organization"},"potentialAction":[{"@type":"SearchAction","target":{"@type":"EntryPoint","urlTemplate":"https:\/\/tourtravelandmore.com\/es\/?s={search_term_string}"},"query-input":{"@type":"PropertyValueSpecification","valueRequired":true,"valueName":"search_term_string"}}],"inLanguage":"es"},{"@type":"Organization","@id":"https:\/\/tourtravelandmore.com\/es\/#organization","name":"Tour Travel And More","url":"https:\/\/tourtravelandmore.com\/es\/","logo":{"@type":"ImageObject","inLanguage":"es","@id":"https:\/\/tourtravelandmore.com\/es\/#\/schema\/logo\/image\/","url":"https:\/\/tourtravelandmore.com\/wp-content\/uploads\/2022\/12\/cropped-logo-cabecera-new.png","contentUrl":"https:\/\/tourtravelandmore.com\/wp-content\/uploads\/2022\/12\/cropped-logo-cabecera-new.png","width":430,"height":61,"caption":"Tour Travel And More"},"image":{"@id":"https:\/\/tourtravelandmore.com\/es\/#\/schema\/logo\/image\/"},"sameAs":["https:\/\/www.facebook.com\/tourtravelandmore\/","https:\/\/x.com\/TourTravel_More"]}]}},"_links":{"self":[{"href":"https:\/\/tourtravelandmore.com\/es\/wp-json\/wp\/v2\/product\/19940","targetHints":{"allow":["GET"]}}],"collection":[{"href":"https:\/\/tourtravelandmore.com\/es\/wp-json\/wp\/v2\/product"}],"about":[{"href":"https:\/\/tourtravelandmore.com\/es\/wp-json\/wp\/v2\/types\/product"}],"replies":[{"embeddable":true,"href":"https:\/\/tourtravelandmore.com\/es\/wp-json\/wp\/v2\/comments?post=19940"}],"wp:featuredmedia":[{"embeddable":true,"href":"https:\/\/tourtravelandmore.com\/es\/wp-json\/wp\/v2\/media\/120276"}],"wp:attachment":[{"href":"https:\/\/tourtravelandmore.com\/es\/wp-json\/wp\/v2\/media?parent=19940"}],"wp:term":[{"taxonomy":"product_brand","embeddable":true,"href":"https:\/\/tourtravelandmore.com\/es\/wp-json\/wp\/v2\/product_brand?post=19940"},{"taxonomy":"product_cat","embeddable":true,"href":"https:\/\/tourtravelandmore.com\/es\/wp-json\/wp\/v2\/product_cat?post=19940"},{"taxonomy":"product_tag","embeddable":true,"href":"https:\/\/tourtravelandmore.com\/es\/wp-json\/wp\/v2\/product_tag?post=19940"}],"curies":[{"name":"wp","href":"https:\/\/api.w.org\/{rel}","templated":true}]}}