{"id":19683,"date":"2018-03-28T15:04:51","date_gmt":"2018-03-28T13:04:54","guid":{"rendered":"http:\/\/tourtravelandmore.com\/es\/tours\/venecia-es\/tour-privado-8-horas-a-las-dolomitas-desde-venecia\/"},"modified":"2023-04-03T20:12:51","modified_gmt":"2023-04-03T18:12:51","slug":"tour-privado-8-horas-a-las-dolomitas-desde-venecia","status":"publish","type":"product","link":"https:\/\/tourtravelandmore.com\/es\/tours\/italia-es\/venecia-es\/tour-privado-8-horas-a-las-dolomitas-desde-venecia\/","title":{"rendered":"Tour Privado a Dolomitas desde Venecia"},"content":{"rendered":"<h2><strong>Descripci\u00f3n del Tour Privado a Dolomitas desde Venecia<\/strong><\/h2>\n<p>Durante este <strong>tour privado a Dolomitas desde Venecia<\/strong>, conocer\u00e1 una de las zonas monta\u00f1osas m\u00e1s hermosas de toda Europa. Lleno de valles verdes y vistas incre\u00edbles, pasear\u00e1 por este magn\u00edfico paisaje. El servicio se realizar\u00e1 en un <strong>veh\u00edculo privado de lujo con chofer<\/strong>.<\/p>\n<p><strong>Venecia<\/strong> es la capital de la regi\u00f3n norte de Veneto. Compuesto por m\u00e1s de 100 peque\u00f1as islas, la ciudad est\u00e1 ubicada en una laguna del mar Adri\u00e1tico. Es una de las ciudades m\u00e1s visitadas de Italia.<\/p>\n<p><strong>Dolomitas<\/strong> son un sitio \u00fanico, que ha sido declarado por la <a href=\"https:\/\/whc.unesco.org\/en\/list\/1237\/\">UNESCO como Patrimonio de la Humanidad<\/a>. Se extiende entre las provincias de Belluno, Bolzano, Trento, Udine y Pordenone.<\/p>\n<p>La duraci\u00f3n exacta del recorrido es completamente flexible. A continuaci\u00f3n se muestra nuestro tour privado a Dolomitas desde Venecia durante 8 horas, pero podemos organizar la duraci\u00f3n del tour exactamente c\u00f3mo lo desee.<\/p>\n<h2><strong>Puntos de inter\u00e9s en el Tour Privado a Dolomitas desde Venecia<\/strong><\/h2>\n<p>Su conductor privado lo recoger\u00e1 en Plaza de Roma o en su hotel fuera del centro hist\u00f3rico de Venecia. Recuerde que los veh\u00edculos no pueden ingresar al centro. En caso de que lo prefiera, podemos organizar un bote privado desde su hotel en Venecia hasta la Plaza de Roma.<\/p>\n<p>Disfrutar\u00e1 de un tour privado de d\u00eda completo a Dolomitas con su conductor privado, quien lo llevar\u00e1 por los hermosos paisajes de la regi\u00f3n.<\/p>\n<p>En primer lugar, visitar\u00e1 uno de los pueblos m\u00e1s bellos de la regi\u00f3n, <strong>Cortina<\/strong>, que fue el hogar de los Juegos de Esqu\u00ed de 1956. Esta ciudad est\u00e1 ubicada en la provincia de Belluno, en medio de los Alpes Dolomitas.<\/p>\n<p>En segundo lugar, continuar\u00e1 hasta el <strong>Lago Misurina<\/strong>, donde podr\u00e1 admirar sus \u00fanicas vistas. Este es un lago de monta\u00f1a natural en la regi\u00f3n de Dolomitas.<\/p>\n<p>Despu\u00e9s de eso, continuar\u00e1 su viaje hasta el <strong>Lago Auronzo<\/strong>. Es un lago artificial que se encuentra cerca de la ciudad de Auronzo di Cadore.<\/p>\n<p>Finalmente, su conductor privado lo llevar\u00e1 de regreso a Venecia. Si est\u00e1 interesado, tambi\u00e9n podemos proporcionar un gu\u00eda tur\u00edstico privado para todo el recorrido. Este tour privado tiene una duraci\u00f3n de 8 horas desde el momento de la recogida hasta el momento de devoluci\u00f3n en Venecia.<\/p>\n<p><strong>Otra opci\u00f3n de un tour de d\u00eda completo desde Venecia es <a href=\"https:\/\/tourtravelandmore.com\/es\/tours\/italia-es\/venecia-es\/tour-privado-de-venecia-a-verona-y-lago-de-garda-sirmione\/\">nuestro tour privado a Verona y Valpolicella<\/a>, \u00a1\u00e9chale un vistazo!.<\/strong><\/p>\n","protected":false},"excerpt":{"rendered":"<p><strong>Tour privado a Dolomitas<\/strong><strong> desde Venecia<\/strong>. No pierda la oportunidad de conocer una de las regiones m\u00e1s bonitas de toda Italia en su veh\u00edculo privado de lujo.\u00a0Visitar\u00e1 los hermosos lagos de la region, Misurina y Auronzo, y uno de los pueblos m\u00e1s bonitos y exclusivos de Las Dolomitas: Cortina.<\/p>\n","protected":false},"featured_media":19691,"comment_status":"open","ping_status":"closed","template":"","meta":{"_acf_changed":false},"product_brand":[],"product_cat":[701,707,719,713],"product_tag":[],"class_list":{"0":"post-19683","1":"product","2":"type-product","3":"status-publish","4":"has-post-thumbnail","6":"product_cat-venecia-es","7":"product_cat-venecia-actividades-es","8":"product_cat-venecia-rutas-turisticas-privadas-es","9":"product_cat-venecia-excursiones-es","11":"first","12":"instock","13":"shipping-taxable","14":"purchasable","15":"product-type-simple"},"acf":[],"yoast_head":"<!-- This site is optimized with the Yoast SEO Premium plugin v25.3.1 (Yoast SEO v25.3.1) - https:\/\/yoast.com\/wordpress\/plugins\/seo\/ -->\n<title>Tour Privado a Dolomitas desde Venecia en veh\u00edculo privado de lujo | TTM<\/title>\n<meta name=\"description\" content=\"Aproveche su tiempo en Venecia y visite una de las regiones monta\u00f1osas m\u00e1s bonitas de todo Europa c\u00f3modo en su veh\u00edculo privado de lujo con chofer \u2705\" \/>\n<meta name=\"robots\" content=\"index, follow, max-snippet:-1, max-image-preview:large, max-video-preview:-1\" \/>\n<link rel=\"canonical\" href=\"https:\/\/tourtravelandmore.com\/es\/tours\/italia-es\/venecia-es\/tour-privado-8-horas-a-las-dolomitas-desde-venecia\/\" \/>\n<meta property=\"og:locale\" content=\"es_ES\" \/>\n<meta property=\"og:type\" content=\"article\" \/>\n<meta property=\"og:title\" content=\"Tour Privado a Dolomitas desde Venecia\" \/>\n<meta property=\"og:description\" content=\"Aproveche su tiempo en Venecia y visite una de las regiones monta\u00f1osas m\u00e1s bonitas de todo Europa c\u00f3modo en su veh\u00edculo privado de lujo con chofer \u2705\" \/>\n<meta property=\"og:url\" content=\"https:\/\/tourtravelandmore.com\/es\/tours\/italia-es\/venecia-es\/tour-privado-8-horas-a-las-dolomitas-desde-venecia\/\" \/>\n<meta property=\"og:site_name\" content=\"Tour Travel And More\" \/>\n<meta property=\"article:publisher\" content=\"https:\/\/www.facebook.com\/tourtravelandmore\/\" \/>\n<meta property=\"article:modified_time\" content=\"2023-04-03T18:12:51+00:00\" \/>\n<meta property=\"og:image\" content=\"https:\/\/tourtravelandmore.com\/wp-content\/uploads\/2018\/03\/dolomites-2902597_960_720.jpg\" \/>\n\t<meta property=\"og:image:width\" content=\"960\" \/>\n\t<meta property=\"og:image:height\" content=\"638\" \/>\n\t<meta property=\"og:image:type\" content=\"image\/jpeg\" \/>\n<meta name=\"twitter:card\" content=\"summary_large_image\" \/>\n<meta name=\"twitter:site\" content=\"@TourTravel_More\" \/>\n<meta name=\"twitter:label1\" content=\"Tiempo de lectura\" \/>\n\t<meta name=\"twitter:data1\" content=\"2 minutos\" \/>\n<script type=\"application\/ld+json\" class=\"yoast-schema-graph\">{\"@context\":\"https:\/\/schema.org\",\"@graph\":[{\"@type\":\"WebPage\",\"@id\":\"https:\/\/tourtravelandmore.com\/es\/tours\/italia-es\/venecia-es\/tour-privado-8-horas-a-las-dolomitas-desde-venecia\/\",\"url\":\"https:\/\/tourtravelandmore.com\/es\/tours\/italia-es\/venecia-es\/tour-privado-8-horas-a-las-dolomitas-desde-venecia\/\",\"name\":\"Tour Privado a Dolomitas desde Venecia en veh\u00edculo privado de lujo | TTM\",\"isPartOf\":{\"@id\":\"https:\/\/tourtravelandmore.com\/es\/#website\"},\"primaryImageOfPage\":{\"@id\":\"https:\/\/tourtravelandmore.com\/es\/tours\/italia-es\/venecia-es\/tour-privado-8-horas-a-las-dolomitas-desde-venecia\/#primaryimage\"},\"image\":{\"@id\":\"https:\/\/tourtravelandmore.com\/es\/tours\/italia-es\/venecia-es\/tour-privado-8-horas-a-las-dolomitas-desde-venecia\/#primaryimage\"},\"thumbnailUrl\":\"https:\/\/tourtravelandmore.com\/wp-content\/uploads\/2018\/03\/dolomites-2902597_960_720.jpg\",\"datePublished\":\"2018-03-28T13:04:54+00:00\",\"dateModified\":\"2023-04-03T18:12:51+00:00\",\"description\":\"Aproveche su tiempo en Venecia y visite una de las regiones monta\u00f1osas m\u00e1s bonitas de todo Europa c\u00f3modo en su veh\u00edculo privado de lujo con chofer \u2705\",\"breadcrumb\":{\"@id\":\"https:\/\/tourtravelandmore.com\/es\/tours\/italia-es\/venecia-es\/tour-privado-8-horas-a-las-dolomitas-desde-venecia\/#breadcrumb\"},\"inLanguage\":\"es\",\"potentialAction\":[{\"@type\":\"ReadAction\",\"target\":[\"https:\/\/tourtravelandmore.com\/es\/tours\/italia-es\/venecia-es\/tour-privado-8-horas-a-las-dolomitas-desde-venecia\/\"]}]},{\"@type\":\"ImageObject\",\"inLanguage\":\"es\",\"@id\":\"https:\/\/tourtravelandmore.com\/es\/tours\/italia-es\/venecia-es\/tour-privado-8-horas-a-las-dolomitas-desde-venecia\/#primaryimage\",\"url\":\"https:\/\/tourtravelandmore.com\/wp-content\/uploads\/2018\/03\/dolomites-2902597_960_720.jpg\",\"contentUrl\":\"https:\/\/tourtravelandmore.com\/wp-content\/uploads\/2018\/03\/dolomites-2902597_960_720.jpg\",\"width\":960,\"height\":638},{\"@type\":\"BreadcrumbList\",\"@id\":\"https:\/\/tourtravelandmore.com\/es\/tours\/italia-es\/venecia-es\/tour-privado-8-horas-a-las-dolomitas-desde-venecia\/#breadcrumb\",\"itemListElement\":[{\"@type\":\"ListItem\",\"position\":1,\"name\":\"Home\",\"item\":\"https:\/\/tourtravelandmore.com\/es\/\"},{\"@type\":\"ListItem\",\"position\":2,\"name\":\"Tours\",\"item\":\"https:\/\/tourtravelandmore.com\/es\/tours\/\"},{\"@type\":\"ListItem\",\"position\":3,\"name\":\"Tour Privado a Dolomitas desde Venecia\"}]},{\"@type\":\"WebSite\",\"@id\":\"https:\/\/tourtravelandmore.com\/es\/#website\",\"url\":\"https:\/\/tourtravelandmore.com\/es\/\",\"name\":\"Tour Travel And More\",\"description\":\"Private sightseeing tours and luxury transfers in Spain\",\"publisher\":{\"@id\":\"https:\/\/tourtravelandmore.com\/es\/#organization\"},\"potentialAction\":[{\"@type\":\"SearchAction\",\"target\":{\"@type\":\"EntryPoint\",\"urlTemplate\":\"https:\/\/tourtravelandmore.com\/es\/?s={search_term_string}\"},\"query-input\":{\"@type\":\"PropertyValueSpecification\",\"valueRequired\":true,\"valueName\":\"search_term_string\"}}],\"inLanguage\":\"es\"},{\"@type\":\"Organization\",\"@id\":\"https:\/\/tourtravelandmore.com\/es\/#organization\",\"name\":\"Tour Travel And More\",\"url\":\"https:\/\/tourtravelandmore.com\/es\/\",\"logo\":{\"@type\":\"ImageObject\",\"inLanguage\":\"es\",\"@id\":\"https:\/\/tourtravelandmore.com\/es\/#\/schema\/logo\/image\/\",\"url\":\"https:\/\/tourtravelandmore.com\/wp-content\/uploads\/2022\/12\/cropped-logo-cabecera-new.png\",\"contentUrl\":\"https:\/\/tourtravelandmore.com\/wp-content\/uploads\/2022\/12\/cropped-logo-cabecera-new.png\",\"width\":430,\"height\":61,\"caption\":\"Tour Travel And More\"},\"image\":{\"@id\":\"https:\/\/tourtravelandmore.com\/es\/#\/schema\/logo\/image\/\"},\"sameAs\":[\"https:\/\/www.facebook.com\/tourtravelandmore\/\",\"https:\/\/x.com\/TourTravel_More\"]}]}<\/script>\n<!-- \/ Yoast SEO Premium plugin. -->","yoast_head_json":{"title":"Tour Privado a Dolomitas desde Venecia en veh\u00edculo privado de lujo | TTM","description":"Aproveche su tiempo en Venecia y visite una de las regiones monta\u00f1osas m\u00e1s bonitas de todo Europa c\u00f3modo en su veh\u00edculo privado de lujo con chofer \u2705","robots":{"index":"index","follow":"follow","max-snippet":"max-snippet:-1","max-image-preview":"max-image-preview:large","max-video-preview":"max-video-preview:-1"},"canonical":"https:\/\/tourtravelandmore.com\/es\/tours\/italia-es\/venecia-es\/tour-privado-8-horas-a-las-dolomitas-desde-venecia\/","og_locale":"es_ES","og_type":"article","og_title":"Tour Privado a Dolomitas desde Venecia","og_description":"Aproveche su tiempo en Venecia y visite una de las regiones monta\u00f1osas m\u00e1s bonitas de todo Europa c\u00f3modo en su veh\u00edculo privado de lujo con chofer \u2705","og_url":"https:\/\/tourtravelandmore.com\/es\/tours\/italia-es\/venecia-es\/tour-privado-8-horas-a-las-dolomitas-desde-venecia\/","og_site_name":"Tour Travel And More","article_publisher":"https:\/\/www.facebook.com\/tourtravelandmore\/","article_modified_time":"2023-04-03T18:12:51+00:00","og_image":[{"width":960,"height":638,"url":"https:\/\/tourtravelandmore.com\/wp-content\/uploads\/2018\/03\/dolomites-2902597_960_720.jpg","type":"image\/jpeg"}],"twitter_card":"summary_large_image","twitter_site":"@TourTravel_More","twitter_misc":{"Tiempo de lectura":"2 minutos"},"schema":{"@context":"https:\/\/schema.org","@graph":[{"@type":"WebPage","@id":"https:\/\/tourtravelandmore.com\/es\/tours\/italia-es\/venecia-es\/tour-privado-8-horas-a-las-dolomitas-desde-venecia\/","url":"https:\/\/tourtravelandmore.com\/es\/tours\/italia-es\/venecia-es\/tour-privado-8-horas-a-las-dolomitas-desde-venecia\/","name":"Tour Privado a Dolomitas desde Venecia en veh\u00edculo privado de lujo | TTM","isPartOf":{"@id":"https:\/\/tourtravelandmore.com\/es\/#website"},"primaryImageOfPage":{"@id":"https:\/\/tourtravelandmore.com\/es\/tours\/italia-es\/venecia-es\/tour-privado-8-horas-a-las-dolomitas-desde-venecia\/#primaryimage"},"image":{"@id":"https:\/\/tourtravelandmore.com\/es\/tours\/italia-es\/venecia-es\/tour-privado-8-horas-a-las-dolomitas-desde-venecia\/#primaryimage"},"thumbnailUrl":"https:\/\/tourtravelandmore.com\/wp-content\/uploads\/2018\/03\/dolomites-2902597_960_720.jpg","datePublished":"2018-03-28T13:04:54+00:00","dateModified":"2023-04-03T18:12:51+00:00","description":"Aproveche su tiempo en Venecia y visite una de las regiones monta\u00f1osas m\u00e1s bonitas de todo Europa c\u00f3modo en su veh\u00edculo privado de lujo con chofer \u2705","breadcrumb":{"@id":"https:\/\/tourtravelandmore.com\/es\/tours\/italia-es\/venecia-es\/tour-privado-8-horas-a-las-dolomitas-desde-venecia\/#breadcrumb"},"inLanguage":"es","potentialAction":[{"@type":"ReadAction","target":["https:\/\/tourtravelandmore.com\/es\/tours\/italia-es\/venecia-es\/tour-privado-8-horas-a-las-dolomitas-desde-venecia\/"]}]},{"@type":"ImageObject","inLanguage":"es","@id":"https:\/\/tourtravelandmore.com\/es\/tours\/italia-es\/venecia-es\/tour-privado-8-horas-a-las-dolomitas-desde-venecia\/#primaryimage","url":"https:\/\/tourtravelandmore.com\/wp-content\/uploads\/2018\/03\/dolomites-2902597_960_720.jpg","contentUrl":"https:\/\/tourtravelandmore.com\/wp-content\/uploads\/2018\/03\/dolomites-2902597_960_720.jpg","width":960,"height":638},{"@type":"BreadcrumbList","@id":"https:\/\/tourtravelandmore.com\/es\/tours\/italia-es\/venecia-es\/tour-privado-8-horas-a-las-dolomitas-desde-venecia\/#breadcrumb","itemListElement":[{"@type":"ListItem","position":1,"name":"Home","item":"https:\/\/tourtravelandmore.com\/es\/"},{"@type":"ListItem","position":2,"name":"Tours","item":"https:\/\/tourtravelandmore.com\/es\/tours\/"},{"@type":"ListItem","position":3,"name":"Tour Privado a Dolomitas desde Venecia"}]},{"@type":"WebSite","@id":"https:\/\/tourtravelandmore.com\/es\/#website","url":"https:\/\/tourtravelandmore.com\/es\/","name":"Tour Travel And More","description":"Private sightseeing tours and luxury transfers in Spain","publisher":{"@id":"https:\/\/tourtravelandmore.com\/es\/#organization"},"potentialAction":[{"@type":"SearchAction","target":{"@type":"EntryPoint","urlTemplate":"https:\/\/tourtravelandmore.com\/es\/?s={search_term_string}"},"query-input":{"@type":"PropertyValueSpecification","valueRequired":true,"valueName":"search_term_string"}}],"inLanguage":"es"},{"@type":"Organization","@id":"https:\/\/tourtravelandmore.com\/es\/#organization","name":"Tour Travel And More","url":"https:\/\/tourtravelandmore.com\/es\/","logo":{"@type":"ImageObject","inLanguage":"es","@id":"https:\/\/tourtravelandmore.com\/es\/#\/schema\/logo\/image\/","url":"https:\/\/tourtravelandmore.com\/wp-content\/uploads\/2022\/12\/cropped-logo-cabecera-new.png","contentUrl":"https:\/\/tourtravelandmore.com\/wp-content\/uploads\/2022\/12\/cropped-logo-cabecera-new.png","width":430,"height":61,"caption":"Tour Travel And More"},"image":{"@id":"https:\/\/tourtravelandmore.com\/es\/#\/schema\/logo\/image\/"},"sameAs":["https:\/\/www.facebook.com\/tourtravelandmore\/","https:\/\/x.com\/TourTravel_More"]}]}},"_links":{"self":[{"href":"https:\/\/tourtravelandmore.com\/es\/wp-json\/wp\/v2\/product\/19683","targetHints":{"allow":["GET"]}}],"collection":[{"href":"https:\/\/tourtravelandmore.com\/es\/wp-json\/wp\/v2\/product"}],"about":[{"href":"https:\/\/tourtravelandmore.com\/es\/wp-json\/wp\/v2\/types\/product"}],"replies":[{"embeddable":true,"href":"https:\/\/tourtravelandmore.com\/es\/wp-json\/wp\/v2\/comments?post=19683"}],"wp:featuredmedia":[{"embeddable":true,"href":"https:\/\/tourtravelandmore.com\/es\/wp-json\/wp\/v2\/media\/19691"}],"wp:attachment":[{"href":"https:\/\/tourtravelandmore.com\/es\/wp-json\/wp\/v2\/media?parent=19683"}],"wp:term":[{"taxonomy":"product_brand","embeddable":true,"href":"https:\/\/tourtravelandmore.com\/es\/wp-json\/wp\/v2\/product_brand?post=19683"},{"taxonomy":"product_cat","embeddable":true,"href":"https:\/\/tourtravelandmore.com\/es\/wp-json\/wp\/v2\/product_cat?post=19683"},{"taxonomy":"product_tag","embeddable":true,"href":"https:\/\/tourtravelandmore.com\/es\/wp-json\/wp\/v2\/product_tag?post=19683"}],"curies":[{"name":"wp","href":"https:\/\/api.w.org\/{rel}","templated":true}]}}