{"id":19668,"date":"2018-03-28T13:55:04","date_gmt":"2018-03-28T11:55:07","guid":{"rendered":"http:\/\/tourtravelandmore.com\/es\/tours\/venecia-es\/tour-privado-a-galleria-accademia-venecia\/"},"modified":"2023-04-03T19:11:07","modified_gmt":"2023-04-03T17:11:07","slug":"tour-privado-a-la-galeria-accademia-en-venecia","status":"publish","type":"product","link":"https:\/\/tourtravelandmore.com\/es\/tours\/italia-es\/venecia-es\/tour-privado-a-la-galeria-accademia-en-venecia\/","title":{"rendered":"Tour Privado a Galer\u00eda Accademia en Venecia"},"content":{"rendered":"<h2><strong>Descripci\u00f3n del Tour Privado a Galer\u00eda Accademia en Venecia<\/strong><\/h2>\n<p>Disfrute visitando el museo m\u00e1s emblem\u00e1tico de <strong>Venecia<\/strong>, la <strong>Galer\u00eda Accademia<\/strong>, durante 2 horas con un <strong>gu\u00eda tur\u00edstico oficial privado<\/strong> especializado en arte. Como todos nuestros tours, este <strong>tour privado a Galer\u00eda Accademia en Venecia<\/strong> es un tour completamente personalizado.<\/p>\n<p><strong>Venecia<\/strong> es una de las \u00fanicas ciudades del mundo que no ha sufrido un cambio en toda su existencia. Lo que puedes ver hoy en Venecia es lo mismo que pod\u00edas ver (en t\u00e9rminos arquitect\u00f3nicos), hace 600 a\u00f1os.<\/p>\n<p>La <strong>Galer\u00eda Accademia<\/strong> se encuentra en la Scuola della Carit\u00e0 en la orilla sur del Gran Canal. Es un museo galer\u00eda de arte de antes del siglo XIX.<\/p>\n<p>En este tour privado a Galer\u00eda de Accademia en Venecia, su gu\u00eda privado le mostrar\u00e1 todas las obras de arte m\u00e1s importantes. Tendr\u00e1s a tu total disposici\u00f3n un gu\u00eda privado con mucho conocimiento de arte e historia.<\/p>\n<h2><strong>Puntos de inter\u00e9s en el Tour Privado a Galer\u00eda Accademia en Venecia<\/strong><\/h2>\n<p>La <strong>Galer\u00eda Accademia<\/strong> refleja todo el desarrollo del arte en Venecia desde el 1300 hasta el 1800. Durante su visita, podr\u00e1 ver algunas de las mejores obras renacentistas de artistas como Bellini, Tiziano y muchos m\u00e1s.<\/p>\n<p>En primer lugar, se encontrar\u00e1 con su gu\u00eda tur\u00edstico oficial privado en la entrada principal de la Galer\u00eda a la hora deseada por usted. La entrada a la <a href=\"http:\/\/www.gallerieaccademia.it\/prenotazioni\" rel=\"nofollow\">Galer\u00eda Accademia<\/a> est\u00e1 incluida en el precio del tour.<\/p>\n<p>Una vez en la Galer\u00eda, podr\u00e1 admirar las siguientes obras de arte:<\/p>\n<ul>\n<li><strong>Traslado del cuerpo de San Marcos, Tintoretto<\/strong><\/li>\n<li><strong>La creaci\u00f3n de animales, Tintoretto<\/strong><\/li>\n<li><strong>La tempestad, Giorgione<\/strong><\/li>\n<li><strong>Banquete en la casa de Levi, Veronese<\/strong><\/li>\n<li><strong>San Jorge, Mantegna<\/strong><\/li>\n<li><strong>Arcangel Rafael y Tob\u00edas, Tiziano<\/strong><\/li>\n<li><strong>Piedad, Tiziano<\/strong><\/li>\n<li>\u00a1Y mucho m\u00e1s!<\/li>\n<\/ul>\n<p>Este recorrido a pie privado es perfecto para los amantes del arte, la pintura y la historia. Venecia es una ciudad italiana \u00fanica que nunca deja de sorprenderte.<\/p>\n<p>Finalmente, su gu\u00eda tur\u00edstico oficial privado lo dejar\u00e1 en la entrada principal de la Galer\u00eda.<\/p>\n<p><strong>Tenemos diferentes opciones de tours privados en y desde Venecia, eche un vistazo a nuestra <a href=\"https:\/\/tourtravelandmore.com\/es\/ciudad\/italia-es\/venecia-es\/\">lista de tours privados y experiencias<\/a>.<\/strong><\/p>\n","protected":false},"excerpt":{"rendered":"<p>Acomp\u00e1\u00f1enos en este\u00a0<strong>tour privado a pie por Venecia<\/strong>. No pierda la oportunidad de disfrutar los sitios m\u00e1s emblem\u00e1ticos y representativos de Venecia<strong>\u00a0<\/strong>junto a un\u00a0<strong>gu\u00eda oficial privado<\/strong>\u00a0en su idioma deseado. Disfruta de los monumentos y zonas m\u00e1s emblem\u00e1ticas de Venecia. Conocer\u00e1 los monumentos, iglesias, plazas y sitios m\u00e1s representativos del centro de la ciudad!<\/p>\n","protected":false},"featured_media":19674,"comment_status":"open","ping_status":"closed","template":"","meta":{"_acf_changed":false},"product_brand":[],"product_cat":[701,707,731],"product_tag":[],"class_list":{"0":"post-19668","1":"product","2":"type-product","3":"status-publish","4":"has-post-thumbnail","6":"product_cat-venecia-es","7":"product_cat-venecia-actividades-es","8":"product_cat-venecia-tours-privados-pie-es","10":"first","11":"instock","12":"shipping-taxable","13":"purchasable","14":"product-type-simple"},"acf":[],"yoast_head":"<!-- This site is optimized with the Yoast SEO Premium plugin v25.3.1 (Yoast SEO v25.3.1) - https:\/\/yoast.com\/wordpress\/plugins\/seo\/ -->\n<title>Tour Privado a Galer\u00eda Accademia en Venecia | TTM<\/title>\n<meta name=\"description\" content=\"Disfrute de este Tour Privado a Galeria Accademia en Venecia con gu\u00eda local especilizado en Arte e historia. Entrada a la Galer\u00eda incluida en el tour \u2705\" \/>\n<meta name=\"robots\" content=\"index, follow, max-snippet:-1, max-image-preview:large, max-video-preview:-1\" \/>\n<link rel=\"canonical\" href=\"https:\/\/tourtravelandmore.com\/es\/tours\/italia-es\/venecia-es\/tour-privado-a-la-galeria-accademia-en-venecia\/\" \/>\n<meta property=\"og:locale\" content=\"es_ES\" \/>\n<meta property=\"og:type\" content=\"article\" \/>\n<meta property=\"og:title\" content=\"Tour Privado a Galer\u00eda Accademia en Venecia\" \/>\n<meta property=\"og:description\" content=\"Disfrute de este Tour Privado a Galeria Accademia en Venecia con gu\u00eda local especilizado en Arte e historia. Entrada a la Galer\u00eda incluida en el tour \u2705\" \/>\n<meta property=\"og:url\" content=\"https:\/\/tourtravelandmore.com\/es\/tours\/italia-es\/venecia-es\/tour-privado-a-la-galeria-accademia-en-venecia\/\" \/>\n<meta property=\"og:site_name\" content=\"Tour Travel And More\" \/>\n<meta property=\"article:publisher\" content=\"https:\/\/www.facebook.com\/tourtravelandmore\/\" \/>\n<meta property=\"article:modified_time\" content=\"2023-04-03T17:11:07+00:00\" \/>\n<meta property=\"og:image\" content=\"https:\/\/tourtravelandmore.com\/wp-content\/uploads\/2018\/03\/galleria-accademia.jpeg\" \/>\n\t<meta property=\"og:image:width\" content=\"880\" \/>\n\t<meta property=\"og:image:height\" content=\"408\" \/>\n\t<meta property=\"og:image:type\" content=\"image\/jpeg\" \/>\n<meta name=\"twitter:card\" content=\"summary_large_image\" \/>\n<meta name=\"twitter:site\" content=\"@TourTravel_More\" \/>\n<meta name=\"twitter:label1\" content=\"Tiempo de lectura\" \/>\n\t<meta name=\"twitter:data1\" content=\"2 minutos\" \/>\n<script type=\"application\/ld+json\" class=\"yoast-schema-graph\">{\"@context\":\"https:\/\/schema.org\",\"@graph\":[{\"@type\":\"WebPage\",\"@id\":\"https:\/\/tourtravelandmore.com\/es\/tours\/italia-es\/venecia-es\/tour-privado-a-la-galeria-accademia-en-venecia\/\",\"url\":\"https:\/\/tourtravelandmore.com\/es\/tours\/italia-es\/venecia-es\/tour-privado-a-la-galeria-accademia-en-venecia\/\",\"name\":\"Tour Privado a Galer\u00eda Accademia en Venecia | TTM\",\"isPartOf\":{\"@id\":\"https:\/\/tourtravelandmore.com\/es\/#website\"},\"primaryImageOfPage\":{\"@id\":\"https:\/\/tourtravelandmore.com\/es\/tours\/italia-es\/venecia-es\/tour-privado-a-la-galeria-accademia-en-venecia\/#primaryimage\"},\"image\":{\"@id\":\"https:\/\/tourtravelandmore.com\/es\/tours\/italia-es\/venecia-es\/tour-privado-a-la-galeria-accademia-en-venecia\/#primaryimage\"},\"thumbnailUrl\":\"https:\/\/tourtravelandmore.com\/wp-content\/uploads\/2018\/03\/galleria-accademia.jpeg\",\"datePublished\":\"2018-03-28T11:55:07+00:00\",\"dateModified\":\"2023-04-03T17:11:07+00:00\",\"description\":\"Disfrute de este Tour Privado a Galeria Accademia en Venecia con gu\u00eda local especilizado en Arte e historia. Entrada a la Galer\u00eda incluida en el tour \u2705\",\"breadcrumb\":{\"@id\":\"https:\/\/tourtravelandmore.com\/es\/tours\/italia-es\/venecia-es\/tour-privado-a-la-galeria-accademia-en-venecia\/#breadcrumb\"},\"inLanguage\":\"es\",\"potentialAction\":[{\"@type\":\"ReadAction\",\"target\":[\"https:\/\/tourtravelandmore.com\/es\/tours\/italia-es\/venecia-es\/tour-privado-a-la-galeria-accademia-en-venecia\/\"]}]},{\"@type\":\"ImageObject\",\"inLanguage\":\"es\",\"@id\":\"https:\/\/tourtravelandmore.com\/es\/tours\/italia-es\/venecia-es\/tour-privado-a-la-galeria-accademia-en-venecia\/#primaryimage\",\"url\":\"https:\/\/tourtravelandmore.com\/wp-content\/uploads\/2018\/03\/galleria-accademia.jpeg\",\"contentUrl\":\"https:\/\/tourtravelandmore.com\/wp-content\/uploads\/2018\/03\/galleria-accademia.jpeg\",\"width\":880,\"height\":408},{\"@type\":\"BreadcrumbList\",\"@id\":\"https:\/\/tourtravelandmore.com\/es\/tours\/italia-es\/venecia-es\/tour-privado-a-la-galeria-accademia-en-venecia\/#breadcrumb\",\"itemListElement\":[{\"@type\":\"ListItem\",\"position\":1,\"name\":\"Home\",\"item\":\"https:\/\/tourtravelandmore.com\/es\/\"},{\"@type\":\"ListItem\",\"position\":2,\"name\":\"Tours\",\"item\":\"https:\/\/tourtravelandmore.com\/es\/tours\/\"},{\"@type\":\"ListItem\",\"position\":3,\"name\":\"Tour Privado a Galer\u00eda Accademia en Venecia\"}]},{\"@type\":\"WebSite\",\"@id\":\"https:\/\/tourtravelandmore.com\/es\/#website\",\"url\":\"https:\/\/tourtravelandmore.com\/es\/\",\"name\":\"Tour Travel And More\",\"description\":\"Private sightseeing tours and luxury transfers in Spain\",\"publisher\":{\"@id\":\"https:\/\/tourtravelandmore.com\/es\/#organization\"},\"potentialAction\":[{\"@type\":\"SearchAction\",\"target\":{\"@type\":\"EntryPoint\",\"urlTemplate\":\"https:\/\/tourtravelandmore.com\/es\/?s={search_term_string}\"},\"query-input\":{\"@type\":\"PropertyValueSpecification\",\"valueRequired\":true,\"valueName\":\"search_term_string\"}}],\"inLanguage\":\"es\"},{\"@type\":\"Organization\",\"@id\":\"https:\/\/tourtravelandmore.com\/es\/#organization\",\"name\":\"Tour Travel And More\",\"url\":\"https:\/\/tourtravelandmore.com\/es\/\",\"logo\":{\"@type\":\"ImageObject\",\"inLanguage\":\"es\",\"@id\":\"https:\/\/tourtravelandmore.com\/es\/#\/schema\/logo\/image\/\",\"url\":\"https:\/\/tourtravelandmore.com\/wp-content\/uploads\/2022\/12\/cropped-logo-cabecera-new.png\",\"contentUrl\":\"https:\/\/tourtravelandmore.com\/wp-content\/uploads\/2022\/12\/cropped-logo-cabecera-new.png\",\"width\":430,\"height\":61,\"caption\":\"Tour Travel And More\"},\"image\":{\"@id\":\"https:\/\/tourtravelandmore.com\/es\/#\/schema\/logo\/image\/\"},\"sameAs\":[\"https:\/\/www.facebook.com\/tourtravelandmore\/\",\"https:\/\/x.com\/TourTravel_More\"]}]}<\/script>\n<!-- \/ Yoast SEO Premium plugin. -->","yoast_head_json":{"title":"Tour Privado a Galer\u00eda Accademia en Venecia | TTM","description":"Disfrute de este Tour Privado a Galeria Accademia en Venecia con gu\u00eda local especilizado en Arte e historia. Entrada a la Galer\u00eda incluida en el tour \u2705","robots":{"index":"index","follow":"follow","max-snippet":"max-snippet:-1","max-image-preview":"max-image-preview:large","max-video-preview":"max-video-preview:-1"},"canonical":"https:\/\/tourtravelandmore.com\/es\/tours\/italia-es\/venecia-es\/tour-privado-a-la-galeria-accademia-en-venecia\/","og_locale":"es_ES","og_type":"article","og_title":"Tour Privado a Galer\u00eda Accademia en Venecia","og_description":"Disfrute de este Tour Privado a Galeria Accademia en Venecia con gu\u00eda local especilizado en Arte e historia. Entrada a la Galer\u00eda incluida en el tour \u2705","og_url":"https:\/\/tourtravelandmore.com\/es\/tours\/italia-es\/venecia-es\/tour-privado-a-la-galeria-accademia-en-venecia\/","og_site_name":"Tour Travel And More","article_publisher":"https:\/\/www.facebook.com\/tourtravelandmore\/","article_modified_time":"2023-04-03T17:11:07+00:00","og_image":[{"width":880,"height":408,"url":"https:\/\/tourtravelandmore.com\/wp-content\/uploads\/2018\/03\/galleria-accademia.jpeg","type":"image\/jpeg"}],"twitter_card":"summary_large_image","twitter_site":"@TourTravel_More","twitter_misc":{"Tiempo de lectura":"2 minutos"},"schema":{"@context":"https:\/\/schema.org","@graph":[{"@type":"WebPage","@id":"https:\/\/tourtravelandmore.com\/es\/tours\/italia-es\/venecia-es\/tour-privado-a-la-galeria-accademia-en-venecia\/","url":"https:\/\/tourtravelandmore.com\/es\/tours\/italia-es\/venecia-es\/tour-privado-a-la-galeria-accademia-en-venecia\/","name":"Tour Privado a Galer\u00eda Accademia en Venecia | TTM","isPartOf":{"@id":"https:\/\/tourtravelandmore.com\/es\/#website"},"primaryImageOfPage":{"@id":"https:\/\/tourtravelandmore.com\/es\/tours\/italia-es\/venecia-es\/tour-privado-a-la-galeria-accademia-en-venecia\/#primaryimage"},"image":{"@id":"https:\/\/tourtravelandmore.com\/es\/tours\/italia-es\/venecia-es\/tour-privado-a-la-galeria-accademia-en-venecia\/#primaryimage"},"thumbnailUrl":"https:\/\/tourtravelandmore.com\/wp-content\/uploads\/2018\/03\/galleria-accademia.jpeg","datePublished":"2018-03-28T11:55:07+00:00","dateModified":"2023-04-03T17:11:07+00:00","description":"Disfrute de este Tour Privado a Galeria Accademia en Venecia con gu\u00eda local especilizado en Arte e historia. Entrada a la Galer\u00eda incluida en el tour \u2705","breadcrumb":{"@id":"https:\/\/tourtravelandmore.com\/es\/tours\/italia-es\/venecia-es\/tour-privado-a-la-galeria-accademia-en-venecia\/#breadcrumb"},"inLanguage":"es","potentialAction":[{"@type":"ReadAction","target":["https:\/\/tourtravelandmore.com\/es\/tours\/italia-es\/venecia-es\/tour-privado-a-la-galeria-accademia-en-venecia\/"]}]},{"@type":"ImageObject","inLanguage":"es","@id":"https:\/\/tourtravelandmore.com\/es\/tours\/italia-es\/venecia-es\/tour-privado-a-la-galeria-accademia-en-venecia\/#primaryimage","url":"https:\/\/tourtravelandmore.com\/wp-content\/uploads\/2018\/03\/galleria-accademia.jpeg","contentUrl":"https:\/\/tourtravelandmore.com\/wp-content\/uploads\/2018\/03\/galleria-accademia.jpeg","width":880,"height":408},{"@type":"BreadcrumbList","@id":"https:\/\/tourtravelandmore.com\/es\/tours\/italia-es\/venecia-es\/tour-privado-a-la-galeria-accademia-en-venecia\/#breadcrumb","itemListElement":[{"@type":"ListItem","position":1,"name":"Home","item":"https:\/\/tourtravelandmore.com\/es\/"},{"@type":"ListItem","position":2,"name":"Tours","item":"https:\/\/tourtravelandmore.com\/es\/tours\/"},{"@type":"ListItem","position":3,"name":"Tour Privado a Galer\u00eda Accademia en Venecia"}]},{"@type":"WebSite","@id":"https:\/\/tourtravelandmore.com\/es\/#website","url":"https:\/\/tourtravelandmore.com\/es\/","name":"Tour Travel And More","description":"Private sightseeing tours and luxury transfers in Spain","publisher":{"@id":"https:\/\/tourtravelandmore.com\/es\/#organization"},"potentialAction":[{"@type":"SearchAction","target":{"@type":"EntryPoint","urlTemplate":"https:\/\/tourtravelandmore.com\/es\/?s={search_term_string}"},"query-input":{"@type":"PropertyValueSpecification","valueRequired":true,"valueName":"search_term_string"}}],"inLanguage":"es"},{"@type":"Organization","@id":"https:\/\/tourtravelandmore.com\/es\/#organization","name":"Tour Travel And More","url":"https:\/\/tourtravelandmore.com\/es\/","logo":{"@type":"ImageObject","inLanguage":"es","@id":"https:\/\/tourtravelandmore.com\/es\/#\/schema\/logo\/image\/","url":"https:\/\/tourtravelandmore.com\/wp-content\/uploads\/2022\/12\/cropped-logo-cabecera-new.png","contentUrl":"https:\/\/tourtravelandmore.com\/wp-content\/uploads\/2022\/12\/cropped-logo-cabecera-new.png","width":430,"height":61,"caption":"Tour Travel And More"},"image":{"@id":"https:\/\/tourtravelandmore.com\/es\/#\/schema\/logo\/image\/"},"sameAs":["https:\/\/www.facebook.com\/tourtravelandmore\/","https:\/\/x.com\/TourTravel_More"]}]}},"_links":{"self":[{"href":"https:\/\/tourtravelandmore.com\/es\/wp-json\/wp\/v2\/product\/19668","targetHints":{"allow":["GET"]}}],"collection":[{"href":"https:\/\/tourtravelandmore.com\/es\/wp-json\/wp\/v2\/product"}],"about":[{"href":"https:\/\/tourtravelandmore.com\/es\/wp-json\/wp\/v2\/types\/product"}],"replies":[{"embeddable":true,"href":"https:\/\/tourtravelandmore.com\/es\/wp-json\/wp\/v2\/comments?post=19668"}],"wp:featuredmedia":[{"embeddable":true,"href":"https:\/\/tourtravelandmore.com\/es\/wp-json\/wp\/v2\/media\/19674"}],"wp:attachment":[{"href":"https:\/\/tourtravelandmore.com\/es\/wp-json\/wp\/v2\/media?parent=19668"}],"wp:term":[{"taxonomy":"product_brand","embeddable":true,"href":"https:\/\/tourtravelandmore.com\/es\/wp-json\/wp\/v2\/product_brand?post=19668"},{"taxonomy":"product_cat","embeddable":true,"href":"https:\/\/tourtravelandmore.com\/es\/wp-json\/wp\/v2\/product_cat?post=19668"},{"taxonomy":"product_tag","embeddable":true,"href":"https:\/\/tourtravelandmore.com\/es\/wp-json\/wp\/v2\/product_tag?post=19668"}],"curies":[{"name":"wp","href":"https:\/\/api.w.org\/{rel}","templated":true}]}}