{"id":19533,"date":"2018-03-23T16:31:09","date_gmt":"2018-03-23T15:31:12","guid":{"rendered":"http:\/\/tourtravelandmore.com\/es\/tours\/genova-es\/transfer-privado-en-genoa\/"},"modified":"2023-08-28T11:46:36","modified_gmt":"2023-08-28T09:46:36","slug":"traslados-privado-en-genoa-o-ciudad-cercana","status":"publish","type":"product","link":"https:\/\/tourtravelandmore.com\/es\/tours\/italia-es\/genova-es\/traslados-privado-en-genoa-o-ciudad-cercana\/","title":{"rendered":"Traslados Privados en G\u00e9nova &#8211; hacia\/desde cualquier sitio"},"content":{"rendered":"<h2><b>Descripci\u00f3n de Traslados Privados en G\u00e9nova<\/b><\/h2>\n<p><span style=\"font-weight: 400;\">Al poner un pie en la fascinante ciudad de G\u00e9nova, prep\u00e1rese para ser envuelto en un ambiente de puro lujo y confort con nuestros veh\u00edculos privados de primer nivel. En Traslados Privados G\u00e9nova, no s\u00f3lo proporcionamos transporte; creamos experiencias de viaje a medida. Nuestra filosof\u00eda gira en torno a entrelazar lujo y rapidez, esforz\u00e1ndonos no s\u00f3lo en transportarle a su destino, sino en hacer que el viaje sea tan espl\u00e9ndido como la llegada.<\/span><\/p>\n<p><span style=\"font-weight: 400;\">Nuestra amplia gama de servicios refleja nuestro compromiso de satisfacer y superar sus necesidades de viaje. Atendiendo tanto a las necesidades individuales como a las de grupo, ofrecemos traslados fluidos a puntos de tr\u00e1nsito fundamentales como aeropuertos, estaciones de tren y puertos mar\u00edtimos. Adem\u00e1s, nuestros servicios se extienden m\u00e1s all\u00e1 de G\u00e9nova, con rutas meticulosamente planificadas a los encantadores lugares y atracciones cercanos.<\/span><\/p>\n<p><span style=\"font-weight: 400;\">Entrar en una nueva ciudad a veces puede ser abrumador, pero con Traslados Privados G\u00e9nova, se encontrar\u00e1 con una sensaci\u00f3n de familiaridad. Nuestro dedicado personal, profesionalmente formado y cort\u00e9s, espera su llegada. Distinguibles en medio del ajetreo de la terminal, sostienen carteles personalizados, asegurando una conexi\u00f3n inmediata y c\u00e1lida.<\/span><\/p>\n<p><span style=\"font-weight: 400;\">El encanto de G\u00e9nova es innegable, y creemos que el viaje por sus calles no deber\u00eda ser diferente. Viva la ciudad como nunca antes, ya que nuestras rutas, aunque eficientes, est\u00e1n dise\u00f1adas para ofrecerle vistas pintorescas. Contemple la intrincada interacci\u00f3n de la vida contempor\u00e1nea con un tel\u00f3n de fondo de maravillas arquitect\u00f3nicas atemporales y relatos hist\u00f3ricos, todo ello desde el lujoso interior de nuestros veh\u00edculos.<\/span><\/p>\n<p><span style=\"font-weight: 400;\">Nuestros servicios se ven acentuados por la comodidad que aportamos a sus viajes. Ya se trate de un vuelo a primera hora de la ma\u00f1ana o de un tren nocturno, nuestras recogidas a domicilio garantizan la puntualidad sin comprometer la comodidad. No importa d\u00f3nde elija alojarse: entre las animadas calles de G\u00e9nova, la tranquila belleza de Portofino o las bulliciosas callejuelas de Mil\u00e1n, le prometemos una llegada puntual, complementada con el lujo que nos caracteriza.<\/span><\/p>\n<h2><b>Caracter\u00edsticas principales de nuestros traslados privados en G\u00e9nova:<\/b><\/h2>\n<ul>\n<li style=\"font-weight: 400;\" aria-level=\"1\"><b>Experiencia a medida:<\/b><span style=\"font-weight: 400;\"> Cada traslado es m\u00e1s que un simple viaje; es una experiencia personalizada, adaptada a sus preferencias y horarios.<\/span><\/li>\n<li style=\"font-weight: 400;\" aria-level=\"1\"><b>Flota de lujo: <\/b><span style=\"font-weight: 400;\">Recorra la ciudad en nuestros veh\u00edculos de alta gama, ep\u00edtome del lujo y mantenidos con los m\u00e1s altos est\u00e1ndares de higiene y rendimiento.<\/span><\/li>\n<li style=\"font-weight: 400;\" aria-level=\"1\"><b>Proceso de reserva sencillo:<\/b><span style=\"font-weight: 400;\"> Haga su reserva y reciba un correo electr\u00f3nico de confirmaci\u00f3n. Para una experiencia de traslado sin problemas, comparta detalles como la informaci\u00f3n del vuelo\/crucero, la llegada prevista y la aerol\u00ednea o barco espec\u00edfico. Una confirmaci\u00f3n final de estos detalles entre 24 y 48 horas antes de su llegada garantiza la prestaci\u00f3n de un servicio impecable.<\/span><\/li>\n<li style=\"font-weight: 400;\" aria-level=\"1\"><b>Flexibilidad de equipaje:<\/b><span style=\"font-weight: 400;\"> Apreciamos la diversidad de las necesidades de viaje de nuestros clientes. Aunque no imponemos l\u00edmites de equipaje, informarnos de un exceso de equipaje garantiza que despleguemos veh\u00edculos adecuados para su comodidad. Tenga en cuenta que si el equipaje es muy voluminoso, podr\u00edan aplicarse cargos adicionales.<\/span><\/li>\n<li style=\"font-weight: 400;\" aria-level=\"1\"><b>Opciones familiares:<\/b><span style=\"font-weight: 400;\"> Si su s\u00e9quito incluye miembros j\u00f3venes, inf\u00f3rmenos con antelaci\u00f3n sobre los requisitos de asientos para beb\u00e9s o ni\u00f1os. Damos prioridad a la seguridad y comodidad de su familia.<\/span><\/li>\n<\/ul>\n<p><span style=\"font-weight: 400;\">En Tour Travel and more, cada viaje es un testimonio de nuestro compromiso con la excelencia. P\u00f3ngase en contacto con nosotros hoy mismo y perm\u00edtanos <\/span><a href=\"https:\/\/tourtravelandmore.com\/es\/ciudad\/italia-es\/genova-es\/\"><span style=\"font-weight: 400;\">redefinir su experiencia de G\u00e9nova noci\u00f3n de viajes de lujo.<\/span><\/a><\/p>\n","protected":false},"excerpt":{"rendered":"<p>Aproveche esta oportunidad para <strong>llegar a su destino final en G\u00e9nova<\/strong>\u00a0de la manera m\u00e1s c\u00f3moda y r\u00e1pida posible.<br \/>\nOrganizamos recogidas desde su hotel, aeropuerto, terminal de cruceros o cualquier lugar de <strong>G\u00e9nova<\/strong>. Es posible coordinar transfers privados desde\/hasta G\u00e9nova desde otras ciudades en Italia.<\/p>\n","protected":false},"featured_media":16060,"comment_status":"open","ping_status":"closed","template":"","meta":{"_acf_changed":false},"product_brand":[],"product_cat":[698,704,722],"product_tag":[],"class_list":{"0":"post-19533","1":"product","2":"type-product","3":"status-publish","4":"has-post-thumbnail","6":"product_cat-genova-es","7":"product_cat-genova-actividades-es","8":"product_cat-genova-traslados-es","10":"first","11":"instock","12":"shipping-taxable","13":"purchasable","14":"product-type-simple"},"acf":[],"yoast_head":"<!-- This site is optimized with the Yoast SEO Premium plugin v25.3.1 (Yoast SEO v25.3.1) - https:\/\/yoast.com\/wordpress\/plugins\/seo\/ -->\n<title>\u27a1\ufe0f Los mejores traslados privados de G\u00e9nova: Lujo y eficiencia combinados | Tour Travel &amp; More<\/title>\n<meta name=\"description\" content=\"Viaje a trav\u00e9s de G\u00e9nova en un lujo sin igual. Desde aeropuertos hasta rutas panor\u00e1micas, ofrecemos traslados privados personalizados, eficientes y de alta gama adaptados a todas sus necesidades \u2705\" \/>\n<meta name=\"robots\" content=\"index, follow, max-snippet:-1, max-image-preview:large, max-video-preview:-1\" \/>\n<link rel=\"canonical\" href=\"https:\/\/tourtravelandmore.com\/es\/tours\/italia-es\/genova-es\/traslados-privado-en-genoa-o-ciudad-cercana\/\" \/>\n<meta property=\"og:locale\" content=\"es_ES\" \/>\n<meta property=\"og:type\" content=\"article\" \/>\n<meta property=\"og:title\" content=\"Traslados Privados en G\u00e9nova - hacia\/desde cualquier sitio\" \/>\n<meta property=\"og:description\" content=\"Viaje a trav\u00e9s de G\u00e9nova en un lujo sin igual. Desde aeropuertos hasta rutas panor\u00e1micas, ofrecemos traslados privados personalizados, eficientes y de alta gama adaptados a todas sus necesidades \u2705\" \/>\n<meta property=\"og:url\" content=\"https:\/\/tourtravelandmore.com\/es\/tours\/italia-es\/genova-es\/traslados-privado-en-genoa-o-ciudad-cercana\/\" \/>\n<meta property=\"og:site_name\" content=\"Tour Travel And More\" \/>\n<meta property=\"article:publisher\" content=\"https:\/\/www.facebook.com\/tourtravelandmore\/\" \/>\n<meta property=\"article:modified_time\" content=\"2023-08-28T09:46:36+00:00\" \/>\n<meta property=\"og:image\" content=\"https:\/\/tourtravelandmore.com\/wp-content\/uploads\/2016\/03\/cars.jpg\" \/>\n\t<meta property=\"og:image:width\" content=\"400\" \/>\n\t<meta property=\"og:image:height\" content=\"257\" \/>\n\t<meta property=\"og:image:type\" content=\"image\/jpeg\" \/>\n<meta name=\"twitter:card\" content=\"summary_large_image\" \/>\n<meta name=\"twitter:site\" content=\"@TourTravel_More\" \/>\n<meta name=\"twitter:label1\" content=\"Tiempo de lectura\" \/>\n\t<meta name=\"twitter:data1\" content=\"3 minutos\" \/>\n<script type=\"application\/ld+json\" class=\"yoast-schema-graph\">{\"@context\":\"https:\/\/schema.org\",\"@graph\":[{\"@type\":\"WebPage\",\"@id\":\"https:\/\/tourtravelandmore.com\/es\/tours\/italia-es\/genova-es\/traslados-privado-en-genoa-o-ciudad-cercana\/\",\"url\":\"https:\/\/tourtravelandmore.com\/es\/tours\/italia-es\/genova-es\/traslados-privado-en-genoa-o-ciudad-cercana\/\",\"name\":\"\u27a1\ufe0f Los mejores traslados privados de G\u00e9nova: Lujo y eficiencia combinados | Tour Travel & More\",\"isPartOf\":{\"@id\":\"https:\/\/tourtravelandmore.com\/es\/#website\"},\"primaryImageOfPage\":{\"@id\":\"https:\/\/tourtravelandmore.com\/es\/tours\/italia-es\/genova-es\/traslados-privado-en-genoa-o-ciudad-cercana\/#primaryimage\"},\"image\":{\"@id\":\"https:\/\/tourtravelandmore.com\/es\/tours\/italia-es\/genova-es\/traslados-privado-en-genoa-o-ciudad-cercana\/#primaryimage\"},\"thumbnailUrl\":\"https:\/\/tourtravelandmore.com\/wp-content\/uploads\/2016\/03\/cars.jpg\",\"datePublished\":\"2018-03-23T15:31:12+00:00\",\"dateModified\":\"2023-08-28T09:46:36+00:00\",\"description\":\"Viaje a trav\u00e9s de G\u00e9nova en un lujo sin igual. Desde aeropuertos hasta rutas panor\u00e1micas, ofrecemos traslados privados personalizados, eficientes y de alta gama adaptados a todas sus necesidades \u2705\",\"breadcrumb\":{\"@id\":\"https:\/\/tourtravelandmore.com\/es\/tours\/italia-es\/genova-es\/traslados-privado-en-genoa-o-ciudad-cercana\/#breadcrumb\"},\"inLanguage\":\"es\",\"potentialAction\":[{\"@type\":\"ReadAction\",\"target\":[\"https:\/\/tourtravelandmore.com\/es\/tours\/italia-es\/genova-es\/traslados-privado-en-genoa-o-ciudad-cercana\/\"]}]},{\"@type\":\"ImageObject\",\"inLanguage\":\"es\",\"@id\":\"https:\/\/tourtravelandmore.com\/es\/tours\/italia-es\/genova-es\/traslados-privado-en-genoa-o-ciudad-cercana\/#primaryimage\",\"url\":\"https:\/\/tourtravelandmore.com\/wp-content\/uploads\/2016\/03\/cars.jpg\",\"contentUrl\":\"https:\/\/tourtravelandmore.com\/wp-content\/uploads\/2016\/03\/cars.jpg\",\"width\":400,\"height\":257},{\"@type\":\"BreadcrumbList\",\"@id\":\"https:\/\/tourtravelandmore.com\/es\/tours\/italia-es\/genova-es\/traslados-privado-en-genoa-o-ciudad-cercana\/#breadcrumb\",\"itemListElement\":[{\"@type\":\"ListItem\",\"position\":1,\"name\":\"Home\",\"item\":\"https:\/\/tourtravelandmore.com\/es\/\"},{\"@type\":\"ListItem\",\"position\":2,\"name\":\"Tours\",\"item\":\"https:\/\/tourtravelandmore.com\/es\/tours\/\"},{\"@type\":\"ListItem\",\"position\":3,\"name\":\"Traslados Privados en G\u00e9nova &#8211; hacia\/desde cualquier sitio\"}]},{\"@type\":\"WebSite\",\"@id\":\"https:\/\/tourtravelandmore.com\/es\/#website\",\"url\":\"https:\/\/tourtravelandmore.com\/es\/\",\"name\":\"Tour Travel And More\",\"description\":\"Private sightseeing tours and luxury transfers in Spain\",\"publisher\":{\"@id\":\"https:\/\/tourtravelandmore.com\/es\/#organization\"},\"potentialAction\":[{\"@type\":\"SearchAction\",\"target\":{\"@type\":\"EntryPoint\",\"urlTemplate\":\"https:\/\/tourtravelandmore.com\/es\/?s={search_term_string}\"},\"query-input\":{\"@type\":\"PropertyValueSpecification\",\"valueRequired\":true,\"valueName\":\"search_term_string\"}}],\"inLanguage\":\"es\"},{\"@type\":\"Organization\",\"@id\":\"https:\/\/tourtravelandmore.com\/es\/#organization\",\"name\":\"Tour Travel And More\",\"url\":\"https:\/\/tourtravelandmore.com\/es\/\",\"logo\":{\"@type\":\"ImageObject\",\"inLanguage\":\"es\",\"@id\":\"https:\/\/tourtravelandmore.com\/es\/#\/schema\/logo\/image\/\",\"url\":\"https:\/\/tourtravelandmore.com\/wp-content\/uploads\/2022\/12\/cropped-logo-cabecera-new.png\",\"contentUrl\":\"https:\/\/tourtravelandmore.com\/wp-content\/uploads\/2022\/12\/cropped-logo-cabecera-new.png\",\"width\":430,\"height\":61,\"caption\":\"Tour Travel And More\"},\"image\":{\"@id\":\"https:\/\/tourtravelandmore.com\/es\/#\/schema\/logo\/image\/\"},\"sameAs\":[\"https:\/\/www.facebook.com\/tourtravelandmore\/\",\"https:\/\/x.com\/TourTravel_More\"]}]}<\/script>\n<!-- \/ Yoast SEO Premium plugin. -->","yoast_head_json":{"title":"\u27a1\ufe0f Los mejores traslados privados de G\u00e9nova: Lujo y eficiencia combinados | Tour Travel & More","description":"Viaje a trav\u00e9s de G\u00e9nova en un lujo sin igual. Desde aeropuertos hasta rutas panor\u00e1micas, ofrecemos traslados privados personalizados, eficientes y de alta gama adaptados a todas sus necesidades \u2705","robots":{"index":"index","follow":"follow","max-snippet":"max-snippet:-1","max-image-preview":"max-image-preview:large","max-video-preview":"max-video-preview:-1"},"canonical":"https:\/\/tourtravelandmore.com\/es\/tours\/italia-es\/genova-es\/traslados-privado-en-genoa-o-ciudad-cercana\/","og_locale":"es_ES","og_type":"article","og_title":"Traslados Privados en G\u00e9nova - hacia\/desde cualquier sitio","og_description":"Viaje a trav\u00e9s de G\u00e9nova en un lujo sin igual. Desde aeropuertos hasta rutas panor\u00e1micas, ofrecemos traslados privados personalizados, eficientes y de alta gama adaptados a todas sus necesidades \u2705","og_url":"https:\/\/tourtravelandmore.com\/es\/tours\/italia-es\/genova-es\/traslados-privado-en-genoa-o-ciudad-cercana\/","og_site_name":"Tour Travel And More","article_publisher":"https:\/\/www.facebook.com\/tourtravelandmore\/","article_modified_time":"2023-08-28T09:46:36+00:00","og_image":[{"width":400,"height":257,"url":"https:\/\/tourtravelandmore.com\/wp-content\/uploads\/2016\/03\/cars.jpg","type":"image\/jpeg"}],"twitter_card":"summary_large_image","twitter_site":"@TourTravel_More","twitter_misc":{"Tiempo de lectura":"3 minutos"},"schema":{"@context":"https:\/\/schema.org","@graph":[{"@type":"WebPage","@id":"https:\/\/tourtravelandmore.com\/es\/tours\/italia-es\/genova-es\/traslados-privado-en-genoa-o-ciudad-cercana\/","url":"https:\/\/tourtravelandmore.com\/es\/tours\/italia-es\/genova-es\/traslados-privado-en-genoa-o-ciudad-cercana\/","name":"\u27a1\ufe0f Los mejores traslados privados de G\u00e9nova: Lujo y eficiencia combinados | Tour Travel & More","isPartOf":{"@id":"https:\/\/tourtravelandmore.com\/es\/#website"},"primaryImageOfPage":{"@id":"https:\/\/tourtravelandmore.com\/es\/tours\/italia-es\/genova-es\/traslados-privado-en-genoa-o-ciudad-cercana\/#primaryimage"},"image":{"@id":"https:\/\/tourtravelandmore.com\/es\/tours\/italia-es\/genova-es\/traslados-privado-en-genoa-o-ciudad-cercana\/#primaryimage"},"thumbnailUrl":"https:\/\/tourtravelandmore.com\/wp-content\/uploads\/2016\/03\/cars.jpg","datePublished":"2018-03-23T15:31:12+00:00","dateModified":"2023-08-28T09:46:36+00:00","description":"Viaje a trav\u00e9s de G\u00e9nova en un lujo sin igual. Desde aeropuertos hasta rutas panor\u00e1micas, ofrecemos traslados privados personalizados, eficientes y de alta gama adaptados a todas sus necesidades \u2705","breadcrumb":{"@id":"https:\/\/tourtravelandmore.com\/es\/tours\/italia-es\/genova-es\/traslados-privado-en-genoa-o-ciudad-cercana\/#breadcrumb"},"inLanguage":"es","potentialAction":[{"@type":"ReadAction","target":["https:\/\/tourtravelandmore.com\/es\/tours\/italia-es\/genova-es\/traslados-privado-en-genoa-o-ciudad-cercana\/"]}]},{"@type":"ImageObject","inLanguage":"es","@id":"https:\/\/tourtravelandmore.com\/es\/tours\/italia-es\/genova-es\/traslados-privado-en-genoa-o-ciudad-cercana\/#primaryimage","url":"https:\/\/tourtravelandmore.com\/wp-content\/uploads\/2016\/03\/cars.jpg","contentUrl":"https:\/\/tourtravelandmore.com\/wp-content\/uploads\/2016\/03\/cars.jpg","width":400,"height":257},{"@type":"BreadcrumbList","@id":"https:\/\/tourtravelandmore.com\/es\/tours\/italia-es\/genova-es\/traslados-privado-en-genoa-o-ciudad-cercana\/#breadcrumb","itemListElement":[{"@type":"ListItem","position":1,"name":"Home","item":"https:\/\/tourtravelandmore.com\/es\/"},{"@type":"ListItem","position":2,"name":"Tours","item":"https:\/\/tourtravelandmore.com\/es\/tours\/"},{"@type":"ListItem","position":3,"name":"Traslados Privados en G\u00e9nova &#8211; hacia\/desde cualquier sitio"}]},{"@type":"WebSite","@id":"https:\/\/tourtravelandmore.com\/es\/#website","url":"https:\/\/tourtravelandmore.com\/es\/","name":"Tour Travel And More","description":"Private sightseeing tours and luxury transfers in Spain","publisher":{"@id":"https:\/\/tourtravelandmore.com\/es\/#organization"},"potentialAction":[{"@type":"SearchAction","target":{"@type":"EntryPoint","urlTemplate":"https:\/\/tourtravelandmore.com\/es\/?s={search_term_string}"},"query-input":{"@type":"PropertyValueSpecification","valueRequired":true,"valueName":"search_term_string"}}],"inLanguage":"es"},{"@type":"Organization","@id":"https:\/\/tourtravelandmore.com\/es\/#organization","name":"Tour Travel And More","url":"https:\/\/tourtravelandmore.com\/es\/","logo":{"@type":"ImageObject","inLanguage":"es","@id":"https:\/\/tourtravelandmore.com\/es\/#\/schema\/logo\/image\/","url":"https:\/\/tourtravelandmore.com\/wp-content\/uploads\/2022\/12\/cropped-logo-cabecera-new.png","contentUrl":"https:\/\/tourtravelandmore.com\/wp-content\/uploads\/2022\/12\/cropped-logo-cabecera-new.png","width":430,"height":61,"caption":"Tour Travel And More"},"image":{"@id":"https:\/\/tourtravelandmore.com\/es\/#\/schema\/logo\/image\/"},"sameAs":["https:\/\/www.facebook.com\/tourtravelandmore\/","https:\/\/x.com\/TourTravel_More"]}]}},"_links":{"self":[{"href":"https:\/\/tourtravelandmore.com\/es\/wp-json\/wp\/v2\/product\/19533","targetHints":{"allow":["GET"]}}],"collection":[{"href":"https:\/\/tourtravelandmore.com\/es\/wp-json\/wp\/v2\/product"}],"about":[{"href":"https:\/\/tourtravelandmore.com\/es\/wp-json\/wp\/v2\/types\/product"}],"replies":[{"embeddable":true,"href":"https:\/\/tourtravelandmore.com\/es\/wp-json\/wp\/v2\/comments?post=19533"}],"wp:featuredmedia":[{"embeddable":true,"href":"https:\/\/tourtravelandmore.com\/es\/wp-json\/wp\/v2\/media\/16060"}],"wp:attachment":[{"href":"https:\/\/tourtravelandmore.com\/es\/wp-json\/wp\/v2\/media?parent=19533"}],"wp:term":[{"taxonomy":"product_brand","embeddable":true,"href":"https:\/\/tourtravelandmore.com\/es\/wp-json\/wp\/v2\/product_brand?post=19533"},{"taxonomy":"product_cat","embeddable":true,"href":"https:\/\/tourtravelandmore.com\/es\/wp-json\/wp\/v2\/product_cat?post=19533"},{"taxonomy":"product_tag","embeddable":true,"href":"https:\/\/tourtravelandmore.com\/es\/wp-json\/wp\/v2\/product_tag?post=19533"}],"curies":[{"name":"wp","href":"https:\/\/api.w.org\/{rel}","templated":true}]}}