{"id":19523,"date":"2018-03-23T16:27:44","date_gmt":"2018-03-23T15:27:48","guid":{"rendered":"http:\/\/tourtravelandmore.com\/es\/tours\/venecia-es\/excursion-privada-de-venecia-con-guia-oficial-privado\/"},"modified":"2023-04-10T15:31:47","modified_gmt":"2023-04-10T13:31:47","slug":"tour-privado-de-venecia-desde-el-puerto","status":"publish","type":"product","link":"https:\/\/tourtravelandmore.com\/es\/tours\/italia-es\/venecia-es\/tour-privado-de-venecia-desde-el-puerto\/","title":{"rendered":"Tour Privado de Venecia desde el Puerto"},"content":{"rendered":"<h2><strong>Descripci\u00f3n del Tour Privado de Venecia desde el Puerto<\/strong><\/h2>\n<p>Si llega a Venecia en crucero, este <strong>tour privado de Venecia desde el puerto<\/strong> es la opci\u00f3n perfecta para usted. Organizaremos un <strong>bote privado<\/strong> desde su barco hasta el centro hist\u00f3rico de Venecia y luego, un traslado privado de regreso. Una vez en Venecia, disfrutar\u00e1 de una visita guiada de 3 horas con un <strong>gu\u00eda tur\u00edstico oficial privado<\/strong>.<\/p>\n<p><strong>Venecia<\/strong> es la capital de la regi\u00f3n norte de <strong>Veneto.<\/strong> Compuesto por m\u00e1s de <strong>100 peque\u00f1as islas,<\/strong> la ciudad est\u00e1 ubicada en una <strong>laguna<\/strong> del <strong>mar Adri\u00e1tico.<\/strong> Es una de las ciudades m\u00e1s visitadas de Italia. Todos los a\u00f1os celebran su muy conocido carnaval durante el mes de febrero.<\/p>\n<p>Con este <strong>tour privado<\/strong> de <strong>Venecia<\/strong> desde el <strong>puerto<\/strong> de <strong>cruceros,<\/strong> tendr\u00e1 la oportunidad de pasear por una de las ciudades m\u00e1s visitadas de Italia. Es la opci\u00f3n perfecta para aquellos que solo disponen de unas horas para visitar Venecia.<\/p>\n<p>Si no est\u00e1 interesado en un traslado en barco privado, tambi\u00e9n podemos ofrecerle la opci\u00f3n de un <a href=\"https:\/\/tourtravelandmore.com\/es\/tours\/italia-es\/venecia-es\/tour-privado-de-venecia-con-guia-oficial\/\">tour a pie privado en Venecia<\/a>, \u00a1eche un vistazo!<\/p>\n<h2><strong>Puntos de inter\u00e9s del Tour Privado de Venecia desde el Puerto<\/strong><\/h2>\n<p><strong>Venecia<\/strong> es una ciudad llena de arte, arquitectura, puentes y hermosas vistas, y podr\u00e1s verificar todo esto con este tour privado.<\/p>\n<p>Su primer contacto con <strong>Tour Travel &amp; More<\/strong> ser\u00e1 en la terminal de cruceros, donde su bote privado lo estar\u00e1 esperando. La recogida ser\u00e1 a la hora deseada por usted.<\/p>\n<p>Una vez en <strong>Venecia,<\/strong> se encontrar\u00e1 con su gu\u00eda tur\u00edstico oficial para una visita guiada de <strong>3<\/strong> <strong>horas.<\/strong> Entre otros monumentos y lugares de inter\u00e9s que puede conocer durante este tour privado por Venecia:<\/p>\n<ul>\n<li><strong>Plaza de San Marcos<\/strong><\/li>\n<li><a href=\"http:\/\/www.basilicasanmarco.it\/?lang=en\">Bas\u00edlica de San Marcos<\/a><\/li>\n<li><strong>Puente de Rialto<\/strong><\/li>\n<li><strong>Gran Canal de Venecia<\/strong><\/li>\n<li><strong>Galer\u00eda Accademia<\/strong><\/li>\n<li><strong>Puente de los suspiros<\/strong><\/li>\n<li><strong>Palacio Ducal<\/strong><\/li>\n<li><strong>\u00a1Mucho m\u00e1s!<\/strong><\/li>\n<\/ul>\n<p>Cada gu\u00eda es un <strong>gu\u00eda tur\u00edstico oficial<\/strong> de <strong>Venecia<\/strong> y no solo tiene licencia, sino tambi\u00e9n un gu\u00eda tur\u00edstico profesional con un gran conocimiento de la ciudad y su historia. Podemos incluir entradas a cualquier monumento o museo que le gustar\u00eda visitar.<\/p>\n<p>En caso de que desee disfrutar de una experiencia total, podemos organizar un paseo en g\u00f3ndola de 30 minutos solo para usted y su grupo. Solo tienes que ponerte en contacto con nosotros y decirnos qu\u00e9 esperas ver en este tour y lo organizaremos todo por ti.<\/p>\n<p><strong>Finalmente, tomar\u00e1 un bote privado de regreso a su crucero en el puerto de Venecia.<\/strong><\/p>\n","protected":false},"excerpt":{"rendered":"<p>Los cruceros te da la oportunidad de visitar diferentes ciudades. <strong>Disfruta de este tour privado de Venecia, donde podr\u00e1s visitar la plaza San Marcos, la Bas\u00edlica de San Marcos, el puente de Rialto y mucho m\u00e1s.<\/strong> Transporte privado desde y hacia el puerto de cruceros de Venecia incluido.<\/p>\n","protected":false},"featured_media":19598,"comment_status":"open","ping_status":"closed","template":"","meta":{"_acf_changed":false},"product_brand":[],"product_cat":[701,707,719,816],"product_tag":[],"class_list":{"0":"post-19523","1":"product","2":"type-product","3":"status-publish","4":"has-post-thumbnail","6":"product_cat-venecia-es","7":"product_cat-venecia-actividades-es","8":"product_cat-venecia-rutas-turisticas-privadas-es","9":"product_cat-venecia-excursiones-privadas-cruceros-es","11":"first","12":"instock","13":"shipping-taxable","14":"purchasable","15":"product-type-simple"},"acf":[],"yoast_head":"<!-- This site is optimized with the Yoast SEO Premium plugin v25.3.1 (Yoast SEO v25.3.1) - https:\/\/yoast.com\/wordpress\/plugins\/seo\/ -->\n<title>Tour Privado de Venecia desde el Puerto en bote privado | TTM<\/title>\n<meta name=\"description\" content=\"Disfrute de este Tour Privado de Venecia desde el Puerto. Transporte privado en bote desde y hasta el puerto de Venecia y gu\u00eda oficial local \u2705\" \/>\n<meta name=\"robots\" content=\"index, follow, max-snippet:-1, max-image-preview:large, max-video-preview:-1\" \/>\n<link rel=\"canonical\" href=\"https:\/\/tourtravelandmore.com\/es\/tours\/italia-es\/venecia-es\/tour-privado-de-venecia-desde-el-puerto\/\" \/>\n<meta property=\"og:locale\" content=\"es_ES\" \/>\n<meta property=\"og:type\" content=\"article\" \/>\n<meta property=\"og:title\" content=\"Tour Privado de Venecia desde el Puerto\" \/>\n<meta property=\"og:description\" content=\"Disfrute de este Tour Privado de Venecia desde el Puerto. Transporte privado en bote desde y hasta el puerto de Venecia y gu\u00eda oficial local \u2705\" \/>\n<meta property=\"og:url\" content=\"https:\/\/tourtravelandmore.com\/es\/tours\/italia-es\/venecia-es\/tour-privado-de-venecia-desde-el-puerto\/\" \/>\n<meta property=\"og:site_name\" content=\"Tour Travel And More\" \/>\n<meta property=\"article:publisher\" content=\"https:\/\/www.facebook.com\/tourtravelandmore\/\" \/>\n<meta property=\"article:modified_time\" content=\"2023-04-10T13:31:47+00:00\" \/>\n<meta property=\"og:image\" content=\"https:\/\/tourtravelandmore.com\/wp-content\/uploads\/2018\/03\/Best-Things-to-do-in-Venice-Italy-1163x775.jpg\" \/>\n\t<meta property=\"og:image:width\" content=\"1163\" \/>\n\t<meta property=\"og:image:height\" content=\"775\" \/>\n\t<meta property=\"og:image:type\" content=\"image\/jpeg\" \/>\n<meta name=\"twitter:card\" content=\"summary_large_image\" \/>\n<meta name=\"twitter:site\" content=\"@TourTravel_More\" \/>\n<meta name=\"twitter:label1\" content=\"Tiempo de lectura\" \/>\n\t<meta name=\"twitter:data1\" content=\"2 minutos\" \/>\n<script type=\"application\/ld+json\" class=\"yoast-schema-graph\">{\"@context\":\"https:\/\/schema.org\",\"@graph\":[{\"@type\":\"WebPage\",\"@id\":\"https:\/\/tourtravelandmore.com\/es\/tours\/italia-es\/venecia-es\/tour-privado-de-venecia-desde-el-puerto\/\",\"url\":\"https:\/\/tourtravelandmore.com\/es\/tours\/italia-es\/venecia-es\/tour-privado-de-venecia-desde-el-puerto\/\",\"name\":\"Tour Privado de Venecia desde el Puerto en bote privado | TTM\",\"isPartOf\":{\"@id\":\"https:\/\/tourtravelandmore.com\/es\/#website\"},\"primaryImageOfPage\":{\"@id\":\"https:\/\/tourtravelandmore.com\/es\/tours\/italia-es\/venecia-es\/tour-privado-de-venecia-desde-el-puerto\/#primaryimage\"},\"image\":{\"@id\":\"https:\/\/tourtravelandmore.com\/es\/tours\/italia-es\/venecia-es\/tour-privado-de-venecia-desde-el-puerto\/#primaryimage\"},\"thumbnailUrl\":\"https:\/\/tourtravelandmore.com\/wp-content\/uploads\/2018\/03\/Best-Things-to-do-in-Venice-Italy-1163x775.jpg\",\"datePublished\":\"2018-03-23T15:27:48+00:00\",\"dateModified\":\"2023-04-10T13:31:47+00:00\",\"description\":\"Disfrute de este Tour Privado de Venecia desde el Puerto. Transporte privado en bote desde y hasta el puerto de Venecia y gu\u00eda oficial local \u2705\",\"breadcrumb\":{\"@id\":\"https:\/\/tourtravelandmore.com\/es\/tours\/italia-es\/venecia-es\/tour-privado-de-venecia-desde-el-puerto\/#breadcrumb\"},\"inLanguage\":\"es\",\"potentialAction\":[{\"@type\":\"ReadAction\",\"target\":[\"https:\/\/tourtravelandmore.com\/es\/tours\/italia-es\/venecia-es\/tour-privado-de-venecia-desde-el-puerto\/\"]}]},{\"@type\":\"ImageObject\",\"inLanguage\":\"es\",\"@id\":\"https:\/\/tourtravelandmore.com\/es\/tours\/italia-es\/venecia-es\/tour-privado-de-venecia-desde-el-puerto\/#primaryimage\",\"url\":\"https:\/\/tourtravelandmore.com\/wp-content\/uploads\/2018\/03\/Best-Things-to-do-in-Venice-Italy-1163x775.jpg\",\"contentUrl\":\"https:\/\/tourtravelandmore.com\/wp-content\/uploads\/2018\/03\/Best-Things-to-do-in-Venice-Italy-1163x775.jpg\",\"width\":1163,\"height\":775},{\"@type\":\"BreadcrumbList\",\"@id\":\"https:\/\/tourtravelandmore.com\/es\/tours\/italia-es\/venecia-es\/tour-privado-de-venecia-desde-el-puerto\/#breadcrumb\",\"itemListElement\":[{\"@type\":\"ListItem\",\"position\":1,\"name\":\"Home\",\"item\":\"https:\/\/tourtravelandmore.com\/es\/\"},{\"@type\":\"ListItem\",\"position\":2,\"name\":\"Tours\",\"item\":\"https:\/\/tourtravelandmore.com\/es\/tours\/\"},{\"@type\":\"ListItem\",\"position\":3,\"name\":\"Tour Privado de Venecia desde el Puerto\"}]},{\"@type\":\"WebSite\",\"@id\":\"https:\/\/tourtravelandmore.com\/es\/#website\",\"url\":\"https:\/\/tourtravelandmore.com\/es\/\",\"name\":\"Tour Travel And More\",\"description\":\"Private sightseeing tours and luxury transfers in Spain\",\"publisher\":{\"@id\":\"https:\/\/tourtravelandmore.com\/es\/#organization\"},\"potentialAction\":[{\"@type\":\"SearchAction\",\"target\":{\"@type\":\"EntryPoint\",\"urlTemplate\":\"https:\/\/tourtravelandmore.com\/es\/?s={search_term_string}\"},\"query-input\":{\"@type\":\"PropertyValueSpecification\",\"valueRequired\":true,\"valueName\":\"search_term_string\"}}],\"inLanguage\":\"es\"},{\"@type\":\"Organization\",\"@id\":\"https:\/\/tourtravelandmore.com\/es\/#organization\",\"name\":\"Tour Travel And More\",\"url\":\"https:\/\/tourtravelandmore.com\/es\/\",\"logo\":{\"@type\":\"ImageObject\",\"inLanguage\":\"es\",\"@id\":\"https:\/\/tourtravelandmore.com\/es\/#\/schema\/logo\/image\/\",\"url\":\"https:\/\/tourtravelandmore.com\/wp-content\/uploads\/2022\/12\/cropped-logo-cabecera-new.png\",\"contentUrl\":\"https:\/\/tourtravelandmore.com\/wp-content\/uploads\/2022\/12\/cropped-logo-cabecera-new.png\",\"width\":430,\"height\":61,\"caption\":\"Tour Travel And More\"},\"image\":{\"@id\":\"https:\/\/tourtravelandmore.com\/es\/#\/schema\/logo\/image\/\"},\"sameAs\":[\"https:\/\/www.facebook.com\/tourtravelandmore\/\",\"https:\/\/x.com\/TourTravel_More\"]}]}<\/script>\n<!-- \/ Yoast SEO Premium plugin. -->","yoast_head_json":{"title":"Tour Privado de Venecia desde el Puerto en bote privado | TTM","description":"Disfrute de este Tour Privado de Venecia desde el Puerto. Transporte privado en bote desde y hasta el puerto de Venecia y gu\u00eda oficial local \u2705","robots":{"index":"index","follow":"follow","max-snippet":"max-snippet:-1","max-image-preview":"max-image-preview:large","max-video-preview":"max-video-preview:-1"},"canonical":"https:\/\/tourtravelandmore.com\/es\/tours\/italia-es\/venecia-es\/tour-privado-de-venecia-desde-el-puerto\/","og_locale":"es_ES","og_type":"article","og_title":"Tour Privado de Venecia desde el Puerto","og_description":"Disfrute de este Tour Privado de Venecia desde el Puerto. Transporte privado en bote desde y hasta el puerto de Venecia y gu\u00eda oficial local \u2705","og_url":"https:\/\/tourtravelandmore.com\/es\/tours\/italia-es\/venecia-es\/tour-privado-de-venecia-desde-el-puerto\/","og_site_name":"Tour Travel And More","article_publisher":"https:\/\/www.facebook.com\/tourtravelandmore\/","article_modified_time":"2023-04-10T13:31:47+00:00","og_image":[{"width":1163,"height":775,"url":"https:\/\/tourtravelandmore.com\/wp-content\/uploads\/2018\/03\/Best-Things-to-do-in-Venice-Italy-1163x775.jpg","type":"image\/jpeg"}],"twitter_card":"summary_large_image","twitter_site":"@TourTravel_More","twitter_misc":{"Tiempo de lectura":"2 minutos"},"schema":{"@context":"https:\/\/schema.org","@graph":[{"@type":"WebPage","@id":"https:\/\/tourtravelandmore.com\/es\/tours\/italia-es\/venecia-es\/tour-privado-de-venecia-desde-el-puerto\/","url":"https:\/\/tourtravelandmore.com\/es\/tours\/italia-es\/venecia-es\/tour-privado-de-venecia-desde-el-puerto\/","name":"Tour Privado de Venecia desde el Puerto en bote privado | TTM","isPartOf":{"@id":"https:\/\/tourtravelandmore.com\/es\/#website"},"primaryImageOfPage":{"@id":"https:\/\/tourtravelandmore.com\/es\/tours\/italia-es\/venecia-es\/tour-privado-de-venecia-desde-el-puerto\/#primaryimage"},"image":{"@id":"https:\/\/tourtravelandmore.com\/es\/tours\/italia-es\/venecia-es\/tour-privado-de-venecia-desde-el-puerto\/#primaryimage"},"thumbnailUrl":"https:\/\/tourtravelandmore.com\/wp-content\/uploads\/2018\/03\/Best-Things-to-do-in-Venice-Italy-1163x775.jpg","datePublished":"2018-03-23T15:27:48+00:00","dateModified":"2023-04-10T13:31:47+00:00","description":"Disfrute de este Tour Privado de Venecia desde el Puerto. Transporte privado en bote desde y hasta el puerto de Venecia y gu\u00eda oficial local \u2705","breadcrumb":{"@id":"https:\/\/tourtravelandmore.com\/es\/tours\/italia-es\/venecia-es\/tour-privado-de-venecia-desde-el-puerto\/#breadcrumb"},"inLanguage":"es","potentialAction":[{"@type":"ReadAction","target":["https:\/\/tourtravelandmore.com\/es\/tours\/italia-es\/venecia-es\/tour-privado-de-venecia-desde-el-puerto\/"]}]},{"@type":"ImageObject","inLanguage":"es","@id":"https:\/\/tourtravelandmore.com\/es\/tours\/italia-es\/venecia-es\/tour-privado-de-venecia-desde-el-puerto\/#primaryimage","url":"https:\/\/tourtravelandmore.com\/wp-content\/uploads\/2018\/03\/Best-Things-to-do-in-Venice-Italy-1163x775.jpg","contentUrl":"https:\/\/tourtravelandmore.com\/wp-content\/uploads\/2018\/03\/Best-Things-to-do-in-Venice-Italy-1163x775.jpg","width":1163,"height":775},{"@type":"BreadcrumbList","@id":"https:\/\/tourtravelandmore.com\/es\/tours\/italia-es\/venecia-es\/tour-privado-de-venecia-desde-el-puerto\/#breadcrumb","itemListElement":[{"@type":"ListItem","position":1,"name":"Home","item":"https:\/\/tourtravelandmore.com\/es\/"},{"@type":"ListItem","position":2,"name":"Tours","item":"https:\/\/tourtravelandmore.com\/es\/tours\/"},{"@type":"ListItem","position":3,"name":"Tour Privado de Venecia desde el Puerto"}]},{"@type":"WebSite","@id":"https:\/\/tourtravelandmore.com\/es\/#website","url":"https:\/\/tourtravelandmore.com\/es\/","name":"Tour Travel And More","description":"Private sightseeing tours and luxury transfers in Spain","publisher":{"@id":"https:\/\/tourtravelandmore.com\/es\/#organization"},"potentialAction":[{"@type":"SearchAction","target":{"@type":"EntryPoint","urlTemplate":"https:\/\/tourtravelandmore.com\/es\/?s={search_term_string}"},"query-input":{"@type":"PropertyValueSpecification","valueRequired":true,"valueName":"search_term_string"}}],"inLanguage":"es"},{"@type":"Organization","@id":"https:\/\/tourtravelandmore.com\/es\/#organization","name":"Tour Travel And More","url":"https:\/\/tourtravelandmore.com\/es\/","logo":{"@type":"ImageObject","inLanguage":"es","@id":"https:\/\/tourtravelandmore.com\/es\/#\/schema\/logo\/image\/","url":"https:\/\/tourtravelandmore.com\/wp-content\/uploads\/2022\/12\/cropped-logo-cabecera-new.png","contentUrl":"https:\/\/tourtravelandmore.com\/wp-content\/uploads\/2022\/12\/cropped-logo-cabecera-new.png","width":430,"height":61,"caption":"Tour Travel And More"},"image":{"@id":"https:\/\/tourtravelandmore.com\/es\/#\/schema\/logo\/image\/"},"sameAs":["https:\/\/www.facebook.com\/tourtravelandmore\/","https:\/\/x.com\/TourTravel_More"]}]}},"_links":{"self":[{"href":"https:\/\/tourtravelandmore.com\/es\/wp-json\/wp\/v2\/product\/19523","targetHints":{"allow":["GET"]}}],"collection":[{"href":"https:\/\/tourtravelandmore.com\/es\/wp-json\/wp\/v2\/product"}],"about":[{"href":"https:\/\/tourtravelandmore.com\/es\/wp-json\/wp\/v2\/types\/product"}],"replies":[{"embeddable":true,"href":"https:\/\/tourtravelandmore.com\/es\/wp-json\/wp\/v2\/comments?post=19523"}],"wp:featuredmedia":[{"embeddable":true,"href":"https:\/\/tourtravelandmore.com\/es\/wp-json\/wp\/v2\/media\/19598"}],"wp:attachment":[{"href":"https:\/\/tourtravelandmore.com\/es\/wp-json\/wp\/v2\/media?parent=19523"}],"wp:term":[{"taxonomy":"product_brand","embeddable":true,"href":"https:\/\/tourtravelandmore.com\/es\/wp-json\/wp\/v2\/product_brand?post=19523"},{"taxonomy":"product_cat","embeddable":true,"href":"https:\/\/tourtravelandmore.com\/es\/wp-json\/wp\/v2\/product_cat?post=19523"},{"taxonomy":"product_tag","embeddable":true,"href":"https:\/\/tourtravelandmore.com\/es\/wp-json\/wp\/v2\/product_tag?post=19523"}],"curies":[{"name":"wp","href":"https:\/\/api.w.org\/{rel}","templated":true}]}}