{"id":19448,"date":"2018-03-22T15:57:03","date_gmt":"2018-03-22T14:57:07","guid":{"rendered":"http:\/\/tourtravelandmore.com\/es\/tours\/venecia-es\/tour-privado-a-verona-valpolicella-desde-venecia\/"},"modified":"2024-02-19T14:09:02","modified_gmt":"2024-02-19T13:09:02","slug":"tour-privado-de-venecia-a-verona-y-lago-de-garda-sirmione","status":"publish","type":"product","link":"https:\/\/tourtravelandmore.com\/es\/tours\/italia-es\/venecia-es\/tour-privado-de-venecia-a-verona-y-lago-de-garda-sirmione\/","title":{"rendered":"Tour privado de Venecia a Verona y Lago de Garda (Sirmione)"},"content":{"rendered":"<h2><b>Descripci\u00f3n del Tour Privado a Lago Di Garda y Sirmione<\/b><\/h2>\n<p><span style=\"font-weight: 400;\">El encanto atemporal de Italia cobra vida en nuestro Tour Privado a Lago Di Garda y Sirmione. En Tour Travel and More, nuestra prioridad es proporcionar experiencias memorables, y esta excursi\u00f3n de cinco horas con gu\u00eda local y veh\u00edculo cumple con creces esta promesa.<\/span><\/p>\n<p><span style=\"font-weight: 400;\">Este tour revela el coraz\u00f3n de dos destinos italianos emblem\u00e1ticos. Primero, el Lago Di Garda, el lago m\u00e1s grande y tal vez m\u00e1s impresionante de Italia, y luego Sirmione, una peque\u00f1a ciudad con siglos de historia y cultura que ha sido apodada la &#8220;Perla del Lago&#8221;.<\/span><\/p>\n<p><span style=\"font-weight: 400;\">La belleza inigualable del Lago Di Garda se despliega en sus cristalinas aguas y su ribera salpicada de pintorescos pueblos. Sus aguas frescas y serenas reflejan los colores vibrantes de las monta\u00f1as circundantes y las brillantes flores que bordean sus orillas. El lago ofrece un ambiente tranquilo para disfrutar de la naturaleza y la belleza esc\u00e9nica de Italia.<\/span><\/p>\n<p><span style=\"font-weight: 400;\">Por otro lado, Sirmione se destaca por su notable patrimonio arquitect\u00f3nico y cultural. Su impresionante castillo medieval, las termas romanas y la atm\u00f3sfera encantadora capturan la esencia de Italia. Este tour privado le permitir\u00e1 sumergirse en estos dos destinos italianos excepcionales, descubriendo su riqueza natural e hist\u00f3rica.<\/span><\/p>\n<h2><b>Puntos de Inter\u00e9s en el Tour Privado a Lago Di Garda y Sirmione<\/b><\/h2>\n<p>Saldremos de la majestuosa Venecia y nos dirigiremos a la encantadora Verona, donde disfrutaremos de un viaje de 2,5 horas lleno de historia, cultura y belleza. Prep\u00e1rese para sumergirse en el encanto de esta emblem\u00e1tica ciudad mientras exploramos sus fascinantes rincones.<\/p>\n<p>Luego, visitaremos Sirmione, donde ver\u00e1n:<\/p>\n<ul>\n<li style=\"font-weight: 400;\" aria-level=\"1\"><b>Lago Di Garda: <\/b><span style=\"font-weight: 400;\">Nuestro recorrido inicia en el incomparable Lago Di Garda. Este para\u00edso para los amantes de la naturaleza, es un espect\u00e1culo majestuoso. Rodeado de monta\u00f1as y adornado con encantadores pueblos en sus orillas, cada rinc\u00f3n de este lago relata su propia historia. Este es un lugar perfecto para disfrutar de una variedad de actividades al aire libre. Ya sea que decida pasear por los senderos de la monta\u00f1a, hacer un picnic en sus costas o simplemente admirar la belleza del lago, su visita al Lago Di Garda ser\u00e1 una experiencia inolvidable.<\/span><\/li>\n<li style=\"font-weight: 400;\" aria-level=\"1\"><b>Sirmione: <\/b><span style=\"font-weight: 400;\">Nuestra pr\u00f3xima parada es la encantadora ciudad de Sirmione. Situada en una pen\u00ednsula que se adentra en el lago, Sirmione ofrece una combinaci\u00f3n \u00fanica de historia natural y cultural. Es conocida por su castillo medieval, Rocca Scaligera, que ofrece una vista panor\u00e1mica espectacular del lago y la ciudad. Pasear por sus calles estrechas y serpenteantes le har\u00e1 viajar atr\u00e1s en el tiempo, a una era de caballeros y fortalezas.<\/span><\/li>\n<li><strong>Arena di Verona<\/strong>: Este antiguo anfiteatro romano, construido en el siglo I, es una de las estructuras mejor conservadas de su tipo. Con capacidad para unos 30,000 espectadores, la Arena de Verona alberga hoy una variedad de eventos, incluido el mundialmente famoso Festival de \u00d3pera de Verona. Su magn\u00edfica arquitectura e importancia hist\u00f3rica lo convierten en una atracci\u00f3n imprescindible en Verona.<\/li>\n<li><strong>Casa de Julieta<\/strong>: Esta residencia del siglo XIII est\u00e1 famosamente vinculada a la tr\u00e1gica historia de amor de Romeo y Julieta escrita por William Shakespeare. Aunque la historia es ficticia, la casa atrae a innumerables visitantes, muchos de los cuales dejan notas de amor o prometen amor eterno bajo el balc\u00f3n que se dice inspir\u00f3 la famosa &#8220;escena del balc\u00f3n&#8221; de la obra.<\/li>\n<\/ul>\n<p>&nbsp;<\/p>\n<p><span style=\"font-weight: 400;\">No espere m\u00e1s, descubra Lago Di Garda y Sirmione a su manera<\/span><span style=\"font-weight: 400;\">. En Tour Travel and More, nos enorgullece ofrecer un servicio excepcional y personalizado, ajust\u00e1ndonos a sus preferencias e intereses. Cada tour es una aventura dise\u00f1ada especialmente para usted, brind\u00e1ndole una visi\u00f3n \u00edntima y \u00fanica de estos fascinantes destinos italianos. Invitamos a nuestros estimados viajeros a explorar la amplia gama de tours privados que ofrecemos en Verona y sus alrededores en nuestra p\u00e1gina web. <a href=\"https:\/\/tourtravelandmore.com\/es\/ciudad\/italia-es\/verona-es\/\">Reserve su experiencia inolvidable hoy.<\/a><\/span><\/p>\n","protected":false},"excerpt":{"rendered":"<p><span style=\"font-weight: 400;\">Emb\u00e1rcate en una aventura m\u00e1gica a trav\u00e9s del majestuoso Lago Di Garda y la hist\u00f3rica ciudad de Sirmione. Descubra la rica historia y la belleza natural que hacen de estos destinos italianos un lugar que hay que ver.<\/span><\/p>\n","protected":false},"featured_media":19454,"comment_status":"open","ping_status":"closed","template":"","meta":{"_acf_changed":false},"product_brand":[],"product_cat":[701,707,719],"product_tag":[],"class_list":{"0":"post-19448","1":"product","2":"type-product","3":"status-publish","4":"has-post-thumbnail","6":"product_cat-venecia-es","7":"product_cat-venecia-actividades-es","8":"product_cat-venecia-rutas-turisticas-privadas-es","10":"first","11":"instock","12":"shipping-taxable","13":"purchasable","14":"product-type-simple"},"acf":[],"yoast_head":"<!-- This site is optimized with the Yoast SEO Premium plugin v25.3.1 (Yoast SEO v25.3.1) - https:\/\/yoast.com\/wordpress\/plugins\/seo\/ -->\n<title>Tour privado de Venecia a Verona y Lago de Garda (Sirmione) | TTM<\/title>\n<meta name=\"description\" content=\"Aproveche su tiempo en Venecia y disfrute de este Tour privado de Venecia a Verona y Lago de Garda (Sirmione). Su gu\u00eda local privado lo estar\u00e1 esperando en Verona \u2705\" \/>\n<meta name=\"robots\" content=\"index, follow, max-snippet:-1, max-image-preview:large, max-video-preview:-1\" \/>\n<link rel=\"canonical\" href=\"https:\/\/tourtravelandmore.com\/es\/tours\/italia-es\/venecia-es\/tour-privado-de-venecia-a-verona-y-lago-de-garda-sirmione\/\" \/>\n<meta property=\"og:locale\" content=\"es_ES\" \/>\n<meta property=\"og:type\" content=\"article\" \/>\n<meta property=\"og:title\" content=\"Tour privado de Venecia a Verona y Lago de Garda (Sirmione)\" \/>\n<meta property=\"og:description\" content=\"Aproveche su tiempo en Venecia y disfrute de este Tour privado de Venecia a Verona y Lago de Garda (Sirmione). Su gu\u00eda local privado lo estar\u00e1 esperando en Verona \u2705\" \/>\n<meta property=\"og:url\" content=\"https:\/\/tourtravelandmore.com\/es\/tours\/italia-es\/venecia-es\/tour-privado-de-venecia-a-verona-y-lago-de-garda-sirmione\/\" \/>\n<meta property=\"og:site_name\" content=\"Tour Travel And More\" \/>\n<meta property=\"article:publisher\" content=\"https:\/\/www.facebook.com\/tourtravelandmore\/\" \/>\n<meta property=\"article:modified_time\" content=\"2024-02-19T13:09:02+00:00\" \/>\n<meta property=\"og:image\" content=\"https:\/\/tourtravelandmore.com\/wp-content\/uploads\/2018\/03\/arena-verona.jpg\" \/>\n\t<meta property=\"og:image:width\" content=\"1024\" \/>\n\t<meta property=\"og:image:height\" content=\"683\" \/>\n\t<meta property=\"og:image:type\" content=\"image\/jpeg\" \/>\n<meta name=\"twitter:card\" content=\"summary_large_image\" \/>\n<meta name=\"twitter:site\" content=\"@TourTravel_More\" \/>\n<meta name=\"twitter:label1\" content=\"Tiempo de lectura\" \/>\n\t<meta name=\"twitter:data1\" content=\"3 minutos\" \/>\n<script type=\"application\/ld+json\" class=\"yoast-schema-graph\">{\"@context\":\"https:\/\/schema.org\",\"@graph\":[{\"@type\":\"WebPage\",\"@id\":\"https:\/\/tourtravelandmore.com\/es\/tours\/italia-es\/venecia-es\/tour-privado-de-venecia-a-verona-y-lago-de-garda-sirmione\/\",\"url\":\"https:\/\/tourtravelandmore.com\/es\/tours\/italia-es\/venecia-es\/tour-privado-de-venecia-a-verona-y-lago-de-garda-sirmione\/\",\"name\":\"Tour privado de Venecia a Verona y Lago de Garda (Sirmione) | TTM\",\"isPartOf\":{\"@id\":\"https:\/\/tourtravelandmore.com\/es\/#website\"},\"primaryImageOfPage\":{\"@id\":\"https:\/\/tourtravelandmore.com\/es\/tours\/italia-es\/venecia-es\/tour-privado-de-venecia-a-verona-y-lago-de-garda-sirmione\/#primaryimage\"},\"image\":{\"@id\":\"https:\/\/tourtravelandmore.com\/es\/tours\/italia-es\/venecia-es\/tour-privado-de-venecia-a-verona-y-lago-de-garda-sirmione\/#primaryimage\"},\"thumbnailUrl\":\"https:\/\/tourtravelandmore.com\/wp-content\/uploads\/2018\/03\/arena-verona.jpg\",\"datePublished\":\"2018-03-22T14:57:07+00:00\",\"dateModified\":\"2024-02-19T13:09:02+00:00\",\"description\":\"Aproveche su tiempo en Venecia y disfrute de este Tour privado de Venecia a Verona y Lago de Garda (Sirmione). Su gu\u00eda local privado lo estar\u00e1 esperando en Verona \u2705\",\"breadcrumb\":{\"@id\":\"https:\/\/tourtravelandmore.com\/es\/tours\/italia-es\/venecia-es\/tour-privado-de-venecia-a-verona-y-lago-de-garda-sirmione\/#breadcrumb\"},\"inLanguage\":\"es\",\"potentialAction\":[{\"@type\":\"ReadAction\",\"target\":[\"https:\/\/tourtravelandmore.com\/es\/tours\/italia-es\/venecia-es\/tour-privado-de-venecia-a-verona-y-lago-de-garda-sirmione\/\"]}]},{\"@type\":\"ImageObject\",\"inLanguage\":\"es\",\"@id\":\"https:\/\/tourtravelandmore.com\/es\/tours\/italia-es\/venecia-es\/tour-privado-de-venecia-a-verona-y-lago-de-garda-sirmione\/#primaryimage\",\"url\":\"https:\/\/tourtravelandmore.com\/wp-content\/uploads\/2018\/03\/arena-verona.jpg\",\"contentUrl\":\"https:\/\/tourtravelandmore.com\/wp-content\/uploads\/2018\/03\/arena-verona.jpg\",\"width\":1024,\"height\":683},{\"@type\":\"BreadcrumbList\",\"@id\":\"https:\/\/tourtravelandmore.com\/es\/tours\/italia-es\/venecia-es\/tour-privado-de-venecia-a-verona-y-lago-de-garda-sirmione\/#breadcrumb\",\"itemListElement\":[{\"@type\":\"ListItem\",\"position\":1,\"name\":\"Home\",\"item\":\"https:\/\/tourtravelandmore.com\/es\/\"},{\"@type\":\"ListItem\",\"position\":2,\"name\":\"Tours\",\"item\":\"https:\/\/tourtravelandmore.com\/es\/tours\/\"},{\"@type\":\"ListItem\",\"position\":3,\"name\":\"Tour privado de Venecia a Verona y Lago de Garda (Sirmione)\"}]},{\"@type\":\"WebSite\",\"@id\":\"https:\/\/tourtravelandmore.com\/es\/#website\",\"url\":\"https:\/\/tourtravelandmore.com\/es\/\",\"name\":\"Tour Travel And More\",\"description\":\"Private sightseeing tours and luxury transfers in Spain\",\"publisher\":{\"@id\":\"https:\/\/tourtravelandmore.com\/es\/#organization\"},\"potentialAction\":[{\"@type\":\"SearchAction\",\"target\":{\"@type\":\"EntryPoint\",\"urlTemplate\":\"https:\/\/tourtravelandmore.com\/es\/?s={search_term_string}\"},\"query-input\":{\"@type\":\"PropertyValueSpecification\",\"valueRequired\":true,\"valueName\":\"search_term_string\"}}],\"inLanguage\":\"es\"},{\"@type\":\"Organization\",\"@id\":\"https:\/\/tourtravelandmore.com\/es\/#organization\",\"name\":\"Tour Travel And More\",\"url\":\"https:\/\/tourtravelandmore.com\/es\/\",\"logo\":{\"@type\":\"ImageObject\",\"inLanguage\":\"es\",\"@id\":\"https:\/\/tourtravelandmore.com\/es\/#\/schema\/logo\/image\/\",\"url\":\"https:\/\/tourtravelandmore.com\/wp-content\/uploads\/2022\/12\/cropped-logo-cabecera-new.png\",\"contentUrl\":\"https:\/\/tourtravelandmore.com\/wp-content\/uploads\/2022\/12\/cropped-logo-cabecera-new.png\",\"width\":430,\"height\":61,\"caption\":\"Tour Travel And More\"},\"image\":{\"@id\":\"https:\/\/tourtravelandmore.com\/es\/#\/schema\/logo\/image\/\"},\"sameAs\":[\"https:\/\/www.facebook.com\/tourtravelandmore\/\",\"https:\/\/x.com\/TourTravel_More\"]}]}<\/script>\n<!-- \/ Yoast SEO Premium plugin. -->","yoast_head_json":{"title":"Tour privado de Venecia a Verona y Lago de Garda (Sirmione) | TTM","description":"Aproveche su tiempo en Venecia y disfrute de este Tour privado de Venecia a Verona y Lago de Garda (Sirmione). Su gu\u00eda local privado lo estar\u00e1 esperando en Verona \u2705","robots":{"index":"index","follow":"follow","max-snippet":"max-snippet:-1","max-image-preview":"max-image-preview:large","max-video-preview":"max-video-preview:-1"},"canonical":"https:\/\/tourtravelandmore.com\/es\/tours\/italia-es\/venecia-es\/tour-privado-de-venecia-a-verona-y-lago-de-garda-sirmione\/","og_locale":"es_ES","og_type":"article","og_title":"Tour privado de Venecia a Verona y Lago de Garda (Sirmione)","og_description":"Aproveche su tiempo en Venecia y disfrute de este Tour privado de Venecia a Verona y Lago de Garda (Sirmione). Su gu\u00eda local privado lo estar\u00e1 esperando en Verona \u2705","og_url":"https:\/\/tourtravelandmore.com\/es\/tours\/italia-es\/venecia-es\/tour-privado-de-venecia-a-verona-y-lago-de-garda-sirmione\/","og_site_name":"Tour Travel And More","article_publisher":"https:\/\/www.facebook.com\/tourtravelandmore\/","article_modified_time":"2024-02-19T13:09:02+00:00","og_image":[{"width":1024,"height":683,"url":"https:\/\/tourtravelandmore.com\/wp-content\/uploads\/2018\/03\/arena-verona.jpg","type":"image\/jpeg"}],"twitter_card":"summary_large_image","twitter_site":"@TourTravel_More","twitter_misc":{"Tiempo de lectura":"3 minutos"},"schema":{"@context":"https:\/\/schema.org","@graph":[{"@type":"WebPage","@id":"https:\/\/tourtravelandmore.com\/es\/tours\/italia-es\/venecia-es\/tour-privado-de-venecia-a-verona-y-lago-de-garda-sirmione\/","url":"https:\/\/tourtravelandmore.com\/es\/tours\/italia-es\/venecia-es\/tour-privado-de-venecia-a-verona-y-lago-de-garda-sirmione\/","name":"Tour privado de Venecia a Verona y Lago de Garda (Sirmione) | TTM","isPartOf":{"@id":"https:\/\/tourtravelandmore.com\/es\/#website"},"primaryImageOfPage":{"@id":"https:\/\/tourtravelandmore.com\/es\/tours\/italia-es\/venecia-es\/tour-privado-de-venecia-a-verona-y-lago-de-garda-sirmione\/#primaryimage"},"image":{"@id":"https:\/\/tourtravelandmore.com\/es\/tours\/italia-es\/venecia-es\/tour-privado-de-venecia-a-verona-y-lago-de-garda-sirmione\/#primaryimage"},"thumbnailUrl":"https:\/\/tourtravelandmore.com\/wp-content\/uploads\/2018\/03\/arena-verona.jpg","datePublished":"2018-03-22T14:57:07+00:00","dateModified":"2024-02-19T13:09:02+00:00","description":"Aproveche su tiempo en Venecia y disfrute de este Tour privado de Venecia a Verona y Lago de Garda (Sirmione). Su gu\u00eda local privado lo estar\u00e1 esperando en Verona \u2705","breadcrumb":{"@id":"https:\/\/tourtravelandmore.com\/es\/tours\/italia-es\/venecia-es\/tour-privado-de-venecia-a-verona-y-lago-de-garda-sirmione\/#breadcrumb"},"inLanguage":"es","potentialAction":[{"@type":"ReadAction","target":["https:\/\/tourtravelandmore.com\/es\/tours\/italia-es\/venecia-es\/tour-privado-de-venecia-a-verona-y-lago-de-garda-sirmione\/"]}]},{"@type":"ImageObject","inLanguage":"es","@id":"https:\/\/tourtravelandmore.com\/es\/tours\/italia-es\/venecia-es\/tour-privado-de-venecia-a-verona-y-lago-de-garda-sirmione\/#primaryimage","url":"https:\/\/tourtravelandmore.com\/wp-content\/uploads\/2018\/03\/arena-verona.jpg","contentUrl":"https:\/\/tourtravelandmore.com\/wp-content\/uploads\/2018\/03\/arena-verona.jpg","width":1024,"height":683},{"@type":"BreadcrumbList","@id":"https:\/\/tourtravelandmore.com\/es\/tours\/italia-es\/venecia-es\/tour-privado-de-venecia-a-verona-y-lago-de-garda-sirmione\/#breadcrumb","itemListElement":[{"@type":"ListItem","position":1,"name":"Home","item":"https:\/\/tourtravelandmore.com\/es\/"},{"@type":"ListItem","position":2,"name":"Tours","item":"https:\/\/tourtravelandmore.com\/es\/tours\/"},{"@type":"ListItem","position":3,"name":"Tour privado de Venecia a Verona y Lago de Garda (Sirmione)"}]},{"@type":"WebSite","@id":"https:\/\/tourtravelandmore.com\/es\/#website","url":"https:\/\/tourtravelandmore.com\/es\/","name":"Tour Travel And More","description":"Private sightseeing tours and luxury transfers in Spain","publisher":{"@id":"https:\/\/tourtravelandmore.com\/es\/#organization"},"potentialAction":[{"@type":"SearchAction","target":{"@type":"EntryPoint","urlTemplate":"https:\/\/tourtravelandmore.com\/es\/?s={search_term_string}"},"query-input":{"@type":"PropertyValueSpecification","valueRequired":true,"valueName":"search_term_string"}}],"inLanguage":"es"},{"@type":"Organization","@id":"https:\/\/tourtravelandmore.com\/es\/#organization","name":"Tour Travel And More","url":"https:\/\/tourtravelandmore.com\/es\/","logo":{"@type":"ImageObject","inLanguage":"es","@id":"https:\/\/tourtravelandmore.com\/es\/#\/schema\/logo\/image\/","url":"https:\/\/tourtravelandmore.com\/wp-content\/uploads\/2022\/12\/cropped-logo-cabecera-new.png","contentUrl":"https:\/\/tourtravelandmore.com\/wp-content\/uploads\/2022\/12\/cropped-logo-cabecera-new.png","width":430,"height":61,"caption":"Tour Travel And More"},"image":{"@id":"https:\/\/tourtravelandmore.com\/es\/#\/schema\/logo\/image\/"},"sameAs":["https:\/\/www.facebook.com\/tourtravelandmore\/","https:\/\/x.com\/TourTravel_More"]}]}},"_links":{"self":[{"href":"https:\/\/tourtravelandmore.com\/es\/wp-json\/wp\/v2\/product\/19448","targetHints":{"allow":["GET"]}}],"collection":[{"href":"https:\/\/tourtravelandmore.com\/es\/wp-json\/wp\/v2\/product"}],"about":[{"href":"https:\/\/tourtravelandmore.com\/es\/wp-json\/wp\/v2\/types\/product"}],"replies":[{"embeddable":true,"href":"https:\/\/tourtravelandmore.com\/es\/wp-json\/wp\/v2\/comments?post=19448"}],"wp:featuredmedia":[{"embeddable":true,"href":"https:\/\/tourtravelandmore.com\/es\/wp-json\/wp\/v2\/media\/19454"}],"wp:attachment":[{"href":"https:\/\/tourtravelandmore.com\/es\/wp-json\/wp\/v2\/media?parent=19448"}],"wp:term":[{"taxonomy":"product_brand","embeddable":true,"href":"https:\/\/tourtravelandmore.com\/es\/wp-json\/wp\/v2\/product_brand?post=19448"},{"taxonomy":"product_cat","embeddable":true,"href":"https:\/\/tourtravelandmore.com\/es\/wp-json\/wp\/v2\/product_cat?post=19448"},{"taxonomy":"product_tag","embeddable":true,"href":"https:\/\/tourtravelandmore.com\/es\/wp-json\/wp\/v2\/product_tag?post=19448"}],"curies":[{"name":"wp","href":"https:\/\/api.w.org\/{rel}","templated":true}]}}