{"id":19369,"date":"2018-03-19T15:30:25","date_gmt":"2018-03-19T15:09:26","guid":{"rendered":"http:\/\/tourtravelandmore.com\/es\/?post_type=product&#038;p=19369"},"modified":"2023-04-14T18:20:17","modified_gmt":"2023-04-14T16:20:17","slug":"tour-privado-de-venecia-con-guia-oficial","status":"publish","type":"product","link":"https:\/\/tourtravelandmore.com\/es\/tours\/italia-es\/venecia-es\/tour-privado-de-venecia-con-guia-oficial\/","title":{"rendered":"Tour Privado a pie por Venecia"},"content":{"rendered":"<h2><strong>Descripci\u00f3n del Tour Privado a pie por Venecia<\/strong><\/h2>\n<p>Disfrute de la gran arquitectura y las maravillosas vistas de Venecia durante este <strong>tour privado a pie por Venecia<\/strong> con su propio <strong>gu\u00eda tur\u00edstico oficial privado<\/strong>.<\/p>\n<p><strong>Venecia<\/strong> es la capital de la regi\u00f3n norte de Veneto. Compuesto por m\u00e1s de 100 peque\u00f1as islas, la ciudad est\u00e1 ubicada en una laguna del mar Adri\u00e1tico. Es una de las ciudades m\u00e1s visitadas de Italia. Todos los a\u00f1os celebran su muy conocido carnaval durante el mes de febrero.<\/p>\n<p><strong>Venecia<\/strong> tiene una historia muy larga e interesante, ha sido gobernada por diferentes familias y grupos (una de las mejores \u00e9pocas de la ciudad fue cuando fue gobernada por los bizantinos).<\/p>\n<p>Al ser un recorrido a pie, recomendamos comenzar el recorrido en un punto de encuentro c\u00e9ntrico en Venecia. Normalmente, recomendamos un tour a pie de <strong>4<\/strong> <strong>horas,<\/strong> pero en caso de que quiera incluir m\u00e1s horas, solo tiene que decirnos.<\/p>\n<p>Si est\u00e1 interesado en el arte, no puede perderse nuestro <a href=\"https:\/\/tourtravelandmore.com\/es\/tours\/italia-es\/venecia-es\/tour-privado-a-la-galeria-accademia-en-venecia\/\">tour privado a pie de 2 horas por la Galer\u00eda de la Academia<\/a>.<\/p>\n<h2><strong>Puntos de inter\u00e9s en el Tour Privado a pie por Venecia<\/strong><\/h2>\n<p><strong>Venecia<\/strong> es una de las \u00fanicas ciudades del mundo que no ha sufrido un cambio en toda su existencia. Lo que se puede ver hoy en <strong>Venecia<\/strong> es lo mismo que se pod\u00eda ver (en t\u00e9rminos arquitect\u00f3nicos), hace 600 a\u00f1os.<\/p>\n<p>En primer lugar, se reunir\u00e1 con su gu\u00eda tur\u00edstico oficial privado en su hotel o lugar central de la isla de <strong>Venecia.<\/strong> Como se trata de un tour privado, su experiencia puede comenzar a la hora que desee.<\/p>\n<p>Entre otros monumentos y lugares de inter\u00e9s que puede conocer durante este tour privado a pie por <strong>Venecia:<\/strong><\/p>\n<ul>\n<li><strong>Plaza San Marcos<\/strong><\/li>\n<li><strong>Bas\u00edlica de San Marcos<\/strong><\/li>\n<li><strong>Puente de Rialto<\/strong><\/li>\n<li><strong>Gran Canal de Venecia<\/strong><\/li>\n<li><strong>Galer\u00eda de la Academia<\/strong><\/li>\n<li><strong>Puente de los suspiros<\/strong><\/li>\n<li><a href=\"https:\/\/palazzoducale.visitmuve.it\">Palacio Ducal<\/a><\/li>\n<li>\u00a1Mucho m\u00e1s!<\/li>\n<\/ul>\n<p>Cada gu\u00eda es un <strong>gu\u00eda tur\u00edstico oficial<\/strong> de <strong>Venecia<\/strong> y no \u00fanicamente tiene licencia, sino que tambi\u00e9n es un gu\u00eda tur\u00edstico profesional con un gran conocimiento de la ciudad y su historia. Podemos incluir entradas a cualquier monumento o museo que le gustar\u00eda visitar.<\/p>\n<p>En caso de que desee disfrutar de una experiencia total, podemos organizar un paseo en g\u00f3ndola de 30 minutos solo para usted y su grupo. Solamente tienes que ponerse en contacto con nosotros, decirnos qu\u00e9 esperas ver en este tour y lo organizaremos todo por ti.<\/p>\n<p>Finalmente, su gu\u00eda tur\u00edstico oficial privado lo dejar\u00e1 en un lugar central de Venecia.<\/p>\n","protected":false},"excerpt":{"rendered":"<p>Aproveche al m\u00e1ximo su tiempo en Venecia y disfrute de este <strong>recorrido privado a pie donde visitar\u00e1 los monumentos y lugares de inter\u00e9s m\u00e1s importantes.<\/strong> No pierda la oportunidad de conocer Venecia y todo lo que tiene para ofrecer junto a su gu\u00eda tur\u00edstico oficial privado profesional.<\/p>\n<p>&nbsp;<\/p>\n","protected":false},"featured_media":19362,"comment_status":"open","ping_status":"closed","template":"","meta":{"_acf_changed":false},"product_brand":[],"product_cat":[701,707,713,731],"product_tag":[],"class_list":{"0":"post-19369","1":"product","2":"type-product","3":"status-publish","4":"has-post-thumbnail","6":"product_cat-venecia-es","7":"product_cat-venecia-actividades-es","8":"product_cat-venecia-excursiones-es","9":"product_cat-venecia-tours-privados-pie-es","11":"first","12":"instock","13":"shipping-taxable","14":"purchasable","15":"product-type-simple"},"acf":[],"yoast_head":"<!-- This site is optimized with the Yoast SEO Premium plugin v25.3.1 (Yoast SEO v25.3.1) - https:\/\/yoast.com\/wordpress\/plugins\/seo\/ -->\n<title>Tour Privado a pie por Venecia con gu\u00eda oficial local | TTM<\/title>\n<meta name=\"description\" content=\"Disfrute y conozca en profundidad la ciudad de Venecia junto a su gu\u00eda oficial privado. Visite la hermosa Basilica de San Marco y el puente de Rialto \u2705\" \/>\n<meta name=\"robots\" content=\"index, follow, max-snippet:-1, max-image-preview:large, max-video-preview:-1\" \/>\n<link rel=\"canonical\" href=\"https:\/\/tourtravelandmore.com\/es\/tours\/italia-es\/venecia-es\/tour-privado-de-venecia-con-guia-oficial\/\" \/>\n<meta property=\"og:locale\" content=\"es_ES\" \/>\n<meta property=\"og:type\" content=\"article\" \/>\n<meta property=\"og:title\" content=\"Tour Privado a pie por Venecia\" \/>\n<meta property=\"og:description\" content=\"Disfrute y conozca en profundidad la ciudad de Venecia junto a su gu\u00eda oficial privado. Visite la hermosa Basilica de San Marco y el puente de Rialto \u2705\" \/>\n<meta property=\"og:url\" content=\"https:\/\/tourtravelandmore.com\/es\/tours\/italia-es\/venecia-es\/tour-privado-de-venecia-con-guia-oficial\/\" \/>\n<meta property=\"og:site_name\" content=\"Tour Travel And More\" \/>\n<meta property=\"article:publisher\" content=\"https:\/\/www.facebook.com\/tourtravelandmore\/\" \/>\n<meta property=\"article:modified_time\" content=\"2023-04-14T16:20:17+00:00\" \/>\n<meta property=\"og:image\" content=\"https:\/\/tourtravelandmore.com\/wp-content\/uploads\/2018\/03\/rialto.jpg\" \/>\n\t<meta property=\"og:image:width\" content=\"1024\" \/>\n\t<meta property=\"og:image:height\" content=\"563\" \/>\n\t<meta property=\"og:image:type\" content=\"image\/jpeg\" \/>\n<meta name=\"twitter:card\" content=\"summary_large_image\" \/>\n<meta name=\"twitter:site\" content=\"@TourTravel_More\" \/>\n<meta name=\"twitter:label1\" content=\"Tiempo de lectura\" \/>\n\t<meta name=\"twitter:data1\" content=\"2 minutos\" \/>\n<script type=\"application\/ld+json\" class=\"yoast-schema-graph\">{\"@context\":\"https:\/\/schema.org\",\"@graph\":[{\"@type\":\"WebPage\",\"@id\":\"https:\/\/tourtravelandmore.com\/es\/tours\/italia-es\/venecia-es\/tour-privado-de-venecia-con-guia-oficial\/\",\"url\":\"https:\/\/tourtravelandmore.com\/es\/tours\/italia-es\/venecia-es\/tour-privado-de-venecia-con-guia-oficial\/\",\"name\":\"Tour Privado a pie por Venecia con gu\u00eda oficial local | TTM\",\"isPartOf\":{\"@id\":\"https:\/\/tourtravelandmore.com\/es\/#website\"},\"primaryImageOfPage\":{\"@id\":\"https:\/\/tourtravelandmore.com\/es\/tours\/italia-es\/venecia-es\/tour-privado-de-venecia-con-guia-oficial\/#primaryimage\"},\"image\":{\"@id\":\"https:\/\/tourtravelandmore.com\/es\/tours\/italia-es\/venecia-es\/tour-privado-de-venecia-con-guia-oficial\/#primaryimage\"},\"thumbnailUrl\":\"https:\/\/tourtravelandmore.com\/wp-content\/uploads\/2018\/03\/rialto.jpg\",\"datePublished\":\"2018-03-19T15:09:26+00:00\",\"dateModified\":\"2023-04-14T16:20:17+00:00\",\"description\":\"Disfrute y conozca en profundidad la ciudad de Venecia junto a su gu\u00eda oficial privado. Visite la hermosa Basilica de San Marco y el puente de Rialto \u2705\",\"breadcrumb\":{\"@id\":\"https:\/\/tourtravelandmore.com\/es\/tours\/italia-es\/venecia-es\/tour-privado-de-venecia-con-guia-oficial\/#breadcrumb\"},\"inLanguage\":\"es\",\"potentialAction\":[{\"@type\":\"ReadAction\",\"target\":[\"https:\/\/tourtravelandmore.com\/es\/tours\/italia-es\/venecia-es\/tour-privado-de-venecia-con-guia-oficial\/\"]}]},{\"@type\":\"ImageObject\",\"inLanguage\":\"es\",\"@id\":\"https:\/\/tourtravelandmore.com\/es\/tours\/italia-es\/venecia-es\/tour-privado-de-venecia-con-guia-oficial\/#primaryimage\",\"url\":\"https:\/\/tourtravelandmore.com\/wp-content\/uploads\/2018\/03\/rialto.jpg\",\"contentUrl\":\"https:\/\/tourtravelandmore.com\/wp-content\/uploads\/2018\/03\/rialto.jpg\",\"width\":1024,\"height\":563},{\"@type\":\"BreadcrumbList\",\"@id\":\"https:\/\/tourtravelandmore.com\/es\/tours\/italia-es\/venecia-es\/tour-privado-de-venecia-con-guia-oficial\/#breadcrumb\",\"itemListElement\":[{\"@type\":\"ListItem\",\"position\":1,\"name\":\"Home\",\"item\":\"https:\/\/tourtravelandmore.com\/es\/\"},{\"@type\":\"ListItem\",\"position\":2,\"name\":\"Tours\",\"item\":\"https:\/\/tourtravelandmore.com\/es\/tours\/\"},{\"@type\":\"ListItem\",\"position\":3,\"name\":\"Tour Privado a pie por Venecia\"}]},{\"@type\":\"WebSite\",\"@id\":\"https:\/\/tourtravelandmore.com\/es\/#website\",\"url\":\"https:\/\/tourtravelandmore.com\/es\/\",\"name\":\"Tour Travel And More\",\"description\":\"Private sightseeing tours and luxury transfers in Spain\",\"publisher\":{\"@id\":\"https:\/\/tourtravelandmore.com\/es\/#organization\"},\"potentialAction\":[{\"@type\":\"SearchAction\",\"target\":{\"@type\":\"EntryPoint\",\"urlTemplate\":\"https:\/\/tourtravelandmore.com\/es\/?s={search_term_string}\"},\"query-input\":{\"@type\":\"PropertyValueSpecification\",\"valueRequired\":true,\"valueName\":\"search_term_string\"}}],\"inLanguage\":\"es\"},{\"@type\":\"Organization\",\"@id\":\"https:\/\/tourtravelandmore.com\/es\/#organization\",\"name\":\"Tour Travel And More\",\"url\":\"https:\/\/tourtravelandmore.com\/es\/\",\"logo\":{\"@type\":\"ImageObject\",\"inLanguage\":\"es\",\"@id\":\"https:\/\/tourtravelandmore.com\/es\/#\/schema\/logo\/image\/\",\"url\":\"https:\/\/tourtravelandmore.com\/wp-content\/uploads\/2022\/12\/cropped-logo-cabecera-new.png\",\"contentUrl\":\"https:\/\/tourtravelandmore.com\/wp-content\/uploads\/2022\/12\/cropped-logo-cabecera-new.png\",\"width\":430,\"height\":61,\"caption\":\"Tour Travel And More\"},\"image\":{\"@id\":\"https:\/\/tourtravelandmore.com\/es\/#\/schema\/logo\/image\/\"},\"sameAs\":[\"https:\/\/www.facebook.com\/tourtravelandmore\/\",\"https:\/\/x.com\/TourTravel_More\"]}]}<\/script>\n<!-- \/ Yoast SEO Premium plugin. -->","yoast_head_json":{"title":"Tour Privado a pie por Venecia con gu\u00eda oficial local | TTM","description":"Disfrute y conozca en profundidad la ciudad de Venecia junto a su gu\u00eda oficial privado. Visite la hermosa Basilica de San Marco y el puente de Rialto \u2705","robots":{"index":"index","follow":"follow","max-snippet":"max-snippet:-1","max-image-preview":"max-image-preview:large","max-video-preview":"max-video-preview:-1"},"canonical":"https:\/\/tourtravelandmore.com\/es\/tours\/italia-es\/venecia-es\/tour-privado-de-venecia-con-guia-oficial\/","og_locale":"es_ES","og_type":"article","og_title":"Tour Privado a pie por Venecia","og_description":"Disfrute y conozca en profundidad la ciudad de Venecia junto a su gu\u00eda oficial privado. Visite la hermosa Basilica de San Marco y el puente de Rialto \u2705","og_url":"https:\/\/tourtravelandmore.com\/es\/tours\/italia-es\/venecia-es\/tour-privado-de-venecia-con-guia-oficial\/","og_site_name":"Tour Travel And More","article_publisher":"https:\/\/www.facebook.com\/tourtravelandmore\/","article_modified_time":"2023-04-14T16:20:17+00:00","og_image":[{"width":1024,"height":563,"url":"https:\/\/tourtravelandmore.com\/wp-content\/uploads\/2018\/03\/rialto.jpg","type":"image\/jpeg"}],"twitter_card":"summary_large_image","twitter_site":"@TourTravel_More","twitter_misc":{"Tiempo de lectura":"2 minutos"},"schema":{"@context":"https:\/\/schema.org","@graph":[{"@type":"WebPage","@id":"https:\/\/tourtravelandmore.com\/es\/tours\/italia-es\/venecia-es\/tour-privado-de-venecia-con-guia-oficial\/","url":"https:\/\/tourtravelandmore.com\/es\/tours\/italia-es\/venecia-es\/tour-privado-de-venecia-con-guia-oficial\/","name":"Tour Privado a pie por Venecia con gu\u00eda oficial local | TTM","isPartOf":{"@id":"https:\/\/tourtravelandmore.com\/es\/#website"},"primaryImageOfPage":{"@id":"https:\/\/tourtravelandmore.com\/es\/tours\/italia-es\/venecia-es\/tour-privado-de-venecia-con-guia-oficial\/#primaryimage"},"image":{"@id":"https:\/\/tourtravelandmore.com\/es\/tours\/italia-es\/venecia-es\/tour-privado-de-venecia-con-guia-oficial\/#primaryimage"},"thumbnailUrl":"https:\/\/tourtravelandmore.com\/wp-content\/uploads\/2018\/03\/rialto.jpg","datePublished":"2018-03-19T15:09:26+00:00","dateModified":"2023-04-14T16:20:17+00:00","description":"Disfrute y conozca en profundidad la ciudad de Venecia junto a su gu\u00eda oficial privado. Visite la hermosa Basilica de San Marco y el puente de Rialto \u2705","breadcrumb":{"@id":"https:\/\/tourtravelandmore.com\/es\/tours\/italia-es\/venecia-es\/tour-privado-de-venecia-con-guia-oficial\/#breadcrumb"},"inLanguage":"es","potentialAction":[{"@type":"ReadAction","target":["https:\/\/tourtravelandmore.com\/es\/tours\/italia-es\/venecia-es\/tour-privado-de-venecia-con-guia-oficial\/"]}]},{"@type":"ImageObject","inLanguage":"es","@id":"https:\/\/tourtravelandmore.com\/es\/tours\/italia-es\/venecia-es\/tour-privado-de-venecia-con-guia-oficial\/#primaryimage","url":"https:\/\/tourtravelandmore.com\/wp-content\/uploads\/2018\/03\/rialto.jpg","contentUrl":"https:\/\/tourtravelandmore.com\/wp-content\/uploads\/2018\/03\/rialto.jpg","width":1024,"height":563},{"@type":"BreadcrumbList","@id":"https:\/\/tourtravelandmore.com\/es\/tours\/italia-es\/venecia-es\/tour-privado-de-venecia-con-guia-oficial\/#breadcrumb","itemListElement":[{"@type":"ListItem","position":1,"name":"Home","item":"https:\/\/tourtravelandmore.com\/es\/"},{"@type":"ListItem","position":2,"name":"Tours","item":"https:\/\/tourtravelandmore.com\/es\/tours\/"},{"@type":"ListItem","position":3,"name":"Tour Privado a pie por Venecia"}]},{"@type":"WebSite","@id":"https:\/\/tourtravelandmore.com\/es\/#website","url":"https:\/\/tourtravelandmore.com\/es\/","name":"Tour Travel And More","description":"Private sightseeing tours and luxury transfers in Spain","publisher":{"@id":"https:\/\/tourtravelandmore.com\/es\/#organization"},"potentialAction":[{"@type":"SearchAction","target":{"@type":"EntryPoint","urlTemplate":"https:\/\/tourtravelandmore.com\/es\/?s={search_term_string}"},"query-input":{"@type":"PropertyValueSpecification","valueRequired":true,"valueName":"search_term_string"}}],"inLanguage":"es"},{"@type":"Organization","@id":"https:\/\/tourtravelandmore.com\/es\/#organization","name":"Tour Travel And More","url":"https:\/\/tourtravelandmore.com\/es\/","logo":{"@type":"ImageObject","inLanguage":"es","@id":"https:\/\/tourtravelandmore.com\/es\/#\/schema\/logo\/image\/","url":"https:\/\/tourtravelandmore.com\/wp-content\/uploads\/2022\/12\/cropped-logo-cabecera-new.png","contentUrl":"https:\/\/tourtravelandmore.com\/wp-content\/uploads\/2022\/12\/cropped-logo-cabecera-new.png","width":430,"height":61,"caption":"Tour Travel And More"},"image":{"@id":"https:\/\/tourtravelandmore.com\/es\/#\/schema\/logo\/image\/"},"sameAs":["https:\/\/www.facebook.com\/tourtravelandmore\/","https:\/\/x.com\/TourTravel_More"]}]}},"_links":{"self":[{"href":"https:\/\/tourtravelandmore.com\/es\/wp-json\/wp\/v2\/product\/19369","targetHints":{"allow":["GET"]}}],"collection":[{"href":"https:\/\/tourtravelandmore.com\/es\/wp-json\/wp\/v2\/product"}],"about":[{"href":"https:\/\/tourtravelandmore.com\/es\/wp-json\/wp\/v2\/types\/product"}],"replies":[{"embeddable":true,"href":"https:\/\/tourtravelandmore.com\/es\/wp-json\/wp\/v2\/comments?post=19369"}],"wp:featuredmedia":[{"embeddable":true,"href":"https:\/\/tourtravelandmore.com\/es\/wp-json\/wp\/v2\/media\/19362"}],"wp:attachment":[{"href":"https:\/\/tourtravelandmore.com\/es\/wp-json\/wp\/v2\/media?parent=19369"}],"wp:term":[{"taxonomy":"product_brand","embeddable":true,"href":"https:\/\/tourtravelandmore.com\/es\/wp-json\/wp\/v2\/product_brand?post=19369"},{"taxonomy":"product_cat","embeddable":true,"href":"https:\/\/tourtravelandmore.com\/es\/wp-json\/wp\/v2\/product_cat?post=19369"},{"taxonomy":"product_tag","embeddable":true,"href":"https:\/\/tourtravelandmore.com\/es\/wp-json\/wp\/v2\/product_tag?post=19369"}],"curies":[{"name":"wp","href":"https:\/\/api.w.org\/{rel}","templated":true}]}}