{"id":19106,"date":"2018-03-09T16:59:59","date_gmt":"2018-03-09T16:00:01","guid":{"rendered":"http:\/\/tourtravelandmore.com\/es\/tours\/marsella-es\/tour-privado-de-cannes-desde-marsella-con-chofer-guia-privado-8-horas\/"},"modified":"2022-08-05T09:44:28","modified_gmt":"2022-08-05T07:44:28","slug":"tour-privado-cannes-desde-marsella-en-vehiculo-con-chofer-guia","status":"publish","type":"product","link":"https:\/\/tourtravelandmore.com\/es\/tours\/francia\/marsella-es\/tour-privado-cannes-desde-marsella-en-vehiculo-con-chofer-guia\/","title":{"rendered":"Tour Privado de Cannes y Antibes desde Marsella con chofer\/gu\u00eda"},"content":{"rendered":"<h2>Descripci\u00f3n del Tour Privado de Cannes y Antibes desde Marsella con chofer\/gu\u00eda<\/h2>\n<p><strong>Reserva un tour privado Cannes desde Marsella y la bah\u00eda de Antibes<\/strong>\u00a0en su propio\u00a0<strong>coche de lujo privado con chofer\/gu\u00eda.<\/strong><\/p>\n<p>Cannes es reconocida mundialmente por albergar uno de los festivales de cine m\u00e1s importantes del mundo cada a\u00f1o.<\/p>\n<p>La ciudad ha estado ligada a gente famosa y rica, desde que en 1834, el ministro de justicia brit\u00e1nico lord Brougham, haya decidido construirse una villa all\u00ed al descubrir Cannes en un viaje de camino a Niza. Luego de \u00e9l, gran parte de la aristocracia inglesa decidi\u00f3 hacer lo mismo, hasta convertirse hoy en una de las ciudades con m\u00e1s glamur del mundo.<\/p>\n<p>Su poblaci\u00f3n es de alrededor de 74.000 habitantes y es una de las ciudades principales del departamento de Alpes-Mar\u00edtimos de Francia.<\/p>\n<p>La duraci\u00f3n de este tour privado Cannes desde Marsella es de 8 horas. Al ser un tour privado, pueden escoger la hora y lugar de comienzo.<\/p>\n<h2>Puntos de inter\u00e9s en el Tour Privado de Cannes y Antibes desde Marsella con chofer\/gu\u00eda<\/h2>\n<p>Su <strong>chofer\/gu\u00eda privado<\/strong> os recoger\u00e1 en su hotel, Terminal de Cruceros o sitio indicado al horario elegido por vosotros, e ir\u00e1n hacia la ciudad de <strong>Cannes<\/strong>.<\/p>\n<p>Visitaremos los sitios m\u00e1s importantes de la ciudad, como su <strong>paseo mar\u00edtimo y el boulevard de la croisette<\/strong>, donde se encuentran los hoteles y tiendas de lujo. Podr\u00e1n visitar el puerto y disfrutar de los yates de recreo y pesca.<\/p>\n<p>Tambi\u00e9n disfrutar\u00e9is de las espl\u00e9ndidas vistas de la bah\u00eda de la Napoule y los picos de Esterel.<\/p>\n<p>Luego ir\u00e9is hacia el este, a visitar <strong>Antibes y Juan les Pins<\/strong>, donde podr\u00e9is ver las torres del siglo XII de la iglesia, el castillo de los Grimaldi y visitar el pueblo de Vallauris, donde se encuentra el museo nacional Picasso, situado en el chateau de Vallauris (por favor consultar si desean ingresar).<\/p>\n","protected":false},"excerpt":{"rendered":"<p>Disfruta de este\u00a0<strong>tour privado<\/strong>\u00a0y personalizable desde Marsella para conocer la ciudad de\u00a0<strong>Cannes y la bah\u00eda de Antibes<\/strong>. Toma la oportunidad de visitar y conocer la ciudad en tu veh\u00edculo con chofer\/guia, quien te ense\u00f1ara la ciudad desde los ojos de un local.<\/p>\n","protected":false},"featured_media":18955,"comment_status":"open","ping_status":"closed","template":"","meta":{"_acf_changed":false},"product_brand":[],"product_cat":[482,829,572,573,574],"product_tag":[],"class_list":{"0":"post-19106","1":"product","2":"type-product","3":"status-publish","4":"has-post-thumbnail","6":"product_cat-marsella-es","7":"product_cat-marsella-top-ventas-es","8":"product_cat-marsella-actividades-es","9":"product_cat-marsella-excursiones-es","10":"product_cat-marsella-excursiones-privadas-cruceros-es","12":"first","13":"instock","14":"shipping-taxable","15":"purchasable","16":"product-type-simple"},"acf":[],"yoast_head":"<!-- This site is optimized with the Yoast SEO Premium plugin v25.3.1 (Yoast SEO v25.3.1) - https:\/\/yoast.com\/wordpress\/plugins\/seo\/ -->\n<title>Tour Privado Cannes desde Marsella en veh\u00edculo con chofer\/gu\u00eda | Tour Travel &amp; More<\/title>\n<meta name=\"description\" content=\"Reserve este Tour Privado Cannes desde Marsella en veh\u00edculo con chofer\/gu\u00eda, y descubre Cannes y Antibes en este tour de dia completo \u2705\" \/>\n<meta name=\"robots\" content=\"index, follow, max-snippet:-1, max-image-preview:large, max-video-preview:-1\" \/>\n<link rel=\"canonical\" href=\"https:\/\/tourtravelandmore.com\/es\/tours\/francia\/marsella-es\/tour-privado-cannes-desde-marsella-en-vehiculo-con-chofer-guia\/\" \/>\n<meta property=\"og:locale\" content=\"es_ES\" \/>\n<meta property=\"og:type\" content=\"article\" \/>\n<meta property=\"og:title\" content=\"Tour Privado de Cannes y Antibes desde Marsella con chofer\/gu\u00eda\" \/>\n<meta property=\"og:description\" content=\"Reserve este Tour Privado Cannes desde Marsella en veh\u00edculo con chofer\/gu\u00eda, y descubre Cannes y Antibes en este tour de dia completo \u2705\" \/>\n<meta property=\"og:url\" content=\"https:\/\/tourtravelandmore.com\/es\/tours\/francia\/marsella-es\/tour-privado-cannes-desde-marsella-en-vehiculo-con-chofer-guia\/\" \/>\n<meta property=\"og:site_name\" content=\"Tour Travel And More\" \/>\n<meta property=\"article:publisher\" content=\"https:\/\/www.facebook.com\/tourtravelandmore\/\" \/>\n<meta property=\"article:modified_time\" content=\"2022-08-05T07:44:28+00:00\" \/>\n<meta property=\"og:image\" content=\"https:\/\/tourtravelandmore.com\/wp-content\/uploads\/2018\/03\/chair-croissete.jpg\" \/>\n\t<meta property=\"og:image:width\" content=\"1024\" \/>\n\t<meta property=\"og:image:height\" content=\"683\" \/>\n\t<meta property=\"og:image:type\" content=\"image\/jpeg\" \/>\n<meta name=\"twitter:card\" content=\"summary_large_image\" \/>\n<meta name=\"twitter:site\" content=\"@TourTravel_More\" \/>\n<meta name=\"twitter:label1\" content=\"Tiempo de lectura\" \/>\n\t<meta name=\"twitter:data1\" content=\"2 minutos\" \/>\n<script type=\"application\/ld+json\" class=\"yoast-schema-graph\">{\"@context\":\"https:\/\/schema.org\",\"@graph\":[{\"@type\":\"WebPage\",\"@id\":\"https:\/\/tourtravelandmore.com\/es\/tours\/francia\/marsella-es\/tour-privado-cannes-desde-marsella-en-vehiculo-con-chofer-guia\/\",\"url\":\"https:\/\/tourtravelandmore.com\/es\/tours\/francia\/marsella-es\/tour-privado-cannes-desde-marsella-en-vehiculo-con-chofer-guia\/\",\"name\":\"Tour Privado Cannes desde Marsella en veh\u00edculo con chofer\/gu\u00eda | Tour Travel & More\",\"isPartOf\":{\"@id\":\"https:\/\/tourtravelandmore.com\/es\/#website\"},\"primaryImageOfPage\":{\"@id\":\"https:\/\/tourtravelandmore.com\/es\/tours\/francia\/marsella-es\/tour-privado-cannes-desde-marsella-en-vehiculo-con-chofer-guia\/#primaryimage\"},\"image\":{\"@id\":\"https:\/\/tourtravelandmore.com\/es\/tours\/francia\/marsella-es\/tour-privado-cannes-desde-marsella-en-vehiculo-con-chofer-guia\/#primaryimage\"},\"thumbnailUrl\":\"https:\/\/tourtravelandmore.com\/wp-content\/uploads\/2018\/03\/chair-croissete.jpg\",\"datePublished\":\"2018-03-09T16:00:01+00:00\",\"dateModified\":\"2022-08-05T07:44:28+00:00\",\"description\":\"Reserve este Tour Privado Cannes desde Marsella en veh\u00edculo con chofer\/gu\u00eda, y descubre Cannes y Antibes en este tour de dia completo \u2705\",\"breadcrumb\":{\"@id\":\"https:\/\/tourtravelandmore.com\/es\/tours\/francia\/marsella-es\/tour-privado-cannes-desde-marsella-en-vehiculo-con-chofer-guia\/#breadcrumb\"},\"inLanguage\":\"es\",\"potentialAction\":[{\"@type\":\"ReadAction\",\"target\":[\"https:\/\/tourtravelandmore.com\/es\/tours\/francia\/marsella-es\/tour-privado-cannes-desde-marsella-en-vehiculo-con-chofer-guia\/\"]}]},{\"@type\":\"ImageObject\",\"inLanguage\":\"es\",\"@id\":\"https:\/\/tourtravelandmore.com\/es\/tours\/francia\/marsella-es\/tour-privado-cannes-desde-marsella-en-vehiculo-con-chofer-guia\/#primaryimage\",\"url\":\"https:\/\/tourtravelandmore.com\/wp-content\/uploads\/2018\/03\/chair-croissete.jpg\",\"contentUrl\":\"https:\/\/tourtravelandmore.com\/wp-content\/uploads\/2018\/03\/chair-croissete.jpg\",\"width\":1024,\"height\":683},{\"@type\":\"BreadcrumbList\",\"@id\":\"https:\/\/tourtravelandmore.com\/es\/tours\/francia\/marsella-es\/tour-privado-cannes-desde-marsella-en-vehiculo-con-chofer-guia\/#breadcrumb\",\"itemListElement\":[{\"@type\":\"ListItem\",\"position\":1,\"name\":\"Home\",\"item\":\"https:\/\/tourtravelandmore.com\/es\/\"},{\"@type\":\"ListItem\",\"position\":2,\"name\":\"Tours\",\"item\":\"https:\/\/tourtravelandmore.com\/es\/tours\/\"},{\"@type\":\"ListItem\",\"position\":3,\"name\":\"Tour Privado de Cannes y Antibes desde Marsella con chofer\/gu\u00eda\"}]},{\"@type\":\"WebSite\",\"@id\":\"https:\/\/tourtravelandmore.com\/es\/#website\",\"url\":\"https:\/\/tourtravelandmore.com\/es\/\",\"name\":\"Tour Travel And More\",\"description\":\"Private sightseeing tours and luxury transfers in Spain\",\"publisher\":{\"@id\":\"https:\/\/tourtravelandmore.com\/es\/#organization\"},\"potentialAction\":[{\"@type\":\"SearchAction\",\"target\":{\"@type\":\"EntryPoint\",\"urlTemplate\":\"https:\/\/tourtravelandmore.com\/es\/?s={search_term_string}\"},\"query-input\":{\"@type\":\"PropertyValueSpecification\",\"valueRequired\":true,\"valueName\":\"search_term_string\"}}],\"inLanguage\":\"es\"},{\"@type\":\"Organization\",\"@id\":\"https:\/\/tourtravelandmore.com\/es\/#organization\",\"name\":\"Tour Travel And More\",\"url\":\"https:\/\/tourtravelandmore.com\/es\/\",\"logo\":{\"@type\":\"ImageObject\",\"inLanguage\":\"es\",\"@id\":\"https:\/\/tourtravelandmore.com\/es\/#\/schema\/logo\/image\/\",\"url\":\"https:\/\/tourtravelandmore.com\/wp-content\/uploads\/2022\/12\/cropped-logo-cabecera-new.png\",\"contentUrl\":\"https:\/\/tourtravelandmore.com\/wp-content\/uploads\/2022\/12\/cropped-logo-cabecera-new.png\",\"width\":430,\"height\":61,\"caption\":\"Tour Travel And More\"},\"image\":{\"@id\":\"https:\/\/tourtravelandmore.com\/es\/#\/schema\/logo\/image\/\"},\"sameAs\":[\"https:\/\/www.facebook.com\/tourtravelandmore\/\",\"https:\/\/x.com\/TourTravel_More\"]}]}<\/script>\n<!-- \/ Yoast SEO Premium plugin. -->","yoast_head_json":{"title":"Tour Privado Cannes desde Marsella en veh\u00edculo con chofer\/gu\u00eda | Tour Travel & More","description":"Reserve este Tour Privado Cannes desde Marsella en veh\u00edculo con chofer\/gu\u00eda, y descubre Cannes y Antibes en este tour de dia completo \u2705","robots":{"index":"index","follow":"follow","max-snippet":"max-snippet:-1","max-image-preview":"max-image-preview:large","max-video-preview":"max-video-preview:-1"},"canonical":"https:\/\/tourtravelandmore.com\/es\/tours\/francia\/marsella-es\/tour-privado-cannes-desde-marsella-en-vehiculo-con-chofer-guia\/","og_locale":"es_ES","og_type":"article","og_title":"Tour Privado de Cannes y Antibes desde Marsella con chofer\/gu\u00eda","og_description":"Reserve este Tour Privado Cannes desde Marsella en veh\u00edculo con chofer\/gu\u00eda, y descubre Cannes y Antibes en este tour de dia completo \u2705","og_url":"https:\/\/tourtravelandmore.com\/es\/tours\/francia\/marsella-es\/tour-privado-cannes-desde-marsella-en-vehiculo-con-chofer-guia\/","og_site_name":"Tour Travel And More","article_publisher":"https:\/\/www.facebook.com\/tourtravelandmore\/","article_modified_time":"2022-08-05T07:44:28+00:00","og_image":[{"width":1024,"height":683,"url":"https:\/\/tourtravelandmore.com\/wp-content\/uploads\/2018\/03\/chair-croissete.jpg","type":"image\/jpeg"}],"twitter_card":"summary_large_image","twitter_site":"@TourTravel_More","twitter_misc":{"Tiempo de lectura":"2 minutos"},"schema":{"@context":"https:\/\/schema.org","@graph":[{"@type":"WebPage","@id":"https:\/\/tourtravelandmore.com\/es\/tours\/francia\/marsella-es\/tour-privado-cannes-desde-marsella-en-vehiculo-con-chofer-guia\/","url":"https:\/\/tourtravelandmore.com\/es\/tours\/francia\/marsella-es\/tour-privado-cannes-desde-marsella-en-vehiculo-con-chofer-guia\/","name":"Tour Privado Cannes desde Marsella en veh\u00edculo con chofer\/gu\u00eda | Tour Travel & More","isPartOf":{"@id":"https:\/\/tourtravelandmore.com\/es\/#website"},"primaryImageOfPage":{"@id":"https:\/\/tourtravelandmore.com\/es\/tours\/francia\/marsella-es\/tour-privado-cannes-desde-marsella-en-vehiculo-con-chofer-guia\/#primaryimage"},"image":{"@id":"https:\/\/tourtravelandmore.com\/es\/tours\/francia\/marsella-es\/tour-privado-cannes-desde-marsella-en-vehiculo-con-chofer-guia\/#primaryimage"},"thumbnailUrl":"https:\/\/tourtravelandmore.com\/wp-content\/uploads\/2018\/03\/chair-croissete.jpg","datePublished":"2018-03-09T16:00:01+00:00","dateModified":"2022-08-05T07:44:28+00:00","description":"Reserve este Tour Privado Cannes desde Marsella en veh\u00edculo con chofer\/gu\u00eda, y descubre Cannes y Antibes en este tour de dia completo \u2705","breadcrumb":{"@id":"https:\/\/tourtravelandmore.com\/es\/tours\/francia\/marsella-es\/tour-privado-cannes-desde-marsella-en-vehiculo-con-chofer-guia\/#breadcrumb"},"inLanguage":"es","potentialAction":[{"@type":"ReadAction","target":["https:\/\/tourtravelandmore.com\/es\/tours\/francia\/marsella-es\/tour-privado-cannes-desde-marsella-en-vehiculo-con-chofer-guia\/"]}]},{"@type":"ImageObject","inLanguage":"es","@id":"https:\/\/tourtravelandmore.com\/es\/tours\/francia\/marsella-es\/tour-privado-cannes-desde-marsella-en-vehiculo-con-chofer-guia\/#primaryimage","url":"https:\/\/tourtravelandmore.com\/wp-content\/uploads\/2018\/03\/chair-croissete.jpg","contentUrl":"https:\/\/tourtravelandmore.com\/wp-content\/uploads\/2018\/03\/chair-croissete.jpg","width":1024,"height":683},{"@type":"BreadcrumbList","@id":"https:\/\/tourtravelandmore.com\/es\/tours\/francia\/marsella-es\/tour-privado-cannes-desde-marsella-en-vehiculo-con-chofer-guia\/#breadcrumb","itemListElement":[{"@type":"ListItem","position":1,"name":"Home","item":"https:\/\/tourtravelandmore.com\/es\/"},{"@type":"ListItem","position":2,"name":"Tours","item":"https:\/\/tourtravelandmore.com\/es\/tours\/"},{"@type":"ListItem","position":3,"name":"Tour Privado de Cannes y Antibes desde Marsella con chofer\/gu\u00eda"}]},{"@type":"WebSite","@id":"https:\/\/tourtravelandmore.com\/es\/#website","url":"https:\/\/tourtravelandmore.com\/es\/","name":"Tour Travel And More","description":"Private sightseeing tours and luxury transfers in Spain","publisher":{"@id":"https:\/\/tourtravelandmore.com\/es\/#organization"},"potentialAction":[{"@type":"SearchAction","target":{"@type":"EntryPoint","urlTemplate":"https:\/\/tourtravelandmore.com\/es\/?s={search_term_string}"},"query-input":{"@type":"PropertyValueSpecification","valueRequired":true,"valueName":"search_term_string"}}],"inLanguage":"es"},{"@type":"Organization","@id":"https:\/\/tourtravelandmore.com\/es\/#organization","name":"Tour Travel And More","url":"https:\/\/tourtravelandmore.com\/es\/","logo":{"@type":"ImageObject","inLanguage":"es","@id":"https:\/\/tourtravelandmore.com\/es\/#\/schema\/logo\/image\/","url":"https:\/\/tourtravelandmore.com\/wp-content\/uploads\/2022\/12\/cropped-logo-cabecera-new.png","contentUrl":"https:\/\/tourtravelandmore.com\/wp-content\/uploads\/2022\/12\/cropped-logo-cabecera-new.png","width":430,"height":61,"caption":"Tour Travel And More"},"image":{"@id":"https:\/\/tourtravelandmore.com\/es\/#\/schema\/logo\/image\/"},"sameAs":["https:\/\/www.facebook.com\/tourtravelandmore\/","https:\/\/x.com\/TourTravel_More"]}]}},"_links":{"self":[{"href":"https:\/\/tourtravelandmore.com\/es\/wp-json\/wp\/v2\/product\/19106","targetHints":{"allow":["GET"]}}],"collection":[{"href":"https:\/\/tourtravelandmore.com\/es\/wp-json\/wp\/v2\/product"}],"about":[{"href":"https:\/\/tourtravelandmore.com\/es\/wp-json\/wp\/v2\/types\/product"}],"replies":[{"embeddable":true,"href":"https:\/\/tourtravelandmore.com\/es\/wp-json\/wp\/v2\/comments?post=19106"}],"wp:featuredmedia":[{"embeddable":true,"href":"https:\/\/tourtravelandmore.com\/es\/wp-json\/wp\/v2\/media\/18955"}],"wp:attachment":[{"href":"https:\/\/tourtravelandmore.com\/es\/wp-json\/wp\/v2\/media?parent=19106"}],"wp:term":[{"taxonomy":"product_brand","embeddable":true,"href":"https:\/\/tourtravelandmore.com\/es\/wp-json\/wp\/v2\/product_brand?post=19106"},{"taxonomy":"product_cat","embeddable":true,"href":"https:\/\/tourtravelandmore.com\/es\/wp-json\/wp\/v2\/product_cat?post=19106"},{"taxonomy":"product_tag","embeddable":true,"href":"https:\/\/tourtravelandmore.com\/es\/wp-json\/wp\/v2\/product_tag?post=19106"}],"curies":[{"name":"wp","href":"https:\/\/api.w.org\/{rel}","templated":true}]}}