{"id":19064,"date":"2018-03-09T16:33:22","date_gmt":"2018-03-09T15:33:25","guid":{"rendered":"http:\/\/tourtravelandmore.com\/es\/tours\/marsella-es\/tour-privado-a-nimes-de-marsella-con-vehiculo-privado-de-lujo\/"},"modified":"2022-08-05T09:42:43","modified_gmt":"2022-08-05T07:42:43","slug":"tour-privado-nimes-desde-marsella-con-chofer-guia","status":"publish","type":"product","link":"https:\/\/tourtravelandmore.com\/es\/tours\/francia\/marsella-es\/tour-privado-nimes-desde-marsella-con-chofer-guia\/","title":{"rendered":"Tour Privado a Nimes desde Marsella con chofer\/gu\u00eda"},"content":{"rendered":"<h2>Descripci\u00f3n del Tour Privado a Nimes desde Marsella con chofer\/gu\u00eda<\/h2>\n<p>Disfrute esta oportunidad de poder conocer\u00a0<strong>Nimes<\/strong>, una localidad en el\u00a0<strong>sur de Francia<\/strong> en su propio coche de lujo privado, con un chofer\/gu\u00eda para usted y sus acompa\u00f1antes. Reserve este tour privado Nimes desde Marsella!<\/p>\n<p>Los primeros habitantes de Nimes fueron los legionarios romanos que lucharon en la campa\u00f1a de Augusto en Egipto en el a\u00f1o 31 a. C.<\/p>\n<p>El pueblo es muy reconocido por albergar diferentes monumentos romanos muy bien preservados, como el anfiteatro y la Maison Carr\u00e9e.<br \/>\nSu poblaci\u00f3n es de 147.000 habitantes, y forma parte del Departamento Gard.<\/p>\n<p>La duraci\u00f3n de este tour privado Nimes desde Marsella es de 6 horas.<\/p>\n<p>Al ser un tour completamente privado pueden escoger la hora y lugar de comienzo en Marsella.<\/p>\n<h2>Puntos de inter\u00e9s en el Tour Privado a Nimes desde Marsella con chofer\/gu\u00eda<\/h2>\n<p>Su <strong>chofer\/gu\u00eda privado<\/strong> os recoger\u00e1 en su hotel, Terminal de Cruceros o sitio indicado al horario elegido por vosotros, e ir\u00e1n hacia el Este, hacia la ciudad<strong> Nimes<\/strong>.<\/p>\n<p>Nimes fue una de las principales ciudades del imperio romano. Hoy en d\u00eda a\u00fan posee algunos monumentos de aquella \u00e9poca, como el <strong>anfiteatro romano<\/strong>, el cual fue edificado en el siglo I. Con capacidad para 22.000 espectadores. Hasta su restauraci\u00f3n en el siglo XIX, fue utilizado como vivienda para 2.000 personas en condiciones de miseria. Hoy en d\u00eda es usado para corridas de toros y festivales.<\/p>\n<p>La ciudad posee avenidas amplias, y la construcci\u00f3n moderna ha dado fant\u00e1sticas obras de arte como el <strong>Carr\u00e9 d\u00b4Art.<\/strong><\/p>\n<p>Entre sus monumentos m\u00e1s conocidos, los cuales visitar\u00e9is, se encuentran la <strong>Fontaine du Cocodrile<\/strong> y el famoso edificio<strong> Castellum<\/strong>, un acueducto de alrededor de 50 km que fue edificado para proveer agua a toda la ciudad en la \u00e9poca del imperio romano.<\/p>\n<p>Podreis visitar la <strong>Cathedrale Notre-Dame et St-Castor<\/strong>, la cual est\u00e1 abierta al p\u00fablico de 10:00 a 12:00 todos los d\u00edas. Fue edificada en el siglo XI, y restaurada en el siglo XIX.<\/p>\n<p>Tambi\u00e9n visitar la <strong>Maison Carr\u00e9e<\/strong>, el templo romano mejor conservado que alberga la ciudad de Nimes. Es de estilo hel\u00e9nico, con columnas corintias. Dentro del mismo se proyecta una pel\u00edcula en tres dimensiones sobre la historia de Nimes (si dese\u00e1is ingresar, consultar para la gesti\u00f3n de entradas).<\/p>\n<p><strong>Si dispone de m\u00e1s d\u00edas, puedes consultar <a href=\"https:\/\/tourtravelandmore.com\/es\/ciudad\/francia\/marsella-es\/\">aqu\u00ed<\/a>, el resto de los tours privados que ofrecemos en Marsellas.<\/strong><\/p>\n","protected":false},"excerpt":{"rendered":"<p>Disfruta de este\u00a0<strong>tour privado<\/strong>\u00a0y personalizable\u00a0<strong>desde Marsella a Nimes<\/strong>, una ciudad creada por los legionarios romanos en el a\u00f1o 31 a.C. Toma la oportunidad de visitar y conocer la ciudad en tu veh\u00edculo con chofer\/gu\u00eda privado, quien te ense\u00f1ara la ciudad desde los ojos de un local.<\/p>\n","protected":false},"featured_media":19072,"comment_status":"open","ping_status":"closed","template":"","meta":{"_acf_changed":false},"product_brand":[],"product_cat":[482,572,483,573,574],"product_tag":[],"class_list":{"0":"post-19064","1":"product","2":"type-product","3":"status-publish","4":"has-post-thumbnail","6":"product_cat-marsella-es","7":"product_cat-marsella-actividades-es","8":"product_cat-marsella-rutas-turisticas-privadas-es","9":"product_cat-marsella-excursiones-es","10":"product_cat-marsella-excursiones-privadas-cruceros-es","12":"first","13":"instock","14":"shipping-taxable","15":"purchasable","16":"product-type-simple"},"acf":[],"yoast_head":"<!-- This site is optimized with the Yoast SEO Premium plugin v25.3.1 (Yoast SEO v25.3.1) - https:\/\/yoast.com\/wordpress\/plugins\/seo\/ -->\n<title>Tour Privado Nimes desde Marsella con chofer\/gu\u00eda | Tour Travel &amp; More<\/title>\n<meta name=\"description\" content=\"Reserve este Tour Privado Nimes desde Marsella y visite una de las ciudades con mayor historia de Francia y su famoso anfiteatro \u2705\" \/>\n<meta name=\"robots\" content=\"index, follow, max-snippet:-1, max-image-preview:large, max-video-preview:-1\" \/>\n<link rel=\"canonical\" href=\"https:\/\/tourtravelandmore.com\/es\/tours\/francia\/marsella-es\/tour-privado-nimes-desde-marsella-con-chofer-guia\/\" \/>\n<meta property=\"og:locale\" content=\"es_ES\" \/>\n<meta property=\"og:type\" content=\"article\" \/>\n<meta property=\"og:title\" content=\"Tour Privado a Nimes desde Marsella con chofer\/gu\u00eda\" \/>\n<meta property=\"og:description\" content=\"Reserve este Tour Privado Nimes desde Marsella y visite una de las ciudades con mayor historia de Francia y su famoso anfiteatro \u2705\" \/>\n<meta property=\"og:url\" content=\"https:\/\/tourtravelandmore.com\/es\/tours\/francia\/marsella-es\/tour-privado-nimes-desde-marsella-con-chofer-guia\/\" \/>\n<meta property=\"og:site_name\" content=\"Tour Travel And More\" \/>\n<meta property=\"article:publisher\" content=\"https:\/\/www.facebook.com\/tourtravelandmore\/\" \/>\n<meta property=\"article:modified_time\" content=\"2022-08-05T07:42:43+00:00\" \/>\n<meta property=\"og:image\" content=\"https:\/\/tourtravelandmore.com\/wp-content\/uploads\/2018\/03\/arenes-nimes.jpg\" \/>\n\t<meta property=\"og:image:width\" content=\"1400\" \/>\n\t<meta property=\"og:image:height\" content=\"933\" \/>\n\t<meta property=\"og:image:type\" content=\"image\/jpeg\" \/>\n<meta name=\"twitter:card\" content=\"summary_large_image\" \/>\n<meta name=\"twitter:site\" content=\"@TourTravel_More\" \/>\n<meta name=\"twitter:label1\" content=\"Tiempo de lectura\" \/>\n\t<meta name=\"twitter:data1\" content=\"2 minutos\" \/>\n<script type=\"application\/ld+json\" class=\"yoast-schema-graph\">{\"@context\":\"https:\/\/schema.org\",\"@graph\":[{\"@type\":\"WebPage\",\"@id\":\"https:\/\/tourtravelandmore.com\/es\/tours\/francia\/marsella-es\/tour-privado-nimes-desde-marsella-con-chofer-guia\/\",\"url\":\"https:\/\/tourtravelandmore.com\/es\/tours\/francia\/marsella-es\/tour-privado-nimes-desde-marsella-con-chofer-guia\/\",\"name\":\"Tour Privado Nimes desde Marsella con chofer\/gu\u00eda | Tour Travel & More\",\"isPartOf\":{\"@id\":\"https:\/\/tourtravelandmore.com\/es\/#website\"},\"primaryImageOfPage\":{\"@id\":\"https:\/\/tourtravelandmore.com\/es\/tours\/francia\/marsella-es\/tour-privado-nimes-desde-marsella-con-chofer-guia\/#primaryimage\"},\"image\":{\"@id\":\"https:\/\/tourtravelandmore.com\/es\/tours\/francia\/marsella-es\/tour-privado-nimes-desde-marsella-con-chofer-guia\/#primaryimage\"},\"thumbnailUrl\":\"https:\/\/tourtravelandmore.com\/wp-content\/uploads\/2018\/03\/arenes-nimes.jpg\",\"datePublished\":\"2018-03-09T15:33:25+00:00\",\"dateModified\":\"2022-08-05T07:42:43+00:00\",\"description\":\"Reserve este Tour Privado Nimes desde Marsella y visite una de las ciudades con mayor historia de Francia y su famoso anfiteatro \u2705\",\"breadcrumb\":{\"@id\":\"https:\/\/tourtravelandmore.com\/es\/tours\/francia\/marsella-es\/tour-privado-nimes-desde-marsella-con-chofer-guia\/#breadcrumb\"},\"inLanguage\":\"es\",\"potentialAction\":[{\"@type\":\"ReadAction\",\"target\":[\"https:\/\/tourtravelandmore.com\/es\/tours\/francia\/marsella-es\/tour-privado-nimes-desde-marsella-con-chofer-guia\/\"]}]},{\"@type\":\"ImageObject\",\"inLanguage\":\"es\",\"@id\":\"https:\/\/tourtravelandmore.com\/es\/tours\/francia\/marsella-es\/tour-privado-nimes-desde-marsella-con-chofer-guia\/#primaryimage\",\"url\":\"https:\/\/tourtravelandmore.com\/wp-content\/uploads\/2018\/03\/arenes-nimes.jpg\",\"contentUrl\":\"https:\/\/tourtravelandmore.com\/wp-content\/uploads\/2018\/03\/arenes-nimes.jpg\",\"width\":1400,\"height\":933},{\"@type\":\"BreadcrumbList\",\"@id\":\"https:\/\/tourtravelandmore.com\/es\/tours\/francia\/marsella-es\/tour-privado-nimes-desde-marsella-con-chofer-guia\/#breadcrumb\",\"itemListElement\":[{\"@type\":\"ListItem\",\"position\":1,\"name\":\"Home\",\"item\":\"https:\/\/tourtravelandmore.com\/es\/\"},{\"@type\":\"ListItem\",\"position\":2,\"name\":\"Tours\",\"item\":\"https:\/\/tourtravelandmore.com\/es\/tours\/\"},{\"@type\":\"ListItem\",\"position\":3,\"name\":\"Tour Privado a Nimes desde Marsella con chofer\/gu\u00eda\"}]},{\"@type\":\"WebSite\",\"@id\":\"https:\/\/tourtravelandmore.com\/es\/#website\",\"url\":\"https:\/\/tourtravelandmore.com\/es\/\",\"name\":\"Tour Travel And More\",\"description\":\"Private sightseeing tours and luxury transfers in Spain\",\"publisher\":{\"@id\":\"https:\/\/tourtravelandmore.com\/es\/#organization\"},\"potentialAction\":[{\"@type\":\"SearchAction\",\"target\":{\"@type\":\"EntryPoint\",\"urlTemplate\":\"https:\/\/tourtravelandmore.com\/es\/?s={search_term_string}\"},\"query-input\":{\"@type\":\"PropertyValueSpecification\",\"valueRequired\":true,\"valueName\":\"search_term_string\"}}],\"inLanguage\":\"es\"},{\"@type\":\"Organization\",\"@id\":\"https:\/\/tourtravelandmore.com\/es\/#organization\",\"name\":\"Tour Travel And More\",\"url\":\"https:\/\/tourtravelandmore.com\/es\/\",\"logo\":{\"@type\":\"ImageObject\",\"inLanguage\":\"es\",\"@id\":\"https:\/\/tourtravelandmore.com\/es\/#\/schema\/logo\/image\/\",\"url\":\"https:\/\/tourtravelandmore.com\/wp-content\/uploads\/2022\/12\/cropped-logo-cabecera-new.png\",\"contentUrl\":\"https:\/\/tourtravelandmore.com\/wp-content\/uploads\/2022\/12\/cropped-logo-cabecera-new.png\",\"width\":430,\"height\":61,\"caption\":\"Tour Travel And More\"},\"image\":{\"@id\":\"https:\/\/tourtravelandmore.com\/es\/#\/schema\/logo\/image\/\"},\"sameAs\":[\"https:\/\/www.facebook.com\/tourtravelandmore\/\",\"https:\/\/x.com\/TourTravel_More\"]}]}<\/script>\n<!-- \/ Yoast SEO Premium plugin. -->","yoast_head_json":{"title":"Tour Privado Nimes desde Marsella con chofer\/gu\u00eda | Tour Travel & More","description":"Reserve este Tour Privado Nimes desde Marsella y visite una de las ciudades con mayor historia de Francia y su famoso anfiteatro \u2705","robots":{"index":"index","follow":"follow","max-snippet":"max-snippet:-1","max-image-preview":"max-image-preview:large","max-video-preview":"max-video-preview:-1"},"canonical":"https:\/\/tourtravelandmore.com\/es\/tours\/francia\/marsella-es\/tour-privado-nimes-desde-marsella-con-chofer-guia\/","og_locale":"es_ES","og_type":"article","og_title":"Tour Privado a Nimes desde Marsella con chofer\/gu\u00eda","og_description":"Reserve este Tour Privado Nimes desde Marsella y visite una de las ciudades con mayor historia de Francia y su famoso anfiteatro \u2705","og_url":"https:\/\/tourtravelandmore.com\/es\/tours\/francia\/marsella-es\/tour-privado-nimes-desde-marsella-con-chofer-guia\/","og_site_name":"Tour Travel And More","article_publisher":"https:\/\/www.facebook.com\/tourtravelandmore\/","article_modified_time":"2022-08-05T07:42:43+00:00","og_image":[{"width":1400,"height":933,"url":"https:\/\/tourtravelandmore.com\/wp-content\/uploads\/2018\/03\/arenes-nimes.jpg","type":"image\/jpeg"}],"twitter_card":"summary_large_image","twitter_site":"@TourTravel_More","twitter_misc":{"Tiempo de lectura":"2 minutos"},"schema":{"@context":"https:\/\/schema.org","@graph":[{"@type":"WebPage","@id":"https:\/\/tourtravelandmore.com\/es\/tours\/francia\/marsella-es\/tour-privado-nimes-desde-marsella-con-chofer-guia\/","url":"https:\/\/tourtravelandmore.com\/es\/tours\/francia\/marsella-es\/tour-privado-nimes-desde-marsella-con-chofer-guia\/","name":"Tour Privado Nimes desde Marsella con chofer\/gu\u00eda | Tour Travel & More","isPartOf":{"@id":"https:\/\/tourtravelandmore.com\/es\/#website"},"primaryImageOfPage":{"@id":"https:\/\/tourtravelandmore.com\/es\/tours\/francia\/marsella-es\/tour-privado-nimes-desde-marsella-con-chofer-guia\/#primaryimage"},"image":{"@id":"https:\/\/tourtravelandmore.com\/es\/tours\/francia\/marsella-es\/tour-privado-nimes-desde-marsella-con-chofer-guia\/#primaryimage"},"thumbnailUrl":"https:\/\/tourtravelandmore.com\/wp-content\/uploads\/2018\/03\/arenes-nimes.jpg","datePublished":"2018-03-09T15:33:25+00:00","dateModified":"2022-08-05T07:42:43+00:00","description":"Reserve este Tour Privado Nimes desde Marsella y visite una de las ciudades con mayor historia de Francia y su famoso anfiteatro \u2705","breadcrumb":{"@id":"https:\/\/tourtravelandmore.com\/es\/tours\/francia\/marsella-es\/tour-privado-nimes-desde-marsella-con-chofer-guia\/#breadcrumb"},"inLanguage":"es","potentialAction":[{"@type":"ReadAction","target":["https:\/\/tourtravelandmore.com\/es\/tours\/francia\/marsella-es\/tour-privado-nimes-desde-marsella-con-chofer-guia\/"]}]},{"@type":"ImageObject","inLanguage":"es","@id":"https:\/\/tourtravelandmore.com\/es\/tours\/francia\/marsella-es\/tour-privado-nimes-desde-marsella-con-chofer-guia\/#primaryimage","url":"https:\/\/tourtravelandmore.com\/wp-content\/uploads\/2018\/03\/arenes-nimes.jpg","contentUrl":"https:\/\/tourtravelandmore.com\/wp-content\/uploads\/2018\/03\/arenes-nimes.jpg","width":1400,"height":933},{"@type":"BreadcrumbList","@id":"https:\/\/tourtravelandmore.com\/es\/tours\/francia\/marsella-es\/tour-privado-nimes-desde-marsella-con-chofer-guia\/#breadcrumb","itemListElement":[{"@type":"ListItem","position":1,"name":"Home","item":"https:\/\/tourtravelandmore.com\/es\/"},{"@type":"ListItem","position":2,"name":"Tours","item":"https:\/\/tourtravelandmore.com\/es\/tours\/"},{"@type":"ListItem","position":3,"name":"Tour Privado a Nimes desde Marsella con chofer\/gu\u00eda"}]},{"@type":"WebSite","@id":"https:\/\/tourtravelandmore.com\/es\/#website","url":"https:\/\/tourtravelandmore.com\/es\/","name":"Tour Travel And More","description":"Private sightseeing tours and luxury transfers in Spain","publisher":{"@id":"https:\/\/tourtravelandmore.com\/es\/#organization"},"potentialAction":[{"@type":"SearchAction","target":{"@type":"EntryPoint","urlTemplate":"https:\/\/tourtravelandmore.com\/es\/?s={search_term_string}"},"query-input":{"@type":"PropertyValueSpecification","valueRequired":true,"valueName":"search_term_string"}}],"inLanguage":"es"},{"@type":"Organization","@id":"https:\/\/tourtravelandmore.com\/es\/#organization","name":"Tour Travel And More","url":"https:\/\/tourtravelandmore.com\/es\/","logo":{"@type":"ImageObject","inLanguage":"es","@id":"https:\/\/tourtravelandmore.com\/es\/#\/schema\/logo\/image\/","url":"https:\/\/tourtravelandmore.com\/wp-content\/uploads\/2022\/12\/cropped-logo-cabecera-new.png","contentUrl":"https:\/\/tourtravelandmore.com\/wp-content\/uploads\/2022\/12\/cropped-logo-cabecera-new.png","width":430,"height":61,"caption":"Tour Travel And More"},"image":{"@id":"https:\/\/tourtravelandmore.com\/es\/#\/schema\/logo\/image\/"},"sameAs":["https:\/\/www.facebook.com\/tourtravelandmore\/","https:\/\/x.com\/TourTravel_More"]}]}},"_links":{"self":[{"href":"https:\/\/tourtravelandmore.com\/es\/wp-json\/wp\/v2\/product\/19064","targetHints":{"allow":["GET"]}}],"collection":[{"href":"https:\/\/tourtravelandmore.com\/es\/wp-json\/wp\/v2\/product"}],"about":[{"href":"https:\/\/tourtravelandmore.com\/es\/wp-json\/wp\/v2\/types\/product"}],"replies":[{"embeddable":true,"href":"https:\/\/tourtravelandmore.com\/es\/wp-json\/wp\/v2\/comments?post=19064"}],"wp:featuredmedia":[{"embeddable":true,"href":"https:\/\/tourtravelandmore.com\/es\/wp-json\/wp\/v2\/media\/19072"}],"wp:attachment":[{"href":"https:\/\/tourtravelandmore.com\/es\/wp-json\/wp\/v2\/media?parent=19064"}],"wp:term":[{"taxonomy":"product_brand","embeddable":true,"href":"https:\/\/tourtravelandmore.com\/es\/wp-json\/wp\/v2\/product_brand?post=19064"},{"taxonomy":"product_cat","embeddable":true,"href":"https:\/\/tourtravelandmore.com\/es\/wp-json\/wp\/v2\/product_cat?post=19064"},{"taxonomy":"product_tag","embeddable":true,"href":"https:\/\/tourtravelandmore.com\/es\/wp-json\/wp\/v2\/product_tag?post=19064"}],"curies":[{"name":"wp","href":"https:\/\/api.w.org\/{rel}","templated":true}]}}