{"id":19049,"date":"2018-03-09T16:15:44","date_gmt":"2018-03-09T15:15:47","guid":{"rendered":"http:\/\/tourtravelandmore.com\/es\/tours\/marsella-es\/tour-privado-en-marsella-con-chofer-guia-privado-4-horas\/"},"modified":"2022-08-05T09:40:43","modified_gmt":"2022-08-05T07:40:43","slug":"tour-privado-marsella-con-chofer-guia-privado-en-ingles-castellano","status":"publish","type":"product","link":"https:\/\/tourtravelandmore.com\/es\/tours\/francia\/marsella-es\/tour-privado-marsella-con-chofer-guia-privado-en-ingles-castellano\/","title":{"rendered":"Tour Privado en Marsella con chofer\/gu\u00eda"},"content":{"rendered":"<h2>Descripci\u00f3n del Tour Privado en Marsella con chofer\/gu\u00eda<\/h2>\n<p>Reserva un Tour privado Marsella con un chofer\/gu\u00eda para conocer la ciudad.<\/p>\n<p>Marsella es la ciudad m\u00e1s antigua de Francia, fundada hace 2600 a\u00f1os por griegos que llegaban de Focea. Es la segunda m\u00e1s habitada en el pa\u00eds, con 900.000 habitantes, despu\u00e9s de Par\u00eds.<\/p>\n<p>Reconocida tambi\u00e9n por ofrecer, en promedio, 300 d\u00edas de sol al a\u00f1o. Fant\u00e1sticas playas a sus alrededores, teniendo a unos pocos kil\u00f3metros el parque nacional des calanques.<\/p>\n<p>Debido a su fuerte oferta cultural, y al ser una ciudad que ha albergado m\u00e1s de 26 culturas, en 2013 fue elegida como la Capital Europea de la Cultura.<\/p>\n<p>La duraci\u00f3n de este tour privado Marsella es de 4 horas. Al ser un tour privado, pueden escoger la hora y lugar de comienzo.<\/p>\n<h2>Puntos de inter\u00e9s en el Tour Privado en Marsella con chofer\/gu\u00eda<\/h2>\n<p>Su <strong>chofer\/gu\u00eda privado<\/strong> os recoger\u00e1 en su hotel, Terminal de Cruceros o sitio indicado al horario elegido por vosotros, y comenzar\u00e1n a descubrir los secretos de la ciudad y su tour privado Marsella.<\/p>\n<p>Recorrer\u00e1n <strong>La Canebi\u00e9re<\/strong>, un gran bulevar que recorre el antiguo camino entre el puerto y los campos de C\u00e1\u00f1amo.<\/p>\n<p>Conocer\u00e9is el <strong>casco antiguo<\/strong> de la ciudad, el cual tuvo que ser reconstruido a ra\u00edz de la II guerra mundial. En el casco antiguo, podr\u00e1n ver el <strong>Vieillle Charit\u00e9<\/strong>, un enorme hospicio dise\u00f1ado por<strong> Pierre Puget<\/strong>, fue construido inicialmente para alojar a inmigrantes rurales.<\/p>\n<p>La II Guerra Mundial oblig\u00f3 tambi\u00e9n a construir un<strong> puerto nuevo<\/strong>. Al hacerlo, han descubierto los muelles romanos que exist\u00edan hace miles de a\u00f1os. A ra\u00edz de ello, existe el Mus\u00e9e des Docks Romains, donde se exhiben las tinajas utilizadas en esos tiempos (consultar anteriormente si quereis entrar al museo).<\/p>\n<p>Tambi\u00e9n visitar\u00e1n la <strong>Cath\u00e9drale de la Major<\/strong>, edificada en 1893, donde est\u00e1n enterrados los obispos de Marsella. Al lado de ella est\u00e1 la antigua catedral, construida en el siglo XI.<\/p>\n<p><strong>Si su crucero va a parar en m\u00e1s puertos, puedes consultar <a href=\"https:\/\/tourtravelandmore.com\/es\/tours\/\">aqu\u00ed<\/a>, el resto de ciudades d\u00f3nde operamos.<\/strong><\/p>\n","protected":false},"excerpt":{"rendered":"<p>Disfruta de este\u00a0<strong>tour privado Marsella con chofer\/gu\u00eda<\/strong>, ciudad que alberga el puerto m\u00e1s antiguo de\u00a0<strong>Francia<\/strong>. Toma la oportunidad de visitar y conocer la ciudad y conocer su historia. Debido a su fuerte oferta cultural, y al ser una ciudad que ha albergado m\u00e1s de 26 culturas, en 2013 fue elegida como la Capital Europea de la Cultura.<\/p>\n","protected":false},"featured_media":19057,"comment_status":"open","ping_status":"closed","template":"","meta":{"_acf_changed":false},"product_brand":[],"product_cat":[482,829,572,483,573,574],"product_tag":[],"class_list":{"0":"post-19049","1":"product","2":"type-product","3":"status-publish","4":"has-post-thumbnail","6":"product_cat-marsella-es","7":"product_cat-marsella-top-ventas-es","8":"product_cat-marsella-actividades-es","9":"product_cat-marsella-rutas-turisticas-privadas-es","10":"product_cat-marsella-excursiones-es","11":"product_cat-marsella-excursiones-privadas-cruceros-es","13":"first","14":"instock","15":"shipping-taxable","16":"purchasable","17":"product-type-simple"},"acf":[],"yoast_head":"<!-- This site is optimized with the Yoast SEO Premium plugin v25.3.1 (Yoast SEO v25.3.1) - https:\/\/yoast.com\/wordpress\/plugins\/seo\/ -->\n<title>Tour Privado Marsella con chofer\/gu\u00eda privado en ingl\u00e9s\/Castellano | Tour Travel &amp; More<\/title>\n<meta name=\"description\" content=\"Reserve un tour privado Marsella y conoce la segunda ciudad m\u00e1s importante de Francia, junto a su chofer\/gu\u00eda \u2705\" \/>\n<meta name=\"robots\" content=\"index, follow, max-snippet:-1, max-image-preview:large, max-video-preview:-1\" \/>\n<link rel=\"canonical\" href=\"https:\/\/tourtravelandmore.com\/es\/tours\/francia\/marsella-es\/tour-privado-marsella-con-chofer-guia-privado-en-ingles-castellano\/\" \/>\n<meta property=\"og:locale\" content=\"es_ES\" \/>\n<meta property=\"og:type\" content=\"article\" \/>\n<meta property=\"og:title\" content=\"Tour Privado en Marsella con chofer\/gu\u00eda\" \/>\n<meta property=\"og:description\" content=\"Reserve un tour privado Marsella y conoce la segunda ciudad m\u00e1s importante de Francia, junto a su chofer\/gu\u00eda \u2705\" \/>\n<meta property=\"og:url\" content=\"https:\/\/tourtravelandmore.com\/es\/tours\/francia\/marsella-es\/tour-privado-marsella-con-chofer-guia-privado-en-ingles-castellano\/\" \/>\n<meta property=\"og:site_name\" content=\"Tour Travel And More\" \/>\n<meta property=\"article:publisher\" content=\"https:\/\/www.facebook.com\/tourtravelandmore\/\" \/>\n<meta property=\"article:modified_time\" content=\"2022-08-05T07:40:43+00:00\" \/>\n<meta property=\"og:image\" content=\"https:\/\/tourtravelandmore.com\/wp-content\/uploads\/2018\/03\/marseilless.jpg\" \/>\n\t<meta property=\"og:image:width\" content=\"798\" \/>\n\t<meta property=\"og:image:height\" content=\"449\" \/>\n\t<meta property=\"og:image:type\" content=\"image\/jpeg\" \/>\n<meta name=\"twitter:card\" content=\"summary_large_image\" \/>\n<meta name=\"twitter:site\" content=\"@TourTravel_More\" \/>\n<meta name=\"twitter:label1\" content=\"Tiempo de lectura\" \/>\n\t<meta name=\"twitter:data1\" content=\"2 minutos\" \/>\n<script type=\"application\/ld+json\" class=\"yoast-schema-graph\">{\"@context\":\"https:\/\/schema.org\",\"@graph\":[{\"@type\":\"WebPage\",\"@id\":\"https:\/\/tourtravelandmore.com\/es\/tours\/francia\/marsella-es\/tour-privado-marsella-con-chofer-guia-privado-en-ingles-castellano\/\",\"url\":\"https:\/\/tourtravelandmore.com\/es\/tours\/francia\/marsella-es\/tour-privado-marsella-con-chofer-guia-privado-en-ingles-castellano\/\",\"name\":\"Tour Privado Marsella con chofer\/gu\u00eda privado en ingl\u00e9s\/Castellano | Tour Travel & More\",\"isPartOf\":{\"@id\":\"https:\/\/tourtravelandmore.com\/es\/#website\"},\"primaryImageOfPage\":{\"@id\":\"https:\/\/tourtravelandmore.com\/es\/tours\/francia\/marsella-es\/tour-privado-marsella-con-chofer-guia-privado-en-ingles-castellano\/#primaryimage\"},\"image\":{\"@id\":\"https:\/\/tourtravelandmore.com\/es\/tours\/francia\/marsella-es\/tour-privado-marsella-con-chofer-guia-privado-en-ingles-castellano\/#primaryimage\"},\"thumbnailUrl\":\"https:\/\/tourtravelandmore.com\/wp-content\/uploads\/2018\/03\/marseilless.jpg\",\"datePublished\":\"2018-03-09T15:15:47+00:00\",\"dateModified\":\"2022-08-05T07:40:43+00:00\",\"description\":\"Reserve un tour privado Marsella y conoce la segunda ciudad m\u00e1s importante de Francia, junto a su chofer\/gu\u00eda \u2705\",\"breadcrumb\":{\"@id\":\"https:\/\/tourtravelandmore.com\/es\/tours\/francia\/marsella-es\/tour-privado-marsella-con-chofer-guia-privado-en-ingles-castellano\/#breadcrumb\"},\"inLanguage\":\"es\",\"potentialAction\":[{\"@type\":\"ReadAction\",\"target\":[\"https:\/\/tourtravelandmore.com\/es\/tours\/francia\/marsella-es\/tour-privado-marsella-con-chofer-guia-privado-en-ingles-castellano\/\"]}]},{\"@type\":\"ImageObject\",\"inLanguage\":\"es\",\"@id\":\"https:\/\/tourtravelandmore.com\/es\/tours\/francia\/marsella-es\/tour-privado-marsella-con-chofer-guia-privado-en-ingles-castellano\/#primaryimage\",\"url\":\"https:\/\/tourtravelandmore.com\/wp-content\/uploads\/2018\/03\/marseilless.jpg\",\"contentUrl\":\"https:\/\/tourtravelandmore.com\/wp-content\/uploads\/2018\/03\/marseilless.jpg\",\"width\":798,\"height\":449},{\"@type\":\"BreadcrumbList\",\"@id\":\"https:\/\/tourtravelandmore.com\/es\/tours\/francia\/marsella-es\/tour-privado-marsella-con-chofer-guia-privado-en-ingles-castellano\/#breadcrumb\",\"itemListElement\":[{\"@type\":\"ListItem\",\"position\":1,\"name\":\"Home\",\"item\":\"https:\/\/tourtravelandmore.com\/es\/\"},{\"@type\":\"ListItem\",\"position\":2,\"name\":\"Tours\",\"item\":\"https:\/\/tourtravelandmore.com\/es\/tours\/\"},{\"@type\":\"ListItem\",\"position\":3,\"name\":\"Tour Privado en Marsella con chofer\/gu\u00eda\"}]},{\"@type\":\"WebSite\",\"@id\":\"https:\/\/tourtravelandmore.com\/es\/#website\",\"url\":\"https:\/\/tourtravelandmore.com\/es\/\",\"name\":\"Tour Travel And More\",\"description\":\"Private sightseeing tours and luxury transfers in Spain\",\"publisher\":{\"@id\":\"https:\/\/tourtravelandmore.com\/es\/#organization\"},\"potentialAction\":[{\"@type\":\"SearchAction\",\"target\":{\"@type\":\"EntryPoint\",\"urlTemplate\":\"https:\/\/tourtravelandmore.com\/es\/?s={search_term_string}\"},\"query-input\":{\"@type\":\"PropertyValueSpecification\",\"valueRequired\":true,\"valueName\":\"search_term_string\"}}],\"inLanguage\":\"es\"},{\"@type\":\"Organization\",\"@id\":\"https:\/\/tourtravelandmore.com\/es\/#organization\",\"name\":\"Tour Travel And More\",\"url\":\"https:\/\/tourtravelandmore.com\/es\/\",\"logo\":{\"@type\":\"ImageObject\",\"inLanguage\":\"es\",\"@id\":\"https:\/\/tourtravelandmore.com\/es\/#\/schema\/logo\/image\/\",\"url\":\"https:\/\/tourtravelandmore.com\/wp-content\/uploads\/2022\/12\/cropped-logo-cabecera-new.png\",\"contentUrl\":\"https:\/\/tourtravelandmore.com\/wp-content\/uploads\/2022\/12\/cropped-logo-cabecera-new.png\",\"width\":430,\"height\":61,\"caption\":\"Tour Travel And More\"},\"image\":{\"@id\":\"https:\/\/tourtravelandmore.com\/es\/#\/schema\/logo\/image\/\"},\"sameAs\":[\"https:\/\/www.facebook.com\/tourtravelandmore\/\",\"https:\/\/x.com\/TourTravel_More\"]}]}<\/script>\n<!-- \/ Yoast SEO Premium plugin. -->","yoast_head_json":{"title":"Tour Privado Marsella con chofer\/gu\u00eda privado en ingl\u00e9s\/Castellano | Tour Travel & More","description":"Reserve un tour privado Marsella y conoce la segunda ciudad m\u00e1s importante de Francia, junto a su chofer\/gu\u00eda \u2705","robots":{"index":"index","follow":"follow","max-snippet":"max-snippet:-1","max-image-preview":"max-image-preview:large","max-video-preview":"max-video-preview:-1"},"canonical":"https:\/\/tourtravelandmore.com\/es\/tours\/francia\/marsella-es\/tour-privado-marsella-con-chofer-guia-privado-en-ingles-castellano\/","og_locale":"es_ES","og_type":"article","og_title":"Tour Privado en Marsella con chofer\/gu\u00eda","og_description":"Reserve un tour privado Marsella y conoce la segunda ciudad m\u00e1s importante de Francia, junto a su chofer\/gu\u00eda \u2705","og_url":"https:\/\/tourtravelandmore.com\/es\/tours\/francia\/marsella-es\/tour-privado-marsella-con-chofer-guia-privado-en-ingles-castellano\/","og_site_name":"Tour Travel And More","article_publisher":"https:\/\/www.facebook.com\/tourtravelandmore\/","article_modified_time":"2022-08-05T07:40:43+00:00","og_image":[{"width":798,"height":449,"url":"https:\/\/tourtravelandmore.com\/wp-content\/uploads\/2018\/03\/marseilless.jpg","type":"image\/jpeg"}],"twitter_card":"summary_large_image","twitter_site":"@TourTravel_More","twitter_misc":{"Tiempo de lectura":"2 minutos"},"schema":{"@context":"https:\/\/schema.org","@graph":[{"@type":"WebPage","@id":"https:\/\/tourtravelandmore.com\/es\/tours\/francia\/marsella-es\/tour-privado-marsella-con-chofer-guia-privado-en-ingles-castellano\/","url":"https:\/\/tourtravelandmore.com\/es\/tours\/francia\/marsella-es\/tour-privado-marsella-con-chofer-guia-privado-en-ingles-castellano\/","name":"Tour Privado Marsella con chofer\/gu\u00eda privado en ingl\u00e9s\/Castellano | Tour Travel & More","isPartOf":{"@id":"https:\/\/tourtravelandmore.com\/es\/#website"},"primaryImageOfPage":{"@id":"https:\/\/tourtravelandmore.com\/es\/tours\/francia\/marsella-es\/tour-privado-marsella-con-chofer-guia-privado-en-ingles-castellano\/#primaryimage"},"image":{"@id":"https:\/\/tourtravelandmore.com\/es\/tours\/francia\/marsella-es\/tour-privado-marsella-con-chofer-guia-privado-en-ingles-castellano\/#primaryimage"},"thumbnailUrl":"https:\/\/tourtravelandmore.com\/wp-content\/uploads\/2018\/03\/marseilless.jpg","datePublished":"2018-03-09T15:15:47+00:00","dateModified":"2022-08-05T07:40:43+00:00","description":"Reserve un tour privado Marsella y conoce la segunda ciudad m\u00e1s importante de Francia, junto a su chofer\/gu\u00eda \u2705","breadcrumb":{"@id":"https:\/\/tourtravelandmore.com\/es\/tours\/francia\/marsella-es\/tour-privado-marsella-con-chofer-guia-privado-en-ingles-castellano\/#breadcrumb"},"inLanguage":"es","potentialAction":[{"@type":"ReadAction","target":["https:\/\/tourtravelandmore.com\/es\/tours\/francia\/marsella-es\/tour-privado-marsella-con-chofer-guia-privado-en-ingles-castellano\/"]}]},{"@type":"ImageObject","inLanguage":"es","@id":"https:\/\/tourtravelandmore.com\/es\/tours\/francia\/marsella-es\/tour-privado-marsella-con-chofer-guia-privado-en-ingles-castellano\/#primaryimage","url":"https:\/\/tourtravelandmore.com\/wp-content\/uploads\/2018\/03\/marseilless.jpg","contentUrl":"https:\/\/tourtravelandmore.com\/wp-content\/uploads\/2018\/03\/marseilless.jpg","width":798,"height":449},{"@type":"BreadcrumbList","@id":"https:\/\/tourtravelandmore.com\/es\/tours\/francia\/marsella-es\/tour-privado-marsella-con-chofer-guia-privado-en-ingles-castellano\/#breadcrumb","itemListElement":[{"@type":"ListItem","position":1,"name":"Home","item":"https:\/\/tourtravelandmore.com\/es\/"},{"@type":"ListItem","position":2,"name":"Tours","item":"https:\/\/tourtravelandmore.com\/es\/tours\/"},{"@type":"ListItem","position":3,"name":"Tour Privado en Marsella con chofer\/gu\u00eda"}]},{"@type":"WebSite","@id":"https:\/\/tourtravelandmore.com\/es\/#website","url":"https:\/\/tourtravelandmore.com\/es\/","name":"Tour Travel And More","description":"Private sightseeing tours and luxury transfers in Spain","publisher":{"@id":"https:\/\/tourtravelandmore.com\/es\/#organization"},"potentialAction":[{"@type":"SearchAction","target":{"@type":"EntryPoint","urlTemplate":"https:\/\/tourtravelandmore.com\/es\/?s={search_term_string}"},"query-input":{"@type":"PropertyValueSpecification","valueRequired":true,"valueName":"search_term_string"}}],"inLanguage":"es"},{"@type":"Organization","@id":"https:\/\/tourtravelandmore.com\/es\/#organization","name":"Tour Travel And More","url":"https:\/\/tourtravelandmore.com\/es\/","logo":{"@type":"ImageObject","inLanguage":"es","@id":"https:\/\/tourtravelandmore.com\/es\/#\/schema\/logo\/image\/","url":"https:\/\/tourtravelandmore.com\/wp-content\/uploads\/2022\/12\/cropped-logo-cabecera-new.png","contentUrl":"https:\/\/tourtravelandmore.com\/wp-content\/uploads\/2022\/12\/cropped-logo-cabecera-new.png","width":430,"height":61,"caption":"Tour Travel And More"},"image":{"@id":"https:\/\/tourtravelandmore.com\/es\/#\/schema\/logo\/image\/"},"sameAs":["https:\/\/www.facebook.com\/tourtravelandmore\/","https:\/\/x.com\/TourTravel_More"]}]}},"_links":{"self":[{"href":"https:\/\/tourtravelandmore.com\/es\/wp-json\/wp\/v2\/product\/19049","targetHints":{"allow":["GET"]}}],"collection":[{"href":"https:\/\/tourtravelandmore.com\/es\/wp-json\/wp\/v2\/product"}],"about":[{"href":"https:\/\/tourtravelandmore.com\/es\/wp-json\/wp\/v2\/types\/product"}],"replies":[{"embeddable":true,"href":"https:\/\/tourtravelandmore.com\/es\/wp-json\/wp\/v2\/comments?post=19049"}],"wp:featuredmedia":[{"embeddable":true,"href":"https:\/\/tourtravelandmore.com\/es\/wp-json\/wp\/v2\/media\/19057"}],"wp:attachment":[{"href":"https:\/\/tourtravelandmore.com\/es\/wp-json\/wp\/v2\/media?parent=19049"}],"wp:term":[{"taxonomy":"product_brand","embeddable":true,"href":"https:\/\/tourtravelandmore.com\/es\/wp-json\/wp\/v2\/product_brand?post=19049"},{"taxonomy":"product_cat","embeddable":true,"href":"https:\/\/tourtravelandmore.com\/es\/wp-json\/wp\/v2\/product_cat?post=19049"},{"taxonomy":"product_tag","embeddable":true,"href":"https:\/\/tourtravelandmore.com\/es\/wp-json\/wp\/v2\/product_tag?post=19049"}],"curies":[{"name":"wp","href":"https:\/\/api.w.org\/{rel}","templated":true}]}}