{"id":19020,"date":"2018-03-09T15:04:53","date_gmt":"2018-03-09T14:04:56","guid":{"rendered":"http:\/\/tourtravelandmore.com\/es\/tours\/monaco-es\/tour-privado-a-2-vinedos-franceses-desde-monaco-con-chofer-guia-privado\/"},"modified":"2022-08-15T09:47:02","modified_gmt":"2022-08-15T07:47:02","slug":"tour-privado-a-cotes-de-provence","status":"publish","type":"product","link":"https:\/\/tourtravelandmore.com\/es\/tours\/francia\/monaco-es\/tour-privado-a-cotes-de-provence\/","title":{"rendered":"Tour Privado a vi\u00f1edos en Cote de Provence"},"content":{"rendered":"<h2><strong>Descripci\u00f3n del Tour Privado a vi\u00f1edos en Cote de Provence<\/strong><\/h2>\n<p>No es novedad que Francia produce uno de los mejores vinos del mundo. Durante siglos los productores locales han perfeccionado su t\u00e9cnica, haciendo del vino un emblema de Francia. Durante este tour de vi\u00f1edos desde M\u00f3naco podr\u00e1 visitar algunos de los mejores vi\u00f1edos de la regi\u00f3n sur de Francia. Visitar\u00e1 vi\u00f1edos familiares y tradicionales de Cotes de Provence, ubicado a tan solo 1 hora de Niza.<\/p>\n<p>El horario y lugar de recogida para el comienzo del tour es adaptable a sus necesidades. Su chofer privado le podr\u00e1 recoger en su hotel, apartamento, puerto o sitio deseado.<br \/>\nEste\u00a0<strong>tour privado<\/strong> es personalizable y organizado a medida. Cont\u00e1ctenos y uno de nuestros expertos de viaje la ayudar\u00e1 a coordinar una experiencia privada a medida desde M\u00f3naco.<\/p>\n<h2><strong>Puntos de inter\u00e9s en el Tour Privado a vi\u00f1edos en Cote de Provence<\/strong><\/h2>\n<p>Los productores de vino franceses han estado en el negocio desde hace siglos. En Francia existen alrededor de 150.000 productores de uvas, quienes producen 1.5 mil millones de galones de vino al a\u00f1o. Pr\u00e1cticamente, todos los vinos del mundo se han hecho a partir de varietales de origen franc\u00e9s. El vino franc\u00e9s es reconocido como el arquetipo con el cual se comparan los dem\u00e1s vinos producidos en el mundo.<\/p>\n<p>Durante su tour de vi\u00f1edos desde M\u00f3naco usted explorar\u00e1 este mundo personalmente. Su chofer\/gu\u00eda privado, experto conocedor de la regi\u00f3n, le llevar\u00e1 a Cotes du Provence. All\u00ed podr\u00e1 usted visitar 2 o 3 vi\u00f1edos locales, donde aprender\u00e1 las t\u00e9cnicas de producci\u00f3n local y degustar\u00e1 los vinos all\u00ed producidos. Cada visita estar\u00e1 guiada por el productor local, quien le ense\u00f1ar\u00e1 los m\u00e9todos de producci\u00f3n y le contar\u00e1 la historia de la bodega.<\/p>\n<p>Su chofer\/gu\u00eda privado estar\u00e1 a su entera disposici\u00f3n durante todo el tour. Por supuesto que durante su experiencia privada tendr\u00e1 tiempo para degustar la maravillosa gastronom\u00eda local. Podemos coordinar anteriormente una reserva, o bien podr\u00e1 elegir all\u00ed mismo un sitio con la recomendaci\u00f3n de su chofer\/gu\u00eda.<br \/>\n<strong>Nuestra propuesta tiene una duraci\u00f3n de 7 horas. Pero no dud\u00e9is en contactarnos si quer\u00e9is una duraci\u00f3n mayor o menor del tour.<\/strong><\/p>\n","protected":false},"excerpt":{"rendered":"<p>Disfruta de esta experiencia privada a medida y descubre el maravilloso mundo del<strong> vino franc\u00e9s junto a un gu\u00eda local<\/strong>. Visita la regi\u00f3n de Cotes de Provence y sus mejores vi\u00f1edos en esta excursi\u00f3n privada desde M\u00f3naco.<\/p>\n","protected":false},"featured_media":83605,"comment_status":"open","ping_status":"closed","template":"","meta":{"_acf_changed":false},"product_brand":[],"product_cat":[488,580,581,582],"product_tag":[],"class_list":{"0":"post-19020","1":"product","2":"type-product","3":"status-publish","4":"has-post-thumbnail","6":"product_cat-monaco-es","7":"product_cat-monaco-actividades-es","8":"product_cat-monaco-excursiones-es","9":"product_cat-monaco-excursiones-privadas-cruceros-es","11":"first","12":"instock","13":"shipping-taxable","14":"purchasable","15":"product-type-simple"},"acf":[],"yoast_head":"<!-- This site is optimized with the Yoast SEO Premium plugin v25.3.1 (Yoast SEO v25.3.1) - https:\/\/yoast.com\/wordpress\/plugins\/seo\/ -->\n<title>\u27a1\ufe0f Tour privado de vi\u00f1edos desde Monaco con chofer\/gu\u00eda privado | Tour Travel &amp; More<\/title>\n<meta name=\"description\" content=\"Aproveche su tiempo en la Costa Azul y disfrute un tour privado a los vi\u00f1edos de Cotes de Provence desde Monaco. Descubre el maravilloso vino franc\u00e9s! \u2705\" \/>\n<meta name=\"robots\" content=\"index, follow, max-snippet:-1, max-image-preview:large, max-video-preview:-1\" \/>\n<link rel=\"canonical\" href=\"https:\/\/tourtravelandmore.com\/es\/tours\/francia\/monaco-es\/tour-privado-a-cotes-de-provence\/\" \/>\n<meta property=\"og:locale\" content=\"es_ES\" \/>\n<meta property=\"og:type\" content=\"article\" \/>\n<meta property=\"og:title\" content=\"Tour Privado a vi\u00f1edos en Cote de Provence\" \/>\n<meta property=\"og:description\" content=\"Aproveche su tiempo en la Costa Azul y disfrute un tour privado a los vi\u00f1edos de Cotes de Provence desde Monaco. Descubre el maravilloso vino franc\u00e9s! \u2705\" \/>\n<meta property=\"og:url\" content=\"https:\/\/tourtravelandmore.com\/es\/tours\/francia\/monaco-es\/tour-privado-a-cotes-de-provence\/\" \/>\n<meta property=\"og:site_name\" content=\"Tour Travel And More\" \/>\n<meta property=\"article:publisher\" content=\"https:\/\/www.facebook.com\/tourtravelandmore\/\" \/>\n<meta property=\"article:modified_time\" content=\"2022-08-15T07:47:02+00:00\" \/>\n<meta property=\"og:image\" content=\"https:\/\/tourtravelandmore.com\/wp-content\/uploads\/2018\/03\/south-of-france-france-vineyard-provence-europe.jpg\" \/>\n\t<meta property=\"og:image:width\" content=\"880\" \/>\n\t<meta property=\"og:image:height\" content=\"661\" \/>\n\t<meta property=\"og:image:type\" content=\"image\/jpeg\" \/>\n<meta name=\"twitter:card\" content=\"summary_large_image\" \/>\n<meta name=\"twitter:site\" content=\"@TourTravel_More\" \/>\n<meta name=\"twitter:label1\" content=\"Tiempo de lectura\" \/>\n\t<meta name=\"twitter:data1\" content=\"2 minutos\" \/>\n<script type=\"application\/ld+json\" class=\"yoast-schema-graph\">{\"@context\":\"https:\/\/schema.org\",\"@graph\":[{\"@type\":\"WebPage\",\"@id\":\"https:\/\/tourtravelandmore.com\/es\/tours\/francia\/monaco-es\/tour-privado-a-cotes-de-provence\/\",\"url\":\"https:\/\/tourtravelandmore.com\/es\/tours\/francia\/monaco-es\/tour-privado-a-cotes-de-provence\/\",\"name\":\"\u27a1\ufe0f Tour privado de vi\u00f1edos desde Monaco con chofer\/gu\u00eda privado | Tour Travel & More\",\"isPartOf\":{\"@id\":\"https:\/\/tourtravelandmore.com\/es\/#website\"},\"primaryImageOfPage\":{\"@id\":\"https:\/\/tourtravelandmore.com\/es\/tours\/francia\/monaco-es\/tour-privado-a-cotes-de-provence\/#primaryimage\"},\"image\":{\"@id\":\"https:\/\/tourtravelandmore.com\/es\/tours\/francia\/monaco-es\/tour-privado-a-cotes-de-provence\/#primaryimage\"},\"thumbnailUrl\":\"https:\/\/tourtravelandmore.com\/wp-content\/uploads\/2018\/03\/south-of-france-france-vineyard-provence-europe.jpg\",\"datePublished\":\"2018-03-09T14:04:56+00:00\",\"dateModified\":\"2022-08-15T07:47:02+00:00\",\"description\":\"Aproveche su tiempo en la Costa Azul y disfrute un tour privado a los vi\u00f1edos de Cotes de Provence desde Monaco. Descubre el maravilloso vino franc\u00e9s! \u2705\",\"breadcrumb\":{\"@id\":\"https:\/\/tourtravelandmore.com\/es\/tours\/francia\/monaco-es\/tour-privado-a-cotes-de-provence\/#breadcrumb\"},\"inLanguage\":\"es\",\"potentialAction\":[{\"@type\":\"ReadAction\",\"target\":[\"https:\/\/tourtravelandmore.com\/es\/tours\/francia\/monaco-es\/tour-privado-a-cotes-de-provence\/\"]}]},{\"@type\":\"ImageObject\",\"inLanguage\":\"es\",\"@id\":\"https:\/\/tourtravelandmore.com\/es\/tours\/francia\/monaco-es\/tour-privado-a-cotes-de-provence\/#primaryimage\",\"url\":\"https:\/\/tourtravelandmore.com\/wp-content\/uploads\/2018\/03\/south-of-france-france-vineyard-provence-europe.jpg\",\"contentUrl\":\"https:\/\/tourtravelandmore.com\/wp-content\/uploads\/2018\/03\/south-of-france-france-vineyard-provence-europe.jpg\",\"width\":880,\"height\":661,\"caption\":\"Provence 2\"},{\"@type\":\"BreadcrumbList\",\"@id\":\"https:\/\/tourtravelandmore.com\/es\/tours\/francia\/monaco-es\/tour-privado-a-cotes-de-provence\/#breadcrumb\",\"itemListElement\":[{\"@type\":\"ListItem\",\"position\":1,\"name\":\"Home\",\"item\":\"https:\/\/tourtravelandmore.com\/es\/\"},{\"@type\":\"ListItem\",\"position\":2,\"name\":\"Tours\",\"item\":\"https:\/\/tourtravelandmore.com\/es\/tours\/\"},{\"@type\":\"ListItem\",\"position\":3,\"name\":\"Tour Privado a vi\u00f1edos en Cote de Provence\"}]},{\"@type\":\"WebSite\",\"@id\":\"https:\/\/tourtravelandmore.com\/es\/#website\",\"url\":\"https:\/\/tourtravelandmore.com\/es\/\",\"name\":\"Tour Travel And More\",\"description\":\"Private sightseeing tours and luxury transfers in Spain\",\"publisher\":{\"@id\":\"https:\/\/tourtravelandmore.com\/es\/#organization\"},\"potentialAction\":[{\"@type\":\"SearchAction\",\"target\":{\"@type\":\"EntryPoint\",\"urlTemplate\":\"https:\/\/tourtravelandmore.com\/es\/?s={search_term_string}\"},\"query-input\":{\"@type\":\"PropertyValueSpecification\",\"valueRequired\":true,\"valueName\":\"search_term_string\"}}],\"inLanguage\":\"es\"},{\"@type\":\"Organization\",\"@id\":\"https:\/\/tourtravelandmore.com\/es\/#organization\",\"name\":\"Tour Travel And More\",\"url\":\"https:\/\/tourtravelandmore.com\/es\/\",\"logo\":{\"@type\":\"ImageObject\",\"inLanguage\":\"es\",\"@id\":\"https:\/\/tourtravelandmore.com\/es\/#\/schema\/logo\/image\/\",\"url\":\"https:\/\/tourtravelandmore.com\/wp-content\/uploads\/2022\/12\/cropped-logo-cabecera-new.png\",\"contentUrl\":\"https:\/\/tourtravelandmore.com\/wp-content\/uploads\/2022\/12\/cropped-logo-cabecera-new.png\",\"width\":430,\"height\":61,\"caption\":\"Tour Travel And More\"},\"image\":{\"@id\":\"https:\/\/tourtravelandmore.com\/es\/#\/schema\/logo\/image\/\"},\"sameAs\":[\"https:\/\/www.facebook.com\/tourtravelandmore\/\",\"https:\/\/x.com\/TourTravel_More\"]}]}<\/script>\n<!-- \/ Yoast SEO Premium plugin. -->","yoast_head_json":{"title":"\u27a1\ufe0f Tour privado de vi\u00f1edos desde Monaco con chofer\/gu\u00eda privado | Tour Travel & More","description":"Aproveche su tiempo en la Costa Azul y disfrute un tour privado a los vi\u00f1edos de Cotes de Provence desde Monaco. Descubre el maravilloso vino franc\u00e9s! \u2705","robots":{"index":"index","follow":"follow","max-snippet":"max-snippet:-1","max-image-preview":"max-image-preview:large","max-video-preview":"max-video-preview:-1"},"canonical":"https:\/\/tourtravelandmore.com\/es\/tours\/francia\/monaco-es\/tour-privado-a-cotes-de-provence\/","og_locale":"es_ES","og_type":"article","og_title":"Tour Privado a vi\u00f1edos en Cote de Provence","og_description":"Aproveche su tiempo en la Costa Azul y disfrute un tour privado a los vi\u00f1edos de Cotes de Provence desde Monaco. Descubre el maravilloso vino franc\u00e9s! \u2705","og_url":"https:\/\/tourtravelandmore.com\/es\/tours\/francia\/monaco-es\/tour-privado-a-cotes-de-provence\/","og_site_name":"Tour Travel And More","article_publisher":"https:\/\/www.facebook.com\/tourtravelandmore\/","article_modified_time":"2022-08-15T07:47:02+00:00","og_image":[{"width":880,"height":661,"url":"https:\/\/tourtravelandmore.com\/wp-content\/uploads\/2018\/03\/south-of-france-france-vineyard-provence-europe.jpg","type":"image\/jpeg"}],"twitter_card":"summary_large_image","twitter_site":"@TourTravel_More","twitter_misc":{"Tiempo de lectura":"2 minutos"},"schema":{"@context":"https:\/\/schema.org","@graph":[{"@type":"WebPage","@id":"https:\/\/tourtravelandmore.com\/es\/tours\/francia\/monaco-es\/tour-privado-a-cotes-de-provence\/","url":"https:\/\/tourtravelandmore.com\/es\/tours\/francia\/monaco-es\/tour-privado-a-cotes-de-provence\/","name":"\u27a1\ufe0f Tour privado de vi\u00f1edos desde Monaco con chofer\/gu\u00eda privado | Tour Travel & More","isPartOf":{"@id":"https:\/\/tourtravelandmore.com\/es\/#website"},"primaryImageOfPage":{"@id":"https:\/\/tourtravelandmore.com\/es\/tours\/francia\/monaco-es\/tour-privado-a-cotes-de-provence\/#primaryimage"},"image":{"@id":"https:\/\/tourtravelandmore.com\/es\/tours\/francia\/monaco-es\/tour-privado-a-cotes-de-provence\/#primaryimage"},"thumbnailUrl":"https:\/\/tourtravelandmore.com\/wp-content\/uploads\/2018\/03\/south-of-france-france-vineyard-provence-europe.jpg","datePublished":"2018-03-09T14:04:56+00:00","dateModified":"2022-08-15T07:47:02+00:00","description":"Aproveche su tiempo en la Costa Azul y disfrute un tour privado a los vi\u00f1edos de Cotes de Provence desde Monaco. Descubre el maravilloso vino franc\u00e9s! \u2705","breadcrumb":{"@id":"https:\/\/tourtravelandmore.com\/es\/tours\/francia\/monaco-es\/tour-privado-a-cotes-de-provence\/#breadcrumb"},"inLanguage":"es","potentialAction":[{"@type":"ReadAction","target":["https:\/\/tourtravelandmore.com\/es\/tours\/francia\/monaco-es\/tour-privado-a-cotes-de-provence\/"]}]},{"@type":"ImageObject","inLanguage":"es","@id":"https:\/\/tourtravelandmore.com\/es\/tours\/francia\/monaco-es\/tour-privado-a-cotes-de-provence\/#primaryimage","url":"https:\/\/tourtravelandmore.com\/wp-content\/uploads\/2018\/03\/south-of-france-france-vineyard-provence-europe.jpg","contentUrl":"https:\/\/tourtravelandmore.com\/wp-content\/uploads\/2018\/03\/south-of-france-france-vineyard-provence-europe.jpg","width":880,"height":661,"caption":"Provence 2"},{"@type":"BreadcrumbList","@id":"https:\/\/tourtravelandmore.com\/es\/tours\/francia\/monaco-es\/tour-privado-a-cotes-de-provence\/#breadcrumb","itemListElement":[{"@type":"ListItem","position":1,"name":"Home","item":"https:\/\/tourtravelandmore.com\/es\/"},{"@type":"ListItem","position":2,"name":"Tours","item":"https:\/\/tourtravelandmore.com\/es\/tours\/"},{"@type":"ListItem","position":3,"name":"Tour Privado a vi\u00f1edos en Cote de Provence"}]},{"@type":"WebSite","@id":"https:\/\/tourtravelandmore.com\/es\/#website","url":"https:\/\/tourtravelandmore.com\/es\/","name":"Tour Travel And More","description":"Private sightseeing tours and luxury transfers in Spain","publisher":{"@id":"https:\/\/tourtravelandmore.com\/es\/#organization"},"potentialAction":[{"@type":"SearchAction","target":{"@type":"EntryPoint","urlTemplate":"https:\/\/tourtravelandmore.com\/es\/?s={search_term_string}"},"query-input":{"@type":"PropertyValueSpecification","valueRequired":true,"valueName":"search_term_string"}}],"inLanguage":"es"},{"@type":"Organization","@id":"https:\/\/tourtravelandmore.com\/es\/#organization","name":"Tour Travel And More","url":"https:\/\/tourtravelandmore.com\/es\/","logo":{"@type":"ImageObject","inLanguage":"es","@id":"https:\/\/tourtravelandmore.com\/es\/#\/schema\/logo\/image\/","url":"https:\/\/tourtravelandmore.com\/wp-content\/uploads\/2022\/12\/cropped-logo-cabecera-new.png","contentUrl":"https:\/\/tourtravelandmore.com\/wp-content\/uploads\/2022\/12\/cropped-logo-cabecera-new.png","width":430,"height":61,"caption":"Tour Travel And More"},"image":{"@id":"https:\/\/tourtravelandmore.com\/es\/#\/schema\/logo\/image\/"},"sameAs":["https:\/\/www.facebook.com\/tourtravelandmore\/","https:\/\/x.com\/TourTravel_More"]}]}},"_links":{"self":[{"href":"https:\/\/tourtravelandmore.com\/es\/wp-json\/wp\/v2\/product\/19020","targetHints":{"allow":["GET"]}}],"collection":[{"href":"https:\/\/tourtravelandmore.com\/es\/wp-json\/wp\/v2\/product"}],"about":[{"href":"https:\/\/tourtravelandmore.com\/es\/wp-json\/wp\/v2\/types\/product"}],"replies":[{"embeddable":true,"href":"https:\/\/tourtravelandmore.com\/es\/wp-json\/wp\/v2\/comments?post=19020"}],"wp:featuredmedia":[{"embeddable":true,"href":"https:\/\/tourtravelandmore.com\/es\/wp-json\/wp\/v2\/media\/83605"}],"wp:attachment":[{"href":"https:\/\/tourtravelandmore.com\/es\/wp-json\/wp\/v2\/media?parent=19020"}],"wp:term":[{"taxonomy":"product_brand","embeddable":true,"href":"https:\/\/tourtravelandmore.com\/es\/wp-json\/wp\/v2\/product_brand?post=19020"},{"taxonomy":"product_cat","embeddable":true,"href":"https:\/\/tourtravelandmore.com\/es\/wp-json\/wp\/v2\/product_cat?post=19020"},{"taxonomy":"product_tag","embeddable":true,"href":"https:\/\/tourtravelandmore.com\/es\/wp-json\/wp\/v2\/product_tag?post=19020"}],"curies":[{"name":"wp","href":"https:\/\/api.w.org\/{rel}","templated":true}]}}