{"id":18975,"date":"2018-03-08T16:08:10","date_gmt":"2018-03-08T15:08:12","guid":{"rendered":"http:\/\/tourtravelandmore.com\/es\/tours\/monaco-es\/tour-privado-a-eze-monaco-con-chofer-guia-privado\/"},"modified":"2022-08-15T09:41:39","modified_gmt":"2022-08-15T07:41:39","slug":"tour-privado-de-eze-monaco","status":"publish","type":"product","link":"https:\/\/tourtravelandmore.com\/es\/tours\/francia\/monaco-es\/tour-privado-de-eze-monaco\/","title":{"rendered":"Tour Privado de M\u00f3naco y Eze con chofer\/gu\u00eda privado"},"content":{"rendered":"<h2><strong>Descripci\u00f3n del Tour Privado de M\u00f3naco y Eze con chofer\/gu\u00eda privado<\/strong><\/h2>\n<p>Descubre el <strong>principado de M\u00f3naco<\/strong>\u00a0y los pueblos de\u00a0<strong>Eze<\/strong>\u00a0y\u00a0<strong>La Turbie\u00a0<\/strong>junto a un chofer\/gu\u00eda privado, experto en la regi\u00f3n. Disfruta este tour privado de Monaco.<br \/>\nEl horario y lugar de recogida del tour son adaptables a su deseo personal. Podemos recogerle desde M\u00f3naco, Cannes, Niza, el puerto Villefranche sur mer y alrededores.<\/p>\n<p>Este\u00a0<strong>tour privado<\/strong> es completamente personalizable y adaptable a sus deseos personales. Cont\u00e1ctenos y uno de nuestros expertos de viaje le ayudar\u00e1 a coordinar una experiencia privada a medida. Aqu\u00ed os dejamos un ejemplo de itinerario, el tour ser\u00e1 personalizado para que puedan ver y conocer exactamente lo que deseen ver en el maravilloso principado de M\u00f3naco.<\/p>\n<h2><strong>Puntos de inter\u00e9s en el Tour Privado de M\u00f3naco y Eze con chofer\/gu\u00eda privado<\/strong><\/h2>\n<p>Su chofer\/gu\u00eda le recoger\u00e1 en su hotel o sitio deseado, al horario elegido por vosotros. A continuaci\u00f3n ir\u00e1n hacia <strong>Eze<\/strong>. Este maravilloso pueblo es reconocido por albergar el laboratorio de la <a href=\"https:\/\/www.fragonard.com\/en\/factories\/eze\">perfumer\u00eda Fragonard<\/a>, la cual podr\u00e1n visitar. Desde all\u00ed disfrutar\u00e1n una espectacular vista panor\u00e1mica, ya que el pueblo se encuentra a 427 sobre el nivel del mar.\u00a0 Luego retornar\u00e1n hacia el principado de <strong>M\u00f3naco<\/strong> por la Gran Corniche. Visitar\u00e1n tambi\u00e9n <strong>Le Turbie<\/strong> para disfrutar otra magn\u00edfica vista panor\u00e1mica, quiz\u00e1s la mejor de la regi\u00f3n. Por \u00faltimo, coger\u00e1n la Moyenne Corniche para ingresar a M\u00f3naco. All\u00ed visitar\u00e1n los sitios m\u00e1s importantes de la ciudad, como el palais princier, la tumba de la princesa Grace Kelly y el casino de Montecarlo (el cual fue abierto en 1856 para evitar la bancarrota del pa\u00eds, y por el \u00e9xito obtenido, permiti\u00f3 abolir los impuestos en 1883). Afuera del casino se encuentra el emblem\u00e1tico caf\u00e9 de Par\u00eds, reconocido por tener una de las terrazas m\u00e1s bellas de la zona.<br \/>\nDurante su visita a M\u00f3naco podr\u00e1n recorrer la ruta del Grand Prix de la F\u00f3rmula 1 y visitar su sitio de partida. Durante su tour privado de Monaco podr\u00e1n visitar tambi\u00e9n la parte alta de la ciudad, Montecarlo. All\u00ed, donde se lleva a cabo el m\u00edtico rally de Montercarlo, podr\u00e1n visitar el jard\u00edn ex\u00f3tico y el museo oceanogr\u00e1fico.<\/p>\n<p>Contar\u00e1n con su veh\u00edculo privado y chofer\/gu\u00eda durante la total duraci\u00f3n del tour. Recordar que el itinerario final y la duraci\u00f3n del tour son adaptables a su deseo personal. <strong>Nuestra propuesta tiene una duraci\u00f3n de 8 horas. Pero no dud\u00e9is en contactarnos si quer\u00e9is una duraci\u00f3n mayor o menor del tour.<\/strong><\/p>\n","protected":false},"excerpt":{"rendered":"<p>Disfruta de este\u00a0<strong>tour privado a medida<\/strong>\u00a0en el principado de <strong>M\u00f3naco<\/strong>, reconocido como uno de los sitios m\u00e1s glamourosos y bonitos del mundo, y el pueblo de\u00a0<strong>Eze<\/strong>, situado a 427 metros, en lo alto de una monta\u00f1a. Toma la oportunidad de visitar y explorar la regi\u00f3n en un veh\u00edculo con chofer\/gu\u00eda privado quien te ense\u00f1ar\u00e1 la riviera francesa desde los ojos de un local.<\/p>\n","protected":false},"featured_media":18839,"comment_status":"open","ping_status":"closed","template":"","meta":{"_acf_changed":false},"product_brand":[],"product_cat":[488,580,581,582],"product_tag":[],"class_list":{"0":"post-18975","1":"product","2":"type-product","3":"status-publish","4":"has-post-thumbnail","6":"product_cat-monaco-es","7":"product_cat-monaco-actividades-es","8":"product_cat-monaco-excursiones-es","9":"product_cat-monaco-excursiones-privadas-cruceros-es","11":"first","12":"instock","13":"shipping-taxable","14":"purchasable","15":"product-type-simple"},"acf":[],"yoast_head":"<!-- This site is optimized with the Yoast SEO Premium plugin v25.3.1 (Yoast SEO v25.3.1) - https:\/\/yoast.com\/wordpress\/plugins\/seo\/ -->\n<title>\u27a1\ufe0f Tour Privado de Monaco y Eze con chofer\/gu\u00eda privado | Tour Travel &amp; More<\/title>\n<meta name=\"description\" content=\"Disfruta este tour privado de Monaco y Eze con chofer\/gu\u00eda privado, en veh\u00edculo privado de lujo. Explora la regi\u00f3n y visita sus pueblos m\u00e1s bonitos! \u2705\" \/>\n<meta name=\"robots\" content=\"index, follow, max-snippet:-1, max-image-preview:large, max-video-preview:-1\" \/>\n<link rel=\"canonical\" href=\"https:\/\/tourtravelandmore.com\/es\/tours\/francia\/monaco-es\/tour-privado-de-eze-monaco\/\" \/>\n<meta property=\"og:locale\" content=\"es_ES\" \/>\n<meta property=\"og:type\" content=\"article\" \/>\n<meta property=\"og:title\" content=\"Tour Privado de M\u00f3naco y Eze con chofer\/gu\u00eda privado\" \/>\n<meta property=\"og:description\" content=\"Disfruta este tour privado de Monaco y Eze con chofer\/gu\u00eda privado, en veh\u00edculo privado de lujo. Explora la regi\u00f3n y visita sus pueblos m\u00e1s bonitos! \u2705\" \/>\n<meta property=\"og:url\" content=\"https:\/\/tourtravelandmore.com\/es\/tours\/francia\/monaco-es\/tour-privado-de-eze-monaco\/\" \/>\n<meta property=\"og:site_name\" content=\"Tour Travel And More\" \/>\n<meta property=\"article:publisher\" content=\"https:\/\/www.facebook.com\/tourtravelandmore\/\" \/>\n<meta property=\"article:modified_time\" content=\"2022-08-15T07:41:39+00:00\" \/>\n<meta property=\"og:image\" content=\"https:\/\/tourtravelandmore.com\/wp-content\/uploads\/2018\/03\/E\u0300ze_und_Cap_Ferrat-Grande_Corniche-scaled.jpg\" \/>\n\t<meta property=\"og:image:width\" content=\"5102\" \/>\n\t<meta property=\"og:image:height\" content=\"2703\" \/>\n\t<meta property=\"og:image:type\" content=\"image\/jpeg\" \/>\n<meta name=\"twitter:card\" content=\"summary_large_image\" \/>\n<meta name=\"twitter:site\" content=\"@TourTravel_More\" \/>\n<meta name=\"twitter:label1\" content=\"Tiempo de lectura\" \/>\n\t<meta name=\"twitter:data1\" content=\"2 minutos\" \/>\n<script type=\"application\/ld+json\" class=\"yoast-schema-graph\">{\"@context\":\"https:\/\/schema.org\",\"@graph\":[{\"@type\":\"WebPage\",\"@id\":\"https:\/\/tourtravelandmore.com\/es\/tours\/francia\/monaco-es\/tour-privado-de-eze-monaco\/\",\"url\":\"https:\/\/tourtravelandmore.com\/es\/tours\/francia\/monaco-es\/tour-privado-de-eze-monaco\/\",\"name\":\"\u27a1\ufe0f Tour Privado de Monaco y Eze con chofer\/gu\u00eda privado | Tour Travel & More\",\"isPartOf\":{\"@id\":\"https:\/\/tourtravelandmore.com\/es\/#website\"},\"primaryImageOfPage\":{\"@id\":\"https:\/\/tourtravelandmore.com\/es\/tours\/francia\/monaco-es\/tour-privado-de-eze-monaco\/#primaryimage\"},\"image\":{\"@id\":\"https:\/\/tourtravelandmore.com\/es\/tours\/francia\/monaco-es\/tour-privado-de-eze-monaco\/#primaryimage\"},\"thumbnailUrl\":\"https:\/\/tourtravelandmore.com\/wp-content\/uploads\/2018\/03\/E\u0300ze_und_Cap_Ferrat-Grande_Corniche-scaled.jpg\",\"datePublished\":\"2018-03-08T15:08:12+00:00\",\"dateModified\":\"2022-08-15T07:41:39+00:00\",\"description\":\"Disfruta este tour privado de Monaco y Eze con chofer\/gu\u00eda privado, en veh\u00edculo privado de lujo. Explora la regi\u00f3n y visita sus pueblos m\u00e1s bonitos! \u2705\",\"breadcrumb\":{\"@id\":\"https:\/\/tourtravelandmore.com\/es\/tours\/francia\/monaco-es\/tour-privado-de-eze-monaco\/#breadcrumb\"},\"inLanguage\":\"es\",\"potentialAction\":[{\"@type\":\"ReadAction\",\"target\":[\"https:\/\/tourtravelandmore.com\/es\/tours\/francia\/monaco-es\/tour-privado-de-eze-monaco\/\"]}]},{\"@type\":\"ImageObject\",\"inLanguage\":\"es\",\"@id\":\"https:\/\/tourtravelandmore.com\/es\/tours\/francia\/monaco-es\/tour-privado-de-eze-monaco\/#primaryimage\",\"url\":\"https:\/\/tourtravelandmore.com\/wp-content\/uploads\/2018\/03\/E\u0300ze_und_Cap_Ferrat-Grande_Corniche-scaled.jpg\",\"contentUrl\":\"https:\/\/tourtravelandmore.com\/wp-content\/uploads\/2018\/03\/E\u0300ze_und_Cap_Ferrat-Grande_Corniche-scaled.jpg\",\"width\":5102,\"height\":2703},{\"@type\":\"BreadcrumbList\",\"@id\":\"https:\/\/tourtravelandmore.com\/es\/tours\/francia\/monaco-es\/tour-privado-de-eze-monaco\/#breadcrumb\",\"itemListElement\":[{\"@type\":\"ListItem\",\"position\":1,\"name\":\"Home\",\"item\":\"https:\/\/tourtravelandmore.com\/es\/\"},{\"@type\":\"ListItem\",\"position\":2,\"name\":\"Tours\",\"item\":\"https:\/\/tourtravelandmore.com\/es\/tours\/\"},{\"@type\":\"ListItem\",\"position\":3,\"name\":\"Tour Privado de M\u00f3naco y Eze con chofer\/gu\u00eda privado\"}]},{\"@type\":\"WebSite\",\"@id\":\"https:\/\/tourtravelandmore.com\/es\/#website\",\"url\":\"https:\/\/tourtravelandmore.com\/es\/\",\"name\":\"Tour Travel And More\",\"description\":\"Private sightseeing tours and luxury transfers in Spain\",\"publisher\":{\"@id\":\"https:\/\/tourtravelandmore.com\/es\/#organization\"},\"potentialAction\":[{\"@type\":\"SearchAction\",\"target\":{\"@type\":\"EntryPoint\",\"urlTemplate\":\"https:\/\/tourtravelandmore.com\/es\/?s={search_term_string}\"},\"query-input\":{\"@type\":\"PropertyValueSpecification\",\"valueRequired\":true,\"valueName\":\"search_term_string\"}}],\"inLanguage\":\"es\"},{\"@type\":\"Organization\",\"@id\":\"https:\/\/tourtravelandmore.com\/es\/#organization\",\"name\":\"Tour Travel And More\",\"url\":\"https:\/\/tourtravelandmore.com\/es\/\",\"logo\":{\"@type\":\"ImageObject\",\"inLanguage\":\"es\",\"@id\":\"https:\/\/tourtravelandmore.com\/es\/#\/schema\/logo\/image\/\",\"url\":\"https:\/\/tourtravelandmore.com\/wp-content\/uploads\/2022\/12\/cropped-logo-cabecera-new.png\",\"contentUrl\":\"https:\/\/tourtravelandmore.com\/wp-content\/uploads\/2022\/12\/cropped-logo-cabecera-new.png\",\"width\":430,\"height\":61,\"caption\":\"Tour Travel And More\"},\"image\":{\"@id\":\"https:\/\/tourtravelandmore.com\/es\/#\/schema\/logo\/image\/\"},\"sameAs\":[\"https:\/\/www.facebook.com\/tourtravelandmore\/\",\"https:\/\/x.com\/TourTravel_More\"]}]}<\/script>\n<!-- \/ Yoast SEO Premium plugin. -->","yoast_head_json":{"title":"\u27a1\ufe0f Tour Privado de Monaco y Eze con chofer\/gu\u00eda privado | Tour Travel & More","description":"Disfruta este tour privado de Monaco y Eze con chofer\/gu\u00eda privado, en veh\u00edculo privado de lujo. Explora la regi\u00f3n y visita sus pueblos m\u00e1s bonitos! \u2705","robots":{"index":"index","follow":"follow","max-snippet":"max-snippet:-1","max-image-preview":"max-image-preview:large","max-video-preview":"max-video-preview:-1"},"canonical":"https:\/\/tourtravelandmore.com\/es\/tours\/francia\/monaco-es\/tour-privado-de-eze-monaco\/","og_locale":"es_ES","og_type":"article","og_title":"Tour Privado de M\u00f3naco y Eze con chofer\/gu\u00eda privado","og_description":"Disfruta este tour privado de Monaco y Eze con chofer\/gu\u00eda privado, en veh\u00edculo privado de lujo. Explora la regi\u00f3n y visita sus pueblos m\u00e1s bonitos! \u2705","og_url":"https:\/\/tourtravelandmore.com\/es\/tours\/francia\/monaco-es\/tour-privado-de-eze-monaco\/","og_site_name":"Tour Travel And More","article_publisher":"https:\/\/www.facebook.com\/tourtravelandmore\/","article_modified_time":"2022-08-15T07:41:39+00:00","og_image":[{"width":5102,"height":2703,"url":"https:\/\/tourtravelandmore.com\/wp-content\/uploads\/2018\/03\/E\u0300ze_und_Cap_Ferrat-Grande_Corniche-scaled.jpg","type":"image\/jpeg"}],"twitter_card":"summary_large_image","twitter_site":"@TourTravel_More","twitter_misc":{"Tiempo de lectura":"2 minutos"},"schema":{"@context":"https:\/\/schema.org","@graph":[{"@type":"WebPage","@id":"https:\/\/tourtravelandmore.com\/es\/tours\/francia\/monaco-es\/tour-privado-de-eze-monaco\/","url":"https:\/\/tourtravelandmore.com\/es\/tours\/francia\/monaco-es\/tour-privado-de-eze-monaco\/","name":"\u27a1\ufe0f Tour Privado de Monaco y Eze con chofer\/gu\u00eda privado | Tour Travel & More","isPartOf":{"@id":"https:\/\/tourtravelandmore.com\/es\/#website"},"primaryImageOfPage":{"@id":"https:\/\/tourtravelandmore.com\/es\/tours\/francia\/monaco-es\/tour-privado-de-eze-monaco\/#primaryimage"},"image":{"@id":"https:\/\/tourtravelandmore.com\/es\/tours\/francia\/monaco-es\/tour-privado-de-eze-monaco\/#primaryimage"},"thumbnailUrl":"https:\/\/tourtravelandmore.com\/wp-content\/uploads\/2018\/03\/E\u0300ze_und_Cap_Ferrat-Grande_Corniche-scaled.jpg","datePublished":"2018-03-08T15:08:12+00:00","dateModified":"2022-08-15T07:41:39+00:00","description":"Disfruta este tour privado de Monaco y Eze con chofer\/gu\u00eda privado, en veh\u00edculo privado de lujo. Explora la regi\u00f3n y visita sus pueblos m\u00e1s bonitos! \u2705","breadcrumb":{"@id":"https:\/\/tourtravelandmore.com\/es\/tours\/francia\/monaco-es\/tour-privado-de-eze-monaco\/#breadcrumb"},"inLanguage":"es","potentialAction":[{"@type":"ReadAction","target":["https:\/\/tourtravelandmore.com\/es\/tours\/francia\/monaco-es\/tour-privado-de-eze-monaco\/"]}]},{"@type":"ImageObject","inLanguage":"es","@id":"https:\/\/tourtravelandmore.com\/es\/tours\/francia\/monaco-es\/tour-privado-de-eze-monaco\/#primaryimage","url":"https:\/\/tourtravelandmore.com\/wp-content\/uploads\/2018\/03\/E\u0300ze_und_Cap_Ferrat-Grande_Corniche-scaled.jpg","contentUrl":"https:\/\/tourtravelandmore.com\/wp-content\/uploads\/2018\/03\/E\u0300ze_und_Cap_Ferrat-Grande_Corniche-scaled.jpg","width":5102,"height":2703},{"@type":"BreadcrumbList","@id":"https:\/\/tourtravelandmore.com\/es\/tours\/francia\/monaco-es\/tour-privado-de-eze-monaco\/#breadcrumb","itemListElement":[{"@type":"ListItem","position":1,"name":"Home","item":"https:\/\/tourtravelandmore.com\/es\/"},{"@type":"ListItem","position":2,"name":"Tours","item":"https:\/\/tourtravelandmore.com\/es\/tours\/"},{"@type":"ListItem","position":3,"name":"Tour Privado de M\u00f3naco y Eze con chofer\/gu\u00eda privado"}]},{"@type":"WebSite","@id":"https:\/\/tourtravelandmore.com\/es\/#website","url":"https:\/\/tourtravelandmore.com\/es\/","name":"Tour Travel And More","description":"Private sightseeing tours and luxury transfers in Spain","publisher":{"@id":"https:\/\/tourtravelandmore.com\/es\/#organization"},"potentialAction":[{"@type":"SearchAction","target":{"@type":"EntryPoint","urlTemplate":"https:\/\/tourtravelandmore.com\/es\/?s={search_term_string}"},"query-input":{"@type":"PropertyValueSpecification","valueRequired":true,"valueName":"search_term_string"}}],"inLanguage":"es"},{"@type":"Organization","@id":"https:\/\/tourtravelandmore.com\/es\/#organization","name":"Tour Travel And More","url":"https:\/\/tourtravelandmore.com\/es\/","logo":{"@type":"ImageObject","inLanguage":"es","@id":"https:\/\/tourtravelandmore.com\/es\/#\/schema\/logo\/image\/","url":"https:\/\/tourtravelandmore.com\/wp-content\/uploads\/2022\/12\/cropped-logo-cabecera-new.png","contentUrl":"https:\/\/tourtravelandmore.com\/wp-content\/uploads\/2022\/12\/cropped-logo-cabecera-new.png","width":430,"height":61,"caption":"Tour Travel And More"},"image":{"@id":"https:\/\/tourtravelandmore.com\/es\/#\/schema\/logo\/image\/"},"sameAs":["https:\/\/www.facebook.com\/tourtravelandmore\/","https:\/\/x.com\/TourTravel_More"]}]}},"_links":{"self":[{"href":"https:\/\/tourtravelandmore.com\/es\/wp-json\/wp\/v2\/product\/18975","targetHints":{"allow":["GET"]}}],"collection":[{"href":"https:\/\/tourtravelandmore.com\/es\/wp-json\/wp\/v2\/product"}],"about":[{"href":"https:\/\/tourtravelandmore.com\/es\/wp-json\/wp\/v2\/types\/product"}],"replies":[{"embeddable":true,"href":"https:\/\/tourtravelandmore.com\/es\/wp-json\/wp\/v2\/comments?post=18975"}],"wp:featuredmedia":[{"embeddable":true,"href":"https:\/\/tourtravelandmore.com\/es\/wp-json\/wp\/v2\/media\/18839"}],"wp:attachment":[{"href":"https:\/\/tourtravelandmore.com\/es\/wp-json\/wp\/v2\/media?parent=18975"}],"wp:term":[{"taxonomy":"product_brand","embeddable":true,"href":"https:\/\/tourtravelandmore.com\/es\/wp-json\/wp\/v2\/product_brand?post=18975"},{"taxonomy":"product_cat","embeddable":true,"href":"https:\/\/tourtravelandmore.com\/es\/wp-json\/wp\/v2\/product_cat?post=18975"},{"taxonomy":"product_tag","embeddable":true,"href":"https:\/\/tourtravelandmore.com\/es\/wp-json\/wp\/v2\/product_tag?post=18975"}],"curies":[{"name":"wp","href":"https:\/\/api.w.org\/{rel}","templated":true}]}}