{"id":18946,"date":"2018-03-08T15:30:18","date_gmt":"2018-03-08T14:30:21","guid":{"rendered":"http:\/\/tourtravelandmore.com\/es\/tours\/monaco-es\/tour-privado-a-cannes-desde-monaco-con-chofer-guia-privado\/"},"modified":"2022-08-15T09:45:12","modified_gmt":"2022-08-15T07:45:12","slug":"tour-privado-a-cannes-desde-monaco","status":"publish","type":"product","link":"https:\/\/tourtravelandmore.com\/es\/tours\/francia\/monaco-es\/tour-privado-a-cannes-desde-monaco\/","title":{"rendered":"Tour Privado de Cannes y Antibes con chofer\/gu\u00eda privado"},"content":{"rendered":"<h2><strong>Descripci\u00f3n del Tour Privado de Cannes y Antibes con chofer\/gu\u00eda privado<\/strong><\/h2>\n<p>Disfrute esta oportunidad de visitar la maravillosa ciudad de <strong>Cannes<\/strong>\u00a0y la bah\u00eda de\u00a0<strong>Antibes<\/strong>\u00a0en un\u00a0<strong>coche de lujo privado<\/strong>, con\u00a0<strong>chofer\/gu\u00eda<\/strong> local desde M\u00f3naco. Descubre la Riviera francesa durante un tour privado a Cannes desde M\u00f3naco.<\/p>\n<p>Su chofer gu\u00eda le recoger\u00e1 en su alojamiento y a su horario deseado en M\u00f3naco o alrededores. Es posible coordinar recogidas desde Cannes, M\u00f3naco, Niza, el puerto Villefranche sur mer y alrededores.<\/p>\n<p>Este tour es personalizable y adaptable a su deseo personal. Cont\u00e1ctenos y uno de nuestros expertos de viaje le ayudar\u00e1 a designar un itinerario de acuerdo a sus necesidades. Aqu\u00ed os dejamos un ejemplo de itinerario, el tour ser\u00e1 personalizado para que visiten los sitios que deseen en la riviera francesa.<\/p>\n<h2><strong>Puntos de inter\u00e9s en el Tour Privado de Cannes y Antibes con chofer\/gu\u00eda privado<\/strong><\/h2>\n<p>Para comenzar su tour privado a Cannes desde Monaco su gu\u00eda le recoger\u00e1 en su hotel o lugar indicado, al horario elegido por usted. Luego comenzar\u00e1n el viaje hacia Cannes, ubicado a 1 hora de M\u00f3naco. Una vez all\u00ed visitar\u00e1n los sitios m\u00e1s emblem\u00e1ticos de la ciudad, entre ellos su paseo mar\u00edtimo y el boulevard de la Croisette. En este m\u00edtico boulevard se encuentran los hoteles y tiendas de lujo. Visitar\u00e1n el puerto y disfrutar\u00e1n de ver los yates de recreo y pesca. Tambi\u00e9n podr\u00e1n ver las espl\u00e9ndidas vistas de la bah\u00eda de la Napoul\u00e9 y los picos de Esterel.<\/p>\n<p>A continuaci\u00f3n retornar\u00e1n hacia el este para visitar la bah\u00eda de Antibes y Juan les Pins. All\u00ed podr\u00e1n ver las torres del siglo XII, el castillo de los Grimaldi y visitar\u00e1n el pueblo de Vallauris, donde se encuentra el <a href=\"https:\/\/musees-nationaux-alpesmaritimes.fr\/picasso\/\">museo nacional Picasso<\/a>. Este est\u00e1 situado en el emblem\u00e1ticos Chateau de Vallauris.<\/p>\n<p>Contar\u00e1n con su veh\u00edculo privado y chofer\/gu\u00eda a vuestra disposici\u00f3n durante la total duraci\u00f3n del tour. Recordar que este tour es personalizable y el itinerario final es ajustable a su inter\u00e9s personal.<br \/>\n<strong>Nuestra propuesta de tour tiene una duraci\u00f3n de 4 horas desde que los recogemos hasta el retorno. Pero no dud\u00e9is en contactarnos si quer\u00e9is una duraci\u00f3n mayor del tour.<\/strong><\/p>\n","protected":false},"excerpt":{"rendered":"<p>Disfruta de este\u00a0<strong>tour privado<\/strong> y personalizable desde M\u00f3naco y conoce la maravillosa ciudad de <strong>Cannes y la bah\u00eda de Antibes<\/strong>. Descubre la maravillosa Costa Az\u00fal de Francia junto a un gu\u00eda local, experto conocedor de la historia y cultura de la regi\u00f3n.<\/p>\n","protected":false},"featured_media":18955,"comment_status":"open","ping_status":"closed","template":"","meta":{"_acf_changed":false},"product_brand":[],"product_cat":[488,580,489,582],"product_tag":[],"class_list":{"0":"post-18946","1":"product","2":"type-product","3":"status-publish","4":"has-post-thumbnail","6":"product_cat-monaco-es","7":"product_cat-monaco-actividades-es","8":"product_cat-monaco-rutas-turisticas-privadas-es","9":"product_cat-monaco-excursiones-privadas-cruceros-es","11":"first","12":"instock","13":"shipping-taxable","14":"purchasable","15":"product-type-simple"},"acf":[],"yoast_head":"<!-- This site is optimized with the Yoast SEO Premium plugin v25.3.1 (Yoast SEO v25.3.1) - https:\/\/yoast.com\/wordpress\/plugins\/seo\/ -->\n<title>\u27a1\ufe0f Tour Privado a Cannes desde Monaco con chofer\/gu\u00eda privado | Tour Travel &amp; More<\/title>\n<meta name=\"description\" content=\"Tour privado desde Monaco a Cannes con chofer\/gu\u00eda privado en veh\u00edculo de lujo. Conoce una de las ciudades m\u00e1s bonitas de Francia \u2705\" \/>\n<meta name=\"robots\" content=\"index, follow, max-snippet:-1, max-image-preview:large, max-video-preview:-1\" \/>\n<link rel=\"canonical\" href=\"https:\/\/tourtravelandmore.com\/es\/tours\/francia\/monaco-es\/tour-privado-a-cannes-desde-monaco\/\" \/>\n<meta property=\"og:locale\" content=\"es_ES\" \/>\n<meta property=\"og:type\" content=\"article\" \/>\n<meta property=\"og:title\" content=\"Tour Privado de Cannes y Antibes con chofer\/gu\u00eda privado\" \/>\n<meta property=\"og:description\" content=\"Tour privado desde Monaco a Cannes con chofer\/gu\u00eda privado en veh\u00edculo de lujo. Conoce una de las ciudades m\u00e1s bonitas de Francia \u2705\" \/>\n<meta property=\"og:url\" content=\"https:\/\/tourtravelandmore.com\/es\/tours\/francia\/monaco-es\/tour-privado-a-cannes-desde-monaco\/\" \/>\n<meta property=\"og:site_name\" content=\"Tour Travel And More\" \/>\n<meta property=\"article:publisher\" content=\"https:\/\/www.facebook.com\/tourtravelandmore\/\" \/>\n<meta property=\"article:modified_time\" content=\"2022-08-15T07:45:12+00:00\" \/>\n<meta property=\"og:image\" content=\"https:\/\/tourtravelandmore.com\/wp-content\/uploads\/2018\/03\/chair-croissete.jpg\" \/>\n\t<meta property=\"og:image:width\" content=\"1024\" \/>\n\t<meta property=\"og:image:height\" content=\"683\" \/>\n\t<meta property=\"og:image:type\" content=\"image\/jpeg\" \/>\n<meta name=\"twitter:card\" content=\"summary_large_image\" \/>\n<meta name=\"twitter:site\" content=\"@TourTravel_More\" \/>\n<meta name=\"twitter:label1\" content=\"Tiempo de lectura\" \/>\n\t<meta name=\"twitter:data1\" content=\"2 minutos\" \/>\n<script type=\"application\/ld+json\" class=\"yoast-schema-graph\">{\"@context\":\"https:\/\/schema.org\",\"@graph\":[{\"@type\":\"WebPage\",\"@id\":\"https:\/\/tourtravelandmore.com\/es\/tours\/francia\/monaco-es\/tour-privado-a-cannes-desde-monaco\/\",\"url\":\"https:\/\/tourtravelandmore.com\/es\/tours\/francia\/monaco-es\/tour-privado-a-cannes-desde-monaco\/\",\"name\":\"\u27a1\ufe0f Tour Privado a Cannes desde Monaco con chofer\/gu\u00eda privado | Tour Travel & More\",\"isPartOf\":{\"@id\":\"https:\/\/tourtravelandmore.com\/es\/#website\"},\"primaryImageOfPage\":{\"@id\":\"https:\/\/tourtravelandmore.com\/es\/tours\/francia\/monaco-es\/tour-privado-a-cannes-desde-monaco\/#primaryimage\"},\"image\":{\"@id\":\"https:\/\/tourtravelandmore.com\/es\/tours\/francia\/monaco-es\/tour-privado-a-cannes-desde-monaco\/#primaryimage\"},\"thumbnailUrl\":\"https:\/\/tourtravelandmore.com\/wp-content\/uploads\/2018\/03\/chair-croissete.jpg\",\"datePublished\":\"2018-03-08T14:30:21+00:00\",\"dateModified\":\"2022-08-15T07:45:12+00:00\",\"description\":\"Tour privado desde Monaco a Cannes con chofer\/gu\u00eda privado en veh\u00edculo de lujo. Conoce una de las ciudades m\u00e1s bonitas de Francia \u2705\",\"breadcrumb\":{\"@id\":\"https:\/\/tourtravelandmore.com\/es\/tours\/francia\/monaco-es\/tour-privado-a-cannes-desde-monaco\/#breadcrumb\"},\"inLanguage\":\"es\",\"potentialAction\":[{\"@type\":\"ReadAction\",\"target\":[\"https:\/\/tourtravelandmore.com\/es\/tours\/francia\/monaco-es\/tour-privado-a-cannes-desde-monaco\/\"]}]},{\"@type\":\"ImageObject\",\"inLanguage\":\"es\",\"@id\":\"https:\/\/tourtravelandmore.com\/es\/tours\/francia\/monaco-es\/tour-privado-a-cannes-desde-monaco\/#primaryimage\",\"url\":\"https:\/\/tourtravelandmore.com\/wp-content\/uploads\/2018\/03\/chair-croissete.jpg\",\"contentUrl\":\"https:\/\/tourtravelandmore.com\/wp-content\/uploads\/2018\/03\/chair-croissete.jpg\",\"width\":1024,\"height\":683},{\"@type\":\"BreadcrumbList\",\"@id\":\"https:\/\/tourtravelandmore.com\/es\/tours\/francia\/monaco-es\/tour-privado-a-cannes-desde-monaco\/#breadcrumb\",\"itemListElement\":[{\"@type\":\"ListItem\",\"position\":1,\"name\":\"Home\",\"item\":\"https:\/\/tourtravelandmore.com\/es\/\"},{\"@type\":\"ListItem\",\"position\":2,\"name\":\"Tours\",\"item\":\"https:\/\/tourtravelandmore.com\/es\/tours\/\"},{\"@type\":\"ListItem\",\"position\":3,\"name\":\"Tour Privado de Cannes y Antibes con chofer\/gu\u00eda privado\"}]},{\"@type\":\"WebSite\",\"@id\":\"https:\/\/tourtravelandmore.com\/es\/#website\",\"url\":\"https:\/\/tourtravelandmore.com\/es\/\",\"name\":\"Tour Travel And More\",\"description\":\"Private sightseeing tours and luxury transfers in Spain\",\"publisher\":{\"@id\":\"https:\/\/tourtravelandmore.com\/es\/#organization\"},\"potentialAction\":[{\"@type\":\"SearchAction\",\"target\":{\"@type\":\"EntryPoint\",\"urlTemplate\":\"https:\/\/tourtravelandmore.com\/es\/?s={search_term_string}\"},\"query-input\":{\"@type\":\"PropertyValueSpecification\",\"valueRequired\":true,\"valueName\":\"search_term_string\"}}],\"inLanguage\":\"es\"},{\"@type\":\"Organization\",\"@id\":\"https:\/\/tourtravelandmore.com\/es\/#organization\",\"name\":\"Tour Travel And More\",\"url\":\"https:\/\/tourtravelandmore.com\/es\/\",\"logo\":{\"@type\":\"ImageObject\",\"inLanguage\":\"es\",\"@id\":\"https:\/\/tourtravelandmore.com\/es\/#\/schema\/logo\/image\/\",\"url\":\"https:\/\/tourtravelandmore.com\/wp-content\/uploads\/2022\/12\/cropped-logo-cabecera-new.png\",\"contentUrl\":\"https:\/\/tourtravelandmore.com\/wp-content\/uploads\/2022\/12\/cropped-logo-cabecera-new.png\",\"width\":430,\"height\":61,\"caption\":\"Tour Travel And More\"},\"image\":{\"@id\":\"https:\/\/tourtravelandmore.com\/es\/#\/schema\/logo\/image\/\"},\"sameAs\":[\"https:\/\/www.facebook.com\/tourtravelandmore\/\",\"https:\/\/x.com\/TourTravel_More\"]}]}<\/script>\n<!-- \/ Yoast SEO Premium plugin. -->","yoast_head_json":{"title":"\u27a1\ufe0f Tour Privado a Cannes desde Monaco con chofer\/gu\u00eda privado | Tour Travel & More","description":"Tour privado desde Monaco a Cannes con chofer\/gu\u00eda privado en veh\u00edculo de lujo. Conoce una de las ciudades m\u00e1s bonitas de Francia \u2705","robots":{"index":"index","follow":"follow","max-snippet":"max-snippet:-1","max-image-preview":"max-image-preview:large","max-video-preview":"max-video-preview:-1"},"canonical":"https:\/\/tourtravelandmore.com\/es\/tours\/francia\/monaco-es\/tour-privado-a-cannes-desde-monaco\/","og_locale":"es_ES","og_type":"article","og_title":"Tour Privado de Cannes y Antibes con chofer\/gu\u00eda privado","og_description":"Tour privado desde Monaco a Cannes con chofer\/gu\u00eda privado en veh\u00edculo de lujo. Conoce una de las ciudades m\u00e1s bonitas de Francia \u2705","og_url":"https:\/\/tourtravelandmore.com\/es\/tours\/francia\/monaco-es\/tour-privado-a-cannes-desde-monaco\/","og_site_name":"Tour Travel And More","article_publisher":"https:\/\/www.facebook.com\/tourtravelandmore\/","article_modified_time":"2022-08-15T07:45:12+00:00","og_image":[{"width":1024,"height":683,"url":"https:\/\/tourtravelandmore.com\/wp-content\/uploads\/2018\/03\/chair-croissete.jpg","type":"image\/jpeg"}],"twitter_card":"summary_large_image","twitter_site":"@TourTravel_More","twitter_misc":{"Tiempo de lectura":"2 minutos"},"schema":{"@context":"https:\/\/schema.org","@graph":[{"@type":"WebPage","@id":"https:\/\/tourtravelandmore.com\/es\/tours\/francia\/monaco-es\/tour-privado-a-cannes-desde-monaco\/","url":"https:\/\/tourtravelandmore.com\/es\/tours\/francia\/monaco-es\/tour-privado-a-cannes-desde-monaco\/","name":"\u27a1\ufe0f Tour Privado a Cannes desde Monaco con chofer\/gu\u00eda privado | Tour Travel & More","isPartOf":{"@id":"https:\/\/tourtravelandmore.com\/es\/#website"},"primaryImageOfPage":{"@id":"https:\/\/tourtravelandmore.com\/es\/tours\/francia\/monaco-es\/tour-privado-a-cannes-desde-monaco\/#primaryimage"},"image":{"@id":"https:\/\/tourtravelandmore.com\/es\/tours\/francia\/monaco-es\/tour-privado-a-cannes-desde-monaco\/#primaryimage"},"thumbnailUrl":"https:\/\/tourtravelandmore.com\/wp-content\/uploads\/2018\/03\/chair-croissete.jpg","datePublished":"2018-03-08T14:30:21+00:00","dateModified":"2022-08-15T07:45:12+00:00","description":"Tour privado desde Monaco a Cannes con chofer\/gu\u00eda privado en veh\u00edculo de lujo. Conoce una de las ciudades m\u00e1s bonitas de Francia \u2705","breadcrumb":{"@id":"https:\/\/tourtravelandmore.com\/es\/tours\/francia\/monaco-es\/tour-privado-a-cannes-desde-monaco\/#breadcrumb"},"inLanguage":"es","potentialAction":[{"@type":"ReadAction","target":["https:\/\/tourtravelandmore.com\/es\/tours\/francia\/monaco-es\/tour-privado-a-cannes-desde-monaco\/"]}]},{"@type":"ImageObject","inLanguage":"es","@id":"https:\/\/tourtravelandmore.com\/es\/tours\/francia\/monaco-es\/tour-privado-a-cannes-desde-monaco\/#primaryimage","url":"https:\/\/tourtravelandmore.com\/wp-content\/uploads\/2018\/03\/chair-croissete.jpg","contentUrl":"https:\/\/tourtravelandmore.com\/wp-content\/uploads\/2018\/03\/chair-croissete.jpg","width":1024,"height":683},{"@type":"BreadcrumbList","@id":"https:\/\/tourtravelandmore.com\/es\/tours\/francia\/monaco-es\/tour-privado-a-cannes-desde-monaco\/#breadcrumb","itemListElement":[{"@type":"ListItem","position":1,"name":"Home","item":"https:\/\/tourtravelandmore.com\/es\/"},{"@type":"ListItem","position":2,"name":"Tours","item":"https:\/\/tourtravelandmore.com\/es\/tours\/"},{"@type":"ListItem","position":3,"name":"Tour Privado de Cannes y Antibes con chofer\/gu\u00eda privado"}]},{"@type":"WebSite","@id":"https:\/\/tourtravelandmore.com\/es\/#website","url":"https:\/\/tourtravelandmore.com\/es\/","name":"Tour Travel And More","description":"Private sightseeing tours and luxury transfers in Spain","publisher":{"@id":"https:\/\/tourtravelandmore.com\/es\/#organization"},"potentialAction":[{"@type":"SearchAction","target":{"@type":"EntryPoint","urlTemplate":"https:\/\/tourtravelandmore.com\/es\/?s={search_term_string}"},"query-input":{"@type":"PropertyValueSpecification","valueRequired":true,"valueName":"search_term_string"}}],"inLanguage":"es"},{"@type":"Organization","@id":"https:\/\/tourtravelandmore.com\/es\/#organization","name":"Tour Travel And More","url":"https:\/\/tourtravelandmore.com\/es\/","logo":{"@type":"ImageObject","inLanguage":"es","@id":"https:\/\/tourtravelandmore.com\/es\/#\/schema\/logo\/image\/","url":"https:\/\/tourtravelandmore.com\/wp-content\/uploads\/2022\/12\/cropped-logo-cabecera-new.png","contentUrl":"https:\/\/tourtravelandmore.com\/wp-content\/uploads\/2022\/12\/cropped-logo-cabecera-new.png","width":430,"height":61,"caption":"Tour Travel And More"},"image":{"@id":"https:\/\/tourtravelandmore.com\/es\/#\/schema\/logo\/image\/"},"sameAs":["https:\/\/www.facebook.com\/tourtravelandmore\/","https:\/\/x.com\/TourTravel_More"]}]}},"_links":{"self":[{"href":"https:\/\/tourtravelandmore.com\/es\/wp-json\/wp\/v2\/product\/18946","targetHints":{"allow":["GET"]}}],"collection":[{"href":"https:\/\/tourtravelandmore.com\/es\/wp-json\/wp\/v2\/product"}],"about":[{"href":"https:\/\/tourtravelandmore.com\/es\/wp-json\/wp\/v2\/types\/product"}],"replies":[{"embeddable":true,"href":"https:\/\/tourtravelandmore.com\/es\/wp-json\/wp\/v2\/comments?post=18946"}],"wp:featuredmedia":[{"embeddable":true,"href":"https:\/\/tourtravelandmore.com\/es\/wp-json\/wp\/v2\/media\/18955"}],"wp:attachment":[{"href":"https:\/\/tourtravelandmore.com\/es\/wp-json\/wp\/v2\/media?parent=18946"}],"wp:term":[{"taxonomy":"product_brand","embeddable":true,"href":"https:\/\/tourtravelandmore.com\/es\/wp-json\/wp\/v2\/product_brand?post=18946"},{"taxonomy":"product_cat","embeddable":true,"href":"https:\/\/tourtravelandmore.com\/es\/wp-json\/wp\/v2\/product_cat?post=18946"},{"taxonomy":"product_tag","embeddable":true,"href":"https:\/\/tourtravelandmore.com\/es\/wp-json\/wp\/v2\/product_tag?post=18946"}],"curies":[{"name":"wp","href":"https:\/\/api.w.org\/{rel}","templated":true}]}}