{"id":189387,"date":"2026-03-02T18:14:21","date_gmt":"2026-03-02T17:14:22","guid":{"rendered":"https:\/\/tourtravelandmore.com\/?post_type=product&#038;p=189387"},"modified":"2026-03-02T18:35:22","modified_gmt":"2026-03-02T17:35:22","slug":"traslados-privados-en-pekin-desde-hacia-el-aeropuerto-copy-2","status":"publish","type":"product","link":"https:\/\/tourtravelandmore.com\/es\/tours\/brasil\/rio-de-janeiro\/traslados-privados-en-pekin-desde-hacia-el-aeropuerto-copy-2\/","title":{"rendered":"Traslados privados en R\u00edo de Janeiro: desde\/hacia el aeropuerto"},"content":{"rendered":"<h2><strong>Traslados privados en R\u00edo de Janeiro: desde\/hacia el aeropuerto Descripci\u00f3n<\/strong><\/h2>\n<p>Disfrute de una experiencia relajante en uno de nuestros <b>lujosos veh\u00edculos privados <\/b>con nuestros<b> traslados privados en R\u00edo de Janeiro<\/b>. Le ofrecemos la forma m\u00e1s r\u00e1pida y sencilla de llegar a su destino final.<\/p>\n<p>Ofrecemos <b>todo tipo de traslados,<\/b> como, por ejemplo, traslados <a href=\"https:\/\/www.airport-dubrovnik.hr\/\">al aeropuerto<\/a>, al puerto de cruceros, a la estaci\u00f3n de tren o a cualquier otra ciudad o lugar cercano.<\/p>\n<p>Una vez que llegue a su parada, nuestro personal le estar\u00e1 esperando con un cartel en la terminal de llegadas. Durante su llegada a su destino final, tambi\u00e9n podr\u00e1 disfrutar de una vista panor\u00e1mica de la ciudad.<\/p>\n<p>Disfrute tambi\u00e9n de <b>traslados privados<\/b> desde su hotel o apartamento hasta la estaci\u00f3n de autobuses de R\u00edo de Janeiro.<\/p>\n<p>Podemos llevarle a su hotel en R\u00edo de Janeiro o en cualquier otra ciudad cercana, como Split o Kotor.<\/p>\n<p>Si llega al puerto de cruceros de R\u00edo de Janeiro, podemos organizar un traslado privado a R\u00edo de Janeiro, o tambi\u00e9n tenemos la opci\u00f3n de una <a href=\"https:\/\/www.deepl.com\/?p=78238\">visita privada a R\u00edo de Janeiro desde el puerto de cruceros<\/a>.<\/p>\n<h2><strong>Traslados privados en R\u00edo de Janeiro: desde\/hacia cualquier lugar | Puntos de inter\u00e9s y lugares emblem\u00e1ticos<\/strong><\/h2>\n<p>Ofrecemos traslados para <b>grupos privados<\/b> e incluso incentivos y grupos grandes, y ofrecemos un servicio personalizado.<\/p>\n<p>Todo lo que tiene que hacer es ponerse en contacto con nosotros y organizaremos su traslado de la mejor manera posible.<\/p>\n<p>Una vez que haya hecho la reserva, recibir\u00e1 un correo electr\u00f3nico de confirmaci\u00f3n. A continuaci\u00f3n, necesitaremos la informaci\u00f3n de su vuelo, la hora de llegada y la compa\u00f1\u00eda a\u00e9rea, o la informaci\u00f3n de su crucero. Entre 48 y 24 horas antes de su hora de llegada, necesitaremos tener una confirmaci\u00f3n de todos estos datos para que su servicio de traslado sea perfecto.<\/p>\n<p>No limitamos el n\u00famero de equipajes. Sin embargo, le rogamos que nos informe de cu\u00e1ntos equipajes va a llevar consigo, solo por cuestiones log\u00edsticas. En ocasiones, puede ser necesario un veh\u00edculo m\u00e1s grande, lo que puede suponer un coste adicional.<\/p>\n<p>Si necesita una silla para beb\u00e9s o ni\u00f1os, p\u00f3ngase en contacto con nosotros antes de su vuelo o crucero para organizarlo correctamente.<\/p>\n","protected":false},"excerpt":{"rendered":"<p>Disfrute de una experiencia relajante en uno de nuestros <b>lujosos veh\u00edculos privados <\/b>con nuestros<b> traslados privados en R\u00edo de Janeiro<\/b>. Le ofrecemos la forma m\u00e1s r\u00e1pida y sencilla de llegar a su destino final.<\/p>\n","protected":false},"featured_media":59378,"comment_status":"open","ping_status":"closed","template":"","meta":{"_acf_changed":false},"product_brand":[],"product_cat":[5684,5678,5681],"product_tag":[],"class_list":{"0":"post-189387","1":"product","2":"type-product","3":"status-publish","4":"has-post-thumbnail","6":"product_cat-all-private-tour-and-activities","7":"product_cat-brasil","8":"product_cat-rio-de-janeiro","10":"first","11":"instock","12":"shipping-taxable","13":"purchasable","14":"product-type-simple"},"acf":[],"yoast_head":"<!-- This site is optimized with the Yoast SEO Premium plugin v25.3.1 (Yoast SEO v25.3.1) - https:\/\/yoast.com\/wordpress\/plugins\/seo\/ -->\n<title>\u27a1\ufe0f Traslados privados en R\u00edo de Janeiro: desde\/hacia el aeropuerto | Tour Travel &amp; More<\/title>\n<meta name=\"description\" content=\"Traslados privados en R\u00edo de Janeiro: desde\/hacia el aeropuerto. Veh\u00edculos privados de lujo con chofer a su disposici\u00f3n \u2705\" \/>\n<meta name=\"robots\" content=\"index, follow, max-snippet:-1, max-image-preview:large, max-video-preview:-1\" \/>\n<link rel=\"canonical\" href=\"https:\/\/tourtravelandmore.com\/es\/tours\/brasil\/rio-de-janeiro\/traslados-privados-en-pekin-desde-hacia-el-aeropuerto-copy-2\/\" \/>\n<meta property=\"og:locale\" content=\"es_ES\" \/>\n<meta property=\"og:type\" content=\"article\" \/>\n<meta property=\"og:title\" content=\"Traslados privados en R\u00edo de Janeiro: desde\/hacia el aeropuerto\" \/>\n<meta property=\"og:description\" content=\"Traslados privados en R\u00edo de Janeiro: desde\/hacia el aeropuerto. Veh\u00edculos privados de lujo con chofer a su disposici\u00f3n \u2705\" \/>\n<meta property=\"og:url\" content=\"https:\/\/tourtravelandmore.com\/es\/tours\/brasil\/rio-de-janeiro\/traslados-privados-en-pekin-desde-hacia-el-aeropuerto-copy-2\/\" \/>\n<meta property=\"og:site_name\" content=\"Tour Travel And More\" \/>\n<meta property=\"article:publisher\" content=\"https:\/\/www.facebook.com\/tourtravelandmore\/\" \/>\n<meta property=\"article:modified_time\" content=\"2026-03-02T17:35:22+00:00\" \/>\n<meta property=\"og:image\" content=\"https:\/\/tourtravelandmore.com\/wp-content\/uploads\/2016\/11\/TrasladoAlicante-1.png\" \/>\n\t<meta property=\"og:image:width\" content=\"640\" \/>\n\t<meta property=\"og:image:height\" content=\"425\" \/>\n\t<meta property=\"og:image:type\" content=\"image\/png\" \/>\n<meta name=\"twitter:card\" content=\"summary_large_image\" \/>\n<meta name=\"twitter:site\" content=\"@TourTravel_More\" \/>\n<meta name=\"twitter:label1\" content=\"Tiempo de lectura\" \/>\n\t<meta name=\"twitter:data1\" content=\"2 minutos\" \/>\n<script type=\"application\/ld+json\" class=\"yoast-schema-graph\">{\"@context\":\"https:\/\/schema.org\",\"@graph\":[{\"@type\":\"WebPage\",\"@id\":\"https:\/\/tourtravelandmore.com\/es\/tours\/brasil\/rio-de-janeiro\/traslados-privados-en-pekin-desde-hacia-el-aeropuerto-copy-2\/\",\"url\":\"https:\/\/tourtravelandmore.com\/es\/tours\/brasil\/rio-de-janeiro\/traslados-privados-en-pekin-desde-hacia-el-aeropuerto-copy-2\/\",\"name\":\"\u27a1\ufe0f Traslados privados en R\u00edo de Janeiro: desde\/hacia el aeropuerto | Tour Travel & More\",\"isPartOf\":{\"@id\":\"https:\/\/tourtravelandmore.com\/es\/#website\"},\"primaryImageOfPage\":{\"@id\":\"https:\/\/tourtravelandmore.com\/es\/tours\/brasil\/rio-de-janeiro\/traslados-privados-en-pekin-desde-hacia-el-aeropuerto-copy-2\/#primaryimage\"},\"image\":{\"@id\":\"https:\/\/tourtravelandmore.com\/es\/tours\/brasil\/rio-de-janeiro\/traslados-privados-en-pekin-desde-hacia-el-aeropuerto-copy-2\/#primaryimage\"},\"thumbnailUrl\":\"https:\/\/tourtravelandmore.com\/wp-content\/uploads\/2016\/11\/TrasladoAlicante-1.png\",\"datePublished\":\"2026-03-02T17:14:22+00:00\",\"dateModified\":\"2026-03-02T17:35:22+00:00\",\"description\":\"Traslados privados en R\u00edo de Janeiro: desde\/hacia el aeropuerto. Veh\u00edculos privados de lujo con chofer a su disposici\u00f3n \u2705\",\"breadcrumb\":{\"@id\":\"https:\/\/tourtravelandmore.com\/es\/tours\/brasil\/rio-de-janeiro\/traslados-privados-en-pekin-desde-hacia-el-aeropuerto-copy-2\/#breadcrumb\"},\"inLanguage\":\"es\",\"potentialAction\":[{\"@type\":\"ReadAction\",\"target\":[\"https:\/\/tourtravelandmore.com\/es\/tours\/brasil\/rio-de-janeiro\/traslados-privados-en-pekin-desde-hacia-el-aeropuerto-copy-2\/\"]}]},{\"@type\":\"ImageObject\",\"inLanguage\":\"es\",\"@id\":\"https:\/\/tourtravelandmore.com\/es\/tours\/brasil\/rio-de-janeiro\/traslados-privados-en-pekin-desde-hacia-el-aeropuerto-copy-2\/#primaryimage\",\"url\":\"https:\/\/tourtravelandmore.com\/wp-content\/uploads\/2016\/11\/TrasladoAlicante-1.png\",\"contentUrl\":\"https:\/\/tourtravelandmore.com\/wp-content\/uploads\/2016\/11\/TrasladoAlicante-1.png\",\"width\":640,\"height\":425},{\"@type\":\"BreadcrumbList\",\"@id\":\"https:\/\/tourtravelandmore.com\/es\/tours\/brasil\/rio-de-janeiro\/traslados-privados-en-pekin-desde-hacia-el-aeropuerto-copy-2\/#breadcrumb\",\"itemListElement\":[{\"@type\":\"ListItem\",\"position\":1,\"name\":\"Home\",\"item\":\"https:\/\/tourtravelandmore.com\/es\/\"},{\"@type\":\"ListItem\",\"position\":2,\"name\":\"Tours\",\"item\":\"https:\/\/tourtravelandmore.com\/es\/tours\/\"},{\"@type\":\"ListItem\",\"position\":3,\"name\":\"Traslados privados en R\u00edo de Janeiro: desde\/hacia el aeropuerto\"}]},{\"@type\":\"WebSite\",\"@id\":\"https:\/\/tourtravelandmore.com\/es\/#website\",\"url\":\"https:\/\/tourtravelandmore.com\/es\/\",\"name\":\"Tour Travel And More\",\"description\":\"Private sightseeing tours and luxury transfers in Spain\",\"publisher\":{\"@id\":\"https:\/\/tourtravelandmore.com\/es\/#organization\"},\"potentialAction\":[{\"@type\":\"SearchAction\",\"target\":{\"@type\":\"EntryPoint\",\"urlTemplate\":\"https:\/\/tourtravelandmore.com\/es\/?s={search_term_string}\"},\"query-input\":{\"@type\":\"PropertyValueSpecification\",\"valueRequired\":true,\"valueName\":\"search_term_string\"}}],\"inLanguage\":\"es\"},{\"@type\":\"Organization\",\"@id\":\"https:\/\/tourtravelandmore.com\/es\/#organization\",\"name\":\"Tour Travel And More\",\"url\":\"https:\/\/tourtravelandmore.com\/es\/\",\"logo\":{\"@type\":\"ImageObject\",\"inLanguage\":\"es\",\"@id\":\"https:\/\/tourtravelandmore.com\/es\/#\/schema\/logo\/image\/\",\"url\":\"https:\/\/tourtravelandmore.com\/wp-content\/uploads\/2022\/12\/cropped-logo-cabecera-new.png\",\"contentUrl\":\"https:\/\/tourtravelandmore.com\/wp-content\/uploads\/2022\/12\/cropped-logo-cabecera-new.png\",\"width\":430,\"height\":61,\"caption\":\"Tour Travel And More\"},\"image\":{\"@id\":\"https:\/\/tourtravelandmore.com\/es\/#\/schema\/logo\/image\/\"},\"sameAs\":[\"https:\/\/www.facebook.com\/tourtravelandmore\/\",\"https:\/\/x.com\/TourTravel_More\"]}]}<\/script>\n<!-- \/ Yoast SEO Premium plugin. -->","yoast_head_json":{"title":"\u27a1\ufe0f Traslados privados en R\u00edo de Janeiro: desde\/hacia el aeropuerto | Tour Travel & More","description":"Traslados privados en R\u00edo de Janeiro: desde\/hacia el aeropuerto. Veh\u00edculos privados de lujo con chofer a su disposici\u00f3n \u2705","robots":{"index":"index","follow":"follow","max-snippet":"max-snippet:-1","max-image-preview":"max-image-preview:large","max-video-preview":"max-video-preview:-1"},"canonical":"https:\/\/tourtravelandmore.com\/es\/tours\/brasil\/rio-de-janeiro\/traslados-privados-en-pekin-desde-hacia-el-aeropuerto-copy-2\/","og_locale":"es_ES","og_type":"article","og_title":"Traslados privados en R\u00edo de Janeiro: desde\/hacia el aeropuerto","og_description":"Traslados privados en R\u00edo de Janeiro: desde\/hacia el aeropuerto. Veh\u00edculos privados de lujo con chofer a su disposici\u00f3n \u2705","og_url":"https:\/\/tourtravelandmore.com\/es\/tours\/brasil\/rio-de-janeiro\/traslados-privados-en-pekin-desde-hacia-el-aeropuerto-copy-2\/","og_site_name":"Tour Travel And More","article_publisher":"https:\/\/www.facebook.com\/tourtravelandmore\/","article_modified_time":"2026-03-02T17:35:22+00:00","og_image":[{"width":640,"height":425,"url":"https:\/\/tourtravelandmore.com\/wp-content\/uploads\/2016\/11\/TrasladoAlicante-1.png","type":"image\/png"}],"twitter_card":"summary_large_image","twitter_site":"@TourTravel_More","twitter_misc":{"Tiempo de lectura":"2 minutos"},"schema":{"@context":"https:\/\/schema.org","@graph":[{"@type":"WebPage","@id":"https:\/\/tourtravelandmore.com\/es\/tours\/brasil\/rio-de-janeiro\/traslados-privados-en-pekin-desde-hacia-el-aeropuerto-copy-2\/","url":"https:\/\/tourtravelandmore.com\/es\/tours\/brasil\/rio-de-janeiro\/traslados-privados-en-pekin-desde-hacia-el-aeropuerto-copy-2\/","name":"\u27a1\ufe0f Traslados privados en R\u00edo de Janeiro: desde\/hacia el aeropuerto | Tour Travel & More","isPartOf":{"@id":"https:\/\/tourtravelandmore.com\/es\/#website"},"primaryImageOfPage":{"@id":"https:\/\/tourtravelandmore.com\/es\/tours\/brasil\/rio-de-janeiro\/traslados-privados-en-pekin-desde-hacia-el-aeropuerto-copy-2\/#primaryimage"},"image":{"@id":"https:\/\/tourtravelandmore.com\/es\/tours\/brasil\/rio-de-janeiro\/traslados-privados-en-pekin-desde-hacia-el-aeropuerto-copy-2\/#primaryimage"},"thumbnailUrl":"https:\/\/tourtravelandmore.com\/wp-content\/uploads\/2016\/11\/TrasladoAlicante-1.png","datePublished":"2026-03-02T17:14:22+00:00","dateModified":"2026-03-02T17:35:22+00:00","description":"Traslados privados en R\u00edo de Janeiro: desde\/hacia el aeropuerto. Veh\u00edculos privados de lujo con chofer a su disposici\u00f3n \u2705","breadcrumb":{"@id":"https:\/\/tourtravelandmore.com\/es\/tours\/brasil\/rio-de-janeiro\/traslados-privados-en-pekin-desde-hacia-el-aeropuerto-copy-2\/#breadcrumb"},"inLanguage":"es","potentialAction":[{"@type":"ReadAction","target":["https:\/\/tourtravelandmore.com\/es\/tours\/brasil\/rio-de-janeiro\/traslados-privados-en-pekin-desde-hacia-el-aeropuerto-copy-2\/"]}]},{"@type":"ImageObject","inLanguage":"es","@id":"https:\/\/tourtravelandmore.com\/es\/tours\/brasil\/rio-de-janeiro\/traslados-privados-en-pekin-desde-hacia-el-aeropuerto-copy-2\/#primaryimage","url":"https:\/\/tourtravelandmore.com\/wp-content\/uploads\/2016\/11\/TrasladoAlicante-1.png","contentUrl":"https:\/\/tourtravelandmore.com\/wp-content\/uploads\/2016\/11\/TrasladoAlicante-1.png","width":640,"height":425},{"@type":"BreadcrumbList","@id":"https:\/\/tourtravelandmore.com\/es\/tours\/brasil\/rio-de-janeiro\/traslados-privados-en-pekin-desde-hacia-el-aeropuerto-copy-2\/#breadcrumb","itemListElement":[{"@type":"ListItem","position":1,"name":"Home","item":"https:\/\/tourtravelandmore.com\/es\/"},{"@type":"ListItem","position":2,"name":"Tours","item":"https:\/\/tourtravelandmore.com\/es\/tours\/"},{"@type":"ListItem","position":3,"name":"Traslados privados en R\u00edo de Janeiro: desde\/hacia el aeropuerto"}]},{"@type":"WebSite","@id":"https:\/\/tourtravelandmore.com\/es\/#website","url":"https:\/\/tourtravelandmore.com\/es\/","name":"Tour Travel And More","description":"Private sightseeing tours and luxury transfers in Spain","publisher":{"@id":"https:\/\/tourtravelandmore.com\/es\/#organization"},"potentialAction":[{"@type":"SearchAction","target":{"@type":"EntryPoint","urlTemplate":"https:\/\/tourtravelandmore.com\/es\/?s={search_term_string}"},"query-input":{"@type":"PropertyValueSpecification","valueRequired":true,"valueName":"search_term_string"}}],"inLanguage":"es"},{"@type":"Organization","@id":"https:\/\/tourtravelandmore.com\/es\/#organization","name":"Tour Travel And More","url":"https:\/\/tourtravelandmore.com\/es\/","logo":{"@type":"ImageObject","inLanguage":"es","@id":"https:\/\/tourtravelandmore.com\/es\/#\/schema\/logo\/image\/","url":"https:\/\/tourtravelandmore.com\/wp-content\/uploads\/2022\/12\/cropped-logo-cabecera-new.png","contentUrl":"https:\/\/tourtravelandmore.com\/wp-content\/uploads\/2022\/12\/cropped-logo-cabecera-new.png","width":430,"height":61,"caption":"Tour Travel And More"},"image":{"@id":"https:\/\/tourtravelandmore.com\/es\/#\/schema\/logo\/image\/"},"sameAs":["https:\/\/www.facebook.com\/tourtravelandmore\/","https:\/\/x.com\/TourTravel_More"]}]}},"_links":{"self":[{"href":"https:\/\/tourtravelandmore.com\/es\/wp-json\/wp\/v2\/product\/189387","targetHints":{"allow":["GET"]}}],"collection":[{"href":"https:\/\/tourtravelandmore.com\/es\/wp-json\/wp\/v2\/product"}],"about":[{"href":"https:\/\/tourtravelandmore.com\/es\/wp-json\/wp\/v2\/types\/product"}],"replies":[{"embeddable":true,"href":"https:\/\/tourtravelandmore.com\/es\/wp-json\/wp\/v2\/comments?post=189387"}],"wp:featuredmedia":[{"embeddable":true,"href":"https:\/\/tourtravelandmore.com\/es\/wp-json\/wp\/v2\/media\/59378"}],"wp:attachment":[{"href":"https:\/\/tourtravelandmore.com\/es\/wp-json\/wp\/v2\/media?parent=189387"}],"wp:term":[{"taxonomy":"product_brand","embeddable":true,"href":"https:\/\/tourtravelandmore.com\/es\/wp-json\/wp\/v2\/product_brand?post=189387"},{"taxonomy":"product_cat","embeddable":true,"href":"https:\/\/tourtravelandmore.com\/es\/wp-json\/wp\/v2\/product_cat?post=189387"},{"taxonomy":"product_tag","embeddable":true,"href":"https:\/\/tourtravelandmore.com\/es\/wp-json\/wp\/v2\/product_tag?post=189387"}],"curies":[{"name":"wp","href":"https:\/\/api.w.org\/{rel}","templated":true}]}}