{"id":18895,"date":"2018-03-07T16:10:04","date_gmt":"2018-03-07T15:10:06","guid":{"rendered":"http:\/\/tourtravelandmore.com\/es\/tours\/cannes-es\/tour-privado-a-bodegas-riviera-francesa-chofer-guia-privado\/"},"modified":"2022-07-15T10:02:54","modified_gmt":"2022-07-15T08:02:54","slug":"tour-privado-vinedos-cotes-de-provence-cannes","status":"publish","type":"product","link":"https:\/\/tourtravelandmore.com\/es\/tours\/francia\/cannes-es\/tour-privado-vinedos-cotes-de-provence-cannes\/","title":{"rendered":"Tour privado a vi\u00f1edos en Cotes de Provence"},"content":{"rendered":"<h2><strong>Descripci\u00f3n del Tour privado a vi\u00f1edos en Cotes de Provence<\/strong><\/h2>\n<p>No es secreto que en Francia se produce uno de los mejor vinos del mundo. Si eres un amante del vino, le recomendamos este tour privado a vi\u00f1edos desde Cannes. Durante este tour podr\u00e1 usted visitar algunos de los mejores vi\u00f1edos de Cotes de Provence y degustar sus maravillosos vinos. Por supuesto, durante el tour tendr\u00e1 tiempo para degustar tambi\u00e9n la magn\u00edfica gastronom\u00eda de Francia.<\/p>\n<p>El horario y punto de comienzo de su tour privado es adaptable a su deseo personal. Podemos coordinar recogida desde su hotel, apartamento, puerto de cruceros o sitio deseado en la Riviera francesa.<\/p>\n<p>El itinerario y duraci\u00f3n de su <strong>tour privado<\/strong> a Cotes de Provence es ajustable a su deseo personal. P\u00f3ngase en contacto con nosotros y nuestro equipo de expertos le ayudar\u00e1 a coordinar una experiencia privada a medida.<\/p>\n<h2><strong>Puntos de inter\u00e9s en el Tour privado a vi\u00f1edos en Cotes de Provence<\/strong><\/h2>\n<p>La producci\u00f3n de vino es una de las pr\u00e1cticas m\u00e1s antiguas del pa\u00eds. Se estima que Francia tiene alrededor de 150,000 productores de uva, quienes producen un total de 1.5 billones de galones de vino al a\u00f1o. Hoy en d\u00eda, la mayor\u00eda de los varietales utilizados en el mundo son de origen franc\u00e9s. El arquetipo del vino es franc\u00e9s, es siempre el punto de comparaci\u00f3n con otros vinos.<\/p>\n<p>Durante su <em>tour privado a vi\u00f1edos desde Cannes<\/em> podr\u00e1 usted visitar 2 o 3 vi\u00f1edos en <a href=\"https:\/\/www.vinsdeprovence.com\/en\/les-appellations\/cotes-de-provence\">Cotes de Provence<\/a>. Esta regi\u00f3n se extiende por aproximadamente 20,000 hect\u00e1reas, desde Marsella hasta Niza. All\u00ed se producen alrededor de 160 millones de botellas al a\u00f1o, siendo el 80\u202f% de ellas de Ros\u00e9. En Cotes de Provence se produce la mitad del vino ros\u00e9 de toda Francia. En su visita a esta maravillosa regi\u00f3n podr\u00e1n visitar 2 o 3 vi\u00f1edos. All\u00ed disfrutar\u00e1n de una visita guiada junto a los productores locales, seguido por una degustaci\u00f3n de los vinos all\u00ed producidos.<\/p>\n<p><strong>Su veh\u00edculo y chofer\/gu\u00eda privados estar\u00e1n a su entera disposici\u00f3n durante todo el tour. Nuestra propuesta tiene una duraci\u00f3n de 7 horas, pero esta es ajustable a su deseo personal.<\/strong><\/p>\n","protected":false},"excerpt":{"rendered":"<p>Disfruta de este\u00a0<strong>tour privado<\/strong> y visita los maravillosos <strong>vi\u00f1edos<\/strong> en Cotes de Provence. Aprovecha la oportunidad de visitar y experimentar d\u00f3nde y c\u00f3mo se hacen los mejores vinos del mundo. Visita la regi\u00f3n c\u00f3modo en tu veh\u00edculo privado, junto a un chofer\/gu\u00eda experto en la regi\u00f3n.<\/p>\n","protected":false},"featured_media":18901,"comment_status":"open","ping_status":"closed","template":"","meta":{"_acf_changed":false},"product_brand":[],"product_cat":[473,564,565,566],"product_tag":[],"class_list":{"0":"post-18895","1":"product","2":"type-product","3":"status-publish","4":"has-post-thumbnail","6":"product_cat-cannes-es","7":"product_cat-cannes-actividades-es","8":"product_cat-cannes-excursiones-privadas-es","9":"product_cat-cannes-excursiones-privadas-cruceros-es","11":"first","12":"instock","13":"shipping-taxable","14":"purchasable","15":"product-type-simple"},"acf":[],"yoast_head":"<!-- This site is optimized with the Yoast SEO Premium plugin v25.3.1 (Yoast SEO v25.3.1) - https:\/\/yoast.com\/wordpress\/plugins\/seo\/ -->\n<title>\u27a1\ufe0f Tour privado a vi\u00f1edos desde Cannes - Cotes de Provence | TTM<\/title>\n<meta name=\"description\" content=\"Disfruta de un tour privado a los vi\u00f1edos de Cotes de Provence desde Cannes. Visita los mejores vi\u00f1edos de la regi\u00f3n y disfruta de degustar sus vinos \u2705\" \/>\n<meta name=\"robots\" content=\"index, follow, max-snippet:-1, max-image-preview:large, max-video-preview:-1\" \/>\n<link rel=\"canonical\" href=\"https:\/\/tourtravelandmore.com\/es\/tours\/francia\/cannes-es\/tour-privado-vinedos-cotes-de-provence-cannes\/\" \/>\n<meta property=\"og:locale\" content=\"es_ES\" \/>\n<meta property=\"og:type\" content=\"article\" \/>\n<meta property=\"og:title\" content=\"Tour privado a vi\u00f1edos en Cotes de Provence\" \/>\n<meta property=\"og:description\" content=\"Disfruta de un tour privado a los vi\u00f1edos de Cotes de Provence desde Cannes. Visita los mejores vi\u00f1edos de la regi\u00f3n y disfruta de degustar sus vinos \u2705\" \/>\n<meta property=\"og:url\" content=\"https:\/\/tourtravelandmore.com\/es\/tours\/francia\/cannes-es\/tour-privado-vinedos-cotes-de-provence-cannes\/\" \/>\n<meta property=\"og:site_name\" content=\"Tour Travel And More\" \/>\n<meta property=\"article:publisher\" content=\"https:\/\/www.facebook.com\/tourtravelandmore\/\" \/>\n<meta property=\"article:modified_time\" content=\"2022-07-15T08:02:54+00:00\" \/>\n<meta property=\"og:image\" content=\"https:\/\/tourtravelandmore.com\/wp-content\/uploads\/2018\/03\/vigne.jpg\" \/>\n\t<meta property=\"og:image:width\" content=\"1920\" \/>\n\t<meta property=\"og:image:height\" content=\"1080\" \/>\n\t<meta property=\"og:image:type\" content=\"image\/jpeg\" \/>\n<meta name=\"twitter:card\" content=\"summary_large_image\" \/>\n<meta name=\"twitter:site\" content=\"@TourTravel_More\" \/>\n<meta name=\"twitter:label1\" content=\"Tiempo de lectura\" \/>\n\t<meta name=\"twitter:data1\" content=\"2 minutos\" \/>\n<script type=\"application\/ld+json\" class=\"yoast-schema-graph\">{\"@context\":\"https:\/\/schema.org\",\"@graph\":[{\"@type\":\"WebPage\",\"@id\":\"https:\/\/tourtravelandmore.com\/es\/tours\/francia\/cannes-es\/tour-privado-vinedos-cotes-de-provence-cannes\/\",\"url\":\"https:\/\/tourtravelandmore.com\/es\/tours\/francia\/cannes-es\/tour-privado-vinedos-cotes-de-provence-cannes\/\",\"name\":\"\u27a1\ufe0f Tour privado a vi\u00f1edos desde Cannes - Cotes de Provence | TTM\",\"isPartOf\":{\"@id\":\"https:\/\/tourtravelandmore.com\/es\/#website\"},\"primaryImageOfPage\":{\"@id\":\"https:\/\/tourtravelandmore.com\/es\/tours\/francia\/cannes-es\/tour-privado-vinedos-cotes-de-provence-cannes\/#primaryimage\"},\"image\":{\"@id\":\"https:\/\/tourtravelandmore.com\/es\/tours\/francia\/cannes-es\/tour-privado-vinedos-cotes-de-provence-cannes\/#primaryimage\"},\"thumbnailUrl\":\"https:\/\/tourtravelandmore.com\/wp-content\/uploads\/2018\/03\/vigne.jpg\",\"datePublished\":\"2018-03-07T15:10:06+00:00\",\"dateModified\":\"2022-07-15T08:02:54+00:00\",\"description\":\"Disfruta de un tour privado a los vi\u00f1edos de Cotes de Provence desde Cannes. Visita los mejores vi\u00f1edos de la regi\u00f3n y disfruta de degustar sus vinos \u2705\",\"breadcrumb\":{\"@id\":\"https:\/\/tourtravelandmore.com\/es\/tours\/francia\/cannes-es\/tour-privado-vinedos-cotes-de-provence-cannes\/#breadcrumb\"},\"inLanguage\":\"es\",\"potentialAction\":[{\"@type\":\"ReadAction\",\"target\":[\"https:\/\/tourtravelandmore.com\/es\/tours\/francia\/cannes-es\/tour-privado-vinedos-cotes-de-provence-cannes\/\"]}]},{\"@type\":\"ImageObject\",\"inLanguage\":\"es\",\"@id\":\"https:\/\/tourtravelandmore.com\/es\/tours\/francia\/cannes-es\/tour-privado-vinedos-cotes-de-provence-cannes\/#primaryimage\",\"url\":\"https:\/\/tourtravelandmore.com\/wp-content\/uploads\/2018\/03\/vigne.jpg\",\"contentUrl\":\"https:\/\/tourtravelandmore.com\/wp-content\/uploads\/2018\/03\/vigne.jpg\",\"width\":1920,\"height\":1080},{\"@type\":\"BreadcrumbList\",\"@id\":\"https:\/\/tourtravelandmore.com\/es\/tours\/francia\/cannes-es\/tour-privado-vinedos-cotes-de-provence-cannes\/#breadcrumb\",\"itemListElement\":[{\"@type\":\"ListItem\",\"position\":1,\"name\":\"Home\",\"item\":\"https:\/\/tourtravelandmore.com\/es\/\"},{\"@type\":\"ListItem\",\"position\":2,\"name\":\"Tours\",\"item\":\"https:\/\/tourtravelandmore.com\/es\/tours\/\"},{\"@type\":\"ListItem\",\"position\":3,\"name\":\"Tour privado a vi\u00f1edos en Cotes de Provence\"}]},{\"@type\":\"WebSite\",\"@id\":\"https:\/\/tourtravelandmore.com\/es\/#website\",\"url\":\"https:\/\/tourtravelandmore.com\/es\/\",\"name\":\"Tour Travel And More\",\"description\":\"Private sightseeing tours and luxury transfers in Spain\",\"publisher\":{\"@id\":\"https:\/\/tourtravelandmore.com\/es\/#organization\"},\"potentialAction\":[{\"@type\":\"SearchAction\",\"target\":{\"@type\":\"EntryPoint\",\"urlTemplate\":\"https:\/\/tourtravelandmore.com\/es\/?s={search_term_string}\"},\"query-input\":{\"@type\":\"PropertyValueSpecification\",\"valueRequired\":true,\"valueName\":\"search_term_string\"}}],\"inLanguage\":\"es\"},{\"@type\":\"Organization\",\"@id\":\"https:\/\/tourtravelandmore.com\/es\/#organization\",\"name\":\"Tour Travel And More\",\"url\":\"https:\/\/tourtravelandmore.com\/es\/\",\"logo\":{\"@type\":\"ImageObject\",\"inLanguage\":\"es\",\"@id\":\"https:\/\/tourtravelandmore.com\/es\/#\/schema\/logo\/image\/\",\"url\":\"https:\/\/tourtravelandmore.com\/wp-content\/uploads\/2022\/12\/cropped-logo-cabecera-new.png\",\"contentUrl\":\"https:\/\/tourtravelandmore.com\/wp-content\/uploads\/2022\/12\/cropped-logo-cabecera-new.png\",\"width\":430,\"height\":61,\"caption\":\"Tour Travel And More\"},\"image\":{\"@id\":\"https:\/\/tourtravelandmore.com\/es\/#\/schema\/logo\/image\/\"},\"sameAs\":[\"https:\/\/www.facebook.com\/tourtravelandmore\/\",\"https:\/\/x.com\/TourTravel_More\"]}]}<\/script>\n<!-- \/ Yoast SEO Premium plugin. -->","yoast_head_json":{"title":"\u27a1\ufe0f Tour privado a vi\u00f1edos desde Cannes - Cotes de Provence | TTM","description":"Disfruta de un tour privado a los vi\u00f1edos de Cotes de Provence desde Cannes. Visita los mejores vi\u00f1edos de la regi\u00f3n y disfruta de degustar sus vinos \u2705","robots":{"index":"index","follow":"follow","max-snippet":"max-snippet:-1","max-image-preview":"max-image-preview:large","max-video-preview":"max-video-preview:-1"},"canonical":"https:\/\/tourtravelandmore.com\/es\/tours\/francia\/cannes-es\/tour-privado-vinedos-cotes-de-provence-cannes\/","og_locale":"es_ES","og_type":"article","og_title":"Tour privado a vi\u00f1edos en Cotes de Provence","og_description":"Disfruta de un tour privado a los vi\u00f1edos de Cotes de Provence desde Cannes. Visita los mejores vi\u00f1edos de la regi\u00f3n y disfruta de degustar sus vinos \u2705","og_url":"https:\/\/tourtravelandmore.com\/es\/tours\/francia\/cannes-es\/tour-privado-vinedos-cotes-de-provence-cannes\/","og_site_name":"Tour Travel And More","article_publisher":"https:\/\/www.facebook.com\/tourtravelandmore\/","article_modified_time":"2022-07-15T08:02:54+00:00","og_image":[{"width":1920,"height":1080,"url":"https:\/\/tourtravelandmore.com\/wp-content\/uploads\/2018\/03\/vigne.jpg","type":"image\/jpeg"}],"twitter_card":"summary_large_image","twitter_site":"@TourTravel_More","twitter_misc":{"Tiempo de lectura":"2 minutos"},"schema":{"@context":"https:\/\/schema.org","@graph":[{"@type":"WebPage","@id":"https:\/\/tourtravelandmore.com\/es\/tours\/francia\/cannes-es\/tour-privado-vinedos-cotes-de-provence-cannes\/","url":"https:\/\/tourtravelandmore.com\/es\/tours\/francia\/cannes-es\/tour-privado-vinedos-cotes-de-provence-cannes\/","name":"\u27a1\ufe0f Tour privado a vi\u00f1edos desde Cannes - Cotes de Provence | TTM","isPartOf":{"@id":"https:\/\/tourtravelandmore.com\/es\/#website"},"primaryImageOfPage":{"@id":"https:\/\/tourtravelandmore.com\/es\/tours\/francia\/cannes-es\/tour-privado-vinedos-cotes-de-provence-cannes\/#primaryimage"},"image":{"@id":"https:\/\/tourtravelandmore.com\/es\/tours\/francia\/cannes-es\/tour-privado-vinedos-cotes-de-provence-cannes\/#primaryimage"},"thumbnailUrl":"https:\/\/tourtravelandmore.com\/wp-content\/uploads\/2018\/03\/vigne.jpg","datePublished":"2018-03-07T15:10:06+00:00","dateModified":"2022-07-15T08:02:54+00:00","description":"Disfruta de un tour privado a los vi\u00f1edos de Cotes de Provence desde Cannes. Visita los mejores vi\u00f1edos de la regi\u00f3n y disfruta de degustar sus vinos \u2705","breadcrumb":{"@id":"https:\/\/tourtravelandmore.com\/es\/tours\/francia\/cannes-es\/tour-privado-vinedos-cotes-de-provence-cannes\/#breadcrumb"},"inLanguage":"es","potentialAction":[{"@type":"ReadAction","target":["https:\/\/tourtravelandmore.com\/es\/tours\/francia\/cannes-es\/tour-privado-vinedos-cotes-de-provence-cannes\/"]}]},{"@type":"ImageObject","inLanguage":"es","@id":"https:\/\/tourtravelandmore.com\/es\/tours\/francia\/cannes-es\/tour-privado-vinedos-cotes-de-provence-cannes\/#primaryimage","url":"https:\/\/tourtravelandmore.com\/wp-content\/uploads\/2018\/03\/vigne.jpg","contentUrl":"https:\/\/tourtravelandmore.com\/wp-content\/uploads\/2018\/03\/vigne.jpg","width":1920,"height":1080},{"@type":"BreadcrumbList","@id":"https:\/\/tourtravelandmore.com\/es\/tours\/francia\/cannes-es\/tour-privado-vinedos-cotes-de-provence-cannes\/#breadcrumb","itemListElement":[{"@type":"ListItem","position":1,"name":"Home","item":"https:\/\/tourtravelandmore.com\/es\/"},{"@type":"ListItem","position":2,"name":"Tours","item":"https:\/\/tourtravelandmore.com\/es\/tours\/"},{"@type":"ListItem","position":3,"name":"Tour privado a vi\u00f1edos en Cotes de Provence"}]},{"@type":"WebSite","@id":"https:\/\/tourtravelandmore.com\/es\/#website","url":"https:\/\/tourtravelandmore.com\/es\/","name":"Tour Travel And More","description":"Private sightseeing tours and luxury transfers in Spain","publisher":{"@id":"https:\/\/tourtravelandmore.com\/es\/#organization"},"potentialAction":[{"@type":"SearchAction","target":{"@type":"EntryPoint","urlTemplate":"https:\/\/tourtravelandmore.com\/es\/?s={search_term_string}"},"query-input":{"@type":"PropertyValueSpecification","valueRequired":true,"valueName":"search_term_string"}}],"inLanguage":"es"},{"@type":"Organization","@id":"https:\/\/tourtravelandmore.com\/es\/#organization","name":"Tour Travel And More","url":"https:\/\/tourtravelandmore.com\/es\/","logo":{"@type":"ImageObject","inLanguage":"es","@id":"https:\/\/tourtravelandmore.com\/es\/#\/schema\/logo\/image\/","url":"https:\/\/tourtravelandmore.com\/wp-content\/uploads\/2022\/12\/cropped-logo-cabecera-new.png","contentUrl":"https:\/\/tourtravelandmore.com\/wp-content\/uploads\/2022\/12\/cropped-logo-cabecera-new.png","width":430,"height":61,"caption":"Tour Travel And More"},"image":{"@id":"https:\/\/tourtravelandmore.com\/es\/#\/schema\/logo\/image\/"},"sameAs":["https:\/\/www.facebook.com\/tourtravelandmore\/","https:\/\/x.com\/TourTravel_More"]}]}},"_links":{"self":[{"href":"https:\/\/tourtravelandmore.com\/es\/wp-json\/wp\/v2\/product\/18895","targetHints":{"allow":["GET"]}}],"collection":[{"href":"https:\/\/tourtravelandmore.com\/es\/wp-json\/wp\/v2\/product"}],"about":[{"href":"https:\/\/tourtravelandmore.com\/es\/wp-json\/wp\/v2\/types\/product"}],"replies":[{"embeddable":true,"href":"https:\/\/tourtravelandmore.com\/es\/wp-json\/wp\/v2\/comments?post=18895"}],"wp:featuredmedia":[{"embeddable":true,"href":"https:\/\/tourtravelandmore.com\/es\/wp-json\/wp\/v2\/media\/18901"}],"wp:attachment":[{"href":"https:\/\/tourtravelandmore.com\/es\/wp-json\/wp\/v2\/media?parent=18895"}],"wp:term":[{"taxonomy":"product_brand","embeddable":true,"href":"https:\/\/tourtravelandmore.com\/es\/wp-json\/wp\/v2\/product_brand?post=18895"},{"taxonomy":"product_cat","embeddable":true,"href":"https:\/\/tourtravelandmore.com\/es\/wp-json\/wp\/v2\/product_cat?post=18895"},{"taxonomy":"product_tag","embeddable":true,"href":"https:\/\/tourtravelandmore.com\/es\/wp-json\/wp\/v2\/product_tag?post=18895"}],"curies":[{"name":"wp","href":"https:\/\/api.w.org\/{rel}","templated":true}]}}