{"id":18882,"date":"2018-03-07T15:46:37","date_gmt":"2018-03-07T14:46:40","guid":{"rendered":"http:\/\/tourtravelandmore.com\/es\/tours\/cannes-es\/tour-privado-riviera-francesa-chofer-guia-privado\/"},"modified":"2022-07-15T10:30:23","modified_gmt":"2022-07-15T08:30:23","slug":"tour-privado-desde-cannes-a-monaco-niza","status":"publish","type":"product","link":"https:\/\/tourtravelandmore.com\/es\/tours\/francia\/cannes-es\/tour-privado-desde-cannes-a-monaco-niza\/","title":{"rendered":"Tour Privado de Niza, Monaco y Menton desde Cannes con chofer\/gu\u00eda privado"},"content":{"rendered":"<h2><strong>Descripci\u00f3n del Tour Privado de Niza, Monaco y Menton desde Cannes\u00a0<\/strong><\/h2>\n<p>La Riviera francesa es una de las regiones m\u00e1s bonitas de Francia. Esta regi\u00f3n alberga diversas ciudades y pueblos con encanto que atrapan a nuevos visitantes cada a\u00f1o. Aproveche su visita a Cannes y visite<strong>\u00a0Niza, Eze, Le Turbie, Monaco y Ment\u00f3n <\/strong>en un tour privado desde Cannes con chofer\/gu\u00eda.<\/p>\n<p>El horario y sitio de recogida para su tour es completamente adaptable a su deseo personal. Podemos recogerlo desde su hotel, apartamento, puerto de cruceros o sitio deseado en la Riviera francesa.<\/p>\n<p>Este\u00a0<strong>tour privado<\/strong> es completamente adaptable a su deseo personal. El itinerario final y la duraci\u00f3n del tour son ajustables a su inter\u00e9s personal. En caso de querer personalizar su itinerario, por favor no dude en contactarnos. Nuestro de expertos le ayudar\u00e1 a coordinar una experiencia a medida.<\/p>\n<h2><strong>Puntos de inter\u00e9s en el Tour Privado de Niza, Monaco y Menton desde Cannes\u00a0<\/strong><\/h2>\n<p>Para comenzar su tour privado desde Cannes, su gu\u00eda le recoger\u00e1 a su horario deseado. El primer stop de su tour ser\u00e1 <strong>Niza<\/strong>. All\u00ed podr\u00e1n visitar los sitios m\u00e1s emblem\u00e1ticos de la ciudad, como la ciudad vieja, la catedral de San Nicol\u00e1s (iglesia ortodoxa rusa que fue declarado como monumento nacional de Francia), la promenade des anglais y les ponchettes, entre otros puntos de la ciudad. Si usted es un amante del arte podr\u00e1 tambi\u00e9n visitar alguno de los museos de Niza. Finalmente, su visita a Niza culminar\u00e1 con una privilegiada de la bah\u00eda de Villefranche desde el monte Boron.<\/p>\n<p>A continuaci\u00f3n ir\u00e1 hacia\u00a0<strong>Eze<\/strong>, un peque\u00f1o pueblo situado a 427 metros de altura. All\u00ed se situa una de las f\u00e1bricas de la emblem\u00e1tica <a href=\"https:\/\/www.fragonard.com\/en\/factories\/eze\">perfumer\u00eda Fragonard<\/a>, la cual podr\u00e1 visitar. Continuar\u00e1n luego por la Gran Corniche, una maravillosa ruta costera que atraviesa la monta\u00f1a hasta llegar a <strong>Le Turbie<\/strong>. All\u00ed disfrutar\u00e1n una de las mejores vistas panor\u00e1micas de la riviera francesa. Luego, por la misma ruta, seguir\u00e1n hacia el principado de <strong>M\u00f3naco<\/strong>. All\u00ed podr\u00e1n visitar el palacio del pr\u00edncipe y su colecci\u00f3n de autos antiguos. Disfrutar\u00e1n a su vez un paseo panor\u00e1mico por la ciudad y, para los amantes de la F\u00f3rmula 1, podr\u00e1n hacer el recorrido del m\u00edtico gran premio de M\u00f3naco. Por \u00faltimo visitar\u00e1n <strong>Menton<\/strong>, pueblo situado a solo 3 km de la frontera con Italia, el cual posee una plaza mayor con estilo barroco y una fabulosa gastronom\u00eda.<\/p>\n<p>Durante todo su tour tendr\u00e1n a su chofer\/gu\u00eda, experto conocedor de la regi\u00f3n, a su entera disposici\u00f3n.<br \/>\n<strong>La duraci\u00f3n de nuestra propuesta es de 8 horas. Pero es posible coordinar una menor o mayor duraci\u00f3n del tour. No dude en contactarnos para una experiencia personalizada!<\/strong><\/p>\n","protected":false},"excerpt":{"rendered":"<p>Disfruta de este\u00a0<strong>tour privado<\/strong>\u00a0y personalizable\u00a0<strong>desde Cannes<\/strong> y descubre la maravillosa regi\u00f3n norte de la riviera francesa. Esta experiencia privada combina dos de las ciudades m\u00e1s bonitas de la regi\u00f3n, M\u00f3naco y Niza, con los pueblos tradicionales de la misma, Eze, Le Turbie y Ment\u00f3n. Cont\u00e1ctennos para una propuesta personalizada.<\/p>\n","protected":false},"featured_media":18888,"comment_status":"open","ping_status":"closed","template":"","meta":{"_acf_changed":false},"product_brand":[],"product_cat":[473,564,474,565,566],"product_tag":[],"class_list":{"0":"post-18882","1":"product","2":"type-product","3":"status-publish","4":"has-post-thumbnail","6":"product_cat-cannes-es","7":"product_cat-cannes-actividades-es","8":"product_cat-cannes-rutas-turisticas-privadas-es","9":"product_cat-cannes-excursiones-privadas-es","10":"product_cat-cannes-excursiones-privadas-cruceros-es","12":"first","13":"instock","14":"shipping-taxable","15":"purchasable","16":"product-type-simple"},"acf":[],"yoast_head":"<!-- This site is optimized with the Yoast SEO Premium plugin v25.3.1 (Yoast SEO v25.3.1) - https:\/\/yoast.com\/wordpress\/plugins\/seo\/ -->\n<title>\u27a1\ufe0f Tour privado desde Cannes con chofer\/gu\u00eda privado | TTM<\/title>\n<meta name=\"description\" content=\"Aproveche al m\u00e1ximo su tiempo en la Costa Azul y disfruta este tour privado desde Cannes con chofer\/gu\u00eda privado. Explora la parte norte de la riviera! \u2705\" \/>\n<meta name=\"robots\" content=\"index, follow, max-snippet:-1, max-image-preview:large, max-video-preview:-1\" \/>\n<link rel=\"canonical\" href=\"https:\/\/tourtravelandmore.com\/es\/tours\/francia\/cannes-es\/tour-privado-desde-cannes-a-monaco-niza\/\" \/>\n<meta property=\"og:locale\" content=\"es_ES\" \/>\n<meta property=\"og:type\" content=\"article\" \/>\n<meta property=\"og:title\" content=\"Tour Privado de Niza, Monaco y Menton desde Cannes con chofer\/gu\u00eda privado\" \/>\n<meta property=\"og:description\" content=\"Aproveche al m\u00e1ximo su tiempo en la Costa Azul y disfruta este tour privado desde Cannes con chofer\/gu\u00eda privado. Explora la parte norte de la riviera! \u2705\" \/>\n<meta property=\"og:url\" content=\"https:\/\/tourtravelandmore.com\/es\/tours\/francia\/cannes-es\/tour-privado-desde-cannes-a-monaco-niza\/\" \/>\n<meta property=\"og:site_name\" content=\"Tour Travel And More\" \/>\n<meta property=\"article:publisher\" content=\"https:\/\/www.facebook.com\/tourtravelandmore\/\" \/>\n<meta property=\"article:modified_time\" content=\"2022-07-15T08:30:23+00:00\" \/>\n<meta property=\"og:image\" content=\"https:\/\/tourtravelandmore.com\/wp-content\/uploads\/2018\/03\/menton-1547494_960_720.jpg\" \/>\n\t<meta property=\"og:image:width\" content=\"960\" \/>\n\t<meta property=\"og:image:height\" content=\"439\" \/>\n\t<meta property=\"og:image:type\" content=\"image\/jpeg\" \/>\n<meta name=\"twitter:card\" content=\"summary_large_image\" \/>\n<meta name=\"twitter:site\" content=\"@TourTravel_More\" \/>\n<meta name=\"twitter:label1\" content=\"Tiempo de lectura\" \/>\n\t<meta name=\"twitter:data1\" content=\"2 minutos\" \/>\n<script type=\"application\/ld+json\" class=\"yoast-schema-graph\">{\"@context\":\"https:\/\/schema.org\",\"@graph\":[{\"@type\":\"WebPage\",\"@id\":\"https:\/\/tourtravelandmore.com\/es\/tours\/francia\/cannes-es\/tour-privado-desde-cannes-a-monaco-niza\/\",\"url\":\"https:\/\/tourtravelandmore.com\/es\/tours\/francia\/cannes-es\/tour-privado-desde-cannes-a-monaco-niza\/\",\"name\":\"\u27a1\ufe0f Tour privado desde Cannes con chofer\/gu\u00eda privado | TTM\",\"isPartOf\":{\"@id\":\"https:\/\/tourtravelandmore.com\/es\/#website\"},\"primaryImageOfPage\":{\"@id\":\"https:\/\/tourtravelandmore.com\/es\/tours\/francia\/cannes-es\/tour-privado-desde-cannes-a-monaco-niza\/#primaryimage\"},\"image\":{\"@id\":\"https:\/\/tourtravelandmore.com\/es\/tours\/francia\/cannes-es\/tour-privado-desde-cannes-a-monaco-niza\/#primaryimage\"},\"thumbnailUrl\":\"https:\/\/tourtravelandmore.com\/wp-content\/uploads\/2018\/03\/menton-1547494_960_720.jpg\",\"datePublished\":\"2018-03-07T14:46:40+00:00\",\"dateModified\":\"2022-07-15T08:30:23+00:00\",\"description\":\"Aproveche al m\u00e1ximo su tiempo en la Costa Azul y disfruta este tour privado desde Cannes con chofer\/gu\u00eda privado. Explora la parte norte de la riviera! \u2705\",\"breadcrumb\":{\"@id\":\"https:\/\/tourtravelandmore.com\/es\/tours\/francia\/cannes-es\/tour-privado-desde-cannes-a-monaco-niza\/#breadcrumb\"},\"inLanguage\":\"es\",\"potentialAction\":[{\"@type\":\"ReadAction\",\"target\":[\"https:\/\/tourtravelandmore.com\/es\/tours\/francia\/cannes-es\/tour-privado-desde-cannes-a-monaco-niza\/\"]}]},{\"@type\":\"ImageObject\",\"inLanguage\":\"es\",\"@id\":\"https:\/\/tourtravelandmore.com\/es\/tours\/francia\/cannes-es\/tour-privado-desde-cannes-a-monaco-niza\/#primaryimage\",\"url\":\"https:\/\/tourtravelandmore.com\/wp-content\/uploads\/2018\/03\/menton-1547494_960_720.jpg\",\"contentUrl\":\"https:\/\/tourtravelandmore.com\/wp-content\/uploads\/2018\/03\/menton-1547494_960_720.jpg\",\"width\":960,\"height\":439},{\"@type\":\"BreadcrumbList\",\"@id\":\"https:\/\/tourtravelandmore.com\/es\/tours\/francia\/cannes-es\/tour-privado-desde-cannes-a-monaco-niza\/#breadcrumb\",\"itemListElement\":[{\"@type\":\"ListItem\",\"position\":1,\"name\":\"Home\",\"item\":\"https:\/\/tourtravelandmore.com\/es\/\"},{\"@type\":\"ListItem\",\"position\":2,\"name\":\"Tours\",\"item\":\"https:\/\/tourtravelandmore.com\/es\/tours\/\"},{\"@type\":\"ListItem\",\"position\":3,\"name\":\"Tour Privado de Niza, Monaco y Menton desde Cannes con chofer\/gu\u00eda privado\"}]},{\"@type\":\"WebSite\",\"@id\":\"https:\/\/tourtravelandmore.com\/es\/#website\",\"url\":\"https:\/\/tourtravelandmore.com\/es\/\",\"name\":\"Tour Travel And More\",\"description\":\"Private sightseeing tours and luxury transfers in Spain\",\"publisher\":{\"@id\":\"https:\/\/tourtravelandmore.com\/es\/#organization\"},\"potentialAction\":[{\"@type\":\"SearchAction\",\"target\":{\"@type\":\"EntryPoint\",\"urlTemplate\":\"https:\/\/tourtravelandmore.com\/es\/?s={search_term_string}\"},\"query-input\":{\"@type\":\"PropertyValueSpecification\",\"valueRequired\":true,\"valueName\":\"search_term_string\"}}],\"inLanguage\":\"es\"},{\"@type\":\"Organization\",\"@id\":\"https:\/\/tourtravelandmore.com\/es\/#organization\",\"name\":\"Tour Travel And More\",\"url\":\"https:\/\/tourtravelandmore.com\/es\/\",\"logo\":{\"@type\":\"ImageObject\",\"inLanguage\":\"es\",\"@id\":\"https:\/\/tourtravelandmore.com\/es\/#\/schema\/logo\/image\/\",\"url\":\"https:\/\/tourtravelandmore.com\/wp-content\/uploads\/2022\/12\/cropped-logo-cabecera-new.png\",\"contentUrl\":\"https:\/\/tourtravelandmore.com\/wp-content\/uploads\/2022\/12\/cropped-logo-cabecera-new.png\",\"width\":430,\"height\":61,\"caption\":\"Tour Travel And More\"},\"image\":{\"@id\":\"https:\/\/tourtravelandmore.com\/es\/#\/schema\/logo\/image\/\"},\"sameAs\":[\"https:\/\/www.facebook.com\/tourtravelandmore\/\",\"https:\/\/x.com\/TourTravel_More\"]}]}<\/script>\n<!-- \/ Yoast SEO Premium plugin. -->","yoast_head_json":{"title":"\u27a1\ufe0f Tour privado desde Cannes con chofer\/gu\u00eda privado | TTM","description":"Aproveche al m\u00e1ximo su tiempo en la Costa Azul y disfruta este tour privado desde Cannes con chofer\/gu\u00eda privado. Explora la parte norte de la riviera! \u2705","robots":{"index":"index","follow":"follow","max-snippet":"max-snippet:-1","max-image-preview":"max-image-preview:large","max-video-preview":"max-video-preview:-1"},"canonical":"https:\/\/tourtravelandmore.com\/es\/tours\/francia\/cannes-es\/tour-privado-desde-cannes-a-monaco-niza\/","og_locale":"es_ES","og_type":"article","og_title":"Tour Privado de Niza, Monaco y Menton desde Cannes con chofer\/gu\u00eda privado","og_description":"Aproveche al m\u00e1ximo su tiempo en la Costa Azul y disfruta este tour privado desde Cannes con chofer\/gu\u00eda privado. Explora la parte norte de la riviera! \u2705","og_url":"https:\/\/tourtravelandmore.com\/es\/tours\/francia\/cannes-es\/tour-privado-desde-cannes-a-monaco-niza\/","og_site_name":"Tour Travel And More","article_publisher":"https:\/\/www.facebook.com\/tourtravelandmore\/","article_modified_time":"2022-07-15T08:30:23+00:00","og_image":[{"width":960,"height":439,"url":"https:\/\/tourtravelandmore.com\/wp-content\/uploads\/2018\/03\/menton-1547494_960_720.jpg","type":"image\/jpeg"}],"twitter_card":"summary_large_image","twitter_site":"@TourTravel_More","twitter_misc":{"Tiempo de lectura":"2 minutos"},"schema":{"@context":"https:\/\/schema.org","@graph":[{"@type":"WebPage","@id":"https:\/\/tourtravelandmore.com\/es\/tours\/francia\/cannes-es\/tour-privado-desde-cannes-a-monaco-niza\/","url":"https:\/\/tourtravelandmore.com\/es\/tours\/francia\/cannes-es\/tour-privado-desde-cannes-a-monaco-niza\/","name":"\u27a1\ufe0f Tour privado desde Cannes con chofer\/gu\u00eda privado | TTM","isPartOf":{"@id":"https:\/\/tourtravelandmore.com\/es\/#website"},"primaryImageOfPage":{"@id":"https:\/\/tourtravelandmore.com\/es\/tours\/francia\/cannes-es\/tour-privado-desde-cannes-a-monaco-niza\/#primaryimage"},"image":{"@id":"https:\/\/tourtravelandmore.com\/es\/tours\/francia\/cannes-es\/tour-privado-desde-cannes-a-monaco-niza\/#primaryimage"},"thumbnailUrl":"https:\/\/tourtravelandmore.com\/wp-content\/uploads\/2018\/03\/menton-1547494_960_720.jpg","datePublished":"2018-03-07T14:46:40+00:00","dateModified":"2022-07-15T08:30:23+00:00","description":"Aproveche al m\u00e1ximo su tiempo en la Costa Azul y disfruta este tour privado desde Cannes con chofer\/gu\u00eda privado. Explora la parte norte de la riviera! \u2705","breadcrumb":{"@id":"https:\/\/tourtravelandmore.com\/es\/tours\/francia\/cannes-es\/tour-privado-desde-cannes-a-monaco-niza\/#breadcrumb"},"inLanguage":"es","potentialAction":[{"@type":"ReadAction","target":["https:\/\/tourtravelandmore.com\/es\/tours\/francia\/cannes-es\/tour-privado-desde-cannes-a-monaco-niza\/"]}]},{"@type":"ImageObject","inLanguage":"es","@id":"https:\/\/tourtravelandmore.com\/es\/tours\/francia\/cannes-es\/tour-privado-desde-cannes-a-monaco-niza\/#primaryimage","url":"https:\/\/tourtravelandmore.com\/wp-content\/uploads\/2018\/03\/menton-1547494_960_720.jpg","contentUrl":"https:\/\/tourtravelandmore.com\/wp-content\/uploads\/2018\/03\/menton-1547494_960_720.jpg","width":960,"height":439},{"@type":"BreadcrumbList","@id":"https:\/\/tourtravelandmore.com\/es\/tours\/francia\/cannes-es\/tour-privado-desde-cannes-a-monaco-niza\/#breadcrumb","itemListElement":[{"@type":"ListItem","position":1,"name":"Home","item":"https:\/\/tourtravelandmore.com\/es\/"},{"@type":"ListItem","position":2,"name":"Tours","item":"https:\/\/tourtravelandmore.com\/es\/tours\/"},{"@type":"ListItem","position":3,"name":"Tour Privado de Niza, Monaco y Menton desde Cannes con chofer\/gu\u00eda privado"}]},{"@type":"WebSite","@id":"https:\/\/tourtravelandmore.com\/es\/#website","url":"https:\/\/tourtravelandmore.com\/es\/","name":"Tour Travel And More","description":"Private sightseeing tours and luxury transfers in Spain","publisher":{"@id":"https:\/\/tourtravelandmore.com\/es\/#organization"},"potentialAction":[{"@type":"SearchAction","target":{"@type":"EntryPoint","urlTemplate":"https:\/\/tourtravelandmore.com\/es\/?s={search_term_string}"},"query-input":{"@type":"PropertyValueSpecification","valueRequired":true,"valueName":"search_term_string"}}],"inLanguage":"es"},{"@type":"Organization","@id":"https:\/\/tourtravelandmore.com\/es\/#organization","name":"Tour Travel And More","url":"https:\/\/tourtravelandmore.com\/es\/","logo":{"@type":"ImageObject","inLanguage":"es","@id":"https:\/\/tourtravelandmore.com\/es\/#\/schema\/logo\/image\/","url":"https:\/\/tourtravelandmore.com\/wp-content\/uploads\/2022\/12\/cropped-logo-cabecera-new.png","contentUrl":"https:\/\/tourtravelandmore.com\/wp-content\/uploads\/2022\/12\/cropped-logo-cabecera-new.png","width":430,"height":61,"caption":"Tour Travel And More"},"image":{"@id":"https:\/\/tourtravelandmore.com\/es\/#\/schema\/logo\/image\/"},"sameAs":["https:\/\/www.facebook.com\/tourtravelandmore\/","https:\/\/x.com\/TourTravel_More"]}]}},"_links":{"self":[{"href":"https:\/\/tourtravelandmore.com\/es\/wp-json\/wp\/v2\/product\/18882","targetHints":{"allow":["GET"]}}],"collection":[{"href":"https:\/\/tourtravelandmore.com\/es\/wp-json\/wp\/v2\/product"}],"about":[{"href":"https:\/\/tourtravelandmore.com\/es\/wp-json\/wp\/v2\/types\/product"}],"replies":[{"embeddable":true,"href":"https:\/\/tourtravelandmore.com\/es\/wp-json\/wp\/v2\/comments?post=18882"}],"wp:featuredmedia":[{"embeddable":true,"href":"https:\/\/tourtravelandmore.com\/es\/wp-json\/wp\/v2\/media\/18888"}],"wp:attachment":[{"href":"https:\/\/tourtravelandmore.com\/es\/wp-json\/wp\/v2\/media?parent=18882"}],"wp:term":[{"taxonomy":"product_brand","embeddable":true,"href":"https:\/\/tourtravelandmore.com\/es\/wp-json\/wp\/v2\/product_brand?post=18882"},{"taxonomy":"product_cat","embeddable":true,"href":"https:\/\/tourtravelandmore.com\/es\/wp-json\/wp\/v2\/product_cat?post=18882"},{"taxonomy":"product_tag","embeddable":true,"href":"https:\/\/tourtravelandmore.com\/es\/wp-json\/wp\/v2\/product_tag?post=18882"}],"curies":[{"name":"wp","href":"https:\/\/api.w.org\/{rel}","templated":true}]}}