{"id":18869,"date":"2018-03-07T15:30:59","date_gmt":"2018-03-07T14:31:01","guid":{"rendered":"http:\/\/tourtravelandmore.com\/es\/tours\/cannes-es\/tour-privado-riviera-francesa-desde-cannes-chofer-guia-privado\/"},"modified":"2022-07-15T10:08:06","modified_gmt":"2022-07-15T08:08:06","slug":"tour-privado-riviera-francesa-desde-cannes-chofer-guia-privado","status":"publish","type":"product","link":"https:\/\/tourtravelandmore.com\/es\/tours\/francia\/cannes-es\/tour-privado-riviera-francesa-desde-cannes-chofer-guia-privado\/","title":{"rendered":"Tour Privado de la Riviera Francesa con chofer\/gu\u00eda privado"},"content":{"rendered":"<h2><strong>Descripci\u00f3n del Tour Privado de la Riviera Francesa\u00a0<\/strong><\/h2>\n<p>Aprovecha la oportunidad de explorar <strong>Niza, Eze, M\u00f3naco, Cannes y Saint Paul de Vence\u00a0<\/strong>durante un tour privado de la Riviera francesa. Visite los sitios m\u00e1s bonitos de la regi\u00f3n junto a su chofer\/gu\u00eda privado, experto en la regi\u00f3n.<\/p>\n<p>El horario de comienzo del tour es adaptable a su deseo personal. Es posible coordinar salidas desde Cannes, M\u00f3naco, Niza, el puerto Villefranche sur mer y alrededores.<\/p>\n<p>Este\u00a0<strong>tour privado<\/strong> es personalizable, cont\u00e1ctennos para coordinar una experiencia a medida. Aqu\u00ed os dejamos un ejemplo de itinerario, el tour ser\u00e1 personalizado para que puedan visitar exactamente lo que deseen ver en la hermosa <strong>Riviera francesa<\/strong>.<\/p>\n<h2><strong>Puntos de inter\u00e9s en el Tour Privado de la Riviera Francesa\u00a0<\/strong><\/h2>\n<p>Su chofer\/gu\u00eda le recoger\u00e1 en su sitio deseado, a su horario deseado, para comenzar su tour privado de la Riviera francesa. La primera parada ser\u00e1 <strong>Niza<\/strong>. All\u00ed visitar\u00e1n los sitios m\u00e1s importantes de la ciudad, como la ciudad vieja, la catedral de San Nicol\u00e1s (iglesia ortodoxa rusa que fue declarado como monumento nacional de Francia), la <strong>promenade des anglais<\/strong> y les ponchettes, entre otros puntos de la ciudad. Si le interesa visitar museos, como el Matisse o el Chagall, por favor h\u00e1ganoslo saber para acordar una visita guiada y entradas sin fila. Visitar\u00e1n luego el monte Bor\u00f3n, desde all\u00ed disfrutar\u00e1n una vista privilegiada de la bah\u00eda de Villefranche.<\/p>\n<p>A continuaci\u00f3n seguir\u00e1n caminao hacia <strong>Eze<\/strong>. Situado a 427 metros sobre el nivel del mar, all\u00ed se encuentra el <a href=\"https:\/\/www.fragonard.com\/en\/factories\/eze\">laboratorio\/f\u00e1brica de Fragonard<\/a>, que usted podr\u00e1 visitar. Continuar\u00e1n luego por la Gran Corniche atravesando la monta\u00f1a por t\u00faneles y puentes hasta llegar al <strong>principado de M\u00f3naco<\/strong>. All\u00ed podr\u00e1n visitar el palacio del pr\u00edncipe y su colecci\u00f3n de autos antiguos, seguir la ruta del grand prix de F1, y visitar la parte alta; Montecarlo. Luego el tour continuar\u00e1 camino a <strong>Cannes<\/strong>, pero antes parando en Saint Paul de Vence y Antibes. El primero es uno de los pueblos medievales m\u00e1s reconocidos de la regi\u00f3n, conocido como el pueblo de los artistas. El segundo es conocido por albergar el museo Picasso y el castillo Grimaldi. Luego de visitar ambos sitios retornar\u00e1n a Cannes, donde podr\u00e1n disfrutar de una caminata por la rambla playera de la ciudad y ver las hermosas edificaciones que la ciudad alberga.<\/p>\n<p><strong>Su chofer\/gu\u00eda privado estar\u00e1 a su entera disposici\u00f3n durante todo el tour. El itinerario final es adaptable a su deseo personal. Cont\u00e1ctenos para una experiencia privada a medida.<\/strong><\/p>\n","protected":false},"excerpt":{"rendered":"<p>Disfruta de este\u00a0<strong>tour privado<\/strong> y <strong>personalizable desde Cannes<\/strong> y visita los sitios m\u00e1s bonitos de la Riviera francesa junto a chofer\/gu\u00eda privado. Itinerario y duraci\u00f3n del tour adaptable a su deseo personal. Cont\u00e1ctennos para una experiencia privada a medida.<\/p>\n","protected":false},"featured_media":18875,"comment_status":"open","ping_status":"closed","template":"","meta":{"_acf_changed":false},"product_brand":[],"product_cat":[473,564,474,565,566],"product_tag":[],"class_list":{"0":"post-18869","1":"product","2":"type-product","3":"status-publish","4":"has-post-thumbnail","6":"product_cat-cannes-es","7":"product_cat-cannes-actividades-es","8":"product_cat-cannes-rutas-turisticas-privadas-es","9":"product_cat-cannes-excursiones-privadas-es","10":"product_cat-cannes-excursiones-privadas-cruceros-es","12":"first","13":"instock","14":"shipping-taxable","15":"purchasable","16":"product-type-simple"},"acf":[],"yoast_head":"<!-- This site is optimized with the Yoast SEO Premium plugin v25.3.1 (Yoast SEO v25.3.1) - https:\/\/yoast.com\/wordpress\/plugins\/seo\/ -->\n<title>\u27a1\ufe0f Tour Privado de la Riviera Francesa con chofer\/gu\u00eda privado | TTM<\/title>\n<meta name=\"description\" content=\"Aprovecha al m\u00e1ximo tu tiempo en la Costa Azul y disfruta este tour privado de la riviera francesa con chofer\/gu\u00eda privado \u2705\" \/>\n<meta name=\"robots\" content=\"index, follow, max-snippet:-1, max-image-preview:large, max-video-preview:-1\" \/>\n<link rel=\"canonical\" href=\"https:\/\/tourtravelandmore.com\/es\/tours\/francia\/cannes-es\/tour-privado-riviera-francesa-desde-cannes-chofer-guia-privado\/\" \/>\n<meta property=\"og:locale\" content=\"es_ES\" \/>\n<meta property=\"og:type\" content=\"article\" \/>\n<meta property=\"og:title\" content=\"Tour Privado de la Riviera Francesa con chofer\/gu\u00eda privado\" \/>\n<meta property=\"og:description\" content=\"Aprovecha al m\u00e1ximo tu tiempo en la Costa Azul y disfruta este tour privado de la riviera francesa con chofer\/gu\u00eda privado \u2705\" \/>\n<meta property=\"og:url\" content=\"https:\/\/tourtravelandmore.com\/es\/tours\/francia\/cannes-es\/tour-privado-riviera-francesa-desde-cannes-chofer-guia-privado\/\" \/>\n<meta property=\"og:site_name\" content=\"Tour Travel And More\" \/>\n<meta property=\"article:publisher\" content=\"https:\/\/www.facebook.com\/tourtravelandmore\/\" \/>\n<meta property=\"article:modified_time\" content=\"2022-07-15T08:08:06+00:00\" \/>\n<meta property=\"og:image\" content=\"https:\/\/tourtravelandmore.com\/wp-content\/uploads\/2018\/03\/monaco.jpg\" \/>\n\t<meta property=\"og:image:width\" content=\"1000\" \/>\n\t<meta property=\"og:image:height\" content=\"667\" \/>\n\t<meta property=\"og:image:type\" content=\"image\/jpeg\" \/>\n<meta name=\"twitter:card\" content=\"summary_large_image\" \/>\n<meta name=\"twitter:site\" content=\"@TourTravel_More\" \/>\n<meta name=\"twitter:label1\" content=\"Tiempo de lectura\" \/>\n\t<meta name=\"twitter:data1\" content=\"2 minutos\" \/>\n<script type=\"application\/ld+json\" class=\"yoast-schema-graph\">{\"@context\":\"https:\/\/schema.org\",\"@graph\":[{\"@type\":\"WebPage\",\"@id\":\"https:\/\/tourtravelandmore.com\/es\/tours\/francia\/cannes-es\/tour-privado-riviera-francesa-desde-cannes-chofer-guia-privado\/\",\"url\":\"https:\/\/tourtravelandmore.com\/es\/tours\/francia\/cannes-es\/tour-privado-riviera-francesa-desde-cannes-chofer-guia-privado\/\",\"name\":\"\u27a1\ufe0f Tour Privado de la Riviera Francesa con chofer\/gu\u00eda privado | TTM\",\"isPartOf\":{\"@id\":\"https:\/\/tourtravelandmore.com\/es\/#website\"},\"primaryImageOfPage\":{\"@id\":\"https:\/\/tourtravelandmore.com\/es\/tours\/francia\/cannes-es\/tour-privado-riviera-francesa-desde-cannes-chofer-guia-privado\/#primaryimage\"},\"image\":{\"@id\":\"https:\/\/tourtravelandmore.com\/es\/tours\/francia\/cannes-es\/tour-privado-riviera-francesa-desde-cannes-chofer-guia-privado\/#primaryimage\"},\"thumbnailUrl\":\"https:\/\/tourtravelandmore.com\/wp-content\/uploads\/2018\/03\/monaco.jpg\",\"datePublished\":\"2018-03-07T14:31:01+00:00\",\"dateModified\":\"2022-07-15T08:08:06+00:00\",\"description\":\"Aprovecha al m\u00e1ximo tu tiempo en la Costa Azul y disfruta este tour privado de la riviera francesa con chofer\/gu\u00eda privado \u2705\",\"breadcrumb\":{\"@id\":\"https:\/\/tourtravelandmore.com\/es\/tours\/francia\/cannes-es\/tour-privado-riviera-francesa-desde-cannes-chofer-guia-privado\/#breadcrumb\"},\"inLanguage\":\"es\",\"potentialAction\":[{\"@type\":\"ReadAction\",\"target\":[\"https:\/\/tourtravelandmore.com\/es\/tours\/francia\/cannes-es\/tour-privado-riviera-francesa-desde-cannes-chofer-guia-privado\/\"]}]},{\"@type\":\"ImageObject\",\"inLanguage\":\"es\",\"@id\":\"https:\/\/tourtravelandmore.com\/es\/tours\/francia\/cannes-es\/tour-privado-riviera-francesa-desde-cannes-chofer-guia-privado\/#primaryimage\",\"url\":\"https:\/\/tourtravelandmore.com\/wp-content\/uploads\/2018\/03\/monaco.jpg\",\"contentUrl\":\"https:\/\/tourtravelandmore.com\/wp-content\/uploads\/2018\/03\/monaco.jpg\",\"width\":1000,\"height\":667},{\"@type\":\"BreadcrumbList\",\"@id\":\"https:\/\/tourtravelandmore.com\/es\/tours\/francia\/cannes-es\/tour-privado-riviera-francesa-desde-cannes-chofer-guia-privado\/#breadcrumb\",\"itemListElement\":[{\"@type\":\"ListItem\",\"position\":1,\"name\":\"Home\",\"item\":\"https:\/\/tourtravelandmore.com\/es\/\"},{\"@type\":\"ListItem\",\"position\":2,\"name\":\"Tours\",\"item\":\"https:\/\/tourtravelandmore.com\/es\/tours\/\"},{\"@type\":\"ListItem\",\"position\":3,\"name\":\"Tour Privado de la Riviera Francesa con chofer\/gu\u00eda privado\"}]},{\"@type\":\"WebSite\",\"@id\":\"https:\/\/tourtravelandmore.com\/es\/#website\",\"url\":\"https:\/\/tourtravelandmore.com\/es\/\",\"name\":\"Tour Travel And More\",\"description\":\"Private sightseeing tours and luxury transfers in Spain\",\"publisher\":{\"@id\":\"https:\/\/tourtravelandmore.com\/es\/#organization\"},\"potentialAction\":[{\"@type\":\"SearchAction\",\"target\":{\"@type\":\"EntryPoint\",\"urlTemplate\":\"https:\/\/tourtravelandmore.com\/es\/?s={search_term_string}\"},\"query-input\":{\"@type\":\"PropertyValueSpecification\",\"valueRequired\":true,\"valueName\":\"search_term_string\"}}],\"inLanguage\":\"es\"},{\"@type\":\"Organization\",\"@id\":\"https:\/\/tourtravelandmore.com\/es\/#organization\",\"name\":\"Tour Travel And More\",\"url\":\"https:\/\/tourtravelandmore.com\/es\/\",\"logo\":{\"@type\":\"ImageObject\",\"inLanguage\":\"es\",\"@id\":\"https:\/\/tourtravelandmore.com\/es\/#\/schema\/logo\/image\/\",\"url\":\"https:\/\/tourtravelandmore.com\/wp-content\/uploads\/2022\/12\/cropped-logo-cabecera-new.png\",\"contentUrl\":\"https:\/\/tourtravelandmore.com\/wp-content\/uploads\/2022\/12\/cropped-logo-cabecera-new.png\",\"width\":430,\"height\":61,\"caption\":\"Tour Travel And More\"},\"image\":{\"@id\":\"https:\/\/tourtravelandmore.com\/es\/#\/schema\/logo\/image\/\"},\"sameAs\":[\"https:\/\/www.facebook.com\/tourtravelandmore\/\",\"https:\/\/x.com\/TourTravel_More\"]}]}<\/script>\n<!-- \/ Yoast SEO Premium plugin. -->","yoast_head_json":{"title":"\u27a1\ufe0f Tour Privado de la Riviera Francesa con chofer\/gu\u00eda privado | TTM","description":"Aprovecha al m\u00e1ximo tu tiempo en la Costa Azul y disfruta este tour privado de la riviera francesa con chofer\/gu\u00eda privado \u2705","robots":{"index":"index","follow":"follow","max-snippet":"max-snippet:-1","max-image-preview":"max-image-preview:large","max-video-preview":"max-video-preview:-1"},"canonical":"https:\/\/tourtravelandmore.com\/es\/tours\/francia\/cannes-es\/tour-privado-riviera-francesa-desde-cannes-chofer-guia-privado\/","og_locale":"es_ES","og_type":"article","og_title":"Tour Privado de la Riviera Francesa con chofer\/gu\u00eda privado","og_description":"Aprovecha al m\u00e1ximo tu tiempo en la Costa Azul y disfruta este tour privado de la riviera francesa con chofer\/gu\u00eda privado \u2705","og_url":"https:\/\/tourtravelandmore.com\/es\/tours\/francia\/cannes-es\/tour-privado-riviera-francesa-desde-cannes-chofer-guia-privado\/","og_site_name":"Tour Travel And More","article_publisher":"https:\/\/www.facebook.com\/tourtravelandmore\/","article_modified_time":"2022-07-15T08:08:06+00:00","og_image":[{"width":1000,"height":667,"url":"https:\/\/tourtravelandmore.com\/wp-content\/uploads\/2018\/03\/monaco.jpg","type":"image\/jpeg"}],"twitter_card":"summary_large_image","twitter_site":"@TourTravel_More","twitter_misc":{"Tiempo de lectura":"2 minutos"},"schema":{"@context":"https:\/\/schema.org","@graph":[{"@type":"WebPage","@id":"https:\/\/tourtravelandmore.com\/es\/tours\/francia\/cannes-es\/tour-privado-riviera-francesa-desde-cannes-chofer-guia-privado\/","url":"https:\/\/tourtravelandmore.com\/es\/tours\/francia\/cannes-es\/tour-privado-riviera-francesa-desde-cannes-chofer-guia-privado\/","name":"\u27a1\ufe0f Tour Privado de la Riviera Francesa con chofer\/gu\u00eda privado | TTM","isPartOf":{"@id":"https:\/\/tourtravelandmore.com\/es\/#website"},"primaryImageOfPage":{"@id":"https:\/\/tourtravelandmore.com\/es\/tours\/francia\/cannes-es\/tour-privado-riviera-francesa-desde-cannes-chofer-guia-privado\/#primaryimage"},"image":{"@id":"https:\/\/tourtravelandmore.com\/es\/tours\/francia\/cannes-es\/tour-privado-riviera-francesa-desde-cannes-chofer-guia-privado\/#primaryimage"},"thumbnailUrl":"https:\/\/tourtravelandmore.com\/wp-content\/uploads\/2018\/03\/monaco.jpg","datePublished":"2018-03-07T14:31:01+00:00","dateModified":"2022-07-15T08:08:06+00:00","description":"Aprovecha al m\u00e1ximo tu tiempo en la Costa Azul y disfruta este tour privado de la riviera francesa con chofer\/gu\u00eda privado \u2705","breadcrumb":{"@id":"https:\/\/tourtravelandmore.com\/es\/tours\/francia\/cannes-es\/tour-privado-riviera-francesa-desde-cannes-chofer-guia-privado\/#breadcrumb"},"inLanguage":"es","potentialAction":[{"@type":"ReadAction","target":["https:\/\/tourtravelandmore.com\/es\/tours\/francia\/cannes-es\/tour-privado-riviera-francesa-desde-cannes-chofer-guia-privado\/"]}]},{"@type":"ImageObject","inLanguage":"es","@id":"https:\/\/tourtravelandmore.com\/es\/tours\/francia\/cannes-es\/tour-privado-riviera-francesa-desde-cannes-chofer-guia-privado\/#primaryimage","url":"https:\/\/tourtravelandmore.com\/wp-content\/uploads\/2018\/03\/monaco.jpg","contentUrl":"https:\/\/tourtravelandmore.com\/wp-content\/uploads\/2018\/03\/monaco.jpg","width":1000,"height":667},{"@type":"BreadcrumbList","@id":"https:\/\/tourtravelandmore.com\/es\/tours\/francia\/cannes-es\/tour-privado-riviera-francesa-desde-cannes-chofer-guia-privado\/#breadcrumb","itemListElement":[{"@type":"ListItem","position":1,"name":"Home","item":"https:\/\/tourtravelandmore.com\/es\/"},{"@type":"ListItem","position":2,"name":"Tours","item":"https:\/\/tourtravelandmore.com\/es\/tours\/"},{"@type":"ListItem","position":3,"name":"Tour Privado de la Riviera Francesa con chofer\/gu\u00eda privado"}]},{"@type":"WebSite","@id":"https:\/\/tourtravelandmore.com\/es\/#website","url":"https:\/\/tourtravelandmore.com\/es\/","name":"Tour Travel And More","description":"Private sightseeing tours and luxury transfers in Spain","publisher":{"@id":"https:\/\/tourtravelandmore.com\/es\/#organization"},"potentialAction":[{"@type":"SearchAction","target":{"@type":"EntryPoint","urlTemplate":"https:\/\/tourtravelandmore.com\/es\/?s={search_term_string}"},"query-input":{"@type":"PropertyValueSpecification","valueRequired":true,"valueName":"search_term_string"}}],"inLanguage":"es"},{"@type":"Organization","@id":"https:\/\/tourtravelandmore.com\/es\/#organization","name":"Tour Travel And More","url":"https:\/\/tourtravelandmore.com\/es\/","logo":{"@type":"ImageObject","inLanguage":"es","@id":"https:\/\/tourtravelandmore.com\/es\/#\/schema\/logo\/image\/","url":"https:\/\/tourtravelandmore.com\/wp-content\/uploads\/2022\/12\/cropped-logo-cabecera-new.png","contentUrl":"https:\/\/tourtravelandmore.com\/wp-content\/uploads\/2022\/12\/cropped-logo-cabecera-new.png","width":430,"height":61,"caption":"Tour Travel And More"},"image":{"@id":"https:\/\/tourtravelandmore.com\/es\/#\/schema\/logo\/image\/"},"sameAs":["https:\/\/www.facebook.com\/tourtravelandmore\/","https:\/\/x.com\/TourTravel_More"]}]}},"_links":{"self":[{"href":"https:\/\/tourtravelandmore.com\/es\/wp-json\/wp\/v2\/product\/18869","targetHints":{"allow":["GET"]}}],"collection":[{"href":"https:\/\/tourtravelandmore.com\/es\/wp-json\/wp\/v2\/product"}],"about":[{"href":"https:\/\/tourtravelandmore.com\/es\/wp-json\/wp\/v2\/types\/product"}],"replies":[{"embeddable":true,"href":"https:\/\/tourtravelandmore.com\/es\/wp-json\/wp\/v2\/comments?post=18869"}],"wp:featuredmedia":[{"embeddable":true,"href":"https:\/\/tourtravelandmore.com\/es\/wp-json\/wp\/v2\/media\/18875"}],"wp:attachment":[{"href":"https:\/\/tourtravelandmore.com\/es\/wp-json\/wp\/v2\/media?parent=18869"}],"wp:term":[{"taxonomy":"product_brand","embeddable":true,"href":"https:\/\/tourtravelandmore.com\/es\/wp-json\/wp\/v2\/product_brand?post=18869"},{"taxonomy":"product_cat","embeddable":true,"href":"https:\/\/tourtravelandmore.com\/es\/wp-json\/wp\/v2\/product_cat?post=18869"},{"taxonomy":"product_tag","embeddable":true,"href":"https:\/\/tourtravelandmore.com\/es\/wp-json\/wp\/v2\/product_tag?post=18869"}],"curies":[{"name":"wp","href":"https:\/\/api.w.org\/{rel}","templated":true}]}}