{"id":188614,"date":"2026-01-30T19:06:49","date_gmt":"2026-01-30T18:06:50","guid":{"rendered":"https:\/\/tourtravelandmore.com\/?post_type=product&#038;p=188614"},"modified":"2026-02-03T16:12:26","modified_gmt":"2026-02-03T15:12:26","slug":"tour-privado-de-medio-dia-por-pekin-copy","status":"publish","type":"product","link":"https:\/\/tourtravelandmore.com\/es\/tours\/china-es\/pekin\/todos-los-tours-privados\/tour-privado-de-medio-dia-por-pekin-copy\/","title":{"rendered":"Tour privado a la ciudad de Pek\u00edn"},"content":{"rendered":"<h2>Descripci\u00f3n | Tour privado a la ciudad de Pek\u00edn<\/h2>\n<p>La <b>visita privada a la ciudad de Pek\u00edn <\/b>ofrece una introducci\u00f3n de un d\u00eda completo a una de las capitales con m\u00e1s historia del mundo. Su conductor y gu\u00eda privados le recoger\u00e1n en su hotel, lo que le permitir\u00e1 explorar la ciudad con comodidad y a su propio ritmo. Esta experiencia combina el patrimonio imperial, los barrios tradicionales y la vida urbana moderna en un itinerario muy equilibrado.<\/p>\n<p>Comenzar\u00e1 en la plaza de Tiananmen, un inmenso espacio p\u00fablico que ha marcado la historia moderna de China. <b>Adem\u00e1s<\/b>, su gu\u00eda le explicar\u00e1 su importancia mientras contempla el monumental entorno. A continuaci\u00f3n, continuar\u00e1 hacia las zonas tradicionales de Hutong, donde las estrechas callejuelas revelan la vida cotidiana, las casas con patio y las costumbres ancestrales. <b>Adem\u00e1s<\/b>, al recorrer la avenida Chang&#8217;an, podr\u00e1 hacerse una idea de la magnitud de la ciudad y de su dise\u00f1o ceremonial.<\/p>\n<p>A medida que avanza el d\u00eda, <b>Pek\u00edn <\/b>revela sus m\u00faltiples facetas. La zona del Parque Ol\u00edmpico presenta una arquitectura contempor\u00e1nea y amplios espacios abiertos, lo que ofrece un claro contraste con el n\u00facleo hist\u00f3rico. Tambi\u00e9n disfrutar\u00e1 de las vistas exteriores de los principales monumentos de la \u00e9poca imperial, mientras aprende c\u00f3mo influyeron en la estructura de la ciudad. A lo largo del recorrido, su gu\u00eda adaptar\u00e1 las historias y las paradas a sus intereses, creando una experiencia personal y atractiva. Esta combinaci\u00f3n de historia, perspectiva y escenas cotidianas le permitir\u00e1 comprender <b>Pek\u00edn <\/b>m\u00e1s all\u00e1 de su superficie.<\/p>\n<h2>Puntos destacados | Tour privado a la ciudad de Pek\u00edn<\/h2>\n<ul>\n<li><b>Plaza de Tiananmen:<\/b> Una de las plazas m\u00e1s grandes del mundo con un profundo significado hist\u00f3rico.<\/li>\n<li><b>Barrios Hutong:<\/b> Callejuelas tradicionales que muestran la aut\u00e9ntica vida local.<\/li>\n<li><b>Avenida Chang&#8217;an:<\/b> Bulevar emblem\u00e1tico que une los principales lugares pol\u00edticos y culturales.<\/li>\n<li><b>Olympic Green (exterior):<\/b> Distrito moderno con un llamativo dise\u00f1o contempor\u00e1neo.<\/li>\n<li><b>Vistas hist\u00f3ricas de la ciudad:<\/b> Perspectivas panor\u00e1micas que destacan la vasta extensi\u00f3n de <b>Pek\u00edn<\/b>.<\/li>\n<li><b>Distritos urbanos:<\/b> Una mezcla de zonas antiguas y nuevas que reflejan la evoluci\u00f3n de la ciudad.<\/li>\n<\/ul>\n<p>Explore la esencia de la capital a trav\u00e9s de sus calles y espacios abiertos. El tour ofrece una introducci\u00f3n equilibrada y profunda, dise\u00f1ada para la comodidad y el descubrimiento. Elija el Tour privado por Pek\u00edn y conecte con <b>Pek\u00edn <\/b>junto a un gu\u00eda local experto.<\/p>\n<p>\ud83d\udc49 Obtenga m\u00e1s informaci\u00f3n sobre <a href=\"https:\/\/www.tourismthailand.org\/\">Pek\u00edn <\/a>y explore nuestros <a href=\"https:\/\/tourtravelandmore.com\/bangkok\/\">tours privados en Pek\u00edn<\/a>.<\/p>\n","protected":false},"excerpt":{"rendered":"<p>La <b>visita privada a la ciudad de Pek\u00edn <\/b>ofrece una introducci\u00f3n de un d\u00eda completo a una de las capitales con m\u00e1s historia del mundo. Su conductor y gu\u00eda privados le recoger\u00e1n en su hotel, lo que le permitir\u00e1 explorar la ciudad con comodidad y a su propio ritmo. Esta experiencia combina el patrimonio imperial, los barrios tradicionales y la vida urbana moderna en un itinerario muy equilibrado.<\/p>\n","protected":false},"featured_media":188587,"comment_status":"open","ping_status":"closed","template":"","meta":{"_acf_changed":false},"product_brand":[],"product_cat":[5604,5668,5672],"product_tag":[],"class_list":{"0":"post-188614","1":"product","2":"type-product","3":"status-publish","4":"has-post-thumbnail","6":"product_cat-china-es","7":"product_cat-pekin","8":"product_cat-todos-los-tours-privados","10":"first","11":"instock","12":"shipping-taxable","13":"purchasable","14":"product-type-simple"},"acf":[],"yoast_head":"<!-- This site is optimized with the Yoast SEO Premium plugin v25.3.1 (Yoast SEO v25.3.1) - https:\/\/yoast.com\/wordpress\/plugins\/seo\/ -->\n<title>\u27a1\ufe0fTour privado a la ciudad de Pek\u00edn | TT&amp;M<\/title>\n<meta name=\"description\" content=\"Tour privado a la ciudad de Pek\u00edn. Explore sus calles con este tour privado de d\u00eda completo con gu\u00eda y veh\u00edculo privado\u2705\" \/>\n<meta name=\"robots\" content=\"index, follow, max-snippet:-1, max-image-preview:large, max-video-preview:-1\" \/>\n<link rel=\"canonical\" href=\"https:\/\/tourtravelandmore.com\/es\/tours\/china-es\/pekin\/todos-los-tours-privados\/tour-privado-de-medio-dia-por-pekin-copy\/\" \/>\n<meta property=\"og:locale\" content=\"es_ES\" \/>\n<meta property=\"og:type\" content=\"article\" \/>\n<meta property=\"og:title\" content=\"Tour privado a la ciudad de Pek\u00edn\" \/>\n<meta property=\"og:description\" content=\"Tour privado a la ciudad de Pek\u00edn. Explore sus calles con este tour privado de d\u00eda completo con gu\u00eda y veh\u00edculo privado\u2705\" \/>\n<meta property=\"og:url\" content=\"https:\/\/tourtravelandmore.com\/es\/tours\/china-es\/pekin\/todos-los-tours-privados\/tour-privado-de-medio-dia-por-pekin-copy\/\" \/>\n<meta property=\"og:site_name\" content=\"Tour Travel And More\" \/>\n<meta property=\"article:publisher\" content=\"https:\/\/www.facebook.com\/tourtravelandmore\/\" \/>\n<meta property=\"article:modified_time\" content=\"2026-02-03T15:12:26+00:00\" \/>\n<meta property=\"og:image\" content=\"https:\/\/tourtravelandmore.com\/wp-content\/uploads\/2026\/01\/pexels-yan-zhang-210144339-30324329.jpg\" \/>\n\t<meta property=\"og:image:width\" content=\"1279\" \/>\n\t<meta property=\"og:image:height\" content=\"853\" \/>\n\t<meta property=\"og:image:type\" content=\"image\/jpeg\" \/>\n<meta name=\"twitter:card\" content=\"summary_large_image\" \/>\n<meta name=\"twitter:site\" content=\"@TourTravel_More\" \/>\n<meta name=\"twitter:label1\" content=\"Tiempo de lectura\" \/>\n\t<meta name=\"twitter:data1\" content=\"2 minutos\" \/>\n<script type=\"application\/ld+json\" class=\"yoast-schema-graph\">{\"@context\":\"https:\/\/schema.org\",\"@graph\":[{\"@type\":\"WebPage\",\"@id\":\"https:\/\/tourtravelandmore.com\/es\/tours\/china-es\/pekin\/todos-los-tours-privados\/tour-privado-de-medio-dia-por-pekin-copy\/\",\"url\":\"https:\/\/tourtravelandmore.com\/es\/tours\/china-es\/pekin\/todos-los-tours-privados\/tour-privado-de-medio-dia-por-pekin-copy\/\",\"name\":\"\u27a1\ufe0fTour privado a la ciudad de Pek\u00edn | TT&M\",\"isPartOf\":{\"@id\":\"https:\/\/tourtravelandmore.com\/es\/#website\"},\"primaryImageOfPage\":{\"@id\":\"https:\/\/tourtravelandmore.com\/es\/tours\/china-es\/pekin\/todos-los-tours-privados\/tour-privado-de-medio-dia-por-pekin-copy\/#primaryimage\"},\"image\":{\"@id\":\"https:\/\/tourtravelandmore.com\/es\/tours\/china-es\/pekin\/todos-los-tours-privados\/tour-privado-de-medio-dia-por-pekin-copy\/#primaryimage\"},\"thumbnailUrl\":\"https:\/\/tourtravelandmore.com\/wp-content\/uploads\/2026\/01\/pexels-yan-zhang-210144339-30324329.jpg\",\"datePublished\":\"2026-01-30T18:06:50+00:00\",\"dateModified\":\"2026-02-03T15:12:26+00:00\",\"description\":\"Tour privado a la ciudad de Pek\u00edn. Explore sus calles con este tour privado de d\u00eda completo con gu\u00eda y veh\u00edculo privado\u2705\",\"breadcrumb\":{\"@id\":\"https:\/\/tourtravelandmore.com\/es\/tours\/china-es\/pekin\/todos-los-tours-privados\/tour-privado-de-medio-dia-por-pekin-copy\/#breadcrumb\"},\"inLanguage\":\"es\",\"potentialAction\":[{\"@type\":\"ReadAction\",\"target\":[\"https:\/\/tourtravelandmore.com\/es\/tours\/china-es\/pekin\/todos-los-tours-privados\/tour-privado-de-medio-dia-por-pekin-copy\/\"]}]},{\"@type\":\"ImageObject\",\"inLanguage\":\"es\",\"@id\":\"https:\/\/tourtravelandmore.com\/es\/tours\/china-es\/pekin\/todos-los-tours-privados\/tour-privado-de-medio-dia-por-pekin-copy\/#primaryimage\",\"url\":\"https:\/\/tourtravelandmore.com\/wp-content\/uploads\/2026\/01\/pexels-yan-zhang-210144339-30324329.jpg\",\"contentUrl\":\"https:\/\/tourtravelandmore.com\/wp-content\/uploads\/2026\/01\/pexels-yan-zhang-210144339-30324329.jpg\",\"width\":1279,\"height\":853},{\"@type\":\"BreadcrumbList\",\"@id\":\"https:\/\/tourtravelandmore.com\/es\/tours\/china-es\/pekin\/todos-los-tours-privados\/tour-privado-de-medio-dia-por-pekin-copy\/#breadcrumb\",\"itemListElement\":[{\"@type\":\"ListItem\",\"position\":1,\"name\":\"Home\",\"item\":\"https:\/\/tourtravelandmore.com\/es\/\"},{\"@type\":\"ListItem\",\"position\":2,\"name\":\"Tours\",\"item\":\"https:\/\/tourtravelandmore.com\/es\/tours\/\"},{\"@type\":\"ListItem\",\"position\":3,\"name\":\"Tour privado a la ciudad de Pek\u00edn\"}]},{\"@type\":\"WebSite\",\"@id\":\"https:\/\/tourtravelandmore.com\/es\/#website\",\"url\":\"https:\/\/tourtravelandmore.com\/es\/\",\"name\":\"Tour Travel And More\",\"description\":\"Private sightseeing tours and luxury transfers in Spain\",\"publisher\":{\"@id\":\"https:\/\/tourtravelandmore.com\/es\/#organization\"},\"potentialAction\":[{\"@type\":\"SearchAction\",\"target\":{\"@type\":\"EntryPoint\",\"urlTemplate\":\"https:\/\/tourtravelandmore.com\/es\/?s={search_term_string}\"},\"query-input\":{\"@type\":\"PropertyValueSpecification\",\"valueRequired\":true,\"valueName\":\"search_term_string\"}}],\"inLanguage\":\"es\"},{\"@type\":\"Organization\",\"@id\":\"https:\/\/tourtravelandmore.com\/es\/#organization\",\"name\":\"Tour Travel And More\",\"url\":\"https:\/\/tourtravelandmore.com\/es\/\",\"logo\":{\"@type\":\"ImageObject\",\"inLanguage\":\"es\",\"@id\":\"https:\/\/tourtravelandmore.com\/es\/#\/schema\/logo\/image\/\",\"url\":\"https:\/\/tourtravelandmore.com\/wp-content\/uploads\/2022\/12\/cropped-logo-cabecera-new.png\",\"contentUrl\":\"https:\/\/tourtravelandmore.com\/wp-content\/uploads\/2022\/12\/cropped-logo-cabecera-new.png\",\"width\":430,\"height\":61,\"caption\":\"Tour Travel And More\"},\"image\":{\"@id\":\"https:\/\/tourtravelandmore.com\/es\/#\/schema\/logo\/image\/\"},\"sameAs\":[\"https:\/\/www.facebook.com\/tourtravelandmore\/\",\"https:\/\/x.com\/TourTravel_More\"]}]}<\/script>\n<!-- \/ Yoast SEO Premium plugin. -->","yoast_head_json":{"title":"\u27a1\ufe0fTour privado a la ciudad de Pek\u00edn | TT&M","description":"Tour privado a la ciudad de Pek\u00edn. Explore sus calles con este tour privado de d\u00eda completo con gu\u00eda y veh\u00edculo privado\u2705","robots":{"index":"index","follow":"follow","max-snippet":"max-snippet:-1","max-image-preview":"max-image-preview:large","max-video-preview":"max-video-preview:-1"},"canonical":"https:\/\/tourtravelandmore.com\/es\/tours\/china-es\/pekin\/todos-los-tours-privados\/tour-privado-de-medio-dia-por-pekin-copy\/","og_locale":"es_ES","og_type":"article","og_title":"Tour privado a la ciudad de Pek\u00edn","og_description":"Tour privado a la ciudad de Pek\u00edn. Explore sus calles con este tour privado de d\u00eda completo con gu\u00eda y veh\u00edculo privado\u2705","og_url":"https:\/\/tourtravelandmore.com\/es\/tours\/china-es\/pekin\/todos-los-tours-privados\/tour-privado-de-medio-dia-por-pekin-copy\/","og_site_name":"Tour Travel And More","article_publisher":"https:\/\/www.facebook.com\/tourtravelandmore\/","article_modified_time":"2026-02-03T15:12:26+00:00","og_image":[{"width":1279,"height":853,"url":"https:\/\/tourtravelandmore.com\/wp-content\/uploads\/2026\/01\/pexels-yan-zhang-210144339-30324329.jpg","type":"image\/jpeg"}],"twitter_card":"summary_large_image","twitter_site":"@TourTravel_More","twitter_misc":{"Tiempo de lectura":"2 minutos"},"schema":{"@context":"https:\/\/schema.org","@graph":[{"@type":"WebPage","@id":"https:\/\/tourtravelandmore.com\/es\/tours\/china-es\/pekin\/todos-los-tours-privados\/tour-privado-de-medio-dia-por-pekin-copy\/","url":"https:\/\/tourtravelandmore.com\/es\/tours\/china-es\/pekin\/todos-los-tours-privados\/tour-privado-de-medio-dia-por-pekin-copy\/","name":"\u27a1\ufe0fTour privado a la ciudad de Pek\u00edn | TT&M","isPartOf":{"@id":"https:\/\/tourtravelandmore.com\/es\/#website"},"primaryImageOfPage":{"@id":"https:\/\/tourtravelandmore.com\/es\/tours\/china-es\/pekin\/todos-los-tours-privados\/tour-privado-de-medio-dia-por-pekin-copy\/#primaryimage"},"image":{"@id":"https:\/\/tourtravelandmore.com\/es\/tours\/china-es\/pekin\/todos-los-tours-privados\/tour-privado-de-medio-dia-por-pekin-copy\/#primaryimage"},"thumbnailUrl":"https:\/\/tourtravelandmore.com\/wp-content\/uploads\/2026\/01\/pexels-yan-zhang-210144339-30324329.jpg","datePublished":"2026-01-30T18:06:50+00:00","dateModified":"2026-02-03T15:12:26+00:00","description":"Tour privado a la ciudad de Pek\u00edn. Explore sus calles con este tour privado de d\u00eda completo con gu\u00eda y veh\u00edculo privado\u2705","breadcrumb":{"@id":"https:\/\/tourtravelandmore.com\/es\/tours\/china-es\/pekin\/todos-los-tours-privados\/tour-privado-de-medio-dia-por-pekin-copy\/#breadcrumb"},"inLanguage":"es","potentialAction":[{"@type":"ReadAction","target":["https:\/\/tourtravelandmore.com\/es\/tours\/china-es\/pekin\/todos-los-tours-privados\/tour-privado-de-medio-dia-por-pekin-copy\/"]}]},{"@type":"ImageObject","inLanguage":"es","@id":"https:\/\/tourtravelandmore.com\/es\/tours\/china-es\/pekin\/todos-los-tours-privados\/tour-privado-de-medio-dia-por-pekin-copy\/#primaryimage","url":"https:\/\/tourtravelandmore.com\/wp-content\/uploads\/2026\/01\/pexels-yan-zhang-210144339-30324329.jpg","contentUrl":"https:\/\/tourtravelandmore.com\/wp-content\/uploads\/2026\/01\/pexels-yan-zhang-210144339-30324329.jpg","width":1279,"height":853},{"@type":"BreadcrumbList","@id":"https:\/\/tourtravelandmore.com\/es\/tours\/china-es\/pekin\/todos-los-tours-privados\/tour-privado-de-medio-dia-por-pekin-copy\/#breadcrumb","itemListElement":[{"@type":"ListItem","position":1,"name":"Home","item":"https:\/\/tourtravelandmore.com\/es\/"},{"@type":"ListItem","position":2,"name":"Tours","item":"https:\/\/tourtravelandmore.com\/es\/tours\/"},{"@type":"ListItem","position":3,"name":"Tour privado a la ciudad de Pek\u00edn"}]},{"@type":"WebSite","@id":"https:\/\/tourtravelandmore.com\/es\/#website","url":"https:\/\/tourtravelandmore.com\/es\/","name":"Tour Travel And More","description":"Private sightseeing tours and luxury transfers in Spain","publisher":{"@id":"https:\/\/tourtravelandmore.com\/es\/#organization"},"potentialAction":[{"@type":"SearchAction","target":{"@type":"EntryPoint","urlTemplate":"https:\/\/tourtravelandmore.com\/es\/?s={search_term_string}"},"query-input":{"@type":"PropertyValueSpecification","valueRequired":true,"valueName":"search_term_string"}}],"inLanguage":"es"},{"@type":"Organization","@id":"https:\/\/tourtravelandmore.com\/es\/#organization","name":"Tour Travel And More","url":"https:\/\/tourtravelandmore.com\/es\/","logo":{"@type":"ImageObject","inLanguage":"es","@id":"https:\/\/tourtravelandmore.com\/es\/#\/schema\/logo\/image\/","url":"https:\/\/tourtravelandmore.com\/wp-content\/uploads\/2022\/12\/cropped-logo-cabecera-new.png","contentUrl":"https:\/\/tourtravelandmore.com\/wp-content\/uploads\/2022\/12\/cropped-logo-cabecera-new.png","width":430,"height":61,"caption":"Tour Travel And More"},"image":{"@id":"https:\/\/tourtravelandmore.com\/es\/#\/schema\/logo\/image\/"},"sameAs":["https:\/\/www.facebook.com\/tourtravelandmore\/","https:\/\/x.com\/TourTravel_More"]}]}},"_links":{"self":[{"href":"https:\/\/tourtravelandmore.com\/es\/wp-json\/wp\/v2\/product\/188614","targetHints":{"allow":["GET"]}}],"collection":[{"href":"https:\/\/tourtravelandmore.com\/es\/wp-json\/wp\/v2\/product"}],"about":[{"href":"https:\/\/tourtravelandmore.com\/es\/wp-json\/wp\/v2\/types\/product"}],"replies":[{"embeddable":true,"href":"https:\/\/tourtravelandmore.com\/es\/wp-json\/wp\/v2\/comments?post=188614"}],"wp:featuredmedia":[{"embeddable":true,"href":"https:\/\/tourtravelandmore.com\/es\/wp-json\/wp\/v2\/media\/188587"}],"wp:attachment":[{"href":"https:\/\/tourtravelandmore.com\/es\/wp-json\/wp\/v2\/media?parent=188614"}],"wp:term":[{"taxonomy":"product_brand","embeddable":true,"href":"https:\/\/tourtravelandmore.com\/es\/wp-json\/wp\/v2\/product_brand?post=188614"},{"taxonomy":"product_cat","embeddable":true,"href":"https:\/\/tourtravelandmore.com\/es\/wp-json\/wp\/v2\/product_cat?post=188614"},{"taxonomy":"product_tag","embeddable":true,"href":"https:\/\/tourtravelandmore.com\/es\/wp-json\/wp\/v2\/product_tag?post=188614"}],"curies":[{"name":"wp","href":"https:\/\/api.w.org\/{rel}","templated":true}]}}