{"id":18848,"date":"2018-03-07T15:10:04","date_gmt":"2018-03-07T14:10:07","guid":{"rendered":"http:\/\/tourtravelandmore.com\/es\/tours\/cannes-es\/tour-privado-de-riviera-francesa-medieval-con-chofer-guia-privado\/"},"modified":"2022-07-15T10:26:23","modified_gmt":"2022-07-15T08:26:23","slug":"tour-privado-pueblos-medievales","status":"publish","type":"product","link":"https:\/\/tourtravelandmore.com\/es\/tours\/francia\/cannes-es\/tour-privado-pueblos-medievales\/","title":{"rendered":"Tour Privado a Pueblos Medievales de Riviera Francesa con chofer\/gu\u00eda privado"},"content":{"rendered":"<h2><strong>Descripci\u00f3n del Tour Privado a Pueblos Medievales de Riviera Francesa\u00a0<\/strong><\/h2>\n<p>Disfrute esta maravillosa oportunidad de explorar los <strong>pueblos medievales de la riviera francesa <\/strong>en un <strong>tour privado<\/strong> con un chofer\/gu\u00eda privado. Descubra los pueblos m\u00e1s bonitos de la regi\u00f3n durante este tour privado desde Cannes.<br \/>\nEl horario de comienzo del tour y el horario de recogida son absolutamente adaptables a su deseo personal. Podemos coordinar recogida desde su hotel, apartamento, puerto o sitio deseado en la Riviera francesa.<\/p>\n<p>El itinerario del tour es tambi\u00e9n ajustable a su deseo personal. Nuestro equipo de expertos est\u00e1 a su disposici\u00f3n para ayudarle a coordinar una experiencia a medida. Aqu\u00ed os dejamos un ejemplo de itinerario para que puedan descubrir los pueblos medievales de la Riviera francesa.<\/p>\n<h2><strong>Puntos de inter\u00e9s en el Tour Privado a Pueblos Medievales de Riviera Francesa<\/strong><\/h2>\n<p>Su chofer\/gu\u00eda privado os recoger\u00e1 en su hotel o sitio deseado para comenzar su tour privado desde Cannes. Su primer parada ser\u00e1 <strong>Cagnes Sur Mer<\/strong>, tambi\u00e9n llamado Haut de Cagnes. All\u00ed se encuentran el museo Grimaldi y la iglesia St Pierre. Podr\u00e1n por supuesto ver el castillo de Haut De Cagnes, donde se albergan diversos museos. A continuaci\u00f3n subir\u00e1n por la ruta hacia el pueblo de <strong>Saint Paul de Vence<\/strong>, el cual fue levantado a espaldas del mar para protegerse de los ataques de los sarracenos. Aqu\u00ed se alberga uno de los museos de arte moderno m\u00e1s reconocidos del mundo, <a href=\"https:\/\/www.fondation-maeght.com\/en\/\" rel=\"nofollow\">Fundaci\u00f3n Maeght<\/a>. El tour continuar\u00e1 en lo alto de la riviera francesa, dirigi\u00e9ndose al Oeste hacia <strong>Grasse<\/strong>. Este pueblo es reconocido por su industria perfumera. All\u00ed podr\u00e1n visitar la f\u00e1brica de la perfumer\u00eda Fragonard. Y por \u00faltimo, continuar\u00e1n subiendo hasta <strong>Gourdon<\/strong>. Ubicado en la cima de la monta\u00f1a, desde all\u00ed se obtienen magn\u00edficas vistas panor\u00e1micas. Si lo desean podr\u00e1n visitar las cascadas de Gorges du Loup, vecinas a este fant\u00e1stico pueblo medieval.<\/p>\n<p>Su chofer\/gu\u00eda privado estar\u00e1 a su entera disposici\u00f3n durante todo el tour. Por supuesto tendr\u00e1n tiempo libre para almorzar en la regi\u00f3n.<br \/>\n<strong>Nuestra propuesta de tour tiene una duraci\u00f3n de 8 horas, pero es adaptable a su deseo personal.<\/strong><\/p>\n","protected":false},"excerpt":{"rendered":"<p>Disfruta de este\u00a0<strong>tour privado<\/strong>\u00a0y personalizable en la zona de\u00a0<strong>pueblos medievales de la riviera francesa<\/strong>. Visita <strong>Cagnes Sur Mer<\/strong>, la peque\u00f1a aldea de\u00a0<strong>Saint Paul de Vence<\/strong>, <strong>Grasse<\/strong>, conocida por su industria de perfumes y\u00a0<strong>Gourdon<\/strong>, un pueblo antiguo que se encuentra en lo alto de una monta\u00f1a ofreciendo maravillosas vistas panor\u00e1micas. Disfruta la oportunidad de conocer y explorar esta maravillosa regi\u00f3n junto a un gu\u00eda local, experto en la regi\u00f3n.<\/p>\n","protected":false},"featured_media":18862,"comment_status":"open","ping_status":"closed","template":"","meta":{"_acf_changed":false},"product_brand":[],"product_cat":[473,564,474,565,566],"product_tag":[],"class_list":{"0":"post-18848","1":"product","2":"type-product","3":"status-publish","4":"has-post-thumbnail","6":"product_cat-cannes-es","7":"product_cat-cannes-actividades-es","8":"product_cat-cannes-rutas-turisticas-privadas-es","9":"product_cat-cannes-excursiones-privadas-es","10":"product_cat-cannes-excursiones-privadas-cruceros-es","12":"first","13":"instock","14":"shipping-taxable","15":"purchasable","16":"product-type-simple"},"acf":[],"yoast_head":"<!-- This site is optimized with the Yoast SEO Premium plugin v25.3.1 (Yoast SEO v25.3.1) - https:\/\/yoast.com\/wordpress\/plugins\/seo\/ -->\n<title>Tour privado desde Cannes a pueblo medievales con chofer\/gu\u00eda privado | TTM<\/title>\n<meta name=\"description\" content=\"Aprovecha al m\u00e1ximo tu tiempo en la Costa Azul y disfruta este tour privado desde Cannes con chofer\/gu\u00eda. Visita los pueblos de la Francia medieval \u2705\" \/>\n<meta name=\"robots\" content=\"index, follow, max-snippet:-1, max-image-preview:large, max-video-preview:-1\" \/>\n<link rel=\"canonical\" href=\"https:\/\/tourtravelandmore.com\/es\/tours\/francia\/cannes-es\/tour-privado-pueblos-medievales\/\" \/>\n<meta property=\"og:locale\" content=\"es_ES\" \/>\n<meta property=\"og:type\" content=\"article\" \/>\n<meta property=\"og:title\" content=\"Tour Privado a Pueblos Medievales de Riviera Francesa con chofer\/gu\u00eda privado\" \/>\n<meta property=\"og:description\" content=\"Aprovecha al m\u00e1ximo tu tiempo en la Costa Azul y disfruta este tour privado desde Cannes con chofer\/gu\u00eda. Visita los pueblos de la Francia medieval \u2705\" \/>\n<meta property=\"og:url\" content=\"https:\/\/tourtravelandmore.com\/es\/tours\/francia\/cannes-es\/tour-privado-pueblos-medievales\/\" \/>\n<meta property=\"og:site_name\" content=\"Tour Travel And More\" \/>\n<meta property=\"article:publisher\" content=\"https:\/\/www.facebook.com\/tourtravelandmore\/\" \/>\n<meta property=\"article:modified_time\" content=\"2022-07-15T08:26:23+00:00\" \/>\n<meta property=\"og:image\" content=\"https:\/\/tourtravelandmore.com\/wp-content\/uploads\/2018\/03\/grasse.jpg\" \/>\n\t<meta property=\"og:image:width\" content=\"500\" \/>\n\t<meta property=\"og:image:height\" content=\"375\" \/>\n\t<meta property=\"og:image:type\" content=\"image\/jpeg\" \/>\n<meta name=\"twitter:card\" content=\"summary_large_image\" \/>\n<meta name=\"twitter:site\" content=\"@TourTravel_More\" \/>\n<meta name=\"twitter:label1\" content=\"Tiempo de lectura\" \/>\n\t<meta name=\"twitter:data1\" content=\"2 minutos\" \/>\n<script type=\"application\/ld+json\" class=\"yoast-schema-graph\">{\"@context\":\"https:\/\/schema.org\",\"@graph\":[{\"@type\":\"WebPage\",\"@id\":\"https:\/\/tourtravelandmore.com\/es\/tours\/francia\/cannes-es\/tour-privado-pueblos-medievales\/\",\"url\":\"https:\/\/tourtravelandmore.com\/es\/tours\/francia\/cannes-es\/tour-privado-pueblos-medievales\/\",\"name\":\"Tour privado desde Cannes a pueblo medievales con chofer\/gu\u00eda privado | TTM\",\"isPartOf\":{\"@id\":\"https:\/\/tourtravelandmore.com\/es\/#website\"},\"primaryImageOfPage\":{\"@id\":\"https:\/\/tourtravelandmore.com\/es\/tours\/francia\/cannes-es\/tour-privado-pueblos-medievales\/#primaryimage\"},\"image\":{\"@id\":\"https:\/\/tourtravelandmore.com\/es\/tours\/francia\/cannes-es\/tour-privado-pueblos-medievales\/#primaryimage\"},\"thumbnailUrl\":\"https:\/\/tourtravelandmore.com\/wp-content\/uploads\/2018\/03\/grasse.jpg\",\"datePublished\":\"2018-03-07T14:10:07+00:00\",\"dateModified\":\"2022-07-15T08:26:23+00:00\",\"description\":\"Aprovecha al m\u00e1ximo tu tiempo en la Costa Azul y disfruta este tour privado desde Cannes con chofer\/gu\u00eda. Visita los pueblos de la Francia medieval \u2705\",\"breadcrumb\":{\"@id\":\"https:\/\/tourtravelandmore.com\/es\/tours\/francia\/cannes-es\/tour-privado-pueblos-medievales\/#breadcrumb\"},\"inLanguage\":\"es\",\"potentialAction\":[{\"@type\":\"ReadAction\",\"target\":[\"https:\/\/tourtravelandmore.com\/es\/tours\/francia\/cannes-es\/tour-privado-pueblos-medievales\/\"]}]},{\"@type\":\"ImageObject\",\"inLanguage\":\"es\",\"@id\":\"https:\/\/tourtravelandmore.com\/es\/tours\/francia\/cannes-es\/tour-privado-pueblos-medievales\/#primaryimage\",\"url\":\"https:\/\/tourtravelandmore.com\/wp-content\/uploads\/2018\/03\/grasse.jpg\",\"contentUrl\":\"https:\/\/tourtravelandmore.com\/wp-content\/uploads\/2018\/03\/grasse.jpg\",\"width\":500,\"height\":375},{\"@type\":\"BreadcrumbList\",\"@id\":\"https:\/\/tourtravelandmore.com\/es\/tours\/francia\/cannes-es\/tour-privado-pueblos-medievales\/#breadcrumb\",\"itemListElement\":[{\"@type\":\"ListItem\",\"position\":1,\"name\":\"Home\",\"item\":\"https:\/\/tourtravelandmore.com\/es\/\"},{\"@type\":\"ListItem\",\"position\":2,\"name\":\"Tours\",\"item\":\"https:\/\/tourtravelandmore.com\/es\/tours\/\"},{\"@type\":\"ListItem\",\"position\":3,\"name\":\"Tour Privado a Pueblos Medievales de Riviera Francesa con chofer\/gu\u00eda privado\"}]},{\"@type\":\"WebSite\",\"@id\":\"https:\/\/tourtravelandmore.com\/es\/#website\",\"url\":\"https:\/\/tourtravelandmore.com\/es\/\",\"name\":\"Tour Travel And More\",\"description\":\"Private sightseeing tours and luxury transfers in Spain\",\"publisher\":{\"@id\":\"https:\/\/tourtravelandmore.com\/es\/#organization\"},\"potentialAction\":[{\"@type\":\"SearchAction\",\"target\":{\"@type\":\"EntryPoint\",\"urlTemplate\":\"https:\/\/tourtravelandmore.com\/es\/?s={search_term_string}\"},\"query-input\":{\"@type\":\"PropertyValueSpecification\",\"valueRequired\":true,\"valueName\":\"search_term_string\"}}],\"inLanguage\":\"es\"},{\"@type\":\"Organization\",\"@id\":\"https:\/\/tourtravelandmore.com\/es\/#organization\",\"name\":\"Tour Travel And More\",\"url\":\"https:\/\/tourtravelandmore.com\/es\/\",\"logo\":{\"@type\":\"ImageObject\",\"inLanguage\":\"es\",\"@id\":\"https:\/\/tourtravelandmore.com\/es\/#\/schema\/logo\/image\/\",\"url\":\"https:\/\/tourtravelandmore.com\/wp-content\/uploads\/2022\/12\/cropped-logo-cabecera-new.png\",\"contentUrl\":\"https:\/\/tourtravelandmore.com\/wp-content\/uploads\/2022\/12\/cropped-logo-cabecera-new.png\",\"width\":430,\"height\":61,\"caption\":\"Tour Travel And More\"},\"image\":{\"@id\":\"https:\/\/tourtravelandmore.com\/es\/#\/schema\/logo\/image\/\"},\"sameAs\":[\"https:\/\/www.facebook.com\/tourtravelandmore\/\",\"https:\/\/x.com\/TourTravel_More\"]}]}<\/script>\n<!-- \/ Yoast SEO Premium plugin. -->","yoast_head_json":{"title":"Tour privado desde Cannes a pueblo medievales con chofer\/gu\u00eda privado | TTM","description":"Aprovecha al m\u00e1ximo tu tiempo en la Costa Azul y disfruta este tour privado desde Cannes con chofer\/gu\u00eda. Visita los pueblos de la Francia medieval \u2705","robots":{"index":"index","follow":"follow","max-snippet":"max-snippet:-1","max-image-preview":"max-image-preview:large","max-video-preview":"max-video-preview:-1"},"canonical":"https:\/\/tourtravelandmore.com\/es\/tours\/francia\/cannes-es\/tour-privado-pueblos-medievales\/","og_locale":"es_ES","og_type":"article","og_title":"Tour Privado a Pueblos Medievales de Riviera Francesa con chofer\/gu\u00eda privado","og_description":"Aprovecha al m\u00e1ximo tu tiempo en la Costa Azul y disfruta este tour privado desde Cannes con chofer\/gu\u00eda. Visita los pueblos de la Francia medieval \u2705","og_url":"https:\/\/tourtravelandmore.com\/es\/tours\/francia\/cannes-es\/tour-privado-pueblos-medievales\/","og_site_name":"Tour Travel And More","article_publisher":"https:\/\/www.facebook.com\/tourtravelandmore\/","article_modified_time":"2022-07-15T08:26:23+00:00","og_image":[{"width":500,"height":375,"url":"https:\/\/tourtravelandmore.com\/wp-content\/uploads\/2018\/03\/grasse.jpg","type":"image\/jpeg"}],"twitter_card":"summary_large_image","twitter_site":"@TourTravel_More","twitter_misc":{"Tiempo de lectura":"2 minutos"},"schema":{"@context":"https:\/\/schema.org","@graph":[{"@type":"WebPage","@id":"https:\/\/tourtravelandmore.com\/es\/tours\/francia\/cannes-es\/tour-privado-pueblos-medievales\/","url":"https:\/\/tourtravelandmore.com\/es\/tours\/francia\/cannes-es\/tour-privado-pueblos-medievales\/","name":"Tour privado desde Cannes a pueblo medievales con chofer\/gu\u00eda privado | TTM","isPartOf":{"@id":"https:\/\/tourtravelandmore.com\/es\/#website"},"primaryImageOfPage":{"@id":"https:\/\/tourtravelandmore.com\/es\/tours\/francia\/cannes-es\/tour-privado-pueblos-medievales\/#primaryimage"},"image":{"@id":"https:\/\/tourtravelandmore.com\/es\/tours\/francia\/cannes-es\/tour-privado-pueblos-medievales\/#primaryimage"},"thumbnailUrl":"https:\/\/tourtravelandmore.com\/wp-content\/uploads\/2018\/03\/grasse.jpg","datePublished":"2018-03-07T14:10:07+00:00","dateModified":"2022-07-15T08:26:23+00:00","description":"Aprovecha al m\u00e1ximo tu tiempo en la Costa Azul y disfruta este tour privado desde Cannes con chofer\/gu\u00eda. Visita los pueblos de la Francia medieval \u2705","breadcrumb":{"@id":"https:\/\/tourtravelandmore.com\/es\/tours\/francia\/cannes-es\/tour-privado-pueblos-medievales\/#breadcrumb"},"inLanguage":"es","potentialAction":[{"@type":"ReadAction","target":["https:\/\/tourtravelandmore.com\/es\/tours\/francia\/cannes-es\/tour-privado-pueblos-medievales\/"]}]},{"@type":"ImageObject","inLanguage":"es","@id":"https:\/\/tourtravelandmore.com\/es\/tours\/francia\/cannes-es\/tour-privado-pueblos-medievales\/#primaryimage","url":"https:\/\/tourtravelandmore.com\/wp-content\/uploads\/2018\/03\/grasse.jpg","contentUrl":"https:\/\/tourtravelandmore.com\/wp-content\/uploads\/2018\/03\/grasse.jpg","width":500,"height":375},{"@type":"BreadcrumbList","@id":"https:\/\/tourtravelandmore.com\/es\/tours\/francia\/cannes-es\/tour-privado-pueblos-medievales\/#breadcrumb","itemListElement":[{"@type":"ListItem","position":1,"name":"Home","item":"https:\/\/tourtravelandmore.com\/es\/"},{"@type":"ListItem","position":2,"name":"Tours","item":"https:\/\/tourtravelandmore.com\/es\/tours\/"},{"@type":"ListItem","position":3,"name":"Tour Privado a Pueblos Medievales de Riviera Francesa con chofer\/gu\u00eda privado"}]},{"@type":"WebSite","@id":"https:\/\/tourtravelandmore.com\/es\/#website","url":"https:\/\/tourtravelandmore.com\/es\/","name":"Tour Travel And More","description":"Private sightseeing tours and luxury transfers in Spain","publisher":{"@id":"https:\/\/tourtravelandmore.com\/es\/#organization"},"potentialAction":[{"@type":"SearchAction","target":{"@type":"EntryPoint","urlTemplate":"https:\/\/tourtravelandmore.com\/es\/?s={search_term_string}"},"query-input":{"@type":"PropertyValueSpecification","valueRequired":true,"valueName":"search_term_string"}}],"inLanguage":"es"},{"@type":"Organization","@id":"https:\/\/tourtravelandmore.com\/es\/#organization","name":"Tour Travel And More","url":"https:\/\/tourtravelandmore.com\/es\/","logo":{"@type":"ImageObject","inLanguage":"es","@id":"https:\/\/tourtravelandmore.com\/es\/#\/schema\/logo\/image\/","url":"https:\/\/tourtravelandmore.com\/wp-content\/uploads\/2022\/12\/cropped-logo-cabecera-new.png","contentUrl":"https:\/\/tourtravelandmore.com\/wp-content\/uploads\/2022\/12\/cropped-logo-cabecera-new.png","width":430,"height":61,"caption":"Tour Travel And More"},"image":{"@id":"https:\/\/tourtravelandmore.com\/es\/#\/schema\/logo\/image\/"},"sameAs":["https:\/\/www.facebook.com\/tourtravelandmore\/","https:\/\/x.com\/TourTravel_More"]}]}},"_links":{"self":[{"href":"https:\/\/tourtravelandmore.com\/es\/wp-json\/wp\/v2\/product\/18848","targetHints":{"allow":["GET"]}}],"collection":[{"href":"https:\/\/tourtravelandmore.com\/es\/wp-json\/wp\/v2\/product"}],"about":[{"href":"https:\/\/tourtravelandmore.com\/es\/wp-json\/wp\/v2\/types\/product"}],"replies":[{"embeddable":true,"href":"https:\/\/tourtravelandmore.com\/es\/wp-json\/wp\/v2\/comments?post=18848"}],"wp:featuredmedia":[{"embeddable":true,"href":"https:\/\/tourtravelandmore.com\/es\/wp-json\/wp\/v2\/media\/18862"}],"wp:attachment":[{"href":"https:\/\/tourtravelandmore.com\/es\/wp-json\/wp\/v2\/media?parent=18848"}],"wp:term":[{"taxonomy":"product_brand","embeddable":true,"href":"https:\/\/tourtravelandmore.com\/es\/wp-json\/wp\/v2\/product_brand?post=18848"},{"taxonomy":"product_cat","embeddable":true,"href":"https:\/\/tourtravelandmore.com\/es\/wp-json\/wp\/v2\/product_cat?post=18848"},{"taxonomy":"product_tag","embeddable":true,"href":"https:\/\/tourtravelandmore.com\/es\/wp-json\/wp\/v2\/product_tag?post=18848"}],"curies":[{"name":"wp","href":"https:\/\/api.w.org\/{rel}","templated":true}]}}