{"id":18833,"date":"2018-03-07T14:50:52","date_gmt":"2018-03-07T13:50:54","guid":{"rendered":"http:\/\/tourtravelandmore.com\/es\/tours\/cannes-es\/tour-privado-de-monaco-y-eze-desde-cannes-con-chofer-guia-privado\/"},"modified":"2022-07-15T10:28:17","modified_gmt":"2022-07-15T08:28:17","slug":"tour-privado-niza-desde-cannes","status":"publish","type":"product","link":"https:\/\/tourtravelandmore.com\/es\/tours\/francia\/cannes-es\/tour-privado-niza-desde-cannes\/","title":{"rendered":"Tour Privado a Niza con chofer\/gu\u00eda privado"},"content":{"rendered":"<h2><strong>Descripci\u00f3n del Tour Privado a Niza\u00a0<\/strong><\/h2>\n<p>Aproveche esta oportunidad de conocer <strong>Niza<\/strong>\u00a0y el\u00a0<strong>Cabo\u00a0Ferrat<\/strong> durante un tour privado a Niza desde Cannes en <strong>coche privado, con un chofer\/gu\u00eda\u00a0<\/strong>experto.<br \/>\nSu chofer\/gu\u00eda le recoger\u00e1 a su horario deseado en su sitio deseado. Es posible coordinar recogida desde su sitio deseado en Cannes, M\u00f3naco, Niza, los puertos de la regi\u00f3n y alrededores.<\/p>\n<p>La excursi\u00f3n es absolutamente personalizable y ajustable a su deseo personal. Puede adaptar vuestro tour contactando con nosotros. Aqu\u00ed os dejamos un ejemplo de itinerario, el tour se puede personalizar de acuerdo a sus intereses personales.<\/p>\n<h2><strong>Puntos de inter\u00e9s con el Tour Privado a Niza\u00a0<\/strong><\/h2>\n<p>Su gu\u00eda privado le recoger\u00e1 a su horario y punto deseado para comenzar su tour privado a Niza desde Cannes. A continuaci\u00f3n ir\u00e1n hacia Niza, una vez all\u00ed visitar\u00e1n los sitios m\u00e1s importantes de la ciudad. Algunos de los sitios que visitar\u00e1n son la ciudad vieja, la catedral de San Nicol\u00e1s (iglesia ortodoxa rusa que fue declarado como monumento nacional de Francia), la <strong>promenade des anglais<\/strong> y les ponchettes, entre otros sitios.<br \/>\nSi es usted un amante del arte y desear visitar museos, como el <a href=\"http:\/\/www.musee-matisse-nice.org\/\">Matisse<\/a> o el Chagall, por favor h\u00e1ganoslo saber para coordinar una visita guiada y entradas.<\/p>\n<p>A continuaci\u00f3n visitar\u00e1n el <strong>monte Bor\u00f3n<\/strong>, desde all\u00ed podr\u00e1n disfrutar una vista privilegiada de la bah\u00eda de Villefranche. Luego ir\u00e1n hacia <strong>Cap Ferrat<\/strong>, all\u00ed se encuentra la Villa y jardines de la baronesa Ephrussi de Rothschild. Esta maravillosa edificaci\u00f3n fue construida entre los a\u00f1os 1905 y 1912.<\/p>\n<p>Su chofer\/gu\u00eda privado estar\u00e1 a su entera disposici\u00f3n durante su tour. El itinerario final es ajustable a su deseo personal. P\u00f3ngase en contacto con nosotros, nuestro equipo de expertos le ayudar\u00e1 a coordinar un itinerario de acuerdo a sus necesidades.<br \/>\n<strong>Nuestra propuesta tiene una duraci\u00f3n de 4 horas, desde recogida hasta drop off. Pero no dude en contactarnos si desea un tour de mayor duraci\u00f3n.<\/strong><\/p>\n","protected":false},"excerpt":{"rendered":"<p>Disfruta de este\u00a0<strong>tour privado<\/strong> y personalizable y visita <strong>Niza desde Cannes<\/strong>. Visitar\u00e1s la capital de la riviera francesa junto a un chofer\/gu\u00eda local, experto conocedor de la regi\u00f3n.<\/p>\n","protected":false},"featured_media":83402,"comment_status":"open","ping_status":"closed","template":"","meta":{"_acf_changed":false},"product_brand":[],"product_cat":[473,564,474,565,566],"product_tag":[],"class_list":{"0":"post-18833","1":"product","2":"type-product","3":"status-publish","4":"has-post-thumbnail","6":"product_cat-cannes-es","7":"product_cat-cannes-actividades-es","8":"product_cat-cannes-rutas-turisticas-privadas-es","9":"product_cat-cannes-excursiones-privadas-es","10":"product_cat-cannes-excursiones-privadas-cruceros-es","12":"first","13":"instock","14":"shipping-taxable","15":"purchasable","16":"product-type-simple"},"acf":[],"yoast_head":"<!-- This site is optimized with the Yoast SEO Premium plugin v25.3.1 (Yoast SEO v25.3.1) - https:\/\/yoast.com\/wordpress\/plugins\/seo\/ -->\n<title>\u27a1\ufe0f Tour Privado a Niza desde Cannes con chofer\/gu\u00eda privado | TTM<\/title>\n<meta name=\"description\" content=\"Aprovecha al m\u00e1ximo tu tiempo en la Costa Azul y disfruta este tour privado a Niza desde Cannes con chofer\/gu\u00eda privado. Explora la ciudad junto a su gu\u00eda \u2705\" \/>\n<meta name=\"robots\" content=\"index, follow, max-snippet:-1, max-image-preview:large, max-video-preview:-1\" \/>\n<link rel=\"canonical\" href=\"https:\/\/tourtravelandmore.com\/es\/tours\/francia\/cannes-es\/tour-privado-niza-desde-cannes\/\" \/>\n<meta property=\"og:locale\" content=\"es_ES\" \/>\n<meta property=\"og:type\" content=\"article\" \/>\n<meta property=\"og:title\" content=\"Tour Privado a Niza con chofer\/gu\u00eda privado\" \/>\n<meta property=\"og:description\" content=\"Aprovecha al m\u00e1ximo tu tiempo en la Costa Azul y disfruta este tour privado a Niza desde Cannes con chofer\/gu\u00eda privado. Explora la ciudad junto a su gu\u00eda \u2705\" \/>\n<meta property=\"og:url\" content=\"https:\/\/tourtravelandmore.com\/es\/tours\/francia\/cannes-es\/tour-privado-niza-desde-cannes\/\" \/>\n<meta property=\"og:site_name\" content=\"Tour Travel And More\" \/>\n<meta property=\"article:publisher\" content=\"https:\/\/www.facebook.com\/tourtravelandmore\/\" \/>\n<meta property=\"article:modified_time\" content=\"2022-07-15T08:28:17+00:00\" \/>\n<meta property=\"og:image\" content=\"https:\/\/tourtravelandmore.com\/wp-content\/uploads\/2017\/05\/Nice-bay-min.jpg\" \/>\n\t<meta property=\"og:image:width\" content=\"1280\" \/>\n\t<meta property=\"og:image:height\" content=\"853\" \/>\n\t<meta property=\"og:image:type\" content=\"image\/jpeg\" \/>\n<meta name=\"twitter:card\" content=\"summary_large_image\" \/>\n<meta name=\"twitter:site\" content=\"@TourTravel_More\" \/>\n<meta name=\"twitter:label1\" content=\"Tiempo de lectura\" \/>\n\t<meta name=\"twitter:data1\" content=\"2 minutos\" \/>\n<script type=\"application\/ld+json\" class=\"yoast-schema-graph\">{\"@context\":\"https:\/\/schema.org\",\"@graph\":[{\"@type\":\"WebPage\",\"@id\":\"https:\/\/tourtravelandmore.com\/es\/tours\/francia\/cannes-es\/tour-privado-niza-desde-cannes\/\",\"url\":\"https:\/\/tourtravelandmore.com\/es\/tours\/francia\/cannes-es\/tour-privado-niza-desde-cannes\/\",\"name\":\"\u27a1\ufe0f Tour Privado a Niza desde Cannes con chofer\/gu\u00eda privado | TTM\",\"isPartOf\":{\"@id\":\"https:\/\/tourtravelandmore.com\/es\/#website\"},\"primaryImageOfPage\":{\"@id\":\"https:\/\/tourtravelandmore.com\/es\/tours\/francia\/cannes-es\/tour-privado-niza-desde-cannes\/#primaryimage\"},\"image\":{\"@id\":\"https:\/\/tourtravelandmore.com\/es\/tours\/francia\/cannes-es\/tour-privado-niza-desde-cannes\/#primaryimage\"},\"thumbnailUrl\":\"https:\/\/tourtravelandmore.com\/wp-content\/uploads\/2017\/05\/Nice-bay-min.jpg\",\"datePublished\":\"2018-03-07T13:50:54+00:00\",\"dateModified\":\"2022-07-15T08:28:17+00:00\",\"description\":\"Aprovecha al m\u00e1ximo tu tiempo en la Costa Azul y disfruta este tour privado a Niza desde Cannes con chofer\/gu\u00eda privado. Explora la ciudad junto a su gu\u00eda \u2705\",\"breadcrumb\":{\"@id\":\"https:\/\/tourtravelandmore.com\/es\/tours\/francia\/cannes-es\/tour-privado-niza-desde-cannes\/#breadcrumb\"},\"inLanguage\":\"es\",\"potentialAction\":[{\"@type\":\"ReadAction\",\"target\":[\"https:\/\/tourtravelandmore.com\/es\/tours\/francia\/cannes-es\/tour-privado-niza-desde-cannes\/\"]}]},{\"@type\":\"ImageObject\",\"inLanguage\":\"es\",\"@id\":\"https:\/\/tourtravelandmore.com\/es\/tours\/francia\/cannes-es\/tour-privado-niza-desde-cannes\/#primaryimage\",\"url\":\"https:\/\/tourtravelandmore.com\/wp-content\/uploads\/2017\/05\/Nice-bay-min.jpg\",\"contentUrl\":\"https:\/\/tourtravelandmore.com\/wp-content\/uploads\/2017\/05\/Nice-bay-min.jpg\",\"width\":1280,\"height\":853,\"caption\":\"Nice bay\"},{\"@type\":\"BreadcrumbList\",\"@id\":\"https:\/\/tourtravelandmore.com\/es\/tours\/francia\/cannes-es\/tour-privado-niza-desde-cannes\/#breadcrumb\",\"itemListElement\":[{\"@type\":\"ListItem\",\"position\":1,\"name\":\"Home\",\"item\":\"https:\/\/tourtravelandmore.com\/es\/\"},{\"@type\":\"ListItem\",\"position\":2,\"name\":\"Tours\",\"item\":\"https:\/\/tourtravelandmore.com\/es\/tours\/\"},{\"@type\":\"ListItem\",\"position\":3,\"name\":\"Tour Privado a Niza con chofer\/gu\u00eda privado\"}]},{\"@type\":\"WebSite\",\"@id\":\"https:\/\/tourtravelandmore.com\/es\/#website\",\"url\":\"https:\/\/tourtravelandmore.com\/es\/\",\"name\":\"Tour Travel And More\",\"description\":\"Private sightseeing tours and luxury transfers in Spain\",\"publisher\":{\"@id\":\"https:\/\/tourtravelandmore.com\/es\/#organization\"},\"potentialAction\":[{\"@type\":\"SearchAction\",\"target\":{\"@type\":\"EntryPoint\",\"urlTemplate\":\"https:\/\/tourtravelandmore.com\/es\/?s={search_term_string}\"},\"query-input\":{\"@type\":\"PropertyValueSpecification\",\"valueRequired\":true,\"valueName\":\"search_term_string\"}}],\"inLanguage\":\"es\"},{\"@type\":\"Organization\",\"@id\":\"https:\/\/tourtravelandmore.com\/es\/#organization\",\"name\":\"Tour Travel And More\",\"url\":\"https:\/\/tourtravelandmore.com\/es\/\",\"logo\":{\"@type\":\"ImageObject\",\"inLanguage\":\"es\",\"@id\":\"https:\/\/tourtravelandmore.com\/es\/#\/schema\/logo\/image\/\",\"url\":\"https:\/\/tourtravelandmore.com\/wp-content\/uploads\/2022\/12\/cropped-logo-cabecera-new.png\",\"contentUrl\":\"https:\/\/tourtravelandmore.com\/wp-content\/uploads\/2022\/12\/cropped-logo-cabecera-new.png\",\"width\":430,\"height\":61,\"caption\":\"Tour Travel And More\"},\"image\":{\"@id\":\"https:\/\/tourtravelandmore.com\/es\/#\/schema\/logo\/image\/\"},\"sameAs\":[\"https:\/\/www.facebook.com\/tourtravelandmore\/\",\"https:\/\/x.com\/TourTravel_More\"]}]}<\/script>\n<!-- \/ Yoast SEO Premium plugin. -->","yoast_head_json":{"title":"\u27a1\ufe0f Tour Privado a Niza desde Cannes con chofer\/gu\u00eda privado | TTM","description":"Aprovecha al m\u00e1ximo tu tiempo en la Costa Azul y disfruta este tour privado a Niza desde Cannes con chofer\/gu\u00eda privado. Explora la ciudad junto a su gu\u00eda \u2705","robots":{"index":"index","follow":"follow","max-snippet":"max-snippet:-1","max-image-preview":"max-image-preview:large","max-video-preview":"max-video-preview:-1"},"canonical":"https:\/\/tourtravelandmore.com\/es\/tours\/francia\/cannes-es\/tour-privado-niza-desde-cannes\/","og_locale":"es_ES","og_type":"article","og_title":"Tour Privado a Niza con chofer\/gu\u00eda privado","og_description":"Aprovecha al m\u00e1ximo tu tiempo en la Costa Azul y disfruta este tour privado a Niza desde Cannes con chofer\/gu\u00eda privado. Explora la ciudad junto a su gu\u00eda \u2705","og_url":"https:\/\/tourtravelandmore.com\/es\/tours\/francia\/cannes-es\/tour-privado-niza-desde-cannes\/","og_site_name":"Tour Travel And More","article_publisher":"https:\/\/www.facebook.com\/tourtravelandmore\/","article_modified_time":"2022-07-15T08:28:17+00:00","og_image":[{"width":1280,"height":853,"url":"https:\/\/tourtravelandmore.com\/wp-content\/uploads\/2017\/05\/Nice-bay-min.jpg","type":"image\/jpeg"}],"twitter_card":"summary_large_image","twitter_site":"@TourTravel_More","twitter_misc":{"Tiempo de lectura":"2 minutos"},"schema":{"@context":"https:\/\/schema.org","@graph":[{"@type":"WebPage","@id":"https:\/\/tourtravelandmore.com\/es\/tours\/francia\/cannes-es\/tour-privado-niza-desde-cannes\/","url":"https:\/\/tourtravelandmore.com\/es\/tours\/francia\/cannes-es\/tour-privado-niza-desde-cannes\/","name":"\u27a1\ufe0f Tour Privado a Niza desde Cannes con chofer\/gu\u00eda privado | TTM","isPartOf":{"@id":"https:\/\/tourtravelandmore.com\/es\/#website"},"primaryImageOfPage":{"@id":"https:\/\/tourtravelandmore.com\/es\/tours\/francia\/cannes-es\/tour-privado-niza-desde-cannes\/#primaryimage"},"image":{"@id":"https:\/\/tourtravelandmore.com\/es\/tours\/francia\/cannes-es\/tour-privado-niza-desde-cannes\/#primaryimage"},"thumbnailUrl":"https:\/\/tourtravelandmore.com\/wp-content\/uploads\/2017\/05\/Nice-bay-min.jpg","datePublished":"2018-03-07T13:50:54+00:00","dateModified":"2022-07-15T08:28:17+00:00","description":"Aprovecha al m\u00e1ximo tu tiempo en la Costa Azul y disfruta este tour privado a Niza desde Cannes con chofer\/gu\u00eda privado. Explora la ciudad junto a su gu\u00eda \u2705","breadcrumb":{"@id":"https:\/\/tourtravelandmore.com\/es\/tours\/francia\/cannes-es\/tour-privado-niza-desde-cannes\/#breadcrumb"},"inLanguage":"es","potentialAction":[{"@type":"ReadAction","target":["https:\/\/tourtravelandmore.com\/es\/tours\/francia\/cannes-es\/tour-privado-niza-desde-cannes\/"]}]},{"@type":"ImageObject","inLanguage":"es","@id":"https:\/\/tourtravelandmore.com\/es\/tours\/francia\/cannes-es\/tour-privado-niza-desde-cannes\/#primaryimage","url":"https:\/\/tourtravelandmore.com\/wp-content\/uploads\/2017\/05\/Nice-bay-min.jpg","contentUrl":"https:\/\/tourtravelandmore.com\/wp-content\/uploads\/2017\/05\/Nice-bay-min.jpg","width":1280,"height":853,"caption":"Nice bay"},{"@type":"BreadcrumbList","@id":"https:\/\/tourtravelandmore.com\/es\/tours\/francia\/cannes-es\/tour-privado-niza-desde-cannes\/#breadcrumb","itemListElement":[{"@type":"ListItem","position":1,"name":"Home","item":"https:\/\/tourtravelandmore.com\/es\/"},{"@type":"ListItem","position":2,"name":"Tours","item":"https:\/\/tourtravelandmore.com\/es\/tours\/"},{"@type":"ListItem","position":3,"name":"Tour Privado a Niza con chofer\/gu\u00eda privado"}]},{"@type":"WebSite","@id":"https:\/\/tourtravelandmore.com\/es\/#website","url":"https:\/\/tourtravelandmore.com\/es\/","name":"Tour Travel And More","description":"Private sightseeing tours and luxury transfers in Spain","publisher":{"@id":"https:\/\/tourtravelandmore.com\/es\/#organization"},"potentialAction":[{"@type":"SearchAction","target":{"@type":"EntryPoint","urlTemplate":"https:\/\/tourtravelandmore.com\/es\/?s={search_term_string}"},"query-input":{"@type":"PropertyValueSpecification","valueRequired":true,"valueName":"search_term_string"}}],"inLanguage":"es"},{"@type":"Organization","@id":"https:\/\/tourtravelandmore.com\/es\/#organization","name":"Tour Travel And More","url":"https:\/\/tourtravelandmore.com\/es\/","logo":{"@type":"ImageObject","inLanguage":"es","@id":"https:\/\/tourtravelandmore.com\/es\/#\/schema\/logo\/image\/","url":"https:\/\/tourtravelandmore.com\/wp-content\/uploads\/2022\/12\/cropped-logo-cabecera-new.png","contentUrl":"https:\/\/tourtravelandmore.com\/wp-content\/uploads\/2022\/12\/cropped-logo-cabecera-new.png","width":430,"height":61,"caption":"Tour Travel And More"},"image":{"@id":"https:\/\/tourtravelandmore.com\/es\/#\/schema\/logo\/image\/"},"sameAs":["https:\/\/www.facebook.com\/tourtravelandmore\/","https:\/\/x.com\/TourTravel_More"]}]}},"_links":{"self":[{"href":"https:\/\/tourtravelandmore.com\/es\/wp-json\/wp\/v2\/product\/18833","targetHints":{"allow":["GET"]}}],"collection":[{"href":"https:\/\/tourtravelandmore.com\/es\/wp-json\/wp\/v2\/product"}],"about":[{"href":"https:\/\/tourtravelandmore.com\/es\/wp-json\/wp\/v2\/types\/product"}],"replies":[{"embeddable":true,"href":"https:\/\/tourtravelandmore.com\/es\/wp-json\/wp\/v2\/comments?post=18833"}],"wp:featuredmedia":[{"embeddable":true,"href":"https:\/\/tourtravelandmore.com\/es\/wp-json\/wp\/v2\/media\/83402"}],"wp:attachment":[{"href":"https:\/\/tourtravelandmore.com\/es\/wp-json\/wp\/v2\/media?parent=18833"}],"wp:term":[{"taxonomy":"product_brand","embeddable":true,"href":"https:\/\/tourtravelandmore.com\/es\/wp-json\/wp\/v2\/product_brand?post=18833"},{"taxonomy":"product_cat","embeddable":true,"href":"https:\/\/tourtravelandmore.com\/es\/wp-json\/wp\/v2\/product_cat?post=18833"},{"taxonomy":"product_tag","embeddable":true,"href":"https:\/\/tourtravelandmore.com\/es\/wp-json\/wp\/v2\/product_tag?post=18833"}],"curies":[{"name":"wp","href":"https:\/\/api.w.org\/{rel}","templated":true}]}}