{"id":187946,"date":"2025-12-03T16:12:28","date_gmt":"2025-12-03T15:12:29","guid":{"rendered":"https:\/\/tourtravelandmore.com\/?post_type=product&#038;p=187946"},"modified":"2025-12-04T19:05:00","modified_gmt":"2025-12-04T18:05:00","slug":"tour-privado-de-dia-completo-por-helsinki","status":"publish","type":"product","link":"https:\/\/tourtravelandmore.com\/es\/tours\/finlandia-es\/helsinki-es\/tour-privado-de-dia-completo-por-helsinki\/","title":{"rendered":"Tour privado de d\u00eda completo por Helsinki"},"content":{"rendered":"<h2>Tour privado de d\u00eda completo por Helsinki | Descripci\u00f3n<\/h2>\n<p>El <b>tour privado de d\u00eda completo por Helsinki<\/b> le invita a descubrir una ciudad moldeada por la elegancia n\u00f3rdica, el dise\u00f1o moderno y las relajantes vistas al mar. Su conductor y gu\u00eda privados le recoger\u00e1n en su hotel y comenzar\u00e1 un viaje de d\u00eda completo que combina cultura, espacios abiertos e historias locales. Esta introducci\u00f3n le ayudar\u00e1 a apreciar la frescura del ambiente de Helsinki desde la primera parada.<\/p>\n<p>Explorar\u00e1 barrios emblem\u00e1ticos que destacan tanto la tradici\u00f3n como la innovaci\u00f3n. <b>Adem\u00e1s<\/b>, su gu\u00eda le llevar\u00e1 a trav\u00e9s de la Plaza del Senado, donde la arquitectura neocl\u00e1sica crea un ambiente sereno y acogedor. Continuar\u00e1 hacia la Plaza del Mercado, una animada zona abierta llena de la vida cotidiana finlandesa. <b>Adem\u00e1s<\/b>, la excursi\u00f3n le llevar\u00e1 a encantadores miradores costeros, donde podr\u00e1 disfrutar de la brisa y la luz que caracterizan el paisaje b\u00e1ltico.<\/p>\n<p>A medida que avanza el d\u00eda, Helsinki revela su identidad creativa. El Distrito del Dise\u00f1o muestra un estilo innovador, mientras que el Parque Esplanade ofrece un tranquilo paseo rodeado de vegetaci\u00f3n. Su gu\u00eda adapta la ruta a sus intereses, compartiendo historias que conectan el pasado de la ciudad con su esp\u00edritu contempor\u00e1neo. Esta combinaci\u00f3n de conocimientos culturales y belleza natural hace que la experiencia sea atractiva y equilibrada. El ritmo de la visita le anima a conectar con Helsinki de una manera aut\u00e9ntica.<\/p>\n<h2>Tour privado de d\u00eda completo por Helsinki | Puntos de inter\u00e9s y monumentos<\/h2>\n<p>Durante su tour privado por Helsinki, descubrir\u00e1 algunos de los lugares m\u00e1s reconocidos de la ciudad.<\/p>\n<p>Ser\u00e1 testigo de su singular belleza arquitect\u00f3nica.<\/p>\n<p>Entre los lugares que visitaremos en Helsinki, se encuentran:<\/p>\n<ul>\n<li><b>Plaza del Senado:<\/b> conjunto neocl\u00e1sico con vistas emblem\u00e1ticas de la ciudad y encanto hist\u00f3rico.<\/li>\n<li><b>Catedral de Helsinki (exterior):<\/b> impresionante monumento blanco con vistas a la plaza principal.<\/li>\n<li><b>Plaza del Mercado:<\/b> centro al aire libre con la energ\u00eda del B\u00e1ltico y las tradiciones locales.<\/li>\n<li><b>Parque Esplanade:<\/b> paseo urbano verde ideal para dar un relajante paseo.<\/li>\n<li><b>Distrito del Dise\u00f1o:<\/b> barrio creativo lleno de estilo escandinavo moderno.<\/li>\n<li><b>Paseo mar\u00edtimo de Helsinki:<\/b> zonas costeras pintorescas que ofrecen brisas tranquilas y horizontes abiertos.<\/li>\n<\/ul>\n<p>Todas nuestras visitas privadas se adaptan a sus necesidades espec\u00edficas. En Tour Travel &amp; More, organizamos visitas personalizadas solo para usted. <a href=\"https:\/\/www.deepl.com\/?product_cat=finland\/helsinki-en\">Eche un vistazo a otras visitas privadas que organizamos en Helsinki.<\/a><\/p>\n","protected":false},"excerpt":{"rendered":"<p>Aproveche sus d\u00edas en <strong>Helsinki<\/strong> y disfrute de este <strong>tour privado de 8 horas por la ciudad de Helsinki completamente personalizado<\/strong>. Aproveche esta oportunidad para conocer la ciudad de <strong>Helsinki<\/strong> en esta experiencia con su propio gu\u00eda tur\u00edstico oficial privado. No se pierda monumentos y lugares como: <strong>Senaatintori<\/strong>, el <strong>Estadio Ol\u00edmpico de Helsinki<\/strong>, <strong>Kulttuuritalo<\/strong> y mucho m\u00e1s.<\/p>\n","protected":false},"featured_media":187965,"comment_status":"open","ping_status":"closed","template":"","meta":{"_acf_changed":false},"product_brand":[],"product_cat":[1589,1531,1559,1545],"product_tag":[],"class_list":{"0":"post-187946","1":"product","2":"type-product","3":"status-publish","4":"has-post-thumbnail","6":"product_cat-finlandia-es","7":"product_cat-helsinki-es","8":"product_cat-rovaniemi-actividades-es","9":"product_cat-helsinki-rutas-turisticas-privadas-es","11":"first","12":"instock","13":"shipping-taxable","14":"purchasable","15":"product-type-simple"},"acf":[],"yoast_head":"<!-- This site is optimized with the Yoast SEO Premium plugin v25.3.1 (Yoast SEO v25.3.1) - https:\/\/yoast.com\/wordpress\/plugins\/seo\/ -->\n<title>\u27a1\ufe0f Tour Privado por Helsinki con chofer privado y gu\u00eda oficial loca | Tour Travel &amp; More<\/title>\n<meta name=\"description\" content=\"Tour Privado por Helsinki. Disfrute de esta incre\u00edble ciudad desde la comodidad de un veh\u00edculo y conozca sus monumentos m\u00e1s emblem\u00e1ticos \u2705\" \/>\n<meta name=\"robots\" content=\"index, follow, max-snippet:-1, max-image-preview:large, max-video-preview:-1\" \/>\n<link rel=\"canonical\" href=\"https:\/\/tourtravelandmore.com\/es\/tours\/finlandia-es\/helsinki-es\/tour-privado-de-dia-completo-por-helsinki\/\" \/>\n<meta property=\"og:locale\" content=\"es_ES\" \/>\n<meta property=\"og:type\" content=\"article\" \/>\n<meta property=\"og:title\" content=\"Tour privado de d\u00eda completo por Helsinki\" \/>\n<meta property=\"og:description\" content=\"Tour Privado por Helsinki. Disfrute de esta incre\u00edble ciudad desde la comodidad de un veh\u00edculo y conozca sus monumentos m\u00e1s emblem\u00e1ticos \u2705\" \/>\n<meta property=\"og:url\" content=\"https:\/\/tourtravelandmore.com\/es\/tours\/finlandia-es\/helsinki-es\/tour-privado-de-dia-completo-por-helsinki\/\" \/>\n<meta property=\"og:site_name\" content=\"Tour Travel And More\" \/>\n<meta property=\"article:publisher\" content=\"https:\/\/www.facebook.com\/tourtravelandmore\/\" \/>\n<meta property=\"article:modified_time\" content=\"2025-12-04T18:05:00+00:00\" \/>\n<meta property=\"og:image\" content=\"https:\/\/tourtravelandmore.com\/wp-content\/uploads\/2025\/12\/pexels-tapio-haaja-1214336-2311602.jpg\" \/>\n\t<meta property=\"og:image:width\" content=\"1279\" \/>\n\t<meta property=\"og:image:height\" content=\"853\" \/>\n\t<meta property=\"og:image:type\" content=\"image\/jpeg\" \/>\n<meta name=\"twitter:card\" content=\"summary_large_image\" \/>\n<meta name=\"twitter:site\" content=\"@TourTravel_More\" \/>\n<meta name=\"twitter:label1\" content=\"Tiempo de lectura\" \/>\n\t<meta name=\"twitter:data1\" content=\"2 minutos\" \/>\n<script type=\"application\/ld+json\" class=\"yoast-schema-graph\">{\"@context\":\"https:\/\/schema.org\",\"@graph\":[{\"@type\":\"WebPage\",\"@id\":\"https:\/\/tourtravelandmore.com\/es\/tours\/finlandia-es\/helsinki-es\/tour-privado-de-dia-completo-por-helsinki\/\",\"url\":\"https:\/\/tourtravelandmore.com\/es\/tours\/finlandia-es\/helsinki-es\/tour-privado-de-dia-completo-por-helsinki\/\",\"name\":\"\u27a1\ufe0f Tour Privado por Helsinki con chofer privado y gu\u00eda oficial loca | Tour Travel & More\",\"isPartOf\":{\"@id\":\"https:\/\/tourtravelandmore.com\/es\/#website\"},\"primaryImageOfPage\":{\"@id\":\"https:\/\/tourtravelandmore.com\/es\/tours\/finlandia-es\/helsinki-es\/tour-privado-de-dia-completo-por-helsinki\/#primaryimage\"},\"image\":{\"@id\":\"https:\/\/tourtravelandmore.com\/es\/tours\/finlandia-es\/helsinki-es\/tour-privado-de-dia-completo-por-helsinki\/#primaryimage\"},\"thumbnailUrl\":\"https:\/\/tourtravelandmore.com\/wp-content\/uploads\/2025\/12\/pexels-tapio-haaja-1214336-2311602.jpg\",\"datePublished\":\"2025-12-03T15:12:29+00:00\",\"dateModified\":\"2025-12-04T18:05:00+00:00\",\"description\":\"Tour Privado por Helsinki. Disfrute de esta incre\u00edble ciudad desde la comodidad de un veh\u00edculo y conozca sus monumentos m\u00e1s emblem\u00e1ticos \u2705\",\"breadcrumb\":{\"@id\":\"https:\/\/tourtravelandmore.com\/es\/tours\/finlandia-es\/helsinki-es\/tour-privado-de-dia-completo-por-helsinki\/#breadcrumb\"},\"inLanguage\":\"es\",\"potentialAction\":[{\"@type\":\"ReadAction\",\"target\":[\"https:\/\/tourtravelandmore.com\/es\/tours\/finlandia-es\/helsinki-es\/tour-privado-de-dia-completo-por-helsinki\/\"]}]},{\"@type\":\"ImageObject\",\"inLanguage\":\"es\",\"@id\":\"https:\/\/tourtravelandmore.com\/es\/tours\/finlandia-es\/helsinki-es\/tour-privado-de-dia-completo-por-helsinki\/#primaryimage\",\"url\":\"https:\/\/tourtravelandmore.com\/wp-content\/uploads\/2025\/12\/pexels-tapio-haaja-1214336-2311602.jpg\",\"contentUrl\":\"https:\/\/tourtravelandmore.com\/wp-content\/uploads\/2025\/12\/pexels-tapio-haaja-1214336-2311602.jpg\",\"width\":1279,\"height\":853},{\"@type\":\"BreadcrumbList\",\"@id\":\"https:\/\/tourtravelandmore.com\/es\/tours\/finlandia-es\/helsinki-es\/tour-privado-de-dia-completo-por-helsinki\/#breadcrumb\",\"itemListElement\":[{\"@type\":\"ListItem\",\"position\":1,\"name\":\"Home\",\"item\":\"https:\/\/tourtravelandmore.com\/es\/\"},{\"@type\":\"ListItem\",\"position\":2,\"name\":\"Tours\",\"item\":\"https:\/\/tourtravelandmore.com\/es\/tours\/\"},{\"@type\":\"ListItem\",\"position\":3,\"name\":\"Tour privado de d\u00eda completo por Helsinki\"}]},{\"@type\":\"WebSite\",\"@id\":\"https:\/\/tourtravelandmore.com\/es\/#website\",\"url\":\"https:\/\/tourtravelandmore.com\/es\/\",\"name\":\"Tour Travel And More\",\"description\":\"Private sightseeing tours and luxury transfers in Spain\",\"publisher\":{\"@id\":\"https:\/\/tourtravelandmore.com\/es\/#organization\"},\"potentialAction\":[{\"@type\":\"SearchAction\",\"target\":{\"@type\":\"EntryPoint\",\"urlTemplate\":\"https:\/\/tourtravelandmore.com\/es\/?s={search_term_string}\"},\"query-input\":{\"@type\":\"PropertyValueSpecification\",\"valueRequired\":true,\"valueName\":\"search_term_string\"}}],\"inLanguage\":\"es\"},{\"@type\":\"Organization\",\"@id\":\"https:\/\/tourtravelandmore.com\/es\/#organization\",\"name\":\"Tour Travel And More\",\"url\":\"https:\/\/tourtravelandmore.com\/es\/\",\"logo\":{\"@type\":\"ImageObject\",\"inLanguage\":\"es\",\"@id\":\"https:\/\/tourtravelandmore.com\/es\/#\/schema\/logo\/image\/\",\"url\":\"https:\/\/tourtravelandmore.com\/wp-content\/uploads\/2022\/12\/cropped-logo-cabecera-new.png\",\"contentUrl\":\"https:\/\/tourtravelandmore.com\/wp-content\/uploads\/2022\/12\/cropped-logo-cabecera-new.png\",\"width\":430,\"height\":61,\"caption\":\"Tour Travel And More\"},\"image\":{\"@id\":\"https:\/\/tourtravelandmore.com\/es\/#\/schema\/logo\/image\/\"},\"sameAs\":[\"https:\/\/www.facebook.com\/tourtravelandmore\/\",\"https:\/\/x.com\/TourTravel_More\"]}]}<\/script>\n<!-- \/ Yoast SEO Premium plugin. -->","yoast_head_json":{"title":"\u27a1\ufe0f Tour Privado por Helsinki con chofer privado y gu\u00eda oficial loca | Tour Travel & More","description":"Tour Privado por Helsinki. Disfrute de esta incre\u00edble ciudad desde la comodidad de un veh\u00edculo y conozca sus monumentos m\u00e1s emblem\u00e1ticos \u2705","robots":{"index":"index","follow":"follow","max-snippet":"max-snippet:-1","max-image-preview":"max-image-preview:large","max-video-preview":"max-video-preview:-1"},"canonical":"https:\/\/tourtravelandmore.com\/es\/tours\/finlandia-es\/helsinki-es\/tour-privado-de-dia-completo-por-helsinki\/","og_locale":"es_ES","og_type":"article","og_title":"Tour privado de d\u00eda completo por Helsinki","og_description":"Tour Privado por Helsinki. Disfrute de esta incre\u00edble ciudad desde la comodidad de un veh\u00edculo y conozca sus monumentos m\u00e1s emblem\u00e1ticos \u2705","og_url":"https:\/\/tourtravelandmore.com\/es\/tours\/finlandia-es\/helsinki-es\/tour-privado-de-dia-completo-por-helsinki\/","og_site_name":"Tour Travel And More","article_publisher":"https:\/\/www.facebook.com\/tourtravelandmore\/","article_modified_time":"2025-12-04T18:05:00+00:00","og_image":[{"width":1279,"height":853,"url":"https:\/\/tourtravelandmore.com\/wp-content\/uploads\/2025\/12\/pexels-tapio-haaja-1214336-2311602.jpg","type":"image\/jpeg"}],"twitter_card":"summary_large_image","twitter_site":"@TourTravel_More","twitter_misc":{"Tiempo de lectura":"2 minutos"},"schema":{"@context":"https:\/\/schema.org","@graph":[{"@type":"WebPage","@id":"https:\/\/tourtravelandmore.com\/es\/tours\/finlandia-es\/helsinki-es\/tour-privado-de-dia-completo-por-helsinki\/","url":"https:\/\/tourtravelandmore.com\/es\/tours\/finlandia-es\/helsinki-es\/tour-privado-de-dia-completo-por-helsinki\/","name":"\u27a1\ufe0f Tour Privado por Helsinki con chofer privado y gu\u00eda oficial loca | Tour Travel & More","isPartOf":{"@id":"https:\/\/tourtravelandmore.com\/es\/#website"},"primaryImageOfPage":{"@id":"https:\/\/tourtravelandmore.com\/es\/tours\/finlandia-es\/helsinki-es\/tour-privado-de-dia-completo-por-helsinki\/#primaryimage"},"image":{"@id":"https:\/\/tourtravelandmore.com\/es\/tours\/finlandia-es\/helsinki-es\/tour-privado-de-dia-completo-por-helsinki\/#primaryimage"},"thumbnailUrl":"https:\/\/tourtravelandmore.com\/wp-content\/uploads\/2025\/12\/pexels-tapio-haaja-1214336-2311602.jpg","datePublished":"2025-12-03T15:12:29+00:00","dateModified":"2025-12-04T18:05:00+00:00","description":"Tour Privado por Helsinki. Disfrute de esta incre\u00edble ciudad desde la comodidad de un veh\u00edculo y conozca sus monumentos m\u00e1s emblem\u00e1ticos \u2705","breadcrumb":{"@id":"https:\/\/tourtravelandmore.com\/es\/tours\/finlandia-es\/helsinki-es\/tour-privado-de-dia-completo-por-helsinki\/#breadcrumb"},"inLanguage":"es","potentialAction":[{"@type":"ReadAction","target":["https:\/\/tourtravelandmore.com\/es\/tours\/finlandia-es\/helsinki-es\/tour-privado-de-dia-completo-por-helsinki\/"]}]},{"@type":"ImageObject","inLanguage":"es","@id":"https:\/\/tourtravelandmore.com\/es\/tours\/finlandia-es\/helsinki-es\/tour-privado-de-dia-completo-por-helsinki\/#primaryimage","url":"https:\/\/tourtravelandmore.com\/wp-content\/uploads\/2025\/12\/pexels-tapio-haaja-1214336-2311602.jpg","contentUrl":"https:\/\/tourtravelandmore.com\/wp-content\/uploads\/2025\/12\/pexels-tapio-haaja-1214336-2311602.jpg","width":1279,"height":853},{"@type":"BreadcrumbList","@id":"https:\/\/tourtravelandmore.com\/es\/tours\/finlandia-es\/helsinki-es\/tour-privado-de-dia-completo-por-helsinki\/#breadcrumb","itemListElement":[{"@type":"ListItem","position":1,"name":"Home","item":"https:\/\/tourtravelandmore.com\/es\/"},{"@type":"ListItem","position":2,"name":"Tours","item":"https:\/\/tourtravelandmore.com\/es\/tours\/"},{"@type":"ListItem","position":3,"name":"Tour privado de d\u00eda completo por Helsinki"}]},{"@type":"WebSite","@id":"https:\/\/tourtravelandmore.com\/es\/#website","url":"https:\/\/tourtravelandmore.com\/es\/","name":"Tour Travel And More","description":"Private sightseeing tours and luxury transfers in Spain","publisher":{"@id":"https:\/\/tourtravelandmore.com\/es\/#organization"},"potentialAction":[{"@type":"SearchAction","target":{"@type":"EntryPoint","urlTemplate":"https:\/\/tourtravelandmore.com\/es\/?s={search_term_string}"},"query-input":{"@type":"PropertyValueSpecification","valueRequired":true,"valueName":"search_term_string"}}],"inLanguage":"es"},{"@type":"Organization","@id":"https:\/\/tourtravelandmore.com\/es\/#organization","name":"Tour Travel And More","url":"https:\/\/tourtravelandmore.com\/es\/","logo":{"@type":"ImageObject","inLanguage":"es","@id":"https:\/\/tourtravelandmore.com\/es\/#\/schema\/logo\/image\/","url":"https:\/\/tourtravelandmore.com\/wp-content\/uploads\/2022\/12\/cropped-logo-cabecera-new.png","contentUrl":"https:\/\/tourtravelandmore.com\/wp-content\/uploads\/2022\/12\/cropped-logo-cabecera-new.png","width":430,"height":61,"caption":"Tour Travel And More"},"image":{"@id":"https:\/\/tourtravelandmore.com\/es\/#\/schema\/logo\/image\/"},"sameAs":["https:\/\/www.facebook.com\/tourtravelandmore\/","https:\/\/x.com\/TourTravel_More"]}]}},"_links":{"self":[{"href":"https:\/\/tourtravelandmore.com\/es\/wp-json\/wp\/v2\/product\/187946","targetHints":{"allow":["GET"]}}],"collection":[{"href":"https:\/\/tourtravelandmore.com\/es\/wp-json\/wp\/v2\/product"}],"about":[{"href":"https:\/\/tourtravelandmore.com\/es\/wp-json\/wp\/v2\/types\/product"}],"replies":[{"embeddable":true,"href":"https:\/\/tourtravelandmore.com\/es\/wp-json\/wp\/v2\/comments?post=187946"}],"wp:featuredmedia":[{"embeddable":true,"href":"https:\/\/tourtravelandmore.com\/es\/wp-json\/wp\/v2\/media\/187965"}],"wp:attachment":[{"href":"https:\/\/tourtravelandmore.com\/es\/wp-json\/wp\/v2\/media?parent=187946"}],"wp:term":[{"taxonomy":"product_brand","embeddable":true,"href":"https:\/\/tourtravelandmore.com\/es\/wp-json\/wp\/v2\/product_brand?post=187946"},{"taxonomy":"product_cat","embeddable":true,"href":"https:\/\/tourtravelandmore.com\/es\/wp-json\/wp\/v2\/product_cat?post=187946"},{"taxonomy":"product_tag","embeddable":true,"href":"https:\/\/tourtravelandmore.com\/es\/wp-json\/wp\/v2\/product_tag?post=187946"}],"curies":[{"name":"wp","href":"https:\/\/api.w.org\/{rel}","templated":true}]}}