{"id":18763,"date":"2018-03-05T16:37:44","date_gmt":"2018-03-05T15:37:46","guid":{"rendered":"http:\/\/tourtravelandmore.com\/es\/tours\/niza-es\/tour-privado-de-vinedos-de-la-riviera-francesa-desde-niza\/"},"modified":"2025-06-02T20:02:06","modified_gmt":"2025-06-02T18:02:06","slug":"tour-privado-vinedos-desde-niza","status":"publish","type":"product","link":"https:\/\/tourtravelandmore.com\/es\/tours\/francia\/niza-es\/tour-privado-vinedos-desde-niza\/","title":{"rendered":"Tour privado a las bodegas de la Costa Azul desde Niza"},"content":{"rendered":"<h2><b><strong>Descripci\u00f3n<\/strong><\/b><\/h2>\n<p>No es ning\u00fan secreto que Francia produce uno de los mejores vinos del mundo. A lo largo y ancho del pa\u00eds hay diferentes regiones donde se produce vino desde hace siglos. Disfrute de esta <b>excursi\u00f3n privada por los vi\u00f1edos desde Niza<\/b> y visite las mejores <b>bodegas<\/b> locales de la <b>Costa Azul<\/b>. Su conductor\/gu\u00eda, experto y conocedor de la zona, le llevar\u00e1 por toda la regi\u00f3n y le llevar\u00e1 a los mejores lugares locales.<\/p>\n<p>El lugar y la hora de recogida se pueden adaptar totalmente a sus intereses personales. Podemos organizar la recogida en cualquier hotel, apartamento o puerto de cruceros de la Costa Azul.<\/p>\n<p>Nuestro equipo de expertos le ayudar\u00e1 a organizar una experiencia personalizada y \u00fanica. Todos nuestros tours est\u00e1n hechos a medida para adaptarse a sus deseos personales. Su conductor\/gu\u00eda estar\u00e1 con usted durante todo el recorrido, desde la recogida hasta la llegada, cont\u00e1ndole la historia y mostr\u00e1ndole los lugares m\u00e1s destacados de la regi\u00f3n.<\/p>\n<h2><b><strong>Tour privado a las bodegas de la Costa Azul desde Niza | Puntos de inter\u00e9s y lugares emblem\u00e1ticos<\/strong><\/b><\/h2>\n<p>Los viticultores franceses llevan siglos dedic\u00e1ndose a este negocio. Se estima que Francia cuenta con unos 150 000 viticultores, que producen alrededor de 1500 millones de galones de vino al a\u00f1o. Hoy en d\u00eda, casi todas las variedades de uva disponibles proceden de Francia. El estilo de las uvas francesas est\u00e1 reconocido como el arquetipo con el que se eval\u00faan los vinos modernos de todo el mundo.<\/p>\n<p>Con esta visita privada a las bodegas desde Niza, visitar\u00e1 las mejores bodegas de <a href=\"https:\/\/www.vins-france.com\/\"><i>C\u00f4tes de Provence<\/i><\/a>, mientras recorre esta encantadora zona de pueblos rurales y medievales.<\/p>\n<p>Su conductor privado le recoger\u00e1 en su hotel o en el lugar que elija y le llevar\u00e1 a la regi\u00f3n vin\u00edcola. El trayecto dura aproximadamente 1 hora. Una vez all\u00ed, visitar\u00e1 2 o 3 bodegas, seg\u00fan sus intereses personales. En cada bodega que visite, disfrutar\u00e1 de una visita guiada con un experto local, seguida de una cata de vinos. Podr\u00e1 conocer el m\u00e9todo de producci\u00f3n de cada bodega y hacer cualquier pregunta al en\u00f3logo local. Colaboramos con bodegas familiares locales para ofrecer una experiencia m\u00e1s personalizada.<\/p>\n<p><b><strong>Nuestra propuesta de tour privado tiene una duraci\u00f3n aproximada de 8 horas. Durante el tour, tendr\u00e1 tiempo libre para almorzar en un lugar local que su gu\u00eda le recomendar\u00e1. Es posible organizar un tour m\u00e1s corto o m\u00e1s largo si lo prefiere. P\u00f3ngase en contacto con nosotros para obtener una propuesta a medida.<\/strong><\/b><\/p>\n","protected":false},"excerpt":{"rendered":"<p>Disfruta esta oportunidad de visitar y experimentar c\u00f3mo y d\u00f3nde se hacen los mejores vinos del mundo! Visita los mejores vi\u00f1edos de Cotes du Provence junto a los productores locales.<\/p>\n","protected":false},"featured_media":18773,"comment_status":"open","ping_status":"closed","template":"","meta":{"_acf_changed":false},"product_brand":[],"product_cat":[497,588,498,589],"product_tag":[],"class_list":{"0":"post-18763","1":"product","2":"type-product","3":"status-publish","4":"has-post-thumbnail","6":"product_cat-niza-es","7":"product_cat-niza-actividades-es","8":"product_cat-niza-rutas-turisticas-privadas-es","9":"product_cat-niza-excursiones-privadas-es","11":"first","12":"instock","13":"shipping-taxable","14":"purchasable","15":"product-type-simple"},"acf":[],"yoast_head":"<!-- This site is optimized with the Yoast SEO Premium plugin v25.3.1 (Yoast SEO v25.3.1) - https:\/\/yoast.com\/wordpress\/plugins\/seo\/ -->\n<title>Tour Privado a vi\u00f1edos desde Niza con chofer\/gu\u00eda | Tour Travel &amp; More<\/title>\n<meta name=\"description\" content=\"Disfrute de este tour privado a vi\u00f1edos desde Niza con chofer\/gu\u00eda y visita los mejores vi\u00f1edos de Cotes du Provence. Visitas guiadas con cata incluida! \u2705\" \/>\n<meta name=\"robots\" content=\"index, follow, max-snippet:-1, max-image-preview:large, max-video-preview:-1\" \/>\n<link rel=\"canonical\" href=\"https:\/\/tourtravelandmore.com\/es\/tours\/francia\/niza-es\/tour-privado-vinedos-desde-niza\/\" \/>\n<meta property=\"og:locale\" content=\"es_ES\" \/>\n<meta property=\"og:type\" content=\"article\" \/>\n<meta property=\"og:title\" content=\"Tour privado a las bodegas de la Costa Azul desde Niza\" \/>\n<meta property=\"og:description\" content=\"Disfrute de este tour privado a vi\u00f1edos desde Niza con chofer\/gu\u00eda y visita los mejores vi\u00f1edos de Cotes du Provence. Visitas guiadas con cata incluida! \u2705\" \/>\n<meta property=\"og:url\" content=\"https:\/\/tourtravelandmore.com\/es\/tours\/francia\/niza-es\/tour-privado-vinedos-desde-niza\/\" \/>\n<meta property=\"og:site_name\" content=\"Tour Travel And More\" \/>\n<meta property=\"article:publisher\" content=\"https:\/\/www.facebook.com\/tourtravelandmore\/\" \/>\n<meta property=\"article:modified_time\" content=\"2025-06-02T18:02:06+00:00\" \/>\n<meta property=\"og:image\" content=\"https:\/\/tourtravelandmore.com\/wp-content\/uploads\/2018\/03\/purple-grapes-553463.jpg\" \/>\n\t<meta property=\"og:image:width\" content=\"1000\" \/>\n\t<meta property=\"og:image:height\" content=\"667\" \/>\n\t<meta property=\"og:image:type\" content=\"image\/jpeg\" \/>\n<meta name=\"twitter:card\" content=\"summary_large_image\" \/>\n<meta name=\"twitter:site\" content=\"@TourTravel_More\" \/>\n<meta name=\"twitter:label1\" content=\"Tiempo de lectura\" \/>\n\t<meta name=\"twitter:data1\" content=\"2 minutos\" \/>\n<script type=\"application\/ld+json\" class=\"yoast-schema-graph\">{\"@context\":\"https:\/\/schema.org\",\"@graph\":[{\"@type\":\"WebPage\",\"@id\":\"https:\/\/tourtravelandmore.com\/es\/tours\/francia\/niza-es\/tour-privado-vinedos-desde-niza\/\",\"url\":\"https:\/\/tourtravelandmore.com\/es\/tours\/francia\/niza-es\/tour-privado-vinedos-desde-niza\/\",\"name\":\"Tour Privado a vi\u00f1edos desde Niza con chofer\/gu\u00eda | Tour Travel & More\",\"isPartOf\":{\"@id\":\"https:\/\/tourtravelandmore.com\/es\/#website\"},\"primaryImageOfPage\":{\"@id\":\"https:\/\/tourtravelandmore.com\/es\/tours\/francia\/niza-es\/tour-privado-vinedos-desde-niza\/#primaryimage\"},\"image\":{\"@id\":\"https:\/\/tourtravelandmore.com\/es\/tours\/francia\/niza-es\/tour-privado-vinedos-desde-niza\/#primaryimage\"},\"thumbnailUrl\":\"https:\/\/tourtravelandmore.com\/wp-content\/uploads\/2018\/03\/purple-grapes-553463.jpg\",\"datePublished\":\"2018-03-05T15:37:46+00:00\",\"dateModified\":\"2025-06-02T18:02:06+00:00\",\"description\":\"Disfrute de este tour privado a vi\u00f1edos desde Niza con chofer\/gu\u00eda y visita los mejores vi\u00f1edos de Cotes du Provence. Visitas guiadas con cata incluida! \u2705\",\"breadcrumb\":{\"@id\":\"https:\/\/tourtravelandmore.com\/es\/tours\/francia\/niza-es\/tour-privado-vinedos-desde-niza\/#breadcrumb\"},\"inLanguage\":\"es\",\"potentialAction\":[{\"@type\":\"ReadAction\",\"target\":[\"https:\/\/tourtravelandmore.com\/es\/tours\/francia\/niza-es\/tour-privado-vinedos-desde-niza\/\"]}]},{\"@type\":\"ImageObject\",\"inLanguage\":\"es\",\"@id\":\"https:\/\/tourtravelandmore.com\/es\/tours\/francia\/niza-es\/tour-privado-vinedos-desde-niza\/#primaryimage\",\"url\":\"https:\/\/tourtravelandmore.com\/wp-content\/uploads\/2018\/03\/purple-grapes-553463.jpg\",\"contentUrl\":\"https:\/\/tourtravelandmore.com\/wp-content\/uploads\/2018\/03\/purple-grapes-553463.jpg\",\"width\":1000,\"height\":667},{\"@type\":\"BreadcrumbList\",\"@id\":\"https:\/\/tourtravelandmore.com\/es\/tours\/francia\/niza-es\/tour-privado-vinedos-desde-niza\/#breadcrumb\",\"itemListElement\":[{\"@type\":\"ListItem\",\"position\":1,\"name\":\"Home\",\"item\":\"https:\/\/tourtravelandmore.com\/es\/\"},{\"@type\":\"ListItem\",\"position\":2,\"name\":\"Tours\",\"item\":\"https:\/\/tourtravelandmore.com\/es\/tours\/\"},{\"@type\":\"ListItem\",\"position\":3,\"name\":\"Tour privado a las bodegas de la Costa Azul desde Niza\"}]},{\"@type\":\"WebSite\",\"@id\":\"https:\/\/tourtravelandmore.com\/es\/#website\",\"url\":\"https:\/\/tourtravelandmore.com\/es\/\",\"name\":\"Tour Travel And More\",\"description\":\"Private sightseeing tours and luxury transfers in Spain\",\"publisher\":{\"@id\":\"https:\/\/tourtravelandmore.com\/es\/#organization\"},\"potentialAction\":[{\"@type\":\"SearchAction\",\"target\":{\"@type\":\"EntryPoint\",\"urlTemplate\":\"https:\/\/tourtravelandmore.com\/es\/?s={search_term_string}\"},\"query-input\":{\"@type\":\"PropertyValueSpecification\",\"valueRequired\":true,\"valueName\":\"search_term_string\"}}],\"inLanguage\":\"es\"},{\"@type\":\"Organization\",\"@id\":\"https:\/\/tourtravelandmore.com\/es\/#organization\",\"name\":\"Tour Travel And More\",\"url\":\"https:\/\/tourtravelandmore.com\/es\/\",\"logo\":{\"@type\":\"ImageObject\",\"inLanguage\":\"es\",\"@id\":\"https:\/\/tourtravelandmore.com\/es\/#\/schema\/logo\/image\/\",\"url\":\"https:\/\/tourtravelandmore.com\/wp-content\/uploads\/2022\/12\/cropped-logo-cabecera-new.png\",\"contentUrl\":\"https:\/\/tourtravelandmore.com\/wp-content\/uploads\/2022\/12\/cropped-logo-cabecera-new.png\",\"width\":430,\"height\":61,\"caption\":\"Tour Travel And More\"},\"image\":{\"@id\":\"https:\/\/tourtravelandmore.com\/es\/#\/schema\/logo\/image\/\"},\"sameAs\":[\"https:\/\/www.facebook.com\/tourtravelandmore\/\",\"https:\/\/x.com\/TourTravel_More\"]}]}<\/script>\n<!-- \/ Yoast SEO Premium plugin. -->","yoast_head_json":{"title":"Tour Privado a vi\u00f1edos desde Niza con chofer\/gu\u00eda | Tour Travel & More","description":"Disfrute de este tour privado a vi\u00f1edos desde Niza con chofer\/gu\u00eda y visita los mejores vi\u00f1edos de Cotes du Provence. Visitas guiadas con cata incluida! \u2705","robots":{"index":"index","follow":"follow","max-snippet":"max-snippet:-1","max-image-preview":"max-image-preview:large","max-video-preview":"max-video-preview:-1"},"canonical":"https:\/\/tourtravelandmore.com\/es\/tours\/francia\/niza-es\/tour-privado-vinedos-desde-niza\/","og_locale":"es_ES","og_type":"article","og_title":"Tour privado a las bodegas de la Costa Azul desde Niza","og_description":"Disfrute de este tour privado a vi\u00f1edos desde Niza con chofer\/gu\u00eda y visita los mejores vi\u00f1edos de Cotes du Provence. Visitas guiadas con cata incluida! \u2705","og_url":"https:\/\/tourtravelandmore.com\/es\/tours\/francia\/niza-es\/tour-privado-vinedos-desde-niza\/","og_site_name":"Tour Travel And More","article_publisher":"https:\/\/www.facebook.com\/tourtravelandmore\/","article_modified_time":"2025-06-02T18:02:06+00:00","og_image":[{"width":1000,"height":667,"url":"https:\/\/tourtravelandmore.com\/wp-content\/uploads\/2018\/03\/purple-grapes-553463.jpg","type":"image\/jpeg"}],"twitter_card":"summary_large_image","twitter_site":"@TourTravel_More","twitter_misc":{"Tiempo de lectura":"2 minutos"},"schema":{"@context":"https:\/\/schema.org","@graph":[{"@type":"WebPage","@id":"https:\/\/tourtravelandmore.com\/es\/tours\/francia\/niza-es\/tour-privado-vinedos-desde-niza\/","url":"https:\/\/tourtravelandmore.com\/es\/tours\/francia\/niza-es\/tour-privado-vinedos-desde-niza\/","name":"Tour Privado a vi\u00f1edos desde Niza con chofer\/gu\u00eda | Tour Travel & More","isPartOf":{"@id":"https:\/\/tourtravelandmore.com\/es\/#website"},"primaryImageOfPage":{"@id":"https:\/\/tourtravelandmore.com\/es\/tours\/francia\/niza-es\/tour-privado-vinedos-desde-niza\/#primaryimage"},"image":{"@id":"https:\/\/tourtravelandmore.com\/es\/tours\/francia\/niza-es\/tour-privado-vinedos-desde-niza\/#primaryimage"},"thumbnailUrl":"https:\/\/tourtravelandmore.com\/wp-content\/uploads\/2018\/03\/purple-grapes-553463.jpg","datePublished":"2018-03-05T15:37:46+00:00","dateModified":"2025-06-02T18:02:06+00:00","description":"Disfrute de este tour privado a vi\u00f1edos desde Niza con chofer\/gu\u00eda y visita los mejores vi\u00f1edos de Cotes du Provence. Visitas guiadas con cata incluida! \u2705","breadcrumb":{"@id":"https:\/\/tourtravelandmore.com\/es\/tours\/francia\/niza-es\/tour-privado-vinedos-desde-niza\/#breadcrumb"},"inLanguage":"es","potentialAction":[{"@type":"ReadAction","target":["https:\/\/tourtravelandmore.com\/es\/tours\/francia\/niza-es\/tour-privado-vinedos-desde-niza\/"]}]},{"@type":"ImageObject","inLanguage":"es","@id":"https:\/\/tourtravelandmore.com\/es\/tours\/francia\/niza-es\/tour-privado-vinedos-desde-niza\/#primaryimage","url":"https:\/\/tourtravelandmore.com\/wp-content\/uploads\/2018\/03\/purple-grapes-553463.jpg","contentUrl":"https:\/\/tourtravelandmore.com\/wp-content\/uploads\/2018\/03\/purple-grapes-553463.jpg","width":1000,"height":667},{"@type":"BreadcrumbList","@id":"https:\/\/tourtravelandmore.com\/es\/tours\/francia\/niza-es\/tour-privado-vinedos-desde-niza\/#breadcrumb","itemListElement":[{"@type":"ListItem","position":1,"name":"Home","item":"https:\/\/tourtravelandmore.com\/es\/"},{"@type":"ListItem","position":2,"name":"Tours","item":"https:\/\/tourtravelandmore.com\/es\/tours\/"},{"@type":"ListItem","position":3,"name":"Tour privado a las bodegas de la Costa Azul desde Niza"}]},{"@type":"WebSite","@id":"https:\/\/tourtravelandmore.com\/es\/#website","url":"https:\/\/tourtravelandmore.com\/es\/","name":"Tour Travel And More","description":"Private sightseeing tours and luxury transfers in Spain","publisher":{"@id":"https:\/\/tourtravelandmore.com\/es\/#organization"},"potentialAction":[{"@type":"SearchAction","target":{"@type":"EntryPoint","urlTemplate":"https:\/\/tourtravelandmore.com\/es\/?s={search_term_string}"},"query-input":{"@type":"PropertyValueSpecification","valueRequired":true,"valueName":"search_term_string"}}],"inLanguage":"es"},{"@type":"Organization","@id":"https:\/\/tourtravelandmore.com\/es\/#organization","name":"Tour Travel And More","url":"https:\/\/tourtravelandmore.com\/es\/","logo":{"@type":"ImageObject","inLanguage":"es","@id":"https:\/\/tourtravelandmore.com\/es\/#\/schema\/logo\/image\/","url":"https:\/\/tourtravelandmore.com\/wp-content\/uploads\/2022\/12\/cropped-logo-cabecera-new.png","contentUrl":"https:\/\/tourtravelandmore.com\/wp-content\/uploads\/2022\/12\/cropped-logo-cabecera-new.png","width":430,"height":61,"caption":"Tour Travel And More"},"image":{"@id":"https:\/\/tourtravelandmore.com\/es\/#\/schema\/logo\/image\/"},"sameAs":["https:\/\/www.facebook.com\/tourtravelandmore\/","https:\/\/x.com\/TourTravel_More"]}]}},"_links":{"self":[{"href":"https:\/\/tourtravelandmore.com\/es\/wp-json\/wp\/v2\/product\/18763","targetHints":{"allow":["GET"]}}],"collection":[{"href":"https:\/\/tourtravelandmore.com\/es\/wp-json\/wp\/v2\/product"}],"about":[{"href":"https:\/\/tourtravelandmore.com\/es\/wp-json\/wp\/v2\/types\/product"}],"replies":[{"embeddable":true,"href":"https:\/\/tourtravelandmore.com\/es\/wp-json\/wp\/v2\/comments?post=18763"}],"wp:featuredmedia":[{"embeddable":true,"href":"https:\/\/tourtravelandmore.com\/es\/wp-json\/wp\/v2\/media\/18773"}],"wp:attachment":[{"href":"https:\/\/tourtravelandmore.com\/es\/wp-json\/wp\/v2\/media?parent=18763"}],"wp:term":[{"taxonomy":"product_brand","embeddable":true,"href":"https:\/\/tourtravelandmore.com\/es\/wp-json\/wp\/v2\/product_brand?post=18763"},{"taxonomy":"product_cat","embeddable":true,"href":"https:\/\/tourtravelandmore.com\/es\/wp-json\/wp\/v2\/product_cat?post=18763"},{"taxonomy":"product_tag","embeddable":true,"href":"https:\/\/tourtravelandmore.com\/es\/wp-json\/wp\/v2\/product_tag?post=18763"}],"curies":[{"name":"wp","href":"https:\/\/api.w.org\/{rel}","templated":true}]}}