{"id":187424,"date":"2025-10-09T16:58:00","date_gmt":"2025-10-09T14:58:00","guid":{"rendered":"https:\/\/tourtravelandmore.com\/?post_type=product&#038;p=187424"},"modified":"2025-10-09T20:33:08","modified_gmt":"2025-10-09T18:33:08","slug":"tour-privado-a-la-isla-de-lantau-copy","status":"publish","type":"product","link":"https:\/\/tourtravelandmore.com\/es\/tours\/china-es\/hong-kong-es\/todos-los-tours-privados-es-9\/tour-privado-a-la-isla-de-lantau-copy\/","title":{"rendered":"Experiencia de Crucero por el r\u00edo en Hong Kong"},"content":{"rendered":"<h2>Descripci\u00f3n<\/h2>\n<p>Experimente la magia de la ciudad desde una perspectiva diferente con esta <b>excursi\u00f3n privada en crucero por Hong Kong<\/b>. Admire el deslumbrante horizonte, los modernos rascacielos y la vibrante vida del puerto mientras navega por el mundialmente famoso puerto Victoria. Esta relajante excursi\u00f3n es la forma perfecta de ver Hong Kong iluminada por la noche o de disfrutar de su belleza urbana durante el d\u00eda.<\/p>\n<p>Su conductor privado le recoger\u00e1 en su hotel o en el punto de encuentro designado y le llevar\u00e1 c\u00f3modamente al muelle. All\u00ed, subir\u00e1 a bordo de un <b>crucero p\u00fablico<\/b> y se embarcar\u00e1 en un viaje panor\u00e1mico entre <b>Kowloon y la isla de Hong Kong<\/b>, pasando por lugares emblem\u00e1ticos como el <b>Centro Internacional de Comercio (ICC)<\/b>, la <b>Torre del Banco de China<\/b> y la <b>Noria de Hong Kong<\/b>. Su gu\u00eda le proporcionar\u00e1 comentarios interesantes sobre la historia, la arquitectura y la vida cotidiana que hacen de este puerto uno de los m\u00e1s famosos del mundo.<\/p>\n<h2><b>Puntos destacados | Experiencia de crucero privado por el r\u00edo en Hong Kong<\/b><\/h2>\n<ul>\n<li><b>Puerto Victoria:<\/b> Navegue por uno de los paseos mar\u00edtimos m\u00e1s emblem\u00e1ticos del mundo.<\/li>\n<li><b>Vistas del horizonte de la ciudad:<\/b> Capture la belleza de la arquitectura de Hong Kong desde el agua.<\/li>\n<li><b>Traslados c\u00f3modos:<\/b> Transporte privado de ida y vuelta desde su hotel hasta el muelle.<\/li>\n<li><b>Perspectivas culturales:<\/b> aprenda sobre la evoluci\u00f3n de la ciudad de la mano de su gu\u00eda experto.<\/li>\n<li><b>Horario flexible:<\/b> elija entre un crucero diurno o nocturno para disfrutar de una experiencia \u00fanica.<\/li>\n<\/ul>\n<p>Concluya su <b>experiencia de crucero privado por el r\u00edo en Hong Kong<\/b> con un recorrido panor\u00e1mico de regreso a su hotel, que le dejar\u00e1 recuerdos inolvidables del horizonte y la energ\u00eda de la ciudad.<\/p>\n<p>Reserve esta experiencia con <a href=\"https:\/\/tourtravelandmore.com\/\">Tour Travel &amp; More<\/a> y descubra otros tours privados por Hong Kong creados para viajeros que buscan exclusividad, comodidad y el aut\u00e9ntico sabor local.<\/p>\n","protected":false},"excerpt":{"rendered":"<p>Experimente la magia de la ciudad desde una perspectiva diferente con esta <b>excursi\u00f3n privada en crucero por Hong Kong<\/b>. Admire el deslumbrante horizonte, los modernos rascacielos y la vibrante vida del puerto mientras navega por el mundialmente famoso puerto Victoria. Esta relajante excursi\u00f3n es la forma perfecta de ver Hong Kong iluminada por la noche o de disfrutar de su belleza urbana durante el d\u00eda.<\/p>\n","protected":false},"featured_media":187075,"comment_status":"open","ping_status":"closed","template":"","meta":{"_acf_changed":false},"product_brand":[],"product_cat":[5604,5606,5608],"product_tag":[],"class_list":{"0":"post-187424","1":"product","2":"type-product","3":"status-publish","4":"has-post-thumbnail","6":"product_cat-china-es","7":"product_cat-hong-kong-es","8":"product_cat-todos-los-tours-privados-es-9","10":"first","11":"instock","12":"shipping-taxable","13":"purchasable","14":"product-type-simple"},"acf":[],"yoast_head":"<!-- This site is optimized with the Yoast SEO Premium plugin v25.3.1 (Yoast SEO v25.3.1) - https:\/\/yoast.com\/wordpress\/plugins\/seo\/ -->\n<title>\u27a1\ufe0f Experiencia de Crucero Privado por el r\u00edo en Hong Kong | TT&amp;M<\/title>\n<meta name=\"description\" content=\"Experiencia de Crucero Privado por el r\u00edo en Hong Kong. Explore sus calles con este tour privado de d\u00eda completo con gu\u00eda y veh\u00edculo privado\u2705\" \/>\n<meta name=\"robots\" content=\"index, follow, max-snippet:-1, max-image-preview:large, max-video-preview:-1\" \/>\n<link rel=\"canonical\" href=\"https:\/\/tourtravelandmore.com\/es\/tours\/china-es\/hong-kong-es\/todos-los-tours-privados-es-9\/tour-privado-a-la-isla-de-lantau-copy\/\" \/>\n<meta property=\"og:locale\" content=\"es_ES\" \/>\n<meta property=\"og:type\" content=\"article\" \/>\n<meta property=\"og:title\" content=\"Experiencia de Crucero por el r\u00edo en Hong Kong\" \/>\n<meta property=\"og:description\" content=\"Experiencia de Crucero Privado por el r\u00edo en Hong Kong. Explore sus calles con este tour privado de d\u00eda completo con gu\u00eda y veh\u00edculo privado\u2705\" \/>\n<meta property=\"og:url\" content=\"https:\/\/tourtravelandmore.com\/es\/tours\/china-es\/hong-kong-es\/todos-los-tours-privados-es-9\/tour-privado-a-la-isla-de-lantau-copy\/\" \/>\n<meta property=\"og:site_name\" content=\"Tour Travel And More\" \/>\n<meta property=\"article:publisher\" content=\"https:\/\/www.facebook.com\/tourtravelandmore\/\" \/>\n<meta property=\"article:modified_time\" content=\"2025-10-09T18:33:08+00:00\" \/>\n<meta property=\"og:image\" content=\"https:\/\/tourtravelandmore.com\/wp-content\/uploads\/2025\/09\/pexels-zhangkaiyv-189833.jpg\" \/>\n\t<meta property=\"og:image:width\" content=\"1280\" \/>\n\t<meta property=\"og:image:height\" content=\"791\" \/>\n\t<meta property=\"og:image:type\" content=\"image\/jpeg\" \/>\n<meta name=\"twitter:card\" content=\"summary_large_image\" \/>\n<meta name=\"twitter:site\" content=\"@TourTravel_More\" \/>\n<meta name=\"twitter:label1\" content=\"Tiempo de lectura\" \/>\n\t<meta name=\"twitter:data1\" content=\"2 minutos\" \/>\n<script type=\"application\/ld+json\" class=\"yoast-schema-graph\">{\"@context\":\"https:\/\/schema.org\",\"@graph\":[{\"@type\":\"WebPage\",\"@id\":\"https:\/\/tourtravelandmore.com\/es\/tours\/china-es\/hong-kong-es\/todos-los-tours-privados-es-9\/tour-privado-a-la-isla-de-lantau-copy\/\",\"url\":\"https:\/\/tourtravelandmore.com\/es\/tours\/china-es\/hong-kong-es\/todos-los-tours-privados-es-9\/tour-privado-a-la-isla-de-lantau-copy\/\",\"name\":\"\u27a1\ufe0f Experiencia de Crucero Privado por el r\u00edo en Hong Kong | TT&M\",\"isPartOf\":{\"@id\":\"https:\/\/tourtravelandmore.com\/es\/#website\"},\"primaryImageOfPage\":{\"@id\":\"https:\/\/tourtravelandmore.com\/es\/tours\/china-es\/hong-kong-es\/todos-los-tours-privados-es-9\/tour-privado-a-la-isla-de-lantau-copy\/#primaryimage\"},\"image\":{\"@id\":\"https:\/\/tourtravelandmore.com\/es\/tours\/china-es\/hong-kong-es\/todos-los-tours-privados-es-9\/tour-privado-a-la-isla-de-lantau-copy\/#primaryimage\"},\"thumbnailUrl\":\"https:\/\/tourtravelandmore.com\/wp-content\/uploads\/2025\/09\/pexels-zhangkaiyv-189833.jpg\",\"datePublished\":\"2025-10-09T14:58:00+00:00\",\"dateModified\":\"2025-10-09T18:33:08+00:00\",\"description\":\"Experiencia de Crucero Privado por el r\u00edo en Hong Kong. Explore sus calles con este tour privado de d\u00eda completo con gu\u00eda y veh\u00edculo privado\u2705\",\"breadcrumb\":{\"@id\":\"https:\/\/tourtravelandmore.com\/es\/tours\/china-es\/hong-kong-es\/todos-los-tours-privados-es-9\/tour-privado-a-la-isla-de-lantau-copy\/#breadcrumb\"},\"inLanguage\":\"es\",\"potentialAction\":[{\"@type\":\"ReadAction\",\"target\":[\"https:\/\/tourtravelandmore.com\/es\/tours\/china-es\/hong-kong-es\/todos-los-tours-privados-es-9\/tour-privado-a-la-isla-de-lantau-copy\/\"]}]},{\"@type\":\"ImageObject\",\"inLanguage\":\"es\",\"@id\":\"https:\/\/tourtravelandmore.com\/es\/tours\/china-es\/hong-kong-es\/todos-los-tours-privados-es-9\/tour-privado-a-la-isla-de-lantau-copy\/#primaryimage\",\"url\":\"https:\/\/tourtravelandmore.com\/wp-content\/uploads\/2025\/09\/pexels-zhangkaiyv-189833.jpg\",\"contentUrl\":\"https:\/\/tourtravelandmore.com\/wp-content\/uploads\/2025\/09\/pexels-zhangkaiyv-189833.jpg\",\"width\":1280,\"height\":791},{\"@type\":\"BreadcrumbList\",\"@id\":\"https:\/\/tourtravelandmore.com\/es\/tours\/china-es\/hong-kong-es\/todos-los-tours-privados-es-9\/tour-privado-a-la-isla-de-lantau-copy\/#breadcrumb\",\"itemListElement\":[{\"@type\":\"ListItem\",\"position\":1,\"name\":\"Home\",\"item\":\"https:\/\/tourtravelandmore.com\/es\/\"},{\"@type\":\"ListItem\",\"position\":2,\"name\":\"Tours\",\"item\":\"https:\/\/tourtravelandmore.com\/es\/tours\/\"},{\"@type\":\"ListItem\",\"position\":3,\"name\":\"Experiencia de Crucero por el r\u00edo en Hong Kong\"}]},{\"@type\":\"WebSite\",\"@id\":\"https:\/\/tourtravelandmore.com\/es\/#website\",\"url\":\"https:\/\/tourtravelandmore.com\/es\/\",\"name\":\"Tour Travel And More\",\"description\":\"Private sightseeing tours and luxury transfers in Spain\",\"publisher\":{\"@id\":\"https:\/\/tourtravelandmore.com\/es\/#organization\"},\"potentialAction\":[{\"@type\":\"SearchAction\",\"target\":{\"@type\":\"EntryPoint\",\"urlTemplate\":\"https:\/\/tourtravelandmore.com\/es\/?s={search_term_string}\"},\"query-input\":{\"@type\":\"PropertyValueSpecification\",\"valueRequired\":true,\"valueName\":\"search_term_string\"}}],\"inLanguage\":\"es\"},{\"@type\":\"Organization\",\"@id\":\"https:\/\/tourtravelandmore.com\/es\/#organization\",\"name\":\"Tour Travel And More\",\"url\":\"https:\/\/tourtravelandmore.com\/es\/\",\"logo\":{\"@type\":\"ImageObject\",\"inLanguage\":\"es\",\"@id\":\"https:\/\/tourtravelandmore.com\/es\/#\/schema\/logo\/image\/\",\"url\":\"https:\/\/tourtravelandmore.com\/wp-content\/uploads\/2022\/12\/cropped-logo-cabecera-new.png\",\"contentUrl\":\"https:\/\/tourtravelandmore.com\/wp-content\/uploads\/2022\/12\/cropped-logo-cabecera-new.png\",\"width\":430,\"height\":61,\"caption\":\"Tour Travel And More\"},\"image\":{\"@id\":\"https:\/\/tourtravelandmore.com\/es\/#\/schema\/logo\/image\/\"},\"sameAs\":[\"https:\/\/www.facebook.com\/tourtravelandmore\/\",\"https:\/\/x.com\/TourTravel_More\"]}]}<\/script>\n<!-- \/ Yoast SEO Premium plugin. -->","yoast_head_json":{"title":"\u27a1\ufe0f Experiencia de Crucero Privado por el r\u00edo en Hong Kong | TT&M","description":"Experiencia de Crucero Privado por el r\u00edo en Hong Kong. Explore sus calles con este tour privado de d\u00eda completo con gu\u00eda y veh\u00edculo privado\u2705","robots":{"index":"index","follow":"follow","max-snippet":"max-snippet:-1","max-image-preview":"max-image-preview:large","max-video-preview":"max-video-preview:-1"},"canonical":"https:\/\/tourtravelandmore.com\/es\/tours\/china-es\/hong-kong-es\/todos-los-tours-privados-es-9\/tour-privado-a-la-isla-de-lantau-copy\/","og_locale":"es_ES","og_type":"article","og_title":"Experiencia de Crucero por el r\u00edo en Hong Kong","og_description":"Experiencia de Crucero Privado por el r\u00edo en Hong Kong. Explore sus calles con este tour privado de d\u00eda completo con gu\u00eda y veh\u00edculo privado\u2705","og_url":"https:\/\/tourtravelandmore.com\/es\/tours\/china-es\/hong-kong-es\/todos-los-tours-privados-es-9\/tour-privado-a-la-isla-de-lantau-copy\/","og_site_name":"Tour Travel And More","article_publisher":"https:\/\/www.facebook.com\/tourtravelandmore\/","article_modified_time":"2025-10-09T18:33:08+00:00","og_image":[{"width":1280,"height":791,"url":"https:\/\/tourtravelandmore.com\/wp-content\/uploads\/2025\/09\/pexels-zhangkaiyv-189833.jpg","type":"image\/jpeg"}],"twitter_card":"summary_large_image","twitter_site":"@TourTravel_More","twitter_misc":{"Tiempo de lectura":"2 minutos"},"schema":{"@context":"https:\/\/schema.org","@graph":[{"@type":"WebPage","@id":"https:\/\/tourtravelandmore.com\/es\/tours\/china-es\/hong-kong-es\/todos-los-tours-privados-es-9\/tour-privado-a-la-isla-de-lantau-copy\/","url":"https:\/\/tourtravelandmore.com\/es\/tours\/china-es\/hong-kong-es\/todos-los-tours-privados-es-9\/tour-privado-a-la-isla-de-lantau-copy\/","name":"\u27a1\ufe0f Experiencia de Crucero Privado por el r\u00edo en Hong Kong | TT&M","isPartOf":{"@id":"https:\/\/tourtravelandmore.com\/es\/#website"},"primaryImageOfPage":{"@id":"https:\/\/tourtravelandmore.com\/es\/tours\/china-es\/hong-kong-es\/todos-los-tours-privados-es-9\/tour-privado-a-la-isla-de-lantau-copy\/#primaryimage"},"image":{"@id":"https:\/\/tourtravelandmore.com\/es\/tours\/china-es\/hong-kong-es\/todos-los-tours-privados-es-9\/tour-privado-a-la-isla-de-lantau-copy\/#primaryimage"},"thumbnailUrl":"https:\/\/tourtravelandmore.com\/wp-content\/uploads\/2025\/09\/pexels-zhangkaiyv-189833.jpg","datePublished":"2025-10-09T14:58:00+00:00","dateModified":"2025-10-09T18:33:08+00:00","description":"Experiencia de Crucero Privado por el r\u00edo en Hong Kong. Explore sus calles con este tour privado de d\u00eda completo con gu\u00eda y veh\u00edculo privado\u2705","breadcrumb":{"@id":"https:\/\/tourtravelandmore.com\/es\/tours\/china-es\/hong-kong-es\/todos-los-tours-privados-es-9\/tour-privado-a-la-isla-de-lantau-copy\/#breadcrumb"},"inLanguage":"es","potentialAction":[{"@type":"ReadAction","target":["https:\/\/tourtravelandmore.com\/es\/tours\/china-es\/hong-kong-es\/todos-los-tours-privados-es-9\/tour-privado-a-la-isla-de-lantau-copy\/"]}]},{"@type":"ImageObject","inLanguage":"es","@id":"https:\/\/tourtravelandmore.com\/es\/tours\/china-es\/hong-kong-es\/todos-los-tours-privados-es-9\/tour-privado-a-la-isla-de-lantau-copy\/#primaryimage","url":"https:\/\/tourtravelandmore.com\/wp-content\/uploads\/2025\/09\/pexels-zhangkaiyv-189833.jpg","contentUrl":"https:\/\/tourtravelandmore.com\/wp-content\/uploads\/2025\/09\/pexels-zhangkaiyv-189833.jpg","width":1280,"height":791},{"@type":"BreadcrumbList","@id":"https:\/\/tourtravelandmore.com\/es\/tours\/china-es\/hong-kong-es\/todos-los-tours-privados-es-9\/tour-privado-a-la-isla-de-lantau-copy\/#breadcrumb","itemListElement":[{"@type":"ListItem","position":1,"name":"Home","item":"https:\/\/tourtravelandmore.com\/es\/"},{"@type":"ListItem","position":2,"name":"Tours","item":"https:\/\/tourtravelandmore.com\/es\/tours\/"},{"@type":"ListItem","position":3,"name":"Experiencia de Crucero por el r\u00edo en Hong Kong"}]},{"@type":"WebSite","@id":"https:\/\/tourtravelandmore.com\/es\/#website","url":"https:\/\/tourtravelandmore.com\/es\/","name":"Tour Travel And More","description":"Private sightseeing tours and luxury transfers in Spain","publisher":{"@id":"https:\/\/tourtravelandmore.com\/es\/#organization"},"potentialAction":[{"@type":"SearchAction","target":{"@type":"EntryPoint","urlTemplate":"https:\/\/tourtravelandmore.com\/es\/?s={search_term_string}"},"query-input":{"@type":"PropertyValueSpecification","valueRequired":true,"valueName":"search_term_string"}}],"inLanguage":"es"},{"@type":"Organization","@id":"https:\/\/tourtravelandmore.com\/es\/#organization","name":"Tour Travel And More","url":"https:\/\/tourtravelandmore.com\/es\/","logo":{"@type":"ImageObject","inLanguage":"es","@id":"https:\/\/tourtravelandmore.com\/es\/#\/schema\/logo\/image\/","url":"https:\/\/tourtravelandmore.com\/wp-content\/uploads\/2022\/12\/cropped-logo-cabecera-new.png","contentUrl":"https:\/\/tourtravelandmore.com\/wp-content\/uploads\/2022\/12\/cropped-logo-cabecera-new.png","width":430,"height":61,"caption":"Tour Travel And More"},"image":{"@id":"https:\/\/tourtravelandmore.com\/es\/#\/schema\/logo\/image\/"},"sameAs":["https:\/\/www.facebook.com\/tourtravelandmore\/","https:\/\/x.com\/TourTravel_More"]}]}},"_links":{"self":[{"href":"https:\/\/tourtravelandmore.com\/es\/wp-json\/wp\/v2\/product\/187424","targetHints":{"allow":["GET"]}}],"collection":[{"href":"https:\/\/tourtravelandmore.com\/es\/wp-json\/wp\/v2\/product"}],"about":[{"href":"https:\/\/tourtravelandmore.com\/es\/wp-json\/wp\/v2\/types\/product"}],"replies":[{"embeddable":true,"href":"https:\/\/tourtravelandmore.com\/es\/wp-json\/wp\/v2\/comments?post=187424"}],"wp:featuredmedia":[{"embeddable":true,"href":"https:\/\/tourtravelandmore.com\/es\/wp-json\/wp\/v2\/media\/187075"}],"wp:attachment":[{"href":"https:\/\/tourtravelandmore.com\/es\/wp-json\/wp\/v2\/media?parent=187424"}],"wp:term":[{"taxonomy":"product_brand","embeddable":true,"href":"https:\/\/tourtravelandmore.com\/es\/wp-json\/wp\/v2\/product_brand?post=187424"},{"taxonomy":"product_cat","embeddable":true,"href":"https:\/\/tourtravelandmore.com\/es\/wp-json\/wp\/v2\/product_cat?post=187424"},{"taxonomy":"product_tag","embeddable":true,"href":"https:\/\/tourtravelandmore.com\/es\/wp-json\/wp\/v2\/product_tag?post=187424"}],"curies":[{"name":"wp","href":"https:\/\/api.w.org\/{rel}","templated":true}]}}