{"id":187345,"date":"2025-10-08T16:23:37","date_gmt":"2025-10-08T14:23:37","guid":{"rendered":"https:\/\/tourtravelandmore.com\/?post_type=product&#038;p=187345"},"modified":"2025-10-08T20:26:12","modified_gmt":"2025-10-08T18:26:12","slug":"tour-privado-por-kowloon-copy","status":"publish","type":"product","link":"https:\/\/tourtravelandmore.com\/es\/tours\/china-es\/hong-kong-es\/todos-los-tours-privados-es-9\/tour-privado-por-kowloon-copy\/","title":{"rendered":"Tour privado a la isla de Lantau"},"content":{"rendered":"<h2>Descripci\u00f3n<\/h2>\n<p>Descubra el lado espiritual y natural de Hong Kong en esta <b>excursi\u00f3n privada a la isla de Lantau: Gran Buda y pueblo de Tai O<\/b>. Con su gu\u00eda y conductor privados, disfrute de un recorrido panor\u00e1mico por la isla, que combina templos tranquilos, pueblos culturales y paisajes costeros impresionantes.<\/p>\n<p>Comience su aventura con una visita al famoso <b>Buda Tian Tan<\/b>, tambi\u00e9n conocido como el Gran Buda, situado cerca del <b>monasterio Po Lin<\/b>. Descubra el simbolismo espiritual del monumento y admire las impresionantes vistas panor\u00e1micas desde su base. Contin\u00fae su exploraci\u00f3n con un relajante viaje en coche hasta <b>la aldea de Tai O<\/b>, uno de los \u00faltimos pueblos pesqueros que quedan en Hong Kong. All\u00ed, podr\u00e1 pasear por estrechas calles bordeadas de casas sobre pilotes y degustar especialidades locales en un entorno aut\u00e9ntico.<\/p>\n<h2><strong>Puntos destacados | Tour privado a la isla de Lantau<\/strong><\/h2>\n<ul>\n<li><b>Buda Tian Tan:<\/b> Marav\u00edllese ante una de las estatuas de bronce al aire libre m\u00e1s grandes de Asia.<\/li>\n<li><b>Monasterio de Po Lin:<\/b> Explore un lugar sagrado budista rico en historia y arte.<\/li>\n<li><b>Pueblo pesquero de Tai O:<\/b> Descubra una encantadora comunidad construida sobre pilotes sobre el agua.<\/li>\n<li><b>Carreteras panor\u00e1micas de Lantau:<\/b> Disfrute de pintorescos paisajes y vistas al mar durante todo el trayecto.<\/li>\n<li><b>Comodidad privada:<\/b> rel\u00e1jese con los traslados de ida y vuelta y la atenci\u00f3n personalizada de su gu\u00eda.<\/li>\n<\/ul>\n<p>Su <b>tour privado a la isla de Lantau: Gran Buda y pueblo de Tai O<\/b> termina con un c\u00f3modo regreso a su hotel.<\/p>\n<p>Reserve ahora su experiencia con <a href=\"https:\/\/tourtravelandmore.com\/\">Tour Travel &amp; More<\/a> y explore otros tours privados por Hong Kong dise\u00f1ados para viajeros que buscan cultura, comodidad y autenticidad.<\/p>\n","protected":false},"excerpt":{"rendered":"<p>Descubra el lado espiritual y natural de Hong Kong en esta <b>excursi\u00f3n privada a la isla de Lantau: Gran Buda y pueblo de Tai O<\/b>. Con su gu\u00eda y conductor privados, disfrute de un recorrido panor\u00e1mico por la isla, que combina templos tranquilos, pueblos culturales y paisajes costeros impresionantes.<\/p>\n","protected":false},"featured_media":187365,"comment_status":"open","ping_status":"closed","template":"","meta":{"_acf_changed":false},"product_brand":[],"product_cat":[5604,5606,5608],"product_tag":[],"class_list":{"0":"post-187345","1":"product","2":"type-product","3":"status-publish","4":"has-post-thumbnail","6":"product_cat-china-es","7":"product_cat-hong-kong-es","8":"product_cat-todos-los-tours-privados-es-9","10":"first","11":"instock","12":"shipping-taxable","13":"purchasable","14":"product-type-simple"},"acf":[],"yoast_head":"<!-- This site is optimized with the Yoast SEO Premium plugin v25.3.1 (Yoast SEO v25.3.1) - https:\/\/yoast.com\/wordpress\/plugins\/seo\/ -->\n<title>\u27a1\ufe0f Tour privado a la isla de Lantau | TT&amp;M<\/title>\n<meta name=\"description\" content=\"Tour privado a la isla de Lantau. Explore sus calles con este tour privado de d\u00eda completo con gu\u00eda y veh\u00edculo privado\u2705\" \/>\n<meta name=\"robots\" content=\"index, follow, max-snippet:-1, max-image-preview:large, max-video-preview:-1\" \/>\n<link rel=\"canonical\" href=\"https:\/\/tourtravelandmore.com\/es\/tours\/china-es\/hong-kong-es\/todos-los-tours-privados-es-9\/tour-privado-por-kowloon-copy\/\" \/>\n<meta property=\"og:locale\" content=\"es_ES\" \/>\n<meta property=\"og:type\" content=\"article\" \/>\n<meta property=\"og:title\" content=\"Tour privado a la isla de Lantau\" \/>\n<meta property=\"og:description\" content=\"Tour privado a la isla de Lantau. Explore sus calles con este tour privado de d\u00eda completo con gu\u00eda y veh\u00edculo privado\u2705\" \/>\n<meta property=\"og:url\" content=\"https:\/\/tourtravelandmore.com\/es\/tours\/china-es\/hong-kong-es\/todos-los-tours-privados-es-9\/tour-privado-por-kowloon-copy\/\" \/>\n<meta property=\"og:site_name\" content=\"Tour Travel And More\" \/>\n<meta property=\"article:publisher\" content=\"https:\/\/www.facebook.com\/tourtravelandmore\/\" \/>\n<meta property=\"article:modified_time\" content=\"2025-10-08T18:26:12+00:00\" \/>\n<meta property=\"og:image\" content=\"https:\/\/tourtravelandmore.com\/wp-content\/uploads\/2025\/10\/pexels-faniayang-2684749.jpg\" \/>\n\t<meta property=\"og:image:width\" content=\"1280\" \/>\n\t<meta property=\"og:image:height\" content=\"853\" \/>\n\t<meta property=\"og:image:type\" content=\"image\/jpeg\" \/>\n<meta name=\"twitter:card\" content=\"summary_large_image\" \/>\n<meta name=\"twitter:site\" content=\"@TourTravel_More\" \/>\n<meta name=\"twitter:label1\" content=\"Tiempo de lectura\" \/>\n\t<meta name=\"twitter:data1\" content=\"2 minutos\" \/>\n<script type=\"application\/ld+json\" class=\"yoast-schema-graph\">{\"@context\":\"https:\/\/schema.org\",\"@graph\":[{\"@type\":\"WebPage\",\"@id\":\"https:\/\/tourtravelandmore.com\/es\/tours\/china-es\/hong-kong-es\/todos-los-tours-privados-es-9\/tour-privado-por-kowloon-copy\/\",\"url\":\"https:\/\/tourtravelandmore.com\/es\/tours\/china-es\/hong-kong-es\/todos-los-tours-privados-es-9\/tour-privado-por-kowloon-copy\/\",\"name\":\"\u27a1\ufe0f Tour privado a la isla de Lantau | TT&M\",\"isPartOf\":{\"@id\":\"https:\/\/tourtravelandmore.com\/es\/#website\"},\"primaryImageOfPage\":{\"@id\":\"https:\/\/tourtravelandmore.com\/es\/tours\/china-es\/hong-kong-es\/todos-los-tours-privados-es-9\/tour-privado-por-kowloon-copy\/#primaryimage\"},\"image\":{\"@id\":\"https:\/\/tourtravelandmore.com\/es\/tours\/china-es\/hong-kong-es\/todos-los-tours-privados-es-9\/tour-privado-por-kowloon-copy\/#primaryimage\"},\"thumbnailUrl\":\"https:\/\/tourtravelandmore.com\/wp-content\/uploads\/2025\/10\/pexels-faniayang-2684749.jpg\",\"datePublished\":\"2025-10-08T14:23:37+00:00\",\"dateModified\":\"2025-10-08T18:26:12+00:00\",\"description\":\"Tour privado a la isla de Lantau. Explore sus calles con este tour privado de d\u00eda completo con gu\u00eda y veh\u00edculo privado\u2705\",\"breadcrumb\":{\"@id\":\"https:\/\/tourtravelandmore.com\/es\/tours\/china-es\/hong-kong-es\/todos-los-tours-privados-es-9\/tour-privado-por-kowloon-copy\/#breadcrumb\"},\"inLanguage\":\"es\",\"potentialAction\":[{\"@type\":\"ReadAction\",\"target\":[\"https:\/\/tourtravelandmore.com\/es\/tours\/china-es\/hong-kong-es\/todos-los-tours-privados-es-9\/tour-privado-por-kowloon-copy\/\"]}]},{\"@type\":\"ImageObject\",\"inLanguage\":\"es\",\"@id\":\"https:\/\/tourtravelandmore.com\/es\/tours\/china-es\/hong-kong-es\/todos-los-tours-privados-es-9\/tour-privado-por-kowloon-copy\/#primaryimage\",\"url\":\"https:\/\/tourtravelandmore.com\/wp-content\/uploads\/2025\/10\/pexels-faniayang-2684749.jpg\",\"contentUrl\":\"https:\/\/tourtravelandmore.com\/wp-content\/uploads\/2025\/10\/pexels-faniayang-2684749.jpg\",\"width\":1280,\"height\":853},{\"@type\":\"BreadcrumbList\",\"@id\":\"https:\/\/tourtravelandmore.com\/es\/tours\/china-es\/hong-kong-es\/todos-los-tours-privados-es-9\/tour-privado-por-kowloon-copy\/#breadcrumb\",\"itemListElement\":[{\"@type\":\"ListItem\",\"position\":1,\"name\":\"Home\",\"item\":\"https:\/\/tourtravelandmore.com\/es\/\"},{\"@type\":\"ListItem\",\"position\":2,\"name\":\"Tours\",\"item\":\"https:\/\/tourtravelandmore.com\/es\/tours\/\"},{\"@type\":\"ListItem\",\"position\":3,\"name\":\"Tour privado a la isla de Lantau\"}]},{\"@type\":\"WebSite\",\"@id\":\"https:\/\/tourtravelandmore.com\/es\/#website\",\"url\":\"https:\/\/tourtravelandmore.com\/es\/\",\"name\":\"Tour Travel And More\",\"description\":\"Private sightseeing tours and luxury transfers in Spain\",\"publisher\":{\"@id\":\"https:\/\/tourtravelandmore.com\/es\/#organization\"},\"potentialAction\":[{\"@type\":\"SearchAction\",\"target\":{\"@type\":\"EntryPoint\",\"urlTemplate\":\"https:\/\/tourtravelandmore.com\/es\/?s={search_term_string}\"},\"query-input\":{\"@type\":\"PropertyValueSpecification\",\"valueRequired\":true,\"valueName\":\"search_term_string\"}}],\"inLanguage\":\"es\"},{\"@type\":\"Organization\",\"@id\":\"https:\/\/tourtravelandmore.com\/es\/#organization\",\"name\":\"Tour Travel And More\",\"url\":\"https:\/\/tourtravelandmore.com\/es\/\",\"logo\":{\"@type\":\"ImageObject\",\"inLanguage\":\"es\",\"@id\":\"https:\/\/tourtravelandmore.com\/es\/#\/schema\/logo\/image\/\",\"url\":\"https:\/\/tourtravelandmore.com\/wp-content\/uploads\/2022\/12\/cropped-logo-cabecera-new.png\",\"contentUrl\":\"https:\/\/tourtravelandmore.com\/wp-content\/uploads\/2022\/12\/cropped-logo-cabecera-new.png\",\"width\":430,\"height\":61,\"caption\":\"Tour Travel And More\"},\"image\":{\"@id\":\"https:\/\/tourtravelandmore.com\/es\/#\/schema\/logo\/image\/\"},\"sameAs\":[\"https:\/\/www.facebook.com\/tourtravelandmore\/\",\"https:\/\/x.com\/TourTravel_More\"]}]}<\/script>\n<!-- \/ Yoast SEO Premium plugin. -->","yoast_head_json":{"title":"\u27a1\ufe0f Tour privado a la isla de Lantau | TT&M","description":"Tour privado a la isla de Lantau. Explore sus calles con este tour privado de d\u00eda completo con gu\u00eda y veh\u00edculo privado\u2705","robots":{"index":"index","follow":"follow","max-snippet":"max-snippet:-1","max-image-preview":"max-image-preview:large","max-video-preview":"max-video-preview:-1"},"canonical":"https:\/\/tourtravelandmore.com\/es\/tours\/china-es\/hong-kong-es\/todos-los-tours-privados-es-9\/tour-privado-por-kowloon-copy\/","og_locale":"es_ES","og_type":"article","og_title":"Tour privado a la isla de Lantau","og_description":"Tour privado a la isla de Lantau. Explore sus calles con este tour privado de d\u00eda completo con gu\u00eda y veh\u00edculo privado\u2705","og_url":"https:\/\/tourtravelandmore.com\/es\/tours\/china-es\/hong-kong-es\/todos-los-tours-privados-es-9\/tour-privado-por-kowloon-copy\/","og_site_name":"Tour Travel And More","article_publisher":"https:\/\/www.facebook.com\/tourtravelandmore\/","article_modified_time":"2025-10-08T18:26:12+00:00","og_image":[{"width":1280,"height":853,"url":"https:\/\/tourtravelandmore.com\/wp-content\/uploads\/2025\/10\/pexels-faniayang-2684749.jpg","type":"image\/jpeg"}],"twitter_card":"summary_large_image","twitter_site":"@TourTravel_More","twitter_misc":{"Tiempo de lectura":"2 minutos"},"schema":{"@context":"https:\/\/schema.org","@graph":[{"@type":"WebPage","@id":"https:\/\/tourtravelandmore.com\/es\/tours\/china-es\/hong-kong-es\/todos-los-tours-privados-es-9\/tour-privado-por-kowloon-copy\/","url":"https:\/\/tourtravelandmore.com\/es\/tours\/china-es\/hong-kong-es\/todos-los-tours-privados-es-9\/tour-privado-por-kowloon-copy\/","name":"\u27a1\ufe0f Tour privado a la isla de Lantau | TT&M","isPartOf":{"@id":"https:\/\/tourtravelandmore.com\/es\/#website"},"primaryImageOfPage":{"@id":"https:\/\/tourtravelandmore.com\/es\/tours\/china-es\/hong-kong-es\/todos-los-tours-privados-es-9\/tour-privado-por-kowloon-copy\/#primaryimage"},"image":{"@id":"https:\/\/tourtravelandmore.com\/es\/tours\/china-es\/hong-kong-es\/todos-los-tours-privados-es-9\/tour-privado-por-kowloon-copy\/#primaryimage"},"thumbnailUrl":"https:\/\/tourtravelandmore.com\/wp-content\/uploads\/2025\/10\/pexels-faniayang-2684749.jpg","datePublished":"2025-10-08T14:23:37+00:00","dateModified":"2025-10-08T18:26:12+00:00","description":"Tour privado a la isla de Lantau. Explore sus calles con este tour privado de d\u00eda completo con gu\u00eda y veh\u00edculo privado\u2705","breadcrumb":{"@id":"https:\/\/tourtravelandmore.com\/es\/tours\/china-es\/hong-kong-es\/todos-los-tours-privados-es-9\/tour-privado-por-kowloon-copy\/#breadcrumb"},"inLanguage":"es","potentialAction":[{"@type":"ReadAction","target":["https:\/\/tourtravelandmore.com\/es\/tours\/china-es\/hong-kong-es\/todos-los-tours-privados-es-9\/tour-privado-por-kowloon-copy\/"]}]},{"@type":"ImageObject","inLanguage":"es","@id":"https:\/\/tourtravelandmore.com\/es\/tours\/china-es\/hong-kong-es\/todos-los-tours-privados-es-9\/tour-privado-por-kowloon-copy\/#primaryimage","url":"https:\/\/tourtravelandmore.com\/wp-content\/uploads\/2025\/10\/pexels-faniayang-2684749.jpg","contentUrl":"https:\/\/tourtravelandmore.com\/wp-content\/uploads\/2025\/10\/pexels-faniayang-2684749.jpg","width":1280,"height":853},{"@type":"BreadcrumbList","@id":"https:\/\/tourtravelandmore.com\/es\/tours\/china-es\/hong-kong-es\/todos-los-tours-privados-es-9\/tour-privado-por-kowloon-copy\/#breadcrumb","itemListElement":[{"@type":"ListItem","position":1,"name":"Home","item":"https:\/\/tourtravelandmore.com\/es\/"},{"@type":"ListItem","position":2,"name":"Tours","item":"https:\/\/tourtravelandmore.com\/es\/tours\/"},{"@type":"ListItem","position":3,"name":"Tour privado a la isla de Lantau"}]},{"@type":"WebSite","@id":"https:\/\/tourtravelandmore.com\/es\/#website","url":"https:\/\/tourtravelandmore.com\/es\/","name":"Tour Travel And More","description":"Private sightseeing tours and luxury transfers in Spain","publisher":{"@id":"https:\/\/tourtravelandmore.com\/es\/#organization"},"potentialAction":[{"@type":"SearchAction","target":{"@type":"EntryPoint","urlTemplate":"https:\/\/tourtravelandmore.com\/es\/?s={search_term_string}"},"query-input":{"@type":"PropertyValueSpecification","valueRequired":true,"valueName":"search_term_string"}}],"inLanguage":"es"},{"@type":"Organization","@id":"https:\/\/tourtravelandmore.com\/es\/#organization","name":"Tour Travel And More","url":"https:\/\/tourtravelandmore.com\/es\/","logo":{"@type":"ImageObject","inLanguage":"es","@id":"https:\/\/tourtravelandmore.com\/es\/#\/schema\/logo\/image\/","url":"https:\/\/tourtravelandmore.com\/wp-content\/uploads\/2022\/12\/cropped-logo-cabecera-new.png","contentUrl":"https:\/\/tourtravelandmore.com\/wp-content\/uploads\/2022\/12\/cropped-logo-cabecera-new.png","width":430,"height":61,"caption":"Tour Travel And More"},"image":{"@id":"https:\/\/tourtravelandmore.com\/es\/#\/schema\/logo\/image\/"},"sameAs":["https:\/\/www.facebook.com\/tourtravelandmore\/","https:\/\/x.com\/TourTravel_More"]}]}},"_links":{"self":[{"href":"https:\/\/tourtravelandmore.com\/es\/wp-json\/wp\/v2\/product\/187345","targetHints":{"allow":["GET"]}}],"collection":[{"href":"https:\/\/tourtravelandmore.com\/es\/wp-json\/wp\/v2\/product"}],"about":[{"href":"https:\/\/tourtravelandmore.com\/es\/wp-json\/wp\/v2\/types\/product"}],"replies":[{"embeddable":true,"href":"https:\/\/tourtravelandmore.com\/es\/wp-json\/wp\/v2\/comments?post=187345"}],"wp:featuredmedia":[{"embeddable":true,"href":"https:\/\/tourtravelandmore.com\/es\/wp-json\/wp\/v2\/media\/187365"}],"wp:attachment":[{"href":"https:\/\/tourtravelandmore.com\/es\/wp-json\/wp\/v2\/media?parent=187345"}],"wp:term":[{"taxonomy":"product_brand","embeddable":true,"href":"https:\/\/tourtravelandmore.com\/es\/wp-json\/wp\/v2\/product_brand?post=187345"},{"taxonomy":"product_cat","embeddable":true,"href":"https:\/\/tourtravelandmore.com\/es\/wp-json\/wp\/v2\/product_cat?post=187345"},{"taxonomy":"product_tag","embeddable":true,"href":"https:\/\/tourtravelandmore.com\/es\/wp-json\/wp\/v2\/product_tag?post=187345"}],"curies":[{"name":"wp","href":"https:\/\/api.w.org\/{rel}","templated":true}]}}