{"id":187283,"date":"2025-10-07T16:38:07","date_gmt":"2025-10-07T14:38:07","guid":{"rendered":"https:\/\/tourtravelandmore.com\/?post_type=product&#038;p=187283"},"modified":"2025-10-07T19:29:28","modified_gmt":"2025-10-07T17:29:28","slug":"tour-privado-por-la-ciudad-de-hong-kong-copy-2","status":"publish","type":"product","link":"https:\/\/tourtravelandmore.com\/es\/tours\/china-es\/hong-kong-es\/todos-los-tours-privados-es-9\/tour-privado-por-la-ciudad-de-hong-kong-copy-2\/","title":{"rendered":"Tour Privado por Kowloon"},"content":{"rendered":"<h2>Descripci\u00f3n<\/h2>\n<p>Emb\u00e1rquese en un aut\u00e9ntico <b>tour privado por Kowloon<\/b> y descubra la vibrante vida local que convierte a esta zona en el coraz\u00f3n cultural de Hong Kong. Con su gu\u00eda y conductor privados, explore barrios animados, templos antiguos y mercados bulliciosos que reflejan las ricas tradiciones y los contrastes modernos de la ciudad.<\/p>\n<p>Comience su viaje en el <b>templo Wong Tai Sin<\/b>, uno de los lugares espirituales m\u00e1s emblem\u00e1ticos de Hong Kong, donde los lugare\u00f1os acuden para pedir deseos y encender incienso. Contin\u00fae hacia el <b>jard\u00edn Nan Lian<\/b>, un oasis de serenidad rodeado de una impresionante arquitectura de estilo Tang que ofrece un refugio tranquilo lejos del bullicio de la ciudad. Su gu\u00eda le contar\u00e1 historias sobre la evoluci\u00f3n de Kowloon y su papel en la configuraci\u00f3n de la identidad de Hong Kong.<\/p>\n<h2><b><strong>Puntos destacados | Tour Privado por Kowloon<\/strong><\/b><\/h2>\n<ul>\n<li><b>Templo Wong Tai Sin:<\/b> Visite uno de los templos m\u00e1s populares, famoso por sus coloridas decoraciones y rituales de adivinaci\u00f3n.<\/li>\n<li><b>Jard\u00edn Nan Lian:<\/b> Descubra una obra maestra del dise\u00f1o paisaj\u00edstico y los tranquilos reflejos en medio de la vida urbana.<\/li>\n<li><b>Convento Chi Lin:<\/b> Admire la exquisita arquitectura de madera y aprenda sobre las tradiciones budistas.<\/li>\n<li><b>Mercados de Kowloon:<\/b> Experimente la cultura local en mercados tan animados como el Ladies Market y el Jade Market.<\/li>\n<li><b>Recorrido panor\u00e1mico:<\/b> Disfrute de un c\u00f3modo paseo por las calles m\u00e1s emblem\u00e1ticas de la ciudad con su conductor privado.<\/li>\n<\/ul>\n<p>Su tour privado por Kowloon termina con un recorrido panor\u00e1mico por el <b>puerto Victoria<\/b>, donde las luces de la ciudad se reflejan maravillosamente en el agua.<\/p>\n<p>Reserve hoy mismo su viaje cultural con <a href=\"https:\/\/tourtravelandmore.com\/\">Tour Travel &amp; More<\/a> y explore otros tours privados por Hong Kong para conectar m\u00e1s profundamente con el destino m\u00e1s din\u00e1mico de Asia.<\/p>\n","protected":false},"excerpt":{"rendered":"<p>Emb\u00e1rquese en un aut\u00e9ntico <b>tour privado por Kowloon<\/b> y descubra la vibrante vida local que convierte a esta zona en el coraz\u00f3n cultural de Hong Kong. Con su gu\u00eda y conductor privados, explore barrios animados, templos antiguos y mercados bulliciosos que reflejan las ricas tradiciones y los contrastes modernos de la ciudad.<\/p>\n","protected":false},"featured_media":187303,"comment_status":"open","ping_status":"closed","template":"","meta":{"_acf_changed":false},"product_brand":[],"product_cat":[5604,5606,5608],"product_tag":[],"class_list":{"0":"post-187283","1":"product","2":"type-product","3":"status-publish","4":"has-post-thumbnail","6":"product_cat-china-es","7":"product_cat-hong-kong-es","8":"product_cat-todos-los-tours-privados-es-9","10":"first","11":"instock","12":"shipping-taxable","13":"purchasable","14":"product-type-simple"},"acf":[],"yoast_head":"<!-- This site is optimized with the Yoast SEO Premium plugin v25.3.1 (Yoast SEO v25.3.1) - https:\/\/yoast.com\/wordpress\/plugins\/seo\/ -->\n<title>\u27a1\ufe0f Tour Privado por Kowloon | TT&amp;M<\/title>\n<meta name=\"description\" content=\"Tour Privado por Kowloon. Explore sus calles con este tour privado de d\u00eda completo con gu\u00eda y veh\u00edculo privado\u2705\" \/>\n<meta name=\"robots\" content=\"index, follow, max-snippet:-1, max-image-preview:large, max-video-preview:-1\" \/>\n<link rel=\"canonical\" href=\"https:\/\/tourtravelandmore.com\/es\/tours\/china-es\/hong-kong-es\/todos-los-tours-privados-es-9\/tour-privado-por-la-ciudad-de-hong-kong-copy-2\/\" \/>\n<meta property=\"og:locale\" content=\"es_ES\" \/>\n<meta property=\"og:type\" content=\"article\" \/>\n<meta property=\"og:title\" content=\"Tour Privado por Kowloon\" \/>\n<meta property=\"og:description\" content=\"Tour Privado por Kowloon. Explore sus calles con este tour privado de d\u00eda completo con gu\u00eda y veh\u00edculo privado\u2705\" \/>\n<meta property=\"og:url\" content=\"https:\/\/tourtravelandmore.com\/es\/tours\/china-es\/hong-kong-es\/todos-los-tours-privados-es-9\/tour-privado-por-la-ciudad-de-hong-kong-copy-2\/\" \/>\n<meta property=\"og:site_name\" content=\"Tour Travel And More\" \/>\n<meta property=\"article:publisher\" content=\"https:\/\/www.facebook.com\/tourtravelandmore\/\" \/>\n<meta property=\"article:modified_time\" content=\"2025-10-07T17:29:28+00:00\" \/>\n<meta property=\"og:image\" content=\"https:\/\/tourtravelandmore.com\/wp-content\/uploads\/2025\/10\/pexels-nextvoyage-1445284.jpg\" \/>\n\t<meta property=\"og:image:width\" content=\"1280\" \/>\n\t<meta property=\"og:image:height\" content=\"853\" \/>\n\t<meta property=\"og:image:type\" content=\"image\/jpeg\" \/>\n<meta name=\"twitter:card\" content=\"summary_large_image\" \/>\n<meta name=\"twitter:site\" content=\"@TourTravel_More\" \/>\n<meta name=\"twitter:label1\" content=\"Tiempo de lectura\" \/>\n\t<meta name=\"twitter:data1\" content=\"2 minutos\" \/>\n<script type=\"application\/ld+json\" class=\"yoast-schema-graph\">{\"@context\":\"https:\/\/schema.org\",\"@graph\":[{\"@type\":\"WebPage\",\"@id\":\"https:\/\/tourtravelandmore.com\/es\/tours\/china-es\/hong-kong-es\/todos-los-tours-privados-es-9\/tour-privado-por-la-ciudad-de-hong-kong-copy-2\/\",\"url\":\"https:\/\/tourtravelandmore.com\/es\/tours\/china-es\/hong-kong-es\/todos-los-tours-privados-es-9\/tour-privado-por-la-ciudad-de-hong-kong-copy-2\/\",\"name\":\"\u27a1\ufe0f Tour Privado por Kowloon | TT&M\",\"isPartOf\":{\"@id\":\"https:\/\/tourtravelandmore.com\/es\/#website\"},\"primaryImageOfPage\":{\"@id\":\"https:\/\/tourtravelandmore.com\/es\/tours\/china-es\/hong-kong-es\/todos-los-tours-privados-es-9\/tour-privado-por-la-ciudad-de-hong-kong-copy-2\/#primaryimage\"},\"image\":{\"@id\":\"https:\/\/tourtravelandmore.com\/es\/tours\/china-es\/hong-kong-es\/todos-los-tours-privados-es-9\/tour-privado-por-la-ciudad-de-hong-kong-copy-2\/#primaryimage\"},\"thumbnailUrl\":\"https:\/\/tourtravelandmore.com\/wp-content\/uploads\/2025\/10\/pexels-nextvoyage-1445284.jpg\",\"datePublished\":\"2025-10-07T14:38:07+00:00\",\"dateModified\":\"2025-10-07T17:29:28+00:00\",\"description\":\"Tour Privado por Kowloon. Explore sus calles con este tour privado de d\u00eda completo con gu\u00eda y veh\u00edculo privado\u2705\",\"breadcrumb\":{\"@id\":\"https:\/\/tourtravelandmore.com\/es\/tours\/china-es\/hong-kong-es\/todos-los-tours-privados-es-9\/tour-privado-por-la-ciudad-de-hong-kong-copy-2\/#breadcrumb\"},\"inLanguage\":\"es\",\"potentialAction\":[{\"@type\":\"ReadAction\",\"target\":[\"https:\/\/tourtravelandmore.com\/es\/tours\/china-es\/hong-kong-es\/todos-los-tours-privados-es-9\/tour-privado-por-la-ciudad-de-hong-kong-copy-2\/\"]}]},{\"@type\":\"ImageObject\",\"inLanguage\":\"es\",\"@id\":\"https:\/\/tourtravelandmore.com\/es\/tours\/china-es\/hong-kong-es\/todos-los-tours-privados-es-9\/tour-privado-por-la-ciudad-de-hong-kong-copy-2\/#primaryimage\",\"url\":\"https:\/\/tourtravelandmore.com\/wp-content\/uploads\/2025\/10\/pexels-nextvoyage-1445284.jpg\",\"contentUrl\":\"https:\/\/tourtravelandmore.com\/wp-content\/uploads\/2025\/10\/pexels-nextvoyage-1445284.jpg\",\"width\":1280,\"height\":853},{\"@type\":\"BreadcrumbList\",\"@id\":\"https:\/\/tourtravelandmore.com\/es\/tours\/china-es\/hong-kong-es\/todos-los-tours-privados-es-9\/tour-privado-por-la-ciudad-de-hong-kong-copy-2\/#breadcrumb\",\"itemListElement\":[{\"@type\":\"ListItem\",\"position\":1,\"name\":\"Home\",\"item\":\"https:\/\/tourtravelandmore.com\/es\/\"},{\"@type\":\"ListItem\",\"position\":2,\"name\":\"Tours\",\"item\":\"https:\/\/tourtravelandmore.com\/es\/tours\/\"},{\"@type\":\"ListItem\",\"position\":3,\"name\":\"Tour Privado por Kowloon\"}]},{\"@type\":\"WebSite\",\"@id\":\"https:\/\/tourtravelandmore.com\/es\/#website\",\"url\":\"https:\/\/tourtravelandmore.com\/es\/\",\"name\":\"Tour Travel And More\",\"description\":\"Private sightseeing tours and luxury transfers in Spain\",\"publisher\":{\"@id\":\"https:\/\/tourtravelandmore.com\/es\/#organization\"},\"potentialAction\":[{\"@type\":\"SearchAction\",\"target\":{\"@type\":\"EntryPoint\",\"urlTemplate\":\"https:\/\/tourtravelandmore.com\/es\/?s={search_term_string}\"},\"query-input\":{\"@type\":\"PropertyValueSpecification\",\"valueRequired\":true,\"valueName\":\"search_term_string\"}}],\"inLanguage\":\"es\"},{\"@type\":\"Organization\",\"@id\":\"https:\/\/tourtravelandmore.com\/es\/#organization\",\"name\":\"Tour Travel And More\",\"url\":\"https:\/\/tourtravelandmore.com\/es\/\",\"logo\":{\"@type\":\"ImageObject\",\"inLanguage\":\"es\",\"@id\":\"https:\/\/tourtravelandmore.com\/es\/#\/schema\/logo\/image\/\",\"url\":\"https:\/\/tourtravelandmore.com\/wp-content\/uploads\/2022\/12\/cropped-logo-cabecera-new.png\",\"contentUrl\":\"https:\/\/tourtravelandmore.com\/wp-content\/uploads\/2022\/12\/cropped-logo-cabecera-new.png\",\"width\":430,\"height\":61,\"caption\":\"Tour Travel And More\"},\"image\":{\"@id\":\"https:\/\/tourtravelandmore.com\/es\/#\/schema\/logo\/image\/\"},\"sameAs\":[\"https:\/\/www.facebook.com\/tourtravelandmore\/\",\"https:\/\/x.com\/TourTravel_More\"]}]}<\/script>\n<!-- \/ Yoast SEO Premium plugin. -->","yoast_head_json":{"title":"\u27a1\ufe0f Tour Privado por Kowloon | TT&M","description":"Tour Privado por Kowloon. Explore sus calles con este tour privado de d\u00eda completo con gu\u00eda y veh\u00edculo privado\u2705","robots":{"index":"index","follow":"follow","max-snippet":"max-snippet:-1","max-image-preview":"max-image-preview:large","max-video-preview":"max-video-preview:-1"},"canonical":"https:\/\/tourtravelandmore.com\/es\/tours\/china-es\/hong-kong-es\/todos-los-tours-privados-es-9\/tour-privado-por-la-ciudad-de-hong-kong-copy-2\/","og_locale":"es_ES","og_type":"article","og_title":"Tour Privado por Kowloon","og_description":"Tour Privado por Kowloon. Explore sus calles con este tour privado de d\u00eda completo con gu\u00eda y veh\u00edculo privado\u2705","og_url":"https:\/\/tourtravelandmore.com\/es\/tours\/china-es\/hong-kong-es\/todos-los-tours-privados-es-9\/tour-privado-por-la-ciudad-de-hong-kong-copy-2\/","og_site_name":"Tour Travel And More","article_publisher":"https:\/\/www.facebook.com\/tourtravelandmore\/","article_modified_time":"2025-10-07T17:29:28+00:00","og_image":[{"width":1280,"height":853,"url":"https:\/\/tourtravelandmore.com\/wp-content\/uploads\/2025\/10\/pexels-nextvoyage-1445284.jpg","type":"image\/jpeg"}],"twitter_card":"summary_large_image","twitter_site":"@TourTravel_More","twitter_misc":{"Tiempo de lectura":"2 minutos"},"schema":{"@context":"https:\/\/schema.org","@graph":[{"@type":"WebPage","@id":"https:\/\/tourtravelandmore.com\/es\/tours\/china-es\/hong-kong-es\/todos-los-tours-privados-es-9\/tour-privado-por-la-ciudad-de-hong-kong-copy-2\/","url":"https:\/\/tourtravelandmore.com\/es\/tours\/china-es\/hong-kong-es\/todos-los-tours-privados-es-9\/tour-privado-por-la-ciudad-de-hong-kong-copy-2\/","name":"\u27a1\ufe0f Tour Privado por Kowloon | TT&M","isPartOf":{"@id":"https:\/\/tourtravelandmore.com\/es\/#website"},"primaryImageOfPage":{"@id":"https:\/\/tourtravelandmore.com\/es\/tours\/china-es\/hong-kong-es\/todos-los-tours-privados-es-9\/tour-privado-por-la-ciudad-de-hong-kong-copy-2\/#primaryimage"},"image":{"@id":"https:\/\/tourtravelandmore.com\/es\/tours\/china-es\/hong-kong-es\/todos-los-tours-privados-es-9\/tour-privado-por-la-ciudad-de-hong-kong-copy-2\/#primaryimage"},"thumbnailUrl":"https:\/\/tourtravelandmore.com\/wp-content\/uploads\/2025\/10\/pexels-nextvoyage-1445284.jpg","datePublished":"2025-10-07T14:38:07+00:00","dateModified":"2025-10-07T17:29:28+00:00","description":"Tour Privado por Kowloon. Explore sus calles con este tour privado de d\u00eda completo con gu\u00eda y veh\u00edculo privado\u2705","breadcrumb":{"@id":"https:\/\/tourtravelandmore.com\/es\/tours\/china-es\/hong-kong-es\/todos-los-tours-privados-es-9\/tour-privado-por-la-ciudad-de-hong-kong-copy-2\/#breadcrumb"},"inLanguage":"es","potentialAction":[{"@type":"ReadAction","target":["https:\/\/tourtravelandmore.com\/es\/tours\/china-es\/hong-kong-es\/todos-los-tours-privados-es-9\/tour-privado-por-la-ciudad-de-hong-kong-copy-2\/"]}]},{"@type":"ImageObject","inLanguage":"es","@id":"https:\/\/tourtravelandmore.com\/es\/tours\/china-es\/hong-kong-es\/todos-los-tours-privados-es-9\/tour-privado-por-la-ciudad-de-hong-kong-copy-2\/#primaryimage","url":"https:\/\/tourtravelandmore.com\/wp-content\/uploads\/2025\/10\/pexels-nextvoyage-1445284.jpg","contentUrl":"https:\/\/tourtravelandmore.com\/wp-content\/uploads\/2025\/10\/pexels-nextvoyage-1445284.jpg","width":1280,"height":853},{"@type":"BreadcrumbList","@id":"https:\/\/tourtravelandmore.com\/es\/tours\/china-es\/hong-kong-es\/todos-los-tours-privados-es-9\/tour-privado-por-la-ciudad-de-hong-kong-copy-2\/#breadcrumb","itemListElement":[{"@type":"ListItem","position":1,"name":"Home","item":"https:\/\/tourtravelandmore.com\/es\/"},{"@type":"ListItem","position":2,"name":"Tours","item":"https:\/\/tourtravelandmore.com\/es\/tours\/"},{"@type":"ListItem","position":3,"name":"Tour Privado por Kowloon"}]},{"@type":"WebSite","@id":"https:\/\/tourtravelandmore.com\/es\/#website","url":"https:\/\/tourtravelandmore.com\/es\/","name":"Tour Travel And More","description":"Private sightseeing tours and luxury transfers in Spain","publisher":{"@id":"https:\/\/tourtravelandmore.com\/es\/#organization"},"potentialAction":[{"@type":"SearchAction","target":{"@type":"EntryPoint","urlTemplate":"https:\/\/tourtravelandmore.com\/es\/?s={search_term_string}"},"query-input":{"@type":"PropertyValueSpecification","valueRequired":true,"valueName":"search_term_string"}}],"inLanguage":"es"},{"@type":"Organization","@id":"https:\/\/tourtravelandmore.com\/es\/#organization","name":"Tour Travel And More","url":"https:\/\/tourtravelandmore.com\/es\/","logo":{"@type":"ImageObject","inLanguage":"es","@id":"https:\/\/tourtravelandmore.com\/es\/#\/schema\/logo\/image\/","url":"https:\/\/tourtravelandmore.com\/wp-content\/uploads\/2022\/12\/cropped-logo-cabecera-new.png","contentUrl":"https:\/\/tourtravelandmore.com\/wp-content\/uploads\/2022\/12\/cropped-logo-cabecera-new.png","width":430,"height":61,"caption":"Tour Travel And More"},"image":{"@id":"https:\/\/tourtravelandmore.com\/es\/#\/schema\/logo\/image\/"},"sameAs":["https:\/\/www.facebook.com\/tourtravelandmore\/","https:\/\/x.com\/TourTravel_More"]}]}},"_links":{"self":[{"href":"https:\/\/tourtravelandmore.com\/es\/wp-json\/wp\/v2\/product\/187283","targetHints":{"allow":["GET"]}}],"collection":[{"href":"https:\/\/tourtravelandmore.com\/es\/wp-json\/wp\/v2\/product"}],"about":[{"href":"https:\/\/tourtravelandmore.com\/es\/wp-json\/wp\/v2\/types\/product"}],"replies":[{"embeddable":true,"href":"https:\/\/tourtravelandmore.com\/es\/wp-json\/wp\/v2\/comments?post=187283"}],"wp:featuredmedia":[{"embeddable":true,"href":"https:\/\/tourtravelandmore.com\/es\/wp-json\/wp\/v2\/media\/187303"}],"wp:attachment":[{"href":"https:\/\/tourtravelandmore.com\/es\/wp-json\/wp\/v2\/media?parent=187283"}],"wp:term":[{"taxonomy":"product_brand","embeddable":true,"href":"https:\/\/tourtravelandmore.com\/es\/wp-json\/wp\/v2\/product_brand?post=187283"},{"taxonomy":"product_cat","embeddable":true,"href":"https:\/\/tourtravelandmore.com\/es\/wp-json\/wp\/v2\/product_cat?post=187283"},{"taxonomy":"product_tag","embeddable":true,"href":"https:\/\/tourtravelandmore.com\/es\/wp-json\/wp\/v2\/product_tag?post=187283"}],"curies":[{"name":"wp","href":"https:\/\/api.w.org\/{rel}","templated":true}]}}