{"id":187223,"date":"2025-10-06T15:59:51","date_gmt":"2025-10-06T13:59:52","guid":{"rendered":"https:\/\/tourtravelandmore.com\/?post_type=product&#038;p=187223"},"modified":"2025-10-06T16:18:36","modified_gmt":"2025-10-06T14:18:36","slug":"tour-privado-de-medio-dia-por-la-ciudad-de-hong-kong-copy","status":"publish","type":"product","link":"https:\/\/tourtravelandmore.com\/es\/tours\/china-es\/hong-kong-es\/todos-los-tours-privados-es-9\/tour-privado-de-medio-dia-por-la-ciudad-de-hong-kong-copy\/","title":{"rendered":"Tour privado por la ciudad de Hong Kong"},"content":{"rendered":"<h2>Descripci\u00f3n<\/h2>\n<p>\u00danase a nuestro <b>tour privado por Hong Kong<\/b> y descubra los vibrantes contrastes que definen esta incre\u00edble ciudad. Desde las bulliciosas calles del centro hasta las tranquilas costas de Repulse Bay, esta experiencia de d\u00eda completo ofrece la introducci\u00f3n perfecta a las maravillas culturales y modernas que hacen que Hong Kong sea inolvidable.<\/p>\n<p>Su gu\u00eda privado y su conductor le llevar\u00e1n por los lugares m\u00e1s emblem\u00e1ticos de la ciudad, combinando comodidad y atenci\u00f3n personalizada. Disfrute de las impresionantes vistas desde <b>Victoria Peak<\/b>, pasee por el animado <b>Stanley Market<\/b> y explore el pueblo flotante de <b>Aberdeen<\/b>, donde la tradici\u00f3n se une a la vida moderna. A lo largo del recorrido, aprender\u00e1 sobre la mezcla \u00fanica de influencias orientales y occidentales de la isla que dan forma a su identidad.<\/p>\n<h2><b>Lo m\u00e1s destacado | Tour privado por la ciudad de Hong Kong<\/b><\/h2>\n<ul>\n<li><b>Victoria Peak:<\/b> Contemple las vistas panor\u00e1micas del horizonte, el puerto y las islas lejanas.<\/li>\n<li><b>Mercado Stanley:<\/b> Descubra la artesan\u00eda local, la moda y los recuerdos en este encantador mercado al aire libre.<\/li>\n<li><b>Pueblo pesquero de Aberdeen:<\/b> Contemple las tradicionales sampanas y los restaurantes flotantes que definen el antiguo Hong Kong.<\/li>\n<li><b>Repulse Bay:<\/b> Rel\u00e1jese en una de las playas m\u00e1s bonitas de la ciudad, con su tranquilo ambiente costero.<\/li>\n<li><b>Templo Man Mo:<\/b> Visite uno de los templos m\u00e1s antiguos dedicado a los dioses de la literatura y la guerra.<\/li>\n<\/ul>\n<p>A medida que avanza el d\u00eda, experimentar\u00e1 Hong Kong desde m\u00faltiples perspectivas: urbana, cultural y natural. Este <b>tour privado por la ciudad de Hong Kong<\/b> combina la comodidad con la autenticidad, lo que le permitir\u00e1 sentir plenamente el ritmo de la ciudad.<\/p>\n<p>Reserve ahora a trav\u00e9s de <a href=\"https:\/\/tourtravelandmore.com\/\">Tour Travel &amp; More<\/a> y explore nuestros otros tours privados en Asia para continuar su viaje de descubrimiento. D\u00e9jese cautivar por la energ\u00eda de Hong Kong en una experiencia dise\u00f1ada especialmente para usted.<\/p>\n","protected":false},"excerpt":{"rendered":"<p>\u00danase a nuestro <b>tour privado por Hong Kong<\/b> y descubra los vibrantes contrastes que definen esta incre\u00edble ciudad. Desde las bulliciosas calles del centro hasta las tranquilas costas de Repulse Bay, esta experiencia de d\u00eda completo ofrece la introducci\u00f3n perfecta a las maravillas culturales y modernas que hacen que Hong Kong sea inolvidable.<\/p>\n","protected":false},"featured_media":187111,"comment_status":"open","ping_status":"closed","template":"","meta":{"_acf_changed":false},"product_brand":[],"product_cat":[5604,5606,5608],"product_tag":[],"class_list":{"0":"post-187223","1":"product","2":"type-product","3":"status-publish","4":"has-post-thumbnail","6":"product_cat-china-es","7":"product_cat-hong-kong-es","8":"product_cat-todos-los-tours-privados-es-9","10":"first","11":"instock","12":"shipping-taxable","13":"purchasable","14":"product-type-simple"},"acf":[],"yoast_head":"<!-- This site is optimized with the Yoast SEO Premium plugin v25.3.1 (Yoast SEO v25.3.1) - https:\/\/yoast.com\/wordpress\/plugins\/seo\/ -->\n<title>\u27a1\ufe0f Tour privado por la ciudad de Hong Kong | TT&amp;M<\/title>\n<meta name=\"description\" content=\"Tour privado por la ciudad de Hong Kong. Explore sus calles con este tour privado de d\u00eda completo con gu\u00eda y veh\u00edculo privado\u2705\" \/>\n<meta name=\"robots\" content=\"index, follow, max-snippet:-1, max-image-preview:large, max-video-preview:-1\" \/>\n<link rel=\"canonical\" href=\"https:\/\/tourtravelandmore.com\/es\/tours\/china-es\/hong-kong-es\/todos-los-tours-privados-es-9\/tour-privado-de-medio-dia-por-la-ciudad-de-hong-kong-copy\/\" \/>\n<meta property=\"og:locale\" content=\"es_ES\" \/>\n<meta property=\"og:type\" content=\"article\" \/>\n<meta property=\"og:title\" content=\"Tour privado por la ciudad de Hong Kong\" \/>\n<meta property=\"og:description\" content=\"Tour privado por la ciudad de Hong Kong. Explore sus calles con este tour privado de d\u00eda completo con gu\u00eda y veh\u00edculo privado\u2705\" \/>\n<meta property=\"og:url\" content=\"https:\/\/tourtravelandmore.com\/es\/tours\/china-es\/hong-kong-es\/todos-los-tours-privados-es-9\/tour-privado-de-medio-dia-por-la-ciudad-de-hong-kong-copy\/\" \/>\n<meta property=\"og:site_name\" content=\"Tour Travel And More\" \/>\n<meta property=\"article:publisher\" content=\"https:\/\/www.facebook.com\/tourtravelandmore\/\" \/>\n<meta property=\"article:modified_time\" content=\"2025-10-06T14:18:36+00:00\" \/>\n<meta property=\"og:image\" content=\"https:\/\/tourtravelandmore.com\/wp-content\/uploads\/2025\/09\/pexels-jimbear-2300342.jpg\" \/>\n\t<meta property=\"og:image:width\" content=\"1280\" \/>\n\t<meta property=\"og:image:height\" content=\"853\" \/>\n\t<meta property=\"og:image:type\" content=\"image\/jpeg\" \/>\n<meta name=\"twitter:card\" content=\"summary_large_image\" \/>\n<meta name=\"twitter:site\" content=\"@TourTravel_More\" \/>\n<meta name=\"twitter:label1\" content=\"Tiempo de lectura\" \/>\n\t<meta name=\"twitter:data1\" content=\"2 minutos\" \/>\n<script type=\"application\/ld+json\" class=\"yoast-schema-graph\">{\"@context\":\"https:\/\/schema.org\",\"@graph\":[{\"@type\":\"WebPage\",\"@id\":\"https:\/\/tourtravelandmore.com\/es\/tours\/china-es\/hong-kong-es\/todos-los-tours-privados-es-9\/tour-privado-de-medio-dia-por-la-ciudad-de-hong-kong-copy\/\",\"url\":\"https:\/\/tourtravelandmore.com\/es\/tours\/china-es\/hong-kong-es\/todos-los-tours-privados-es-9\/tour-privado-de-medio-dia-por-la-ciudad-de-hong-kong-copy\/\",\"name\":\"\u27a1\ufe0f Tour privado por la ciudad de Hong Kong | TT&M\",\"isPartOf\":{\"@id\":\"https:\/\/tourtravelandmore.com\/es\/#website\"},\"primaryImageOfPage\":{\"@id\":\"https:\/\/tourtravelandmore.com\/es\/tours\/china-es\/hong-kong-es\/todos-los-tours-privados-es-9\/tour-privado-de-medio-dia-por-la-ciudad-de-hong-kong-copy\/#primaryimage\"},\"image\":{\"@id\":\"https:\/\/tourtravelandmore.com\/es\/tours\/china-es\/hong-kong-es\/todos-los-tours-privados-es-9\/tour-privado-de-medio-dia-por-la-ciudad-de-hong-kong-copy\/#primaryimage\"},\"thumbnailUrl\":\"https:\/\/tourtravelandmore.com\/wp-content\/uploads\/2025\/09\/pexels-jimbear-2300342.jpg\",\"datePublished\":\"2025-10-06T13:59:52+00:00\",\"dateModified\":\"2025-10-06T14:18:36+00:00\",\"description\":\"Tour privado por la ciudad de Hong Kong. Explore sus calles con este tour privado de d\u00eda completo con gu\u00eda y veh\u00edculo privado\u2705\",\"breadcrumb\":{\"@id\":\"https:\/\/tourtravelandmore.com\/es\/tours\/china-es\/hong-kong-es\/todos-los-tours-privados-es-9\/tour-privado-de-medio-dia-por-la-ciudad-de-hong-kong-copy\/#breadcrumb\"},\"inLanguage\":\"es\",\"potentialAction\":[{\"@type\":\"ReadAction\",\"target\":[\"https:\/\/tourtravelandmore.com\/es\/tours\/china-es\/hong-kong-es\/todos-los-tours-privados-es-9\/tour-privado-de-medio-dia-por-la-ciudad-de-hong-kong-copy\/\"]}]},{\"@type\":\"ImageObject\",\"inLanguage\":\"es\",\"@id\":\"https:\/\/tourtravelandmore.com\/es\/tours\/china-es\/hong-kong-es\/todos-los-tours-privados-es-9\/tour-privado-de-medio-dia-por-la-ciudad-de-hong-kong-copy\/#primaryimage\",\"url\":\"https:\/\/tourtravelandmore.com\/wp-content\/uploads\/2025\/09\/pexels-jimbear-2300342.jpg\",\"contentUrl\":\"https:\/\/tourtravelandmore.com\/wp-content\/uploads\/2025\/09\/pexels-jimbear-2300342.jpg\",\"width\":1280,\"height\":853},{\"@type\":\"BreadcrumbList\",\"@id\":\"https:\/\/tourtravelandmore.com\/es\/tours\/china-es\/hong-kong-es\/todos-los-tours-privados-es-9\/tour-privado-de-medio-dia-por-la-ciudad-de-hong-kong-copy\/#breadcrumb\",\"itemListElement\":[{\"@type\":\"ListItem\",\"position\":1,\"name\":\"Home\",\"item\":\"https:\/\/tourtravelandmore.com\/es\/\"},{\"@type\":\"ListItem\",\"position\":2,\"name\":\"Tours\",\"item\":\"https:\/\/tourtravelandmore.com\/es\/tours\/\"},{\"@type\":\"ListItem\",\"position\":3,\"name\":\"Tour privado por la ciudad de Hong Kong\"}]},{\"@type\":\"WebSite\",\"@id\":\"https:\/\/tourtravelandmore.com\/es\/#website\",\"url\":\"https:\/\/tourtravelandmore.com\/es\/\",\"name\":\"Tour Travel And More\",\"description\":\"Private sightseeing tours and luxury transfers in Spain\",\"publisher\":{\"@id\":\"https:\/\/tourtravelandmore.com\/es\/#organization\"},\"potentialAction\":[{\"@type\":\"SearchAction\",\"target\":{\"@type\":\"EntryPoint\",\"urlTemplate\":\"https:\/\/tourtravelandmore.com\/es\/?s={search_term_string}\"},\"query-input\":{\"@type\":\"PropertyValueSpecification\",\"valueRequired\":true,\"valueName\":\"search_term_string\"}}],\"inLanguage\":\"es\"},{\"@type\":\"Organization\",\"@id\":\"https:\/\/tourtravelandmore.com\/es\/#organization\",\"name\":\"Tour Travel And More\",\"url\":\"https:\/\/tourtravelandmore.com\/es\/\",\"logo\":{\"@type\":\"ImageObject\",\"inLanguage\":\"es\",\"@id\":\"https:\/\/tourtravelandmore.com\/es\/#\/schema\/logo\/image\/\",\"url\":\"https:\/\/tourtravelandmore.com\/wp-content\/uploads\/2022\/12\/cropped-logo-cabecera-new.png\",\"contentUrl\":\"https:\/\/tourtravelandmore.com\/wp-content\/uploads\/2022\/12\/cropped-logo-cabecera-new.png\",\"width\":430,\"height\":61,\"caption\":\"Tour Travel And More\"},\"image\":{\"@id\":\"https:\/\/tourtravelandmore.com\/es\/#\/schema\/logo\/image\/\"},\"sameAs\":[\"https:\/\/www.facebook.com\/tourtravelandmore\/\",\"https:\/\/x.com\/TourTravel_More\"]}]}<\/script>\n<!-- \/ Yoast SEO Premium plugin. -->","yoast_head_json":{"title":"\u27a1\ufe0f Tour privado por la ciudad de Hong Kong | TT&M","description":"Tour privado por la ciudad de Hong Kong. Explore sus calles con este tour privado de d\u00eda completo con gu\u00eda y veh\u00edculo privado\u2705","robots":{"index":"index","follow":"follow","max-snippet":"max-snippet:-1","max-image-preview":"max-image-preview:large","max-video-preview":"max-video-preview:-1"},"canonical":"https:\/\/tourtravelandmore.com\/es\/tours\/china-es\/hong-kong-es\/todos-los-tours-privados-es-9\/tour-privado-de-medio-dia-por-la-ciudad-de-hong-kong-copy\/","og_locale":"es_ES","og_type":"article","og_title":"Tour privado por la ciudad de Hong Kong","og_description":"Tour privado por la ciudad de Hong Kong. Explore sus calles con este tour privado de d\u00eda completo con gu\u00eda y veh\u00edculo privado\u2705","og_url":"https:\/\/tourtravelandmore.com\/es\/tours\/china-es\/hong-kong-es\/todos-los-tours-privados-es-9\/tour-privado-de-medio-dia-por-la-ciudad-de-hong-kong-copy\/","og_site_name":"Tour Travel And More","article_publisher":"https:\/\/www.facebook.com\/tourtravelandmore\/","article_modified_time":"2025-10-06T14:18:36+00:00","og_image":[{"width":1280,"height":853,"url":"https:\/\/tourtravelandmore.com\/wp-content\/uploads\/2025\/09\/pexels-jimbear-2300342.jpg","type":"image\/jpeg"}],"twitter_card":"summary_large_image","twitter_site":"@TourTravel_More","twitter_misc":{"Tiempo de lectura":"2 minutos"},"schema":{"@context":"https:\/\/schema.org","@graph":[{"@type":"WebPage","@id":"https:\/\/tourtravelandmore.com\/es\/tours\/china-es\/hong-kong-es\/todos-los-tours-privados-es-9\/tour-privado-de-medio-dia-por-la-ciudad-de-hong-kong-copy\/","url":"https:\/\/tourtravelandmore.com\/es\/tours\/china-es\/hong-kong-es\/todos-los-tours-privados-es-9\/tour-privado-de-medio-dia-por-la-ciudad-de-hong-kong-copy\/","name":"\u27a1\ufe0f Tour privado por la ciudad de Hong Kong | TT&M","isPartOf":{"@id":"https:\/\/tourtravelandmore.com\/es\/#website"},"primaryImageOfPage":{"@id":"https:\/\/tourtravelandmore.com\/es\/tours\/china-es\/hong-kong-es\/todos-los-tours-privados-es-9\/tour-privado-de-medio-dia-por-la-ciudad-de-hong-kong-copy\/#primaryimage"},"image":{"@id":"https:\/\/tourtravelandmore.com\/es\/tours\/china-es\/hong-kong-es\/todos-los-tours-privados-es-9\/tour-privado-de-medio-dia-por-la-ciudad-de-hong-kong-copy\/#primaryimage"},"thumbnailUrl":"https:\/\/tourtravelandmore.com\/wp-content\/uploads\/2025\/09\/pexels-jimbear-2300342.jpg","datePublished":"2025-10-06T13:59:52+00:00","dateModified":"2025-10-06T14:18:36+00:00","description":"Tour privado por la ciudad de Hong Kong. Explore sus calles con este tour privado de d\u00eda completo con gu\u00eda y veh\u00edculo privado\u2705","breadcrumb":{"@id":"https:\/\/tourtravelandmore.com\/es\/tours\/china-es\/hong-kong-es\/todos-los-tours-privados-es-9\/tour-privado-de-medio-dia-por-la-ciudad-de-hong-kong-copy\/#breadcrumb"},"inLanguage":"es","potentialAction":[{"@type":"ReadAction","target":["https:\/\/tourtravelandmore.com\/es\/tours\/china-es\/hong-kong-es\/todos-los-tours-privados-es-9\/tour-privado-de-medio-dia-por-la-ciudad-de-hong-kong-copy\/"]}]},{"@type":"ImageObject","inLanguage":"es","@id":"https:\/\/tourtravelandmore.com\/es\/tours\/china-es\/hong-kong-es\/todos-los-tours-privados-es-9\/tour-privado-de-medio-dia-por-la-ciudad-de-hong-kong-copy\/#primaryimage","url":"https:\/\/tourtravelandmore.com\/wp-content\/uploads\/2025\/09\/pexels-jimbear-2300342.jpg","contentUrl":"https:\/\/tourtravelandmore.com\/wp-content\/uploads\/2025\/09\/pexels-jimbear-2300342.jpg","width":1280,"height":853},{"@type":"BreadcrumbList","@id":"https:\/\/tourtravelandmore.com\/es\/tours\/china-es\/hong-kong-es\/todos-los-tours-privados-es-9\/tour-privado-de-medio-dia-por-la-ciudad-de-hong-kong-copy\/#breadcrumb","itemListElement":[{"@type":"ListItem","position":1,"name":"Home","item":"https:\/\/tourtravelandmore.com\/es\/"},{"@type":"ListItem","position":2,"name":"Tours","item":"https:\/\/tourtravelandmore.com\/es\/tours\/"},{"@type":"ListItem","position":3,"name":"Tour privado por la ciudad de Hong Kong"}]},{"@type":"WebSite","@id":"https:\/\/tourtravelandmore.com\/es\/#website","url":"https:\/\/tourtravelandmore.com\/es\/","name":"Tour Travel And More","description":"Private sightseeing tours and luxury transfers in Spain","publisher":{"@id":"https:\/\/tourtravelandmore.com\/es\/#organization"},"potentialAction":[{"@type":"SearchAction","target":{"@type":"EntryPoint","urlTemplate":"https:\/\/tourtravelandmore.com\/es\/?s={search_term_string}"},"query-input":{"@type":"PropertyValueSpecification","valueRequired":true,"valueName":"search_term_string"}}],"inLanguage":"es"},{"@type":"Organization","@id":"https:\/\/tourtravelandmore.com\/es\/#organization","name":"Tour Travel And More","url":"https:\/\/tourtravelandmore.com\/es\/","logo":{"@type":"ImageObject","inLanguage":"es","@id":"https:\/\/tourtravelandmore.com\/es\/#\/schema\/logo\/image\/","url":"https:\/\/tourtravelandmore.com\/wp-content\/uploads\/2022\/12\/cropped-logo-cabecera-new.png","contentUrl":"https:\/\/tourtravelandmore.com\/wp-content\/uploads\/2022\/12\/cropped-logo-cabecera-new.png","width":430,"height":61,"caption":"Tour Travel And More"},"image":{"@id":"https:\/\/tourtravelandmore.com\/es\/#\/schema\/logo\/image\/"},"sameAs":["https:\/\/www.facebook.com\/tourtravelandmore\/","https:\/\/x.com\/TourTravel_More"]}]}},"_links":{"self":[{"href":"https:\/\/tourtravelandmore.com\/es\/wp-json\/wp\/v2\/product\/187223","targetHints":{"allow":["GET"]}}],"collection":[{"href":"https:\/\/tourtravelandmore.com\/es\/wp-json\/wp\/v2\/product"}],"about":[{"href":"https:\/\/tourtravelandmore.com\/es\/wp-json\/wp\/v2\/types\/product"}],"replies":[{"embeddable":true,"href":"https:\/\/tourtravelandmore.com\/es\/wp-json\/wp\/v2\/comments?post=187223"}],"wp:featuredmedia":[{"embeddable":true,"href":"https:\/\/tourtravelandmore.com\/es\/wp-json\/wp\/v2\/media\/187111"}],"wp:attachment":[{"href":"https:\/\/tourtravelandmore.com\/es\/wp-json\/wp\/v2\/media?parent=187223"}],"wp:term":[{"taxonomy":"product_brand","embeddable":true,"href":"https:\/\/tourtravelandmore.com\/es\/wp-json\/wp\/v2\/product_brand?post=187223"},{"taxonomy":"product_cat","embeddable":true,"href":"https:\/\/tourtravelandmore.com\/es\/wp-json\/wp\/v2\/product_cat?post=187223"},{"taxonomy":"product_tag","embeddable":true,"href":"https:\/\/tourtravelandmore.com\/es\/wp-json\/wp\/v2\/product_tag?post=187223"}],"curies":[{"name":"wp","href":"https:\/\/api.w.org\/{rel}","templated":true}]}}