{"id":187132,"date":"2025-09-24T17:30:38","date_gmt":"2025-09-24T15:30:38","guid":{"rendered":"https:\/\/tourtravelandmore.com\/?post_type=product&#038;p=187132"},"modified":"2025-09-24T17:40:00","modified_gmt":"2025-09-24T15:40:00","slug":"tour-privado-a-pie-por-el-casco-antiguo-y-los-mercados-de-hong-kong-copy","status":"publish","type":"product","link":"https:\/\/tourtravelandmore.com\/es\/tours\/china-es\/hong-kong-es\/todos-los-tours-privados-es-9\/tour-privado-a-pie-por-el-casco-antiguo-y-los-mercados-de-hong-kong-copy\/","title":{"rendered":"Tour privado de medio d\u00eda por la ciudad de Hong Kong"},"content":{"rendered":"<h2>Descripci\u00f3n<\/h2>\n<p>Descubra una de las ciudades m\u00e1s din\u00e1micas de Asia en nuestra <b>visita privada de medio d\u00eda por Hong Kong<\/b>. En solo unas horas, explorar\u00e1 c\u00f3modamente los lugares m\u00e1s emblem\u00e1ticos de la ciudad en un veh\u00edculo privado y con un gu\u00eda experto. Esta visita es perfecta para quienes visitan la ciudad por primera vez y desean combinar el patrimonio cultural con los monumentos modernos.<\/p>\n<p>Su gu\u00eda adaptar\u00e1 el itinerario a sus intereses, comenzando con un recorrido panor\u00e1mico por <a href=\"https:\/\/www.discoverhongkong.com\/eng\/explore\/attractions\/victoria-harbour.html\"><b>Victoria Harbour<\/b><\/a>. A continuaci\u00f3n, visitaremos <b>Victoria Peak<\/b> para disfrutar de unas vistas impresionantes de la ciudad y sus rascacielos. El tour contin\u00faa por <b>Repulse Bay<\/b>, una de las playas m\u00e1s populares de Hong Kong, antes de dirigirse a <b>Aberdeen Fishing Village<\/b>, donde podr\u00e1 admirar los juncos tradicionales y la comunidad flotante.<\/p>\n<h2>Puntos destacados | Tour privado de medio d\u00eda por la ciudad de Hong Kong<\/h2>\n<ul>\n<li><b>Victoria Peak:<\/b> Disfrute de una vista panor\u00e1mica del horizonte y el puerto de Hong Kong.<\/li>\n<li><b>Repulse Bay:<\/b> Descubra una de las playas m\u00e1s pintorescas de la ciudad.<\/li>\n<li><b>Pueblo pesquero de Aberdeen:<\/b> Experimente las tradiciones mar\u00edtimas de Hong Kong.<\/li>\n<li><b>Puerto Victoria:<\/b> Recorra en coche uno de los paseos mar\u00edtimos m\u00e1s emblem\u00e1ticos de Asia.<\/li>\n<\/ul>\n<p>Esta <b>visita privada de medio d\u00eda a la ciudad de Hong Kong<\/b> ofrece una introducci\u00f3n perfecta a la ciudad, combinando cultura, historia y vistas impresionantes. Con la comodidad de un conductor privado y los conocimientos de su gu\u00eda, disfrutar\u00e1 de una experiencia inolvidable en Hong Kong.<\/p>\n<p>Para m\u00e1s visitas exclusivas en Asia, explore nuestras <a href=\"https:\/\/tourtravelandmore.com\/hong-kong\/\">visitas privadas a Hong Kong<\/a> y descubra otros destinos con <a href=\"https:\/\/tourtravelandmore.com\/\">Tour Travel &amp; More<\/a>.<\/p>\n","protected":false},"excerpt":{"rendered":"<p>Descubra una de las ciudades m\u00e1s din\u00e1micas de Asia en nuestra <b>visita privada de medio d\u00eda por Hong Kong<\/b>. En solo unas horas, explorar\u00e1 c\u00f3modamente los lugares m\u00e1s emblem\u00e1ticos de la ciudad en un veh\u00edculo privado y con un gu\u00eda experto. Esta visita es perfecta para quienes visitan la ciudad por primera vez y desean combinar el patrimonio cultural con los monumentos modernos.<\/p>\n","protected":false},"featured_media":187102,"comment_status":"open","ping_status":"closed","template":"","meta":{"_acf_changed":false},"product_brand":[],"product_cat":[5604,5606,5608],"product_tag":[],"class_list":{"0":"post-187132","1":"product","2":"type-product","3":"status-publish","4":"has-post-thumbnail","6":"product_cat-china-es","7":"product_cat-hong-kong-es","8":"product_cat-todos-los-tours-privados-es-9","10":"first","11":"instock","12":"shipping-taxable","13":"purchasable","14":"product-type-simple"},"acf":[],"yoast_head":"<!-- This site is optimized with the Yoast SEO Premium plugin v25.3.1 (Yoast SEO v25.3.1) - https:\/\/yoast.com\/wordpress\/plugins\/seo\/ -->\n<title>\u27a1\ufe0f Tour privado de medio d\u00eda por la ciudad de Hong Kong | TT&amp;M<\/title>\n<meta name=\"description\" content=\"Tour privado de medio d\u00eda por la ciudad de Hong Kong. Explore sus calles con este tour privado de d\u00eda completo con gu\u00eda y veh\u00edculo privado\u2705\" \/>\n<meta name=\"robots\" content=\"index, follow, max-snippet:-1, max-image-preview:large, max-video-preview:-1\" \/>\n<link rel=\"canonical\" href=\"https:\/\/tourtravelandmore.com\/es\/tours\/china-es\/hong-kong-es\/todos-los-tours-privados-es-9\/tour-privado-a-pie-por-el-casco-antiguo-y-los-mercados-de-hong-kong-copy\/\" \/>\n<meta property=\"og:locale\" content=\"es_ES\" \/>\n<meta property=\"og:type\" content=\"article\" \/>\n<meta property=\"og:title\" content=\"Tour privado de medio d\u00eda por la ciudad de Hong Kong\" \/>\n<meta property=\"og:description\" content=\"Tour privado de medio d\u00eda por la ciudad de Hong Kong. Explore sus calles con este tour privado de d\u00eda completo con gu\u00eda y veh\u00edculo privado\u2705\" \/>\n<meta property=\"og:url\" content=\"https:\/\/tourtravelandmore.com\/es\/tours\/china-es\/hong-kong-es\/todos-los-tours-privados-es-9\/tour-privado-a-pie-por-el-casco-antiguo-y-los-mercados-de-hong-kong-copy\/\" \/>\n<meta property=\"og:site_name\" content=\"Tour Travel And More\" \/>\n<meta property=\"article:publisher\" content=\"https:\/\/www.facebook.com\/tourtravelandmore\/\" \/>\n<meta property=\"article:modified_time\" content=\"2025-09-24T15:40:00+00:00\" \/>\n<meta property=\"og:image\" content=\"https:\/\/tourtravelandmore.com\/wp-content\/uploads\/2025\/09\/pexels-jimbear-946630.jpg\" \/>\n\t<meta property=\"og:image:width\" content=\"1280\" \/>\n\t<meta property=\"og:image:height\" content=\"853\" \/>\n\t<meta property=\"og:image:type\" content=\"image\/jpeg\" \/>\n<meta name=\"twitter:card\" content=\"summary_large_image\" \/>\n<meta name=\"twitter:site\" content=\"@TourTravel_More\" \/>\n<meta name=\"twitter:label1\" content=\"Tiempo de lectura\" \/>\n\t<meta name=\"twitter:data1\" content=\"2 minutos\" \/>\n<script type=\"application\/ld+json\" class=\"yoast-schema-graph\">{\"@context\":\"https:\/\/schema.org\",\"@graph\":[{\"@type\":\"WebPage\",\"@id\":\"https:\/\/tourtravelandmore.com\/es\/tours\/china-es\/hong-kong-es\/todos-los-tours-privados-es-9\/tour-privado-a-pie-por-el-casco-antiguo-y-los-mercados-de-hong-kong-copy\/\",\"url\":\"https:\/\/tourtravelandmore.com\/es\/tours\/china-es\/hong-kong-es\/todos-los-tours-privados-es-9\/tour-privado-a-pie-por-el-casco-antiguo-y-los-mercados-de-hong-kong-copy\/\",\"name\":\"\u27a1\ufe0f Tour privado de medio d\u00eda por la ciudad de Hong Kong | TT&M\",\"isPartOf\":{\"@id\":\"https:\/\/tourtravelandmore.com\/es\/#website\"},\"primaryImageOfPage\":{\"@id\":\"https:\/\/tourtravelandmore.com\/es\/tours\/china-es\/hong-kong-es\/todos-los-tours-privados-es-9\/tour-privado-a-pie-por-el-casco-antiguo-y-los-mercados-de-hong-kong-copy\/#primaryimage\"},\"image\":{\"@id\":\"https:\/\/tourtravelandmore.com\/es\/tours\/china-es\/hong-kong-es\/todos-los-tours-privados-es-9\/tour-privado-a-pie-por-el-casco-antiguo-y-los-mercados-de-hong-kong-copy\/#primaryimage\"},\"thumbnailUrl\":\"https:\/\/tourtravelandmore.com\/wp-content\/uploads\/2025\/09\/pexels-jimbear-946630.jpg\",\"datePublished\":\"2025-09-24T15:30:38+00:00\",\"dateModified\":\"2025-09-24T15:40:00+00:00\",\"description\":\"Tour privado de medio d\u00eda por la ciudad de Hong Kong. Explore sus calles con este tour privado de d\u00eda completo con gu\u00eda y veh\u00edculo privado\u2705\",\"breadcrumb\":{\"@id\":\"https:\/\/tourtravelandmore.com\/es\/tours\/china-es\/hong-kong-es\/todos-los-tours-privados-es-9\/tour-privado-a-pie-por-el-casco-antiguo-y-los-mercados-de-hong-kong-copy\/#breadcrumb\"},\"inLanguage\":\"es\",\"potentialAction\":[{\"@type\":\"ReadAction\",\"target\":[\"https:\/\/tourtravelandmore.com\/es\/tours\/china-es\/hong-kong-es\/todos-los-tours-privados-es-9\/tour-privado-a-pie-por-el-casco-antiguo-y-los-mercados-de-hong-kong-copy\/\"]}]},{\"@type\":\"ImageObject\",\"inLanguage\":\"es\",\"@id\":\"https:\/\/tourtravelandmore.com\/es\/tours\/china-es\/hong-kong-es\/todos-los-tours-privados-es-9\/tour-privado-a-pie-por-el-casco-antiguo-y-los-mercados-de-hong-kong-copy\/#primaryimage\",\"url\":\"https:\/\/tourtravelandmore.com\/wp-content\/uploads\/2025\/09\/pexels-jimbear-946630.jpg\",\"contentUrl\":\"https:\/\/tourtravelandmore.com\/wp-content\/uploads\/2025\/09\/pexels-jimbear-946630.jpg\",\"width\":1280,\"height\":853},{\"@type\":\"BreadcrumbList\",\"@id\":\"https:\/\/tourtravelandmore.com\/es\/tours\/china-es\/hong-kong-es\/todos-los-tours-privados-es-9\/tour-privado-a-pie-por-el-casco-antiguo-y-los-mercados-de-hong-kong-copy\/#breadcrumb\",\"itemListElement\":[{\"@type\":\"ListItem\",\"position\":1,\"name\":\"Home\",\"item\":\"https:\/\/tourtravelandmore.com\/es\/\"},{\"@type\":\"ListItem\",\"position\":2,\"name\":\"Tours\",\"item\":\"https:\/\/tourtravelandmore.com\/es\/tours\/\"},{\"@type\":\"ListItem\",\"position\":3,\"name\":\"Tour privado de medio d\u00eda por la ciudad de Hong Kong\"}]},{\"@type\":\"WebSite\",\"@id\":\"https:\/\/tourtravelandmore.com\/es\/#website\",\"url\":\"https:\/\/tourtravelandmore.com\/es\/\",\"name\":\"Tour Travel And More\",\"description\":\"Private sightseeing tours and luxury transfers in Spain\",\"publisher\":{\"@id\":\"https:\/\/tourtravelandmore.com\/es\/#organization\"},\"potentialAction\":[{\"@type\":\"SearchAction\",\"target\":{\"@type\":\"EntryPoint\",\"urlTemplate\":\"https:\/\/tourtravelandmore.com\/es\/?s={search_term_string}\"},\"query-input\":{\"@type\":\"PropertyValueSpecification\",\"valueRequired\":true,\"valueName\":\"search_term_string\"}}],\"inLanguage\":\"es\"},{\"@type\":\"Organization\",\"@id\":\"https:\/\/tourtravelandmore.com\/es\/#organization\",\"name\":\"Tour Travel And More\",\"url\":\"https:\/\/tourtravelandmore.com\/es\/\",\"logo\":{\"@type\":\"ImageObject\",\"inLanguage\":\"es\",\"@id\":\"https:\/\/tourtravelandmore.com\/es\/#\/schema\/logo\/image\/\",\"url\":\"https:\/\/tourtravelandmore.com\/wp-content\/uploads\/2022\/12\/cropped-logo-cabecera-new.png\",\"contentUrl\":\"https:\/\/tourtravelandmore.com\/wp-content\/uploads\/2022\/12\/cropped-logo-cabecera-new.png\",\"width\":430,\"height\":61,\"caption\":\"Tour Travel And More\"},\"image\":{\"@id\":\"https:\/\/tourtravelandmore.com\/es\/#\/schema\/logo\/image\/\"},\"sameAs\":[\"https:\/\/www.facebook.com\/tourtravelandmore\/\",\"https:\/\/x.com\/TourTravel_More\"]}]}<\/script>\n<!-- \/ Yoast SEO Premium plugin. -->","yoast_head_json":{"title":"\u27a1\ufe0f Tour privado de medio d\u00eda por la ciudad de Hong Kong | TT&M","description":"Tour privado de medio d\u00eda por la ciudad de Hong Kong. Explore sus calles con este tour privado de d\u00eda completo con gu\u00eda y veh\u00edculo privado\u2705","robots":{"index":"index","follow":"follow","max-snippet":"max-snippet:-1","max-image-preview":"max-image-preview:large","max-video-preview":"max-video-preview:-1"},"canonical":"https:\/\/tourtravelandmore.com\/es\/tours\/china-es\/hong-kong-es\/todos-los-tours-privados-es-9\/tour-privado-a-pie-por-el-casco-antiguo-y-los-mercados-de-hong-kong-copy\/","og_locale":"es_ES","og_type":"article","og_title":"Tour privado de medio d\u00eda por la ciudad de Hong Kong","og_description":"Tour privado de medio d\u00eda por la ciudad de Hong Kong. Explore sus calles con este tour privado de d\u00eda completo con gu\u00eda y veh\u00edculo privado\u2705","og_url":"https:\/\/tourtravelandmore.com\/es\/tours\/china-es\/hong-kong-es\/todos-los-tours-privados-es-9\/tour-privado-a-pie-por-el-casco-antiguo-y-los-mercados-de-hong-kong-copy\/","og_site_name":"Tour Travel And More","article_publisher":"https:\/\/www.facebook.com\/tourtravelandmore\/","article_modified_time":"2025-09-24T15:40:00+00:00","og_image":[{"width":1280,"height":853,"url":"https:\/\/tourtravelandmore.com\/wp-content\/uploads\/2025\/09\/pexels-jimbear-946630.jpg","type":"image\/jpeg"}],"twitter_card":"summary_large_image","twitter_site":"@TourTravel_More","twitter_misc":{"Tiempo de lectura":"2 minutos"},"schema":{"@context":"https:\/\/schema.org","@graph":[{"@type":"WebPage","@id":"https:\/\/tourtravelandmore.com\/es\/tours\/china-es\/hong-kong-es\/todos-los-tours-privados-es-9\/tour-privado-a-pie-por-el-casco-antiguo-y-los-mercados-de-hong-kong-copy\/","url":"https:\/\/tourtravelandmore.com\/es\/tours\/china-es\/hong-kong-es\/todos-los-tours-privados-es-9\/tour-privado-a-pie-por-el-casco-antiguo-y-los-mercados-de-hong-kong-copy\/","name":"\u27a1\ufe0f Tour privado de medio d\u00eda por la ciudad de Hong Kong | TT&M","isPartOf":{"@id":"https:\/\/tourtravelandmore.com\/es\/#website"},"primaryImageOfPage":{"@id":"https:\/\/tourtravelandmore.com\/es\/tours\/china-es\/hong-kong-es\/todos-los-tours-privados-es-9\/tour-privado-a-pie-por-el-casco-antiguo-y-los-mercados-de-hong-kong-copy\/#primaryimage"},"image":{"@id":"https:\/\/tourtravelandmore.com\/es\/tours\/china-es\/hong-kong-es\/todos-los-tours-privados-es-9\/tour-privado-a-pie-por-el-casco-antiguo-y-los-mercados-de-hong-kong-copy\/#primaryimage"},"thumbnailUrl":"https:\/\/tourtravelandmore.com\/wp-content\/uploads\/2025\/09\/pexels-jimbear-946630.jpg","datePublished":"2025-09-24T15:30:38+00:00","dateModified":"2025-09-24T15:40:00+00:00","description":"Tour privado de medio d\u00eda por la ciudad de Hong Kong. Explore sus calles con este tour privado de d\u00eda completo con gu\u00eda y veh\u00edculo privado\u2705","breadcrumb":{"@id":"https:\/\/tourtravelandmore.com\/es\/tours\/china-es\/hong-kong-es\/todos-los-tours-privados-es-9\/tour-privado-a-pie-por-el-casco-antiguo-y-los-mercados-de-hong-kong-copy\/#breadcrumb"},"inLanguage":"es","potentialAction":[{"@type":"ReadAction","target":["https:\/\/tourtravelandmore.com\/es\/tours\/china-es\/hong-kong-es\/todos-los-tours-privados-es-9\/tour-privado-a-pie-por-el-casco-antiguo-y-los-mercados-de-hong-kong-copy\/"]}]},{"@type":"ImageObject","inLanguage":"es","@id":"https:\/\/tourtravelandmore.com\/es\/tours\/china-es\/hong-kong-es\/todos-los-tours-privados-es-9\/tour-privado-a-pie-por-el-casco-antiguo-y-los-mercados-de-hong-kong-copy\/#primaryimage","url":"https:\/\/tourtravelandmore.com\/wp-content\/uploads\/2025\/09\/pexels-jimbear-946630.jpg","contentUrl":"https:\/\/tourtravelandmore.com\/wp-content\/uploads\/2025\/09\/pexels-jimbear-946630.jpg","width":1280,"height":853},{"@type":"BreadcrumbList","@id":"https:\/\/tourtravelandmore.com\/es\/tours\/china-es\/hong-kong-es\/todos-los-tours-privados-es-9\/tour-privado-a-pie-por-el-casco-antiguo-y-los-mercados-de-hong-kong-copy\/#breadcrumb","itemListElement":[{"@type":"ListItem","position":1,"name":"Home","item":"https:\/\/tourtravelandmore.com\/es\/"},{"@type":"ListItem","position":2,"name":"Tours","item":"https:\/\/tourtravelandmore.com\/es\/tours\/"},{"@type":"ListItem","position":3,"name":"Tour privado de medio d\u00eda por la ciudad de Hong Kong"}]},{"@type":"WebSite","@id":"https:\/\/tourtravelandmore.com\/es\/#website","url":"https:\/\/tourtravelandmore.com\/es\/","name":"Tour Travel And More","description":"Private sightseeing tours and luxury transfers in Spain","publisher":{"@id":"https:\/\/tourtravelandmore.com\/es\/#organization"},"potentialAction":[{"@type":"SearchAction","target":{"@type":"EntryPoint","urlTemplate":"https:\/\/tourtravelandmore.com\/es\/?s={search_term_string}"},"query-input":{"@type":"PropertyValueSpecification","valueRequired":true,"valueName":"search_term_string"}}],"inLanguage":"es"},{"@type":"Organization","@id":"https:\/\/tourtravelandmore.com\/es\/#organization","name":"Tour Travel And More","url":"https:\/\/tourtravelandmore.com\/es\/","logo":{"@type":"ImageObject","inLanguage":"es","@id":"https:\/\/tourtravelandmore.com\/es\/#\/schema\/logo\/image\/","url":"https:\/\/tourtravelandmore.com\/wp-content\/uploads\/2022\/12\/cropped-logo-cabecera-new.png","contentUrl":"https:\/\/tourtravelandmore.com\/wp-content\/uploads\/2022\/12\/cropped-logo-cabecera-new.png","width":430,"height":61,"caption":"Tour Travel And More"},"image":{"@id":"https:\/\/tourtravelandmore.com\/es\/#\/schema\/logo\/image\/"},"sameAs":["https:\/\/www.facebook.com\/tourtravelandmore\/","https:\/\/x.com\/TourTravel_More"]}]}},"_links":{"self":[{"href":"https:\/\/tourtravelandmore.com\/es\/wp-json\/wp\/v2\/product\/187132","targetHints":{"allow":["GET"]}}],"collection":[{"href":"https:\/\/tourtravelandmore.com\/es\/wp-json\/wp\/v2\/product"}],"about":[{"href":"https:\/\/tourtravelandmore.com\/es\/wp-json\/wp\/v2\/types\/product"}],"replies":[{"embeddable":true,"href":"https:\/\/tourtravelandmore.com\/es\/wp-json\/wp\/v2\/comments?post=187132"}],"wp:featuredmedia":[{"embeddable":true,"href":"https:\/\/tourtravelandmore.com\/es\/wp-json\/wp\/v2\/media\/187102"}],"wp:attachment":[{"href":"https:\/\/tourtravelandmore.com\/es\/wp-json\/wp\/v2\/media?parent=187132"}],"wp:term":[{"taxonomy":"product_brand","embeddable":true,"href":"https:\/\/tourtravelandmore.com\/es\/wp-json\/wp\/v2\/product_brand?post=187132"},{"taxonomy":"product_cat","embeddable":true,"href":"https:\/\/tourtravelandmore.com\/es\/wp-json\/wp\/v2\/product_cat?post=187132"},{"taxonomy":"product_tag","embeddable":true,"href":"https:\/\/tourtravelandmore.com\/es\/wp-json\/wp\/v2\/product_tag?post=187132"}],"curies":[{"name":"wp","href":"https:\/\/api.w.org\/{rel}","templated":true}]}}