{"id":187080,"date":"2025-09-24T17:00:55","date_gmt":"2025-09-24T15:00:56","guid":{"rendered":"https:\/\/tourtravelandmore.com\/?post_type=product&#038;p=187080"},"modified":"2025-09-24T17:10:55","modified_gmt":"2025-09-24T15:10:55","slug":"tour-privado-a-pie-por-el-casco-antiguo-de-bangkok-copy-2","status":"publish","type":"product","link":"https:\/\/tourtravelandmore.com\/es\/tours\/china-es\/hong-kong-es\/todos-los-tours-privados-es-9\/tour-privado-a-pie-por-el-casco-antiguo-de-bangkok-copy-2\/","title":{"rendered":"Tour privado a pie por el casco antiguo y los mercados de Hong Kong"},"content":{"rendered":"<h2>Descripci\u00f3n | Tour privado a pie por el casco antiguo y los mercados de Hong Kong<\/h2>\n<p>Descubra el encanto de la ciudad en un <b>tour privado a pie por el casco antiguo y los mercados de Hong Kong<\/b>, donde la tradici\u00f3n se mezcla con la vida moderna. Esta experiencia es ideal para los viajeros que desean sumergirse en el aut\u00e9ntico ambiente de Hong Kong mientras exploran sus barrios hist\u00f3ricos y sus bulliciosos mercados locales.<\/p>\n<p>Su gu\u00eda privado le llevar\u00e1 por las estrechas calles del casco antiguo, mostr\u00e1ndole templos, arquitectura colonial y rincones ocultos que reflejan la rica mezcla cultural de la ciudad. Mientras camina, tambi\u00e9n visitar\u00e1 los mercados tradicionales, donde los lugare\u00f1os compran a diario. Aqu\u00ed podr\u00e1 ver puestos llenos de productos frescos, marisco seco, hierbas y recuerdos \u00fanicos. Este animado ambiente ofrece una visi\u00f3n real de la vida cotidiana en Hong Kong.<\/p>\n<h2>Puntos destacados<\/h2>\n<ul>\n<li><b>Calles del casco antiguo:<\/b> Explore el coraz\u00f3n hist\u00f3rico de Hong Kong con sus templos tradicionales y lugares patrimoniales.<\/li>\n<li><b>Mercados locales:<\/b> Experimente los colores, aromas y sabores de los aut\u00e9nticos mercados callejeros.<\/li>\n<li><b>Patrimonio colonial:<\/b> aprenda sobre el fascinante pasado que ha dado forma a la identidad de Hong Kong.<\/li>\n<li><b>Inmersi\u00f3n cultural:<\/b> descubra c\u00f3mo conviven la tradici\u00f3n y la modernidad en la ciudad.<\/li>\n<\/ul>\n<p>El <b>tour privado a pie por el casco antiguo y los mercados de Hong Kong<\/b> es la forma perfecta de conocer el lado m\u00e1s \u00edntimo de <a href=\"https:\/\/es.wikipedia.org\/wiki\/Hong_Kong\">Hong Kong<\/a>. Con la gu\u00eda de un experto local, no solo visitar\u00e1 lugares emblem\u00e1ticos, sino que tambi\u00e9n disfrutar\u00e1 de un aut\u00e9ntico viaje cultural.<\/p>\n","protected":false},"excerpt":{"rendered":"<p>Descubra el encanto de la ciudad en un <b>tour privado a pie por el casco antiguo y los mercados de Hong Kong<\/b>, donde la tradici\u00f3n se mezcla con la vida moderna. Esta experiencia es ideal para los viajeros que desean sumergirse en el aut\u00e9ntico ambiente de Hong Kong mientras exploran sus barrios hist\u00f3ricos y sus bulliciosos mercados locales.<\/p>\n","protected":false},"featured_media":187099,"comment_status":"open","ping_status":"closed","template":"","meta":{"_acf_changed":false},"product_brand":[],"product_cat":[5604,5606,5608],"product_tag":[],"class_list":{"0":"post-187080","1":"product","2":"type-product","3":"status-publish","4":"has-post-thumbnail","6":"product_cat-china-es","7":"product_cat-hong-kong-es","8":"product_cat-todos-los-tours-privados-es-9","10":"first","11":"instock","12":"shipping-taxable","13":"purchasable","14":"product-type-simple"},"acf":[],"yoast_head":"<!-- This site is optimized with the Yoast SEO Premium plugin v25.3.1 (Yoast SEO v25.3.1) - https:\/\/yoast.com\/wordpress\/plugins\/seo\/ -->\n<title>\u27a1\ufe0f Tour privado a pie por el casco antiguo y los mercados de Hong Kong | TT&amp;M<\/title>\n<meta name=\"description\" content=\"Tour privado a pie por el casco antiguo y los mercados de Hong Kong. Explore sus calles con este tour privado de d\u00eda completo con gu\u00eda y veh\u00edculo privado\u2705\" \/>\n<meta name=\"robots\" content=\"index, follow, max-snippet:-1, max-image-preview:large, max-video-preview:-1\" \/>\n<link rel=\"canonical\" href=\"https:\/\/tourtravelandmore.com\/es\/tours\/china-es\/hong-kong-es\/todos-los-tours-privados-es-9\/tour-privado-a-pie-por-el-casco-antiguo-de-bangkok-copy-2\/\" \/>\n<meta property=\"og:locale\" content=\"es_ES\" \/>\n<meta property=\"og:type\" content=\"article\" \/>\n<meta property=\"og:title\" content=\"Tour privado a pie por el casco antiguo y los mercados de Hong Kong\" \/>\n<meta property=\"og:description\" content=\"Tour privado a pie por el casco antiguo y los mercados de Hong Kong. Explore sus calles con este tour privado de d\u00eda completo con gu\u00eda y veh\u00edculo privado\u2705\" \/>\n<meta property=\"og:url\" content=\"https:\/\/tourtravelandmore.com\/es\/tours\/china-es\/hong-kong-es\/todos-los-tours-privados-es-9\/tour-privado-a-pie-por-el-casco-antiguo-de-bangkok-copy-2\/\" \/>\n<meta property=\"og:site_name\" content=\"Tour Travel And More\" \/>\n<meta property=\"article:publisher\" content=\"https:\/\/www.facebook.com\/tourtravelandmore\/\" \/>\n<meta property=\"article:modified_time\" content=\"2025-09-24T15:10:55+00:00\" \/>\n<meta property=\"og:image\" content=\"https:\/\/tourtravelandmore.com\/wp-content\/uploads\/2025\/09\/pexels-harry-shum-17627821-6456847.jpg\" \/>\n\t<meta property=\"og:image:width\" content=\"1280\" \/>\n\t<meta property=\"og:image:height\" content=\"855\" \/>\n\t<meta property=\"og:image:type\" content=\"image\/jpeg\" \/>\n<meta name=\"twitter:card\" content=\"summary_large_image\" \/>\n<meta name=\"twitter:site\" content=\"@TourTravel_More\" \/>\n<meta name=\"twitter:label1\" content=\"Tiempo de lectura\" \/>\n\t<meta name=\"twitter:data1\" content=\"2 minutos\" \/>\n<script type=\"application\/ld+json\" class=\"yoast-schema-graph\">{\"@context\":\"https:\/\/schema.org\",\"@graph\":[{\"@type\":\"WebPage\",\"@id\":\"https:\/\/tourtravelandmore.com\/es\/tours\/china-es\/hong-kong-es\/todos-los-tours-privados-es-9\/tour-privado-a-pie-por-el-casco-antiguo-de-bangkok-copy-2\/\",\"url\":\"https:\/\/tourtravelandmore.com\/es\/tours\/china-es\/hong-kong-es\/todos-los-tours-privados-es-9\/tour-privado-a-pie-por-el-casco-antiguo-de-bangkok-copy-2\/\",\"name\":\"\u27a1\ufe0f Tour privado a pie por el casco antiguo y los mercados de Hong Kong | TT&M\",\"isPartOf\":{\"@id\":\"https:\/\/tourtravelandmore.com\/es\/#website\"},\"primaryImageOfPage\":{\"@id\":\"https:\/\/tourtravelandmore.com\/es\/tours\/china-es\/hong-kong-es\/todos-los-tours-privados-es-9\/tour-privado-a-pie-por-el-casco-antiguo-de-bangkok-copy-2\/#primaryimage\"},\"image\":{\"@id\":\"https:\/\/tourtravelandmore.com\/es\/tours\/china-es\/hong-kong-es\/todos-los-tours-privados-es-9\/tour-privado-a-pie-por-el-casco-antiguo-de-bangkok-copy-2\/#primaryimage\"},\"thumbnailUrl\":\"https:\/\/tourtravelandmore.com\/wp-content\/uploads\/2025\/09\/pexels-harry-shum-17627821-6456847.jpg\",\"datePublished\":\"2025-09-24T15:00:56+00:00\",\"dateModified\":\"2025-09-24T15:10:55+00:00\",\"description\":\"Tour privado a pie por el casco antiguo y los mercados de Hong Kong. Explore sus calles con este tour privado de d\u00eda completo con gu\u00eda y veh\u00edculo privado\u2705\",\"breadcrumb\":{\"@id\":\"https:\/\/tourtravelandmore.com\/es\/tours\/china-es\/hong-kong-es\/todos-los-tours-privados-es-9\/tour-privado-a-pie-por-el-casco-antiguo-de-bangkok-copy-2\/#breadcrumb\"},\"inLanguage\":\"es\",\"potentialAction\":[{\"@type\":\"ReadAction\",\"target\":[\"https:\/\/tourtravelandmore.com\/es\/tours\/china-es\/hong-kong-es\/todos-los-tours-privados-es-9\/tour-privado-a-pie-por-el-casco-antiguo-de-bangkok-copy-2\/\"]}]},{\"@type\":\"ImageObject\",\"inLanguage\":\"es\",\"@id\":\"https:\/\/tourtravelandmore.com\/es\/tours\/china-es\/hong-kong-es\/todos-los-tours-privados-es-9\/tour-privado-a-pie-por-el-casco-antiguo-de-bangkok-copy-2\/#primaryimage\",\"url\":\"https:\/\/tourtravelandmore.com\/wp-content\/uploads\/2025\/09\/pexels-harry-shum-17627821-6456847.jpg\",\"contentUrl\":\"https:\/\/tourtravelandmore.com\/wp-content\/uploads\/2025\/09\/pexels-harry-shum-17627821-6456847.jpg\",\"width\":1280,\"height\":855},{\"@type\":\"BreadcrumbList\",\"@id\":\"https:\/\/tourtravelandmore.com\/es\/tours\/china-es\/hong-kong-es\/todos-los-tours-privados-es-9\/tour-privado-a-pie-por-el-casco-antiguo-de-bangkok-copy-2\/#breadcrumb\",\"itemListElement\":[{\"@type\":\"ListItem\",\"position\":1,\"name\":\"Home\",\"item\":\"https:\/\/tourtravelandmore.com\/es\/\"},{\"@type\":\"ListItem\",\"position\":2,\"name\":\"Tours\",\"item\":\"https:\/\/tourtravelandmore.com\/es\/tours\/\"},{\"@type\":\"ListItem\",\"position\":3,\"name\":\"Tour privado a pie por el casco antiguo y los mercados de Hong Kong\"}]},{\"@type\":\"WebSite\",\"@id\":\"https:\/\/tourtravelandmore.com\/es\/#website\",\"url\":\"https:\/\/tourtravelandmore.com\/es\/\",\"name\":\"Tour Travel And More\",\"description\":\"Private sightseeing tours and luxury transfers in Spain\",\"publisher\":{\"@id\":\"https:\/\/tourtravelandmore.com\/es\/#organization\"},\"potentialAction\":[{\"@type\":\"SearchAction\",\"target\":{\"@type\":\"EntryPoint\",\"urlTemplate\":\"https:\/\/tourtravelandmore.com\/es\/?s={search_term_string}\"},\"query-input\":{\"@type\":\"PropertyValueSpecification\",\"valueRequired\":true,\"valueName\":\"search_term_string\"}}],\"inLanguage\":\"es\"},{\"@type\":\"Organization\",\"@id\":\"https:\/\/tourtravelandmore.com\/es\/#organization\",\"name\":\"Tour Travel And More\",\"url\":\"https:\/\/tourtravelandmore.com\/es\/\",\"logo\":{\"@type\":\"ImageObject\",\"inLanguage\":\"es\",\"@id\":\"https:\/\/tourtravelandmore.com\/es\/#\/schema\/logo\/image\/\",\"url\":\"https:\/\/tourtravelandmore.com\/wp-content\/uploads\/2022\/12\/cropped-logo-cabecera-new.png\",\"contentUrl\":\"https:\/\/tourtravelandmore.com\/wp-content\/uploads\/2022\/12\/cropped-logo-cabecera-new.png\",\"width\":430,\"height\":61,\"caption\":\"Tour Travel And More\"},\"image\":{\"@id\":\"https:\/\/tourtravelandmore.com\/es\/#\/schema\/logo\/image\/\"},\"sameAs\":[\"https:\/\/www.facebook.com\/tourtravelandmore\/\",\"https:\/\/x.com\/TourTravel_More\"]}]}<\/script>\n<!-- \/ Yoast SEO Premium plugin. -->","yoast_head_json":{"title":"\u27a1\ufe0f Tour privado a pie por el casco antiguo y los mercados de Hong Kong | TT&M","description":"Tour privado a pie por el casco antiguo y los mercados de Hong Kong. Explore sus calles con este tour privado de d\u00eda completo con gu\u00eda y veh\u00edculo privado\u2705","robots":{"index":"index","follow":"follow","max-snippet":"max-snippet:-1","max-image-preview":"max-image-preview:large","max-video-preview":"max-video-preview:-1"},"canonical":"https:\/\/tourtravelandmore.com\/es\/tours\/china-es\/hong-kong-es\/todos-los-tours-privados-es-9\/tour-privado-a-pie-por-el-casco-antiguo-de-bangkok-copy-2\/","og_locale":"es_ES","og_type":"article","og_title":"Tour privado a pie por el casco antiguo y los mercados de Hong Kong","og_description":"Tour privado a pie por el casco antiguo y los mercados de Hong Kong. Explore sus calles con este tour privado de d\u00eda completo con gu\u00eda y veh\u00edculo privado\u2705","og_url":"https:\/\/tourtravelandmore.com\/es\/tours\/china-es\/hong-kong-es\/todos-los-tours-privados-es-9\/tour-privado-a-pie-por-el-casco-antiguo-de-bangkok-copy-2\/","og_site_name":"Tour Travel And More","article_publisher":"https:\/\/www.facebook.com\/tourtravelandmore\/","article_modified_time":"2025-09-24T15:10:55+00:00","og_image":[{"width":1280,"height":855,"url":"https:\/\/tourtravelandmore.com\/wp-content\/uploads\/2025\/09\/pexels-harry-shum-17627821-6456847.jpg","type":"image\/jpeg"}],"twitter_card":"summary_large_image","twitter_site":"@TourTravel_More","twitter_misc":{"Tiempo de lectura":"2 minutos"},"schema":{"@context":"https:\/\/schema.org","@graph":[{"@type":"WebPage","@id":"https:\/\/tourtravelandmore.com\/es\/tours\/china-es\/hong-kong-es\/todos-los-tours-privados-es-9\/tour-privado-a-pie-por-el-casco-antiguo-de-bangkok-copy-2\/","url":"https:\/\/tourtravelandmore.com\/es\/tours\/china-es\/hong-kong-es\/todos-los-tours-privados-es-9\/tour-privado-a-pie-por-el-casco-antiguo-de-bangkok-copy-2\/","name":"\u27a1\ufe0f Tour privado a pie por el casco antiguo y los mercados de Hong Kong | TT&M","isPartOf":{"@id":"https:\/\/tourtravelandmore.com\/es\/#website"},"primaryImageOfPage":{"@id":"https:\/\/tourtravelandmore.com\/es\/tours\/china-es\/hong-kong-es\/todos-los-tours-privados-es-9\/tour-privado-a-pie-por-el-casco-antiguo-de-bangkok-copy-2\/#primaryimage"},"image":{"@id":"https:\/\/tourtravelandmore.com\/es\/tours\/china-es\/hong-kong-es\/todos-los-tours-privados-es-9\/tour-privado-a-pie-por-el-casco-antiguo-de-bangkok-copy-2\/#primaryimage"},"thumbnailUrl":"https:\/\/tourtravelandmore.com\/wp-content\/uploads\/2025\/09\/pexels-harry-shum-17627821-6456847.jpg","datePublished":"2025-09-24T15:00:56+00:00","dateModified":"2025-09-24T15:10:55+00:00","description":"Tour privado a pie por el casco antiguo y los mercados de Hong Kong. Explore sus calles con este tour privado de d\u00eda completo con gu\u00eda y veh\u00edculo privado\u2705","breadcrumb":{"@id":"https:\/\/tourtravelandmore.com\/es\/tours\/china-es\/hong-kong-es\/todos-los-tours-privados-es-9\/tour-privado-a-pie-por-el-casco-antiguo-de-bangkok-copy-2\/#breadcrumb"},"inLanguage":"es","potentialAction":[{"@type":"ReadAction","target":["https:\/\/tourtravelandmore.com\/es\/tours\/china-es\/hong-kong-es\/todos-los-tours-privados-es-9\/tour-privado-a-pie-por-el-casco-antiguo-de-bangkok-copy-2\/"]}]},{"@type":"ImageObject","inLanguage":"es","@id":"https:\/\/tourtravelandmore.com\/es\/tours\/china-es\/hong-kong-es\/todos-los-tours-privados-es-9\/tour-privado-a-pie-por-el-casco-antiguo-de-bangkok-copy-2\/#primaryimage","url":"https:\/\/tourtravelandmore.com\/wp-content\/uploads\/2025\/09\/pexels-harry-shum-17627821-6456847.jpg","contentUrl":"https:\/\/tourtravelandmore.com\/wp-content\/uploads\/2025\/09\/pexels-harry-shum-17627821-6456847.jpg","width":1280,"height":855},{"@type":"BreadcrumbList","@id":"https:\/\/tourtravelandmore.com\/es\/tours\/china-es\/hong-kong-es\/todos-los-tours-privados-es-9\/tour-privado-a-pie-por-el-casco-antiguo-de-bangkok-copy-2\/#breadcrumb","itemListElement":[{"@type":"ListItem","position":1,"name":"Home","item":"https:\/\/tourtravelandmore.com\/es\/"},{"@type":"ListItem","position":2,"name":"Tours","item":"https:\/\/tourtravelandmore.com\/es\/tours\/"},{"@type":"ListItem","position":3,"name":"Tour privado a pie por el casco antiguo y los mercados de Hong Kong"}]},{"@type":"WebSite","@id":"https:\/\/tourtravelandmore.com\/es\/#website","url":"https:\/\/tourtravelandmore.com\/es\/","name":"Tour Travel And More","description":"Private sightseeing tours and luxury transfers in Spain","publisher":{"@id":"https:\/\/tourtravelandmore.com\/es\/#organization"},"potentialAction":[{"@type":"SearchAction","target":{"@type":"EntryPoint","urlTemplate":"https:\/\/tourtravelandmore.com\/es\/?s={search_term_string}"},"query-input":{"@type":"PropertyValueSpecification","valueRequired":true,"valueName":"search_term_string"}}],"inLanguage":"es"},{"@type":"Organization","@id":"https:\/\/tourtravelandmore.com\/es\/#organization","name":"Tour Travel And More","url":"https:\/\/tourtravelandmore.com\/es\/","logo":{"@type":"ImageObject","inLanguage":"es","@id":"https:\/\/tourtravelandmore.com\/es\/#\/schema\/logo\/image\/","url":"https:\/\/tourtravelandmore.com\/wp-content\/uploads\/2022\/12\/cropped-logo-cabecera-new.png","contentUrl":"https:\/\/tourtravelandmore.com\/wp-content\/uploads\/2022\/12\/cropped-logo-cabecera-new.png","width":430,"height":61,"caption":"Tour Travel And More"},"image":{"@id":"https:\/\/tourtravelandmore.com\/es\/#\/schema\/logo\/image\/"},"sameAs":["https:\/\/www.facebook.com\/tourtravelandmore\/","https:\/\/x.com\/TourTravel_More"]}]}},"_links":{"self":[{"href":"https:\/\/tourtravelandmore.com\/es\/wp-json\/wp\/v2\/product\/187080","targetHints":{"allow":["GET"]}}],"collection":[{"href":"https:\/\/tourtravelandmore.com\/es\/wp-json\/wp\/v2\/product"}],"about":[{"href":"https:\/\/tourtravelandmore.com\/es\/wp-json\/wp\/v2\/types\/product"}],"replies":[{"embeddable":true,"href":"https:\/\/tourtravelandmore.com\/es\/wp-json\/wp\/v2\/comments?post=187080"}],"wp:featuredmedia":[{"embeddable":true,"href":"https:\/\/tourtravelandmore.com\/es\/wp-json\/wp\/v2\/media\/187099"}],"wp:attachment":[{"href":"https:\/\/tourtravelandmore.com\/es\/wp-json\/wp\/v2\/media?parent=187080"}],"wp:term":[{"taxonomy":"product_brand","embeddable":true,"href":"https:\/\/tourtravelandmore.com\/es\/wp-json\/wp\/v2\/product_brand?post=187080"},{"taxonomy":"product_cat","embeddable":true,"href":"https:\/\/tourtravelandmore.com\/es\/wp-json\/wp\/v2\/product_cat?post=187080"},{"taxonomy":"product_tag","embeddable":true,"href":"https:\/\/tourtravelandmore.com\/es\/wp-json\/wp\/v2\/product_tag?post=187080"}],"curies":[{"name":"wp","href":"https:\/\/api.w.org\/{rel}","templated":true}]}}