{"id":18700,"date":"2018-03-05T15:03:34","date_gmt":"2018-03-05T14:03:36","guid":{"rendered":"http:\/\/tourtravelandmore.com\/es\/tours\/niza-es\/tour-privado-de-monaco-y-eze-desde-niza-8-horas-con-chofer-guia-privado\/"},"modified":"2022-10-11T16:06:16","modified_gmt":"2022-10-11T14:06:16","slug":"tour-privado-monaco-eze-desde-niza","status":"publish","type":"product","link":"https:\/\/tourtravelandmore.com\/es\/tours\/francia\/niza-es\/tour-privado-monaco-eze-desde-niza\/","title":{"rendered":"Tour Privado a Monaco y Eze con ch\u00f3fer\/gu\u00eda privado"},"content":{"rendered":"<h2><strong>Descripci\u00f3n del Tour Privado a Monaco y Eze con ch\u00f3fer\/gu\u00eda privado<\/strong><\/h2>\n<p>Aprovecha la oportunidad de conocer el <strong>principado de M\u00f3naco<\/strong>\u00a0y los pueblos de\u00a0<strong>Eze<\/strong>\u00a0y\u00a0<strong>La Turbie <\/strong>con un chofer\/gu\u00eda a su disposici\u00f3n. Disfruta este tour privado a Monaco desde Niza.<br \/>\nEl horario y sitio de recogida para comienzo del tour son adaptables a su deseo personal. Podemos coordinar recogida desde M\u00f3naco, Cannes, Niza, el puerto Villefranche sur mer y alrededores.<\/p>\n<p>Este\u00a0<strong>tour privado<\/strong> es completamente personalizable y adaptable a sus deseos personales. Cont\u00e1ctennos y uno de nuestros expertos le ayudar\u00e1 a coordinar una experiencia privada a medida. Aqu\u00ed os dejamos un ejemplo de itinerario, el tour ser\u00e1 personalizado para que puedan ver y conocer exactamente lo que deseen ver en el hermoso principado de M\u00f3naco.<\/p>\n<h2><strong>Puntos de inter\u00e9s en el Tour Privado a Monaco y Eze con ch\u00f3fer\/gu\u00eda privado<\/strong><\/h2>\n<p>Os recogeremos desde su hotel o lugar indicado al horario elegido por vosotros, e iremos hacia <strong>Eze<\/strong>.\u00a0Este pueblo es reconocido por albergar el laboratorio de la <a href=\"https:\/\/www.fragonard.com\/en\/factories\/eze\">perfumer\u00eda Fragonard<\/a>, la cual podr\u00e1n visitar. Desde all\u00ed disfrutar\u00e1n una fant\u00e1stica vista panor\u00e1mica, ya que el pueblo se encuentra a 427 sobre el nivel del mar. Luego continuar\u00e1n hacia el principado de <strong>M\u00f3naco<\/strong> por la Gran Corniche (os podr\u00e9is detener en La Turbie, donde se puede disfrutar de una vista panor\u00e1mica de Montecarlo). Por \u00faltimo coger\u00e1n la Moyenne Corniche para ingresar a M\u00f3naco.<br \/>\nAll\u00ed visitar\u00e1n los sitios m\u00e1s importantes de la ciudad, como el palais princier, la tumba de la princesa Grace Kelly y el casino de Montecarlo (el cual fue abierto en 1856 para evitar la bancarrota del pa\u00eds, y por el \u00e9xito obtenido, permiti\u00f3 abolir los impuestos en 1883). Afuera del casino se encuentra el caf\u00e9 de Par\u00eds, reconocido por tener una de las terrazas m\u00e1s bellas de la zona.<br \/>\nDurante su visita a M\u00f3naco podr\u00e1n atravesar el recorrido de la F\u00f3rmula 1 y visitar su sitio de partida. Durante su tour privado a Monaco desde Niza podr\u00e1n visitar tambi\u00e9n la parte alta de la ciudad, Montecarlo. All\u00ed podr\u00e1n visitar el jard\u00edn ex\u00f3tico y el museo oceanogr\u00e1fico.<\/p>\n<p>Contar\u00e1n con su veh\u00edculo privado y chofer\/gu\u00eda durante la total duraci\u00f3n del tour. Recordar que el itinerario final y el horario de recogida son adaptables a su deseo personal.<\/p>\n<p><strong>La duraci\u00f3n de este tour es de 8 horas desde que los recogemos en su hotel hasta el retorno al mismo. Pero no dud\u00e9is en contactarnos si quer\u00e9is una duraci\u00f3n mayor o menor del tour.<\/strong><\/p>\n","protected":false},"excerpt":{"rendered":"<p>Disfruta de una <strong>experiencia privada a medida y visita M\u00f3naco y Eze en un tour privado desde Niza.<\/strong> Su chofer\/gu\u00eda, experto conocedor de la zona, le ense\u00f1ar\u00e1 los sitios m\u00e1s bonitos de la regi\u00f3n. Recogida y devoluci\u00f3n en su sitio deseado.<\/p>\n","protected":false},"featured_media":18710,"comment_status":"open","ping_status":"closed","template":"","meta":{"_acf_changed":false},"product_brand":[],"product_cat":[497,588,498,589],"product_tag":[],"class_list":{"0":"post-18700","1":"product","2":"type-product","3":"status-publish","4":"has-post-thumbnail","6":"product_cat-niza-es","7":"product_cat-niza-actividades-es","8":"product_cat-niza-rutas-turisticas-privadas-es","9":"product_cat-niza-excursiones-privadas-es","11":"first","12":"instock","13":"shipping-taxable","14":"purchasable","15":"product-type-simple"},"acf":[],"yoast_head":"<!-- This site is optimized with the Yoast SEO Premium plugin v25.3.1 (Yoast SEO v25.3.1) - https:\/\/yoast.com\/wordpress\/plugins\/seo\/ -->\n<title>\u27a1\ufe0f Tour Privado a Monaco desde Niza con chofer\/gu\u00eda privado | Tour Travel &amp; More<\/title>\n<meta name=\"description\" content=\"Disfrute de este tour privado a Monaco desde niza con chofer\/gu\u00eda y conoce los lugares m\u00e1s emblem\u00e1ticos de los Monaco y Eze junto a un gu\u00eda local! \u2705\" \/>\n<meta name=\"robots\" content=\"index, follow, max-snippet:-1, max-image-preview:large, max-video-preview:-1\" \/>\n<link rel=\"canonical\" href=\"https:\/\/tourtravelandmore.com\/es\/tours\/francia\/niza-es\/tour-privado-monaco-eze-desde-niza\/\" \/>\n<meta property=\"og:locale\" content=\"es_ES\" \/>\n<meta property=\"og:type\" content=\"article\" \/>\n<meta property=\"og:title\" content=\"Tour Privado a Monaco y Eze con ch\u00f3fer\/gu\u00eda privado\" \/>\n<meta property=\"og:description\" content=\"Disfrute de este tour privado a Monaco desde niza con chofer\/gu\u00eda y conoce los lugares m\u00e1s emblem\u00e1ticos de los Monaco y Eze junto a un gu\u00eda local! \u2705\" \/>\n<meta property=\"og:url\" content=\"https:\/\/tourtravelandmore.com\/es\/tours\/francia\/niza-es\/tour-privado-monaco-eze-desde-niza\/\" \/>\n<meta property=\"og:site_name\" content=\"Tour Travel And More\" \/>\n<meta property=\"article:publisher\" content=\"https:\/\/www.facebook.com\/tourtravelandmore\/\" \/>\n<meta property=\"article:modified_time\" content=\"2022-10-11T14:06:16+00:00\" \/>\n<meta property=\"og:image\" content=\"https:\/\/tourtravelandmore.com\/wp-content\/uploads\/2018\/03\/Eze.jpg\" \/>\n\t<meta property=\"og:image:width\" content=\"1280\" \/>\n\t<meta property=\"og:image:height\" content=\"775\" \/>\n\t<meta property=\"og:image:type\" content=\"image\/jpeg\" \/>\n<meta name=\"twitter:card\" content=\"summary_large_image\" \/>\n<meta name=\"twitter:site\" content=\"@TourTravel_More\" \/>\n<meta name=\"twitter:label1\" content=\"Tiempo de lectura\" \/>\n\t<meta name=\"twitter:data1\" content=\"2 minutos\" \/>\n<script type=\"application\/ld+json\" class=\"yoast-schema-graph\">{\"@context\":\"https:\/\/schema.org\",\"@graph\":[{\"@type\":\"WebPage\",\"@id\":\"https:\/\/tourtravelandmore.com\/es\/tours\/francia\/niza-es\/tour-privado-monaco-eze-desde-niza\/\",\"url\":\"https:\/\/tourtravelandmore.com\/es\/tours\/francia\/niza-es\/tour-privado-monaco-eze-desde-niza\/\",\"name\":\"\u27a1\ufe0f Tour Privado a Monaco desde Niza con chofer\/gu\u00eda privado | Tour Travel & More\",\"isPartOf\":{\"@id\":\"https:\/\/tourtravelandmore.com\/es\/#website\"},\"primaryImageOfPage\":{\"@id\":\"https:\/\/tourtravelandmore.com\/es\/tours\/francia\/niza-es\/tour-privado-monaco-eze-desde-niza\/#primaryimage\"},\"image\":{\"@id\":\"https:\/\/tourtravelandmore.com\/es\/tours\/francia\/niza-es\/tour-privado-monaco-eze-desde-niza\/#primaryimage\"},\"thumbnailUrl\":\"https:\/\/tourtravelandmore.com\/wp-content\/uploads\/2018\/03\/Eze.jpg\",\"datePublished\":\"2018-03-05T14:03:36+00:00\",\"dateModified\":\"2022-10-11T14:06:16+00:00\",\"description\":\"Disfrute de este tour privado a Monaco desde niza con chofer\/gu\u00eda y conoce los lugares m\u00e1s emblem\u00e1ticos de los Monaco y Eze junto a un gu\u00eda local! \u2705\",\"breadcrumb\":{\"@id\":\"https:\/\/tourtravelandmore.com\/es\/tours\/francia\/niza-es\/tour-privado-monaco-eze-desde-niza\/#breadcrumb\"},\"inLanguage\":\"es\",\"potentialAction\":[{\"@type\":\"ReadAction\",\"target\":[\"https:\/\/tourtravelandmore.com\/es\/tours\/francia\/niza-es\/tour-privado-monaco-eze-desde-niza\/\"]}]},{\"@type\":\"ImageObject\",\"inLanguage\":\"es\",\"@id\":\"https:\/\/tourtravelandmore.com\/es\/tours\/francia\/niza-es\/tour-privado-monaco-eze-desde-niza\/#primaryimage\",\"url\":\"https:\/\/tourtravelandmore.com\/wp-content\/uploads\/2018\/03\/Eze.jpg\",\"contentUrl\":\"https:\/\/tourtravelandmore.com\/wp-content\/uploads\/2018\/03\/Eze.jpg\",\"width\":1280,\"height\":775},{\"@type\":\"BreadcrumbList\",\"@id\":\"https:\/\/tourtravelandmore.com\/es\/tours\/francia\/niza-es\/tour-privado-monaco-eze-desde-niza\/#breadcrumb\",\"itemListElement\":[{\"@type\":\"ListItem\",\"position\":1,\"name\":\"Home\",\"item\":\"https:\/\/tourtravelandmore.com\/es\/\"},{\"@type\":\"ListItem\",\"position\":2,\"name\":\"Tours\",\"item\":\"https:\/\/tourtravelandmore.com\/es\/tours\/\"},{\"@type\":\"ListItem\",\"position\":3,\"name\":\"Tour Privado a Monaco y Eze con ch\u00f3fer\/gu\u00eda privado\"}]},{\"@type\":\"WebSite\",\"@id\":\"https:\/\/tourtravelandmore.com\/es\/#website\",\"url\":\"https:\/\/tourtravelandmore.com\/es\/\",\"name\":\"Tour Travel And More\",\"description\":\"Private sightseeing tours and luxury transfers in Spain\",\"publisher\":{\"@id\":\"https:\/\/tourtravelandmore.com\/es\/#organization\"},\"potentialAction\":[{\"@type\":\"SearchAction\",\"target\":{\"@type\":\"EntryPoint\",\"urlTemplate\":\"https:\/\/tourtravelandmore.com\/es\/?s={search_term_string}\"},\"query-input\":{\"@type\":\"PropertyValueSpecification\",\"valueRequired\":true,\"valueName\":\"search_term_string\"}}],\"inLanguage\":\"es\"},{\"@type\":\"Organization\",\"@id\":\"https:\/\/tourtravelandmore.com\/es\/#organization\",\"name\":\"Tour Travel And More\",\"url\":\"https:\/\/tourtravelandmore.com\/es\/\",\"logo\":{\"@type\":\"ImageObject\",\"inLanguage\":\"es\",\"@id\":\"https:\/\/tourtravelandmore.com\/es\/#\/schema\/logo\/image\/\",\"url\":\"https:\/\/tourtravelandmore.com\/wp-content\/uploads\/2022\/12\/cropped-logo-cabecera-new.png\",\"contentUrl\":\"https:\/\/tourtravelandmore.com\/wp-content\/uploads\/2022\/12\/cropped-logo-cabecera-new.png\",\"width\":430,\"height\":61,\"caption\":\"Tour Travel And More\"},\"image\":{\"@id\":\"https:\/\/tourtravelandmore.com\/es\/#\/schema\/logo\/image\/\"},\"sameAs\":[\"https:\/\/www.facebook.com\/tourtravelandmore\/\",\"https:\/\/x.com\/TourTravel_More\"]}]}<\/script>\n<!-- \/ Yoast SEO Premium plugin. -->","yoast_head_json":{"title":"\u27a1\ufe0f Tour Privado a Monaco desde Niza con chofer\/gu\u00eda privado | Tour Travel & More","description":"Disfrute de este tour privado a Monaco desde niza con chofer\/gu\u00eda y conoce los lugares m\u00e1s emblem\u00e1ticos de los Monaco y Eze junto a un gu\u00eda local! \u2705","robots":{"index":"index","follow":"follow","max-snippet":"max-snippet:-1","max-image-preview":"max-image-preview:large","max-video-preview":"max-video-preview:-1"},"canonical":"https:\/\/tourtravelandmore.com\/es\/tours\/francia\/niza-es\/tour-privado-monaco-eze-desde-niza\/","og_locale":"es_ES","og_type":"article","og_title":"Tour Privado a Monaco y Eze con ch\u00f3fer\/gu\u00eda privado","og_description":"Disfrute de este tour privado a Monaco desde niza con chofer\/gu\u00eda y conoce los lugares m\u00e1s emblem\u00e1ticos de los Monaco y Eze junto a un gu\u00eda local! \u2705","og_url":"https:\/\/tourtravelandmore.com\/es\/tours\/francia\/niza-es\/tour-privado-monaco-eze-desde-niza\/","og_site_name":"Tour Travel And More","article_publisher":"https:\/\/www.facebook.com\/tourtravelandmore\/","article_modified_time":"2022-10-11T14:06:16+00:00","og_image":[{"width":1280,"height":775,"url":"https:\/\/tourtravelandmore.com\/wp-content\/uploads\/2018\/03\/Eze.jpg","type":"image\/jpeg"}],"twitter_card":"summary_large_image","twitter_site":"@TourTravel_More","twitter_misc":{"Tiempo de lectura":"2 minutos"},"schema":{"@context":"https:\/\/schema.org","@graph":[{"@type":"WebPage","@id":"https:\/\/tourtravelandmore.com\/es\/tours\/francia\/niza-es\/tour-privado-monaco-eze-desde-niza\/","url":"https:\/\/tourtravelandmore.com\/es\/tours\/francia\/niza-es\/tour-privado-monaco-eze-desde-niza\/","name":"\u27a1\ufe0f Tour Privado a Monaco desde Niza con chofer\/gu\u00eda privado | Tour Travel & More","isPartOf":{"@id":"https:\/\/tourtravelandmore.com\/es\/#website"},"primaryImageOfPage":{"@id":"https:\/\/tourtravelandmore.com\/es\/tours\/francia\/niza-es\/tour-privado-monaco-eze-desde-niza\/#primaryimage"},"image":{"@id":"https:\/\/tourtravelandmore.com\/es\/tours\/francia\/niza-es\/tour-privado-monaco-eze-desde-niza\/#primaryimage"},"thumbnailUrl":"https:\/\/tourtravelandmore.com\/wp-content\/uploads\/2018\/03\/Eze.jpg","datePublished":"2018-03-05T14:03:36+00:00","dateModified":"2022-10-11T14:06:16+00:00","description":"Disfrute de este tour privado a Monaco desde niza con chofer\/gu\u00eda y conoce los lugares m\u00e1s emblem\u00e1ticos de los Monaco y Eze junto a un gu\u00eda local! \u2705","breadcrumb":{"@id":"https:\/\/tourtravelandmore.com\/es\/tours\/francia\/niza-es\/tour-privado-monaco-eze-desde-niza\/#breadcrumb"},"inLanguage":"es","potentialAction":[{"@type":"ReadAction","target":["https:\/\/tourtravelandmore.com\/es\/tours\/francia\/niza-es\/tour-privado-monaco-eze-desde-niza\/"]}]},{"@type":"ImageObject","inLanguage":"es","@id":"https:\/\/tourtravelandmore.com\/es\/tours\/francia\/niza-es\/tour-privado-monaco-eze-desde-niza\/#primaryimage","url":"https:\/\/tourtravelandmore.com\/wp-content\/uploads\/2018\/03\/Eze.jpg","contentUrl":"https:\/\/tourtravelandmore.com\/wp-content\/uploads\/2018\/03\/Eze.jpg","width":1280,"height":775},{"@type":"BreadcrumbList","@id":"https:\/\/tourtravelandmore.com\/es\/tours\/francia\/niza-es\/tour-privado-monaco-eze-desde-niza\/#breadcrumb","itemListElement":[{"@type":"ListItem","position":1,"name":"Home","item":"https:\/\/tourtravelandmore.com\/es\/"},{"@type":"ListItem","position":2,"name":"Tours","item":"https:\/\/tourtravelandmore.com\/es\/tours\/"},{"@type":"ListItem","position":3,"name":"Tour Privado a Monaco y Eze con ch\u00f3fer\/gu\u00eda privado"}]},{"@type":"WebSite","@id":"https:\/\/tourtravelandmore.com\/es\/#website","url":"https:\/\/tourtravelandmore.com\/es\/","name":"Tour Travel And More","description":"Private sightseeing tours and luxury transfers in Spain","publisher":{"@id":"https:\/\/tourtravelandmore.com\/es\/#organization"},"potentialAction":[{"@type":"SearchAction","target":{"@type":"EntryPoint","urlTemplate":"https:\/\/tourtravelandmore.com\/es\/?s={search_term_string}"},"query-input":{"@type":"PropertyValueSpecification","valueRequired":true,"valueName":"search_term_string"}}],"inLanguage":"es"},{"@type":"Organization","@id":"https:\/\/tourtravelandmore.com\/es\/#organization","name":"Tour Travel And More","url":"https:\/\/tourtravelandmore.com\/es\/","logo":{"@type":"ImageObject","inLanguage":"es","@id":"https:\/\/tourtravelandmore.com\/es\/#\/schema\/logo\/image\/","url":"https:\/\/tourtravelandmore.com\/wp-content\/uploads\/2022\/12\/cropped-logo-cabecera-new.png","contentUrl":"https:\/\/tourtravelandmore.com\/wp-content\/uploads\/2022\/12\/cropped-logo-cabecera-new.png","width":430,"height":61,"caption":"Tour Travel And More"},"image":{"@id":"https:\/\/tourtravelandmore.com\/es\/#\/schema\/logo\/image\/"},"sameAs":["https:\/\/www.facebook.com\/tourtravelandmore\/","https:\/\/x.com\/TourTravel_More"]}]}},"_links":{"self":[{"href":"https:\/\/tourtravelandmore.com\/es\/wp-json\/wp\/v2\/product\/18700","targetHints":{"allow":["GET"]}}],"collection":[{"href":"https:\/\/tourtravelandmore.com\/es\/wp-json\/wp\/v2\/product"}],"about":[{"href":"https:\/\/tourtravelandmore.com\/es\/wp-json\/wp\/v2\/types\/product"}],"replies":[{"embeddable":true,"href":"https:\/\/tourtravelandmore.com\/es\/wp-json\/wp\/v2\/comments?post=18700"}],"wp:featuredmedia":[{"embeddable":true,"href":"https:\/\/tourtravelandmore.com\/es\/wp-json\/wp\/v2\/media\/18710"}],"wp:attachment":[{"href":"https:\/\/tourtravelandmore.com\/es\/wp-json\/wp\/v2\/media?parent=18700"}],"wp:term":[{"taxonomy":"product_brand","embeddable":true,"href":"https:\/\/tourtravelandmore.com\/es\/wp-json\/wp\/v2\/product_brand?post=18700"},{"taxonomy":"product_cat","embeddable":true,"href":"https:\/\/tourtravelandmore.com\/es\/wp-json\/wp\/v2\/product_cat?post=18700"},{"taxonomy":"product_tag","embeddable":true,"href":"https:\/\/tourtravelandmore.com\/es\/wp-json\/wp\/v2\/product_tag?post=18700"}],"curies":[{"name":"wp","href":"https:\/\/api.w.org\/{rel}","templated":true}]}}