{"id":186891,"date":"2025-09-08T19:45:59","date_gmt":"2025-09-08T17:46:00","guid":{"rendered":"https:\/\/tourtravelandmore.com\/?post_type=product&#038;p=186891"},"modified":"2025-09-08T19:59:57","modified_gmt":"2025-09-08T17:59:57","slug":"traslado-privado-aeropuerto-o-estacion-de-tren-singapur-copy","status":"publish","type":"product","link":"https:\/\/tourtravelandmore.com\/es\/tours\/tailandia\/bangkok-es\/todos-los-tours-privados-es-8\/traslado-privado-aeropuerto-o-estacion-de-tren-singapur-copy\/","title":{"rendered":"Traslado privado: aeropuerto o estaci\u00f3n de tren &#8211; Bangkok"},"content":{"rendered":"<h2>Descripci\u00f3n<\/h2>\n<p>Comience o termine su viaje sin estr\u00e9s con nuestro <b>traslado privado: aeropuerto o estaci\u00f3n de tren &#8211; Bangkok<\/b>. Tanto si llega al aeropuerto de Suvarnabhumi, al aeropuerto de Don Mueang o a la estaci\u00f3n central de tren, nuestro conductor profesional le recibir\u00e1 y le llevar\u00e1 de forma c\u00f3moda y sin contratiempos a su destino en la ciudad.<\/p>\n<p>Este servicio privado garantiza puntualidad, comodidad y seguridad. A su llegada, le daremos la bienvenida con un cartel personalizado y le ayudaremos con su equipaje antes de subir a su veh\u00edculo privado. Con aire acondicionado y asientos espaciosos, su traslado le permitir\u00e1 relajarse despu\u00e9s de su vuelo o viaje en tren.<\/p>\n<p>Durante el trayecto, podr\u00e1 disfrutar de un recorrido panor\u00e1mico por las principales avenidas de Bangkok, obteniendo sus primeras impresiones de esta vibrante metr\u00f3polis. Nuestro <b>traslado privado: aeropuerto o estaci\u00f3n de tren &#8211; Bangkok<\/b> est\u00e1 dise\u00f1ado para todo tipo de viajeros. Tanto si est\u00e1 aqu\u00ed por negocios, por placer o para conectar con uno de nuestros <a href=\"https:\/\/tourtravelandmore.com\/\">tours privados por Bangkok<\/a>.<\/p>\n<h2><b>Puntos de inter\u00e9s<\/b><\/h2>\n<ul>\n<li><b>Servicio de bienvenida<\/b>: su conductor le esperar\u00e1 con un cartel en su punto de llegada.<\/li>\n<li><b>Comodidad y seguridad<\/b>: viaje en un veh\u00edculo privado con aire acondicionado.<\/li>\n<li><b>Recogida y traslado flexibles<\/b>: desde el aeropuerto o la estaci\u00f3n hasta el hotel, y viceversa.<\/li>\n<li><b>Experiencia sin estr\u00e9s<\/b>: sin esperas de taxis o transporte p\u00fablico.<\/li>\n<li><b>Conductores profesionales<\/b>: servicio cort\u00e9s, puntual y fiable.<\/li>\n<\/ul>\n<p>M\u00e1s informaci\u00f3n sobre <a href=\"https:\/\/www.bangkokairportonline.com\/\">los aeropuertos de Bangkok<\/a><\/p>\n<p>Comb\u00ednelo con nuestras <a href=\"https:\/\/tourtravelandmore.com\/\">excursiones privadas en Bangkok<\/a><\/p>\n<p>Haga que su llegada o salida sea fluida y sin preocupaciones con nuestro <b>traslado privado: aeropuerto o estaci\u00f3n de tren &#8211; Bangkok<\/b>, la forma m\u00e1s fiable de viajar c\u00f3modamente.<\/p>\n","protected":false},"excerpt":{"rendered":"<p>Comience o termine su viaje sin estr\u00e9s con nuestro <b>traslado privado: aeropuerto o estaci\u00f3n de tren &#8211; Bangkok<\/b>. Tanto si llega al aeropuerto de Suvarnabhumi, al aeropuerto de Don Mueang o a la estaci\u00f3n central de tren, nuestro conductor profesional le recibir\u00e1 y le llevar\u00e1 de forma c\u00f3moda y sin contratiempos a su destino en la ciudad.<\/p>\n","protected":false},"featured_media":185167,"comment_status":"open","ping_status":"closed","template":"","meta":{"_acf_changed":false},"product_brand":[],"product_cat":[5593,5590,5596],"product_tag":[],"class_list":{"0":"post-186891","1":"product","2":"type-product","3":"status-publish","4":"has-post-thumbnail","6":"product_cat-bangkok-es","7":"product_cat-tailandia","8":"product_cat-todos-los-tours-privados-es-8","10":"first","11":"instock","12":"shipping-taxable","13":"purchasable","14":"product-type-simple"},"acf":[],"yoast_head":"<!-- This site is optimized with the Yoast SEO Premium plugin v25.3.1 (Yoast SEO v25.3.1) - https:\/\/yoast.com\/wordpress\/plugins\/seo\/ -->\n<title>\u27a1\ufe0f Traslado privado: aeropuerto o estaci\u00f3n de tren - Bangkok | TT&amp;M<\/title>\n<meta name=\"description\" content=\"Traslado privado: aeropuerto o estaci\u00f3n de tren - Bangkok. Explore sus calles con este tour privado de d\u00eda completo con gu\u00eda y veh\u00edculo privado\u2705\" \/>\n<meta name=\"robots\" content=\"index, follow, max-snippet:-1, max-image-preview:large, max-video-preview:-1\" \/>\n<link rel=\"canonical\" href=\"https:\/\/tourtravelandmore.com\/es\/tours\/tailandia\/bangkok-es\/todos-los-tours-privados-es-8\/traslado-privado-aeropuerto-o-estacion-de-tren-singapur-copy\/\" \/>\n<meta property=\"og:locale\" content=\"es_ES\" \/>\n<meta property=\"og:type\" content=\"article\" \/>\n<meta property=\"og:title\" content=\"Traslado privado: aeropuerto o estaci\u00f3n de tren - Bangkok\" \/>\n<meta property=\"og:description\" content=\"Traslado privado: aeropuerto o estaci\u00f3n de tren - Bangkok. Explore sus calles con este tour privado de d\u00eda completo con gu\u00eda y veh\u00edculo privado\u2705\" \/>\n<meta property=\"og:url\" content=\"https:\/\/tourtravelandmore.com\/es\/tours\/tailandia\/bangkok-es\/todos-los-tours-privados-es-8\/traslado-privado-aeropuerto-o-estacion-de-tren-singapur-copy\/\" \/>\n<meta property=\"og:site_name\" content=\"Tour Travel And More\" \/>\n<meta property=\"article:publisher\" content=\"https:\/\/www.facebook.com\/tourtravelandmore\/\" \/>\n<meta property=\"article:modified_time\" content=\"2025-09-08T17:59:57+00:00\" \/>\n<meta property=\"og:image\" content=\"https:\/\/tourtravelandmore.com\/wp-content\/uploads\/2025\/07\/csm_airport-transfer_1_86c6f1c624.jpg\" \/>\n\t<meta property=\"og:image:width\" content=\"1920\" \/>\n\t<meta property=\"og:image:height\" content=\"1080\" \/>\n\t<meta property=\"og:image:type\" content=\"image\/jpeg\" \/>\n<meta name=\"twitter:card\" content=\"summary_large_image\" \/>\n<meta name=\"twitter:site\" content=\"@TourTravel_More\" \/>\n<meta name=\"twitter:label1\" content=\"Tiempo de lectura\" \/>\n\t<meta name=\"twitter:data1\" content=\"2 minutos\" \/>\n<script type=\"application\/ld+json\" class=\"yoast-schema-graph\">{\"@context\":\"https:\/\/schema.org\",\"@graph\":[{\"@type\":\"WebPage\",\"@id\":\"https:\/\/tourtravelandmore.com\/es\/tours\/tailandia\/bangkok-es\/todos-los-tours-privados-es-8\/traslado-privado-aeropuerto-o-estacion-de-tren-singapur-copy\/\",\"url\":\"https:\/\/tourtravelandmore.com\/es\/tours\/tailandia\/bangkok-es\/todos-los-tours-privados-es-8\/traslado-privado-aeropuerto-o-estacion-de-tren-singapur-copy\/\",\"name\":\"\u27a1\ufe0f Traslado privado: aeropuerto o estaci\u00f3n de tren - Bangkok | TT&M\",\"isPartOf\":{\"@id\":\"https:\/\/tourtravelandmore.com\/es\/#website\"},\"primaryImageOfPage\":{\"@id\":\"https:\/\/tourtravelandmore.com\/es\/tours\/tailandia\/bangkok-es\/todos-los-tours-privados-es-8\/traslado-privado-aeropuerto-o-estacion-de-tren-singapur-copy\/#primaryimage\"},\"image\":{\"@id\":\"https:\/\/tourtravelandmore.com\/es\/tours\/tailandia\/bangkok-es\/todos-los-tours-privados-es-8\/traslado-privado-aeropuerto-o-estacion-de-tren-singapur-copy\/#primaryimage\"},\"thumbnailUrl\":\"https:\/\/tourtravelandmore.com\/wp-content\/uploads\/2025\/07\/csm_airport-transfer_1_86c6f1c624.jpg\",\"datePublished\":\"2025-09-08T17:46:00+00:00\",\"dateModified\":\"2025-09-08T17:59:57+00:00\",\"description\":\"Traslado privado: aeropuerto o estaci\u00f3n de tren - Bangkok. Explore sus calles con este tour privado de d\u00eda completo con gu\u00eda y veh\u00edculo privado\u2705\",\"breadcrumb\":{\"@id\":\"https:\/\/tourtravelandmore.com\/es\/tours\/tailandia\/bangkok-es\/todos-los-tours-privados-es-8\/traslado-privado-aeropuerto-o-estacion-de-tren-singapur-copy\/#breadcrumb\"},\"inLanguage\":\"es\",\"potentialAction\":[{\"@type\":\"ReadAction\",\"target\":[\"https:\/\/tourtravelandmore.com\/es\/tours\/tailandia\/bangkok-es\/todos-los-tours-privados-es-8\/traslado-privado-aeropuerto-o-estacion-de-tren-singapur-copy\/\"]}]},{\"@type\":\"ImageObject\",\"inLanguage\":\"es\",\"@id\":\"https:\/\/tourtravelandmore.com\/es\/tours\/tailandia\/bangkok-es\/todos-los-tours-privados-es-8\/traslado-privado-aeropuerto-o-estacion-de-tren-singapur-copy\/#primaryimage\",\"url\":\"https:\/\/tourtravelandmore.com\/wp-content\/uploads\/2025\/07\/csm_airport-transfer_1_86c6f1c624.jpg\",\"contentUrl\":\"https:\/\/tourtravelandmore.com\/wp-content\/uploads\/2025\/07\/csm_airport-transfer_1_86c6f1c624.jpg\",\"width\":1920,\"height\":1080},{\"@type\":\"BreadcrumbList\",\"@id\":\"https:\/\/tourtravelandmore.com\/es\/tours\/tailandia\/bangkok-es\/todos-los-tours-privados-es-8\/traslado-privado-aeropuerto-o-estacion-de-tren-singapur-copy\/#breadcrumb\",\"itemListElement\":[{\"@type\":\"ListItem\",\"position\":1,\"name\":\"Home\",\"item\":\"https:\/\/tourtravelandmore.com\/es\/\"},{\"@type\":\"ListItem\",\"position\":2,\"name\":\"Tours\",\"item\":\"https:\/\/tourtravelandmore.com\/es\/tours\/\"},{\"@type\":\"ListItem\",\"position\":3,\"name\":\"Traslado privado: aeropuerto o estaci\u00f3n de tren &#8211; Bangkok\"}]},{\"@type\":\"WebSite\",\"@id\":\"https:\/\/tourtravelandmore.com\/es\/#website\",\"url\":\"https:\/\/tourtravelandmore.com\/es\/\",\"name\":\"Tour Travel And More\",\"description\":\"Private sightseeing tours and luxury transfers in Spain\",\"publisher\":{\"@id\":\"https:\/\/tourtravelandmore.com\/es\/#organization\"},\"potentialAction\":[{\"@type\":\"SearchAction\",\"target\":{\"@type\":\"EntryPoint\",\"urlTemplate\":\"https:\/\/tourtravelandmore.com\/es\/?s={search_term_string}\"},\"query-input\":{\"@type\":\"PropertyValueSpecification\",\"valueRequired\":true,\"valueName\":\"search_term_string\"}}],\"inLanguage\":\"es\"},{\"@type\":\"Organization\",\"@id\":\"https:\/\/tourtravelandmore.com\/es\/#organization\",\"name\":\"Tour Travel And More\",\"url\":\"https:\/\/tourtravelandmore.com\/es\/\",\"logo\":{\"@type\":\"ImageObject\",\"inLanguage\":\"es\",\"@id\":\"https:\/\/tourtravelandmore.com\/es\/#\/schema\/logo\/image\/\",\"url\":\"https:\/\/tourtravelandmore.com\/wp-content\/uploads\/2022\/12\/cropped-logo-cabecera-new.png\",\"contentUrl\":\"https:\/\/tourtravelandmore.com\/wp-content\/uploads\/2022\/12\/cropped-logo-cabecera-new.png\",\"width\":430,\"height\":61,\"caption\":\"Tour Travel And More\"},\"image\":{\"@id\":\"https:\/\/tourtravelandmore.com\/es\/#\/schema\/logo\/image\/\"},\"sameAs\":[\"https:\/\/www.facebook.com\/tourtravelandmore\/\",\"https:\/\/x.com\/TourTravel_More\"]}]}<\/script>\n<!-- \/ Yoast SEO Premium plugin. -->","yoast_head_json":{"title":"\u27a1\ufe0f Traslado privado: aeropuerto o estaci\u00f3n de tren - Bangkok | TT&M","description":"Traslado privado: aeropuerto o estaci\u00f3n de tren - Bangkok. Explore sus calles con este tour privado de d\u00eda completo con gu\u00eda y veh\u00edculo privado\u2705","robots":{"index":"index","follow":"follow","max-snippet":"max-snippet:-1","max-image-preview":"max-image-preview:large","max-video-preview":"max-video-preview:-1"},"canonical":"https:\/\/tourtravelandmore.com\/es\/tours\/tailandia\/bangkok-es\/todos-los-tours-privados-es-8\/traslado-privado-aeropuerto-o-estacion-de-tren-singapur-copy\/","og_locale":"es_ES","og_type":"article","og_title":"Traslado privado: aeropuerto o estaci\u00f3n de tren - Bangkok","og_description":"Traslado privado: aeropuerto o estaci\u00f3n de tren - Bangkok. Explore sus calles con este tour privado de d\u00eda completo con gu\u00eda y veh\u00edculo privado\u2705","og_url":"https:\/\/tourtravelandmore.com\/es\/tours\/tailandia\/bangkok-es\/todos-los-tours-privados-es-8\/traslado-privado-aeropuerto-o-estacion-de-tren-singapur-copy\/","og_site_name":"Tour Travel And More","article_publisher":"https:\/\/www.facebook.com\/tourtravelandmore\/","article_modified_time":"2025-09-08T17:59:57+00:00","og_image":[{"width":1920,"height":1080,"url":"https:\/\/tourtravelandmore.com\/wp-content\/uploads\/2025\/07\/csm_airport-transfer_1_86c6f1c624.jpg","type":"image\/jpeg"}],"twitter_card":"summary_large_image","twitter_site":"@TourTravel_More","twitter_misc":{"Tiempo de lectura":"2 minutos"},"schema":{"@context":"https:\/\/schema.org","@graph":[{"@type":"WebPage","@id":"https:\/\/tourtravelandmore.com\/es\/tours\/tailandia\/bangkok-es\/todos-los-tours-privados-es-8\/traslado-privado-aeropuerto-o-estacion-de-tren-singapur-copy\/","url":"https:\/\/tourtravelandmore.com\/es\/tours\/tailandia\/bangkok-es\/todos-los-tours-privados-es-8\/traslado-privado-aeropuerto-o-estacion-de-tren-singapur-copy\/","name":"\u27a1\ufe0f Traslado privado: aeropuerto o estaci\u00f3n de tren - Bangkok | TT&M","isPartOf":{"@id":"https:\/\/tourtravelandmore.com\/es\/#website"},"primaryImageOfPage":{"@id":"https:\/\/tourtravelandmore.com\/es\/tours\/tailandia\/bangkok-es\/todos-los-tours-privados-es-8\/traslado-privado-aeropuerto-o-estacion-de-tren-singapur-copy\/#primaryimage"},"image":{"@id":"https:\/\/tourtravelandmore.com\/es\/tours\/tailandia\/bangkok-es\/todos-los-tours-privados-es-8\/traslado-privado-aeropuerto-o-estacion-de-tren-singapur-copy\/#primaryimage"},"thumbnailUrl":"https:\/\/tourtravelandmore.com\/wp-content\/uploads\/2025\/07\/csm_airport-transfer_1_86c6f1c624.jpg","datePublished":"2025-09-08T17:46:00+00:00","dateModified":"2025-09-08T17:59:57+00:00","description":"Traslado privado: aeropuerto o estaci\u00f3n de tren - Bangkok. Explore sus calles con este tour privado de d\u00eda completo con gu\u00eda y veh\u00edculo privado\u2705","breadcrumb":{"@id":"https:\/\/tourtravelandmore.com\/es\/tours\/tailandia\/bangkok-es\/todos-los-tours-privados-es-8\/traslado-privado-aeropuerto-o-estacion-de-tren-singapur-copy\/#breadcrumb"},"inLanguage":"es","potentialAction":[{"@type":"ReadAction","target":["https:\/\/tourtravelandmore.com\/es\/tours\/tailandia\/bangkok-es\/todos-los-tours-privados-es-8\/traslado-privado-aeropuerto-o-estacion-de-tren-singapur-copy\/"]}]},{"@type":"ImageObject","inLanguage":"es","@id":"https:\/\/tourtravelandmore.com\/es\/tours\/tailandia\/bangkok-es\/todos-los-tours-privados-es-8\/traslado-privado-aeropuerto-o-estacion-de-tren-singapur-copy\/#primaryimage","url":"https:\/\/tourtravelandmore.com\/wp-content\/uploads\/2025\/07\/csm_airport-transfer_1_86c6f1c624.jpg","contentUrl":"https:\/\/tourtravelandmore.com\/wp-content\/uploads\/2025\/07\/csm_airport-transfer_1_86c6f1c624.jpg","width":1920,"height":1080},{"@type":"BreadcrumbList","@id":"https:\/\/tourtravelandmore.com\/es\/tours\/tailandia\/bangkok-es\/todos-los-tours-privados-es-8\/traslado-privado-aeropuerto-o-estacion-de-tren-singapur-copy\/#breadcrumb","itemListElement":[{"@type":"ListItem","position":1,"name":"Home","item":"https:\/\/tourtravelandmore.com\/es\/"},{"@type":"ListItem","position":2,"name":"Tours","item":"https:\/\/tourtravelandmore.com\/es\/tours\/"},{"@type":"ListItem","position":3,"name":"Traslado privado: aeropuerto o estaci\u00f3n de tren &#8211; Bangkok"}]},{"@type":"WebSite","@id":"https:\/\/tourtravelandmore.com\/es\/#website","url":"https:\/\/tourtravelandmore.com\/es\/","name":"Tour Travel And More","description":"Private sightseeing tours and luxury transfers in Spain","publisher":{"@id":"https:\/\/tourtravelandmore.com\/es\/#organization"},"potentialAction":[{"@type":"SearchAction","target":{"@type":"EntryPoint","urlTemplate":"https:\/\/tourtravelandmore.com\/es\/?s={search_term_string}"},"query-input":{"@type":"PropertyValueSpecification","valueRequired":true,"valueName":"search_term_string"}}],"inLanguage":"es"},{"@type":"Organization","@id":"https:\/\/tourtravelandmore.com\/es\/#organization","name":"Tour Travel And More","url":"https:\/\/tourtravelandmore.com\/es\/","logo":{"@type":"ImageObject","inLanguage":"es","@id":"https:\/\/tourtravelandmore.com\/es\/#\/schema\/logo\/image\/","url":"https:\/\/tourtravelandmore.com\/wp-content\/uploads\/2022\/12\/cropped-logo-cabecera-new.png","contentUrl":"https:\/\/tourtravelandmore.com\/wp-content\/uploads\/2022\/12\/cropped-logo-cabecera-new.png","width":430,"height":61,"caption":"Tour Travel And More"},"image":{"@id":"https:\/\/tourtravelandmore.com\/es\/#\/schema\/logo\/image\/"},"sameAs":["https:\/\/www.facebook.com\/tourtravelandmore\/","https:\/\/x.com\/TourTravel_More"]}]}},"_links":{"self":[{"href":"https:\/\/tourtravelandmore.com\/es\/wp-json\/wp\/v2\/product\/186891","targetHints":{"allow":["GET"]}}],"collection":[{"href":"https:\/\/tourtravelandmore.com\/es\/wp-json\/wp\/v2\/product"}],"about":[{"href":"https:\/\/tourtravelandmore.com\/es\/wp-json\/wp\/v2\/types\/product"}],"replies":[{"embeddable":true,"href":"https:\/\/tourtravelandmore.com\/es\/wp-json\/wp\/v2\/comments?post=186891"}],"wp:featuredmedia":[{"embeddable":true,"href":"https:\/\/tourtravelandmore.com\/es\/wp-json\/wp\/v2\/media\/185167"}],"wp:attachment":[{"href":"https:\/\/tourtravelandmore.com\/es\/wp-json\/wp\/v2\/media?parent=186891"}],"wp:term":[{"taxonomy":"product_brand","embeddable":true,"href":"https:\/\/tourtravelandmore.com\/es\/wp-json\/wp\/v2\/product_brand?post=186891"},{"taxonomy":"product_cat","embeddable":true,"href":"https:\/\/tourtravelandmore.com\/es\/wp-json\/wp\/v2\/product_cat?post=186891"},{"taxonomy":"product_tag","embeddable":true,"href":"https:\/\/tourtravelandmore.com\/es\/wp-json\/wp\/v2\/product_tag?post=186891"}],"curies":[{"name":"wp","href":"https:\/\/api.w.org\/{rel}","templated":true}]}}