{"id":186860,"date":"2025-09-08T17:47:17","date_gmt":"2025-09-08T15:47:18","guid":{"rendered":"https:\/\/tourtravelandmore.com\/?post_type=product&#038;p=186860"},"modified":"2025-09-08T19:36:20","modified_gmt":"2025-09-08T17:36:20","slug":"tour-privado-a-kanchanaburi-y-al-rio-kwai-desde-bangkok-copy","status":"publish","type":"product","link":"https:\/\/tourtravelandmore.com\/es\/tours\/tailandia\/bangkok-es\/todos-los-tours-privados-es-8\/tour-privado-a-kanchanaburi-y-al-rio-kwai-desde-bangkok-copy\/","title":{"rendered":"Tour privado en bicicleta por los senderos ocultos de Bangkok"},"content":{"rendered":"<h2>Descripci\u00f3n | Tour privado en bicicleta por los senderos ocultos de Bangkok<\/h2>\n<p>\u00danase a nosotros en un exclusivo <b>tour privado en bicicleta por los senderos ocultos de Bangkok<\/b>, donde descubrir\u00e1 una faceta de la ciudad que la mayor\u00eda de los visitantes nunca ven. Guiado por un experto local, esta experiencia le alejar\u00e1 de las concurridas calles y le llevar\u00e1 por tranquilos senderos, exuberantes canales y vibrantes barrios llenos de encanto.<\/p>\n<p>Su viaje comienza en un c\u00f3modo punto de encuentro donde le esperar\u00e1n su gu\u00eda privado y las bicicletas. Pedalee por tranquilas callejuelas y disfrute de la aut\u00e9ntica vida cotidiana de las comunidades de Bangkok. Pasar\u00e1 por coloridos mercados locales, templos budistas y casas de madera construidas a lo largo de los canales. Este tranquilo paseo le permitir\u00e1 conectar con el ritmo de la ciudad, lejos de las multitudes.<\/p>\n<p>A medida que avanza el recorrido, descubrir\u00e1 zonas verdes y rincones ocultos que revelan el equilibrio entre la modernidad y la tradici\u00f3n de Bangkok. Con paradas regulares para hacer fotos y contar historias, su gu\u00eda se asegurar\u00e1 de que disfrute tanto de los aspectos culturales m\u00e1s destacados como de momentos de relax. Este tour privado en bicicleta est\u00e1 dise\u00f1ado para todos los niveles y combina un suave paseo en bicicleta con encuentros aut\u00e9nticos de una forma segura y atractiva.<\/p>\n<h2>Aspectos destacados<\/h2>\n<ul>\n<li><b>Barrios locales<\/b>: descubra la aut\u00e9ntica vida de Bangkok fuera de los circuitos habituales.<\/li>\n<li><b>Canales tranquilos<\/b>: pedalee junto a serenos cursos de agua.<\/li>\n<li><b>Templos ocultos<\/b>: Visite santuarios budistas menos conocidos.<\/li>\n<li><b>Paradas para hacer fotos<\/b>: Capture perspectivas \u00fanicas de la ciudad.<\/li>\n<li><b>Experiencia privada<\/b>: Ritmo personalizado con un gu\u00eda personal.<\/li>\n<\/ul>\n<p>M\u00e1s informaci\u00f3n sobre <a href=\"https:\/\/www.tourismthailand.org\/Articles\/Bangkok-Cycling-Routes\">ciclismo en Bangkok<\/a><\/p>\n<p>Descubra m\u00e1s sobre nuestros <a href=\"https:\/\/tourtravelandmore.com\/\">tours privados en Bangkok<\/a><\/p>\n<p>Concluya su <b>tour privado en bicicleta por los senderos ocultos de Bangkok<\/b> con una sensaci\u00f3n de descubrimiento y conexi\u00f3n, despu\u00e9s de haber explorado la ciudad de la forma m\u00e1s aut\u00e9ntica y ecol\u00f3gica posible.<\/p>\n","protected":false},"excerpt":{"rendered":"<p>\u00danase a nosotros en un exclusivo <b>tour privado en bicicleta por los senderos ocultos de Bangkok<\/b>, donde descubrir\u00e1 una faceta de la ciudad que la mayor\u00eda de los visitantes nunca ven. Guiado por un experto local, esta experiencia le alejar\u00e1 de las concurridas calles y le llevar\u00e1 por tranquilos senderos, exuberantes canales y vibrantes barrios llenos de encanto.<\/p>\n","protected":false},"featured_media":186879,"comment_status":"open","ping_status":"closed","template":"","meta":{"_acf_changed":false},"product_brand":[],"product_cat":[5593,5590,5596],"product_tag":[],"class_list":{"0":"post-186860","1":"product","2":"type-product","3":"status-publish","4":"has-post-thumbnail","6":"product_cat-bangkok-es","7":"product_cat-tailandia","8":"product_cat-todos-los-tours-privados-es-8","10":"first","11":"instock","12":"shipping-taxable","13":"purchasable","14":"product-type-simple"},"acf":[],"yoast_head":"<!-- This site is optimized with the Yoast SEO Premium plugin v25.3.1 (Yoast SEO v25.3.1) - https:\/\/yoast.com\/wordpress\/plugins\/seo\/ -->\n<title>\u27a1\ufe0f Tour privado en bicicleta por los senderos ocultos de Bangkok | TT&amp;M<\/title>\n<meta name=\"description\" content=\"Tour privado en bicicleta por los senderos ocultos de Bangkok. Explore sus calles con este tour privado de d\u00eda completo con gu\u00eda y veh\u00edculo privado\u2705\" \/>\n<meta name=\"robots\" content=\"index, follow, max-snippet:-1, max-image-preview:large, max-video-preview:-1\" \/>\n<link rel=\"canonical\" href=\"https:\/\/tourtravelandmore.com\/es\/tours\/tailandia\/bangkok-es\/todos-los-tours-privados-es-8\/tour-privado-a-kanchanaburi-y-al-rio-kwai-desde-bangkok-copy\/\" \/>\n<meta property=\"og:locale\" content=\"es_ES\" \/>\n<meta property=\"og:type\" content=\"article\" \/>\n<meta property=\"og:title\" content=\"Tour privado en bicicleta por los senderos ocultos de Bangkok\" \/>\n<meta property=\"og:description\" content=\"Tour privado en bicicleta por los senderos ocultos de Bangkok. Explore sus calles con este tour privado de d\u00eda completo con gu\u00eda y veh\u00edculo privado\u2705\" \/>\n<meta property=\"og:url\" content=\"https:\/\/tourtravelandmore.com\/es\/tours\/tailandia\/bangkok-es\/todos-los-tours-privados-es-8\/tour-privado-a-kanchanaburi-y-al-rio-kwai-desde-bangkok-copy\/\" \/>\n<meta property=\"og:site_name\" content=\"Tour Travel And More\" \/>\n<meta property=\"article:publisher\" content=\"https:\/\/www.facebook.com\/tourtravelandmore\/\" \/>\n<meta property=\"article:modified_time\" content=\"2025-09-08T17:36:20+00:00\" \/>\n<meta property=\"og:image\" content=\"https:\/\/tourtravelandmore.com\/wp-content\/uploads\/2025\/09\/bikes-7681871_1280.jpg\" \/>\n\t<meta property=\"og:image:width\" content=\"1280\" \/>\n\t<meta property=\"og:image:height\" content=\"853\" \/>\n\t<meta property=\"og:image:type\" content=\"image\/jpeg\" \/>\n<meta name=\"twitter:card\" content=\"summary_large_image\" \/>\n<meta name=\"twitter:site\" content=\"@TourTravel_More\" \/>\n<meta name=\"twitter:label1\" content=\"Tiempo de lectura\" \/>\n\t<meta name=\"twitter:data1\" content=\"2 minutos\" \/>\n<script type=\"application\/ld+json\" class=\"yoast-schema-graph\">{\"@context\":\"https:\/\/schema.org\",\"@graph\":[{\"@type\":\"WebPage\",\"@id\":\"https:\/\/tourtravelandmore.com\/es\/tours\/tailandia\/bangkok-es\/todos-los-tours-privados-es-8\/tour-privado-a-kanchanaburi-y-al-rio-kwai-desde-bangkok-copy\/\",\"url\":\"https:\/\/tourtravelandmore.com\/es\/tours\/tailandia\/bangkok-es\/todos-los-tours-privados-es-8\/tour-privado-a-kanchanaburi-y-al-rio-kwai-desde-bangkok-copy\/\",\"name\":\"\u27a1\ufe0f Tour privado en bicicleta por los senderos ocultos de Bangkok | TT&M\",\"isPartOf\":{\"@id\":\"https:\/\/tourtravelandmore.com\/es\/#website\"},\"primaryImageOfPage\":{\"@id\":\"https:\/\/tourtravelandmore.com\/es\/tours\/tailandia\/bangkok-es\/todos-los-tours-privados-es-8\/tour-privado-a-kanchanaburi-y-al-rio-kwai-desde-bangkok-copy\/#primaryimage\"},\"image\":{\"@id\":\"https:\/\/tourtravelandmore.com\/es\/tours\/tailandia\/bangkok-es\/todos-los-tours-privados-es-8\/tour-privado-a-kanchanaburi-y-al-rio-kwai-desde-bangkok-copy\/#primaryimage\"},\"thumbnailUrl\":\"https:\/\/tourtravelandmore.com\/wp-content\/uploads\/2025\/09\/bikes-7681871_1280.jpg\",\"datePublished\":\"2025-09-08T15:47:18+00:00\",\"dateModified\":\"2025-09-08T17:36:20+00:00\",\"description\":\"Tour privado en bicicleta por los senderos ocultos de Bangkok. Explore sus calles con este tour privado de d\u00eda completo con gu\u00eda y veh\u00edculo privado\u2705\",\"breadcrumb\":{\"@id\":\"https:\/\/tourtravelandmore.com\/es\/tours\/tailandia\/bangkok-es\/todos-los-tours-privados-es-8\/tour-privado-a-kanchanaburi-y-al-rio-kwai-desde-bangkok-copy\/#breadcrumb\"},\"inLanguage\":\"es\",\"potentialAction\":[{\"@type\":\"ReadAction\",\"target\":[\"https:\/\/tourtravelandmore.com\/es\/tours\/tailandia\/bangkok-es\/todos-los-tours-privados-es-8\/tour-privado-a-kanchanaburi-y-al-rio-kwai-desde-bangkok-copy\/\"]}]},{\"@type\":\"ImageObject\",\"inLanguage\":\"es\",\"@id\":\"https:\/\/tourtravelandmore.com\/es\/tours\/tailandia\/bangkok-es\/todos-los-tours-privados-es-8\/tour-privado-a-kanchanaburi-y-al-rio-kwai-desde-bangkok-copy\/#primaryimage\",\"url\":\"https:\/\/tourtravelandmore.com\/wp-content\/uploads\/2025\/09\/bikes-7681871_1280.jpg\",\"contentUrl\":\"https:\/\/tourtravelandmore.com\/wp-content\/uploads\/2025\/09\/bikes-7681871_1280.jpg\",\"width\":1280,\"height\":853},{\"@type\":\"BreadcrumbList\",\"@id\":\"https:\/\/tourtravelandmore.com\/es\/tours\/tailandia\/bangkok-es\/todos-los-tours-privados-es-8\/tour-privado-a-kanchanaburi-y-al-rio-kwai-desde-bangkok-copy\/#breadcrumb\",\"itemListElement\":[{\"@type\":\"ListItem\",\"position\":1,\"name\":\"Home\",\"item\":\"https:\/\/tourtravelandmore.com\/es\/\"},{\"@type\":\"ListItem\",\"position\":2,\"name\":\"Tours\",\"item\":\"https:\/\/tourtravelandmore.com\/es\/tours\/\"},{\"@type\":\"ListItem\",\"position\":3,\"name\":\"Tour privado en bicicleta por los senderos ocultos de Bangkok\"}]},{\"@type\":\"WebSite\",\"@id\":\"https:\/\/tourtravelandmore.com\/es\/#website\",\"url\":\"https:\/\/tourtravelandmore.com\/es\/\",\"name\":\"Tour Travel And More\",\"description\":\"Private sightseeing tours and luxury transfers in Spain\",\"publisher\":{\"@id\":\"https:\/\/tourtravelandmore.com\/es\/#organization\"},\"potentialAction\":[{\"@type\":\"SearchAction\",\"target\":{\"@type\":\"EntryPoint\",\"urlTemplate\":\"https:\/\/tourtravelandmore.com\/es\/?s={search_term_string}\"},\"query-input\":{\"@type\":\"PropertyValueSpecification\",\"valueRequired\":true,\"valueName\":\"search_term_string\"}}],\"inLanguage\":\"es\"},{\"@type\":\"Organization\",\"@id\":\"https:\/\/tourtravelandmore.com\/es\/#organization\",\"name\":\"Tour Travel And More\",\"url\":\"https:\/\/tourtravelandmore.com\/es\/\",\"logo\":{\"@type\":\"ImageObject\",\"inLanguage\":\"es\",\"@id\":\"https:\/\/tourtravelandmore.com\/es\/#\/schema\/logo\/image\/\",\"url\":\"https:\/\/tourtravelandmore.com\/wp-content\/uploads\/2022\/12\/cropped-logo-cabecera-new.png\",\"contentUrl\":\"https:\/\/tourtravelandmore.com\/wp-content\/uploads\/2022\/12\/cropped-logo-cabecera-new.png\",\"width\":430,\"height\":61,\"caption\":\"Tour Travel And More\"},\"image\":{\"@id\":\"https:\/\/tourtravelandmore.com\/es\/#\/schema\/logo\/image\/\"},\"sameAs\":[\"https:\/\/www.facebook.com\/tourtravelandmore\/\",\"https:\/\/x.com\/TourTravel_More\"]}]}<\/script>\n<!-- \/ Yoast SEO Premium plugin. -->","yoast_head_json":{"title":"\u27a1\ufe0f Tour privado en bicicleta por los senderos ocultos de Bangkok | TT&M","description":"Tour privado en bicicleta por los senderos ocultos de Bangkok. Explore sus calles con este tour privado de d\u00eda completo con gu\u00eda y veh\u00edculo privado\u2705","robots":{"index":"index","follow":"follow","max-snippet":"max-snippet:-1","max-image-preview":"max-image-preview:large","max-video-preview":"max-video-preview:-1"},"canonical":"https:\/\/tourtravelandmore.com\/es\/tours\/tailandia\/bangkok-es\/todos-los-tours-privados-es-8\/tour-privado-a-kanchanaburi-y-al-rio-kwai-desde-bangkok-copy\/","og_locale":"es_ES","og_type":"article","og_title":"Tour privado en bicicleta por los senderos ocultos de Bangkok","og_description":"Tour privado en bicicleta por los senderos ocultos de Bangkok. Explore sus calles con este tour privado de d\u00eda completo con gu\u00eda y veh\u00edculo privado\u2705","og_url":"https:\/\/tourtravelandmore.com\/es\/tours\/tailandia\/bangkok-es\/todos-los-tours-privados-es-8\/tour-privado-a-kanchanaburi-y-al-rio-kwai-desde-bangkok-copy\/","og_site_name":"Tour Travel And More","article_publisher":"https:\/\/www.facebook.com\/tourtravelandmore\/","article_modified_time":"2025-09-08T17:36:20+00:00","og_image":[{"width":1280,"height":853,"url":"https:\/\/tourtravelandmore.com\/wp-content\/uploads\/2025\/09\/bikes-7681871_1280.jpg","type":"image\/jpeg"}],"twitter_card":"summary_large_image","twitter_site":"@TourTravel_More","twitter_misc":{"Tiempo de lectura":"2 minutos"},"schema":{"@context":"https:\/\/schema.org","@graph":[{"@type":"WebPage","@id":"https:\/\/tourtravelandmore.com\/es\/tours\/tailandia\/bangkok-es\/todos-los-tours-privados-es-8\/tour-privado-a-kanchanaburi-y-al-rio-kwai-desde-bangkok-copy\/","url":"https:\/\/tourtravelandmore.com\/es\/tours\/tailandia\/bangkok-es\/todos-los-tours-privados-es-8\/tour-privado-a-kanchanaburi-y-al-rio-kwai-desde-bangkok-copy\/","name":"\u27a1\ufe0f Tour privado en bicicleta por los senderos ocultos de Bangkok | TT&M","isPartOf":{"@id":"https:\/\/tourtravelandmore.com\/es\/#website"},"primaryImageOfPage":{"@id":"https:\/\/tourtravelandmore.com\/es\/tours\/tailandia\/bangkok-es\/todos-los-tours-privados-es-8\/tour-privado-a-kanchanaburi-y-al-rio-kwai-desde-bangkok-copy\/#primaryimage"},"image":{"@id":"https:\/\/tourtravelandmore.com\/es\/tours\/tailandia\/bangkok-es\/todos-los-tours-privados-es-8\/tour-privado-a-kanchanaburi-y-al-rio-kwai-desde-bangkok-copy\/#primaryimage"},"thumbnailUrl":"https:\/\/tourtravelandmore.com\/wp-content\/uploads\/2025\/09\/bikes-7681871_1280.jpg","datePublished":"2025-09-08T15:47:18+00:00","dateModified":"2025-09-08T17:36:20+00:00","description":"Tour privado en bicicleta por los senderos ocultos de Bangkok. Explore sus calles con este tour privado de d\u00eda completo con gu\u00eda y veh\u00edculo privado\u2705","breadcrumb":{"@id":"https:\/\/tourtravelandmore.com\/es\/tours\/tailandia\/bangkok-es\/todos-los-tours-privados-es-8\/tour-privado-a-kanchanaburi-y-al-rio-kwai-desde-bangkok-copy\/#breadcrumb"},"inLanguage":"es","potentialAction":[{"@type":"ReadAction","target":["https:\/\/tourtravelandmore.com\/es\/tours\/tailandia\/bangkok-es\/todos-los-tours-privados-es-8\/tour-privado-a-kanchanaburi-y-al-rio-kwai-desde-bangkok-copy\/"]}]},{"@type":"ImageObject","inLanguage":"es","@id":"https:\/\/tourtravelandmore.com\/es\/tours\/tailandia\/bangkok-es\/todos-los-tours-privados-es-8\/tour-privado-a-kanchanaburi-y-al-rio-kwai-desde-bangkok-copy\/#primaryimage","url":"https:\/\/tourtravelandmore.com\/wp-content\/uploads\/2025\/09\/bikes-7681871_1280.jpg","contentUrl":"https:\/\/tourtravelandmore.com\/wp-content\/uploads\/2025\/09\/bikes-7681871_1280.jpg","width":1280,"height":853},{"@type":"BreadcrumbList","@id":"https:\/\/tourtravelandmore.com\/es\/tours\/tailandia\/bangkok-es\/todos-los-tours-privados-es-8\/tour-privado-a-kanchanaburi-y-al-rio-kwai-desde-bangkok-copy\/#breadcrumb","itemListElement":[{"@type":"ListItem","position":1,"name":"Home","item":"https:\/\/tourtravelandmore.com\/es\/"},{"@type":"ListItem","position":2,"name":"Tours","item":"https:\/\/tourtravelandmore.com\/es\/tours\/"},{"@type":"ListItem","position":3,"name":"Tour privado en bicicleta por los senderos ocultos de Bangkok"}]},{"@type":"WebSite","@id":"https:\/\/tourtravelandmore.com\/es\/#website","url":"https:\/\/tourtravelandmore.com\/es\/","name":"Tour Travel And More","description":"Private sightseeing tours and luxury transfers in Spain","publisher":{"@id":"https:\/\/tourtravelandmore.com\/es\/#organization"},"potentialAction":[{"@type":"SearchAction","target":{"@type":"EntryPoint","urlTemplate":"https:\/\/tourtravelandmore.com\/es\/?s={search_term_string}"},"query-input":{"@type":"PropertyValueSpecification","valueRequired":true,"valueName":"search_term_string"}}],"inLanguage":"es"},{"@type":"Organization","@id":"https:\/\/tourtravelandmore.com\/es\/#organization","name":"Tour Travel And More","url":"https:\/\/tourtravelandmore.com\/es\/","logo":{"@type":"ImageObject","inLanguage":"es","@id":"https:\/\/tourtravelandmore.com\/es\/#\/schema\/logo\/image\/","url":"https:\/\/tourtravelandmore.com\/wp-content\/uploads\/2022\/12\/cropped-logo-cabecera-new.png","contentUrl":"https:\/\/tourtravelandmore.com\/wp-content\/uploads\/2022\/12\/cropped-logo-cabecera-new.png","width":430,"height":61,"caption":"Tour Travel And More"},"image":{"@id":"https:\/\/tourtravelandmore.com\/es\/#\/schema\/logo\/image\/"},"sameAs":["https:\/\/www.facebook.com\/tourtravelandmore\/","https:\/\/x.com\/TourTravel_More"]}]}},"_links":{"self":[{"href":"https:\/\/tourtravelandmore.com\/es\/wp-json\/wp\/v2\/product\/186860","targetHints":{"allow":["GET"]}}],"collection":[{"href":"https:\/\/tourtravelandmore.com\/es\/wp-json\/wp\/v2\/product"}],"about":[{"href":"https:\/\/tourtravelandmore.com\/es\/wp-json\/wp\/v2\/types\/product"}],"replies":[{"embeddable":true,"href":"https:\/\/tourtravelandmore.com\/es\/wp-json\/wp\/v2\/comments?post=186860"}],"wp:featuredmedia":[{"embeddable":true,"href":"https:\/\/tourtravelandmore.com\/es\/wp-json\/wp\/v2\/media\/186879"}],"wp:attachment":[{"href":"https:\/\/tourtravelandmore.com\/es\/wp-json\/wp\/v2\/media?parent=186860"}],"wp:term":[{"taxonomy":"product_brand","embeddable":true,"href":"https:\/\/tourtravelandmore.com\/es\/wp-json\/wp\/v2\/product_brand?post=186860"},{"taxonomy":"product_cat","embeddable":true,"href":"https:\/\/tourtravelandmore.com\/es\/wp-json\/wp\/v2\/product_cat?post=186860"},{"taxonomy":"product_tag","embeddable":true,"href":"https:\/\/tourtravelandmore.com\/es\/wp-json\/wp\/v2\/product_tag?post=186860"}],"curies":[{"name":"wp","href":"https:\/\/api.w.org\/{rel}","templated":true}]}}